{"id":1880738,"date":"2026-04-12T10:31:27","date_gmt":"2026-04-12T08:31:27","guid":{"rendered":"https:\/\/dev6.erresse-shop.it\/shop\/sin%20categor\u00eda\/joseph-joseph-tabla-de-planchar-plegable-verde\/"},"modified":"2025-07-04T23:06:40","modified_gmt":"2025-07-04T21:06:40","slug":"joseph-joseph-tabla-de-planchar-plegable-verde","status":"publish","type":"product","link":"https:\/\/dev6.erresse-shop.it\/es\/shop\/mobiliario\/tablas-de-planchar\/joseph-joseph-tabla-de-planchar-plegable-verde\/","title":{"rendered":"JOSEPH JOSEPH Tabla de planchar plegable Verde"},"content":{"rendered":"<p>La lavander\u00eda innovadora se une al dise\u00f1o personalizado en la colecci\u00f3n Joseph Joseph x Jonathan Lawes.<\/p>\n<p>Dise\u00f1o plegable compacto.<\/p>\n<p>Compartimento integrado para la plancha.<\/p>\n<p>Incluye un gancho para colgar la ropa que facilita su almacenamiento.<\/p>\n<p>Forro de algod\u00f3n 100% f\u00e1cil de cambiar con base acolchada.<\/p>\n<p>Amplia superficie de planchado.<\/p>\n<p>Cuidado y uso:<\/p>\n<p>Montaje en pared: se suministran un soporte, tornillos y tacos para montar Pocket en una superficie adecuada.<\/p>\n<p>Forro: limpiar s\u00f3lo con un pa\u00f1o, no lavar a m\u00e1quina<\/p>\n<p>Armaz\u00f3n: limpiar con un pa\u00f1o h\u00famedo, no utilizar pa\u00f1os abrasivos ni limpiadores qu\u00edmicos fuertes<\/p>\n<p>Precauci\u00f3n: deje que la plancha se enfr\u00ede a temperatura ambiente antes de guardarla en el compartimento de almacenamiento<\/p>\n<p>Aseg\u00farese de que la funda est\u00e9 seca antes de plegarla y guardarla<\/p>\n<p>Mantenga a los ni\u00f1os alejados de la tabla de planchar durante su uso y gu\u00e1rdela de forma segura despu\u00e9s de utilizarla<\/p>\n<p>Marco garantizado durante 5 a\u00f1os contra defectos de fabricaci\u00f3n, todos los detalles se pueden encontrar en nuestra p\u00e1gina de garant\u00eda aqu\u00ed , todas las dem\u00e1s partes garantizadas por 2 a\u00f1os<\/p>\n<p>Plancha no incluida<\/p>\n<p>Encuentre el v\u00eddeo completo sobre la sustituci\u00f3n de la cubierta aqu\u00ed<\/p>\n<p>Encuentre el folleto de instrucciones completo aqu\u00ed<\/p>\n<p>Dimensiones:<\/p>\n<p>Cerrado: H45.5 x W34 x D15.5 cm (H18 x W13\u00bd x D6\u00bc pulgadas)<\/p>\n<p>Superficie de planchado: H90 x W33 cm (H35\u00bd x W13 pulgadas)<\/p>\n<p>Cuando est\u00e1 abierta, la superficie de planchado est\u00e1 a 11 cm del tablero de la mesa<\/p>\n<p>Peso: 2,62 kg<\/p>\n","protected":false},"excerpt":{"rendered":"<p>La lavander\u00eda innovadora se une al dise\u00f1o personalizado en la colecci\u00f3n Joseph Joseph x Jonathan Lawes. Dise\u00f1o plegable compacto. Compartimento integrado para la plancha. Incluye un gancho para colgar la ropa que facilita su almacenamiento. Forro de algod\u00f3n 100% f\u00e1cil de cambiar con base acolchada. Amplia superficie de planchado. Cuidado y uso: Montaje en pared: [&hellip;]<\/p>\n","protected":false},"featured_media":6366474,"template":"","meta":{"_acf_changed":false},"product_cat":[11666,11882,11923],"product_tag":[],"class_list":{"0":"post-1880738","1":"product","2":"type-product","3":"status-publish","4":"has-post-thumbnail","6":"product_cat-arredamento-casa","7":"product_cat-mobiliario","8":"product_cat-tablas-de-planchar","10":"first","11":"instock","12":"sale","13":"taxable","14":"shipping-taxable","15":"purchasable","16":"product-type-simple","swatches":"rey-swatches","show_selected":"","stretch_labels":"rey-swatches--stretch-labels"},"acf":[],"yoast_head":"<!-- This site is optimized with the Yoast SEO plugin v25.4 - https:\/\/yoast.com\/wordpress\/plugins\/seo\/ -->\n<title>JOSEPH JOSEPH Tabla de planchar plegable Verde - dev6 Erresse<\/title>\n<meta name=\"description\" content=\"La lavander\u00eda innovadora se une al dise\u00f1o personalizado en la colecci\u00f3n Joseph Joseph x Jonathan Lawes. Dise\u00f1o plegable compacto. Compartimento integrado\" \/>\n<meta name=\"robots\" content=\"noindex, follow, max-snippet:-1, max-image-preview:large, max-video-preview:-1\" \/>\n<meta property=\"og:locale\" content=\"es_ES\" \/>\n<meta property=\"og:type\" content=\"article\" \/>\n<meta property=\"og:title\" content=\"JOSEPH JOSEPH Tabla de planchar plegable Verde - dev6 Erresse\" \/>\n<meta property=\"og:description\" content=\"La lavander\u00eda innovadora se une al dise\u00f1o personalizado en la colecci\u00f3n Joseph Joseph x Jonathan Lawes. Dise\u00f1o plegable compacto. Compartimento integrado\" \/>\n<meta property=\"og:url\" content=\"https:\/\/dev6.erresse-shop.it\/es\/shop\/mobiliario\/tablas-de-planchar\/joseph-joseph-tabla-de-planchar-plegable-verde\/\" \/>\n<meta property=\"og:site_name\" content=\"dev6 Erresse\" \/>\n<meta property=\"og:image\" content=\"https:\/\/interpim.erresse-shop.it\/Import\/Prodotti\/joseph-joseph-asse-da-stiro-pieghevole-verde.jpg\" \/><meta property=\"og:image\" content=\"https:\/\/interpim.erresse-shop.it\/Import\/Prodotti\/joseph-joseph-asse-da-stiro-pieghevole-verde.jpg\" \/>\n\t<meta property=\"og:image:width\" content=\"1024\" \/>\n\t<meta property=\"og:image:height\" content=\"1024\" \/>\n\t<meta property=\"og:image:type\" content=\"image\/jpeg\" \/>\n<meta name=\"twitter:card\" content=\"summary_large_image\" \/>\n<meta name=\"twitter:image\" content=\"https:\/\/interpim.erresse-shop.it\/Import\/Prodotti\/joseph-joseph-asse-da-stiro-pieghevole-verde.jpg\" \/>\n<script type=\"application\/ld+json\" class=\"yoast-schema-graph\">{\"@context\":\"https:\/\/schema.org\",\"@graph\":[{\"@type\":\"WebPage\",\"@id\":\"https:\/\/dev6.erresse-shop.it\/es\/shop\/mobiliario\/tablas-de-planchar\/joseph-joseph-tabla-de-planchar-plegable-verde\/\",\"url\":\"https:\/\/dev6.erresse-shop.it\/es\/shop\/mobiliario\/tablas-de-planchar\/joseph-joseph-tabla-de-planchar-plegable-verde\/\",\"name\":\"JOSEPH JOSEPH Tabla de planchar plegable Verde - dev6 Erresse\",\"isPartOf\":{\"@id\":\"https:\/\/dev6.erresse-shop.it\/#website\"},\"primaryImageOfPage\":{\"@id\":\"https:\/\/dev6.erresse-shop.it\/es\/shop\/mobiliario\/tablas-de-planchar\/joseph-joseph-tabla-de-planchar-plegable-verde\/#primaryimage\"},\"image\":{\"@id\":\"https:\/\/dev6.erresse-shop.it\/es\/shop\/mobiliario\/tablas-de-planchar\/joseph-joseph-tabla-de-planchar-plegable-verde\/#primaryimage\"},\"thumbnailUrl\":\"https:\/\/i0.wp.com\/interpim.erresse-shop.it\/Import\/Prodotti\/joseph-joseph-asse-da-stiro-pieghevole-verde.jpg?ssl=1\",\"datePublished\":\"2026-04-12T08:31:27+00:00\",\"description\":\"La lavander\u00eda innovadora se une al dise\u00f1o personalizado en la colecci\u00f3n Joseph Joseph x Jonathan Lawes. Dise\u00f1o plegable compacto. Compartimento integrado\",\"breadcrumb\":{\"@id\":\"https:\/\/dev6.erresse-shop.it\/es\/shop\/mobiliario\/tablas-de-planchar\/joseph-joseph-tabla-de-planchar-plegable-verde\/#breadcrumb\"},\"inLanguage\":\"es\",\"potentialAction\":[{\"@type\":\"ReadAction\",\"target\":[\"https:\/\/dev6.erresse-shop.it\/es\/shop\/mobiliario\/tablas-de-planchar\/joseph-joseph-tabla-de-planchar-plegable-verde\/\"]}]},{\"@type\":\"ImageObject\",\"inLanguage\":\"es\",\"@id\":\"https:\/\/dev6.erresse-shop.it\/es\/shop\/mobiliario\/tablas-de-planchar\/joseph-joseph-tabla-de-planchar-plegable-verde\/#primaryimage\",\"url\":\"https:\/\/i0.wp.com\/interpim.erresse-shop.it\/Import\/Prodotti\/joseph-joseph-asse-da-stiro-pieghevole-verde.jpg?ssl=1\",\"contentUrl\":\"https:\/\/i0.wp.com\/interpim.erresse-shop.it\/Import\/Prodotti\/joseph-joseph-asse-da-stiro-pieghevole-verde.jpg?ssl=1\"},{\"@type\":\"BreadcrumbList\",\"@id\":\"https:\/\/dev6.erresse-shop.it\/es\/shop\/mobiliario\/tablas-de-planchar\/joseph-joseph-tabla-de-planchar-plegable-verde\/#breadcrumb\",\"itemListElement\":[{\"@type\":\"ListItem\",\"position\":1,\"name\":\"Home\",\"item\":\"https:\/\/dev6.erresse-shop.it\/\"},{\"@type\":\"ListItem\",\"position\":2,\"name\":\"Tienda\",\"item\":\"https:\/\/dev6.erresse-shop.it\/shop\/\"},{\"@type\":\"ListItem\",\"position\":3,\"name\":\"JOSEPH JOSEPH Tabla de planchar plegable Verde\"}]},{\"@type\":\"WebSite\",\"@id\":\"https:\/\/dev6.erresse-shop.it\/#website\",\"url\":\"https:\/\/dev6.erresse-shop.it\/\",\"name\":\"Erresse Shop\",\"description\":\"\",\"publisher\":{\"@id\":\"https:\/\/dev6.erresse-shop.it\/#organization\"},\"potentialAction\":[{\"@type\":\"SearchAction\",\"target\":{\"@type\":\"EntryPoint\",\"urlTemplate\":\"https:\/\/dev6.erresse-shop.it\/?s={search_term_string}\"},\"query-input\":{\"@type\":\"PropertyValueSpecification\",\"valueRequired\":true,\"valueName\":\"search_term_string\"}}],\"inLanguage\":\"es\"},{\"@type\":\"Organization\",\"@id\":\"https:\/\/dev6.erresse-shop.it\/#organization\",\"name\":\"Erresse Shop\",\"url\":\"https:\/\/dev6.erresse-shop.it\/\",\"logo\":{\"@type\":\"ImageObject\",\"inLanguage\":\"es\",\"@id\":\"https:\/\/dev6.erresse-shop.it\/#\/schema\/logo\/image\/\",\"url\":\"https:\/\/dev6.erresse-shop.it\/wp-content\/uploads\/2025\/01\/LOGO-ERRESSE-CLASSICO.svg\",\"contentUrl\":\"https:\/\/dev6.erresse-shop.it\/wp-content\/uploads\/2025\/01\/LOGO-ERRESSE-CLASSICO.svg\",\"caption\":\"Erresse Shop\"},\"image\":{\"@id\":\"https:\/\/dev6.erresse-shop.it\/#\/schema\/logo\/image\/\"}}]}<\/script>\n<!-- \/ Yoast SEO plugin. -->","yoast_head_json":{"title":"JOSEPH JOSEPH Tabla de planchar plegable Verde - dev6 Erresse","description":"La lavander\u00eda innovadora se une al dise\u00f1o personalizado en la colecci\u00f3n Joseph Joseph x Jonathan Lawes. Dise\u00f1o plegable compacto. Compartimento integrado","robots":{"index":"noindex","follow":"follow","max-snippet":"max-snippet:-1","max-image-preview":"max-image-preview:large","max-video-preview":"max-video-preview:-1"},"og_locale":"es_ES","og_type":"article","og_title":"JOSEPH JOSEPH Tabla de planchar plegable Verde - dev6 Erresse","og_description":"La lavander\u00eda innovadora se une al dise\u00f1o personalizado en la colecci\u00f3n Joseph Joseph x Jonathan Lawes. Dise\u00f1o plegable compacto. Compartimento integrado","og_url":"https:\/\/dev6.erresse-shop.it\/es\/shop\/mobiliario\/tablas-de-planchar\/joseph-joseph-tabla-de-planchar-plegable-verde\/","og_site_name":"dev6 Erresse","og_image":[{"url":"https:\/\/interpim.erresse-shop.it\/Import\/Prodotti\/joseph-joseph-asse-da-stiro-pieghevole-verde.jpg","type":"","width":"","height":""},{"url":"https:\/\/interpim.erresse-shop.it\/Import\/Prodotti\/joseph-joseph-asse-da-stiro-pieghevole-verde.jpg","width":1024,"height":1024,"type":"image\/jpeg"}],"twitter_card":"summary_large_image","twitter_image":"https:\/\/interpim.erresse-shop.it\/Import\/Prodotti\/joseph-joseph-asse-da-stiro-pieghevole-verde.jpg","schema":{"@context":"https:\/\/schema.org","@graph":[{"@type":"WebPage","@id":"https:\/\/dev6.erresse-shop.it\/es\/shop\/mobiliario\/tablas-de-planchar\/joseph-joseph-tabla-de-planchar-plegable-verde\/","url":"https:\/\/dev6.erresse-shop.it\/es\/shop\/mobiliario\/tablas-de-planchar\/joseph-joseph-tabla-de-planchar-plegable-verde\/","name":"JOSEPH JOSEPH Tabla de planchar plegable Verde - dev6 Erresse","isPartOf":{"@id":"https:\/\/dev6.erresse-shop.it\/#website"},"primaryImageOfPage":{"@id":"https:\/\/dev6.erresse-shop.it\/es\/shop\/mobiliario\/tablas-de-planchar\/joseph-joseph-tabla-de-planchar-plegable-verde\/#primaryimage"},"image":{"@id":"https:\/\/dev6.erresse-shop.it\/es\/shop\/mobiliario\/tablas-de-planchar\/joseph-joseph-tabla-de-planchar-plegable-verde\/#primaryimage"},"thumbnailUrl":"https:\/\/i0.wp.com\/interpim.erresse-shop.it\/Import\/Prodotti\/joseph-joseph-asse-da-stiro-pieghevole-verde.jpg?ssl=1","datePublished":"2026-04-12T08:31:27+00:00","description":"La lavander\u00eda innovadora se une al dise\u00f1o personalizado en la colecci\u00f3n Joseph Joseph x Jonathan Lawes. Dise\u00f1o plegable compacto. Compartimento integrado","breadcrumb":{"@id":"https:\/\/dev6.erresse-shop.it\/es\/shop\/mobiliario\/tablas-de-planchar\/joseph-joseph-tabla-de-planchar-plegable-verde\/#breadcrumb"},"inLanguage":"es","potentialAction":[{"@type":"ReadAction","target":["https:\/\/dev6.erresse-shop.it\/es\/shop\/mobiliario\/tablas-de-planchar\/joseph-joseph-tabla-de-planchar-plegable-verde\/"]}]},{"@type":"ImageObject","inLanguage":"es","@id":"https:\/\/dev6.erresse-shop.it\/es\/shop\/mobiliario\/tablas-de-planchar\/joseph-joseph-tabla-de-planchar-plegable-verde\/#primaryimage","url":"https:\/\/i0.wp.com\/interpim.erresse-shop.it\/Import\/Prodotti\/joseph-joseph-asse-da-stiro-pieghevole-verde.jpg?ssl=1","contentUrl":"https:\/\/i0.wp.com\/interpim.erresse-shop.it\/Import\/Prodotti\/joseph-joseph-asse-da-stiro-pieghevole-verde.jpg?ssl=1"},{"@type":"BreadcrumbList","@id":"https:\/\/dev6.erresse-shop.it\/es\/shop\/mobiliario\/tablas-de-planchar\/joseph-joseph-tabla-de-planchar-plegable-verde\/#breadcrumb","itemListElement":[{"@type":"ListItem","position":1,"name":"Home","item":"https:\/\/dev6.erresse-shop.it\/"},{"@type":"ListItem","position":2,"name":"Tienda","item":"https:\/\/dev6.erresse-shop.it\/shop\/"},{"@type":"ListItem","position":3,"name":"JOSEPH JOSEPH Tabla de planchar plegable Verde"}]},{"@type":"WebSite","@id":"https:\/\/dev6.erresse-shop.it\/#website","url":"https:\/\/dev6.erresse-shop.it\/","name":"Erresse Shop","description":"","publisher":{"@id":"https:\/\/dev6.erresse-shop.it\/#organization"},"potentialAction":[{"@type":"SearchAction","target":{"@type":"EntryPoint","urlTemplate":"https:\/\/dev6.erresse-shop.it\/?s={search_term_string}"},"query-input":{"@type":"PropertyValueSpecification","valueRequired":true,"valueName":"search_term_string"}}],"inLanguage":"es"},{"@type":"Organization","@id":"https:\/\/dev6.erresse-shop.it\/#organization","name":"Erresse Shop","url":"https:\/\/dev6.erresse-shop.it\/","logo":{"@type":"ImageObject","inLanguage":"es","@id":"https:\/\/dev6.erresse-shop.it\/#\/schema\/logo\/image\/","url":"https:\/\/dev6.erresse-shop.it\/wp-content\/uploads\/2025\/01\/LOGO-ERRESSE-CLASSICO.svg","contentUrl":"https:\/\/dev6.erresse-shop.it\/wp-content\/uploads\/2025\/01\/LOGO-ERRESSE-CLASSICO.svg","caption":"Erresse Shop"},"image":{"@id":"https:\/\/dev6.erresse-shop.it\/#\/schema\/logo\/image\/"}}]}},"df_price":89,"df_sale_price":89,"df_regular_price":99.99,"df_image_link":"https:\/\/i0.wp.com\/interpim.erresse-shop.it\/Import\/Prodotti\/joseph-joseph-asse-da-stiro-pieghevole-verde.jpg?resize=300,300&ssl=1","fifu_image_url":"https:\/\/interpim.erresse-shop.it\/Import\/Prodotti\/joseph-joseph-asse-da-stiro-pieghevole-verde.jpg","_links":{"self":[{"href":"https:\/\/dev6.erresse-shop.it\/es\/wp-json\/wp\/v2\/product\/1880738","targetHints":{"allow":["GET"]}}],"collection":[{"href":"https:\/\/dev6.erresse-shop.it\/es\/wp-json\/wp\/v2\/product"}],"about":[{"href":"https:\/\/dev6.erresse-shop.it\/es\/wp-json\/wp\/v2\/types\/product"}],"wp:featuredmedia":[{"embeddable":true,"href":"https:\/\/dev6.erresse-shop.it\/es\/wp-json\/wp\/v2\/media\/6366474"}],"wp:attachment":[{"href":"https:\/\/dev6.erresse-shop.it\/es\/wp-json\/wp\/v2\/media?parent=1880738"}],"wp:term":[{"taxonomy":"product_cat","embeddable":true,"href":"https:\/\/dev6.erresse-shop.it\/es\/wp-json\/wp\/v2\/product_cat?post=1880738"},{"taxonomy":"product_tag","embeddable":true,"href":"https:\/\/dev6.erresse-shop.it\/es\/wp-json\/wp\/v2\/product_tag?post=1880738"}],"curies":[{"name":"wp","href":"https:\/\/api.w.org\/{rel}","templated":true}]}}