{"id":1880734,"date":"2026-04-12T10:31:27","date_gmt":"2026-04-12T08:31:27","guid":{"rendered":"https:\/\/dev6.erresse-shop.it\/shop\/sin%20categor\u00eda\/joseph-joseph-extend-escurreplatos-ampliable-acero\/"},"modified":"2026-04-17T21:13:09","modified_gmt":"2026-04-17T19:13:09","slug":"joseph-joseph-extend-escurreplatos-ampliable-acero","status":"publish","type":"product","link":"https:\/\/dev6.erresse-shop.it\/es\/shop\/cocina\/escurreplatos\/joseph-joseph-extend-escurreplatos-ampliable-acero\/","title":{"rendered":"JOSEPH JOSEPH Extend Escurreplatos Ampliable Acero"},"content":{"rendered":"<p>Hemos creado Extend\u2122 para que lavar la vajilla sea una tarea mucho m\u00e1s f\u00e1cil. Nuestro escurreplatos extensible se extiende hasta el doble de su tama\u00f1o para que quepan m\u00e1s art\u00edculos. Tambi\u00e9n cuenta con una boquilla m\u00f3vil para drenar el agua, un espacio de drenaje espec\u00edfico para los cubiertos y listones elevados que evitan que el agua quede atrapada debajo de vasos y cuencos.<\/p>\n<p>Se extiende para contener m\u00e1s objetos cuando sea necesario<\/p>\n<p>Ca\u00f1o de desag\u00fce con tres posiciones diferentes<\/p>\n<p>Los listones elevados evitan que el agua quede atrapada debajo de vasos y cuencos<\/p>\n<p>Gu\u00edas de escurrido y tabla de cortar a prueba de ara\u00f1azos<\/p>\n<p>Escurridor de cubiertos m\u00f3vil con ranura para cuchillos<\/p>\n<p>Acabado en acero inoxidable con revestimiento antihuellas<\/p>\n<p>Cuidado y uso:<\/p>\n<p>Lavar y secar a mano.<\/p>\n<p>No utilice pa\u00f1os abrasivos ni limpiadores qu\u00edmicos fuertes en las piezas de acero inoxidable<\/p>\n<p>Desmontable para facilitar la limpieza<\/p>\n<p>Encuentre el folleto de instrucciones completo aqu\u00ed<\/p>\n<p>Dimensiones:<\/p>\n<p>Cerrado: H16,1 x A32 x P36,4 cm (A6\u00bd x A12\u00be x P14 \u00bd pulgadas)<\/p>\n<p>Expandido: H16,1 x W52,7 x D36,4 cm (A6\u00bd x W20\u00be x D14 \u00bd pulgadas)<\/p>\n<p>Dise\u00f1ado por Studio17 Design<\/p>\n","protected":false},"excerpt":{"rendered":"<p>Hemos creado Extend\u2122 para que lavar la vajilla sea una tarea mucho m\u00e1s f\u00e1cil. Nuestro escurreplatos extensible se extiende hasta el doble de su tama\u00f1o para que quepan m\u00e1s art\u00edculos. Tambi\u00e9n cuenta con una boquilla m\u00f3vil para drenar el agua, un espacio de drenaje espec\u00edfico para los cubiertos y listones elevados que evitan que el [&hellip;]<\/p>\n","protected":false},"featured_media":6366445,"template":"","meta":{"_acf_changed":false},"product_cat":[11884,11668,11922],"product_tag":[],"class_list":{"0":"post-1880734","1":"product","2":"type-product","3":"status-publish","4":"has-post-thumbnail","6":"product_cat-cocina","7":"product_cat-cucina","8":"product_cat-escurreplatos","10":"first","11":"instock","12":"sale","13":"taxable","14":"shipping-taxable","15":"purchasable","16":"product-type-simple","swatches":"rey-swatches","show_selected":"","stretch_labels":"rey-swatches--stretch-labels"},"acf":[],"yoast_head":"<!-- This site is optimized with the Yoast SEO plugin v25.4 - https:\/\/yoast.com\/wordpress\/plugins\/seo\/ -->\n<title>JOSEPH JOSEPH Extend Escurreplatos Ampliable Acero - dev6 Erresse<\/title>\n<meta name=\"description\" content=\"Hemos creado Extend\u2122 para que lavar la vajilla sea una tarea mucho m\u00e1s f\u00e1cil. Nuestro escurreplatos extensible se extiende hasta el doble de su tama\u00f1o\" \/>\n<meta name=\"robots\" content=\"noindex, follow, max-snippet:-1, max-image-preview:large, max-video-preview:-1\" \/>\n<meta property=\"og:locale\" content=\"es_ES\" \/>\n<meta property=\"og:type\" content=\"article\" \/>\n<meta property=\"og:title\" content=\"JOSEPH JOSEPH Extend Escurreplatos Ampliable Acero - dev6 Erresse\" \/>\n<meta property=\"og:description\" content=\"Hemos creado Extend\u2122 para que lavar la vajilla sea una tarea mucho m\u00e1s f\u00e1cil. Nuestro escurreplatos extensible se extiende hasta el doble de su tama\u00f1o\" \/>\n<meta property=\"og:url\" content=\"https:\/\/dev6.erresse-shop.it\/es\/shop\/cocina\/escurreplatos\/joseph-joseph-extend-escurreplatos-ampliable-acero\/\" \/>\n<meta property=\"og:site_name\" content=\"dev6 Erresse\" \/>\n<meta property=\"article:modified_time\" content=\"2026-04-17T19:13:09+00:00\" \/>\n<meta property=\"og:image\" content=\"https:\/\/interpim.erresse-shop.it\/wp-content\/uploads\/2024\/03\/JOSEPH-JOSEPH-Extend-Scolapiatti-Espandibile-Acciaio-1.jpg\/joseph-joseph-extend-scolapiatti-espandibile-acciaio-1.jpg\" \/><meta property=\"og:image\" content=\"https:\/\/interpim.erresse-shop.it\/wp-content\/uploads\/2024\/03\/JOSEPH-JOSEPH-Extend-Scolapiatti-Espandibile-Acciaio-1.jpg\/joseph-joseph-extend-scolapiatti-espandibile-acciaio-1.jpg\" \/>\n\t<meta property=\"og:image:width\" content=\"1024\" \/>\n\t<meta property=\"og:image:height\" content=\"1024\" \/>\n\t<meta property=\"og:image:type\" content=\"image\/jpeg\" \/>\n<meta name=\"twitter:card\" content=\"summary_large_image\" \/>\n<meta name=\"twitter:image\" content=\"https:\/\/interpim.erresse-shop.it\/wp-content\/uploads\/2024\/03\/JOSEPH-JOSEPH-Extend-Scolapiatti-Espandibile-Acciaio-1.jpg\/joseph-joseph-extend-scolapiatti-espandibile-acciaio-1.jpg\" \/>\n<script type=\"application\/ld+json\" class=\"yoast-schema-graph\">{\"@context\":\"https:\/\/schema.org\",\"@graph\":[{\"@type\":\"WebPage\",\"@id\":\"https:\/\/dev6.erresse-shop.it\/es\/shop\/cocina\/escurreplatos\/joseph-joseph-extend-escurreplatos-ampliable-acero\/\",\"url\":\"https:\/\/dev6.erresse-shop.it\/es\/shop\/cocina\/escurreplatos\/joseph-joseph-extend-escurreplatos-ampliable-acero\/\",\"name\":\"JOSEPH JOSEPH Extend Escurreplatos Ampliable Acero - dev6 Erresse\",\"isPartOf\":{\"@id\":\"https:\/\/dev6.erresse-shop.it\/#website\"},\"primaryImageOfPage\":{\"@id\":\"https:\/\/dev6.erresse-shop.it\/es\/shop\/cocina\/escurreplatos\/joseph-joseph-extend-escurreplatos-ampliable-acero\/#primaryimage\"},\"image\":{\"@id\":\"https:\/\/dev6.erresse-shop.it\/es\/shop\/cocina\/escurreplatos\/joseph-joseph-extend-escurreplatos-ampliable-acero\/#primaryimage\"},\"thumbnailUrl\":\"https:\/\/i1.wp.com\/interpim.erresse-shop.it\/wp-content\/uploads\/2024\/03\/JOSEPH-JOSEPH-Extend-Scolapiatti-Espandibile-Acciaio-1.jpg\/joseph-joseph-extend-scolapiatti-espandibile-acciaio-1.jpg?ssl=1\",\"datePublished\":\"2026-04-12T08:31:27+00:00\",\"dateModified\":\"2026-04-17T19:13:09+00:00\",\"description\":\"Hemos creado Extend\u2122 para que lavar la vajilla sea una tarea mucho m\u00e1s f\u00e1cil. Nuestro escurreplatos extensible se extiende hasta el doble de su tama\u00f1o\",\"breadcrumb\":{\"@id\":\"https:\/\/dev6.erresse-shop.it\/es\/shop\/cocina\/escurreplatos\/joseph-joseph-extend-escurreplatos-ampliable-acero\/#breadcrumb\"},\"inLanguage\":\"es\",\"potentialAction\":[{\"@type\":\"ReadAction\",\"target\":[\"https:\/\/dev6.erresse-shop.it\/es\/shop\/cocina\/escurreplatos\/joseph-joseph-extend-escurreplatos-ampliable-acero\/\"]}]},{\"@type\":\"ImageObject\",\"inLanguage\":\"es\",\"@id\":\"https:\/\/dev6.erresse-shop.it\/es\/shop\/cocina\/escurreplatos\/joseph-joseph-extend-escurreplatos-ampliable-acero\/#primaryimage\",\"url\":\"https:\/\/i1.wp.com\/interpim.erresse-shop.it\/wp-content\/uploads\/2024\/03\/JOSEPH-JOSEPH-Extend-Scolapiatti-Espandibile-Acciaio-1.jpg\/joseph-joseph-extend-scolapiatti-espandibile-acciaio-1.jpg?ssl=1\",\"contentUrl\":\"https:\/\/i1.wp.com\/interpim.erresse-shop.it\/wp-content\/uploads\/2024\/03\/JOSEPH-JOSEPH-Extend-Scolapiatti-Espandibile-Acciaio-1.jpg\/joseph-joseph-extend-scolapiatti-espandibile-acciaio-1.jpg?ssl=1\"},{\"@type\":\"BreadcrumbList\",\"@id\":\"https:\/\/dev6.erresse-shop.it\/es\/shop\/cocina\/escurreplatos\/joseph-joseph-extend-escurreplatos-ampliable-acero\/#breadcrumb\",\"itemListElement\":[{\"@type\":\"ListItem\",\"position\":1,\"name\":\"Home\",\"item\":\"https:\/\/dev6.erresse-shop.it\/\"},{\"@type\":\"ListItem\",\"position\":2,\"name\":\"Tienda\",\"item\":\"https:\/\/dev6.erresse-shop.it\/shop\/\"},{\"@type\":\"ListItem\",\"position\":3,\"name\":\"JOSEPH JOSEPH Extend Escurreplatos Ampliable Acero\"}]},{\"@type\":\"WebSite\",\"@id\":\"https:\/\/dev6.erresse-shop.it\/#website\",\"url\":\"https:\/\/dev6.erresse-shop.it\/\",\"name\":\"Erresse Shop\",\"description\":\"\",\"publisher\":{\"@id\":\"https:\/\/dev6.erresse-shop.it\/#organization\"},\"potentialAction\":[{\"@type\":\"SearchAction\",\"target\":{\"@type\":\"EntryPoint\",\"urlTemplate\":\"https:\/\/dev6.erresse-shop.it\/?s={search_term_string}\"},\"query-input\":{\"@type\":\"PropertyValueSpecification\",\"valueRequired\":true,\"valueName\":\"search_term_string\"}}],\"inLanguage\":\"es\"},{\"@type\":\"Organization\",\"@id\":\"https:\/\/dev6.erresse-shop.it\/#organization\",\"name\":\"Erresse Shop\",\"url\":\"https:\/\/dev6.erresse-shop.it\/\",\"logo\":{\"@type\":\"ImageObject\",\"inLanguage\":\"es\",\"@id\":\"https:\/\/dev6.erresse-shop.it\/#\/schema\/logo\/image\/\",\"url\":\"https:\/\/dev6.erresse-shop.it\/wp-content\/uploads\/2025\/01\/LOGO-ERRESSE-CLASSICO.svg\",\"contentUrl\":\"https:\/\/dev6.erresse-shop.it\/wp-content\/uploads\/2025\/01\/LOGO-ERRESSE-CLASSICO.svg\",\"caption\":\"Erresse Shop\"},\"image\":{\"@id\":\"https:\/\/dev6.erresse-shop.it\/#\/schema\/logo\/image\/\"}}]}<\/script>\n<!-- \/ Yoast SEO plugin. -->","yoast_head_json":{"title":"JOSEPH JOSEPH Extend Escurreplatos Ampliable Acero - dev6 Erresse","description":"Hemos creado Extend\u2122 para que lavar la vajilla sea una tarea mucho m\u00e1s f\u00e1cil. Nuestro escurreplatos extensible se extiende hasta el doble de su tama\u00f1o","robots":{"index":"noindex","follow":"follow","max-snippet":"max-snippet:-1","max-image-preview":"max-image-preview:large","max-video-preview":"max-video-preview:-1"},"og_locale":"es_ES","og_type":"article","og_title":"JOSEPH JOSEPH Extend Escurreplatos Ampliable Acero - dev6 Erresse","og_description":"Hemos creado Extend\u2122 para que lavar la vajilla sea una tarea mucho m\u00e1s f\u00e1cil. Nuestro escurreplatos extensible se extiende hasta el doble de su tama\u00f1o","og_url":"https:\/\/dev6.erresse-shop.it\/es\/shop\/cocina\/escurreplatos\/joseph-joseph-extend-escurreplatos-ampliable-acero\/","og_site_name":"dev6 Erresse","article_modified_time":"2026-04-17T19:13:09+00:00","og_image":[{"url":"https:\/\/interpim.erresse-shop.it\/wp-content\/uploads\/2024\/03\/JOSEPH-JOSEPH-Extend-Scolapiatti-Espandibile-Acciaio-1.jpg\/joseph-joseph-extend-scolapiatti-espandibile-acciaio-1.jpg","type":"","width":"","height":""},{"url":"https:\/\/interpim.erresse-shop.it\/wp-content\/uploads\/2024\/03\/JOSEPH-JOSEPH-Extend-Scolapiatti-Espandibile-Acciaio-1.jpg\/joseph-joseph-extend-scolapiatti-espandibile-acciaio-1.jpg","width":1024,"height":1024,"type":"image\/jpeg"}],"twitter_card":"summary_large_image","twitter_image":"https:\/\/interpim.erresse-shop.it\/wp-content\/uploads\/2024\/03\/JOSEPH-JOSEPH-Extend-Scolapiatti-Espandibile-Acciaio-1.jpg\/joseph-joseph-extend-scolapiatti-espandibile-acciaio-1.jpg","schema":{"@context":"https:\/\/schema.org","@graph":[{"@type":"WebPage","@id":"https:\/\/dev6.erresse-shop.it\/es\/shop\/cocina\/escurreplatos\/joseph-joseph-extend-escurreplatos-ampliable-acero\/","url":"https:\/\/dev6.erresse-shop.it\/es\/shop\/cocina\/escurreplatos\/joseph-joseph-extend-escurreplatos-ampliable-acero\/","name":"JOSEPH JOSEPH Extend Escurreplatos Ampliable Acero - dev6 Erresse","isPartOf":{"@id":"https:\/\/dev6.erresse-shop.it\/#website"},"primaryImageOfPage":{"@id":"https:\/\/dev6.erresse-shop.it\/es\/shop\/cocina\/escurreplatos\/joseph-joseph-extend-escurreplatos-ampliable-acero\/#primaryimage"},"image":{"@id":"https:\/\/dev6.erresse-shop.it\/es\/shop\/cocina\/escurreplatos\/joseph-joseph-extend-escurreplatos-ampliable-acero\/#primaryimage"},"thumbnailUrl":"https:\/\/i1.wp.com\/interpim.erresse-shop.it\/wp-content\/uploads\/2024\/03\/JOSEPH-JOSEPH-Extend-Scolapiatti-Espandibile-Acciaio-1.jpg\/joseph-joseph-extend-scolapiatti-espandibile-acciaio-1.jpg?ssl=1","datePublished":"2026-04-12T08:31:27+00:00","dateModified":"2026-04-17T19:13:09+00:00","description":"Hemos creado Extend\u2122 para que lavar la vajilla sea una tarea mucho m\u00e1s f\u00e1cil. Nuestro escurreplatos extensible se extiende hasta el doble de su tama\u00f1o","breadcrumb":{"@id":"https:\/\/dev6.erresse-shop.it\/es\/shop\/cocina\/escurreplatos\/joseph-joseph-extend-escurreplatos-ampliable-acero\/#breadcrumb"},"inLanguage":"es","potentialAction":[{"@type":"ReadAction","target":["https:\/\/dev6.erresse-shop.it\/es\/shop\/cocina\/escurreplatos\/joseph-joseph-extend-escurreplatos-ampliable-acero\/"]}]},{"@type":"ImageObject","inLanguage":"es","@id":"https:\/\/dev6.erresse-shop.it\/es\/shop\/cocina\/escurreplatos\/joseph-joseph-extend-escurreplatos-ampliable-acero\/#primaryimage","url":"https:\/\/i1.wp.com\/interpim.erresse-shop.it\/wp-content\/uploads\/2024\/03\/JOSEPH-JOSEPH-Extend-Scolapiatti-Espandibile-Acciaio-1.jpg\/joseph-joseph-extend-scolapiatti-espandibile-acciaio-1.jpg?ssl=1","contentUrl":"https:\/\/i1.wp.com\/interpim.erresse-shop.it\/wp-content\/uploads\/2024\/03\/JOSEPH-JOSEPH-Extend-Scolapiatti-Espandibile-Acciaio-1.jpg\/joseph-joseph-extend-scolapiatti-espandibile-acciaio-1.jpg?ssl=1"},{"@type":"BreadcrumbList","@id":"https:\/\/dev6.erresse-shop.it\/es\/shop\/cocina\/escurreplatos\/joseph-joseph-extend-escurreplatos-ampliable-acero\/#breadcrumb","itemListElement":[{"@type":"ListItem","position":1,"name":"Home","item":"https:\/\/dev6.erresse-shop.it\/"},{"@type":"ListItem","position":2,"name":"Tienda","item":"https:\/\/dev6.erresse-shop.it\/shop\/"},{"@type":"ListItem","position":3,"name":"JOSEPH JOSEPH Extend Escurreplatos Ampliable Acero"}]},{"@type":"WebSite","@id":"https:\/\/dev6.erresse-shop.it\/#website","url":"https:\/\/dev6.erresse-shop.it\/","name":"Erresse Shop","description":"","publisher":{"@id":"https:\/\/dev6.erresse-shop.it\/#organization"},"potentialAction":[{"@type":"SearchAction","target":{"@type":"EntryPoint","urlTemplate":"https:\/\/dev6.erresse-shop.it\/?s={search_term_string}"},"query-input":{"@type":"PropertyValueSpecification","valueRequired":true,"valueName":"search_term_string"}}],"inLanguage":"es"},{"@type":"Organization","@id":"https:\/\/dev6.erresse-shop.it\/#organization","name":"Erresse Shop","url":"https:\/\/dev6.erresse-shop.it\/","logo":{"@type":"ImageObject","inLanguage":"es","@id":"https:\/\/dev6.erresse-shop.it\/#\/schema\/logo\/image\/","url":"https:\/\/dev6.erresse-shop.it\/wp-content\/uploads\/2025\/01\/LOGO-ERRESSE-CLASSICO.svg","contentUrl":"https:\/\/dev6.erresse-shop.it\/wp-content\/uploads\/2025\/01\/LOGO-ERRESSE-CLASSICO.svg","caption":"Erresse Shop"},"image":{"@id":"https:\/\/dev6.erresse-shop.it\/#\/schema\/logo\/image\/"}}]}},"df_price":72.95,"df_sale_price":72.95,"df_regular_price":99.99,"df_image_link":"https:\/\/i1.wp.com\/interpim.erresse-shop.it\/wp-content\/uploads\/2024\/03\/JOSEPH-JOSEPH-Extend-Scolapiatti-Espandibile-Acciaio-1.jpg\/joseph-joseph-extend-scolapiatti-espandibile-acciaio-1.jpg?resize=300,300&ssl=1","fifu_image_url":"https:\/\/interpim.erresse-shop.it\/wp-content\/uploads\/2024\/03\/JOSEPH-JOSEPH-Extend-Scolapiatti-Espandibile-Acciaio-1.jpg\/joseph-joseph-extend-scolapiatti-espandibile-acciaio-1.jpg","_links":{"self":[{"href":"https:\/\/dev6.erresse-shop.it\/es\/wp-json\/wp\/v2\/product\/1880734","targetHints":{"allow":["GET"]}}],"collection":[{"href":"https:\/\/dev6.erresse-shop.it\/es\/wp-json\/wp\/v2\/product"}],"about":[{"href":"https:\/\/dev6.erresse-shop.it\/es\/wp-json\/wp\/v2\/types\/product"}],"wp:featuredmedia":[{"embeddable":true,"href":"https:\/\/dev6.erresse-shop.it\/es\/wp-json\/wp\/v2\/media\/6366445"}],"wp:attachment":[{"href":"https:\/\/dev6.erresse-shop.it\/es\/wp-json\/wp\/v2\/media?parent=1880734"}],"wp:term":[{"taxonomy":"product_cat","embeddable":true,"href":"https:\/\/dev6.erresse-shop.it\/es\/wp-json\/wp\/v2\/product_cat?post=1880734"},{"taxonomy":"product_tag","embeddable":true,"href":"https:\/\/dev6.erresse-shop.it\/es\/wp-json\/wp\/v2\/product_tag?post=1880734"}],"curies":[{"name":"wp","href":"https:\/\/api.w.org\/{rel}","templated":true}]}}