{"id":1880730,"date":"2026-04-12T10:31:27","date_gmt":"2026-04-12T08:31:27","guid":{"rendered":"https:\/\/dev6.erresse-shop.it\/shop\/sin%20categor\u00eda\/joseph-joseph-hold-all-cesta-de-lino-35l-peach\/"},"modified":"2025-09-14T08:53:45","modified_gmt":"2025-09-14T06:53:45","slug":"joseph-joseph-hold-all-cesta-de-lino-35l-peach","status":"publish","type":"product","link":"https:\/\/dev6.erresse-shop.it\/es\/shop\/mobiliario\/cuarto-de-bano\/joseph-joseph-hold-all-cesta-de-lino-35l-peach\/","title":{"rendered":"JOSEPH JOSEPH Hold-All Cesta de lino 35l Peach"},"content":{"rendered":"<p>La lavander\u00eda innovadora se une al dise\u00f1o personalizado en la colecci\u00f3n Joseph Joseph x Jonathan Lawes.<\/p>\n<p>Sus robustas asas facilitan el transporte de la colada con una sola mano.<\/p>\n<p>Se pliega para guardarlo f\u00e1cilmente en un armario o encima de la lavadora.<\/p>\n<p>Fabricado en tejido resistente que conserva su forma cuando est\u00e1 vac\u00edo.<\/p>\n<p>El interior resistente a la humedad permite utilizarlo para la colada h\u00fameda o seca y es f\u00e1cil de limpiar.<\/p>\n<p>Puede contener hasta 35 litros.<\/p>\n<p>Cuidados y uso:<\/p>\n<p>Ver etiqueta de cuidados<\/p>\n<p>Carga m\u00e1xima 9 kg (19.8 lbs)<\/p>\n<p>Dimensiones:<\/p>\n<p>Abierta: H25 x A53 x P36 cm (H9,8 x L20,9 x D14,2 pulgadas)<\/p>\n<p>Plano: A2 x W53 x D36 cm (A0.8 x L20.9 x D14.2 pulgadas)<\/p>\n","protected":false},"excerpt":{"rendered":"<p>La lavander\u00eda innovadora se une al dise\u00f1o personalizado en la colecci\u00f3n Joseph Joseph x Jonathan Lawes. Sus robustas asas facilitan el transporte de la colada con una sola mano. Se pliega para guardarlo f\u00e1cilmente en un armario o encima de la lavadora. Fabricado en tejido resistente que conserva su forma cuando est\u00e1 vac\u00edo. El interior [&hellip;]<\/p>\n","protected":false},"featured_media":6366420,"template":"","meta":{"_acf_changed":false},"product_cat":[11966,11882],"product_tag":[],"class_list":{"0":"post-1880730","1":"product","2":"type-product","3":"status-publish","4":"has-post-thumbnail","6":"product_cat-cuarto-de-bano","7":"product_cat-mobiliario","9":"first","10":"instock","11":"sale","12":"taxable","13":"shipping-taxable","14":"purchasable","15":"product-type-simple","swatches":"rey-swatches","show_selected":"","stretch_labels":"rey-swatches--stretch-labels"},"acf":[],"yoast_head":"<!-- This site is optimized with the Yoast SEO plugin v25.4 - https:\/\/yoast.com\/wordpress\/plugins\/seo\/ -->\n<title>JOSEPH JOSEPH Hold-All Cesta de lino 35l Peach - dev6 Erresse<\/title>\n<meta name=\"description\" content=\"La lavander\u00eda innovadora se une al dise\u00f1o personalizado en la colecci\u00f3n Joseph Joseph x Jonathan Lawes. Sus robustas asas facilitan el transporte de la\" \/>\n<meta name=\"robots\" content=\"noindex, follow, max-snippet:-1, max-image-preview:large, max-video-preview:-1\" \/>\n<meta property=\"og:locale\" content=\"es_ES\" \/>\n<meta property=\"og:type\" content=\"article\" \/>\n<meta property=\"og:title\" content=\"JOSEPH JOSEPH Hold-All Cesta de lino 35l Peach - dev6 Erresse\" \/>\n<meta property=\"og:description\" content=\"La lavander\u00eda innovadora se une al dise\u00f1o personalizado en la colecci\u00f3n Joseph Joseph x Jonathan Lawes. Sus robustas asas facilitan el transporte de la\" \/>\n<meta property=\"og:url\" content=\"https:\/\/dev6.erresse-shop.it\/es\/shop\/mobiliario\/cuarto-de-bano\/joseph-joseph-hold-all-cesta-de-lino-35l-peach\/\" \/>\n<meta property=\"og:site_name\" content=\"dev6 Erresse\" \/>\n<meta property=\"og:image\" content=\"https:\/\/interpim.erresse-shop.it\/Import\/Prodotti\/joseph-joseph-hold-all-peach-1.jpg\" \/><meta property=\"og:image\" content=\"https:\/\/interpim.erresse-shop.it\/Import\/Prodotti\/joseph-joseph-hold-all-peach-1.jpg\" \/>\n\t<meta property=\"og:image:width\" content=\"1024\" \/>\n\t<meta property=\"og:image:height\" content=\"1024\" \/>\n\t<meta property=\"og:image:type\" content=\"image\/jpeg\" \/>\n<meta name=\"twitter:card\" content=\"summary_large_image\" \/>\n<meta name=\"twitter:image\" content=\"https:\/\/interpim.erresse-shop.it\/Import\/Prodotti\/joseph-joseph-hold-all-peach-1.jpg\" \/>\n<script type=\"application\/ld+json\" class=\"yoast-schema-graph\">{\"@context\":\"https:\/\/schema.org\",\"@graph\":[{\"@type\":\"WebPage\",\"@id\":\"https:\/\/dev6.erresse-shop.it\/es\/shop\/mobiliario\/cuarto-de-bano\/joseph-joseph-hold-all-cesta-de-lino-35l-peach\/\",\"url\":\"https:\/\/dev6.erresse-shop.it\/es\/shop\/mobiliario\/cuarto-de-bano\/joseph-joseph-hold-all-cesta-de-lino-35l-peach\/\",\"name\":\"JOSEPH JOSEPH Hold-All Cesta de lino 35l Peach - dev6 Erresse\",\"isPartOf\":{\"@id\":\"https:\/\/dev6.erresse-shop.it\/#website\"},\"primaryImageOfPage\":{\"@id\":\"https:\/\/dev6.erresse-shop.it\/es\/shop\/mobiliario\/cuarto-de-bano\/joseph-joseph-hold-all-cesta-de-lino-35l-peach\/#primaryimage\"},\"image\":{\"@id\":\"https:\/\/dev6.erresse-shop.it\/es\/shop\/mobiliario\/cuarto-de-bano\/joseph-joseph-hold-all-cesta-de-lino-35l-peach\/#primaryimage\"},\"thumbnailUrl\":\"https:\/\/i0.wp.com\/interpim.erresse-shop.it\/Import\/Prodotti\/joseph-joseph-hold-all-peach-1.jpg?ssl=1\",\"datePublished\":\"2026-04-12T08:31:27+00:00\",\"description\":\"La lavander\u00eda innovadora se une al dise\u00f1o personalizado en la colecci\u00f3n Joseph Joseph x Jonathan Lawes. Sus robustas asas facilitan el transporte de la\",\"breadcrumb\":{\"@id\":\"https:\/\/dev6.erresse-shop.it\/es\/shop\/mobiliario\/cuarto-de-bano\/joseph-joseph-hold-all-cesta-de-lino-35l-peach\/#breadcrumb\"},\"inLanguage\":\"es\",\"potentialAction\":[{\"@type\":\"ReadAction\",\"target\":[\"https:\/\/dev6.erresse-shop.it\/es\/shop\/mobiliario\/cuarto-de-bano\/joseph-joseph-hold-all-cesta-de-lino-35l-peach\/\"]}]},{\"@type\":\"ImageObject\",\"inLanguage\":\"es\",\"@id\":\"https:\/\/dev6.erresse-shop.it\/es\/shop\/mobiliario\/cuarto-de-bano\/joseph-joseph-hold-all-cesta-de-lino-35l-peach\/#primaryimage\",\"url\":\"https:\/\/i0.wp.com\/interpim.erresse-shop.it\/Import\/Prodotti\/joseph-joseph-hold-all-peach-1.jpg?ssl=1\",\"contentUrl\":\"https:\/\/i0.wp.com\/interpim.erresse-shop.it\/Import\/Prodotti\/joseph-joseph-hold-all-peach-1.jpg?ssl=1\"},{\"@type\":\"BreadcrumbList\",\"@id\":\"https:\/\/dev6.erresse-shop.it\/es\/shop\/mobiliario\/cuarto-de-bano\/joseph-joseph-hold-all-cesta-de-lino-35l-peach\/#breadcrumb\",\"itemListElement\":[{\"@type\":\"ListItem\",\"position\":1,\"name\":\"Home\",\"item\":\"https:\/\/dev6.erresse-shop.it\/\"},{\"@type\":\"ListItem\",\"position\":2,\"name\":\"Tienda\",\"item\":\"https:\/\/dev6.erresse-shop.it\/shop\/\"},{\"@type\":\"ListItem\",\"position\":3,\"name\":\"JOSEPH JOSEPH Hold-All Cesta de lino 35l Peach\"}]},{\"@type\":\"WebSite\",\"@id\":\"https:\/\/dev6.erresse-shop.it\/#website\",\"url\":\"https:\/\/dev6.erresse-shop.it\/\",\"name\":\"Erresse Shop\",\"description\":\"\",\"publisher\":{\"@id\":\"https:\/\/dev6.erresse-shop.it\/#organization\"},\"potentialAction\":[{\"@type\":\"SearchAction\",\"target\":{\"@type\":\"EntryPoint\",\"urlTemplate\":\"https:\/\/dev6.erresse-shop.it\/?s={search_term_string}\"},\"query-input\":{\"@type\":\"PropertyValueSpecification\",\"valueRequired\":true,\"valueName\":\"search_term_string\"}}],\"inLanguage\":\"es\"},{\"@type\":\"Organization\",\"@id\":\"https:\/\/dev6.erresse-shop.it\/#organization\",\"name\":\"Erresse Shop\",\"url\":\"https:\/\/dev6.erresse-shop.it\/\",\"logo\":{\"@type\":\"ImageObject\",\"inLanguage\":\"es\",\"@id\":\"https:\/\/dev6.erresse-shop.it\/#\/schema\/logo\/image\/\",\"url\":\"https:\/\/dev6.erresse-shop.it\/wp-content\/uploads\/2025\/01\/LOGO-ERRESSE-CLASSICO.svg\",\"contentUrl\":\"https:\/\/dev6.erresse-shop.it\/wp-content\/uploads\/2025\/01\/LOGO-ERRESSE-CLASSICO.svg\",\"caption\":\"Erresse Shop\"},\"image\":{\"@id\":\"https:\/\/dev6.erresse-shop.it\/#\/schema\/logo\/image\/\"}}]}<\/script>\n<!-- \/ Yoast SEO plugin. -->","yoast_head_json":{"title":"JOSEPH JOSEPH Hold-All Cesta de lino 35l Peach - dev6 Erresse","description":"La lavander\u00eda innovadora se une al dise\u00f1o personalizado en la colecci\u00f3n Joseph Joseph x Jonathan Lawes. Sus robustas asas facilitan el transporte de la","robots":{"index":"noindex","follow":"follow","max-snippet":"max-snippet:-1","max-image-preview":"max-image-preview:large","max-video-preview":"max-video-preview:-1"},"og_locale":"es_ES","og_type":"article","og_title":"JOSEPH JOSEPH Hold-All Cesta de lino 35l Peach - dev6 Erresse","og_description":"La lavander\u00eda innovadora se une al dise\u00f1o personalizado en la colecci\u00f3n Joseph Joseph x Jonathan Lawes. Sus robustas asas facilitan el transporte de la","og_url":"https:\/\/dev6.erresse-shop.it\/es\/shop\/mobiliario\/cuarto-de-bano\/joseph-joseph-hold-all-cesta-de-lino-35l-peach\/","og_site_name":"dev6 Erresse","og_image":[{"url":"https:\/\/interpim.erresse-shop.it\/Import\/Prodotti\/joseph-joseph-hold-all-peach-1.jpg","type":"","width":"","height":""},{"url":"https:\/\/interpim.erresse-shop.it\/Import\/Prodotti\/joseph-joseph-hold-all-peach-1.jpg","width":1024,"height":1024,"type":"image\/jpeg"}],"twitter_card":"summary_large_image","twitter_image":"https:\/\/interpim.erresse-shop.it\/Import\/Prodotti\/joseph-joseph-hold-all-peach-1.jpg","schema":{"@context":"https:\/\/schema.org","@graph":[{"@type":"WebPage","@id":"https:\/\/dev6.erresse-shop.it\/es\/shop\/mobiliario\/cuarto-de-bano\/joseph-joseph-hold-all-cesta-de-lino-35l-peach\/","url":"https:\/\/dev6.erresse-shop.it\/es\/shop\/mobiliario\/cuarto-de-bano\/joseph-joseph-hold-all-cesta-de-lino-35l-peach\/","name":"JOSEPH JOSEPH Hold-All Cesta de lino 35l Peach - dev6 Erresse","isPartOf":{"@id":"https:\/\/dev6.erresse-shop.it\/#website"},"primaryImageOfPage":{"@id":"https:\/\/dev6.erresse-shop.it\/es\/shop\/mobiliario\/cuarto-de-bano\/joseph-joseph-hold-all-cesta-de-lino-35l-peach\/#primaryimage"},"image":{"@id":"https:\/\/dev6.erresse-shop.it\/es\/shop\/mobiliario\/cuarto-de-bano\/joseph-joseph-hold-all-cesta-de-lino-35l-peach\/#primaryimage"},"thumbnailUrl":"https:\/\/i0.wp.com\/interpim.erresse-shop.it\/Import\/Prodotti\/joseph-joseph-hold-all-peach-1.jpg?ssl=1","datePublished":"2026-04-12T08:31:27+00:00","description":"La lavander\u00eda innovadora se une al dise\u00f1o personalizado en la colecci\u00f3n Joseph Joseph x Jonathan Lawes. Sus robustas asas facilitan el transporte de la","breadcrumb":{"@id":"https:\/\/dev6.erresse-shop.it\/es\/shop\/mobiliario\/cuarto-de-bano\/joseph-joseph-hold-all-cesta-de-lino-35l-peach\/#breadcrumb"},"inLanguage":"es","potentialAction":[{"@type":"ReadAction","target":["https:\/\/dev6.erresse-shop.it\/es\/shop\/mobiliario\/cuarto-de-bano\/joseph-joseph-hold-all-cesta-de-lino-35l-peach\/"]}]},{"@type":"ImageObject","inLanguage":"es","@id":"https:\/\/dev6.erresse-shop.it\/es\/shop\/mobiliario\/cuarto-de-bano\/joseph-joseph-hold-all-cesta-de-lino-35l-peach\/#primaryimage","url":"https:\/\/i0.wp.com\/interpim.erresse-shop.it\/Import\/Prodotti\/joseph-joseph-hold-all-peach-1.jpg?ssl=1","contentUrl":"https:\/\/i0.wp.com\/interpim.erresse-shop.it\/Import\/Prodotti\/joseph-joseph-hold-all-peach-1.jpg?ssl=1"},{"@type":"BreadcrumbList","@id":"https:\/\/dev6.erresse-shop.it\/es\/shop\/mobiliario\/cuarto-de-bano\/joseph-joseph-hold-all-cesta-de-lino-35l-peach\/#breadcrumb","itemListElement":[{"@type":"ListItem","position":1,"name":"Home","item":"https:\/\/dev6.erresse-shop.it\/"},{"@type":"ListItem","position":2,"name":"Tienda","item":"https:\/\/dev6.erresse-shop.it\/shop\/"},{"@type":"ListItem","position":3,"name":"JOSEPH JOSEPH Hold-All Cesta de lino 35l Peach"}]},{"@type":"WebSite","@id":"https:\/\/dev6.erresse-shop.it\/#website","url":"https:\/\/dev6.erresse-shop.it\/","name":"Erresse Shop","description":"","publisher":{"@id":"https:\/\/dev6.erresse-shop.it\/#organization"},"potentialAction":[{"@type":"SearchAction","target":{"@type":"EntryPoint","urlTemplate":"https:\/\/dev6.erresse-shop.it\/?s={search_term_string}"},"query-input":{"@type":"PropertyValueSpecification","valueRequired":true,"valueName":"search_term_string"}}],"inLanguage":"es"},{"@type":"Organization","@id":"https:\/\/dev6.erresse-shop.it\/#organization","name":"Erresse Shop","url":"https:\/\/dev6.erresse-shop.it\/","logo":{"@type":"ImageObject","inLanguage":"es","@id":"https:\/\/dev6.erresse-shop.it\/#\/schema\/logo\/image\/","url":"https:\/\/dev6.erresse-shop.it\/wp-content\/uploads\/2025\/01\/LOGO-ERRESSE-CLASSICO.svg","contentUrl":"https:\/\/dev6.erresse-shop.it\/wp-content\/uploads\/2025\/01\/LOGO-ERRESSE-CLASSICO.svg","caption":"Erresse Shop"},"image":{"@id":"https:\/\/dev6.erresse-shop.it\/#\/schema\/logo\/image\/"}}]}},"df_price":36.96,"df_sale_price":36.96,"df_regular_price":39.99,"df_image_link":"https:\/\/i0.wp.com\/interpim.erresse-shop.it\/Import\/Prodotti\/joseph-joseph-hold-all-peach-1.jpg?resize=300,300&ssl=1","fifu_image_url":"https:\/\/interpim.erresse-shop.it\/Import\/Prodotti\/joseph-joseph-hold-all-peach-1.jpg","_links":{"self":[{"href":"https:\/\/dev6.erresse-shop.it\/es\/wp-json\/wp\/v2\/product\/1880730","targetHints":{"allow":["GET"]}}],"collection":[{"href":"https:\/\/dev6.erresse-shop.it\/es\/wp-json\/wp\/v2\/product"}],"about":[{"href":"https:\/\/dev6.erresse-shop.it\/es\/wp-json\/wp\/v2\/types\/product"}],"wp:featuredmedia":[{"embeddable":true,"href":"https:\/\/dev6.erresse-shop.it\/es\/wp-json\/wp\/v2\/media\/6366420"}],"wp:attachment":[{"href":"https:\/\/dev6.erresse-shop.it\/es\/wp-json\/wp\/v2\/media?parent=1880730"}],"wp:term":[{"taxonomy":"product_cat","embeddable":true,"href":"https:\/\/dev6.erresse-shop.it\/es\/wp-json\/wp\/v2\/product_cat?post=1880730"},{"taxonomy":"product_tag","embeddable":true,"href":"https:\/\/dev6.erresse-shop.it\/es\/wp-json\/wp\/v2\/product_tag?post=1880730"}],"curies":[{"name":"wp","href":"https:\/\/api.w.org\/{rel}","templated":true}]}}