{"id":1880714,"date":"2026-04-12T10:29:38","date_gmt":"2026-04-12T08:29:38","guid":{"rendered":"https:\/\/dev6.erresse-shop.it\/shop\/sin%20categor\u00eda\/illy-216-pastillas-e-s-e-espresso-fuerte\/"},"modified":"2025-09-14T08:52:55","modified_gmt":"2025-09-14T06:52:55","slug":"illy-216-pastillas-e-s-e-espresso-fuerte","status":"publish","type":"product","link":"https:\/\/dev6.erresse-shop.it\/es\/shop\/cafe-es\/cafe-en-capsulas\/illy-216-pastillas-e-s-e-espresso-fuerte\/","title":{"rendered":"ILLY 216  Pastillas E.S.E. Espresso Fuerte"},"content":{"rendered":"<p>Paquete de 18 pastillas, total 216 pastillas (12 paquetes).<\/p>\n<p>Nueva c\u00e1psula compostable certificada E.S.E.<br \/>\nLas c\u00e1psulas compostables certificadas, que pueden desecharse en la recogida de residuos org\u00e1nicos (consulte con las autoridades locales los m\u00e9todos actuales de recogida selectiva de residuos), son perfectas para preparar su espresso illy favorito de forma pr\u00e1ctica sin renunciar al sabor y la frescura. Las c\u00e1psulas de caf\u00e9 illy en papel de filtro se pueden utilizar con todas las cafeteras ESE<\/p>\n<p>La vaina E.S.E. (Easy Serving Espresso) es muy \u201cabierta\u201d: no s\u00f3lo puede utilizarla con las cafeteras de vaina illy, sino tambi\u00e9n con todas las dem\u00e1s cafeteras de vaina. La c\u00e1psula no es m\u00e1s que caf\u00e9 molido, ya correctamente dosificado y prensado, contenido entre 2 hojas de papel de filtro<\/p>\n<p>Notas arom\u00e1ticas<br \/>\nEl sabor CLASSICO de la exclusiva mezcla illy 100% Ar\u00e1bica expresa delicadas notas de caramelo, azahar y jazm\u00edn, con un regusto dulce. Para los que prefieren una taza de caf\u00e9 con un sabor suave y aterciopelado. El paquete contiene 18 monodosis de caf\u00e9 CLASSICO tostado E.S.E.<\/p>\n","protected":false},"excerpt":{"rendered":"<p>Paquete de 18 pastillas, total 216 pastillas (12 paquetes). Nueva c\u00e1psula compostable certificada E.S.E. Las c\u00e1psulas compostables certificadas, que pueden desecharse en la recogida de residuos org\u00e1nicos (consulte con las autoridades locales los m\u00e9todos actuales de recogida selectiva de residuos), son perfectas para preparar su espresso illy favorito de forma pr\u00e1ctica sin renunciar al sabor [&hellip;]<\/p>\n","protected":false},"featured_media":6366330,"template":"","meta":{"_acf_changed":false},"product_cat":[11930,11931],"product_tag":[],"class_list":{"0":"post-1880714","1":"product","2":"type-product","3":"status-publish","4":"has-post-thumbnail","6":"product_cat-cafe-es","7":"product_cat-cafe-en-capsulas","9":"first","10":"instock","11":"taxable","12":"shipping-taxable","13":"purchasable","14":"product-type-simple","swatches":"rey-swatches","show_selected":"","stretch_labels":"rey-swatches--stretch-labels"},"acf":[],"yoast_head":"<!-- This site is optimized with the Yoast SEO plugin v25.4 - https:\/\/yoast.com\/wordpress\/plugins\/seo\/ -->\n<title>ILLY 216 Pastillas E.S.E. Espresso Fuerte - dev6 Erresse<\/title>\n<meta name=\"description\" content=\"Paquete de 18 pastillas, total 216 pastillas (12 paquetes). Nueva c\u00e1psula compostable certificada E.S.E. Las c\u00e1psulas compostables certificadas, que\" \/>\n<meta name=\"robots\" content=\"noindex, follow, max-snippet:-1, max-image-preview:large, max-video-preview:-1\" \/>\n<meta property=\"og:locale\" content=\"es_ES\" \/>\n<meta property=\"og:type\" content=\"article\" \/>\n<meta property=\"og:title\" content=\"ILLY 216 Pastillas E.S.E. Espresso Fuerte - dev6 Erresse\" \/>\n<meta property=\"og:description\" content=\"Paquete de 18 pastillas, total 216 pastillas (12 paquetes). Nueva c\u00e1psula compostable certificada E.S.E. Las c\u00e1psulas compostables certificadas, que\" \/>\n<meta property=\"og:url\" content=\"https:\/\/dev6.erresse-shop.it\/es\/shop\/cafe-es\/cafe-en-capsulas\/illy-216-pastillas-e-s-e-espresso-fuerte\/\" \/>\n<meta property=\"og:site_name\" content=\"dev6 Erresse\" \/>\n<meta property=\"og:image\" content=\"https:\/\/interpim.erresse-shop.it\/Import\/Prodotti\/illy-cialde-ese-forte.jpg\" \/><meta property=\"og:image\" content=\"https:\/\/interpim.erresse-shop.it\/Import\/Prodotti\/illy-cialde-ese-forte.jpg\" \/>\n\t<meta property=\"og:image:width\" content=\"1024\" \/>\n\t<meta property=\"og:image:height\" content=\"1024\" \/>\n\t<meta property=\"og:image:type\" content=\"image\/jpeg\" \/>\n<meta name=\"twitter:card\" content=\"summary_large_image\" \/>\n<meta name=\"twitter:image\" content=\"https:\/\/interpim.erresse-shop.it\/Import\/Prodotti\/illy-cialde-ese-forte.jpg\" \/>\n<script type=\"application\/ld+json\" class=\"yoast-schema-graph\">{\"@context\":\"https:\/\/schema.org\",\"@graph\":[{\"@type\":\"WebPage\",\"@id\":\"https:\/\/dev6.erresse-shop.it\/es\/shop\/cafe-es\/cafe-en-capsulas\/illy-216-pastillas-e-s-e-espresso-fuerte\/\",\"url\":\"https:\/\/dev6.erresse-shop.it\/es\/shop\/cafe-es\/cafe-en-capsulas\/illy-216-pastillas-e-s-e-espresso-fuerte\/\",\"name\":\"ILLY 216 Pastillas E.S.E. Espresso Fuerte - dev6 Erresse\",\"isPartOf\":{\"@id\":\"https:\/\/dev6.erresse-shop.it\/#website\"},\"primaryImageOfPage\":{\"@id\":\"https:\/\/dev6.erresse-shop.it\/es\/shop\/cafe-es\/cafe-en-capsulas\/illy-216-pastillas-e-s-e-espresso-fuerte\/#primaryimage\"},\"image\":{\"@id\":\"https:\/\/dev6.erresse-shop.it\/es\/shop\/cafe-es\/cafe-en-capsulas\/illy-216-pastillas-e-s-e-espresso-fuerte\/#primaryimage\"},\"thumbnailUrl\":\"https:\/\/i0.wp.com\/interpim.erresse-shop.it\/Import\/Prodotti\/illy-cialde-ese-forte.jpg?ssl=1\",\"datePublished\":\"2026-04-12T08:29:38+00:00\",\"description\":\"Paquete de 18 pastillas, total 216 pastillas (12 paquetes). Nueva c\u00e1psula compostable certificada E.S.E. Las c\u00e1psulas compostables certificadas, que\",\"breadcrumb\":{\"@id\":\"https:\/\/dev6.erresse-shop.it\/es\/shop\/cafe-es\/cafe-en-capsulas\/illy-216-pastillas-e-s-e-espresso-fuerte\/#breadcrumb\"},\"inLanguage\":\"es\",\"potentialAction\":[{\"@type\":\"ReadAction\",\"target\":[\"https:\/\/dev6.erresse-shop.it\/es\/shop\/cafe-es\/cafe-en-capsulas\/illy-216-pastillas-e-s-e-espresso-fuerte\/\"]}]},{\"@type\":\"ImageObject\",\"inLanguage\":\"es\",\"@id\":\"https:\/\/dev6.erresse-shop.it\/es\/shop\/cafe-es\/cafe-en-capsulas\/illy-216-pastillas-e-s-e-espresso-fuerte\/#primaryimage\",\"url\":\"https:\/\/i0.wp.com\/interpim.erresse-shop.it\/Import\/Prodotti\/illy-cialde-ese-forte.jpg?ssl=1\",\"contentUrl\":\"https:\/\/i0.wp.com\/interpim.erresse-shop.it\/Import\/Prodotti\/illy-cialde-ese-forte.jpg?ssl=1\"},{\"@type\":\"BreadcrumbList\",\"@id\":\"https:\/\/dev6.erresse-shop.it\/es\/shop\/cafe-es\/cafe-en-capsulas\/illy-216-pastillas-e-s-e-espresso-fuerte\/#breadcrumb\",\"itemListElement\":[{\"@type\":\"ListItem\",\"position\":1,\"name\":\"Home\",\"item\":\"https:\/\/dev6.erresse-shop.it\/\"},{\"@type\":\"ListItem\",\"position\":2,\"name\":\"Tienda\",\"item\":\"https:\/\/dev6.erresse-shop.it\/shop\/\"},{\"@type\":\"ListItem\",\"position\":3,\"name\":\"ILLY 216 Pastillas E.S.E. Espresso Fuerte\"}]},{\"@type\":\"WebSite\",\"@id\":\"https:\/\/dev6.erresse-shop.it\/#website\",\"url\":\"https:\/\/dev6.erresse-shop.it\/\",\"name\":\"Erresse Shop\",\"description\":\"\",\"publisher\":{\"@id\":\"https:\/\/dev6.erresse-shop.it\/#organization\"},\"potentialAction\":[{\"@type\":\"SearchAction\",\"target\":{\"@type\":\"EntryPoint\",\"urlTemplate\":\"https:\/\/dev6.erresse-shop.it\/?s={search_term_string}\"},\"query-input\":{\"@type\":\"PropertyValueSpecification\",\"valueRequired\":true,\"valueName\":\"search_term_string\"}}],\"inLanguage\":\"es\"},{\"@type\":\"Organization\",\"@id\":\"https:\/\/dev6.erresse-shop.it\/#organization\",\"name\":\"Erresse Shop\",\"url\":\"https:\/\/dev6.erresse-shop.it\/\",\"logo\":{\"@type\":\"ImageObject\",\"inLanguage\":\"es\",\"@id\":\"https:\/\/dev6.erresse-shop.it\/#\/schema\/logo\/image\/\",\"url\":\"https:\/\/dev6.erresse-shop.it\/wp-content\/uploads\/2025\/01\/LOGO-ERRESSE-CLASSICO.svg\",\"contentUrl\":\"https:\/\/dev6.erresse-shop.it\/wp-content\/uploads\/2025\/01\/LOGO-ERRESSE-CLASSICO.svg\",\"caption\":\"Erresse Shop\"},\"image\":{\"@id\":\"https:\/\/dev6.erresse-shop.it\/#\/schema\/logo\/image\/\"}}]}<\/script>\n<!-- \/ Yoast SEO plugin. -->","yoast_head_json":{"title":"ILLY 216 Pastillas E.S.E. Espresso Fuerte - dev6 Erresse","description":"Paquete de 18 pastillas, total 216 pastillas (12 paquetes). Nueva c\u00e1psula compostable certificada E.S.E. Las c\u00e1psulas compostables certificadas, que","robots":{"index":"noindex","follow":"follow","max-snippet":"max-snippet:-1","max-image-preview":"max-image-preview:large","max-video-preview":"max-video-preview:-1"},"og_locale":"es_ES","og_type":"article","og_title":"ILLY 216 Pastillas E.S.E. Espresso Fuerte - dev6 Erresse","og_description":"Paquete de 18 pastillas, total 216 pastillas (12 paquetes). Nueva c\u00e1psula compostable certificada E.S.E. Las c\u00e1psulas compostables certificadas, que","og_url":"https:\/\/dev6.erresse-shop.it\/es\/shop\/cafe-es\/cafe-en-capsulas\/illy-216-pastillas-e-s-e-espresso-fuerte\/","og_site_name":"dev6 Erresse","og_image":[{"url":"https:\/\/interpim.erresse-shop.it\/Import\/Prodotti\/illy-cialde-ese-forte.jpg","type":"","width":"","height":""},{"url":"https:\/\/interpim.erresse-shop.it\/Import\/Prodotti\/illy-cialde-ese-forte.jpg","width":1024,"height":1024,"type":"image\/jpeg"}],"twitter_card":"summary_large_image","twitter_image":"https:\/\/interpim.erresse-shop.it\/Import\/Prodotti\/illy-cialde-ese-forte.jpg","schema":{"@context":"https:\/\/schema.org","@graph":[{"@type":"WebPage","@id":"https:\/\/dev6.erresse-shop.it\/es\/shop\/cafe-es\/cafe-en-capsulas\/illy-216-pastillas-e-s-e-espresso-fuerte\/","url":"https:\/\/dev6.erresse-shop.it\/es\/shop\/cafe-es\/cafe-en-capsulas\/illy-216-pastillas-e-s-e-espresso-fuerte\/","name":"ILLY 216 Pastillas E.S.E. Espresso Fuerte - dev6 Erresse","isPartOf":{"@id":"https:\/\/dev6.erresse-shop.it\/#website"},"primaryImageOfPage":{"@id":"https:\/\/dev6.erresse-shop.it\/es\/shop\/cafe-es\/cafe-en-capsulas\/illy-216-pastillas-e-s-e-espresso-fuerte\/#primaryimage"},"image":{"@id":"https:\/\/dev6.erresse-shop.it\/es\/shop\/cafe-es\/cafe-en-capsulas\/illy-216-pastillas-e-s-e-espresso-fuerte\/#primaryimage"},"thumbnailUrl":"https:\/\/i0.wp.com\/interpim.erresse-shop.it\/Import\/Prodotti\/illy-cialde-ese-forte.jpg?ssl=1","datePublished":"2026-04-12T08:29:38+00:00","description":"Paquete de 18 pastillas, total 216 pastillas (12 paquetes). Nueva c\u00e1psula compostable certificada E.S.E. Las c\u00e1psulas compostables certificadas, que","breadcrumb":{"@id":"https:\/\/dev6.erresse-shop.it\/es\/shop\/cafe-es\/cafe-en-capsulas\/illy-216-pastillas-e-s-e-espresso-fuerte\/#breadcrumb"},"inLanguage":"es","potentialAction":[{"@type":"ReadAction","target":["https:\/\/dev6.erresse-shop.it\/es\/shop\/cafe-es\/cafe-en-capsulas\/illy-216-pastillas-e-s-e-espresso-fuerte\/"]}]},{"@type":"ImageObject","inLanguage":"es","@id":"https:\/\/dev6.erresse-shop.it\/es\/shop\/cafe-es\/cafe-en-capsulas\/illy-216-pastillas-e-s-e-espresso-fuerte\/#primaryimage","url":"https:\/\/i0.wp.com\/interpim.erresse-shop.it\/Import\/Prodotti\/illy-cialde-ese-forte.jpg?ssl=1","contentUrl":"https:\/\/i0.wp.com\/interpim.erresse-shop.it\/Import\/Prodotti\/illy-cialde-ese-forte.jpg?ssl=1"},{"@type":"BreadcrumbList","@id":"https:\/\/dev6.erresse-shop.it\/es\/shop\/cafe-es\/cafe-en-capsulas\/illy-216-pastillas-e-s-e-espresso-fuerte\/#breadcrumb","itemListElement":[{"@type":"ListItem","position":1,"name":"Home","item":"https:\/\/dev6.erresse-shop.it\/"},{"@type":"ListItem","position":2,"name":"Tienda","item":"https:\/\/dev6.erresse-shop.it\/shop\/"},{"@type":"ListItem","position":3,"name":"ILLY 216 Pastillas E.S.E. Espresso Fuerte"}]},{"@type":"WebSite","@id":"https:\/\/dev6.erresse-shop.it\/#website","url":"https:\/\/dev6.erresse-shop.it\/","name":"Erresse Shop","description":"","publisher":{"@id":"https:\/\/dev6.erresse-shop.it\/#organization"},"potentialAction":[{"@type":"SearchAction","target":{"@type":"EntryPoint","urlTemplate":"https:\/\/dev6.erresse-shop.it\/?s={search_term_string}"},"query-input":{"@type":"PropertyValueSpecification","valueRequired":true,"valueName":"search_term_string"}}],"inLanguage":"es"},{"@type":"Organization","@id":"https:\/\/dev6.erresse-shop.it\/#organization","name":"Erresse Shop","url":"https:\/\/dev6.erresse-shop.it\/","logo":{"@type":"ImageObject","inLanguage":"es","@id":"https:\/\/dev6.erresse-shop.it\/#\/schema\/logo\/image\/","url":"https:\/\/dev6.erresse-shop.it\/wp-content\/uploads\/2025\/01\/LOGO-ERRESSE-CLASSICO.svg","contentUrl":"https:\/\/dev6.erresse-shop.it\/wp-content\/uploads\/2025\/01\/LOGO-ERRESSE-CLASSICO.svg","caption":"Erresse Shop"},"image":{"@id":"https:\/\/dev6.erresse-shop.it\/#\/schema\/logo\/image\/"}}]}},"df_price":65.9,"df_sale_price":"","df_regular_price":65.9,"df_image_link":"https:\/\/i0.wp.com\/interpim.erresse-shop.it\/Import\/Prodotti\/illy-cialde-ese-forte.jpg?resize=300,300&ssl=1","fifu_image_url":"https:\/\/interpim.erresse-shop.it\/Import\/Prodotti\/illy-cialde-ese-forte.jpg","_links":{"self":[{"href":"https:\/\/dev6.erresse-shop.it\/es\/wp-json\/wp\/v2\/product\/1880714","targetHints":{"allow":["GET"]}}],"collection":[{"href":"https:\/\/dev6.erresse-shop.it\/es\/wp-json\/wp\/v2\/product"}],"about":[{"href":"https:\/\/dev6.erresse-shop.it\/es\/wp-json\/wp\/v2\/types\/product"}],"wp:featuredmedia":[{"embeddable":true,"href":"https:\/\/dev6.erresse-shop.it\/es\/wp-json\/wp\/v2\/media\/6366330"}],"wp:attachment":[{"href":"https:\/\/dev6.erresse-shop.it\/es\/wp-json\/wp\/v2\/media?parent=1880714"}],"wp:term":[{"taxonomy":"product_cat","embeddable":true,"href":"https:\/\/dev6.erresse-shop.it\/es\/wp-json\/wp\/v2\/product_cat?post=1880714"},{"taxonomy":"product_tag","embeddable":true,"href":"https:\/\/dev6.erresse-shop.it\/es\/wp-json\/wp\/v2\/product_tag?post=1880714"}],"curies":[{"name":"wp","href":"https:\/\/api.w.org\/{rel}","templated":true}]}}