{"id":1880706,"date":"2026-04-12T10:29:38","date_gmt":"2026-04-12T08:29:38","guid":{"rendered":"https:\/\/dev6.erresse-shop.it\/shop\/sin%20categor\u00eda\/joseph-joseph-tota-cesto-rigido-90l-j-lawes\/"},"modified":"2025-12-08T17:54:30","modified_gmt":"2025-12-08T16:54:30","slug":"joseph-joseph-tota-cesto-rigido-90l-j-lawes","status":"publish","type":"product","link":"https:\/\/dev6.erresse-shop.it\/es\/shop\/mobiliario\/cuarto-de-bano\/joseph-joseph-tota-cesto-rigido-90l-j-lawes\/","title":{"rendered":"JOSEPH JOSEPH Tota Cesto r\u00edgido 90l J Lawes"},"content":{"rendered":"<p>La lavander\u00eda innovadora se une al dise\u00f1o personalizado en la colecci\u00f3n Joseph Joseph x Jonathan Lawes.<\/p>\n<p>Dos compartimentos de 45 litros permiten separar f\u00e1cilmente los tejidos.<\/p>\n<p>Las bolsas extra\u00edbles con asas facilitan el transporte de la colada en la lavadora.<\/p>\n<p>Las asas situadas en la base de las bolsas facilitan su vaciado.<\/p>\n<p>Las bolsas se guardan ordenadamente en el cesto de la ropa sucia, lo que facilita su devoluci\u00f3n.<\/p>\n<p>La tapa oculta la ropa sucia de la vista, manteniendo la casa m\u00e1s ordenada.<\/p>\n<p>Su dise\u00f1o ahorra espacio y es perfecto para dormitorios, cuartos de ba\u00f1o o cuartos de servicio.<\/p>\n<p>Se entrega desmontado con instrucciones de montaje.<\/p>\n<p>Cuidado y uso:<\/p>\n<p>Bolsas: se pueden lavar a m\u00e1quina; consulte las instrucciones en la etiqueta del producto; retire el forro de pl\u00e1stico antes de lavar.<\/p>\n<p>Exterior de tela: limpiar s\u00f3lo con un pa\u00f1o, no lavar a m\u00e1quina<\/p>\n<p>Tapa, bordes y marco: limpiar con un pa\u00f1o h\u00famedo<\/p>\n<p>Precauci\u00f3n: no se siente ni coloque objetos pesados sobre la cesta<\/p>\n<p>No permita que los ni\u00f1os jueguen con la cesta<\/p>\n<p>Es necesario que el usuario realice el montaje: aqu\u00ed encontrar\u00e1 el v\u00eddeo completo con las instrucciones de montaje<\/p>\n<p>Encuentre el folleto de instrucciones completo aqu\u00ed<\/p>\n<p>Dimensiones: H71 x W56 x D39,5 cm (H28 x W22\u00bc x D15\u00be pulgadas)<\/p>\n","protected":false},"excerpt":{"rendered":"<p>La lavander\u00eda innovadora se une al dise\u00f1o personalizado en la colecci\u00f3n Joseph Joseph x Jonathan Lawes. Dos compartimentos de 45 litros permiten separar f\u00e1cilmente los tejidos. Las bolsas extra\u00edbles con asas facilitan el transporte de la colada en la lavadora. Las asas situadas en la base de las bolsas facilitan su vaciado. Las bolsas se [&hellip;]<\/p>\n","protected":false},"featured_media":6366270,"template":"","meta":{"_acf_changed":false},"product_cat":[11966,11882],"product_tag":[],"class_list":{"0":"post-1880706","1":"product","2":"type-product","3":"status-publish","4":"has-post-thumbnail","6":"product_cat-cuarto-de-bano","7":"product_cat-mobiliario","9":"first","10":"instock","11":"sale","12":"taxable","13":"shipping-taxable","14":"purchasable","15":"product-type-simple","swatches":"rey-swatches","show_selected":"","stretch_labels":"rey-swatches--stretch-labels"},"acf":[],"yoast_head":"<!-- This site is optimized with the Yoast SEO plugin v25.4 - https:\/\/yoast.com\/wordpress\/plugins\/seo\/ -->\n<title>JOSEPH JOSEPH Tota Cesto r\u00edgido 90l J Lawes - dev6 Erresse<\/title>\n<meta name=\"description\" content=\"La lavander\u00eda innovadora se une al dise\u00f1o personalizado en la colecci\u00f3n Joseph Joseph x Jonathan Lawes. Dos compartimentos de 45 litros permiten separar\" \/>\n<meta name=\"robots\" content=\"noindex, follow, max-snippet:-1, max-image-preview:large, max-video-preview:-1\" \/>\n<meta property=\"og:locale\" content=\"es_ES\" \/>\n<meta property=\"og:type\" content=\"article\" \/>\n<meta property=\"og:title\" content=\"JOSEPH JOSEPH Tota Cesto r\u00edgido 90l J Lawes - dev6 Erresse\" \/>\n<meta property=\"og:description\" content=\"La lavander\u00eda innovadora se une al dise\u00f1o personalizado en la colecci\u00f3n Joseph Joseph x Jonathan Lawes. Dos compartimentos de 45 litros permiten separar\" \/>\n<meta property=\"og:url\" content=\"https:\/\/dev6.erresse-shop.it\/es\/shop\/mobiliario\/cuarto-de-bano\/joseph-joseph-tota-cesto-rigido-90l-j-lawes\/\" \/>\n<meta property=\"og:site_name\" content=\"dev6 Erresse\" \/>\n<meta property=\"og:image\" content=\"https:\/\/interpim.erresse-shop.it\/Import\/Prodotti\/joseph-joseph-cesta-biancheria-rigido-j-lawes-4.jpg\" \/><meta property=\"og:image\" content=\"https:\/\/interpim.erresse-shop.it\/Import\/Prodotti\/joseph-joseph-cesta-biancheria-rigido-j-lawes-4.jpg\" \/>\n\t<meta property=\"og:image:width\" content=\"1024\" \/>\n\t<meta property=\"og:image:height\" content=\"1024\" \/>\n\t<meta property=\"og:image:type\" content=\"image\/jpeg\" \/>\n<meta name=\"twitter:card\" content=\"summary_large_image\" \/>\n<meta name=\"twitter:image\" content=\"https:\/\/interpim.erresse-shop.it\/Import\/Prodotti\/joseph-joseph-cesta-biancheria-rigido-j-lawes-4.jpg\" \/>\n<script type=\"application\/ld+json\" class=\"yoast-schema-graph\">{\"@context\":\"https:\/\/schema.org\",\"@graph\":[{\"@type\":\"WebPage\",\"@id\":\"https:\/\/dev6.erresse-shop.it\/es\/shop\/mobiliario\/cuarto-de-bano\/joseph-joseph-tota-cesto-rigido-90l-j-lawes\/\",\"url\":\"https:\/\/dev6.erresse-shop.it\/es\/shop\/mobiliario\/cuarto-de-bano\/joseph-joseph-tota-cesto-rigido-90l-j-lawes\/\",\"name\":\"JOSEPH JOSEPH Tota Cesto r\u00edgido 90l J Lawes - dev6 Erresse\",\"isPartOf\":{\"@id\":\"https:\/\/dev6.erresse-shop.it\/#website\"},\"primaryImageOfPage\":{\"@id\":\"https:\/\/dev6.erresse-shop.it\/es\/shop\/mobiliario\/cuarto-de-bano\/joseph-joseph-tota-cesto-rigido-90l-j-lawes\/#primaryimage\"},\"image\":{\"@id\":\"https:\/\/dev6.erresse-shop.it\/es\/shop\/mobiliario\/cuarto-de-bano\/joseph-joseph-tota-cesto-rigido-90l-j-lawes\/#primaryimage\"},\"thumbnailUrl\":\"https:\/\/i1.wp.com\/interpim.erresse-shop.it\/Import\/Prodotti\/joseph-joseph-cesta-biancheria-rigido-j-lawes-4.jpg?ssl=1\",\"datePublished\":\"2026-04-12T08:29:38+00:00\",\"description\":\"La lavander\u00eda innovadora se une al dise\u00f1o personalizado en la colecci\u00f3n Joseph Joseph x Jonathan Lawes. Dos compartimentos de 45 litros permiten separar\",\"breadcrumb\":{\"@id\":\"https:\/\/dev6.erresse-shop.it\/es\/shop\/mobiliario\/cuarto-de-bano\/joseph-joseph-tota-cesto-rigido-90l-j-lawes\/#breadcrumb\"},\"inLanguage\":\"es\",\"potentialAction\":[{\"@type\":\"ReadAction\",\"target\":[\"https:\/\/dev6.erresse-shop.it\/es\/shop\/mobiliario\/cuarto-de-bano\/joseph-joseph-tota-cesto-rigido-90l-j-lawes\/\"]}]},{\"@type\":\"ImageObject\",\"inLanguage\":\"es\",\"@id\":\"https:\/\/dev6.erresse-shop.it\/es\/shop\/mobiliario\/cuarto-de-bano\/joseph-joseph-tota-cesto-rigido-90l-j-lawes\/#primaryimage\",\"url\":\"https:\/\/i1.wp.com\/interpim.erresse-shop.it\/Import\/Prodotti\/joseph-joseph-cesta-biancheria-rigido-j-lawes-4.jpg?ssl=1\",\"contentUrl\":\"https:\/\/i1.wp.com\/interpim.erresse-shop.it\/Import\/Prodotti\/joseph-joseph-cesta-biancheria-rigido-j-lawes-4.jpg?ssl=1\"},{\"@type\":\"BreadcrumbList\",\"@id\":\"https:\/\/dev6.erresse-shop.it\/es\/shop\/mobiliario\/cuarto-de-bano\/joseph-joseph-tota-cesto-rigido-90l-j-lawes\/#breadcrumb\",\"itemListElement\":[{\"@type\":\"ListItem\",\"position\":1,\"name\":\"Home\",\"item\":\"https:\/\/dev6.erresse-shop.it\/\"},{\"@type\":\"ListItem\",\"position\":2,\"name\":\"Tienda\",\"item\":\"https:\/\/dev6.erresse-shop.it\/shop\/\"},{\"@type\":\"ListItem\",\"position\":3,\"name\":\"JOSEPH JOSEPH Tota Cesto r\u00edgido 90l J Lawes\"}]},{\"@type\":\"WebSite\",\"@id\":\"https:\/\/dev6.erresse-shop.it\/#website\",\"url\":\"https:\/\/dev6.erresse-shop.it\/\",\"name\":\"Erresse Shop\",\"description\":\"\",\"publisher\":{\"@id\":\"https:\/\/dev6.erresse-shop.it\/#organization\"},\"potentialAction\":[{\"@type\":\"SearchAction\",\"target\":{\"@type\":\"EntryPoint\",\"urlTemplate\":\"https:\/\/dev6.erresse-shop.it\/?s={search_term_string}\"},\"query-input\":{\"@type\":\"PropertyValueSpecification\",\"valueRequired\":true,\"valueName\":\"search_term_string\"}}],\"inLanguage\":\"es\"},{\"@type\":\"Organization\",\"@id\":\"https:\/\/dev6.erresse-shop.it\/#organization\",\"name\":\"Erresse Shop\",\"url\":\"https:\/\/dev6.erresse-shop.it\/\",\"logo\":{\"@type\":\"ImageObject\",\"inLanguage\":\"es\",\"@id\":\"https:\/\/dev6.erresse-shop.it\/#\/schema\/logo\/image\/\",\"url\":\"https:\/\/dev6.erresse-shop.it\/wp-content\/uploads\/2025\/01\/LOGO-ERRESSE-CLASSICO.svg\",\"contentUrl\":\"https:\/\/dev6.erresse-shop.it\/wp-content\/uploads\/2025\/01\/LOGO-ERRESSE-CLASSICO.svg\",\"caption\":\"Erresse Shop\"},\"image\":{\"@id\":\"https:\/\/dev6.erresse-shop.it\/#\/schema\/logo\/image\/\"}}]}<\/script>\n<!-- \/ Yoast SEO plugin. -->","yoast_head_json":{"title":"JOSEPH JOSEPH Tota Cesto r\u00edgido 90l J Lawes - dev6 Erresse","description":"La lavander\u00eda innovadora se une al dise\u00f1o personalizado en la colecci\u00f3n Joseph Joseph x Jonathan Lawes. Dos compartimentos de 45 litros permiten separar","robots":{"index":"noindex","follow":"follow","max-snippet":"max-snippet:-1","max-image-preview":"max-image-preview:large","max-video-preview":"max-video-preview:-1"},"og_locale":"es_ES","og_type":"article","og_title":"JOSEPH JOSEPH Tota Cesto r\u00edgido 90l J Lawes - dev6 Erresse","og_description":"La lavander\u00eda innovadora se une al dise\u00f1o personalizado en la colecci\u00f3n Joseph Joseph x Jonathan Lawes. Dos compartimentos de 45 litros permiten separar","og_url":"https:\/\/dev6.erresse-shop.it\/es\/shop\/mobiliario\/cuarto-de-bano\/joseph-joseph-tota-cesto-rigido-90l-j-lawes\/","og_site_name":"dev6 Erresse","og_image":[{"url":"https:\/\/interpim.erresse-shop.it\/Import\/Prodotti\/joseph-joseph-cesta-biancheria-rigido-j-lawes-4.jpg","type":"","width":"","height":""},{"url":"https:\/\/interpim.erresse-shop.it\/Import\/Prodotti\/joseph-joseph-cesta-biancheria-rigido-j-lawes-4.jpg","width":1024,"height":1024,"type":"image\/jpeg"}],"twitter_card":"summary_large_image","twitter_image":"https:\/\/interpim.erresse-shop.it\/Import\/Prodotti\/joseph-joseph-cesta-biancheria-rigido-j-lawes-4.jpg","schema":{"@context":"https:\/\/schema.org","@graph":[{"@type":"WebPage","@id":"https:\/\/dev6.erresse-shop.it\/es\/shop\/mobiliario\/cuarto-de-bano\/joseph-joseph-tota-cesto-rigido-90l-j-lawes\/","url":"https:\/\/dev6.erresse-shop.it\/es\/shop\/mobiliario\/cuarto-de-bano\/joseph-joseph-tota-cesto-rigido-90l-j-lawes\/","name":"JOSEPH JOSEPH Tota Cesto r\u00edgido 90l J Lawes - dev6 Erresse","isPartOf":{"@id":"https:\/\/dev6.erresse-shop.it\/#website"},"primaryImageOfPage":{"@id":"https:\/\/dev6.erresse-shop.it\/es\/shop\/mobiliario\/cuarto-de-bano\/joseph-joseph-tota-cesto-rigido-90l-j-lawes\/#primaryimage"},"image":{"@id":"https:\/\/dev6.erresse-shop.it\/es\/shop\/mobiliario\/cuarto-de-bano\/joseph-joseph-tota-cesto-rigido-90l-j-lawes\/#primaryimage"},"thumbnailUrl":"https:\/\/i1.wp.com\/interpim.erresse-shop.it\/Import\/Prodotti\/joseph-joseph-cesta-biancheria-rigido-j-lawes-4.jpg?ssl=1","datePublished":"2026-04-12T08:29:38+00:00","description":"La lavander\u00eda innovadora se une al dise\u00f1o personalizado en la colecci\u00f3n Joseph Joseph x Jonathan Lawes. Dos compartimentos de 45 litros permiten separar","breadcrumb":{"@id":"https:\/\/dev6.erresse-shop.it\/es\/shop\/mobiliario\/cuarto-de-bano\/joseph-joseph-tota-cesto-rigido-90l-j-lawes\/#breadcrumb"},"inLanguage":"es","potentialAction":[{"@type":"ReadAction","target":["https:\/\/dev6.erresse-shop.it\/es\/shop\/mobiliario\/cuarto-de-bano\/joseph-joseph-tota-cesto-rigido-90l-j-lawes\/"]}]},{"@type":"ImageObject","inLanguage":"es","@id":"https:\/\/dev6.erresse-shop.it\/es\/shop\/mobiliario\/cuarto-de-bano\/joseph-joseph-tota-cesto-rigido-90l-j-lawes\/#primaryimage","url":"https:\/\/i1.wp.com\/interpim.erresse-shop.it\/Import\/Prodotti\/joseph-joseph-cesta-biancheria-rigido-j-lawes-4.jpg?ssl=1","contentUrl":"https:\/\/i1.wp.com\/interpim.erresse-shop.it\/Import\/Prodotti\/joseph-joseph-cesta-biancheria-rigido-j-lawes-4.jpg?ssl=1"},{"@type":"BreadcrumbList","@id":"https:\/\/dev6.erresse-shop.it\/es\/shop\/mobiliario\/cuarto-de-bano\/joseph-joseph-tota-cesto-rigido-90l-j-lawes\/#breadcrumb","itemListElement":[{"@type":"ListItem","position":1,"name":"Home","item":"https:\/\/dev6.erresse-shop.it\/"},{"@type":"ListItem","position":2,"name":"Tienda","item":"https:\/\/dev6.erresse-shop.it\/shop\/"},{"@type":"ListItem","position":3,"name":"JOSEPH JOSEPH Tota Cesto r\u00edgido 90l J Lawes"}]},{"@type":"WebSite","@id":"https:\/\/dev6.erresse-shop.it\/#website","url":"https:\/\/dev6.erresse-shop.it\/","name":"Erresse Shop","description":"","publisher":{"@id":"https:\/\/dev6.erresse-shop.it\/#organization"},"potentialAction":[{"@type":"SearchAction","target":{"@type":"EntryPoint","urlTemplate":"https:\/\/dev6.erresse-shop.it\/?s={search_term_string}"},"query-input":{"@type":"PropertyValueSpecification","valueRequired":true,"valueName":"search_term_string"}}],"inLanguage":"es"},{"@type":"Organization","@id":"https:\/\/dev6.erresse-shop.it\/#organization","name":"Erresse Shop","url":"https:\/\/dev6.erresse-shop.it\/","logo":{"@type":"ImageObject","inLanguage":"es","@id":"https:\/\/dev6.erresse-shop.it\/#\/schema\/logo\/image\/","url":"https:\/\/dev6.erresse-shop.it\/wp-content\/uploads\/2025\/01\/LOGO-ERRESSE-CLASSICO.svg","contentUrl":"https:\/\/dev6.erresse-shop.it\/wp-content\/uploads\/2025\/01\/LOGO-ERRESSE-CLASSICO.svg","caption":"Erresse Shop"},"image":{"@id":"https:\/\/dev6.erresse-shop.it\/#\/schema\/logo\/image\/"}}]}},"df_price":109,"df_sale_price":109,"df_regular_price":129.99,"df_image_link":"https:\/\/i1.wp.com\/interpim.erresse-shop.it\/Import\/Prodotti\/joseph-joseph-cesta-biancheria-rigido-j-lawes-4.jpg?resize=300,300&ssl=1","fifu_image_url":"https:\/\/interpim.erresse-shop.it\/Import\/Prodotti\/joseph-joseph-cesta-biancheria-rigido-j-lawes-4.jpg","_links":{"self":[{"href":"https:\/\/dev6.erresse-shop.it\/es\/wp-json\/wp\/v2\/product\/1880706","targetHints":{"allow":["GET"]}}],"collection":[{"href":"https:\/\/dev6.erresse-shop.it\/es\/wp-json\/wp\/v2\/product"}],"about":[{"href":"https:\/\/dev6.erresse-shop.it\/es\/wp-json\/wp\/v2\/types\/product"}],"wp:featuredmedia":[{"embeddable":true,"href":"https:\/\/dev6.erresse-shop.it\/es\/wp-json\/wp\/v2\/media\/6366270"}],"wp:attachment":[{"href":"https:\/\/dev6.erresse-shop.it\/es\/wp-json\/wp\/v2\/media?parent=1880706"}],"wp:term":[{"taxonomy":"product_cat","embeddable":true,"href":"https:\/\/dev6.erresse-shop.it\/es\/wp-json\/wp\/v2\/product_cat?post=1880706"},{"taxonomy":"product_tag","embeddable":true,"href":"https:\/\/dev6.erresse-shop.it\/es\/wp-json\/wp\/v2\/product_tag?post=1880706"}],"curies":[{"name":"wp","href":"https:\/\/api.w.org\/{rel}","templated":true}]}}