{"id":1880632,"date":"2026-04-12T10:26:11","date_gmt":"2026-04-12T08:26:11","guid":{"rendered":"https:\/\/dev6.erresse-shop.it\/shop\/sin%20categor\u00eda\/versace-home-taza-con-tapa-les-tresors-de-la-mer\/"},"modified":"2025-09-14T08:50:52","modified_gmt":"2025-09-14T06:50:52","slug":"versace-home-taza-con-tapa-les-tresors-de-la-mer","status":"publish","type":"product","link":"https:\/\/dev6.erresse-shop.it\/es\/shop\/tabla\/tazas\/versace-home-taza-con-tapa-les-tresors-de-la-mer\/","title":{"rendered":"VERSACE HOME Taza Con Tapa Les Tresors De La Mer"},"content":{"rendered":"<p>Para celebrar su 30 aniversario, Rosenthal meets Versace lanza una colecci\u00f3n especial limitada. 30 tazas decoradas con 30 decoraciones legendarias cuentan la historia de esta extraordinaria colaboraci\u00f3n como un viaje a trav\u00e9s del tiempo, el espacio y las culturas. Las exquisitas tapas est\u00e1n decoradas con una cabeza de Medusa dorada, s\u00edmbolo ic\u00f3nico de Versace desde sus inicios.<\/p>\n<p>Material: Porcelana<\/p>\n<p>Dimensiones: 12 cm de alto<\/p>\n<p>POR RAZONES DE SEGURIDAD, AL TRATARSE DE UN PRODUCTO DE LUJO, EL TIEMPO DE ENV\u00cdO PUEDE TARDAR DOS D\u00cdAS ADICIONALES.<\/p>\n","protected":false},"excerpt":{"rendered":"<p>Para celebrar su 30 aniversario, Rosenthal meets Versace lanza una colecci\u00f3n especial limitada. 30 tazas decoradas con 30 decoraciones legendarias cuentan la historia de esta extraordinaria colaboraci\u00f3n como un viaje a trav\u00e9s del tiempo, el espacio y las culturas. Las exquisitas tapas est\u00e1n decoradas con una cabeza de Medusa dorada, s\u00edmbolo ic\u00f3nico de Versace desde [&hellip;]<\/p>\n","protected":false},"featured_media":6366133,"template":"","meta":{"_acf_changed":false},"product_cat":[11887,11671,11905],"product_tag":[],"class_list":{"0":"post-1880632","1":"product","2":"type-product","3":"status-publish","4":"has-post-thumbnail","6":"product_cat-tabla","7":"product_cat-tavola","8":"product_cat-tazas","10":"first","11":"instock","12":"taxable","13":"shipping-taxable","14":"purchasable","15":"product-type-simple","swatches":"rey-swatches","show_selected":"","stretch_labels":"rey-swatches--stretch-labels"},"acf":[],"yoast_head":"<!-- This site is optimized with the Yoast SEO plugin v25.4 - https:\/\/yoast.com\/wordpress\/plugins\/seo\/ -->\n<title>VERSACE HOME Taza Con Tapa Les Tresors De La Mer - dev6 Erresse<\/title>\n<meta name=\"description\" content=\"Para celebrar su 30 aniversario, Rosenthal meets Versace lanza una colecci\u00f3n especial limitada. 30 tazas decoradas con 30 decoraciones legendarias cuentan\" \/>\n<meta name=\"robots\" content=\"noindex, follow, max-snippet:-1, max-image-preview:large, max-video-preview:-1\" \/>\n<meta property=\"og:locale\" content=\"es_ES\" \/>\n<meta property=\"og:type\" content=\"article\" \/>\n<meta property=\"og:title\" content=\"VERSACE HOME Taza Con Tapa Les Tresors De La Mer - dev6 Erresse\" \/>\n<meta property=\"og:description\" content=\"Para celebrar su 30 aniversario, Rosenthal meets Versace lanza una colecci\u00f3n especial limitada. 30 tazas decoradas con 30 decoraciones legendarias cuentan\" \/>\n<meta property=\"og:url\" content=\"https:\/\/dev6.erresse-shop.it\/es\/shop\/tabla\/tazas\/versace-home-taza-con-tapa-les-tresors-de-la-mer\/\" \/>\n<meta property=\"og:site_name\" content=\"dev6 Erresse\" \/>\n<meta property=\"og:image\" content=\"https:\/\/interpim.erresse-shop.it\/img-catalogo\/versace\/versace-mug-coperchio-limited-les-tresors-de-la-mer.jpg\" \/><meta property=\"og:image\" content=\"https:\/\/interpim.erresse-shop.it\/img-catalogo\/versace\/versace-mug-coperchio-limited-les-tresors-de-la-mer.jpg\" \/>\n\t<meta property=\"og:image:width\" content=\"1024\" \/>\n\t<meta property=\"og:image:height\" content=\"1024\" \/>\n\t<meta property=\"og:image:type\" content=\"image\/jpeg\" \/>\n<meta name=\"twitter:card\" content=\"summary_large_image\" \/>\n<meta name=\"twitter:image\" content=\"https:\/\/interpim.erresse-shop.it\/img-catalogo\/versace\/versace-mug-coperchio-limited-les-tresors-de-la-mer.jpg\" \/>\n<script type=\"application\/ld+json\" class=\"yoast-schema-graph\">{\"@context\":\"https:\/\/schema.org\",\"@graph\":[{\"@type\":\"WebPage\",\"@id\":\"https:\/\/dev6.erresse-shop.it\/es\/shop\/tabla\/tazas\/versace-home-taza-con-tapa-les-tresors-de-la-mer\/\",\"url\":\"https:\/\/dev6.erresse-shop.it\/es\/shop\/tabla\/tazas\/versace-home-taza-con-tapa-les-tresors-de-la-mer\/\",\"name\":\"VERSACE HOME Taza Con Tapa Les Tresors De La Mer - dev6 Erresse\",\"isPartOf\":{\"@id\":\"https:\/\/dev6.erresse-shop.it\/#website\"},\"primaryImageOfPage\":{\"@id\":\"https:\/\/dev6.erresse-shop.it\/es\/shop\/tabla\/tazas\/versace-home-taza-con-tapa-les-tresors-de-la-mer\/#primaryimage\"},\"image\":{\"@id\":\"https:\/\/dev6.erresse-shop.it\/es\/shop\/tabla\/tazas\/versace-home-taza-con-tapa-les-tresors-de-la-mer\/#primaryimage\"},\"thumbnailUrl\":\"https:\/\/i0.wp.com\/interpim.erresse-shop.it\/img-catalogo\/versace\/versace-mug-coperchio-limited-les-tresors-de-la-mer.jpg?ssl=1\",\"datePublished\":\"2026-04-12T08:26:11+00:00\",\"description\":\"Para celebrar su 30 aniversario, Rosenthal meets Versace lanza una colecci\u00f3n especial limitada. 30 tazas decoradas con 30 decoraciones legendarias cuentan\",\"breadcrumb\":{\"@id\":\"https:\/\/dev6.erresse-shop.it\/es\/shop\/tabla\/tazas\/versace-home-taza-con-tapa-les-tresors-de-la-mer\/#breadcrumb\"},\"inLanguage\":\"es\",\"potentialAction\":[{\"@type\":\"ReadAction\",\"target\":[\"https:\/\/dev6.erresse-shop.it\/es\/shop\/tabla\/tazas\/versace-home-taza-con-tapa-les-tresors-de-la-mer\/\"]}]},{\"@type\":\"ImageObject\",\"inLanguage\":\"es\",\"@id\":\"https:\/\/dev6.erresse-shop.it\/es\/shop\/tabla\/tazas\/versace-home-taza-con-tapa-les-tresors-de-la-mer\/#primaryimage\",\"url\":\"https:\/\/i0.wp.com\/interpim.erresse-shop.it\/img-catalogo\/versace\/versace-mug-coperchio-limited-les-tresors-de-la-mer.jpg?ssl=1\",\"contentUrl\":\"https:\/\/i0.wp.com\/interpim.erresse-shop.it\/img-catalogo\/versace\/versace-mug-coperchio-limited-les-tresors-de-la-mer.jpg?ssl=1\"},{\"@type\":\"BreadcrumbList\",\"@id\":\"https:\/\/dev6.erresse-shop.it\/es\/shop\/tabla\/tazas\/versace-home-taza-con-tapa-les-tresors-de-la-mer\/#breadcrumb\",\"itemListElement\":[{\"@type\":\"ListItem\",\"position\":1,\"name\":\"Home\",\"item\":\"https:\/\/dev6.erresse-shop.it\/\"},{\"@type\":\"ListItem\",\"position\":2,\"name\":\"Tienda\",\"item\":\"https:\/\/dev6.erresse-shop.it\/shop\/\"},{\"@type\":\"ListItem\",\"position\":3,\"name\":\"VERSACE HOME Taza Con Tapa Les Tresors De La Mer\"}]},{\"@type\":\"WebSite\",\"@id\":\"https:\/\/dev6.erresse-shop.it\/#website\",\"url\":\"https:\/\/dev6.erresse-shop.it\/\",\"name\":\"Erresse Shop\",\"description\":\"\",\"publisher\":{\"@id\":\"https:\/\/dev6.erresse-shop.it\/#organization\"},\"potentialAction\":[{\"@type\":\"SearchAction\",\"target\":{\"@type\":\"EntryPoint\",\"urlTemplate\":\"https:\/\/dev6.erresse-shop.it\/?s={search_term_string}\"},\"query-input\":{\"@type\":\"PropertyValueSpecification\",\"valueRequired\":true,\"valueName\":\"search_term_string\"}}],\"inLanguage\":\"es\"},{\"@type\":\"Organization\",\"@id\":\"https:\/\/dev6.erresse-shop.it\/#organization\",\"name\":\"Erresse Shop\",\"url\":\"https:\/\/dev6.erresse-shop.it\/\",\"logo\":{\"@type\":\"ImageObject\",\"inLanguage\":\"es\",\"@id\":\"https:\/\/dev6.erresse-shop.it\/#\/schema\/logo\/image\/\",\"url\":\"https:\/\/dev6.erresse-shop.it\/wp-content\/uploads\/2025\/01\/LOGO-ERRESSE-CLASSICO.svg\",\"contentUrl\":\"https:\/\/dev6.erresse-shop.it\/wp-content\/uploads\/2025\/01\/LOGO-ERRESSE-CLASSICO.svg\",\"caption\":\"Erresse Shop\"},\"image\":{\"@id\":\"https:\/\/dev6.erresse-shop.it\/#\/schema\/logo\/image\/\"}}]}<\/script>\n<!-- \/ Yoast SEO plugin. -->","yoast_head_json":{"title":"VERSACE HOME Taza Con Tapa Les Tresors De La Mer - dev6 Erresse","description":"Para celebrar su 30 aniversario, Rosenthal meets Versace lanza una colecci\u00f3n especial limitada. 30 tazas decoradas con 30 decoraciones legendarias cuentan","robots":{"index":"noindex","follow":"follow","max-snippet":"max-snippet:-1","max-image-preview":"max-image-preview:large","max-video-preview":"max-video-preview:-1"},"og_locale":"es_ES","og_type":"article","og_title":"VERSACE HOME Taza Con Tapa Les Tresors De La Mer - dev6 Erresse","og_description":"Para celebrar su 30 aniversario, Rosenthal meets Versace lanza una colecci\u00f3n especial limitada. 30 tazas decoradas con 30 decoraciones legendarias cuentan","og_url":"https:\/\/dev6.erresse-shop.it\/es\/shop\/tabla\/tazas\/versace-home-taza-con-tapa-les-tresors-de-la-mer\/","og_site_name":"dev6 Erresse","og_image":[{"url":"https:\/\/interpim.erresse-shop.it\/img-catalogo\/versace\/versace-mug-coperchio-limited-les-tresors-de-la-mer.jpg","type":"","width":"","height":""},{"url":"https:\/\/interpim.erresse-shop.it\/img-catalogo\/versace\/versace-mug-coperchio-limited-les-tresors-de-la-mer.jpg","width":1024,"height":1024,"type":"image\/jpeg"}],"twitter_card":"summary_large_image","twitter_image":"https:\/\/interpim.erresse-shop.it\/img-catalogo\/versace\/versace-mug-coperchio-limited-les-tresors-de-la-mer.jpg","schema":{"@context":"https:\/\/schema.org","@graph":[{"@type":"WebPage","@id":"https:\/\/dev6.erresse-shop.it\/es\/shop\/tabla\/tazas\/versace-home-taza-con-tapa-les-tresors-de-la-mer\/","url":"https:\/\/dev6.erresse-shop.it\/es\/shop\/tabla\/tazas\/versace-home-taza-con-tapa-les-tresors-de-la-mer\/","name":"VERSACE HOME Taza Con Tapa Les Tresors De La Mer - dev6 Erresse","isPartOf":{"@id":"https:\/\/dev6.erresse-shop.it\/#website"},"primaryImageOfPage":{"@id":"https:\/\/dev6.erresse-shop.it\/es\/shop\/tabla\/tazas\/versace-home-taza-con-tapa-les-tresors-de-la-mer\/#primaryimage"},"image":{"@id":"https:\/\/dev6.erresse-shop.it\/es\/shop\/tabla\/tazas\/versace-home-taza-con-tapa-les-tresors-de-la-mer\/#primaryimage"},"thumbnailUrl":"https:\/\/i0.wp.com\/interpim.erresse-shop.it\/img-catalogo\/versace\/versace-mug-coperchio-limited-les-tresors-de-la-mer.jpg?ssl=1","datePublished":"2026-04-12T08:26:11+00:00","description":"Para celebrar su 30 aniversario, Rosenthal meets Versace lanza una colecci\u00f3n especial limitada. 30 tazas decoradas con 30 decoraciones legendarias cuentan","breadcrumb":{"@id":"https:\/\/dev6.erresse-shop.it\/es\/shop\/tabla\/tazas\/versace-home-taza-con-tapa-les-tresors-de-la-mer\/#breadcrumb"},"inLanguage":"es","potentialAction":[{"@type":"ReadAction","target":["https:\/\/dev6.erresse-shop.it\/es\/shop\/tabla\/tazas\/versace-home-taza-con-tapa-les-tresors-de-la-mer\/"]}]},{"@type":"ImageObject","inLanguage":"es","@id":"https:\/\/dev6.erresse-shop.it\/es\/shop\/tabla\/tazas\/versace-home-taza-con-tapa-les-tresors-de-la-mer\/#primaryimage","url":"https:\/\/i0.wp.com\/interpim.erresse-shop.it\/img-catalogo\/versace\/versace-mug-coperchio-limited-les-tresors-de-la-mer.jpg?ssl=1","contentUrl":"https:\/\/i0.wp.com\/interpim.erresse-shop.it\/img-catalogo\/versace\/versace-mug-coperchio-limited-les-tresors-de-la-mer.jpg?ssl=1"},{"@type":"BreadcrumbList","@id":"https:\/\/dev6.erresse-shop.it\/es\/shop\/tabla\/tazas\/versace-home-taza-con-tapa-les-tresors-de-la-mer\/#breadcrumb","itemListElement":[{"@type":"ListItem","position":1,"name":"Home","item":"https:\/\/dev6.erresse-shop.it\/"},{"@type":"ListItem","position":2,"name":"Tienda","item":"https:\/\/dev6.erresse-shop.it\/shop\/"},{"@type":"ListItem","position":3,"name":"VERSACE HOME Taza Con Tapa Les Tresors De La Mer"}]},{"@type":"WebSite","@id":"https:\/\/dev6.erresse-shop.it\/#website","url":"https:\/\/dev6.erresse-shop.it\/","name":"Erresse Shop","description":"","publisher":{"@id":"https:\/\/dev6.erresse-shop.it\/#organization"},"potentialAction":[{"@type":"SearchAction","target":{"@type":"EntryPoint","urlTemplate":"https:\/\/dev6.erresse-shop.it\/?s={search_term_string}"},"query-input":{"@type":"PropertyValueSpecification","valueRequired":true,"valueName":"search_term_string"}}],"inLanguage":"es"},{"@type":"Organization","@id":"https:\/\/dev6.erresse-shop.it\/#organization","name":"Erresse Shop","url":"https:\/\/dev6.erresse-shop.it\/","logo":{"@type":"ImageObject","inLanguage":"es","@id":"https:\/\/dev6.erresse-shop.it\/#\/schema\/logo\/image\/","url":"https:\/\/dev6.erresse-shop.it\/wp-content\/uploads\/2025\/01\/LOGO-ERRESSE-CLASSICO.svg","contentUrl":"https:\/\/dev6.erresse-shop.it\/wp-content\/uploads\/2025\/01\/LOGO-ERRESSE-CLASSICO.svg","caption":"Erresse Shop"},"image":{"@id":"https:\/\/dev6.erresse-shop.it\/#\/schema\/logo\/image\/"}}]}},"df_price":289,"df_sale_price":"","df_regular_price":289,"df_image_link":"https:\/\/i0.wp.com\/interpim.erresse-shop.it\/img-catalogo\/versace\/versace-mug-coperchio-limited-les-tresors-de-la-mer.jpg?resize=300,300&ssl=1","fifu_image_url":"https:\/\/interpim.erresse-shop.it\/img-catalogo\/versace\/versace-mug-coperchio-limited-les-tresors-de-la-mer.jpg","_links":{"self":[{"href":"https:\/\/dev6.erresse-shop.it\/es\/wp-json\/wp\/v2\/product\/1880632","targetHints":{"allow":["GET"]}}],"collection":[{"href":"https:\/\/dev6.erresse-shop.it\/es\/wp-json\/wp\/v2\/product"}],"about":[{"href":"https:\/\/dev6.erresse-shop.it\/es\/wp-json\/wp\/v2\/types\/product"}],"wp:featuredmedia":[{"embeddable":true,"href":"https:\/\/dev6.erresse-shop.it\/es\/wp-json\/wp\/v2\/media\/6366133"}],"wp:attachment":[{"href":"https:\/\/dev6.erresse-shop.it\/es\/wp-json\/wp\/v2\/media?parent=1880632"}],"wp:term":[{"taxonomy":"product_cat","embeddable":true,"href":"https:\/\/dev6.erresse-shop.it\/es\/wp-json\/wp\/v2\/product_cat?post=1880632"},{"taxonomy":"product_tag","embeddable":true,"href":"https:\/\/dev6.erresse-shop.it\/es\/wp-json\/wp\/v2\/product_tag?post=1880632"}],"curies":[{"name":"wp","href":"https:\/\/api.w.org\/{rel}","templated":true}]}}