{"id":1880542,"date":"2026-04-12T10:22:38","date_gmt":"2026-04-12T08:22:38","guid":{"rendered":"https:\/\/dev6.erresse-shop.it\/shop\/sin%20categor\u00eda\/staub-bateria-de-cocina-rojo-24-cm\/"},"modified":"2025-09-14T08:50:18","modified_gmt":"2025-09-14T06:50:18","slug":"staub-bateria-de-cocina-rojo-24-cm","status":"publish","type":"product","link":"https:\/\/dev6.erresse-shop.it\/es\/shop\/sartenes-y-ollas\/ollas-y-cacerolas\/staub-bateria-de-cocina-rojo-24-cm\/","title":{"rendered":"STAUB Bater\u00eda de Cocina Rojo 24 cm"},"content":{"rendered":"<p>DESCRIPCI\u00d3N<br \/>\nCuando se trata de utensilios de cocina de hierro fundido, dos elementos esenciales forman la base de una cocina bien equipada: una sart\u00e9n o un horno holand\u00e9s. Juntos, estos utensilios satisfar\u00e1n casi todas sus necesidades culinarias. Y con la nueva edici\u00f3n apilable de STAUB, ahora puede guardarlos uno encima del otro cuando no est\u00e9n en uso, para que ocupen el menor espacio posible y se mantengan ordenados.<\/p>\n<p>Este juego de hierro fundido negro consta de una cazuela, una sart\u00e9n y una tapa, cada una con un di\u00e1metro de 24 cm. Incluye un juego de protectores de bordes que deben colocarse entre la cacerola y la Cocotte cuando se guardan en el armario y deben retirarse antes de cocinar. Gracias a su material esmaltado de alta calidad, estas sartenes combinan todas las excelentes caracter\u00edsticas de cocci\u00f3n y durabilidad del hierro fundido con la facilidad de uso y la belleza de los utensilios de cocina esmaltados.<\/p>\n<p>La sart\u00e9n de hierro fundido es perfecta para cocinar carne o pescado, por ejemplo salm\u00f3n con tomates cherry y aceitunas, mientras que la cazuela puede utilizarse para preparar pasta o sopa. Por supuesto, la cazuela tambi\u00e9n se puede meter en el horno para preparar las cl\u00e1sicas recetas de carne asada.<\/p>\n<p>El juego incluye cazuela, sart\u00e9n con dos asas y tapa<br \/>\nCon protectores de bordes para guardarla f\u00e1cilmente<br \/>\nDi\u00e1metro 24 cm<br \/>\nHierro fundido esmaltado de alta calidad<br \/>\nApta para todo tipo de placas, incluidas las de inducci\u00f3n<\/p>\n<p>CARACTER\u00cdSTICAS<br \/>\nMaterial: hierro fundido<br \/>\nTapa existente: s\u00ed<br \/>\nInducci\u00f3n: S\u00ed<br \/>\nApto para horno: S\u00ed<br \/>\nApto para congelador: S\u00ed<br \/>\nApto para vitrocer\u00e1mica: S\u00ed<br \/>\nN\u00famero de piezas: 2<\/p>\n<p>DIMENSIONES<br \/>\nPeso neto: 7,00 kg<br \/>\nLongitud del producto: 30,80 cm<br \/>\nAnchura del producto: 24,00 cm<br \/>\nAltura del producto: 21,60 cm<\/p>\n","protected":false},"excerpt":{"rendered":"<p>DESCRIPCI\u00d3N Cuando se trata de utensilios de cocina de hierro fundido, dos elementos esenciales forman la base de una cocina bien equipada: una sart\u00e9n o un horno holand\u00e9s. Juntos, estos utensilios satisfar\u00e1n casi todas sus necesidades culinarias. Y con la nueva edici\u00f3n apilable de STAUB, ahora puede guardarlos uno encima del otro cuando no est\u00e9n [&hellip;]<\/p>\n","protected":false},"featured_media":6365929,"template":"","meta":{"_acf_changed":false},"product_cat":[11893,11667,11883],"product_tag":[],"class_list":{"0":"post-1880542","1":"product","2":"type-product","3":"status-publish","4":"has-post-thumbnail","6":"product_cat-ollas-y-cacerolas","7":"product_cat-padelle-pentole","8":"product_cat-sartenes-y-ollas","10":"first","11":"instock","12":"sale","13":"taxable","14":"shipping-taxable","15":"purchasable","16":"product-type-simple","swatches":"rey-swatches","show_selected":"","stretch_labels":"rey-swatches--stretch-labels"},"acf":[],"yoast_head":"<!-- This site is optimized with the Yoast SEO plugin v25.4 - https:\/\/yoast.com\/wordpress\/plugins\/seo\/ -->\n<title>STAUB Bater\u00eda de Cocina Rojo 24 cm - dev6 Erresse<\/title>\n<meta name=\"description\" content=\"DESCRIPCI\u00d3N Cuando se trata de utensilios de cocina de hierro fundido, dos elementos esenciales forman la base de una cocina bien equipada: una sart\u00e9n o\" \/>\n<meta name=\"robots\" content=\"noindex, follow, max-snippet:-1, max-image-preview:large, max-video-preview:-1\" \/>\n<meta property=\"og:locale\" content=\"es_ES\" \/>\n<meta property=\"og:type\" content=\"article\" \/>\n<meta property=\"og:title\" content=\"STAUB Bater\u00eda de Cocina Rojo 24 cm - dev6 Erresse\" \/>\n<meta property=\"og:description\" content=\"DESCRIPCI\u00d3N Cuando se trata de utensilios de cocina de hierro fundido, dos elementos esenciales forman la base de una cocina bien equipada: una sart\u00e9n o\" \/>\n<meta property=\"og:url\" content=\"https:\/\/dev6.erresse-shop.it\/es\/shop\/sartenes-y-ollas\/ollas-y-cacerolas\/staub-bateria-de-cocina-rojo-24-cm\/\" \/>\n<meta property=\"og:site_name\" content=\"dev6 Erresse\" \/>\n<meta property=\"og:image\" content=\"https:\/\/interpim.erresse-shop.it\/Import\/Prodotti\/staub-set-di-pentole-cuoci-tutto-rosso-24-cm.jpg\" \/><meta property=\"og:image\" content=\"https:\/\/interpim.erresse-shop.it\/Import\/Prodotti\/staub-set-di-pentole-cuoci-tutto-rosso-24-cm.jpg\" \/>\n\t<meta property=\"og:image:width\" content=\"1024\" \/>\n\t<meta property=\"og:image:height\" content=\"1024\" \/>\n\t<meta property=\"og:image:type\" content=\"image\/jpeg\" \/>\n<meta name=\"twitter:card\" content=\"summary_large_image\" \/>\n<meta name=\"twitter:image\" content=\"https:\/\/interpim.erresse-shop.it\/Import\/Prodotti\/staub-set-di-pentole-cuoci-tutto-rosso-24-cm.jpg\" \/>\n<script type=\"application\/ld+json\" class=\"yoast-schema-graph\">{\"@context\":\"https:\/\/schema.org\",\"@graph\":[{\"@type\":\"WebPage\",\"@id\":\"https:\/\/dev6.erresse-shop.it\/es\/shop\/sartenes-y-ollas\/ollas-y-cacerolas\/staub-bateria-de-cocina-rojo-24-cm\/\",\"url\":\"https:\/\/dev6.erresse-shop.it\/es\/shop\/sartenes-y-ollas\/ollas-y-cacerolas\/staub-bateria-de-cocina-rojo-24-cm\/\",\"name\":\"STAUB Bater\u00eda de Cocina Rojo 24 cm - dev6 Erresse\",\"isPartOf\":{\"@id\":\"https:\/\/dev6.erresse-shop.it\/#website\"},\"primaryImageOfPage\":{\"@id\":\"https:\/\/dev6.erresse-shop.it\/es\/shop\/sartenes-y-ollas\/ollas-y-cacerolas\/staub-bateria-de-cocina-rojo-24-cm\/#primaryimage\"},\"image\":{\"@id\":\"https:\/\/dev6.erresse-shop.it\/es\/shop\/sartenes-y-ollas\/ollas-y-cacerolas\/staub-bateria-de-cocina-rojo-24-cm\/#primaryimage\"},\"thumbnailUrl\":\"https:\/\/i3.wp.com\/interpim.erresse-shop.it\/Import\/Prodotti\/staub-set-di-pentole-cuoci-tutto-rosso-24-cm.jpg?ssl=1\",\"datePublished\":\"2026-04-12T08:22:38+00:00\",\"description\":\"DESCRIPCI\u00d3N Cuando se trata de utensilios de cocina de hierro fundido, dos elementos esenciales forman la base de una cocina bien equipada: una sart\u00e9n o\",\"breadcrumb\":{\"@id\":\"https:\/\/dev6.erresse-shop.it\/es\/shop\/sartenes-y-ollas\/ollas-y-cacerolas\/staub-bateria-de-cocina-rojo-24-cm\/#breadcrumb\"},\"inLanguage\":\"es\",\"potentialAction\":[{\"@type\":\"ReadAction\",\"target\":[\"https:\/\/dev6.erresse-shop.it\/es\/shop\/sartenes-y-ollas\/ollas-y-cacerolas\/staub-bateria-de-cocina-rojo-24-cm\/\"]}]},{\"@type\":\"ImageObject\",\"inLanguage\":\"es\",\"@id\":\"https:\/\/dev6.erresse-shop.it\/es\/shop\/sartenes-y-ollas\/ollas-y-cacerolas\/staub-bateria-de-cocina-rojo-24-cm\/#primaryimage\",\"url\":\"https:\/\/i3.wp.com\/interpim.erresse-shop.it\/Import\/Prodotti\/staub-set-di-pentole-cuoci-tutto-rosso-24-cm.jpg?ssl=1\",\"contentUrl\":\"https:\/\/i3.wp.com\/interpim.erresse-shop.it\/Import\/Prodotti\/staub-set-di-pentole-cuoci-tutto-rosso-24-cm.jpg?ssl=1\"},{\"@type\":\"BreadcrumbList\",\"@id\":\"https:\/\/dev6.erresse-shop.it\/es\/shop\/sartenes-y-ollas\/ollas-y-cacerolas\/staub-bateria-de-cocina-rojo-24-cm\/#breadcrumb\",\"itemListElement\":[{\"@type\":\"ListItem\",\"position\":1,\"name\":\"Home\",\"item\":\"https:\/\/dev6.erresse-shop.it\/\"},{\"@type\":\"ListItem\",\"position\":2,\"name\":\"Tienda\",\"item\":\"https:\/\/dev6.erresse-shop.it\/shop\/\"},{\"@type\":\"ListItem\",\"position\":3,\"name\":\"STAUB Bater\u00eda de Cocina Rojo 24 cm\"}]},{\"@type\":\"WebSite\",\"@id\":\"https:\/\/dev6.erresse-shop.it\/#website\",\"url\":\"https:\/\/dev6.erresse-shop.it\/\",\"name\":\"Erresse Shop\",\"description\":\"\",\"publisher\":{\"@id\":\"https:\/\/dev6.erresse-shop.it\/#organization\"},\"potentialAction\":[{\"@type\":\"SearchAction\",\"target\":{\"@type\":\"EntryPoint\",\"urlTemplate\":\"https:\/\/dev6.erresse-shop.it\/?s={search_term_string}\"},\"query-input\":{\"@type\":\"PropertyValueSpecification\",\"valueRequired\":true,\"valueName\":\"search_term_string\"}}],\"inLanguage\":\"es\"},{\"@type\":\"Organization\",\"@id\":\"https:\/\/dev6.erresse-shop.it\/#organization\",\"name\":\"Erresse Shop\",\"url\":\"https:\/\/dev6.erresse-shop.it\/\",\"logo\":{\"@type\":\"ImageObject\",\"inLanguage\":\"es\",\"@id\":\"https:\/\/dev6.erresse-shop.it\/#\/schema\/logo\/image\/\",\"url\":\"https:\/\/dev6.erresse-shop.it\/wp-content\/uploads\/2025\/01\/LOGO-ERRESSE-CLASSICO.svg\",\"contentUrl\":\"https:\/\/dev6.erresse-shop.it\/wp-content\/uploads\/2025\/01\/LOGO-ERRESSE-CLASSICO.svg\",\"caption\":\"Erresse Shop\"},\"image\":{\"@id\":\"https:\/\/dev6.erresse-shop.it\/#\/schema\/logo\/image\/\"}}]}<\/script>\n<!-- \/ Yoast SEO plugin. -->","yoast_head_json":{"title":"STAUB Bater\u00eda de Cocina Rojo 24 cm - dev6 Erresse","description":"DESCRIPCI\u00d3N Cuando se trata de utensilios de cocina de hierro fundido, dos elementos esenciales forman la base de una cocina bien equipada: una sart\u00e9n o","robots":{"index":"noindex","follow":"follow","max-snippet":"max-snippet:-1","max-image-preview":"max-image-preview:large","max-video-preview":"max-video-preview:-1"},"og_locale":"es_ES","og_type":"article","og_title":"STAUB Bater\u00eda de Cocina Rojo 24 cm - dev6 Erresse","og_description":"DESCRIPCI\u00d3N Cuando se trata de utensilios de cocina de hierro fundido, dos elementos esenciales forman la base de una cocina bien equipada: una sart\u00e9n o","og_url":"https:\/\/dev6.erresse-shop.it\/es\/shop\/sartenes-y-ollas\/ollas-y-cacerolas\/staub-bateria-de-cocina-rojo-24-cm\/","og_site_name":"dev6 Erresse","og_image":[{"url":"https:\/\/interpim.erresse-shop.it\/Import\/Prodotti\/staub-set-di-pentole-cuoci-tutto-rosso-24-cm.jpg","type":"","width":"","height":""},{"url":"https:\/\/interpim.erresse-shop.it\/Import\/Prodotti\/staub-set-di-pentole-cuoci-tutto-rosso-24-cm.jpg","width":1024,"height":1024,"type":"image\/jpeg"}],"twitter_card":"summary_large_image","twitter_image":"https:\/\/interpim.erresse-shop.it\/Import\/Prodotti\/staub-set-di-pentole-cuoci-tutto-rosso-24-cm.jpg","schema":{"@context":"https:\/\/schema.org","@graph":[{"@type":"WebPage","@id":"https:\/\/dev6.erresse-shop.it\/es\/shop\/sartenes-y-ollas\/ollas-y-cacerolas\/staub-bateria-de-cocina-rojo-24-cm\/","url":"https:\/\/dev6.erresse-shop.it\/es\/shop\/sartenes-y-ollas\/ollas-y-cacerolas\/staub-bateria-de-cocina-rojo-24-cm\/","name":"STAUB Bater\u00eda de Cocina Rojo 24 cm - dev6 Erresse","isPartOf":{"@id":"https:\/\/dev6.erresse-shop.it\/#website"},"primaryImageOfPage":{"@id":"https:\/\/dev6.erresse-shop.it\/es\/shop\/sartenes-y-ollas\/ollas-y-cacerolas\/staub-bateria-de-cocina-rojo-24-cm\/#primaryimage"},"image":{"@id":"https:\/\/dev6.erresse-shop.it\/es\/shop\/sartenes-y-ollas\/ollas-y-cacerolas\/staub-bateria-de-cocina-rojo-24-cm\/#primaryimage"},"thumbnailUrl":"https:\/\/i3.wp.com\/interpim.erresse-shop.it\/Import\/Prodotti\/staub-set-di-pentole-cuoci-tutto-rosso-24-cm.jpg?ssl=1","datePublished":"2026-04-12T08:22:38+00:00","description":"DESCRIPCI\u00d3N Cuando se trata de utensilios de cocina de hierro fundido, dos elementos esenciales forman la base de una cocina bien equipada: una sart\u00e9n o","breadcrumb":{"@id":"https:\/\/dev6.erresse-shop.it\/es\/shop\/sartenes-y-ollas\/ollas-y-cacerolas\/staub-bateria-de-cocina-rojo-24-cm\/#breadcrumb"},"inLanguage":"es","potentialAction":[{"@type":"ReadAction","target":["https:\/\/dev6.erresse-shop.it\/es\/shop\/sartenes-y-ollas\/ollas-y-cacerolas\/staub-bateria-de-cocina-rojo-24-cm\/"]}]},{"@type":"ImageObject","inLanguage":"es","@id":"https:\/\/dev6.erresse-shop.it\/es\/shop\/sartenes-y-ollas\/ollas-y-cacerolas\/staub-bateria-de-cocina-rojo-24-cm\/#primaryimage","url":"https:\/\/i3.wp.com\/interpim.erresse-shop.it\/Import\/Prodotti\/staub-set-di-pentole-cuoci-tutto-rosso-24-cm.jpg?ssl=1","contentUrl":"https:\/\/i3.wp.com\/interpim.erresse-shop.it\/Import\/Prodotti\/staub-set-di-pentole-cuoci-tutto-rosso-24-cm.jpg?ssl=1"},{"@type":"BreadcrumbList","@id":"https:\/\/dev6.erresse-shop.it\/es\/shop\/sartenes-y-ollas\/ollas-y-cacerolas\/staub-bateria-de-cocina-rojo-24-cm\/#breadcrumb","itemListElement":[{"@type":"ListItem","position":1,"name":"Home","item":"https:\/\/dev6.erresse-shop.it\/"},{"@type":"ListItem","position":2,"name":"Tienda","item":"https:\/\/dev6.erresse-shop.it\/shop\/"},{"@type":"ListItem","position":3,"name":"STAUB Bater\u00eda de Cocina Rojo 24 cm"}]},{"@type":"WebSite","@id":"https:\/\/dev6.erresse-shop.it\/#website","url":"https:\/\/dev6.erresse-shop.it\/","name":"Erresse Shop","description":"","publisher":{"@id":"https:\/\/dev6.erresse-shop.it\/#organization"},"potentialAction":[{"@type":"SearchAction","target":{"@type":"EntryPoint","urlTemplate":"https:\/\/dev6.erresse-shop.it\/?s={search_term_string}"},"query-input":{"@type":"PropertyValueSpecification","valueRequired":true,"valueName":"search_term_string"}}],"inLanguage":"es"},{"@type":"Organization","@id":"https:\/\/dev6.erresse-shop.it\/#organization","name":"Erresse Shop","url":"https:\/\/dev6.erresse-shop.it\/","logo":{"@type":"ImageObject","inLanguage":"es","@id":"https:\/\/dev6.erresse-shop.it\/#\/schema\/logo\/image\/","url":"https:\/\/dev6.erresse-shop.it\/wp-content\/uploads\/2025\/01\/LOGO-ERRESSE-CLASSICO.svg","contentUrl":"https:\/\/dev6.erresse-shop.it\/wp-content\/uploads\/2025\/01\/LOGO-ERRESSE-CLASSICO.svg","caption":"Erresse Shop"},"image":{"@id":"https:\/\/dev6.erresse-shop.it\/#\/schema\/logo\/image\/"}}]}},"df_price":249.95,"df_sale_price":249.95,"df_regular_price":399,"df_image_link":"https:\/\/i3.wp.com\/interpim.erresse-shop.it\/Import\/Prodotti\/staub-set-di-pentole-cuoci-tutto-rosso-24-cm.jpg?resize=300,300&ssl=1","fifu_image_url":"https:\/\/interpim.erresse-shop.it\/Import\/Prodotti\/staub-set-di-pentole-cuoci-tutto-rosso-24-cm.jpg","_links":{"self":[{"href":"https:\/\/dev6.erresse-shop.it\/es\/wp-json\/wp\/v2\/product\/1880542","targetHints":{"allow":["GET"]}}],"collection":[{"href":"https:\/\/dev6.erresse-shop.it\/es\/wp-json\/wp\/v2\/product"}],"about":[{"href":"https:\/\/dev6.erresse-shop.it\/es\/wp-json\/wp\/v2\/types\/product"}],"wp:featuredmedia":[{"embeddable":true,"href":"https:\/\/dev6.erresse-shop.it\/es\/wp-json\/wp\/v2\/media\/6365929"}],"wp:attachment":[{"href":"https:\/\/dev6.erresse-shop.it\/es\/wp-json\/wp\/v2\/media?parent=1880542"}],"wp:term":[{"taxonomy":"product_cat","embeddable":true,"href":"https:\/\/dev6.erresse-shop.it\/es\/wp-json\/wp\/v2\/product_cat?post=1880542"},{"taxonomy":"product_tag","embeddable":true,"href":"https:\/\/dev6.erresse-shop.it\/es\/wp-json\/wp\/v2\/product_tag?post=1880542"}],"curies":[{"name":"wp","href":"https:\/\/api.w.org\/{rel}","templated":true}]}}