{"id":1880514,"date":"2026-04-12T10:20:51","date_gmt":"2026-04-12T08:20:51","guid":{"rendered":"https:\/\/dev6.erresse-shop.it\/shop\/sin%20categor\u00eda\/marcato-maquina-de-galletas-plata\/"},"modified":"2025-09-14T08:49:30","modified_gmt":"2025-09-14T06:49:30","slug":"marcato-maquina-de-galletas-plata","status":"publish","type":"product","link":"https:\/\/dev6.erresse-shop.it\/es\/shop\/cocina\/maquinas-de-galletas\/marcato-maquina-de-galletas-plata\/","title":{"rendered":"MARCATO M\u00e1quina de Galletas Plata"},"content":{"rendered":"<p>Biscuits es la prensa para galletas m\u00e1s r\u00e1pida y divertida para hacer galletas caseras.<br \/>\nCon unos sencillos gestos creas 20 formas y 2 tama\u00f1os de galletas diferentes, para decorar a tu gusto. Le har\u00e1 redescubrir el sabor, el olor y la autenticidad de las galletas reci\u00e9n horneadas.<\/p>\n<p>Colorido, para su cocina<br \/>\nBiscuits no es una simple galletera: hemos creado un dise\u00f1o atractivo y divertido.<br \/>\nEst\u00e1 fabricada en aluminio anodizado de calidad alimentaria, en 7 colores diferentes, con aros de acero y componentes de ABS.<br \/>\nBiscuits es s\u00f3lida de usar y segura para su salud.<\/p>\n<p>Galletas con sabor cl\u00e1sico<br \/>\nLa versi\u00f3n Classic de la galletera conserva las mismas cualidades de construcci\u00f3n, con l\u00edneas m\u00e1s sencillas y un dise\u00f1o que encaja en cualquier cocina.<\/p>\n<p>LA MASA PARA LAS GALLETAS<br \/>\nIngredientes:<\/p>\n<p>500 g de harina de trigo \u201c00<br \/>\n200 g de az\u00facar<br \/>\n250 g de mantequilla<br \/>\n4 yemas de huevo<br \/>\n1 pizca de sal<br \/>\n1 tacita de leche<\/p>\n<p>Mezclar la harina, el az\u00facar y una pizca de sal en un cuenco. Verter las yemas de huevo en el centro y mezclar la masa con un tenedor. A\u00f1adir la mantequilla derretida al ba\u00f1o mar\u00eda, la leche y amasar la masa con las manos hasta que est\u00e9 completamente lisa y suave.<\/p>\n<p>PREPARAR LAS GALLETAS PARA SU USO<br \/>\nDesenroscar la virola de cierre del molde y levantar el pist\u00f3n. Llenar bien el cilindro de galletas con parte de la masa. Introducir el troquel elegido dentro del anillo de cierre, manteniendo la parte elevada del troquel hacia abajo. Enrosque bien el anillo de cierre en el cilindro. Elija el tama\u00f1o de galletas que desea hacer girando el regulador situado debajo de la palanca.<\/p>\n<p>C\u00d3MO HACER GALLETAS<br \/>\nGire el regulador superior hasta que la parte dentada quede en el lado de la palanca. Baje la palanca varias veces hasta que la masa salga uniformemente por los orificios del troquel. Retire la masa del troquel. Coloque las galletas directamente sobre la bandeja de horno limpia, sin a\u00f1adir mantequilla ni papel de hornear. Empuje hacia abajo la palanca y levante las galletas de la bandeja de horno. La galleta se habr\u00e1 pegado a la superficie. Proceda hasta llenar toda la bandeja de hornear. Precalentar el horno a unos 180 \u00b0C (&#61; 356 \u00b0F). Hornear la bandeja con las galletas durante unos 20 minutos. Una vez cocidas, retire las galletas de la bandeja de horno y dec\u00f3relas a su gusto.<\/p>\n<p>CONSEJOS<\/p>\n<p>Antes de utilizar la m\u00e1quina, lave todos los componentes en agua caliente con detergente y s\u00e9quelos inmediatamente con un pa\u00f1o;<br \/>\nPara levantar el pist\u00f3n, gire el pomo hasta que la parte dentada se sit\u00fae en sentido contrario a la palanca;<br \/>\nSeque siempre cuidadosamente todos los componentes de las galletas;<br \/>\nDecore las galletas con mermelada, trocitos de chocolate, glaseado o fruta confitada;<br \/>\nUtilice ingredientes de alta calidad para obtener unas galletas desmenuzables y sabrosas.<\/p>\n<p>CUIDADO Y MANTENIMIENTO<br \/>\nUnas peque\u00f1as precauciones son suficientes para mantener la m\u00e1quina de bizcochos durante mucho tiempo. No lave nunca la m\u00e1quina en agua ni en el lavavajillas. Despu\u00e9s de cada uso, lave todas las partes de la m\u00e1quina con agua tibia y detergente. Utilice un cepillo peque\u00f1o o un palillo de dientes para eliminar los restos de masa de las matrices y las f\u00e9rulas. Despu\u00e9s del lavado, seque bien las distintas piezas con un pa\u00f1o de algod\u00f3n.<\/p>\n","protected":false},"excerpt":{"rendered":"<p>Biscuits es la prensa para galletas m\u00e1s r\u00e1pida y divertida para hacer galletas caseras. Con unos sencillos gestos creas 20 formas y 2 tama\u00f1os de galletas diferentes, para decorar a tu gusto. Le har\u00e1 redescubrir el sabor, el olor y la autenticidad de las galletas reci\u00e9n horneadas. Colorido, para su cocina Biscuits no es una [&hellip;]<\/p>\n","protected":false},"featured_media":6365848,"template":"","meta":{"_acf_changed":false},"product_cat":[11884,11709,11925,11944],"product_tag":[],"class_list":{"0":"post-1880514","1":"product","2":"type-product","3":"status-publish","4":"has-post-thumbnail","6":"product_cat-cocina","7":"product_cat-macchine-per-biscotti","8":"product_cat-maquinas-de-galletas","9":"product_cat-maquinas-de-pasta","11":"first","12":"instock","13":"sale","14":"taxable","15":"shipping-taxable","16":"purchasable","17":"product-type-simple","swatches":"rey-swatches","show_selected":"","stretch_labels":"rey-swatches--stretch-labels"},"acf":[],"yoast_head":"<!-- This site is optimized with the Yoast SEO plugin v25.4 - https:\/\/yoast.com\/wordpress\/plugins\/seo\/ -->\n<title>MARCATO M\u00e1quina de Galletas Plata - dev6 Erresse<\/title>\n<meta name=\"description\" content=\"Biscuits es la prensa para galletas m\u00e1s r\u00e1pida y divertida para hacer galletas caseras. Con unos sencillos gestos creas 20 formas y 2 tama\u00f1os de galletas\" \/>\n<meta name=\"robots\" content=\"noindex, follow, max-snippet:-1, max-image-preview:large, max-video-preview:-1\" \/>\n<meta property=\"og:locale\" content=\"es_ES\" \/>\n<meta property=\"og:type\" content=\"article\" \/>\n<meta property=\"og:title\" content=\"MARCATO M\u00e1quina de Galletas Plata - dev6 Erresse\" \/>\n<meta property=\"og:description\" content=\"Biscuits es la prensa para galletas m\u00e1s r\u00e1pida y divertida para hacer galletas caseras. Con unos sencillos gestos creas 20 formas y 2 tama\u00f1os de galletas\" \/>\n<meta property=\"og:url\" content=\"https:\/\/dev6.erresse-shop.it\/es\/shop\/cocina\/maquinas-de-galletas\/marcato-maquina-de-galletas-plata\/\" \/>\n<meta property=\"og:site_name\" content=\"dev6 Erresse\" \/>\n<meta property=\"og:image\" content=\"https:\/\/interpim.erresse-shop.it\/Import\/Prodotti\/marcato-macchina-per-biscotti-argento.png\" \/><meta property=\"og:image\" content=\"https:\/\/interpim.erresse-shop.it\/Import\/Prodotti\/marcato-macchina-per-biscotti-argento.png\" \/>\n\t<meta property=\"og:image:width\" content=\"1024\" \/>\n\t<meta property=\"og:image:height\" content=\"1024\" \/>\n\t<meta property=\"og:image:type\" content=\"image\/jpeg\" \/>\n<meta name=\"twitter:card\" content=\"summary_large_image\" \/>\n<meta name=\"twitter:image\" content=\"https:\/\/interpim.erresse-shop.it\/Import\/Prodotti\/marcato-macchina-per-biscotti-argento.png\" \/>\n<script type=\"application\/ld+json\" class=\"yoast-schema-graph\">{\"@context\":\"https:\/\/schema.org\",\"@graph\":[{\"@type\":\"WebPage\",\"@id\":\"https:\/\/dev6.erresse-shop.it\/es\/shop\/cocina\/maquinas-de-galletas\/marcato-maquina-de-galletas-plata\/\",\"url\":\"https:\/\/dev6.erresse-shop.it\/es\/shop\/cocina\/maquinas-de-galletas\/marcato-maquina-de-galletas-plata\/\",\"name\":\"MARCATO M\u00e1quina de Galletas Plata - dev6 Erresse\",\"isPartOf\":{\"@id\":\"https:\/\/dev6.erresse-shop.it\/#website\"},\"primaryImageOfPage\":{\"@id\":\"https:\/\/dev6.erresse-shop.it\/es\/shop\/cocina\/maquinas-de-galletas\/marcato-maquina-de-galletas-plata\/#primaryimage\"},\"image\":{\"@id\":\"https:\/\/dev6.erresse-shop.it\/es\/shop\/cocina\/maquinas-de-galletas\/marcato-maquina-de-galletas-plata\/#primaryimage\"},\"thumbnailUrl\":\"https:\/\/i0.wp.com\/interpim.erresse-shop.it\/Import\/Prodotti\/marcato-macchina-per-biscotti-argento.png?ssl=1\",\"datePublished\":\"2026-04-12T08:20:51+00:00\",\"description\":\"Biscuits es la prensa para galletas m\u00e1s r\u00e1pida y divertida para hacer galletas caseras. Con unos sencillos gestos creas 20 formas y 2 tama\u00f1os de galletas\",\"breadcrumb\":{\"@id\":\"https:\/\/dev6.erresse-shop.it\/es\/shop\/cocina\/maquinas-de-galletas\/marcato-maquina-de-galletas-plata\/#breadcrumb\"},\"inLanguage\":\"es\",\"potentialAction\":[{\"@type\":\"ReadAction\",\"target\":[\"https:\/\/dev6.erresse-shop.it\/es\/shop\/cocina\/maquinas-de-galletas\/marcato-maquina-de-galletas-plata\/\"]}]},{\"@type\":\"ImageObject\",\"inLanguage\":\"es\",\"@id\":\"https:\/\/dev6.erresse-shop.it\/es\/shop\/cocina\/maquinas-de-galletas\/marcato-maquina-de-galletas-plata\/#primaryimage\",\"url\":\"https:\/\/i0.wp.com\/interpim.erresse-shop.it\/Import\/Prodotti\/marcato-macchina-per-biscotti-argento.png?ssl=1\",\"contentUrl\":\"https:\/\/i0.wp.com\/interpim.erresse-shop.it\/Import\/Prodotti\/marcato-macchina-per-biscotti-argento.png?ssl=1\"},{\"@type\":\"BreadcrumbList\",\"@id\":\"https:\/\/dev6.erresse-shop.it\/es\/shop\/cocina\/maquinas-de-galletas\/marcato-maquina-de-galletas-plata\/#breadcrumb\",\"itemListElement\":[{\"@type\":\"ListItem\",\"position\":1,\"name\":\"Home\",\"item\":\"https:\/\/dev6.erresse-shop.it\/\"},{\"@type\":\"ListItem\",\"position\":2,\"name\":\"Tienda\",\"item\":\"https:\/\/dev6.erresse-shop.it\/shop\/\"},{\"@type\":\"ListItem\",\"position\":3,\"name\":\"MARCATO M\u00e1quina de Galletas Plata\"}]},{\"@type\":\"WebSite\",\"@id\":\"https:\/\/dev6.erresse-shop.it\/#website\",\"url\":\"https:\/\/dev6.erresse-shop.it\/\",\"name\":\"Erresse Shop\",\"description\":\"\",\"publisher\":{\"@id\":\"https:\/\/dev6.erresse-shop.it\/#organization\"},\"potentialAction\":[{\"@type\":\"SearchAction\",\"target\":{\"@type\":\"EntryPoint\",\"urlTemplate\":\"https:\/\/dev6.erresse-shop.it\/?s={search_term_string}\"},\"query-input\":{\"@type\":\"PropertyValueSpecification\",\"valueRequired\":true,\"valueName\":\"search_term_string\"}}],\"inLanguage\":\"es\"},{\"@type\":\"Organization\",\"@id\":\"https:\/\/dev6.erresse-shop.it\/#organization\",\"name\":\"Erresse Shop\",\"url\":\"https:\/\/dev6.erresse-shop.it\/\",\"logo\":{\"@type\":\"ImageObject\",\"inLanguage\":\"es\",\"@id\":\"https:\/\/dev6.erresse-shop.it\/#\/schema\/logo\/image\/\",\"url\":\"https:\/\/dev6.erresse-shop.it\/wp-content\/uploads\/2025\/01\/LOGO-ERRESSE-CLASSICO.svg\",\"contentUrl\":\"https:\/\/dev6.erresse-shop.it\/wp-content\/uploads\/2025\/01\/LOGO-ERRESSE-CLASSICO.svg\",\"caption\":\"Erresse Shop\"},\"image\":{\"@id\":\"https:\/\/dev6.erresse-shop.it\/#\/schema\/logo\/image\/\"}}]}<\/script>\n<!-- \/ Yoast SEO plugin. -->","yoast_head_json":{"title":"MARCATO M\u00e1quina de Galletas Plata - dev6 Erresse","description":"Biscuits es la prensa para galletas m\u00e1s r\u00e1pida y divertida para hacer galletas caseras. Con unos sencillos gestos creas 20 formas y 2 tama\u00f1os de galletas","robots":{"index":"noindex","follow":"follow","max-snippet":"max-snippet:-1","max-image-preview":"max-image-preview:large","max-video-preview":"max-video-preview:-1"},"og_locale":"es_ES","og_type":"article","og_title":"MARCATO M\u00e1quina de Galletas Plata - dev6 Erresse","og_description":"Biscuits es la prensa para galletas m\u00e1s r\u00e1pida y divertida para hacer galletas caseras. Con unos sencillos gestos creas 20 formas y 2 tama\u00f1os de galletas","og_url":"https:\/\/dev6.erresse-shop.it\/es\/shop\/cocina\/maquinas-de-galletas\/marcato-maquina-de-galletas-plata\/","og_site_name":"dev6 Erresse","og_image":[{"url":"https:\/\/interpim.erresse-shop.it\/Import\/Prodotti\/marcato-macchina-per-biscotti-argento.png","type":"","width":"","height":""},{"url":"https:\/\/interpim.erresse-shop.it\/Import\/Prodotti\/marcato-macchina-per-biscotti-argento.png","width":1024,"height":1024,"type":"image\/jpeg"}],"twitter_card":"summary_large_image","twitter_image":"https:\/\/interpim.erresse-shop.it\/Import\/Prodotti\/marcato-macchina-per-biscotti-argento.png","schema":{"@context":"https:\/\/schema.org","@graph":[{"@type":"WebPage","@id":"https:\/\/dev6.erresse-shop.it\/es\/shop\/cocina\/maquinas-de-galletas\/marcato-maquina-de-galletas-plata\/","url":"https:\/\/dev6.erresse-shop.it\/es\/shop\/cocina\/maquinas-de-galletas\/marcato-maquina-de-galletas-plata\/","name":"MARCATO M\u00e1quina de Galletas Plata - dev6 Erresse","isPartOf":{"@id":"https:\/\/dev6.erresse-shop.it\/#website"},"primaryImageOfPage":{"@id":"https:\/\/dev6.erresse-shop.it\/es\/shop\/cocina\/maquinas-de-galletas\/marcato-maquina-de-galletas-plata\/#primaryimage"},"image":{"@id":"https:\/\/dev6.erresse-shop.it\/es\/shop\/cocina\/maquinas-de-galletas\/marcato-maquina-de-galletas-plata\/#primaryimage"},"thumbnailUrl":"https:\/\/i0.wp.com\/interpim.erresse-shop.it\/Import\/Prodotti\/marcato-macchina-per-biscotti-argento.png?ssl=1","datePublished":"2026-04-12T08:20:51+00:00","description":"Biscuits es la prensa para galletas m\u00e1s r\u00e1pida y divertida para hacer galletas caseras. Con unos sencillos gestos creas 20 formas y 2 tama\u00f1os de galletas","breadcrumb":{"@id":"https:\/\/dev6.erresse-shop.it\/es\/shop\/cocina\/maquinas-de-galletas\/marcato-maquina-de-galletas-plata\/#breadcrumb"},"inLanguage":"es","potentialAction":[{"@type":"ReadAction","target":["https:\/\/dev6.erresse-shop.it\/es\/shop\/cocina\/maquinas-de-galletas\/marcato-maquina-de-galletas-plata\/"]}]},{"@type":"ImageObject","inLanguage":"es","@id":"https:\/\/dev6.erresse-shop.it\/es\/shop\/cocina\/maquinas-de-galletas\/marcato-maquina-de-galletas-plata\/#primaryimage","url":"https:\/\/i0.wp.com\/interpim.erresse-shop.it\/Import\/Prodotti\/marcato-macchina-per-biscotti-argento.png?ssl=1","contentUrl":"https:\/\/i0.wp.com\/interpim.erresse-shop.it\/Import\/Prodotti\/marcato-macchina-per-biscotti-argento.png?ssl=1"},{"@type":"BreadcrumbList","@id":"https:\/\/dev6.erresse-shop.it\/es\/shop\/cocina\/maquinas-de-galletas\/marcato-maquina-de-galletas-plata\/#breadcrumb","itemListElement":[{"@type":"ListItem","position":1,"name":"Home","item":"https:\/\/dev6.erresse-shop.it\/"},{"@type":"ListItem","position":2,"name":"Tienda","item":"https:\/\/dev6.erresse-shop.it\/shop\/"},{"@type":"ListItem","position":3,"name":"MARCATO M\u00e1quina de Galletas Plata"}]},{"@type":"WebSite","@id":"https:\/\/dev6.erresse-shop.it\/#website","url":"https:\/\/dev6.erresse-shop.it\/","name":"Erresse Shop","description":"","publisher":{"@id":"https:\/\/dev6.erresse-shop.it\/#organization"},"potentialAction":[{"@type":"SearchAction","target":{"@type":"EntryPoint","urlTemplate":"https:\/\/dev6.erresse-shop.it\/?s={search_term_string}"},"query-input":{"@type":"PropertyValueSpecification","valueRequired":true,"valueName":"search_term_string"}}],"inLanguage":"es"},{"@type":"Organization","@id":"https:\/\/dev6.erresse-shop.it\/#organization","name":"Erresse Shop","url":"https:\/\/dev6.erresse-shop.it\/","logo":{"@type":"ImageObject","inLanguage":"es","@id":"https:\/\/dev6.erresse-shop.it\/#\/schema\/logo\/image\/","url":"https:\/\/dev6.erresse-shop.it\/wp-content\/uploads\/2025\/01\/LOGO-ERRESSE-CLASSICO.svg","contentUrl":"https:\/\/dev6.erresse-shop.it\/wp-content\/uploads\/2025\/01\/LOGO-ERRESSE-CLASSICO.svg","caption":"Erresse Shop"},"image":{"@id":"https:\/\/dev6.erresse-shop.it\/#\/schema\/logo\/image\/"}}]}},"df_price":72,"df_sale_price":72,"df_regular_price":89.9,"df_image_link":"https:\/\/i0.wp.com\/interpim.erresse-shop.it\/Import\/Prodotti\/marcato-macchina-per-biscotti-argento.png?resize=300,300&ssl=1","fifu_image_url":"https:\/\/interpim.erresse-shop.it\/Import\/Prodotti\/marcato-macchina-per-biscotti-argento.png","_links":{"self":[{"href":"https:\/\/dev6.erresse-shop.it\/es\/wp-json\/wp\/v2\/product\/1880514","targetHints":{"allow":["GET"]}}],"collection":[{"href":"https:\/\/dev6.erresse-shop.it\/es\/wp-json\/wp\/v2\/product"}],"about":[{"href":"https:\/\/dev6.erresse-shop.it\/es\/wp-json\/wp\/v2\/types\/product"}],"wp:featuredmedia":[{"embeddable":true,"href":"https:\/\/dev6.erresse-shop.it\/es\/wp-json\/wp\/v2\/media\/6365848"}],"wp:attachment":[{"href":"https:\/\/dev6.erresse-shop.it\/es\/wp-json\/wp\/v2\/media?parent=1880514"}],"wp:term":[{"taxonomy":"product_cat","embeddable":true,"href":"https:\/\/dev6.erresse-shop.it\/es\/wp-json\/wp\/v2\/product_cat?post=1880514"},{"taxonomy":"product_tag","embeddable":true,"href":"https:\/\/dev6.erresse-shop.it\/es\/wp-json\/wp\/v2\/product_tag?post=1880514"}],"curies":[{"name":"wp","href":"https:\/\/api.w.org\/{rel}","templated":true}]}}