{"id":1880512,"date":"2026-04-12T10:20:51","date_gmt":"2026-04-12T08:20:51","guid":{"rendered":"https:\/\/dev6.erresse-shop.it\/shop\/sin%20categor\u00eda\/zwilling-focus-set-5-bateria-de-cocina\/"},"modified":"2025-09-14T08:49:26","modified_gmt":"2025-09-14T06:49:26","slug":"zwilling-focus-set-5-bateria-de-cocina","status":"publish","type":"product","link":"https:\/\/dev6.erresse-shop.it\/es\/shop\/sartenes-y-ollas\/juegos-de-ollas\/zwilling-focus-set-5-bateria-de-cocina\/","title":{"rendered":"ZWILLING Focus Set 5 Bater\u00eda de cocina"},"content":{"rendered":"<p>Juego de 5 utensilios de cocina de dise\u00f1o cl\u00e1sico para todas las placas, incluidas las de inducci\u00f3n. Ideal como equipamiento b\u00e1sico y como complemento de las bater\u00edas de cocina existentes.<\/p>\n<p>Cocina de bajo consumo: distribuci\u00f3n r\u00e1pida y uniforme del calor y \u00f3ptima retenci\u00f3n del calor gracias al n\u00facleo de aluminio. Tapa plana de cristal con cierre herm\u00e9tico.<\/p>\n<p>Pr\u00e1ctico de usar: Dosificaci\u00f3n precisa gracias a la escala interna. Asas ergon\u00f3micas para un transporte c\u00f3modo y seguro. Borde plegado para un vertido seguro y sin goteos. F\u00e1cil de limpiar y resistente a los ara\u00f1azos gracias a su superficie mate. Higi\u00e9nico e ins\u00edpido.<\/p>\n<p>Material: acero inoxidable 18\/10 de alta calidad.<\/p>\n<p>Peso: 7,2 kg<\/p>\n<p>Capacidad : 4 l<\/p>\n<p>Apto para lavavajillas. Tambi\u00e9n se puede utilizar en el horno.<\/p>\n<p>Contenido:<\/p>\n<p>3 Ollas &#43; 3 Tapas (\u00d8 16 cm\/1,8 L, \u00d8 20 cm\/4 L, \u00d8 24 cm\/6 L)<br \/>\n1x Cacerola &#43; 1 Tapa (\u00d8 20 cm\/3 L)<br \/>\n1x Cacerola con asa (\u00d8 16 cm\/1,5 L)<\/p>\n","protected":false},"excerpt":{"rendered":"<p>Juego de 5 utensilios de cocina de dise\u00f1o cl\u00e1sico para todas las placas, incluidas las de inducci\u00f3n. Ideal como equipamiento b\u00e1sico y como complemento de las bater\u00edas de cocina existentes. Cocina de bajo consumo: distribuci\u00f3n r\u00e1pida y uniforme del calor y \u00f3ptima retenci\u00f3n del calor gracias al n\u00facleo de aluminio. Tapa plana de cristal con [&hellip;]<\/p>\n","protected":false},"featured_media":6365842,"template":"","meta":{"_acf_changed":false},"product_cat":[11916,11667,11883],"product_tag":[],"class_list":{"0":"post-1880512","1":"product","2":"type-product","3":"status-publish","4":"has-post-thumbnail","6":"product_cat-juegos-de-ollas","7":"product_cat-padelle-pentole","8":"product_cat-sartenes-y-ollas","10":"first","11":"instock","12":"sale","13":"taxable","14":"shipping-taxable","15":"purchasable","16":"product-type-simple","swatches":"rey-swatches","show_selected":"","stretch_labels":"rey-swatches--stretch-labels"},"acf":[],"yoast_head":"<!-- This site is optimized with the Yoast SEO plugin v25.4 - https:\/\/yoast.com\/wordpress\/plugins\/seo\/ -->\n<title>ZWILLING Focus Set 5 Bater\u00eda de cocina - dev6 Erresse<\/title>\n<meta name=\"description\" content=\"Juego de 5 utensilios de cocina de dise\u00f1o cl\u00e1sico para todas las placas, incluidas las de inducci\u00f3n. Ideal como equipamiento b\u00e1sico y como complemento de\" \/>\n<meta name=\"robots\" content=\"noindex, follow, max-snippet:-1, max-image-preview:large, max-video-preview:-1\" \/>\n<meta property=\"og:locale\" content=\"es_ES\" \/>\n<meta property=\"og:type\" content=\"article\" \/>\n<meta property=\"og:title\" content=\"ZWILLING Focus Set 5 Bater\u00eda de cocina - dev6 Erresse\" \/>\n<meta property=\"og:description\" content=\"Juego de 5 utensilios de cocina de dise\u00f1o cl\u00e1sico para todas las placas, incluidas las de inducci\u00f3n. Ideal como equipamiento b\u00e1sico y como complemento de\" \/>\n<meta property=\"og:url\" content=\"https:\/\/dev6.erresse-shop.it\/es\/shop\/sartenes-y-ollas\/juegos-de-ollas\/zwilling-focus-set-5-bateria-de-cocina\/\" \/>\n<meta property=\"og:site_name\" content=\"dev6 Erresse\" \/>\n<meta property=\"og:image\" content=\"https:\/\/interpim.erresse-shop.it\/img-catalogo\/zwilling\/zwilling-focus-set-di-5-pentole.jpg\" \/><meta property=\"og:image\" content=\"https:\/\/interpim.erresse-shop.it\/img-catalogo\/zwilling\/zwilling-focus-set-di-5-pentole.jpg\" \/>\n\t<meta property=\"og:image:width\" content=\"1024\" \/>\n\t<meta property=\"og:image:height\" content=\"1024\" \/>\n\t<meta property=\"og:image:type\" content=\"image\/jpeg\" \/>\n<meta name=\"twitter:card\" content=\"summary_large_image\" \/>\n<meta name=\"twitter:image\" content=\"https:\/\/interpim.erresse-shop.it\/img-catalogo\/zwilling\/zwilling-focus-set-di-5-pentole.jpg\" \/>\n<script type=\"application\/ld+json\" class=\"yoast-schema-graph\">{\"@context\":\"https:\/\/schema.org\",\"@graph\":[{\"@type\":\"WebPage\",\"@id\":\"https:\/\/dev6.erresse-shop.it\/es\/shop\/sartenes-y-ollas\/juegos-de-ollas\/zwilling-focus-set-5-bateria-de-cocina\/\",\"url\":\"https:\/\/dev6.erresse-shop.it\/es\/shop\/sartenes-y-ollas\/juegos-de-ollas\/zwilling-focus-set-5-bateria-de-cocina\/\",\"name\":\"ZWILLING Focus Set 5 Bater\u00eda de cocina - dev6 Erresse\",\"isPartOf\":{\"@id\":\"https:\/\/dev6.erresse-shop.it\/#website\"},\"primaryImageOfPage\":{\"@id\":\"https:\/\/dev6.erresse-shop.it\/es\/shop\/sartenes-y-ollas\/juegos-de-ollas\/zwilling-focus-set-5-bateria-de-cocina\/#primaryimage\"},\"image\":{\"@id\":\"https:\/\/dev6.erresse-shop.it\/es\/shop\/sartenes-y-ollas\/juegos-de-ollas\/zwilling-focus-set-5-bateria-de-cocina\/#primaryimage\"},\"thumbnailUrl\":\"https:\/\/i3.wp.com\/interpim.erresse-shop.it\/img-catalogo\/zwilling\/zwilling-focus-set-di-5-pentole.jpg?ssl=1\",\"datePublished\":\"2026-04-12T08:20:51+00:00\",\"description\":\"Juego de 5 utensilios de cocina de dise\u00f1o cl\u00e1sico para todas las placas, incluidas las de inducci\u00f3n. Ideal como equipamiento b\u00e1sico y como complemento de\",\"breadcrumb\":{\"@id\":\"https:\/\/dev6.erresse-shop.it\/es\/shop\/sartenes-y-ollas\/juegos-de-ollas\/zwilling-focus-set-5-bateria-de-cocina\/#breadcrumb\"},\"inLanguage\":\"es\",\"potentialAction\":[{\"@type\":\"ReadAction\",\"target\":[\"https:\/\/dev6.erresse-shop.it\/es\/shop\/sartenes-y-ollas\/juegos-de-ollas\/zwilling-focus-set-5-bateria-de-cocina\/\"]}]},{\"@type\":\"ImageObject\",\"inLanguage\":\"es\",\"@id\":\"https:\/\/dev6.erresse-shop.it\/es\/shop\/sartenes-y-ollas\/juegos-de-ollas\/zwilling-focus-set-5-bateria-de-cocina\/#primaryimage\",\"url\":\"https:\/\/i3.wp.com\/interpim.erresse-shop.it\/img-catalogo\/zwilling\/zwilling-focus-set-di-5-pentole.jpg?ssl=1\",\"contentUrl\":\"https:\/\/i3.wp.com\/interpim.erresse-shop.it\/img-catalogo\/zwilling\/zwilling-focus-set-di-5-pentole.jpg?ssl=1\"},{\"@type\":\"BreadcrumbList\",\"@id\":\"https:\/\/dev6.erresse-shop.it\/es\/shop\/sartenes-y-ollas\/juegos-de-ollas\/zwilling-focus-set-5-bateria-de-cocina\/#breadcrumb\",\"itemListElement\":[{\"@type\":\"ListItem\",\"position\":1,\"name\":\"Home\",\"item\":\"https:\/\/dev6.erresse-shop.it\/\"},{\"@type\":\"ListItem\",\"position\":2,\"name\":\"Tienda\",\"item\":\"https:\/\/dev6.erresse-shop.it\/shop\/\"},{\"@type\":\"ListItem\",\"position\":3,\"name\":\"ZWILLING Focus Set 5 Bater\u00eda de cocina\"}]},{\"@type\":\"WebSite\",\"@id\":\"https:\/\/dev6.erresse-shop.it\/#website\",\"url\":\"https:\/\/dev6.erresse-shop.it\/\",\"name\":\"Erresse Shop\",\"description\":\"\",\"publisher\":{\"@id\":\"https:\/\/dev6.erresse-shop.it\/#organization\"},\"potentialAction\":[{\"@type\":\"SearchAction\",\"target\":{\"@type\":\"EntryPoint\",\"urlTemplate\":\"https:\/\/dev6.erresse-shop.it\/?s={search_term_string}\"},\"query-input\":{\"@type\":\"PropertyValueSpecification\",\"valueRequired\":true,\"valueName\":\"search_term_string\"}}],\"inLanguage\":\"es\"},{\"@type\":\"Organization\",\"@id\":\"https:\/\/dev6.erresse-shop.it\/#organization\",\"name\":\"Erresse Shop\",\"url\":\"https:\/\/dev6.erresse-shop.it\/\",\"logo\":{\"@type\":\"ImageObject\",\"inLanguage\":\"es\",\"@id\":\"https:\/\/dev6.erresse-shop.it\/#\/schema\/logo\/image\/\",\"url\":\"https:\/\/dev6.erresse-shop.it\/wp-content\/uploads\/2025\/01\/LOGO-ERRESSE-CLASSICO.svg\",\"contentUrl\":\"https:\/\/dev6.erresse-shop.it\/wp-content\/uploads\/2025\/01\/LOGO-ERRESSE-CLASSICO.svg\",\"caption\":\"Erresse Shop\"},\"image\":{\"@id\":\"https:\/\/dev6.erresse-shop.it\/#\/schema\/logo\/image\/\"}}]}<\/script>\n<!-- \/ Yoast SEO plugin. -->","yoast_head_json":{"title":"ZWILLING Focus Set 5 Bater\u00eda de cocina - dev6 Erresse","description":"Juego de 5 utensilios de cocina de dise\u00f1o cl\u00e1sico para todas las placas, incluidas las de inducci\u00f3n. Ideal como equipamiento b\u00e1sico y como complemento de","robots":{"index":"noindex","follow":"follow","max-snippet":"max-snippet:-1","max-image-preview":"max-image-preview:large","max-video-preview":"max-video-preview:-1"},"og_locale":"es_ES","og_type":"article","og_title":"ZWILLING Focus Set 5 Bater\u00eda de cocina - dev6 Erresse","og_description":"Juego de 5 utensilios de cocina de dise\u00f1o cl\u00e1sico para todas las placas, incluidas las de inducci\u00f3n. Ideal como equipamiento b\u00e1sico y como complemento de","og_url":"https:\/\/dev6.erresse-shop.it\/es\/shop\/sartenes-y-ollas\/juegos-de-ollas\/zwilling-focus-set-5-bateria-de-cocina\/","og_site_name":"dev6 Erresse","og_image":[{"url":"https:\/\/interpim.erresse-shop.it\/img-catalogo\/zwilling\/zwilling-focus-set-di-5-pentole.jpg","type":"","width":"","height":""},{"url":"https:\/\/interpim.erresse-shop.it\/img-catalogo\/zwilling\/zwilling-focus-set-di-5-pentole.jpg","width":1024,"height":1024,"type":"image\/jpeg"}],"twitter_card":"summary_large_image","twitter_image":"https:\/\/interpim.erresse-shop.it\/img-catalogo\/zwilling\/zwilling-focus-set-di-5-pentole.jpg","schema":{"@context":"https:\/\/schema.org","@graph":[{"@type":"WebPage","@id":"https:\/\/dev6.erresse-shop.it\/es\/shop\/sartenes-y-ollas\/juegos-de-ollas\/zwilling-focus-set-5-bateria-de-cocina\/","url":"https:\/\/dev6.erresse-shop.it\/es\/shop\/sartenes-y-ollas\/juegos-de-ollas\/zwilling-focus-set-5-bateria-de-cocina\/","name":"ZWILLING Focus Set 5 Bater\u00eda de cocina - dev6 Erresse","isPartOf":{"@id":"https:\/\/dev6.erresse-shop.it\/#website"},"primaryImageOfPage":{"@id":"https:\/\/dev6.erresse-shop.it\/es\/shop\/sartenes-y-ollas\/juegos-de-ollas\/zwilling-focus-set-5-bateria-de-cocina\/#primaryimage"},"image":{"@id":"https:\/\/dev6.erresse-shop.it\/es\/shop\/sartenes-y-ollas\/juegos-de-ollas\/zwilling-focus-set-5-bateria-de-cocina\/#primaryimage"},"thumbnailUrl":"https:\/\/i3.wp.com\/interpim.erresse-shop.it\/img-catalogo\/zwilling\/zwilling-focus-set-di-5-pentole.jpg?ssl=1","datePublished":"2026-04-12T08:20:51+00:00","description":"Juego de 5 utensilios de cocina de dise\u00f1o cl\u00e1sico para todas las placas, incluidas las de inducci\u00f3n. Ideal como equipamiento b\u00e1sico y como complemento de","breadcrumb":{"@id":"https:\/\/dev6.erresse-shop.it\/es\/shop\/sartenes-y-ollas\/juegos-de-ollas\/zwilling-focus-set-5-bateria-de-cocina\/#breadcrumb"},"inLanguage":"es","potentialAction":[{"@type":"ReadAction","target":["https:\/\/dev6.erresse-shop.it\/es\/shop\/sartenes-y-ollas\/juegos-de-ollas\/zwilling-focus-set-5-bateria-de-cocina\/"]}]},{"@type":"ImageObject","inLanguage":"es","@id":"https:\/\/dev6.erresse-shop.it\/es\/shop\/sartenes-y-ollas\/juegos-de-ollas\/zwilling-focus-set-5-bateria-de-cocina\/#primaryimage","url":"https:\/\/i3.wp.com\/interpim.erresse-shop.it\/img-catalogo\/zwilling\/zwilling-focus-set-di-5-pentole.jpg?ssl=1","contentUrl":"https:\/\/i3.wp.com\/interpim.erresse-shop.it\/img-catalogo\/zwilling\/zwilling-focus-set-di-5-pentole.jpg?ssl=1"},{"@type":"BreadcrumbList","@id":"https:\/\/dev6.erresse-shop.it\/es\/shop\/sartenes-y-ollas\/juegos-de-ollas\/zwilling-focus-set-5-bateria-de-cocina\/#breadcrumb","itemListElement":[{"@type":"ListItem","position":1,"name":"Home","item":"https:\/\/dev6.erresse-shop.it\/"},{"@type":"ListItem","position":2,"name":"Tienda","item":"https:\/\/dev6.erresse-shop.it\/shop\/"},{"@type":"ListItem","position":3,"name":"ZWILLING Focus Set 5 Bater\u00eda de cocina"}]},{"@type":"WebSite","@id":"https:\/\/dev6.erresse-shop.it\/#website","url":"https:\/\/dev6.erresse-shop.it\/","name":"Erresse Shop","description":"","publisher":{"@id":"https:\/\/dev6.erresse-shop.it\/#organization"},"potentialAction":[{"@type":"SearchAction","target":{"@type":"EntryPoint","urlTemplate":"https:\/\/dev6.erresse-shop.it\/?s={search_term_string}"},"query-input":{"@type":"PropertyValueSpecification","valueRequired":true,"valueName":"search_term_string"}}],"inLanguage":"es"},{"@type":"Organization","@id":"https:\/\/dev6.erresse-shop.it\/#organization","name":"Erresse Shop","url":"https:\/\/dev6.erresse-shop.it\/","logo":{"@type":"ImageObject","inLanguage":"es","@id":"https:\/\/dev6.erresse-shop.it\/#\/schema\/logo\/image\/","url":"https:\/\/dev6.erresse-shop.it\/wp-content\/uploads\/2025\/01\/LOGO-ERRESSE-CLASSICO.svg","contentUrl":"https:\/\/dev6.erresse-shop.it\/wp-content\/uploads\/2025\/01\/LOGO-ERRESSE-CLASSICO.svg","caption":"Erresse Shop"},"image":{"@id":"https:\/\/dev6.erresse-shop.it\/#\/schema\/logo\/image\/"}}]}},"df_price":179,"df_sale_price":179,"df_regular_price":249,"df_image_link":"https:\/\/i3.wp.com\/interpim.erresse-shop.it\/img-catalogo\/zwilling\/zwilling-focus-set-di-5-pentole.jpg?resize=300,300&ssl=1","fifu_image_url":"https:\/\/interpim.erresse-shop.it\/img-catalogo\/zwilling\/zwilling-focus-set-di-5-pentole.jpg","_links":{"self":[{"href":"https:\/\/dev6.erresse-shop.it\/es\/wp-json\/wp\/v2\/product\/1880512","targetHints":{"allow":["GET"]}}],"collection":[{"href":"https:\/\/dev6.erresse-shop.it\/es\/wp-json\/wp\/v2\/product"}],"about":[{"href":"https:\/\/dev6.erresse-shop.it\/es\/wp-json\/wp\/v2\/types\/product"}],"wp:featuredmedia":[{"embeddable":true,"href":"https:\/\/dev6.erresse-shop.it\/es\/wp-json\/wp\/v2\/media\/6365842"}],"wp:attachment":[{"href":"https:\/\/dev6.erresse-shop.it\/es\/wp-json\/wp\/v2\/media?parent=1880512"}],"wp:term":[{"taxonomy":"product_cat","embeddable":true,"href":"https:\/\/dev6.erresse-shop.it\/es\/wp-json\/wp\/v2\/product_cat?post=1880512"},{"taxonomy":"product_tag","embeddable":true,"href":"https:\/\/dev6.erresse-shop.it\/es\/wp-json\/wp\/v2\/product_tag?post=1880512"}],"curies":[{"name":"wp","href":"https:\/\/api.w.org\/{rel}","templated":true}]}}