{"id":1880472,"date":"2026-04-12T10:19:03","date_gmt":"2026-04-12T08:19:03","guid":{"rendered":"https:\/\/dev6.erresse-shop.it\/shop\/sin%20categor\u00eda\/zwilling-la-mer-freshsave-vaso-plastico-set-aspirador-16-piezas\/"},"modified":"2025-09-14T08:48:25","modified_gmt":"2025-09-14T06:48:25","slug":"zwilling-la-mer-freshsave-vaso-plastico-set-aspirador-16-piezas","status":"publish","type":"product","link":"https:\/\/dev6.erresse-shop.it\/es\/shop\/cocina\/cuchillos\/accesorios-es\/zwilling-la-mer-freshsave-vaso-plastico-set-aspirador-16-piezas\/","title":{"rendered":"ZWILLING La Mer Fresh&#038;Save Vaso\/Pl\u00e1stico Set Aspirador 16 Piezas"},"content":{"rendered":"<p>EL AHORRO DE VACIO ZWILLING: Los alimentos se mantienen frescos hasta 5 veces m\u00e1s tiempo que con el almacenamiento convencional y, con el set de almacenamiento al vac\u00edo FRESH &amp; SAVE, se conservan los sabores y nutrientes. Esto no s\u00f3lo ahorra tiempo y dinero, sino que tambi\u00e9n evita el desperdicio de alimentos.<br \/>\nFRESH &amp; SAVE al vac\u00edo: al pulsar el bot\u00f3n, la c\u00f3moda bomba de vac\u00edo sin cables de FRESH &amp; SAVE succiona el aire del recipiente o bolsa en s\u00f3lo unos segundos. El aparato se detiene autom\u00e1ticamente en cuanto se ha extra\u00eddo la cantidad de aire adecuada.<br \/>\nENVASES DE VACIO: Los 3 envases de vac\u00edo irrompibles FRESH &amp; SAVE de pl\u00e1stico sin BPA son extremadamente vers\u00e1tiles. Tanto si los usas en el microondas como en el congelador o el frigor\u00edfico, estos ligeros recipientes nunca te fallar\u00e1n y son aptos para el lavavajillas. Los 3 recipientes transparentes, fabricados en vidrio borosilicato, son aptos para el horno y su moderno dise\u00f1o tambi\u00e9n los hace ideales para el servicio de mesa.<\/p>\n<p>LUNCHBOX 2IN1 para casa y para llevar: pr\u00e1ctico separador, f\u00e1cil de quitar, para separar dos tipos distintos de comida. La fiambrera tiene el tama\u00f1o \u00f3ptimo para guardar bocadillos, fiambres y canap\u00e9s crudos. Despu\u00e9s de su uso, las fiambreras pueden volver a cerrarse, permaneciendo herm\u00e9ticas gracias a las correas el\u00e1sticas de moderno dise\u00f1o verde y azul. De este modo, los recipientes permanecen herm\u00e9ticamente cerrados, incluso sin tener que hacer el vac\u00edo, durante todo el viaje.<br \/>\nBOLSAS DE VACIO QUE AHORRAN ESPACIO: los alimentos pueden guardarse herm\u00e9ticamente en el congelador y el frigor\u00edfico gracias a la funci\u00f3n de cremallera de las duraderas bolsas de vac\u00edo FRESH &amp; SAVE. Las bolsas reutilizables y que ahorran espacio, que incluyen un accesorio para marinar, son ideales para cocinar y marinar al vac\u00edo.<\/p>\n","protected":false},"excerpt":{"rendered":"<p>EL AHORRO DE VACIO ZWILLING: Los alimentos se mantienen frescos hasta 5 veces m\u00e1s tiempo que con el almacenamiento convencional y, con el set de almacenamiento al vac\u00edo FRESH &amp; SAVE, se conservan los sabores y nutrientes. Esto no s\u00f3lo ahorra tiempo y dinero, sino que tambi\u00e9n evita el desperdicio de alimentos. FRESH &amp; SAVE [&hellip;]<\/p>\n","protected":false},"featured_media":6365693,"template":"","meta":{"_acf_changed":false},"product_cat":[11891,11884,11668,11987],"product_tag":[],"class_list":{"0":"post-1880472","1":"product","2":"type-product","3":"status-publish","4":"has-post-thumbnail","6":"product_cat-accesorios-es","7":"product_cat-cocina","8":"product_cat-cucina","9":"product_cat-vacio","11":"first","12":"instock","13":"sale","14":"taxable","15":"shipping-taxable","16":"purchasable","17":"product-type-simple","swatches":"rey-swatches","show_selected":"","stretch_labels":"rey-swatches--stretch-labels"},"acf":[],"yoast_head":"<!-- This site is optimized with the Yoast SEO plugin v25.4 - https:\/\/yoast.com\/wordpress\/plugins\/seo\/ -->\n<title>ZWILLING La Mer Fresh&#038;Save Vaso\/Pl\u00e1stico Set Aspirador 16 Piezas - dev6 Erresse<\/title>\n<meta name=\"description\" content=\"EL AHORRO DE VACIO ZWILLING: Los alimentos se mantienen frescos hasta 5 veces m\u00e1s tiempo que con el almacenamiento convencional y, con el set de\" \/>\n<meta name=\"robots\" content=\"noindex, follow, max-snippet:-1, max-image-preview:large, max-video-preview:-1\" \/>\n<meta property=\"og:locale\" content=\"es_ES\" \/>\n<meta property=\"og:type\" content=\"article\" \/>\n<meta property=\"og:title\" content=\"ZWILLING La Mer Fresh&#038;Save Vaso\/Pl\u00e1stico Set Aspirador 16 Piezas - dev6 Erresse\" \/>\n<meta property=\"og:description\" content=\"EL AHORRO DE VACIO ZWILLING: Los alimentos se mantienen frescos hasta 5 veces m\u00e1s tiempo que con el almacenamiento convencional y, con el set de\" \/>\n<meta property=\"og:url\" content=\"https:\/\/dev6.erresse-shop.it\/es\/shop\/cocina\/cuchillos\/accesorios-es\/zwilling-la-mer-freshsave-vaso-plastico-set-aspirador-16-piezas\/\" \/>\n<meta property=\"og:site_name\" content=\"dev6 Erresse\" \/>\n<meta property=\"og:image\" content=\"https:\/\/interpim.erresse-shop.it\/img-catalogo\/zwilling\/zwilling-sottovuoto-16-pz-1.jpg\" \/><meta property=\"og:image\" content=\"https:\/\/interpim.erresse-shop.it\/img-catalogo\/zwilling\/zwilling-sottovuoto-16-pz-1.jpg\" \/>\n\t<meta property=\"og:image:width\" content=\"1024\" \/>\n\t<meta property=\"og:image:height\" content=\"1024\" \/>\n\t<meta property=\"og:image:type\" content=\"image\/jpeg\" \/>\n<meta name=\"twitter:card\" content=\"summary_large_image\" \/>\n<meta name=\"twitter:image\" content=\"https:\/\/interpim.erresse-shop.it\/img-catalogo\/zwilling\/zwilling-sottovuoto-16-pz-1.jpg\" \/>\n<script type=\"application\/ld+json\" class=\"yoast-schema-graph\">{\"@context\":\"https:\/\/schema.org\",\"@graph\":[{\"@type\":\"WebPage\",\"@id\":\"https:\/\/dev6.erresse-shop.it\/es\/shop\/cocina\/cuchillos\/accesorios-es\/zwilling-la-mer-freshsave-vaso-plastico-set-aspirador-16-piezas\/\",\"url\":\"https:\/\/dev6.erresse-shop.it\/es\/shop\/cocina\/cuchillos\/accesorios-es\/zwilling-la-mer-freshsave-vaso-plastico-set-aspirador-16-piezas\/\",\"name\":\"ZWILLING La Mer Fresh&#038;Save Vaso\/Pl\u00e1stico Set Aspirador 16 Piezas - dev6 Erresse\",\"isPartOf\":{\"@id\":\"https:\/\/dev6.erresse-shop.it\/#website\"},\"primaryImageOfPage\":{\"@id\":\"https:\/\/dev6.erresse-shop.it\/es\/shop\/cocina\/cuchillos\/accesorios-es\/zwilling-la-mer-freshsave-vaso-plastico-set-aspirador-16-piezas\/#primaryimage\"},\"image\":{\"@id\":\"https:\/\/dev6.erresse-shop.it\/es\/shop\/cocina\/cuchillos\/accesorios-es\/zwilling-la-mer-freshsave-vaso-plastico-set-aspirador-16-piezas\/#primaryimage\"},\"thumbnailUrl\":\"https:\/\/i0.wp.com\/interpim.erresse-shop.it\/img-catalogo\/zwilling\/zwilling-sottovuoto-16-pz-1.jpg?ssl=1\",\"datePublished\":\"2026-04-12T08:19:03+00:00\",\"description\":\"EL AHORRO DE VACIO ZWILLING: Los alimentos se mantienen frescos hasta 5 veces m\u00e1s tiempo que con el almacenamiento convencional y, con el set de\",\"breadcrumb\":{\"@id\":\"https:\/\/dev6.erresse-shop.it\/es\/shop\/cocina\/cuchillos\/accesorios-es\/zwilling-la-mer-freshsave-vaso-plastico-set-aspirador-16-piezas\/#breadcrumb\"},\"inLanguage\":\"es\",\"potentialAction\":[{\"@type\":\"ReadAction\",\"target\":[\"https:\/\/dev6.erresse-shop.it\/es\/shop\/cocina\/cuchillos\/accesorios-es\/zwilling-la-mer-freshsave-vaso-plastico-set-aspirador-16-piezas\/\"]}]},{\"@type\":\"ImageObject\",\"inLanguage\":\"es\",\"@id\":\"https:\/\/dev6.erresse-shop.it\/es\/shop\/cocina\/cuchillos\/accesorios-es\/zwilling-la-mer-freshsave-vaso-plastico-set-aspirador-16-piezas\/#primaryimage\",\"url\":\"https:\/\/i0.wp.com\/interpim.erresse-shop.it\/img-catalogo\/zwilling\/zwilling-sottovuoto-16-pz-1.jpg?ssl=1\",\"contentUrl\":\"https:\/\/i0.wp.com\/interpim.erresse-shop.it\/img-catalogo\/zwilling\/zwilling-sottovuoto-16-pz-1.jpg?ssl=1\"},{\"@type\":\"BreadcrumbList\",\"@id\":\"https:\/\/dev6.erresse-shop.it\/es\/shop\/cocina\/cuchillos\/accesorios-es\/zwilling-la-mer-freshsave-vaso-plastico-set-aspirador-16-piezas\/#breadcrumb\",\"itemListElement\":[{\"@type\":\"ListItem\",\"position\":1,\"name\":\"Home\",\"item\":\"https:\/\/dev6.erresse-shop.it\/\"},{\"@type\":\"ListItem\",\"position\":2,\"name\":\"Tienda\",\"item\":\"https:\/\/dev6.erresse-shop.it\/shop\/\"},{\"@type\":\"ListItem\",\"position\":3,\"name\":\"ZWILLING La Mer Fresh&#038;Save Vaso\/Pl\u00e1stico Set Aspirador 16 Piezas\"}]},{\"@type\":\"WebSite\",\"@id\":\"https:\/\/dev6.erresse-shop.it\/#website\",\"url\":\"https:\/\/dev6.erresse-shop.it\/\",\"name\":\"Erresse Shop\",\"description\":\"\",\"publisher\":{\"@id\":\"https:\/\/dev6.erresse-shop.it\/#organization\"},\"potentialAction\":[{\"@type\":\"SearchAction\",\"target\":{\"@type\":\"EntryPoint\",\"urlTemplate\":\"https:\/\/dev6.erresse-shop.it\/?s={search_term_string}\"},\"query-input\":{\"@type\":\"PropertyValueSpecification\",\"valueRequired\":true,\"valueName\":\"search_term_string\"}}],\"inLanguage\":\"es\"},{\"@type\":\"Organization\",\"@id\":\"https:\/\/dev6.erresse-shop.it\/#organization\",\"name\":\"Erresse Shop\",\"url\":\"https:\/\/dev6.erresse-shop.it\/\",\"logo\":{\"@type\":\"ImageObject\",\"inLanguage\":\"es\",\"@id\":\"https:\/\/dev6.erresse-shop.it\/#\/schema\/logo\/image\/\",\"url\":\"https:\/\/dev6.erresse-shop.it\/wp-content\/uploads\/2025\/01\/LOGO-ERRESSE-CLASSICO.svg\",\"contentUrl\":\"https:\/\/dev6.erresse-shop.it\/wp-content\/uploads\/2025\/01\/LOGO-ERRESSE-CLASSICO.svg\",\"caption\":\"Erresse Shop\"},\"image\":{\"@id\":\"https:\/\/dev6.erresse-shop.it\/#\/schema\/logo\/image\/\"}}]}<\/script>\n<!-- \/ Yoast SEO plugin. -->","yoast_head_json":{"title":"ZWILLING La Mer Fresh&#038;Save Vaso\/Pl\u00e1stico Set Aspirador 16 Piezas - dev6 Erresse","description":"EL AHORRO DE VACIO ZWILLING: Los alimentos se mantienen frescos hasta 5 veces m\u00e1s tiempo que con el almacenamiento convencional y, con el set de","robots":{"index":"noindex","follow":"follow","max-snippet":"max-snippet:-1","max-image-preview":"max-image-preview:large","max-video-preview":"max-video-preview:-1"},"og_locale":"es_ES","og_type":"article","og_title":"ZWILLING La Mer Fresh&#038;Save Vaso\/Pl\u00e1stico Set Aspirador 16 Piezas - dev6 Erresse","og_description":"EL AHORRO DE VACIO ZWILLING: Los alimentos se mantienen frescos hasta 5 veces m\u00e1s tiempo que con el almacenamiento convencional y, con el set de","og_url":"https:\/\/dev6.erresse-shop.it\/es\/shop\/cocina\/cuchillos\/accesorios-es\/zwilling-la-mer-freshsave-vaso-plastico-set-aspirador-16-piezas\/","og_site_name":"dev6 Erresse","og_image":[{"url":"https:\/\/interpim.erresse-shop.it\/img-catalogo\/zwilling\/zwilling-sottovuoto-16-pz-1.jpg","type":"","width":"","height":""},{"url":"https:\/\/interpim.erresse-shop.it\/img-catalogo\/zwilling\/zwilling-sottovuoto-16-pz-1.jpg","width":1024,"height":1024,"type":"image\/jpeg"}],"twitter_card":"summary_large_image","twitter_image":"https:\/\/interpim.erresse-shop.it\/img-catalogo\/zwilling\/zwilling-sottovuoto-16-pz-1.jpg","schema":{"@context":"https:\/\/schema.org","@graph":[{"@type":"WebPage","@id":"https:\/\/dev6.erresse-shop.it\/es\/shop\/cocina\/cuchillos\/accesorios-es\/zwilling-la-mer-freshsave-vaso-plastico-set-aspirador-16-piezas\/","url":"https:\/\/dev6.erresse-shop.it\/es\/shop\/cocina\/cuchillos\/accesorios-es\/zwilling-la-mer-freshsave-vaso-plastico-set-aspirador-16-piezas\/","name":"ZWILLING La Mer Fresh&#038;Save Vaso\/Pl\u00e1stico Set Aspirador 16 Piezas - dev6 Erresse","isPartOf":{"@id":"https:\/\/dev6.erresse-shop.it\/#website"},"primaryImageOfPage":{"@id":"https:\/\/dev6.erresse-shop.it\/es\/shop\/cocina\/cuchillos\/accesorios-es\/zwilling-la-mer-freshsave-vaso-plastico-set-aspirador-16-piezas\/#primaryimage"},"image":{"@id":"https:\/\/dev6.erresse-shop.it\/es\/shop\/cocina\/cuchillos\/accesorios-es\/zwilling-la-mer-freshsave-vaso-plastico-set-aspirador-16-piezas\/#primaryimage"},"thumbnailUrl":"https:\/\/i0.wp.com\/interpim.erresse-shop.it\/img-catalogo\/zwilling\/zwilling-sottovuoto-16-pz-1.jpg?ssl=1","datePublished":"2026-04-12T08:19:03+00:00","description":"EL AHORRO DE VACIO ZWILLING: Los alimentos se mantienen frescos hasta 5 veces m\u00e1s tiempo que con el almacenamiento convencional y, con el set de","breadcrumb":{"@id":"https:\/\/dev6.erresse-shop.it\/es\/shop\/cocina\/cuchillos\/accesorios-es\/zwilling-la-mer-freshsave-vaso-plastico-set-aspirador-16-piezas\/#breadcrumb"},"inLanguage":"es","potentialAction":[{"@type":"ReadAction","target":["https:\/\/dev6.erresse-shop.it\/es\/shop\/cocina\/cuchillos\/accesorios-es\/zwilling-la-mer-freshsave-vaso-plastico-set-aspirador-16-piezas\/"]}]},{"@type":"ImageObject","inLanguage":"es","@id":"https:\/\/dev6.erresse-shop.it\/es\/shop\/cocina\/cuchillos\/accesorios-es\/zwilling-la-mer-freshsave-vaso-plastico-set-aspirador-16-piezas\/#primaryimage","url":"https:\/\/i0.wp.com\/interpim.erresse-shop.it\/img-catalogo\/zwilling\/zwilling-sottovuoto-16-pz-1.jpg?ssl=1","contentUrl":"https:\/\/i0.wp.com\/interpim.erresse-shop.it\/img-catalogo\/zwilling\/zwilling-sottovuoto-16-pz-1.jpg?ssl=1"},{"@type":"BreadcrumbList","@id":"https:\/\/dev6.erresse-shop.it\/es\/shop\/cocina\/cuchillos\/accesorios-es\/zwilling-la-mer-freshsave-vaso-plastico-set-aspirador-16-piezas\/#breadcrumb","itemListElement":[{"@type":"ListItem","position":1,"name":"Home","item":"https:\/\/dev6.erresse-shop.it\/"},{"@type":"ListItem","position":2,"name":"Tienda","item":"https:\/\/dev6.erresse-shop.it\/shop\/"},{"@type":"ListItem","position":3,"name":"ZWILLING La Mer Fresh&#038;Save Vaso\/Pl\u00e1stico Set Aspirador 16 Piezas"}]},{"@type":"WebSite","@id":"https:\/\/dev6.erresse-shop.it\/#website","url":"https:\/\/dev6.erresse-shop.it\/","name":"Erresse Shop","description":"","publisher":{"@id":"https:\/\/dev6.erresse-shop.it\/#organization"},"potentialAction":[{"@type":"SearchAction","target":{"@type":"EntryPoint","urlTemplate":"https:\/\/dev6.erresse-shop.it\/?s={search_term_string}"},"query-input":{"@type":"PropertyValueSpecification","valueRequired":true,"valueName":"search_term_string"}}],"inLanguage":"es"},{"@type":"Organization","@id":"https:\/\/dev6.erresse-shop.it\/#organization","name":"Erresse Shop","url":"https:\/\/dev6.erresse-shop.it\/","logo":{"@type":"ImageObject","inLanguage":"es","@id":"https:\/\/dev6.erresse-shop.it\/#\/schema\/logo\/image\/","url":"https:\/\/dev6.erresse-shop.it\/wp-content\/uploads\/2025\/01\/LOGO-ERRESSE-CLASSICO.svg","contentUrl":"https:\/\/dev6.erresse-shop.it\/wp-content\/uploads\/2025\/01\/LOGO-ERRESSE-CLASSICO.svg","caption":"Erresse Shop"},"image":{"@id":"https:\/\/dev6.erresse-shop.it\/#\/schema\/logo\/image\/"}}]}},"df_price":109,"df_sale_price":109,"df_regular_price":149,"df_image_link":"https:\/\/i0.wp.com\/interpim.erresse-shop.it\/img-catalogo\/zwilling\/zwilling-sottovuoto-16-pz-1.jpg?resize=300,300&ssl=1","fifu_image_url":"https:\/\/interpim.erresse-shop.it\/img-catalogo\/zwilling\/zwilling-sottovuoto-16-pz-1.jpg","_links":{"self":[{"href":"https:\/\/dev6.erresse-shop.it\/es\/wp-json\/wp\/v2\/product\/1880472","targetHints":{"allow":["GET"]}}],"collection":[{"href":"https:\/\/dev6.erresse-shop.it\/es\/wp-json\/wp\/v2\/product"}],"about":[{"href":"https:\/\/dev6.erresse-shop.it\/es\/wp-json\/wp\/v2\/types\/product"}],"wp:featuredmedia":[{"embeddable":true,"href":"https:\/\/dev6.erresse-shop.it\/es\/wp-json\/wp\/v2\/media\/6365693"}],"wp:attachment":[{"href":"https:\/\/dev6.erresse-shop.it\/es\/wp-json\/wp\/v2\/media?parent=1880472"}],"wp:term":[{"taxonomy":"product_cat","embeddable":true,"href":"https:\/\/dev6.erresse-shop.it\/es\/wp-json\/wp\/v2\/product_cat?post=1880472"},{"taxonomy":"product_tag","embeddable":true,"href":"https:\/\/dev6.erresse-shop.it\/es\/wp-json\/wp\/v2\/product_tag?post=1880472"}],"curies":[{"name":"wp","href":"https:\/\/api.w.org\/{rel}","templated":true}]}}