{"id":1880460,"date":"2026-04-12T10:19:03","date_gmt":"2026-04-12T08:19:03","guid":{"rendered":"https:\/\/dev6.erresse-shop.it\/shop\/sin%20categor\u00eda\/staub-cacerola-gris-grafito-14-cm\/"},"modified":"2025-09-14T08:48:11","modified_gmt":"2025-09-14T06:48:11","slug":"staub-cacerola-gris-grafito-14-cm","status":"publish","type":"product","link":"https:\/\/dev6.erresse-shop.it\/es\/shop\/sartenes-y-ollas\/ollas-y-cacerolas\/staub-cacerola-gris-grafito-14-cm\/","title":{"rendered":"STAUB Cacerola Gris Grafito 14 cm"},"content":{"rendered":"<p>La cacerola redonda de hierro fundido gris grafito est\u00e1 esmaltada tanto por fuera como por dentro. Los chefs y expertos de renombre aprecian su capacidad para retener el calor eficazmente y mantener el sabor y la consistencia de las salsas durante mucho tiempo en la mesa. La sart\u00e9n es apta para todo tipo de cocinas y no raya las superficies de cocci\u00f3n. Tiene un di\u00e1metro de 14 cm y una capacidad de 1,2 litros. La salsera de calidad de la gama Staub Special permite servir salsas f\u00e1cilmente y mantenerlas calientes durante mucho tiempo.<\/p>\n<p>Prepara y sirve salsas<br \/>\nMantiene los platos calientes durante mucho tiempo en la mesa<br \/>\nApta para todo tipo de placas, incluida la inducci\u00f3n, tambi\u00e9n se puede colocar en el horno\/parrilla<\/p>\n<p>Resistencia al calor: 240 \u00baC<br \/>\nResistencia al fr\u00edo: -20 \u00baC<br \/>\nMaterial: hierro fundido<br \/>\nTapa existente: s\u00ed<br \/>\nInducci\u00f3n: s\u00ed<br \/>\nApto para horno: S\u00ed<br \/>\nApto para congelador: S\u00ed<br \/>\nApto para vitrocer\u00e1mica: S\u00ed<br \/>\nApto para lavavajillas: S\u00ed<\/p>\n<p>DIMENSIONES<br \/>\nPeso neto: 2,00 kg<br \/>\nCapacidad: 1,20 l<br \/>\nLongitud del producto: 21,20 cm<br \/>\nAnchura del producto: 17,00 cm<br \/>\nAltura del producto: 0,10 cm<br \/>\nAltura sin tapa: 11,50 cm<br \/>\nDi\u00e1metro superior: 14,00 cm<br \/>\nDi\u00e1metro inferior: 7,50 cm<\/p>\n","protected":false},"excerpt":{"rendered":"<p>La cacerola redonda de hierro fundido gris grafito est\u00e1 esmaltada tanto por fuera como por dentro. Los chefs y expertos de renombre aprecian su capacidad para retener el calor eficazmente y mantener el sabor y la consistencia de las salsas durante mucho tiempo en la mesa. La sart\u00e9n es apta para todo tipo de cocinas [&hellip;]<\/p>\n","protected":false},"featured_media":6365638,"template":"","meta":{"_acf_changed":false},"product_cat":[11893,11667,11883],"product_tag":[],"class_list":{"0":"post-1880460","1":"product","2":"type-product","3":"status-publish","4":"has-post-thumbnail","6":"product_cat-ollas-y-cacerolas","7":"product_cat-padelle-pentole","8":"product_cat-sartenes-y-ollas","10":"first","11":"instock","12":"sale","13":"taxable","14":"shipping-taxable","15":"purchasable","16":"product-type-simple","swatches":"rey-swatches","show_selected":"","stretch_labels":"rey-swatches--stretch-labels"},"acf":[],"yoast_head":"<!-- This site is optimized with the Yoast SEO plugin v25.4 - https:\/\/yoast.com\/wordpress\/plugins\/seo\/ -->\n<title>STAUB Cacerola Gris Grafito 14 cm - dev6 Erresse<\/title>\n<meta name=\"description\" content=\"La cacerola redonda de hierro fundido gris grafito est\u00e1 esmaltada tanto por fuera como por dentro. Los chefs y expertos de renombre aprecian su capacidad\" \/>\n<meta name=\"robots\" content=\"noindex, follow, max-snippet:-1, max-image-preview:large, max-video-preview:-1\" \/>\n<meta property=\"og:locale\" content=\"es_ES\" \/>\n<meta property=\"og:type\" content=\"article\" \/>\n<meta property=\"og:title\" content=\"STAUB Cacerola Gris Grafito 14 cm - dev6 Erresse\" \/>\n<meta property=\"og:description\" content=\"La cacerola redonda de hierro fundido gris grafito est\u00e1 esmaltada tanto por fuera como por dentro. Los chefs y expertos de renombre aprecian su capacidad\" \/>\n<meta property=\"og:url\" content=\"https:\/\/dev6.erresse-shop.it\/es\/shop\/sartenes-y-ollas\/ollas-y-cacerolas\/staub-cacerola-gris-grafito-14-cm\/\" \/>\n<meta property=\"og:site_name\" content=\"dev6 Erresse\" \/>\n<meta property=\"og:image\" content=\"https:\/\/interpim.erresse-shop.it\/img-catalogo\/staub\/staub-casseruola-con-manico.jpg\" \/><meta property=\"og:image\" content=\"https:\/\/interpim.erresse-shop.it\/img-catalogo\/staub\/staub-casseruola-con-manico.jpg\" \/>\n\t<meta property=\"og:image:width\" content=\"1024\" \/>\n\t<meta property=\"og:image:height\" content=\"1024\" \/>\n\t<meta property=\"og:image:type\" content=\"image\/jpeg\" \/>\n<meta name=\"twitter:card\" content=\"summary_large_image\" \/>\n<meta name=\"twitter:image\" content=\"https:\/\/interpim.erresse-shop.it\/img-catalogo\/staub\/staub-casseruola-con-manico.jpg\" \/>\n<script type=\"application\/ld+json\" class=\"yoast-schema-graph\">{\"@context\":\"https:\/\/schema.org\",\"@graph\":[{\"@type\":\"WebPage\",\"@id\":\"https:\/\/dev6.erresse-shop.it\/es\/shop\/sartenes-y-ollas\/ollas-y-cacerolas\/staub-cacerola-gris-grafito-14-cm\/\",\"url\":\"https:\/\/dev6.erresse-shop.it\/es\/shop\/sartenes-y-ollas\/ollas-y-cacerolas\/staub-cacerola-gris-grafito-14-cm\/\",\"name\":\"STAUB Cacerola Gris Grafito 14 cm - dev6 Erresse\",\"isPartOf\":{\"@id\":\"https:\/\/dev6.erresse-shop.it\/#website\"},\"primaryImageOfPage\":{\"@id\":\"https:\/\/dev6.erresse-shop.it\/es\/shop\/sartenes-y-ollas\/ollas-y-cacerolas\/staub-cacerola-gris-grafito-14-cm\/#primaryimage\"},\"image\":{\"@id\":\"https:\/\/dev6.erresse-shop.it\/es\/shop\/sartenes-y-ollas\/ollas-y-cacerolas\/staub-cacerola-gris-grafito-14-cm\/#primaryimage\"},\"thumbnailUrl\":\"https:\/\/i1.wp.com\/interpim.erresse-shop.it\/img-catalogo\/staub\/staub-casseruola-con-manico.jpg?ssl=1\",\"datePublished\":\"2026-04-12T08:19:03+00:00\",\"description\":\"La cacerola redonda de hierro fundido gris grafito est\u00e1 esmaltada tanto por fuera como por dentro. Los chefs y expertos de renombre aprecian su capacidad\",\"breadcrumb\":{\"@id\":\"https:\/\/dev6.erresse-shop.it\/es\/shop\/sartenes-y-ollas\/ollas-y-cacerolas\/staub-cacerola-gris-grafito-14-cm\/#breadcrumb\"},\"inLanguage\":\"es\",\"potentialAction\":[{\"@type\":\"ReadAction\",\"target\":[\"https:\/\/dev6.erresse-shop.it\/es\/shop\/sartenes-y-ollas\/ollas-y-cacerolas\/staub-cacerola-gris-grafito-14-cm\/\"]}]},{\"@type\":\"ImageObject\",\"inLanguage\":\"es\",\"@id\":\"https:\/\/dev6.erresse-shop.it\/es\/shop\/sartenes-y-ollas\/ollas-y-cacerolas\/staub-cacerola-gris-grafito-14-cm\/#primaryimage\",\"url\":\"https:\/\/i1.wp.com\/interpim.erresse-shop.it\/img-catalogo\/staub\/staub-casseruola-con-manico.jpg?ssl=1\",\"contentUrl\":\"https:\/\/i1.wp.com\/interpim.erresse-shop.it\/img-catalogo\/staub\/staub-casseruola-con-manico.jpg?ssl=1\"},{\"@type\":\"BreadcrumbList\",\"@id\":\"https:\/\/dev6.erresse-shop.it\/es\/shop\/sartenes-y-ollas\/ollas-y-cacerolas\/staub-cacerola-gris-grafito-14-cm\/#breadcrumb\",\"itemListElement\":[{\"@type\":\"ListItem\",\"position\":1,\"name\":\"Home\",\"item\":\"https:\/\/dev6.erresse-shop.it\/\"},{\"@type\":\"ListItem\",\"position\":2,\"name\":\"Tienda\",\"item\":\"https:\/\/dev6.erresse-shop.it\/shop\/\"},{\"@type\":\"ListItem\",\"position\":3,\"name\":\"STAUB Cacerola Gris Grafito 14 cm\"}]},{\"@type\":\"WebSite\",\"@id\":\"https:\/\/dev6.erresse-shop.it\/#website\",\"url\":\"https:\/\/dev6.erresse-shop.it\/\",\"name\":\"Erresse Shop\",\"description\":\"\",\"publisher\":{\"@id\":\"https:\/\/dev6.erresse-shop.it\/#organization\"},\"potentialAction\":[{\"@type\":\"SearchAction\",\"target\":{\"@type\":\"EntryPoint\",\"urlTemplate\":\"https:\/\/dev6.erresse-shop.it\/?s={search_term_string}\"},\"query-input\":{\"@type\":\"PropertyValueSpecification\",\"valueRequired\":true,\"valueName\":\"search_term_string\"}}],\"inLanguage\":\"es\"},{\"@type\":\"Organization\",\"@id\":\"https:\/\/dev6.erresse-shop.it\/#organization\",\"name\":\"Erresse Shop\",\"url\":\"https:\/\/dev6.erresse-shop.it\/\",\"logo\":{\"@type\":\"ImageObject\",\"inLanguage\":\"es\",\"@id\":\"https:\/\/dev6.erresse-shop.it\/#\/schema\/logo\/image\/\",\"url\":\"https:\/\/dev6.erresse-shop.it\/wp-content\/uploads\/2025\/01\/LOGO-ERRESSE-CLASSICO.svg\",\"contentUrl\":\"https:\/\/dev6.erresse-shop.it\/wp-content\/uploads\/2025\/01\/LOGO-ERRESSE-CLASSICO.svg\",\"caption\":\"Erresse Shop\"},\"image\":{\"@id\":\"https:\/\/dev6.erresse-shop.it\/#\/schema\/logo\/image\/\"}}]}<\/script>\n<!-- \/ Yoast SEO plugin. -->","yoast_head_json":{"title":"STAUB Cacerola Gris Grafito 14 cm - dev6 Erresse","description":"La cacerola redonda de hierro fundido gris grafito est\u00e1 esmaltada tanto por fuera como por dentro. Los chefs y expertos de renombre aprecian su capacidad","robots":{"index":"noindex","follow":"follow","max-snippet":"max-snippet:-1","max-image-preview":"max-image-preview:large","max-video-preview":"max-video-preview:-1"},"og_locale":"es_ES","og_type":"article","og_title":"STAUB Cacerola Gris Grafito 14 cm - dev6 Erresse","og_description":"La cacerola redonda de hierro fundido gris grafito est\u00e1 esmaltada tanto por fuera como por dentro. Los chefs y expertos de renombre aprecian su capacidad","og_url":"https:\/\/dev6.erresse-shop.it\/es\/shop\/sartenes-y-ollas\/ollas-y-cacerolas\/staub-cacerola-gris-grafito-14-cm\/","og_site_name":"dev6 Erresse","og_image":[{"url":"https:\/\/interpim.erresse-shop.it\/img-catalogo\/staub\/staub-casseruola-con-manico.jpg","type":"","width":"","height":""},{"url":"https:\/\/interpim.erresse-shop.it\/img-catalogo\/staub\/staub-casseruola-con-manico.jpg","width":1024,"height":1024,"type":"image\/jpeg"}],"twitter_card":"summary_large_image","twitter_image":"https:\/\/interpim.erresse-shop.it\/img-catalogo\/staub\/staub-casseruola-con-manico.jpg","schema":{"@context":"https:\/\/schema.org","@graph":[{"@type":"WebPage","@id":"https:\/\/dev6.erresse-shop.it\/es\/shop\/sartenes-y-ollas\/ollas-y-cacerolas\/staub-cacerola-gris-grafito-14-cm\/","url":"https:\/\/dev6.erresse-shop.it\/es\/shop\/sartenes-y-ollas\/ollas-y-cacerolas\/staub-cacerola-gris-grafito-14-cm\/","name":"STAUB Cacerola Gris Grafito 14 cm - dev6 Erresse","isPartOf":{"@id":"https:\/\/dev6.erresse-shop.it\/#website"},"primaryImageOfPage":{"@id":"https:\/\/dev6.erresse-shop.it\/es\/shop\/sartenes-y-ollas\/ollas-y-cacerolas\/staub-cacerola-gris-grafito-14-cm\/#primaryimage"},"image":{"@id":"https:\/\/dev6.erresse-shop.it\/es\/shop\/sartenes-y-ollas\/ollas-y-cacerolas\/staub-cacerola-gris-grafito-14-cm\/#primaryimage"},"thumbnailUrl":"https:\/\/i1.wp.com\/interpim.erresse-shop.it\/img-catalogo\/staub\/staub-casseruola-con-manico.jpg?ssl=1","datePublished":"2026-04-12T08:19:03+00:00","description":"La cacerola redonda de hierro fundido gris grafito est\u00e1 esmaltada tanto por fuera como por dentro. Los chefs y expertos de renombre aprecian su capacidad","breadcrumb":{"@id":"https:\/\/dev6.erresse-shop.it\/es\/shop\/sartenes-y-ollas\/ollas-y-cacerolas\/staub-cacerola-gris-grafito-14-cm\/#breadcrumb"},"inLanguage":"es","potentialAction":[{"@type":"ReadAction","target":["https:\/\/dev6.erresse-shop.it\/es\/shop\/sartenes-y-ollas\/ollas-y-cacerolas\/staub-cacerola-gris-grafito-14-cm\/"]}]},{"@type":"ImageObject","inLanguage":"es","@id":"https:\/\/dev6.erresse-shop.it\/es\/shop\/sartenes-y-ollas\/ollas-y-cacerolas\/staub-cacerola-gris-grafito-14-cm\/#primaryimage","url":"https:\/\/i1.wp.com\/interpim.erresse-shop.it\/img-catalogo\/staub\/staub-casseruola-con-manico.jpg?ssl=1","contentUrl":"https:\/\/i1.wp.com\/interpim.erresse-shop.it\/img-catalogo\/staub\/staub-casseruola-con-manico.jpg?ssl=1"},{"@type":"BreadcrumbList","@id":"https:\/\/dev6.erresse-shop.it\/es\/shop\/sartenes-y-ollas\/ollas-y-cacerolas\/staub-cacerola-gris-grafito-14-cm\/#breadcrumb","itemListElement":[{"@type":"ListItem","position":1,"name":"Home","item":"https:\/\/dev6.erresse-shop.it\/"},{"@type":"ListItem","position":2,"name":"Tienda","item":"https:\/\/dev6.erresse-shop.it\/shop\/"},{"@type":"ListItem","position":3,"name":"STAUB Cacerola Gris Grafito 14 cm"}]},{"@type":"WebSite","@id":"https:\/\/dev6.erresse-shop.it\/#website","url":"https:\/\/dev6.erresse-shop.it\/","name":"Erresse Shop","description":"","publisher":{"@id":"https:\/\/dev6.erresse-shop.it\/#organization"},"potentialAction":[{"@type":"SearchAction","target":{"@type":"EntryPoint","urlTemplate":"https:\/\/dev6.erresse-shop.it\/?s={search_term_string}"},"query-input":{"@type":"PropertyValueSpecification","valueRequired":true,"valueName":"search_term_string"}}],"inLanguage":"es"},{"@type":"Organization","@id":"https:\/\/dev6.erresse-shop.it\/#organization","name":"Erresse Shop","url":"https:\/\/dev6.erresse-shop.it\/","logo":{"@type":"ImageObject","inLanguage":"es","@id":"https:\/\/dev6.erresse-shop.it\/#\/schema\/logo\/image\/","url":"https:\/\/dev6.erresse-shop.it\/wp-content\/uploads\/2025\/01\/LOGO-ERRESSE-CLASSICO.svg","contentUrl":"https:\/\/dev6.erresse-shop.it\/wp-content\/uploads\/2025\/01\/LOGO-ERRESSE-CLASSICO.svg","caption":"Erresse Shop"},"image":{"@id":"https:\/\/dev6.erresse-shop.it\/#\/schema\/logo\/image\/"}}]}},"df_price":92,"df_sale_price":92,"df_regular_price":129,"df_image_link":"https:\/\/i1.wp.com\/interpim.erresse-shop.it\/img-catalogo\/staub\/staub-casseruola-con-manico.jpg?resize=300,300&ssl=1","fifu_image_url":"https:\/\/interpim.erresse-shop.it\/img-catalogo\/staub\/staub-casseruola-con-manico.jpg","_links":{"self":[{"href":"https:\/\/dev6.erresse-shop.it\/es\/wp-json\/wp\/v2\/product\/1880460","targetHints":{"allow":["GET"]}}],"collection":[{"href":"https:\/\/dev6.erresse-shop.it\/es\/wp-json\/wp\/v2\/product"}],"about":[{"href":"https:\/\/dev6.erresse-shop.it\/es\/wp-json\/wp\/v2\/types\/product"}],"wp:featuredmedia":[{"embeddable":true,"href":"https:\/\/dev6.erresse-shop.it\/es\/wp-json\/wp\/v2\/media\/6365638"}],"wp:attachment":[{"href":"https:\/\/dev6.erresse-shop.it\/es\/wp-json\/wp\/v2\/media?parent=1880460"}],"wp:term":[{"taxonomy":"product_cat","embeddable":true,"href":"https:\/\/dev6.erresse-shop.it\/es\/wp-json\/wp\/v2\/product_cat?post=1880460"},{"taxonomy":"product_tag","embeddable":true,"href":"https:\/\/dev6.erresse-shop.it\/es\/wp-json\/wp\/v2\/product_tag?post=1880460"}],"curies":[{"name":"wp","href":"https:\/\/api.w.org\/{rel}","templated":true}]}}