{"id":1880454,"date":"2026-04-12T10:19:03","date_gmt":"2026-04-12T08:19:03","guid":{"rendered":"https:\/\/dev6.erresse-shop.it\/shop\/sin%20categor\u00eda\/staub-tetera-redonda-gris-grafito\/"},"modified":"2025-09-14T08:47:57","modified_gmt":"2025-09-14T06:47:57","slug":"staub-tetera-redonda-gris-grafito","status":"publish","type":"product","link":"https:\/\/dev6.erresse-shop.it\/es\/shop\/tabla\/teteras-azucareras-jarras-de-leche\/staub-tetera-redonda-gris-grafito\/","title":{"rendered":"STAUB Tetera Redonda Gris Grafito"},"content":{"rendered":"<p>La tetera redonda peque\u00f1a es a la vez tetera y hervidor de agua. Tiene un soporte para el infusor de t\u00e9 y un asa de acero inoxidable que bloquea la tapa al verter el l\u00edquido. Estas caracter\u00edsticas la hacen perfecta como tetera, pero tambi\u00e9n se puede utilizar s\u00f3lo como hervidor. Se puede utilizar tanto en placas de cocina como en placas de inducci\u00f3n. La tetera tiene un di\u00e1metro de 16,5 cm, una altura de 18 cm y una capacidad de 1,15 litros. Est\u00e1 fabricada en hierro fundido con esmalte negro en el interior. Es perfecta para el t\u00e9 gracias a las excelentes propiedades de conservaci\u00f3n del calor del hierro fundido, que mantiene el t\u00e9 caliente durante mucho tiempo. El hierro fundido esmaltado es duradero, extremadamente robusto y f\u00e1cil de limpiar. La familia reunida para tomar el t\u00e9 notar\u00e1 la clase de esta colorida tetera de dise\u00f1o que complementa sus utensilios de cocina. Pruebe nuevos t\u00e9s e infusiones y s\u00edrvalos con clase utilizando la tetera esmaltada de Staub.<\/p>\n<p>Apta para hervir agua y remojar t\u00e9<br \/>\nEl t\u00e9 se mantiene caliente durante mucho tiempo<br \/>\nEl infusor de t\u00e9 se engancha debajo del pomo<br \/>\nApta para todo tipo de cocinas, incluidas las de inducci\u00f3n<br \/>\nTambi\u00e9n se presta para servir sopas de forma original<\/p>\n<p>DIMENSIONES<br \/>\nPeso neto: 2,60 kg<br \/>\nCapacidad: 1,15 l<br \/>\nLongitud del producto: 16,60 cm<br \/>\nAnchura del producto: 12,00 cm<br \/>\nAltura del producto: 18,00 cm<br \/>\nDi\u00e1metro superior: 21,00 cm<br \/>\nDi\u00e1metro inferior: 9,50 cm<\/p>\n","protected":false},"excerpt":{"rendered":"<p>La tetera redonda peque\u00f1a es a la vez tetera y hervidor de agua. Tiene un soporte para el infusor de t\u00e9 y un asa de acero inoxidable que bloquea la tapa al verter el l\u00edquido. Estas caracter\u00edsticas la hacen perfecta como tetera, pero tambi\u00e9n se puede utilizar s\u00f3lo como hervidor. Se puede utilizar tanto en [&hellip;]<\/p>\n","protected":false},"featured_media":6365577,"template":"","meta":{"_acf_changed":false},"product_cat":[11681,11884,11897,11887,11898],"product_tag":[],"class_list":{"0":"post-1880454","1":"product","2":"type-product","3":"status-publish","4":"has-post-thumbnail","6":"product_cat-bollitori","7":"product_cat-cocina","8":"product_cat-hervidores","9":"product_cat-tabla","10":"product_cat-teteras-azucareras-jarras-de-leche","12":"first","13":"instock","14":"sale","15":"taxable","16":"shipping-taxable","17":"purchasable","18":"product-type-simple","swatches":"rey-swatches","show_selected":"","stretch_labels":"rey-swatches--stretch-labels"},"acf":[],"yoast_head":"<!-- This site is optimized with the Yoast SEO plugin v25.4 - https:\/\/yoast.com\/wordpress\/plugins\/seo\/ -->\n<title>STAUB Tetera Redonda Gris Grafito - dev6 Erresse<\/title>\n<meta name=\"description\" content=\"La tetera redonda peque\u00f1a es a la vez tetera y hervidor de agua. Tiene un soporte para el infusor de t\u00e9 y un asa de acero inoxidable que bloquea la tapa\" \/>\n<meta name=\"robots\" content=\"noindex, follow, max-snippet:-1, max-image-preview:large, max-video-preview:-1\" \/>\n<meta property=\"og:locale\" content=\"es_ES\" \/>\n<meta property=\"og:type\" content=\"article\" \/>\n<meta property=\"og:title\" content=\"STAUB Tetera Redonda Gris Grafito - dev6 Erresse\" \/>\n<meta property=\"og:description\" content=\"La tetera redonda peque\u00f1a es a la vez tetera y hervidor de agua. Tiene un soporte para el infusor de t\u00e9 y un asa de acero inoxidable que bloquea la tapa\" \/>\n<meta property=\"og:url\" content=\"https:\/\/dev6.erresse-shop.it\/es\/shop\/tabla\/teteras-azucareras-jarras-de-leche\/staub-tetera-redonda-gris-grafito\/\" \/>\n<meta property=\"og:site_name\" content=\"dev6 Erresse\" \/>\n<meta property=\"og:image\" content=\"https:\/\/interpim.erresse-shop.it\/img-catalogo\/staub\/staub-teiera-grigio.jpg\" \/><meta property=\"og:image\" content=\"https:\/\/interpim.erresse-shop.it\/img-catalogo\/staub\/staub-teiera-grigio.jpg\" \/>\n\t<meta property=\"og:image:width\" content=\"1024\" \/>\n\t<meta property=\"og:image:height\" content=\"1024\" \/>\n\t<meta property=\"og:image:type\" content=\"image\/jpeg\" \/>\n<meta name=\"twitter:card\" content=\"summary_large_image\" \/>\n<meta name=\"twitter:image\" content=\"https:\/\/interpim.erresse-shop.it\/img-catalogo\/staub\/staub-teiera-grigio.jpg\" \/>\n<script type=\"application\/ld+json\" class=\"yoast-schema-graph\">{\"@context\":\"https:\/\/schema.org\",\"@graph\":[{\"@type\":\"WebPage\",\"@id\":\"https:\/\/dev6.erresse-shop.it\/es\/shop\/tabla\/teteras-azucareras-jarras-de-leche\/staub-tetera-redonda-gris-grafito\/\",\"url\":\"https:\/\/dev6.erresse-shop.it\/es\/shop\/tabla\/teteras-azucareras-jarras-de-leche\/staub-tetera-redonda-gris-grafito\/\",\"name\":\"STAUB Tetera Redonda Gris Grafito - dev6 Erresse\",\"isPartOf\":{\"@id\":\"https:\/\/dev6.erresse-shop.it\/#website\"},\"primaryImageOfPage\":{\"@id\":\"https:\/\/dev6.erresse-shop.it\/es\/shop\/tabla\/teteras-azucareras-jarras-de-leche\/staub-tetera-redonda-gris-grafito\/#primaryimage\"},\"image\":{\"@id\":\"https:\/\/dev6.erresse-shop.it\/es\/shop\/tabla\/teteras-azucareras-jarras-de-leche\/staub-tetera-redonda-gris-grafito\/#primaryimage\"},\"thumbnailUrl\":\"https:\/\/i1.wp.com\/interpim.erresse-shop.it\/img-catalogo\/staub\/staub-teiera-grigio.jpg?ssl=1\",\"datePublished\":\"2026-04-12T08:19:03+00:00\",\"description\":\"La tetera redonda peque\u00f1a es a la vez tetera y hervidor de agua. Tiene un soporte para el infusor de t\u00e9 y un asa de acero inoxidable que bloquea la tapa\",\"breadcrumb\":{\"@id\":\"https:\/\/dev6.erresse-shop.it\/es\/shop\/tabla\/teteras-azucareras-jarras-de-leche\/staub-tetera-redonda-gris-grafito\/#breadcrumb\"},\"inLanguage\":\"es\",\"potentialAction\":[{\"@type\":\"ReadAction\",\"target\":[\"https:\/\/dev6.erresse-shop.it\/es\/shop\/tabla\/teteras-azucareras-jarras-de-leche\/staub-tetera-redonda-gris-grafito\/\"]}]},{\"@type\":\"ImageObject\",\"inLanguage\":\"es\",\"@id\":\"https:\/\/dev6.erresse-shop.it\/es\/shop\/tabla\/teteras-azucareras-jarras-de-leche\/staub-tetera-redonda-gris-grafito\/#primaryimage\",\"url\":\"https:\/\/i1.wp.com\/interpim.erresse-shop.it\/img-catalogo\/staub\/staub-teiera-grigio.jpg?ssl=1\",\"contentUrl\":\"https:\/\/i1.wp.com\/interpim.erresse-shop.it\/img-catalogo\/staub\/staub-teiera-grigio.jpg?ssl=1\"},{\"@type\":\"BreadcrumbList\",\"@id\":\"https:\/\/dev6.erresse-shop.it\/es\/shop\/tabla\/teteras-azucareras-jarras-de-leche\/staub-tetera-redonda-gris-grafito\/#breadcrumb\",\"itemListElement\":[{\"@type\":\"ListItem\",\"position\":1,\"name\":\"Home\",\"item\":\"https:\/\/dev6.erresse-shop.it\/\"},{\"@type\":\"ListItem\",\"position\":2,\"name\":\"Tienda\",\"item\":\"https:\/\/dev6.erresse-shop.it\/shop\/\"},{\"@type\":\"ListItem\",\"position\":3,\"name\":\"STAUB Tetera Redonda Gris Grafito\"}]},{\"@type\":\"WebSite\",\"@id\":\"https:\/\/dev6.erresse-shop.it\/#website\",\"url\":\"https:\/\/dev6.erresse-shop.it\/\",\"name\":\"Erresse Shop\",\"description\":\"\",\"publisher\":{\"@id\":\"https:\/\/dev6.erresse-shop.it\/#organization\"},\"potentialAction\":[{\"@type\":\"SearchAction\",\"target\":{\"@type\":\"EntryPoint\",\"urlTemplate\":\"https:\/\/dev6.erresse-shop.it\/?s={search_term_string}\"},\"query-input\":{\"@type\":\"PropertyValueSpecification\",\"valueRequired\":true,\"valueName\":\"search_term_string\"}}],\"inLanguage\":\"es\"},{\"@type\":\"Organization\",\"@id\":\"https:\/\/dev6.erresse-shop.it\/#organization\",\"name\":\"Erresse Shop\",\"url\":\"https:\/\/dev6.erresse-shop.it\/\",\"logo\":{\"@type\":\"ImageObject\",\"inLanguage\":\"es\",\"@id\":\"https:\/\/dev6.erresse-shop.it\/#\/schema\/logo\/image\/\",\"url\":\"https:\/\/dev6.erresse-shop.it\/wp-content\/uploads\/2025\/01\/LOGO-ERRESSE-CLASSICO.svg\",\"contentUrl\":\"https:\/\/dev6.erresse-shop.it\/wp-content\/uploads\/2025\/01\/LOGO-ERRESSE-CLASSICO.svg\",\"caption\":\"Erresse Shop\"},\"image\":{\"@id\":\"https:\/\/dev6.erresse-shop.it\/#\/schema\/logo\/image\/\"}}]}<\/script>\n<!-- \/ Yoast SEO plugin. -->","yoast_head_json":{"title":"STAUB Tetera Redonda Gris Grafito - dev6 Erresse","description":"La tetera redonda peque\u00f1a es a la vez tetera y hervidor de agua. Tiene un soporte para el infusor de t\u00e9 y un asa de acero inoxidable que bloquea la tapa","robots":{"index":"noindex","follow":"follow","max-snippet":"max-snippet:-1","max-image-preview":"max-image-preview:large","max-video-preview":"max-video-preview:-1"},"og_locale":"es_ES","og_type":"article","og_title":"STAUB Tetera Redonda Gris Grafito - dev6 Erresse","og_description":"La tetera redonda peque\u00f1a es a la vez tetera y hervidor de agua. Tiene un soporte para el infusor de t\u00e9 y un asa de acero inoxidable que bloquea la tapa","og_url":"https:\/\/dev6.erresse-shop.it\/es\/shop\/tabla\/teteras-azucareras-jarras-de-leche\/staub-tetera-redonda-gris-grafito\/","og_site_name":"dev6 Erresse","og_image":[{"url":"https:\/\/interpim.erresse-shop.it\/img-catalogo\/staub\/staub-teiera-grigio.jpg","type":"","width":"","height":""},{"url":"https:\/\/interpim.erresse-shop.it\/img-catalogo\/staub\/staub-teiera-grigio.jpg","width":1024,"height":1024,"type":"image\/jpeg"}],"twitter_card":"summary_large_image","twitter_image":"https:\/\/interpim.erresse-shop.it\/img-catalogo\/staub\/staub-teiera-grigio.jpg","schema":{"@context":"https:\/\/schema.org","@graph":[{"@type":"WebPage","@id":"https:\/\/dev6.erresse-shop.it\/es\/shop\/tabla\/teteras-azucareras-jarras-de-leche\/staub-tetera-redonda-gris-grafito\/","url":"https:\/\/dev6.erresse-shop.it\/es\/shop\/tabla\/teteras-azucareras-jarras-de-leche\/staub-tetera-redonda-gris-grafito\/","name":"STAUB Tetera Redonda Gris Grafito - dev6 Erresse","isPartOf":{"@id":"https:\/\/dev6.erresse-shop.it\/#website"},"primaryImageOfPage":{"@id":"https:\/\/dev6.erresse-shop.it\/es\/shop\/tabla\/teteras-azucareras-jarras-de-leche\/staub-tetera-redonda-gris-grafito\/#primaryimage"},"image":{"@id":"https:\/\/dev6.erresse-shop.it\/es\/shop\/tabla\/teteras-azucareras-jarras-de-leche\/staub-tetera-redonda-gris-grafito\/#primaryimage"},"thumbnailUrl":"https:\/\/i1.wp.com\/interpim.erresse-shop.it\/img-catalogo\/staub\/staub-teiera-grigio.jpg?ssl=1","datePublished":"2026-04-12T08:19:03+00:00","description":"La tetera redonda peque\u00f1a es a la vez tetera y hervidor de agua. Tiene un soporte para el infusor de t\u00e9 y un asa de acero inoxidable que bloquea la tapa","breadcrumb":{"@id":"https:\/\/dev6.erresse-shop.it\/es\/shop\/tabla\/teteras-azucareras-jarras-de-leche\/staub-tetera-redonda-gris-grafito\/#breadcrumb"},"inLanguage":"es","potentialAction":[{"@type":"ReadAction","target":["https:\/\/dev6.erresse-shop.it\/es\/shop\/tabla\/teteras-azucareras-jarras-de-leche\/staub-tetera-redonda-gris-grafito\/"]}]},{"@type":"ImageObject","inLanguage":"es","@id":"https:\/\/dev6.erresse-shop.it\/es\/shop\/tabla\/teteras-azucareras-jarras-de-leche\/staub-tetera-redonda-gris-grafito\/#primaryimage","url":"https:\/\/i1.wp.com\/interpim.erresse-shop.it\/img-catalogo\/staub\/staub-teiera-grigio.jpg?ssl=1","contentUrl":"https:\/\/i1.wp.com\/interpim.erresse-shop.it\/img-catalogo\/staub\/staub-teiera-grigio.jpg?ssl=1"},{"@type":"BreadcrumbList","@id":"https:\/\/dev6.erresse-shop.it\/es\/shop\/tabla\/teteras-azucareras-jarras-de-leche\/staub-tetera-redonda-gris-grafito\/#breadcrumb","itemListElement":[{"@type":"ListItem","position":1,"name":"Home","item":"https:\/\/dev6.erresse-shop.it\/"},{"@type":"ListItem","position":2,"name":"Tienda","item":"https:\/\/dev6.erresse-shop.it\/shop\/"},{"@type":"ListItem","position":3,"name":"STAUB Tetera Redonda Gris Grafito"}]},{"@type":"WebSite","@id":"https:\/\/dev6.erresse-shop.it\/#website","url":"https:\/\/dev6.erresse-shop.it\/","name":"Erresse Shop","description":"","publisher":{"@id":"https:\/\/dev6.erresse-shop.it\/#organization"},"potentialAction":[{"@type":"SearchAction","target":{"@type":"EntryPoint","urlTemplate":"https:\/\/dev6.erresse-shop.it\/?s={search_term_string}"},"query-input":{"@type":"PropertyValueSpecification","valueRequired":true,"valueName":"search_term_string"}}],"inLanguage":"es"},{"@type":"Organization","@id":"https:\/\/dev6.erresse-shop.it\/#organization","name":"Erresse Shop","url":"https:\/\/dev6.erresse-shop.it\/","logo":{"@type":"ImageObject","inLanguage":"es","@id":"https:\/\/dev6.erresse-shop.it\/#\/schema\/logo\/image\/","url":"https:\/\/dev6.erresse-shop.it\/wp-content\/uploads\/2025\/01\/LOGO-ERRESSE-CLASSICO.svg","contentUrl":"https:\/\/dev6.erresse-shop.it\/wp-content\/uploads\/2025\/01\/LOGO-ERRESSE-CLASSICO.svg","caption":"Erresse Shop"},"image":{"@id":"https:\/\/dev6.erresse-shop.it\/#\/schema\/logo\/image\/"}}]}},"df_price":129.95,"df_sale_price":129.95,"df_regular_price":199,"df_image_link":"https:\/\/i1.wp.com\/interpim.erresse-shop.it\/img-catalogo\/staub\/staub-teiera-grigio.jpg?resize=300,300&ssl=1","fifu_image_url":"https:\/\/interpim.erresse-shop.it\/img-catalogo\/staub\/staub-teiera-grigio.jpg","_links":{"self":[{"href":"https:\/\/dev6.erresse-shop.it\/es\/wp-json\/wp\/v2\/product\/1880454","targetHints":{"allow":["GET"]}}],"collection":[{"href":"https:\/\/dev6.erresse-shop.it\/es\/wp-json\/wp\/v2\/product"}],"about":[{"href":"https:\/\/dev6.erresse-shop.it\/es\/wp-json\/wp\/v2\/types\/product"}],"wp:featuredmedia":[{"embeddable":true,"href":"https:\/\/dev6.erresse-shop.it\/es\/wp-json\/wp\/v2\/media\/6365577"}],"wp:attachment":[{"href":"https:\/\/dev6.erresse-shop.it\/es\/wp-json\/wp\/v2\/media?parent=1880454"}],"wp:term":[{"taxonomy":"product_cat","embeddable":true,"href":"https:\/\/dev6.erresse-shop.it\/es\/wp-json\/wp\/v2\/product_cat?post=1880454"},{"taxonomy":"product_tag","embeddable":true,"href":"https:\/\/dev6.erresse-shop.it\/es\/wp-json\/wp\/v2\/product_tag?post=1880454"}],"curies":[{"name":"wp","href":"https:\/\/api.w.org\/{rel}","templated":true}]}}