{"id":1880450,"date":"2026-04-04T10:16:32","date_gmt":"2026-04-04T08:16:32","guid":{"rendered":"https:\/\/dev6.erresse-shop.it\/shop\/sin%20categor\u00eda\/staub-sarten-28-cm-negra\/"},"modified":"2025-09-14T08:47:50","modified_gmt":"2025-09-14T06:47:50","slug":"staub-sarten-28-cm-negra","status":"publish","type":"product","link":"https:\/\/dev6.erresse-shop.it\/es\/shop\/sartenes-y-ollas\/staub-sarten-28-cm-negra\/","title":{"rendered":"STAUB Sart\u00e9n 28 cm Negra"},"content":{"rendered":"<p>DESCRIPCI\u00d3N<br \/>\nEn la sart\u00e9n negra de hierro fundido de STAUB podr\u00e1 preparar sin esfuerzo jugosos filetes, arom\u00e1ticos platos de verduras, pescado frito y sabrosas salsas. El mango ergon\u00f3mico de madera es aislante del calor y por lo tanto protege contra las quemaduras y, al mismo tiempo, hace que la sart\u00e9n de hierro fundido sea f\u00e1cil de manejar en la encimera y de transferir la comida al plato de servir. El cuerpo de hierro fundido negro impresiona por sus cortos tiempos de calentamiento y su \u00f3ptima distribuci\u00f3n y retenci\u00f3n del calor. Esto hace que la sart\u00e9n sea adecuada no s\u00f3lo para preparar asados crujientes, sino tambi\u00e9n para estofar lentamente, por ejemplo, platos de col. Con un tr\u00e9bede adecuado, la sart\u00e9n tambi\u00e9n puede utilizarse para servir con estilo. Gracias a sus dimensiones compactas con un di\u00e1metro de 24 cm, la sart\u00e9n es especialmente adecuada para hogares peque\u00f1os. Gracias al pr\u00e1ctico gancho para colgar, se puede guardar ahorrando espacio.<\/p>\n<p>Para preparar carne, pescado, verduras, guisos y mucho m\u00e1s<br \/>\nApta para placas el\u00e9ctricas, de gas, hal\u00f3genas, vitrocer\u00e1micas o de inducci\u00f3n<br \/>\nBase lisa para un uso suave en placas sensibles<br \/>\nCocina con ahorro de energ\u00eda gracias a las propiedades especiales del hierro fundido<br \/>\nDimensiones con asa (AnxPrxAl): 50 x 29 x 7,2 cm, Di\u00e1metro: 28 cm, Fondo: 21,5 cm<br \/>\nPeso: 2,5 kg<\/p>\n<p>CARACTER\u00cdSTICAS<br \/>\nColor: negro<br \/>\nResistencia al calor: 260 \u00baC<br \/>\nResistencia al fr\u00edo: -20 \u00baC<br \/>\nMaterial: hierro fundido<br \/>\nTipo de mango: mango largo<br \/>\nRevestimiento del nombre comercial: negro mate<br \/>\nTapa existente: no<br \/>\nInducci\u00f3n: S\u00ed<br \/>\nApto para congelador: S\u00ed<br \/>\nApto para vitrocer\u00e1mica: S\u00ed<\/p>\n<p>DIMENSIONES<br \/>\nPeso neto: 2,50 kg<br \/>\nCapacidad: 2,00 l<br \/>\nLongitud del producto: 51,00 cm<br \/>\nAnchura del producto: 29,00 cm<br \/>\nAltura del producto: 7,20 cm<br \/>\nAltura sin tapa: 5,00 cm<br \/>\nDi\u00e1metro superior: 28,00 cm<br \/>\nDi\u00e1metro inferior: 21,50 cm<br \/>\nLongitud del asa: 10,50 cm<\/p>\n","protected":false},"excerpt":{"rendered":"<p>DESCRIPCI\u00d3N En la sart\u00e9n negra de hierro fundido de STAUB podr\u00e1 preparar sin esfuerzo jugosos filetes, arom\u00e1ticos platos de verduras, pescado frito y sabrosas salsas. El mango ergon\u00f3mico de madera es aislante del calor y por lo tanto protege contra las quemaduras y, al mismo tiempo, hace que la sart\u00e9n de hierro fundido sea f\u00e1cil [&hellip;]<\/p>\n","protected":false},"featured_media":6282284,"template":"","meta":{"_acf_changed":false},"product_cat":[11883],"product_tag":[],"class_list":{"0":"post-1880450","1":"product","2":"type-product","3":"status-publish","4":"has-post-thumbnail","6":"product_cat-sartenes-y-ollas","8":"first","9":"instock","10":"sale","11":"taxable","12":"shipping-taxable","13":"purchasable","14":"product-type-simple","swatches":"rey-swatches","show_selected":"","stretch_labels":"rey-swatches--stretch-labels"},"acf":[],"yoast_head":"<!-- This site is optimized with the Yoast SEO plugin v25.4 - https:\/\/yoast.com\/wordpress\/plugins\/seo\/ -->\n<title>STAUB Sart\u00e9n 28 cm Negra - dev6 Erresse<\/title>\n<meta name=\"description\" content=\"DESCRIPCI\u00d3N En la sart\u00e9n negra de hierro fundido de STAUB podr\u00e1 preparar sin esfuerzo jugosos filetes, arom\u00e1ticos platos de verduras, pescado frito y\" \/>\n<meta name=\"robots\" content=\"noindex, follow, max-snippet:-1, max-image-preview:large, max-video-preview:-1\" \/>\n<meta property=\"og:locale\" content=\"es_ES\" \/>\n<meta property=\"og:type\" content=\"article\" \/>\n<meta property=\"og:title\" content=\"STAUB Sart\u00e9n 28 cm Negra - dev6 Erresse\" \/>\n<meta property=\"og:description\" content=\"DESCRIPCI\u00d3N En la sart\u00e9n negra de hierro fundido de STAUB podr\u00e1 preparar sin esfuerzo jugosos filetes, arom\u00e1ticos platos de verduras, pescado frito y\" \/>\n<meta property=\"og:url\" content=\"https:\/\/dev6.erresse-shop.it\/es\/shop\/sartenes-y-ollas\/staub-sarten-28-cm-negra\/\" \/>\n<meta property=\"og:site_name\" content=\"dev6 Erresse\" \/>\n<meta property=\"og:image\" content=\"https:\/\/interpim.erresse-shop.it\/img-catalogo\/staub\/staub-padella-28-cm-ghisa.jpg\" \/><meta property=\"og:image\" content=\"https:\/\/interpim.erresse-shop.it\/img-catalogo\/staub\/staub-padella-28-cm-ghisa.jpg\" \/>\n\t<meta property=\"og:image:width\" content=\"1024\" \/>\n\t<meta property=\"og:image:height\" content=\"1024\" \/>\n\t<meta property=\"og:image:type\" content=\"image\/jpeg\" \/>\n<meta name=\"twitter:card\" content=\"summary_large_image\" \/>\n<meta name=\"twitter:image\" content=\"https:\/\/interpim.erresse-shop.it\/img-catalogo\/staub\/staub-padella-28-cm-ghisa.jpg\" \/>\n<script type=\"application\/ld+json\" class=\"yoast-schema-graph\">{\"@context\":\"https:\/\/schema.org\",\"@graph\":[{\"@type\":\"WebPage\",\"@id\":\"https:\/\/dev6.erresse-shop.it\/es\/shop\/sartenes-y-ollas\/staub-sarten-28-cm-negra\/\",\"url\":\"https:\/\/dev6.erresse-shop.it\/es\/shop\/sartenes-y-ollas\/staub-sarten-28-cm-negra\/\",\"name\":\"STAUB Sart\u00e9n 28 cm Negra - dev6 Erresse\",\"isPartOf\":{\"@id\":\"https:\/\/dev6.erresse-shop.it\/#website\"},\"primaryImageOfPage\":{\"@id\":\"https:\/\/dev6.erresse-shop.it\/es\/shop\/sartenes-y-ollas\/staub-sarten-28-cm-negra\/#primaryimage\"},\"image\":{\"@id\":\"https:\/\/dev6.erresse-shop.it\/es\/shop\/sartenes-y-ollas\/staub-sarten-28-cm-negra\/#primaryimage\"},\"thumbnailUrl\":\"https:\/\/i3.wp.com\/interpim.erresse-shop.it\/img-catalogo\/staub\/staub-padella-28-cm-ghisa.jpg?ssl=1\",\"datePublished\":\"2026-04-04T08:16:32+00:00\",\"description\":\"DESCRIPCI\u00d3N En la sart\u00e9n negra de hierro fundido de STAUB podr\u00e1 preparar sin esfuerzo jugosos filetes, arom\u00e1ticos platos de verduras, pescado frito y\",\"breadcrumb\":{\"@id\":\"https:\/\/dev6.erresse-shop.it\/es\/shop\/sartenes-y-ollas\/staub-sarten-28-cm-negra\/#breadcrumb\"},\"inLanguage\":\"es\",\"potentialAction\":[{\"@type\":\"ReadAction\",\"target\":[\"https:\/\/dev6.erresse-shop.it\/es\/shop\/sartenes-y-ollas\/staub-sarten-28-cm-negra\/\"]}]},{\"@type\":\"ImageObject\",\"inLanguage\":\"es\",\"@id\":\"https:\/\/dev6.erresse-shop.it\/es\/shop\/sartenes-y-ollas\/staub-sarten-28-cm-negra\/#primaryimage\",\"url\":\"https:\/\/i3.wp.com\/interpim.erresse-shop.it\/img-catalogo\/staub\/staub-padella-28-cm-ghisa.jpg?ssl=1\",\"contentUrl\":\"https:\/\/i3.wp.com\/interpim.erresse-shop.it\/img-catalogo\/staub\/staub-padella-28-cm-ghisa.jpg?ssl=1\"},{\"@type\":\"BreadcrumbList\",\"@id\":\"https:\/\/dev6.erresse-shop.it\/es\/shop\/sartenes-y-ollas\/staub-sarten-28-cm-negra\/#breadcrumb\",\"itemListElement\":[{\"@type\":\"ListItem\",\"position\":1,\"name\":\"Home\",\"item\":\"https:\/\/dev6.erresse-shop.it\/\"},{\"@type\":\"ListItem\",\"position\":2,\"name\":\"Tienda\",\"item\":\"https:\/\/dev6.erresse-shop.it\/shop\/\"},{\"@type\":\"ListItem\",\"position\":3,\"name\":\"STAUB Sart\u00e9n 28 cm Negra\"}]},{\"@type\":\"WebSite\",\"@id\":\"https:\/\/dev6.erresse-shop.it\/#website\",\"url\":\"https:\/\/dev6.erresse-shop.it\/\",\"name\":\"Erresse Shop\",\"description\":\"\",\"publisher\":{\"@id\":\"https:\/\/dev6.erresse-shop.it\/#organization\"},\"potentialAction\":[{\"@type\":\"SearchAction\",\"target\":{\"@type\":\"EntryPoint\",\"urlTemplate\":\"https:\/\/dev6.erresse-shop.it\/?s={search_term_string}\"},\"query-input\":{\"@type\":\"PropertyValueSpecification\",\"valueRequired\":true,\"valueName\":\"search_term_string\"}}],\"inLanguage\":\"es\"},{\"@type\":\"Organization\",\"@id\":\"https:\/\/dev6.erresse-shop.it\/#organization\",\"name\":\"Erresse Shop\",\"url\":\"https:\/\/dev6.erresse-shop.it\/\",\"logo\":{\"@type\":\"ImageObject\",\"inLanguage\":\"es\",\"@id\":\"https:\/\/dev6.erresse-shop.it\/#\/schema\/logo\/image\/\",\"url\":\"https:\/\/dev6.erresse-shop.it\/wp-content\/uploads\/2025\/01\/LOGO-ERRESSE-CLASSICO.svg\",\"contentUrl\":\"https:\/\/dev6.erresse-shop.it\/wp-content\/uploads\/2025\/01\/LOGO-ERRESSE-CLASSICO.svg\",\"caption\":\"Erresse Shop\"},\"image\":{\"@id\":\"https:\/\/dev6.erresse-shop.it\/#\/schema\/logo\/image\/\"}}]}<\/script>\n<!-- \/ Yoast SEO plugin. -->","yoast_head_json":{"title":"STAUB Sart\u00e9n 28 cm Negra - dev6 Erresse","description":"DESCRIPCI\u00d3N En la sart\u00e9n negra de hierro fundido de STAUB podr\u00e1 preparar sin esfuerzo jugosos filetes, arom\u00e1ticos platos de verduras, pescado frito y","robots":{"index":"noindex","follow":"follow","max-snippet":"max-snippet:-1","max-image-preview":"max-image-preview:large","max-video-preview":"max-video-preview:-1"},"og_locale":"es_ES","og_type":"article","og_title":"STAUB Sart\u00e9n 28 cm Negra - dev6 Erresse","og_description":"DESCRIPCI\u00d3N En la sart\u00e9n negra de hierro fundido de STAUB podr\u00e1 preparar sin esfuerzo jugosos filetes, arom\u00e1ticos platos de verduras, pescado frito y","og_url":"https:\/\/dev6.erresse-shop.it\/es\/shop\/sartenes-y-ollas\/staub-sarten-28-cm-negra\/","og_site_name":"dev6 Erresse","og_image":[{"url":"https:\/\/interpim.erresse-shop.it\/img-catalogo\/staub\/staub-padella-28-cm-ghisa.jpg","type":"","width":"","height":""},{"url":"https:\/\/interpim.erresse-shop.it\/img-catalogo\/staub\/staub-padella-28-cm-ghisa.jpg","width":1024,"height":1024,"type":"image\/jpeg"}],"twitter_card":"summary_large_image","twitter_image":"https:\/\/interpim.erresse-shop.it\/img-catalogo\/staub\/staub-padella-28-cm-ghisa.jpg","schema":{"@context":"https:\/\/schema.org","@graph":[{"@type":"WebPage","@id":"https:\/\/dev6.erresse-shop.it\/es\/shop\/sartenes-y-ollas\/staub-sarten-28-cm-negra\/","url":"https:\/\/dev6.erresse-shop.it\/es\/shop\/sartenes-y-ollas\/staub-sarten-28-cm-negra\/","name":"STAUB Sart\u00e9n 28 cm Negra - dev6 Erresse","isPartOf":{"@id":"https:\/\/dev6.erresse-shop.it\/#website"},"primaryImageOfPage":{"@id":"https:\/\/dev6.erresse-shop.it\/es\/shop\/sartenes-y-ollas\/staub-sarten-28-cm-negra\/#primaryimage"},"image":{"@id":"https:\/\/dev6.erresse-shop.it\/es\/shop\/sartenes-y-ollas\/staub-sarten-28-cm-negra\/#primaryimage"},"thumbnailUrl":"https:\/\/i3.wp.com\/interpim.erresse-shop.it\/img-catalogo\/staub\/staub-padella-28-cm-ghisa.jpg?ssl=1","datePublished":"2026-04-04T08:16:32+00:00","description":"DESCRIPCI\u00d3N En la sart\u00e9n negra de hierro fundido de STAUB podr\u00e1 preparar sin esfuerzo jugosos filetes, arom\u00e1ticos platos de verduras, pescado frito y","breadcrumb":{"@id":"https:\/\/dev6.erresse-shop.it\/es\/shop\/sartenes-y-ollas\/staub-sarten-28-cm-negra\/#breadcrumb"},"inLanguage":"es","potentialAction":[{"@type":"ReadAction","target":["https:\/\/dev6.erresse-shop.it\/es\/shop\/sartenes-y-ollas\/staub-sarten-28-cm-negra\/"]}]},{"@type":"ImageObject","inLanguage":"es","@id":"https:\/\/dev6.erresse-shop.it\/es\/shop\/sartenes-y-ollas\/staub-sarten-28-cm-negra\/#primaryimage","url":"https:\/\/i3.wp.com\/interpim.erresse-shop.it\/img-catalogo\/staub\/staub-padella-28-cm-ghisa.jpg?ssl=1","contentUrl":"https:\/\/i3.wp.com\/interpim.erresse-shop.it\/img-catalogo\/staub\/staub-padella-28-cm-ghisa.jpg?ssl=1"},{"@type":"BreadcrumbList","@id":"https:\/\/dev6.erresse-shop.it\/es\/shop\/sartenes-y-ollas\/staub-sarten-28-cm-negra\/#breadcrumb","itemListElement":[{"@type":"ListItem","position":1,"name":"Home","item":"https:\/\/dev6.erresse-shop.it\/"},{"@type":"ListItem","position":2,"name":"Tienda","item":"https:\/\/dev6.erresse-shop.it\/shop\/"},{"@type":"ListItem","position":3,"name":"STAUB Sart\u00e9n 28 cm Negra"}]},{"@type":"WebSite","@id":"https:\/\/dev6.erresse-shop.it\/#website","url":"https:\/\/dev6.erresse-shop.it\/","name":"Erresse Shop","description":"","publisher":{"@id":"https:\/\/dev6.erresse-shop.it\/#organization"},"potentialAction":[{"@type":"SearchAction","target":{"@type":"EntryPoint","urlTemplate":"https:\/\/dev6.erresse-shop.it\/?s={search_term_string}"},"query-input":{"@type":"PropertyValueSpecification","valueRequired":true,"valueName":"search_term_string"}}],"inLanguage":"es"},{"@type":"Organization","@id":"https:\/\/dev6.erresse-shop.it\/#organization","name":"Erresse Shop","url":"https:\/\/dev6.erresse-shop.it\/","logo":{"@type":"ImageObject","inLanguage":"es","@id":"https:\/\/dev6.erresse-shop.it\/#\/schema\/logo\/image\/","url":"https:\/\/dev6.erresse-shop.it\/wp-content\/uploads\/2025\/01\/LOGO-ERRESSE-CLASSICO.svg","contentUrl":"https:\/\/dev6.erresse-shop.it\/wp-content\/uploads\/2025\/01\/LOGO-ERRESSE-CLASSICO.svg","caption":"Erresse Shop"},"image":{"@id":"https:\/\/dev6.erresse-shop.it\/#\/schema\/logo\/image\/"}}]}},"df_price":119,"df_sale_price":119,"df_regular_price":169,"df_image_link":"https:\/\/i3.wp.com\/interpim.erresse-shop.it\/img-catalogo\/staub\/staub-padella-28-cm-ghisa.jpg?resize=300,300&ssl=1","fifu_image_url":"https:\/\/interpim.erresse-shop.it\/img-catalogo\/staub\/staub-padella-28-cm-ghisa.jpg","_links":{"self":[{"href":"https:\/\/dev6.erresse-shop.it\/es\/wp-json\/wp\/v2\/product\/1880450","targetHints":{"allow":["GET"]}}],"collection":[{"href":"https:\/\/dev6.erresse-shop.it\/es\/wp-json\/wp\/v2\/product"}],"about":[{"href":"https:\/\/dev6.erresse-shop.it\/es\/wp-json\/wp\/v2\/types\/product"}],"wp:featuredmedia":[{"embeddable":true,"href":"https:\/\/dev6.erresse-shop.it\/es\/wp-json\/wp\/v2\/media\/6282284"}],"wp:attachment":[{"href":"https:\/\/dev6.erresse-shop.it\/es\/wp-json\/wp\/v2\/media?parent=1880450"}],"wp:term":[{"taxonomy":"product_cat","embeddable":true,"href":"https:\/\/dev6.erresse-shop.it\/es\/wp-json\/wp\/v2\/product_cat?post=1880450"},{"taxonomy":"product_tag","embeddable":true,"href":"https:\/\/dev6.erresse-shop.it\/es\/wp-json\/wp\/v2\/product_tag?post=1880450"}],"curies":[{"name":"wp","href":"https:\/\/api.w.org\/{rel}","templated":true}]}}