{"id":1880414,"date":"2026-04-04T10:14:47","date_gmt":"2026-04-04T08:14:47","guid":{"rendered":"https:\/\/dev6.erresse-shop.it\/shop\/sin%20categor\u00eda\/illy-iperespresso-x7-1-rosa-14-capsulas-incluidas\/"},"modified":"2025-07-04T22:52:59","modified_gmt":"2025-07-04T20:52:59","slug":"illy-iperespresso-x7-1-rosa-14-capsulas-incluidas","status":"publish","type":"product","link":"https:\/\/dev6.erresse-shop.it\/es\/shop\/pequenos-electrodomesticos\/maquinas-de-cafe\/capsulas\/illy-iperespresso-x7-1-rosa-14-capsulas-incluidas\/","title":{"rendered":"ILLY Iperespresso X7.1 Rosa 14 c\u00e1psulas incluidas"},"content":{"rendered":"<p>Perfecci\u00f3n apasionadaEl inconfundible dise\u00f1o recuerda el gesto del barista y el espresso que preparas en casa es igual que el del bar, la calidad de la extracci\u00f3n es siempre impecable:Se introduce la c\u00e1psula en el portafiltro y se empieza a preparar con un toque.<\/p>\n<p>El inconfundible dise\u00f1o de inspiraci\u00f3n retro es obra de Luca Trazzi.Los botones son de tacto suave y las se\u00f1ales ac\u00fasticas y luminosas indican claramente el estado de funcionamiento.Ideal para los amantes de la L profunda, es extremadamente atento a los que no pueden prescindir de su capuchino. De hecho, el pannarello garantiza un uso muy f\u00e1cil y el tiempo de espera entre el modo caf\u00e9 y el capuchino es m\u00ednimo.La desconexi\u00f3n autom\u00e1tica tras 30 minutos de inactividad permite un considerable ahorro de energ\u00eda incluso para los m\u00e1s distra\u00eddos.Limpieza y mantenimiento m\u00ednimos.<\/p>\n<p>La inconfundible precisi\u00f3n illy es la mejor garant\u00eda.<\/p>\n<p>Caracter\u00edsticas:<\/p>\n<p>Garant\u00eda: 2 a\u00f1os<br \/>\nVolumen de taza programable<br \/>\nParada autom\u00e1tica de elaboraci\u00f3n de cerveza<br \/>\nEspera autom\u00e1tica cuando no se utiliza<\/p>\n<p>Especificaciones t\u00e9cnicas:<\/p>\n<p>Dimensiones (cm): 26 x 29 x 23<br \/>\nCapacidad del dep\u00f3sito: 1 L<br \/>\nTensi\u00f3n: 230 V, cable de 1 m de longitud<br \/>\nPresi\u00f3n de la bomba: 15 bar<\/p>\n<p>Preparaci\u00f3n: C\u00e1psulas de espresso (Iperespresso)Formato de caf\u00e9: c\u00e1psulas de IperespressoLongitud del cable: 1 mCapacidad del dep\u00f3sito: 1 LDimensiones: (cm) 26 x 29 x 23Suministro de caf\u00e9 ajustable: Autom\u00e1ticoCalentador de tazas: NoAltura de la taza ajustable: NoGarant\u00eda: 2 a\u00f1osTensi\u00f3n: 230 vMaterial: Pl\u00e1sticoEspumador de leche: NoAhorro de energ\u00eda: S\u00edTipo de caf\u00e9: C\u00e1psulas de IperespressoFunciones: Cappuccino<\/p>\n<p>La caja incluye 14 c\u00e1psulas de Iperespresso Illy.<\/p>\n<p>No se vende fuera de Europa<\/p>\n","protected":false},"excerpt":{"rendered":"<p>Perfecci\u00f3n apasionadaEl inconfundible dise\u00f1o recuerda el gesto del barista y el espresso que preparas en casa es igual que el del bar, la calidad de la extracci\u00f3n es siempre impecable:Se introduce la c\u00e1psula en el portafiltro y se empieza a preparar con un toque. El inconfundible dise\u00f1o de inspiraci\u00f3n retro es obra de Luca Trazzi.Los [&hellip;]<\/p>\n","protected":false},"featured_media":6282210,"template":"","meta":{"_acf_changed":false},"product_cat":[11973,11955,11947],"product_tag":[],"class_list":{"0":"post-1880414","1":"product","2":"type-product","3":"status-publish","4":"has-post-thumbnail","6":"product_cat-capsulas","7":"product_cat-maquinas-de-cafe","8":"product_cat-pequenos-electrodomesticos","10":"first","11":"instock","12":"taxable","13":"shipping-taxable","14":"purchasable","15":"product-type-simple","swatches":"rey-swatches","show_selected":"","stretch_labels":"rey-swatches--stretch-labels"},"acf":[],"yoast_head":"<!-- This site is optimized with the Yoast SEO plugin v25.4 - https:\/\/yoast.com\/wordpress\/plugins\/seo\/ -->\n<title>ILLY Iperespresso X7.1 Rosa 14 c\u00e1psulas incluidas - dev6 Erresse<\/title>\n<meta name=\"description\" content=\"Perfecci\u00f3n apasionadaEl inconfundible dise\u00f1o recuerda el gesto del barista y el espresso que preparas en casa es igual que el del bar, la calidad de la\" \/>\n<meta name=\"robots\" content=\"noindex, follow, max-snippet:-1, max-image-preview:large, max-video-preview:-1\" \/>\n<meta property=\"og:locale\" content=\"es_ES\" \/>\n<meta property=\"og:type\" content=\"article\" \/>\n<meta property=\"og:title\" content=\"ILLY Iperespresso X7.1 Rosa 14 c\u00e1psulas incluidas - dev6 Erresse\" \/>\n<meta property=\"og:description\" content=\"Perfecci\u00f3n apasionadaEl inconfundible dise\u00f1o recuerda el gesto del barista y el espresso que preparas en casa es igual que el del bar, la calidad de la\" \/>\n<meta property=\"og:url\" content=\"https:\/\/dev6.erresse-shop.it\/es\/shop\/pequenos-electrodomesticos\/maquinas-de-cafe\/capsulas\/illy-iperespresso-x7-1-rosa-14-capsulas-incluidas\/\" \/>\n<meta property=\"og:site_name\" content=\"dev6 Erresse\" \/>\n<meta property=\"og:image\" content=\"https:\/\/interpim.erresse-shop.it\/Import\/Prodotti\/illy-x7.1-rosa.jpg\" \/><meta property=\"og:image\" content=\"https:\/\/interpim.erresse-shop.it\/Import\/Prodotti\/illy-x7.1-rosa.jpg\" \/>\n\t<meta property=\"og:image:width\" content=\"1024\" \/>\n\t<meta property=\"og:image:height\" content=\"1024\" \/>\n\t<meta property=\"og:image:type\" content=\"image\/jpeg\" \/>\n<meta name=\"twitter:card\" content=\"summary_large_image\" \/>\n<meta name=\"twitter:image\" content=\"https:\/\/interpim.erresse-shop.it\/Import\/Prodotti\/illy-x7.1-rosa.jpg\" \/>\n<script type=\"application\/ld+json\" class=\"yoast-schema-graph\">{\"@context\":\"https:\/\/schema.org\",\"@graph\":[{\"@type\":\"WebPage\",\"@id\":\"https:\/\/dev6.erresse-shop.it\/es\/shop\/pequenos-electrodomesticos\/maquinas-de-cafe\/capsulas\/illy-iperespresso-x7-1-rosa-14-capsulas-incluidas\/\",\"url\":\"https:\/\/dev6.erresse-shop.it\/es\/shop\/pequenos-electrodomesticos\/maquinas-de-cafe\/capsulas\/illy-iperespresso-x7-1-rosa-14-capsulas-incluidas\/\",\"name\":\"ILLY Iperespresso X7.1 Rosa 14 c\u00e1psulas incluidas - dev6 Erresse\",\"isPartOf\":{\"@id\":\"https:\/\/dev6.erresse-shop.it\/#website\"},\"primaryImageOfPage\":{\"@id\":\"https:\/\/dev6.erresse-shop.it\/es\/shop\/pequenos-electrodomesticos\/maquinas-de-cafe\/capsulas\/illy-iperespresso-x7-1-rosa-14-capsulas-incluidas\/#primaryimage\"},\"image\":{\"@id\":\"https:\/\/dev6.erresse-shop.it\/es\/shop\/pequenos-electrodomesticos\/maquinas-de-cafe\/capsulas\/illy-iperespresso-x7-1-rosa-14-capsulas-incluidas\/#primaryimage\"},\"thumbnailUrl\":\"https:\/\/i2.wp.com\/interpim.erresse-shop.it\/Import\/Prodotti\/illy-x7.1-rosa.jpg?ssl=1\",\"datePublished\":\"2026-04-04T08:14:47+00:00\",\"description\":\"Perfecci\u00f3n apasionadaEl inconfundible dise\u00f1o recuerda el gesto del barista y el espresso que preparas en casa es igual que el del bar, la calidad de la\",\"breadcrumb\":{\"@id\":\"https:\/\/dev6.erresse-shop.it\/es\/shop\/pequenos-electrodomesticos\/maquinas-de-cafe\/capsulas\/illy-iperespresso-x7-1-rosa-14-capsulas-incluidas\/#breadcrumb\"},\"inLanguage\":\"es\",\"potentialAction\":[{\"@type\":\"ReadAction\",\"target\":[\"https:\/\/dev6.erresse-shop.it\/es\/shop\/pequenos-electrodomesticos\/maquinas-de-cafe\/capsulas\/illy-iperespresso-x7-1-rosa-14-capsulas-incluidas\/\"]}]},{\"@type\":\"ImageObject\",\"inLanguage\":\"es\",\"@id\":\"https:\/\/dev6.erresse-shop.it\/es\/shop\/pequenos-electrodomesticos\/maquinas-de-cafe\/capsulas\/illy-iperespresso-x7-1-rosa-14-capsulas-incluidas\/#primaryimage\",\"url\":\"https:\/\/i2.wp.com\/interpim.erresse-shop.it\/Import\/Prodotti\/illy-x7.1-rosa.jpg?ssl=1\",\"contentUrl\":\"https:\/\/i2.wp.com\/interpim.erresse-shop.it\/Import\/Prodotti\/illy-x7.1-rosa.jpg?ssl=1\"},{\"@type\":\"BreadcrumbList\",\"@id\":\"https:\/\/dev6.erresse-shop.it\/es\/shop\/pequenos-electrodomesticos\/maquinas-de-cafe\/capsulas\/illy-iperespresso-x7-1-rosa-14-capsulas-incluidas\/#breadcrumb\",\"itemListElement\":[{\"@type\":\"ListItem\",\"position\":1,\"name\":\"Home\",\"item\":\"https:\/\/dev6.erresse-shop.it\/\"},{\"@type\":\"ListItem\",\"position\":2,\"name\":\"Tienda\",\"item\":\"https:\/\/dev6.erresse-shop.it\/shop\/\"},{\"@type\":\"ListItem\",\"position\":3,\"name\":\"ILLY Iperespresso X7.1 Rosa 14 c\u00e1psulas incluidas\"}]},{\"@type\":\"WebSite\",\"@id\":\"https:\/\/dev6.erresse-shop.it\/#website\",\"url\":\"https:\/\/dev6.erresse-shop.it\/\",\"name\":\"Erresse Shop\",\"description\":\"\",\"publisher\":{\"@id\":\"https:\/\/dev6.erresse-shop.it\/#organization\"},\"potentialAction\":[{\"@type\":\"SearchAction\",\"target\":{\"@type\":\"EntryPoint\",\"urlTemplate\":\"https:\/\/dev6.erresse-shop.it\/?s={search_term_string}\"},\"query-input\":{\"@type\":\"PropertyValueSpecification\",\"valueRequired\":true,\"valueName\":\"search_term_string\"}}],\"inLanguage\":\"es\"},{\"@type\":\"Organization\",\"@id\":\"https:\/\/dev6.erresse-shop.it\/#organization\",\"name\":\"Erresse Shop\",\"url\":\"https:\/\/dev6.erresse-shop.it\/\",\"logo\":{\"@type\":\"ImageObject\",\"inLanguage\":\"es\",\"@id\":\"https:\/\/dev6.erresse-shop.it\/#\/schema\/logo\/image\/\",\"url\":\"https:\/\/dev6.erresse-shop.it\/wp-content\/uploads\/2025\/01\/LOGO-ERRESSE-CLASSICO.svg\",\"contentUrl\":\"https:\/\/dev6.erresse-shop.it\/wp-content\/uploads\/2025\/01\/LOGO-ERRESSE-CLASSICO.svg\",\"caption\":\"Erresse Shop\"},\"image\":{\"@id\":\"https:\/\/dev6.erresse-shop.it\/#\/schema\/logo\/image\/\"}}]}<\/script>\n<!-- \/ Yoast SEO plugin. -->","yoast_head_json":{"title":"ILLY Iperespresso X7.1 Rosa 14 c\u00e1psulas incluidas - dev6 Erresse","description":"Perfecci\u00f3n apasionadaEl inconfundible dise\u00f1o recuerda el gesto del barista y el espresso que preparas en casa es igual que el del bar, la calidad de la","robots":{"index":"noindex","follow":"follow","max-snippet":"max-snippet:-1","max-image-preview":"max-image-preview:large","max-video-preview":"max-video-preview:-1"},"og_locale":"es_ES","og_type":"article","og_title":"ILLY Iperespresso X7.1 Rosa 14 c\u00e1psulas incluidas - dev6 Erresse","og_description":"Perfecci\u00f3n apasionadaEl inconfundible dise\u00f1o recuerda el gesto del barista y el espresso que preparas en casa es igual que el del bar, la calidad de la","og_url":"https:\/\/dev6.erresse-shop.it\/es\/shop\/pequenos-electrodomesticos\/maquinas-de-cafe\/capsulas\/illy-iperespresso-x7-1-rosa-14-capsulas-incluidas\/","og_site_name":"dev6 Erresse","og_image":[{"url":"https:\/\/interpim.erresse-shop.it\/Import\/Prodotti\/illy-x7.1-rosa.jpg","type":"","width":"","height":""},{"url":"https:\/\/interpim.erresse-shop.it\/Import\/Prodotti\/illy-x7.1-rosa.jpg","width":1024,"height":1024,"type":"image\/jpeg"}],"twitter_card":"summary_large_image","twitter_image":"https:\/\/interpim.erresse-shop.it\/Import\/Prodotti\/illy-x7.1-rosa.jpg","schema":{"@context":"https:\/\/schema.org","@graph":[{"@type":"WebPage","@id":"https:\/\/dev6.erresse-shop.it\/es\/shop\/pequenos-electrodomesticos\/maquinas-de-cafe\/capsulas\/illy-iperespresso-x7-1-rosa-14-capsulas-incluidas\/","url":"https:\/\/dev6.erresse-shop.it\/es\/shop\/pequenos-electrodomesticos\/maquinas-de-cafe\/capsulas\/illy-iperespresso-x7-1-rosa-14-capsulas-incluidas\/","name":"ILLY Iperespresso X7.1 Rosa 14 c\u00e1psulas incluidas - dev6 Erresse","isPartOf":{"@id":"https:\/\/dev6.erresse-shop.it\/#website"},"primaryImageOfPage":{"@id":"https:\/\/dev6.erresse-shop.it\/es\/shop\/pequenos-electrodomesticos\/maquinas-de-cafe\/capsulas\/illy-iperespresso-x7-1-rosa-14-capsulas-incluidas\/#primaryimage"},"image":{"@id":"https:\/\/dev6.erresse-shop.it\/es\/shop\/pequenos-electrodomesticos\/maquinas-de-cafe\/capsulas\/illy-iperespresso-x7-1-rosa-14-capsulas-incluidas\/#primaryimage"},"thumbnailUrl":"https:\/\/i2.wp.com\/interpim.erresse-shop.it\/Import\/Prodotti\/illy-x7.1-rosa.jpg?ssl=1","datePublished":"2026-04-04T08:14:47+00:00","description":"Perfecci\u00f3n apasionadaEl inconfundible dise\u00f1o recuerda el gesto del barista y el espresso que preparas en casa es igual que el del bar, la calidad de la","breadcrumb":{"@id":"https:\/\/dev6.erresse-shop.it\/es\/shop\/pequenos-electrodomesticos\/maquinas-de-cafe\/capsulas\/illy-iperespresso-x7-1-rosa-14-capsulas-incluidas\/#breadcrumb"},"inLanguage":"es","potentialAction":[{"@type":"ReadAction","target":["https:\/\/dev6.erresse-shop.it\/es\/shop\/pequenos-electrodomesticos\/maquinas-de-cafe\/capsulas\/illy-iperespresso-x7-1-rosa-14-capsulas-incluidas\/"]}]},{"@type":"ImageObject","inLanguage":"es","@id":"https:\/\/dev6.erresse-shop.it\/es\/shop\/pequenos-electrodomesticos\/maquinas-de-cafe\/capsulas\/illy-iperespresso-x7-1-rosa-14-capsulas-incluidas\/#primaryimage","url":"https:\/\/i2.wp.com\/interpim.erresse-shop.it\/Import\/Prodotti\/illy-x7.1-rosa.jpg?ssl=1","contentUrl":"https:\/\/i2.wp.com\/interpim.erresse-shop.it\/Import\/Prodotti\/illy-x7.1-rosa.jpg?ssl=1"},{"@type":"BreadcrumbList","@id":"https:\/\/dev6.erresse-shop.it\/es\/shop\/pequenos-electrodomesticos\/maquinas-de-cafe\/capsulas\/illy-iperespresso-x7-1-rosa-14-capsulas-incluidas\/#breadcrumb","itemListElement":[{"@type":"ListItem","position":1,"name":"Home","item":"https:\/\/dev6.erresse-shop.it\/"},{"@type":"ListItem","position":2,"name":"Tienda","item":"https:\/\/dev6.erresse-shop.it\/shop\/"},{"@type":"ListItem","position":3,"name":"ILLY Iperespresso X7.1 Rosa 14 c\u00e1psulas incluidas"}]},{"@type":"WebSite","@id":"https:\/\/dev6.erresse-shop.it\/#website","url":"https:\/\/dev6.erresse-shop.it\/","name":"Erresse Shop","description":"","publisher":{"@id":"https:\/\/dev6.erresse-shop.it\/#organization"},"potentialAction":[{"@type":"SearchAction","target":{"@type":"EntryPoint","urlTemplate":"https:\/\/dev6.erresse-shop.it\/?s={search_term_string}"},"query-input":{"@type":"PropertyValueSpecification","valueRequired":true,"valueName":"search_term_string"}}],"inLanguage":"es"},{"@type":"Organization","@id":"https:\/\/dev6.erresse-shop.it\/#organization","name":"Erresse Shop","url":"https:\/\/dev6.erresse-shop.it\/","logo":{"@type":"ImageObject","inLanguage":"es","@id":"https:\/\/dev6.erresse-shop.it\/#\/schema\/logo\/image\/","url":"https:\/\/dev6.erresse-shop.it\/wp-content\/uploads\/2025\/01\/LOGO-ERRESSE-CLASSICO.svg","contentUrl":"https:\/\/dev6.erresse-shop.it\/wp-content\/uploads\/2025\/01\/LOGO-ERRESSE-CLASSICO.svg","caption":"Erresse Shop"},"image":{"@id":"https:\/\/dev6.erresse-shop.it\/#\/schema\/logo\/image\/"}}]}},"df_price":199,"df_sale_price":"","df_regular_price":199,"df_image_link":"https:\/\/i2.wp.com\/interpim.erresse-shop.it\/Import\/Prodotti\/illy-x7.1-rosa.jpg?resize=300,300&ssl=1","fifu_image_url":"https:\/\/interpim.erresse-shop.it\/Import\/Prodotti\/illy-x7.1-rosa.jpg","_links":{"self":[{"href":"https:\/\/dev6.erresse-shop.it\/es\/wp-json\/wp\/v2\/product\/1880414","targetHints":{"allow":["GET"]}}],"collection":[{"href":"https:\/\/dev6.erresse-shop.it\/es\/wp-json\/wp\/v2\/product"}],"about":[{"href":"https:\/\/dev6.erresse-shop.it\/es\/wp-json\/wp\/v2\/types\/product"}],"wp:featuredmedia":[{"embeddable":true,"href":"https:\/\/dev6.erresse-shop.it\/es\/wp-json\/wp\/v2\/media\/6282210"}],"wp:attachment":[{"href":"https:\/\/dev6.erresse-shop.it\/es\/wp-json\/wp\/v2\/media?parent=1880414"}],"wp:term":[{"taxonomy":"product_cat","embeddable":true,"href":"https:\/\/dev6.erresse-shop.it\/es\/wp-json\/wp\/v2\/product_cat?post=1880414"},{"taxonomy":"product_tag","embeddable":true,"href":"https:\/\/dev6.erresse-shop.it\/es\/wp-json\/wp\/v2\/product_tag?post=1880414"}],"curies":[{"name":"wp","href":"https:\/\/api.w.org\/{rel}","templated":true}]}}