{"id":1880410,"date":"2026-04-12T10:17:17","date_gmt":"2026-04-12T08:17:17","guid":{"rendered":"https:\/\/dev6.erresse-shop.it\/shop\/sin%20categor\u00eda\/les-jardins-de-la-comtesse-bolsa-de-playa-riviera\/"},"modified":"2025-09-14T08:46:33","modified_gmt":"2025-09-14T06:46:33","slug":"les-jardins-de-la-comtesse-bolsa-de-playa-riviera","status":"publish","type":"product","link":"https:\/\/dev6.erresse-shop.it\/es\/shop\/tabla\/cestas-de-picnic\/les-jardins-de-la-comtesse-bolsa-de-playa-riviera\/","title":{"rendered":"LES JARDINS DE LA COMTESSE Bolsa de playa Riviera"},"content":{"rendered":"<p>Bolsa de playa isot\u00e9rmica fabricada en rafia tejida, lo que la hace ligera. Ideal para un picnic junto al mar.<\/p>\n<p>La bolsa Riviera es una bolsa de playa de rafia con un gran compartimento isot\u00e9rmico para mantener fr\u00edos los alimentos y las bebidas.<br \/>\nTambi\u00e9n incluye un juego de cubiertos y platos de bamb\u00fa para 4 personas y vasos de polipropileno ligero e irrompible.<br \/>\nSus anchas asas facilitan su transporte al hombro.<\/p>\n<p>Adornada con un bonito tejido a rayas azules y blancas, esta cesta ser\u00e1 el accesorio indispensable para sus vacaciones junto al mar.<\/p>\n<p>Esta bolsa incluye todo lo necesario para su picnic: platos, cubiertos, vasos y un abrebotellas.<\/p>\n<p>Capacidad: 20 litros<br \/>\nLargo: 40 cm<br \/>\nAnchura: 16 cm<br \/>\nAltura: 38 cm<br \/>\nPeso: 1000 g<\/p>\n<p>Contenido<br \/>\n\u2013 4 platos de polipropileno<br \/>\n\u2013 4 vasos de polipropileno<br \/>\n\u2013 4 juegos de cubiertos de bamb\u00fa<br \/>\n\u2013 1 camarero de vino<\/p>\n","protected":false},"excerpt":{"rendered":"<p>Bolsa de playa isot\u00e9rmica fabricada en rafia tejida, lo que la hace ligera. Ideal para un picnic junto al mar. La bolsa Riviera es una bolsa de playa de rafia con un gran compartimento isot\u00e9rmico para mantener fr\u00edos los alimentos y las bebidas. Tambi\u00e9n incluye un juego de cubiertos y platos de bamb\u00fa para 4 [&hellip;]<\/p>\n","protected":false},"featured_media":6365462,"template":"","meta":{"_acf_changed":false},"product_cat":[11924,11887,11671],"product_tag":[],"class_list":{"0":"post-1880410","1":"product","2":"type-product","3":"status-publish","4":"has-post-thumbnail","6":"product_cat-cestas-de-picnic","7":"product_cat-tabla","8":"product_cat-tavola","10":"first","11":"instock","12":"sale","13":"taxable","14":"shipping-taxable","15":"purchasable","16":"product-type-simple","swatches":"rey-swatches","show_selected":"","stretch_labels":"rey-swatches--stretch-labels"},"acf":[],"yoast_head":"<!-- This site is optimized with the Yoast SEO plugin v25.4 - https:\/\/yoast.com\/wordpress\/plugins\/seo\/ -->\n<title>LES JARDINS DE LA COMTESSE Bolsa de playa Riviera - dev6 Erresse<\/title>\n<meta name=\"description\" content=\"Bolsa de playa isot\u00e9rmica fabricada en rafia tejida, lo que la hace ligera. Ideal para un picnic junto al mar. La bolsa Riviera es una bolsa de playa de\" \/>\n<meta name=\"robots\" content=\"noindex, follow, max-snippet:-1, max-image-preview:large, max-video-preview:-1\" \/>\n<meta property=\"og:locale\" content=\"es_ES\" \/>\n<meta property=\"og:type\" content=\"article\" \/>\n<meta property=\"og:title\" content=\"LES JARDINS DE LA COMTESSE Bolsa de playa Riviera - dev6 Erresse\" \/>\n<meta property=\"og:description\" content=\"Bolsa de playa isot\u00e9rmica fabricada en rafia tejida, lo que la hace ligera. Ideal para un picnic junto al mar. La bolsa Riviera es una bolsa de playa de\" \/>\n<meta property=\"og:url\" content=\"https:\/\/dev6.erresse-shop.it\/es\/shop\/tabla\/cestas-de-picnic\/les-jardins-de-la-comtesse-bolsa-de-playa-riviera\/\" \/>\n<meta property=\"og:site_name\" content=\"dev6 Erresse\" \/>\n<meta property=\"og:image\" content=\"https:\/\/interpim.erresse-shop.it\/Import\/Prodotti\/les-jardins-de-la-comtesse-sac-de-plage-riviera.jpg\" \/><meta property=\"og:image\" content=\"https:\/\/interpim.erresse-shop.it\/Import\/Prodotti\/les-jardins-de-la-comtesse-sac-de-plage-riviera.jpg\" \/>\n\t<meta property=\"og:image:width\" content=\"1024\" \/>\n\t<meta property=\"og:image:height\" content=\"1024\" \/>\n\t<meta property=\"og:image:type\" content=\"image\/jpeg\" \/>\n<meta name=\"twitter:card\" content=\"summary_large_image\" \/>\n<meta name=\"twitter:image\" content=\"https:\/\/interpim.erresse-shop.it\/Import\/Prodotti\/les-jardins-de-la-comtesse-sac-de-plage-riviera.jpg\" \/>\n<script type=\"application\/ld+json\" class=\"yoast-schema-graph\">{\"@context\":\"https:\/\/schema.org\",\"@graph\":[{\"@type\":\"WebPage\",\"@id\":\"https:\/\/dev6.erresse-shop.it\/es\/shop\/tabla\/cestas-de-picnic\/les-jardins-de-la-comtesse-bolsa-de-playa-riviera\/\",\"url\":\"https:\/\/dev6.erresse-shop.it\/es\/shop\/tabla\/cestas-de-picnic\/les-jardins-de-la-comtesse-bolsa-de-playa-riviera\/\",\"name\":\"LES JARDINS DE LA COMTESSE Bolsa de playa Riviera - dev6 Erresse\",\"isPartOf\":{\"@id\":\"https:\/\/dev6.erresse-shop.it\/#website\"},\"primaryImageOfPage\":{\"@id\":\"https:\/\/dev6.erresse-shop.it\/es\/shop\/tabla\/cestas-de-picnic\/les-jardins-de-la-comtesse-bolsa-de-playa-riviera\/#primaryimage\"},\"image\":{\"@id\":\"https:\/\/dev6.erresse-shop.it\/es\/shop\/tabla\/cestas-de-picnic\/les-jardins-de-la-comtesse-bolsa-de-playa-riviera\/#primaryimage\"},\"thumbnailUrl\":\"https:\/\/i2.wp.com\/interpim.erresse-shop.it\/Import\/Prodotti\/les-jardins-de-la-comtesse-sac-de-plage-riviera.jpg?ssl=1\",\"datePublished\":\"2026-04-12T08:17:17+00:00\",\"description\":\"Bolsa de playa isot\u00e9rmica fabricada en rafia tejida, lo que la hace ligera. Ideal para un picnic junto al mar. La bolsa Riviera es una bolsa de playa de\",\"breadcrumb\":{\"@id\":\"https:\/\/dev6.erresse-shop.it\/es\/shop\/tabla\/cestas-de-picnic\/les-jardins-de-la-comtesse-bolsa-de-playa-riviera\/#breadcrumb\"},\"inLanguage\":\"es\",\"potentialAction\":[{\"@type\":\"ReadAction\",\"target\":[\"https:\/\/dev6.erresse-shop.it\/es\/shop\/tabla\/cestas-de-picnic\/les-jardins-de-la-comtesse-bolsa-de-playa-riviera\/\"]}]},{\"@type\":\"ImageObject\",\"inLanguage\":\"es\",\"@id\":\"https:\/\/dev6.erresse-shop.it\/es\/shop\/tabla\/cestas-de-picnic\/les-jardins-de-la-comtesse-bolsa-de-playa-riviera\/#primaryimage\",\"url\":\"https:\/\/i2.wp.com\/interpim.erresse-shop.it\/Import\/Prodotti\/les-jardins-de-la-comtesse-sac-de-plage-riviera.jpg?ssl=1\",\"contentUrl\":\"https:\/\/i2.wp.com\/interpim.erresse-shop.it\/Import\/Prodotti\/les-jardins-de-la-comtesse-sac-de-plage-riviera.jpg?ssl=1\"},{\"@type\":\"BreadcrumbList\",\"@id\":\"https:\/\/dev6.erresse-shop.it\/es\/shop\/tabla\/cestas-de-picnic\/les-jardins-de-la-comtesse-bolsa-de-playa-riviera\/#breadcrumb\",\"itemListElement\":[{\"@type\":\"ListItem\",\"position\":1,\"name\":\"Home\",\"item\":\"https:\/\/dev6.erresse-shop.it\/\"},{\"@type\":\"ListItem\",\"position\":2,\"name\":\"Tienda\",\"item\":\"https:\/\/dev6.erresse-shop.it\/shop\/\"},{\"@type\":\"ListItem\",\"position\":3,\"name\":\"LES JARDINS DE LA COMTESSE Bolsa de playa Riviera\"}]},{\"@type\":\"WebSite\",\"@id\":\"https:\/\/dev6.erresse-shop.it\/#website\",\"url\":\"https:\/\/dev6.erresse-shop.it\/\",\"name\":\"Erresse Shop\",\"description\":\"\",\"publisher\":{\"@id\":\"https:\/\/dev6.erresse-shop.it\/#organization\"},\"potentialAction\":[{\"@type\":\"SearchAction\",\"target\":{\"@type\":\"EntryPoint\",\"urlTemplate\":\"https:\/\/dev6.erresse-shop.it\/?s={search_term_string}\"},\"query-input\":{\"@type\":\"PropertyValueSpecification\",\"valueRequired\":true,\"valueName\":\"search_term_string\"}}],\"inLanguage\":\"es\"},{\"@type\":\"Organization\",\"@id\":\"https:\/\/dev6.erresse-shop.it\/#organization\",\"name\":\"Erresse Shop\",\"url\":\"https:\/\/dev6.erresse-shop.it\/\",\"logo\":{\"@type\":\"ImageObject\",\"inLanguage\":\"es\",\"@id\":\"https:\/\/dev6.erresse-shop.it\/#\/schema\/logo\/image\/\",\"url\":\"https:\/\/dev6.erresse-shop.it\/wp-content\/uploads\/2025\/01\/LOGO-ERRESSE-CLASSICO.svg\",\"contentUrl\":\"https:\/\/dev6.erresse-shop.it\/wp-content\/uploads\/2025\/01\/LOGO-ERRESSE-CLASSICO.svg\",\"caption\":\"Erresse Shop\"},\"image\":{\"@id\":\"https:\/\/dev6.erresse-shop.it\/#\/schema\/logo\/image\/\"}}]}<\/script>\n<!-- \/ Yoast SEO plugin. -->","yoast_head_json":{"title":"LES JARDINS DE LA COMTESSE Bolsa de playa Riviera - dev6 Erresse","description":"Bolsa de playa isot\u00e9rmica fabricada en rafia tejida, lo que la hace ligera. Ideal para un picnic junto al mar. La bolsa Riviera es una bolsa de playa de","robots":{"index":"noindex","follow":"follow","max-snippet":"max-snippet:-1","max-image-preview":"max-image-preview:large","max-video-preview":"max-video-preview:-1"},"og_locale":"es_ES","og_type":"article","og_title":"LES JARDINS DE LA COMTESSE Bolsa de playa Riviera - dev6 Erresse","og_description":"Bolsa de playa isot\u00e9rmica fabricada en rafia tejida, lo que la hace ligera. Ideal para un picnic junto al mar. La bolsa Riviera es una bolsa de playa de","og_url":"https:\/\/dev6.erresse-shop.it\/es\/shop\/tabla\/cestas-de-picnic\/les-jardins-de-la-comtesse-bolsa-de-playa-riviera\/","og_site_name":"dev6 Erresse","og_image":[{"url":"https:\/\/interpim.erresse-shop.it\/Import\/Prodotti\/les-jardins-de-la-comtesse-sac-de-plage-riviera.jpg","type":"","width":"","height":""},{"url":"https:\/\/interpim.erresse-shop.it\/Import\/Prodotti\/les-jardins-de-la-comtesse-sac-de-plage-riviera.jpg","width":1024,"height":1024,"type":"image\/jpeg"}],"twitter_card":"summary_large_image","twitter_image":"https:\/\/interpim.erresse-shop.it\/Import\/Prodotti\/les-jardins-de-la-comtesse-sac-de-plage-riviera.jpg","schema":{"@context":"https:\/\/schema.org","@graph":[{"@type":"WebPage","@id":"https:\/\/dev6.erresse-shop.it\/es\/shop\/tabla\/cestas-de-picnic\/les-jardins-de-la-comtesse-bolsa-de-playa-riviera\/","url":"https:\/\/dev6.erresse-shop.it\/es\/shop\/tabla\/cestas-de-picnic\/les-jardins-de-la-comtesse-bolsa-de-playa-riviera\/","name":"LES JARDINS DE LA COMTESSE Bolsa de playa Riviera - dev6 Erresse","isPartOf":{"@id":"https:\/\/dev6.erresse-shop.it\/#website"},"primaryImageOfPage":{"@id":"https:\/\/dev6.erresse-shop.it\/es\/shop\/tabla\/cestas-de-picnic\/les-jardins-de-la-comtesse-bolsa-de-playa-riviera\/#primaryimage"},"image":{"@id":"https:\/\/dev6.erresse-shop.it\/es\/shop\/tabla\/cestas-de-picnic\/les-jardins-de-la-comtesse-bolsa-de-playa-riviera\/#primaryimage"},"thumbnailUrl":"https:\/\/i2.wp.com\/interpim.erresse-shop.it\/Import\/Prodotti\/les-jardins-de-la-comtesse-sac-de-plage-riviera.jpg?ssl=1","datePublished":"2026-04-12T08:17:17+00:00","description":"Bolsa de playa isot\u00e9rmica fabricada en rafia tejida, lo que la hace ligera. Ideal para un picnic junto al mar. La bolsa Riviera es una bolsa de playa de","breadcrumb":{"@id":"https:\/\/dev6.erresse-shop.it\/es\/shop\/tabla\/cestas-de-picnic\/les-jardins-de-la-comtesse-bolsa-de-playa-riviera\/#breadcrumb"},"inLanguage":"es","potentialAction":[{"@type":"ReadAction","target":["https:\/\/dev6.erresse-shop.it\/es\/shop\/tabla\/cestas-de-picnic\/les-jardins-de-la-comtesse-bolsa-de-playa-riviera\/"]}]},{"@type":"ImageObject","inLanguage":"es","@id":"https:\/\/dev6.erresse-shop.it\/es\/shop\/tabla\/cestas-de-picnic\/les-jardins-de-la-comtesse-bolsa-de-playa-riviera\/#primaryimage","url":"https:\/\/i2.wp.com\/interpim.erresse-shop.it\/Import\/Prodotti\/les-jardins-de-la-comtesse-sac-de-plage-riviera.jpg?ssl=1","contentUrl":"https:\/\/i2.wp.com\/interpim.erresse-shop.it\/Import\/Prodotti\/les-jardins-de-la-comtesse-sac-de-plage-riviera.jpg?ssl=1"},{"@type":"BreadcrumbList","@id":"https:\/\/dev6.erresse-shop.it\/es\/shop\/tabla\/cestas-de-picnic\/les-jardins-de-la-comtesse-bolsa-de-playa-riviera\/#breadcrumb","itemListElement":[{"@type":"ListItem","position":1,"name":"Home","item":"https:\/\/dev6.erresse-shop.it\/"},{"@type":"ListItem","position":2,"name":"Tienda","item":"https:\/\/dev6.erresse-shop.it\/shop\/"},{"@type":"ListItem","position":3,"name":"LES JARDINS DE LA COMTESSE Bolsa de playa Riviera"}]},{"@type":"WebSite","@id":"https:\/\/dev6.erresse-shop.it\/#website","url":"https:\/\/dev6.erresse-shop.it\/","name":"Erresse Shop","description":"","publisher":{"@id":"https:\/\/dev6.erresse-shop.it\/#organization"},"potentialAction":[{"@type":"SearchAction","target":{"@type":"EntryPoint","urlTemplate":"https:\/\/dev6.erresse-shop.it\/?s={search_term_string}"},"query-input":{"@type":"PropertyValueSpecification","valueRequired":true,"valueName":"search_term_string"}}],"inLanguage":"es"},{"@type":"Organization","@id":"https:\/\/dev6.erresse-shop.it\/#organization","name":"Erresse Shop","url":"https:\/\/dev6.erresse-shop.it\/","logo":{"@type":"ImageObject","inLanguage":"es","@id":"https:\/\/dev6.erresse-shop.it\/#\/schema\/logo\/image\/","url":"https:\/\/dev6.erresse-shop.it\/wp-content\/uploads\/2025\/01\/LOGO-ERRESSE-CLASSICO.svg","contentUrl":"https:\/\/dev6.erresse-shop.it\/wp-content\/uploads\/2025\/01\/LOGO-ERRESSE-CLASSICO.svg","caption":"Erresse Shop"},"image":{"@id":"https:\/\/dev6.erresse-shop.it\/#\/schema\/logo\/image\/"}}]}},"df_price":56.95,"df_sale_price":56.95,"df_regular_price":60,"df_image_link":"https:\/\/i2.wp.com\/interpim.erresse-shop.it\/Import\/Prodotti\/les-jardins-de-la-comtesse-sac-de-plage-riviera.jpg?resize=300,300&ssl=1","fifu_image_url":"https:\/\/interpim.erresse-shop.it\/Import\/Prodotti\/les-jardins-de-la-comtesse-sac-de-plage-riviera.jpg","_links":{"self":[{"href":"https:\/\/dev6.erresse-shop.it\/es\/wp-json\/wp\/v2\/product\/1880410","targetHints":{"allow":["GET"]}}],"collection":[{"href":"https:\/\/dev6.erresse-shop.it\/es\/wp-json\/wp\/v2\/product"}],"about":[{"href":"https:\/\/dev6.erresse-shop.it\/es\/wp-json\/wp\/v2\/types\/product"}],"wp:featuredmedia":[{"embeddable":true,"href":"https:\/\/dev6.erresse-shop.it\/es\/wp-json\/wp\/v2\/media\/6365462"}],"wp:attachment":[{"href":"https:\/\/dev6.erresse-shop.it\/es\/wp-json\/wp\/v2\/media?parent=1880410"}],"wp:term":[{"taxonomy":"product_cat","embeddable":true,"href":"https:\/\/dev6.erresse-shop.it\/es\/wp-json\/wp\/v2\/product_cat?post=1880410"},{"taxonomy":"product_tag","embeddable":true,"href":"https:\/\/dev6.erresse-shop.it\/es\/wp-json\/wp\/v2\/product_tag?post=1880410"}],"curies":[{"name":"wp","href":"https:\/\/api.w.org\/{rel}","templated":true}]}}