{"id":1880322,"date":"2026-04-12T10:11:59","date_gmt":"2026-04-12T08:11:59","guid":{"rendered":"https:\/\/dev6.erresse-shop.it\/shop\/sin%20categor\u00eda\/sambonet-servicio-de-36-piezas-monobloc-sintesi\/"},"modified":"2025-07-04T22:49:38","modified_gmt":"2025-07-04T20:49:38","slug":"sambonet-servicio-de-36-piezas-monobloc-sintesi","status":"publish","type":"product","link":"https:\/\/dev6.erresse-shop.it\/es\/shop\/tabla\/cubiertos\/sambonet-servicio-de-36-piezas-monobloc-sintesi\/","title":{"rendered":"SAMBONET Servicio de 36 piezas Monobloc Sintesi"},"content":{"rendered":"<p>Sintesi hace hincapi\u00e9 en la ligereza formal dedicada a llevar a la mesa la s\u00edntesis perfecta de ergonom\u00eda, versatilidad y practicidad.<br \/>\nCada cubierto est\u00e1 fabricado en acero inoxidable 18\/10, con un mango sencillo, sim\u00e9trico y robusto.<br \/>\nEstilo sencillo y formal, perfecto para la mise en place de ocasiones especiales o para aportar un toque de ligereza a la mesa.<br \/>\nServicio completo para 6 personas. Incluye: 6 tenedores de mesa, 6 cucharas de mesa, 6 cuchillos de mesa, 6 tenedores de fruta, 6 cuchillos de fruta y 6 cucharas de t\u00e9. Apto para lavavajillas.<br \/>\nSe presenta en una elegante caja de regalo.<br \/>\nEl pulido efecto espejo realza la alta calidad del acero inoxidable, resaltando la forma y el dise\u00f1o. Las superficies se pulen con la ayuda de aditivos y cepillos mec\u00e1nicos de diferentes granos y materiales, que abrillantan el acero inoxidable. El objeto se enriquece con reflejos que lo hacen a\u00fan m\u00e1s precioso.<\/p>\n<p>El cuchillo de una pieza se fabrica como una sola pieza de acero. A diferencia del cuchillo de mango hueco, que consta de dos partes, aqu\u00ed no hay huecos entre el mango y la hoja, y al sostener este tipo de cuchillos se tiene una agradable sensaci\u00f3n de pesadez y solidez.<\/p>\n<p>El modelo Sintesi es la combinaci\u00f3n perfecta de estilo y sofisticaci\u00f3n. La colecci\u00f3n enfatiza la ligereza formal, llevando a la mesa la combinaci\u00f3n perfecta de ergonom\u00eda, practicidad y versatilidad. Una cuberter\u00eda atemporal, garantizada por la calidad y la tradici\u00f3n de Sambonet.<\/p>\n<p>Especificaciones t\u00e9cnicas<br \/>\nMarca: Sambonet<br \/>\nColecci\u00f3n: Sintesi<br \/>\nMaterial: Acero inoxidable<br \/>\nAspecto: Acero Espejo<br \/>\nN\u00famero de art\u00edculo: 52536-83<br \/>\nA\u00f1o de introducci\u00f3n: 2011<br \/>\nN\u00famero de piezas en el set: 36<br \/>\nAdecuado para cu\u00e1ntas personas: 6<br \/>\nComposici\u00f3n del juego: 6 cucharas de mesa, 6 tenedores de mesa, 6 cuchillos de mesa, 6 tenedores de fruta, 6 cuchillos de fruta, 6 cucharas de t\u00e9<br \/>\nEspecial para: Todo el a\u00f1o<br \/>\nTipo de mango: Monobloc<\/p>\n<p>Dimensiones<br \/>\nPeso del art\u00edculo: 2,71 kg<br \/>\nLongitud del paquete: 59,40 cm<br \/>\nAnchura del paquete: 35,50 cm<br \/>\nAltura del paquete: 5,40 cm<br \/>\nPeso con embalaje: 2,71 kg<br \/>\nVolumen del envase: 11,4000 dm\u00b3<\/p>\n<p>ANTES Y DESPU\u00c9S DE CADA USO: Lavar con detergentes adecuados evitando el cloro y los productos blanqueadores, aclarar y secar bien. A continuaci\u00f3n, gu\u00e1rdelos en un lugar seco. No utilizar esponjas o pa\u00f1os abrasivos. Eliminar inmediatamente los residuos de sal (NaCl), lim\u00f3n, vinagre, salsas a base de tomate, etc. Si se utiliza lavavajillas, aseg\u00farese de que el tratamiento incluye un secado y pulido perfectos y, si no, h\u00e1galo manualmente. Las hojas de los cuchillos son de acero inoxidable 420 martens\u00edtico endurecido, lo que garantiza la durabilidad del afilado pero hace que el material sea m\u00e1s sensible a los ataques corrosivos. Es imprescindible que los cuchillos se limpien, laven y sequen correctamente inmediatamente despu\u00e9s de su uso.<\/p>\n","protected":false},"excerpt":{"rendered":"<p>Sintesi hace hincapi\u00e9 en la ligereza formal dedicada a llevar a la mesa la s\u00edntesis perfecta de ergonom\u00eda, versatilidad y practicidad. Cada cubierto est\u00e1 fabricado en acero inoxidable 18\/10, con un mango sencillo, sim\u00e9trico y robusto. Estilo sencillo y formal, perfecto para la mise en place de ocasiones especiales o para aportar un toque de [&hellip;]<\/p>\n","protected":false},"featured_media":6365215,"template":"","meta":{"_acf_changed":false},"product_cat":[11888,11887,11671],"product_tag":[],"class_list":{"0":"post-1880322","1":"product","2":"type-product","3":"status-publish","4":"has-post-thumbnail","6":"product_cat-cubiertos","7":"product_cat-tabla","8":"product_cat-tavola","10":"first","11":"instock","12":"taxable","13":"shipping-taxable","14":"product-type-simple","swatches":"rey-swatches","show_selected":"","stretch_labels":"rey-swatches--stretch-labels"},"acf":[],"yoast_head":"<!-- This site is optimized with the Yoast SEO plugin v25.4 - https:\/\/yoast.com\/wordpress\/plugins\/seo\/ -->\n<title>SAMBONET Servicio de 36 piezas Monobloc Sintesi - dev6 Erresse<\/title>\n<meta name=\"description\" content=\"Sintesi hace hincapi\u00e9 en la ligereza formal dedicada a llevar a la mesa la s\u00edntesis perfecta de ergonom\u00eda, versatilidad y practicidad. Cada cubierto est\u00e1\" \/>\n<meta name=\"robots\" content=\"noindex, follow, max-snippet:-1, max-image-preview:large, max-video-preview:-1\" \/>\n<meta property=\"og:locale\" content=\"es_ES\" \/>\n<meta property=\"og:type\" content=\"article\" \/>\n<meta property=\"og:title\" content=\"SAMBONET Servicio de 36 piezas Monobloc Sintesi - dev6 Erresse\" \/>\n<meta property=\"og:description\" content=\"Sintesi hace hincapi\u00e9 en la ligereza formal dedicada a llevar a la mesa la s\u00edntesis perfecta de ergonom\u00eda, versatilidad y practicidad. Cada cubierto est\u00e1\" \/>\n<meta property=\"og:url\" content=\"https:\/\/dev6.erresse-shop.it\/es\/shop\/tabla\/cubiertos\/sambonet-servicio-de-36-piezas-monobloc-sintesi\/\" \/>\n<meta property=\"og:site_name\" content=\"dev6 Erresse\" \/>\n<meta property=\"og:image\" content=\"https:\/\/interpim.erresse-shop.it\/img-catalogo\/sambonet\/sambonet-servizio-36-pezzi-sintesi.jpg\" \/><meta property=\"og:image\" content=\"https:\/\/interpim.erresse-shop.it\/img-catalogo\/sambonet\/sambonet-servizio-36-pezzi-sintesi.jpg\" \/>\n\t<meta property=\"og:image:width\" content=\"1024\" \/>\n\t<meta property=\"og:image:height\" content=\"1024\" \/>\n\t<meta property=\"og:image:type\" content=\"image\/jpeg\" \/>\n<meta name=\"twitter:card\" content=\"summary_large_image\" \/>\n<meta name=\"twitter:image\" content=\"https:\/\/interpim.erresse-shop.it\/img-catalogo\/sambonet\/sambonet-servizio-36-pezzi-sintesi.jpg\" \/>\n<script type=\"application\/ld+json\" class=\"yoast-schema-graph\">{\"@context\":\"https:\/\/schema.org\",\"@graph\":[{\"@type\":\"WebPage\",\"@id\":\"https:\/\/dev6.erresse-shop.it\/es\/shop\/tabla\/cubiertos\/sambonet-servicio-de-36-piezas-monobloc-sintesi\/\",\"url\":\"https:\/\/dev6.erresse-shop.it\/es\/shop\/tabla\/cubiertos\/sambonet-servicio-de-36-piezas-monobloc-sintesi\/\",\"name\":\"SAMBONET Servicio de 36 piezas Monobloc Sintesi - dev6 Erresse\",\"isPartOf\":{\"@id\":\"https:\/\/dev6.erresse-shop.it\/#website\"},\"primaryImageOfPage\":{\"@id\":\"https:\/\/dev6.erresse-shop.it\/es\/shop\/tabla\/cubiertos\/sambonet-servicio-de-36-piezas-monobloc-sintesi\/#primaryimage\"},\"image\":{\"@id\":\"https:\/\/dev6.erresse-shop.it\/es\/shop\/tabla\/cubiertos\/sambonet-servicio-de-36-piezas-monobloc-sintesi\/#primaryimage\"},\"thumbnailUrl\":\"https:\/\/i1.wp.com\/interpim.erresse-shop.it\/img-catalogo\/sambonet\/sambonet-servizio-36-pezzi-sintesi.jpg?ssl=1\",\"datePublished\":\"2026-04-12T08:11:59+00:00\",\"description\":\"Sintesi hace hincapi\u00e9 en la ligereza formal dedicada a llevar a la mesa la s\u00edntesis perfecta de ergonom\u00eda, versatilidad y practicidad. Cada cubierto est\u00e1\",\"breadcrumb\":{\"@id\":\"https:\/\/dev6.erresse-shop.it\/es\/shop\/tabla\/cubiertos\/sambonet-servicio-de-36-piezas-monobloc-sintesi\/#breadcrumb\"},\"inLanguage\":\"es\",\"potentialAction\":[{\"@type\":\"ReadAction\",\"target\":[\"https:\/\/dev6.erresse-shop.it\/es\/shop\/tabla\/cubiertos\/sambonet-servicio-de-36-piezas-monobloc-sintesi\/\"]}]},{\"@type\":\"ImageObject\",\"inLanguage\":\"es\",\"@id\":\"https:\/\/dev6.erresse-shop.it\/es\/shop\/tabla\/cubiertos\/sambonet-servicio-de-36-piezas-monobloc-sintesi\/#primaryimage\",\"url\":\"https:\/\/i1.wp.com\/interpim.erresse-shop.it\/img-catalogo\/sambonet\/sambonet-servizio-36-pezzi-sintesi.jpg?ssl=1\",\"contentUrl\":\"https:\/\/i1.wp.com\/interpim.erresse-shop.it\/img-catalogo\/sambonet\/sambonet-servizio-36-pezzi-sintesi.jpg?ssl=1\"},{\"@type\":\"BreadcrumbList\",\"@id\":\"https:\/\/dev6.erresse-shop.it\/es\/shop\/tabla\/cubiertos\/sambonet-servicio-de-36-piezas-monobloc-sintesi\/#breadcrumb\",\"itemListElement\":[{\"@type\":\"ListItem\",\"position\":1,\"name\":\"Home\",\"item\":\"https:\/\/dev6.erresse-shop.it\/\"},{\"@type\":\"ListItem\",\"position\":2,\"name\":\"Tienda\",\"item\":\"https:\/\/dev6.erresse-shop.it\/shop\/\"},{\"@type\":\"ListItem\",\"position\":3,\"name\":\"SAMBONET Servicio de 36 piezas Monobloc Sintesi\"}]},{\"@type\":\"WebSite\",\"@id\":\"https:\/\/dev6.erresse-shop.it\/#website\",\"url\":\"https:\/\/dev6.erresse-shop.it\/\",\"name\":\"Erresse Shop\",\"description\":\"\",\"publisher\":{\"@id\":\"https:\/\/dev6.erresse-shop.it\/#organization\"},\"potentialAction\":[{\"@type\":\"SearchAction\",\"target\":{\"@type\":\"EntryPoint\",\"urlTemplate\":\"https:\/\/dev6.erresse-shop.it\/?s={search_term_string}\"},\"query-input\":{\"@type\":\"PropertyValueSpecification\",\"valueRequired\":true,\"valueName\":\"search_term_string\"}}],\"inLanguage\":\"es\"},{\"@type\":\"Organization\",\"@id\":\"https:\/\/dev6.erresse-shop.it\/#organization\",\"name\":\"Erresse Shop\",\"url\":\"https:\/\/dev6.erresse-shop.it\/\",\"logo\":{\"@type\":\"ImageObject\",\"inLanguage\":\"es\",\"@id\":\"https:\/\/dev6.erresse-shop.it\/#\/schema\/logo\/image\/\",\"url\":\"https:\/\/dev6.erresse-shop.it\/wp-content\/uploads\/2025\/01\/LOGO-ERRESSE-CLASSICO.svg\",\"contentUrl\":\"https:\/\/dev6.erresse-shop.it\/wp-content\/uploads\/2025\/01\/LOGO-ERRESSE-CLASSICO.svg\",\"caption\":\"Erresse Shop\"},\"image\":{\"@id\":\"https:\/\/dev6.erresse-shop.it\/#\/schema\/logo\/image\/\"}}]}<\/script>\n<!-- \/ Yoast SEO plugin. -->","yoast_head_json":{"title":"SAMBONET Servicio de 36 piezas Monobloc Sintesi - dev6 Erresse","description":"Sintesi hace hincapi\u00e9 en la ligereza formal dedicada a llevar a la mesa la s\u00edntesis perfecta de ergonom\u00eda, versatilidad y practicidad. Cada cubierto est\u00e1","robots":{"index":"noindex","follow":"follow","max-snippet":"max-snippet:-1","max-image-preview":"max-image-preview:large","max-video-preview":"max-video-preview:-1"},"og_locale":"es_ES","og_type":"article","og_title":"SAMBONET Servicio de 36 piezas Monobloc Sintesi - dev6 Erresse","og_description":"Sintesi hace hincapi\u00e9 en la ligereza formal dedicada a llevar a la mesa la s\u00edntesis perfecta de ergonom\u00eda, versatilidad y practicidad. Cada cubierto est\u00e1","og_url":"https:\/\/dev6.erresse-shop.it\/es\/shop\/tabla\/cubiertos\/sambonet-servicio-de-36-piezas-monobloc-sintesi\/","og_site_name":"dev6 Erresse","og_image":[{"url":"https:\/\/interpim.erresse-shop.it\/img-catalogo\/sambonet\/sambonet-servizio-36-pezzi-sintesi.jpg","type":"","width":"","height":""},{"url":"https:\/\/interpim.erresse-shop.it\/img-catalogo\/sambonet\/sambonet-servizio-36-pezzi-sintesi.jpg","width":1024,"height":1024,"type":"image\/jpeg"}],"twitter_card":"summary_large_image","twitter_image":"https:\/\/interpim.erresse-shop.it\/img-catalogo\/sambonet\/sambonet-servizio-36-pezzi-sintesi.jpg","schema":{"@context":"https:\/\/schema.org","@graph":[{"@type":"WebPage","@id":"https:\/\/dev6.erresse-shop.it\/es\/shop\/tabla\/cubiertos\/sambonet-servicio-de-36-piezas-monobloc-sintesi\/","url":"https:\/\/dev6.erresse-shop.it\/es\/shop\/tabla\/cubiertos\/sambonet-servicio-de-36-piezas-monobloc-sintesi\/","name":"SAMBONET Servicio de 36 piezas Monobloc Sintesi - dev6 Erresse","isPartOf":{"@id":"https:\/\/dev6.erresse-shop.it\/#website"},"primaryImageOfPage":{"@id":"https:\/\/dev6.erresse-shop.it\/es\/shop\/tabla\/cubiertos\/sambonet-servicio-de-36-piezas-monobloc-sintesi\/#primaryimage"},"image":{"@id":"https:\/\/dev6.erresse-shop.it\/es\/shop\/tabla\/cubiertos\/sambonet-servicio-de-36-piezas-monobloc-sintesi\/#primaryimage"},"thumbnailUrl":"https:\/\/i1.wp.com\/interpim.erresse-shop.it\/img-catalogo\/sambonet\/sambonet-servizio-36-pezzi-sintesi.jpg?ssl=1","datePublished":"2026-04-12T08:11:59+00:00","description":"Sintesi hace hincapi\u00e9 en la ligereza formal dedicada a llevar a la mesa la s\u00edntesis perfecta de ergonom\u00eda, versatilidad y practicidad. Cada cubierto est\u00e1","breadcrumb":{"@id":"https:\/\/dev6.erresse-shop.it\/es\/shop\/tabla\/cubiertos\/sambonet-servicio-de-36-piezas-monobloc-sintesi\/#breadcrumb"},"inLanguage":"es","potentialAction":[{"@type":"ReadAction","target":["https:\/\/dev6.erresse-shop.it\/es\/shop\/tabla\/cubiertos\/sambonet-servicio-de-36-piezas-monobloc-sintesi\/"]}]},{"@type":"ImageObject","inLanguage":"es","@id":"https:\/\/dev6.erresse-shop.it\/es\/shop\/tabla\/cubiertos\/sambonet-servicio-de-36-piezas-monobloc-sintesi\/#primaryimage","url":"https:\/\/i1.wp.com\/interpim.erresse-shop.it\/img-catalogo\/sambonet\/sambonet-servizio-36-pezzi-sintesi.jpg?ssl=1","contentUrl":"https:\/\/i1.wp.com\/interpim.erresse-shop.it\/img-catalogo\/sambonet\/sambonet-servizio-36-pezzi-sintesi.jpg?ssl=1"},{"@type":"BreadcrumbList","@id":"https:\/\/dev6.erresse-shop.it\/es\/shop\/tabla\/cubiertos\/sambonet-servicio-de-36-piezas-monobloc-sintesi\/#breadcrumb","itemListElement":[{"@type":"ListItem","position":1,"name":"Home","item":"https:\/\/dev6.erresse-shop.it\/"},{"@type":"ListItem","position":2,"name":"Tienda","item":"https:\/\/dev6.erresse-shop.it\/shop\/"},{"@type":"ListItem","position":3,"name":"SAMBONET Servicio de 36 piezas Monobloc Sintesi"}]},{"@type":"WebSite","@id":"https:\/\/dev6.erresse-shop.it\/#website","url":"https:\/\/dev6.erresse-shop.it\/","name":"Erresse Shop","description":"","publisher":{"@id":"https:\/\/dev6.erresse-shop.it\/#organization"},"potentialAction":[{"@type":"SearchAction","target":{"@type":"EntryPoint","urlTemplate":"https:\/\/dev6.erresse-shop.it\/?s={search_term_string}"},"query-input":{"@type":"PropertyValueSpecification","valueRequired":true,"valueName":"search_term_string"}}],"inLanguage":"es"},{"@type":"Organization","@id":"https:\/\/dev6.erresse-shop.it\/#organization","name":"Erresse Shop","url":"https:\/\/dev6.erresse-shop.it\/","logo":{"@type":"ImageObject","inLanguage":"es","@id":"https:\/\/dev6.erresse-shop.it\/#\/schema\/logo\/image\/","url":"https:\/\/dev6.erresse-shop.it\/wp-content\/uploads\/2025\/01\/LOGO-ERRESSE-CLASSICO.svg","contentUrl":"https:\/\/dev6.erresse-shop.it\/wp-content\/uploads\/2025\/01\/LOGO-ERRESSE-CLASSICO.svg","caption":"Erresse Shop"},"image":{"@id":"https:\/\/dev6.erresse-shop.it\/#\/schema\/logo\/image\/"}}]}},"df_price":"","df_sale_price":"","df_regular_price":"","df_image_link":"https:\/\/i1.wp.com\/interpim.erresse-shop.it\/img-catalogo\/sambonet\/sambonet-servizio-36-pezzi-sintesi.jpg?resize=300,300&ssl=1","fifu_image_url":"https:\/\/interpim.erresse-shop.it\/img-catalogo\/sambonet\/sambonet-servizio-36-pezzi-sintesi.jpg","_links":{"self":[{"href":"https:\/\/dev6.erresse-shop.it\/es\/wp-json\/wp\/v2\/product\/1880322","targetHints":{"allow":["GET"]}}],"collection":[{"href":"https:\/\/dev6.erresse-shop.it\/es\/wp-json\/wp\/v2\/product"}],"about":[{"href":"https:\/\/dev6.erresse-shop.it\/es\/wp-json\/wp\/v2\/types\/product"}],"wp:featuredmedia":[{"embeddable":true,"href":"https:\/\/dev6.erresse-shop.it\/es\/wp-json\/wp\/v2\/media\/6365215"}],"wp:attachment":[{"href":"https:\/\/dev6.erresse-shop.it\/es\/wp-json\/wp\/v2\/media?parent=1880322"}],"wp:term":[{"taxonomy":"product_cat","embeddable":true,"href":"https:\/\/dev6.erresse-shop.it\/es\/wp-json\/wp\/v2\/product_cat?post=1880322"},{"taxonomy":"product_tag","embeddable":true,"href":"https:\/\/dev6.erresse-shop.it\/es\/wp-json\/wp\/v2\/product_tag?post=1880322"}],"curies":[{"name":"wp","href":"https:\/\/api.w.org\/{rel}","templated":true}]}}