{"id":1880186,"date":"2026-04-12T10:06:46","date_gmt":"2026-04-12T08:06:46","guid":{"rendered":"https:\/\/dev6.erresse-shop.it\/shop\/sin%20categor\u00eda\/riedel-set-de-4-rum\/"},"modified":"2025-07-04T22:45:22","modified_gmt":"2025-07-04T20:45:22","slug":"riedel-set-de-4-rum","status":"publish","type":"product","link":"https:\/\/dev6.erresse-shop.it\/es\/shop\/tabla\/vasos\/riedel-set-de-4-rum\/","title":{"rendered":"RIEDEL Set de 4 Rum"},"content":{"rendered":"<p>El set de ron incluye una elegante copa de tallo largo para que este delicioso destilado se manifieste en todo su esplendor, tanto en nariz como en paladar.<\/p>\n<p>La copa es especialmente adecuada para los rones dorados, oscuros, a\u00f1ejos y de alta graduaci\u00f3n. Resaltar\u00e1 los aromas afrutados y especiados, como la vainilla, la nuez moscada, la canela, el clavo, el caramelo y el pl\u00e1tano, equilibrando a la perfecci\u00f3n el alcohol y el dulzor en el paladar.Lleve sus bebidas caseras a un nuevo nivel con nuestros juegos de mezclas, bebidas espirituosas y c\u00f3cteles. Tenemos el vaso adecuado para todas sus bebidas favoritas, desde un cl\u00e1sico gin-tonic o un suave destilado hasta c\u00f3cteles m\u00e1s elaborados. Con una gama de estilos que se adaptan a todos los amantes de los c\u00f3cteles y las bebidas espirituosas, estos fant\u00e1sticos sets son la elecci\u00f3n adecuada para su hogar o para un regalo perfecto.<br \/>\nEste producto est\u00e1 fabricado a m\u00e1quina.<\/p>\n<p>Este art\u00edculo se puede lavar en el lavavajillas.<br \/>\nEl paquete contiene 4 piezas.<\/p>\n<p>Especificaciones<br \/>\nDise\u00f1o A\u00f1o 2022<br \/>\nVolumen 200.0 ccm<br \/>\nAltura 205.0 mm<br \/>\nCantidad de cajas 4<br \/>\nTipo de fabricaci\u00f3n a m\u00e1quina<\/p>\n","protected":false},"excerpt":{"rendered":"<p>El set de ron incluye una elegante copa de tallo largo para que este delicioso destilado se manifieste en todo su esplendor, tanto en nariz como en paladar. La copa es especialmente adecuada para los rones dorados, oscuros, a\u00f1ejos y de alta graduaci\u00f3n. Resaltar\u00e1 los aromas afrutados y especiados, como la vainilla, la nuez moscada, [&hellip;]<\/p>\n","protected":false},"featured_media":6365045,"template":"","meta":{"_acf_changed":false},"product_cat":[11887,11671,11901],"product_tag":[],"class_list":{"0":"post-1880186","1":"product","2":"type-product","3":"status-publish","4":"has-post-thumbnail","6":"product_cat-tabla","7":"product_cat-tavola","8":"product_cat-vasos","10":"first","11":"instock","12":"taxable","13":"shipping-taxable","14":"purchasable","15":"product-type-simple","swatches":"rey-swatches","show_selected":"","stretch_labels":"rey-swatches--stretch-labels"},"acf":[],"yoast_head":"<!-- This site is optimized with the Yoast SEO plugin v25.4 - https:\/\/yoast.com\/wordpress\/plugins\/seo\/ -->\n<title>RIEDEL Set de 4 Rum - dev6 Erresse<\/title>\n<meta name=\"description\" content=\"El set de ron incluye una elegante copa de tallo largo para que este delicioso destilado se manifieste en todo su esplendor, tanto en nariz como en\" \/>\n<meta name=\"robots\" content=\"noindex, follow, max-snippet:-1, max-image-preview:large, max-video-preview:-1\" \/>\n<meta property=\"og:locale\" content=\"es_ES\" \/>\n<meta property=\"og:type\" content=\"article\" \/>\n<meta property=\"og:title\" content=\"RIEDEL Set de 4 Rum - dev6 Erresse\" \/>\n<meta property=\"og:description\" content=\"El set de ron incluye una elegante copa de tallo largo para que este delicioso destilado se manifieste en todo su esplendor, tanto en nariz como en\" \/>\n<meta property=\"og:url\" content=\"https:\/\/dev6.erresse-shop.it\/es\/shop\/tabla\/vasos\/riedel-set-de-4-rum\/\" \/>\n<meta property=\"og:site_name\" content=\"dev6 Erresse\" \/>\n<meta property=\"og:image\" content=\"https:\/\/interpim.erresse-shop.it\/img-catalogo\/riedel\/riedel-set-da-rum.jpg\" \/><meta property=\"og:image\" content=\"https:\/\/interpim.erresse-shop.it\/img-catalogo\/riedel\/riedel-set-da-rum.jpg\" \/>\n\t<meta property=\"og:image:width\" content=\"1024\" \/>\n\t<meta property=\"og:image:height\" content=\"1024\" \/>\n\t<meta property=\"og:image:type\" content=\"image\/jpeg\" \/>\n<meta name=\"twitter:card\" content=\"summary_large_image\" \/>\n<meta name=\"twitter:image\" content=\"https:\/\/interpim.erresse-shop.it\/img-catalogo\/riedel\/riedel-set-da-rum.jpg\" \/>\n<script type=\"application\/ld+json\" class=\"yoast-schema-graph\">{\"@context\":\"https:\/\/schema.org\",\"@graph\":[{\"@type\":\"WebPage\",\"@id\":\"https:\/\/dev6.erresse-shop.it\/es\/shop\/tabla\/vasos\/riedel-set-de-4-rum\/\",\"url\":\"https:\/\/dev6.erresse-shop.it\/es\/shop\/tabla\/vasos\/riedel-set-de-4-rum\/\",\"name\":\"RIEDEL Set de 4 Rum - dev6 Erresse\",\"isPartOf\":{\"@id\":\"https:\/\/dev6.erresse-shop.it\/#website\"},\"primaryImageOfPage\":{\"@id\":\"https:\/\/dev6.erresse-shop.it\/es\/shop\/tabla\/vasos\/riedel-set-de-4-rum\/#primaryimage\"},\"image\":{\"@id\":\"https:\/\/dev6.erresse-shop.it\/es\/shop\/tabla\/vasos\/riedel-set-de-4-rum\/#primaryimage\"},\"thumbnailUrl\":\"https:\/\/i0.wp.com\/interpim.erresse-shop.it\/img-catalogo\/riedel\/riedel-set-da-rum.jpg?ssl=1\",\"datePublished\":\"2026-04-12T08:06:46+00:00\",\"description\":\"El set de ron incluye una elegante copa de tallo largo para que este delicioso destilado se manifieste en todo su esplendor, tanto en nariz como en\",\"breadcrumb\":{\"@id\":\"https:\/\/dev6.erresse-shop.it\/es\/shop\/tabla\/vasos\/riedel-set-de-4-rum\/#breadcrumb\"},\"inLanguage\":\"es\",\"potentialAction\":[{\"@type\":\"ReadAction\",\"target\":[\"https:\/\/dev6.erresse-shop.it\/es\/shop\/tabla\/vasos\/riedel-set-de-4-rum\/\"]}]},{\"@type\":\"ImageObject\",\"inLanguage\":\"es\",\"@id\":\"https:\/\/dev6.erresse-shop.it\/es\/shop\/tabla\/vasos\/riedel-set-de-4-rum\/#primaryimage\",\"url\":\"https:\/\/i0.wp.com\/interpim.erresse-shop.it\/img-catalogo\/riedel\/riedel-set-da-rum.jpg?ssl=1\",\"contentUrl\":\"https:\/\/i0.wp.com\/interpim.erresse-shop.it\/img-catalogo\/riedel\/riedel-set-da-rum.jpg?ssl=1\"},{\"@type\":\"BreadcrumbList\",\"@id\":\"https:\/\/dev6.erresse-shop.it\/es\/shop\/tabla\/vasos\/riedel-set-de-4-rum\/#breadcrumb\",\"itemListElement\":[{\"@type\":\"ListItem\",\"position\":1,\"name\":\"Home\",\"item\":\"https:\/\/dev6.erresse-shop.it\/\"},{\"@type\":\"ListItem\",\"position\":2,\"name\":\"Tienda\",\"item\":\"https:\/\/dev6.erresse-shop.it\/shop\/\"},{\"@type\":\"ListItem\",\"position\":3,\"name\":\"RIEDEL Set de 4 Rum\"}]},{\"@type\":\"WebSite\",\"@id\":\"https:\/\/dev6.erresse-shop.it\/#website\",\"url\":\"https:\/\/dev6.erresse-shop.it\/\",\"name\":\"Erresse Shop\",\"description\":\"\",\"publisher\":{\"@id\":\"https:\/\/dev6.erresse-shop.it\/#organization\"},\"potentialAction\":[{\"@type\":\"SearchAction\",\"target\":{\"@type\":\"EntryPoint\",\"urlTemplate\":\"https:\/\/dev6.erresse-shop.it\/?s={search_term_string}\"},\"query-input\":{\"@type\":\"PropertyValueSpecification\",\"valueRequired\":true,\"valueName\":\"search_term_string\"}}],\"inLanguage\":\"es\"},{\"@type\":\"Organization\",\"@id\":\"https:\/\/dev6.erresse-shop.it\/#organization\",\"name\":\"Erresse Shop\",\"url\":\"https:\/\/dev6.erresse-shop.it\/\",\"logo\":{\"@type\":\"ImageObject\",\"inLanguage\":\"es\",\"@id\":\"https:\/\/dev6.erresse-shop.it\/#\/schema\/logo\/image\/\",\"url\":\"https:\/\/dev6.erresse-shop.it\/wp-content\/uploads\/2025\/01\/LOGO-ERRESSE-CLASSICO.svg\",\"contentUrl\":\"https:\/\/dev6.erresse-shop.it\/wp-content\/uploads\/2025\/01\/LOGO-ERRESSE-CLASSICO.svg\",\"caption\":\"Erresse Shop\"},\"image\":{\"@id\":\"https:\/\/dev6.erresse-shop.it\/#\/schema\/logo\/image\/\"}}]}<\/script>\n<!-- \/ Yoast SEO plugin. -->","yoast_head_json":{"title":"RIEDEL Set de 4 Rum - dev6 Erresse","description":"El set de ron incluye una elegante copa de tallo largo para que este delicioso destilado se manifieste en todo su esplendor, tanto en nariz como en","robots":{"index":"noindex","follow":"follow","max-snippet":"max-snippet:-1","max-image-preview":"max-image-preview:large","max-video-preview":"max-video-preview:-1"},"og_locale":"es_ES","og_type":"article","og_title":"RIEDEL Set de 4 Rum - dev6 Erresse","og_description":"El set de ron incluye una elegante copa de tallo largo para que este delicioso destilado se manifieste en todo su esplendor, tanto en nariz como en","og_url":"https:\/\/dev6.erresse-shop.it\/es\/shop\/tabla\/vasos\/riedel-set-de-4-rum\/","og_site_name":"dev6 Erresse","og_image":[{"url":"https:\/\/interpim.erresse-shop.it\/img-catalogo\/riedel\/riedel-set-da-rum.jpg","type":"","width":"","height":""},{"url":"https:\/\/interpim.erresse-shop.it\/img-catalogo\/riedel\/riedel-set-da-rum.jpg","width":1024,"height":1024,"type":"image\/jpeg"}],"twitter_card":"summary_large_image","twitter_image":"https:\/\/interpim.erresse-shop.it\/img-catalogo\/riedel\/riedel-set-da-rum.jpg","schema":{"@context":"https:\/\/schema.org","@graph":[{"@type":"WebPage","@id":"https:\/\/dev6.erresse-shop.it\/es\/shop\/tabla\/vasos\/riedel-set-de-4-rum\/","url":"https:\/\/dev6.erresse-shop.it\/es\/shop\/tabla\/vasos\/riedel-set-de-4-rum\/","name":"RIEDEL Set de 4 Rum - dev6 Erresse","isPartOf":{"@id":"https:\/\/dev6.erresse-shop.it\/#website"},"primaryImageOfPage":{"@id":"https:\/\/dev6.erresse-shop.it\/es\/shop\/tabla\/vasos\/riedel-set-de-4-rum\/#primaryimage"},"image":{"@id":"https:\/\/dev6.erresse-shop.it\/es\/shop\/tabla\/vasos\/riedel-set-de-4-rum\/#primaryimage"},"thumbnailUrl":"https:\/\/i0.wp.com\/interpim.erresse-shop.it\/img-catalogo\/riedel\/riedel-set-da-rum.jpg?ssl=1","datePublished":"2026-04-12T08:06:46+00:00","description":"El set de ron incluye una elegante copa de tallo largo para que este delicioso destilado se manifieste en todo su esplendor, tanto en nariz como en","breadcrumb":{"@id":"https:\/\/dev6.erresse-shop.it\/es\/shop\/tabla\/vasos\/riedel-set-de-4-rum\/#breadcrumb"},"inLanguage":"es","potentialAction":[{"@type":"ReadAction","target":["https:\/\/dev6.erresse-shop.it\/es\/shop\/tabla\/vasos\/riedel-set-de-4-rum\/"]}]},{"@type":"ImageObject","inLanguage":"es","@id":"https:\/\/dev6.erresse-shop.it\/es\/shop\/tabla\/vasos\/riedel-set-de-4-rum\/#primaryimage","url":"https:\/\/i0.wp.com\/interpim.erresse-shop.it\/img-catalogo\/riedel\/riedel-set-da-rum.jpg?ssl=1","contentUrl":"https:\/\/i0.wp.com\/interpim.erresse-shop.it\/img-catalogo\/riedel\/riedel-set-da-rum.jpg?ssl=1"},{"@type":"BreadcrumbList","@id":"https:\/\/dev6.erresse-shop.it\/es\/shop\/tabla\/vasos\/riedel-set-de-4-rum\/#breadcrumb","itemListElement":[{"@type":"ListItem","position":1,"name":"Home","item":"https:\/\/dev6.erresse-shop.it\/"},{"@type":"ListItem","position":2,"name":"Tienda","item":"https:\/\/dev6.erresse-shop.it\/shop\/"},{"@type":"ListItem","position":3,"name":"RIEDEL Set de 4 Rum"}]},{"@type":"WebSite","@id":"https:\/\/dev6.erresse-shop.it\/#website","url":"https:\/\/dev6.erresse-shop.it\/","name":"Erresse Shop","description":"","publisher":{"@id":"https:\/\/dev6.erresse-shop.it\/#organization"},"potentialAction":[{"@type":"SearchAction","target":{"@type":"EntryPoint","urlTemplate":"https:\/\/dev6.erresse-shop.it\/?s={search_term_string}"},"query-input":{"@type":"PropertyValueSpecification","valueRequired":true,"valueName":"search_term_string"}}],"inLanguage":"es"},{"@type":"Organization","@id":"https:\/\/dev6.erresse-shop.it\/#organization","name":"Erresse Shop","url":"https:\/\/dev6.erresse-shop.it\/","logo":{"@type":"ImageObject","inLanguage":"es","@id":"https:\/\/dev6.erresse-shop.it\/#\/schema\/logo\/image\/","url":"https:\/\/dev6.erresse-shop.it\/wp-content\/uploads\/2025\/01\/LOGO-ERRESSE-CLASSICO.svg","contentUrl":"https:\/\/dev6.erresse-shop.it\/wp-content\/uploads\/2025\/01\/LOGO-ERRESSE-CLASSICO.svg","caption":"Erresse Shop"},"image":{"@id":"https:\/\/dev6.erresse-shop.it\/#\/schema\/logo\/image\/"}}]}},"df_price":39.9,"df_sale_price":"","df_regular_price":39.9,"df_image_link":"https:\/\/i0.wp.com\/interpim.erresse-shop.it\/img-catalogo\/riedel\/riedel-set-da-rum.jpg?resize=300,300&ssl=1","fifu_image_url":"https:\/\/interpim.erresse-shop.it\/img-catalogo\/riedel\/riedel-set-da-rum.jpg","_links":{"self":[{"href":"https:\/\/dev6.erresse-shop.it\/es\/wp-json\/wp\/v2\/product\/1880186","targetHints":{"allow":["GET"]}}],"collection":[{"href":"https:\/\/dev6.erresse-shop.it\/es\/wp-json\/wp\/v2\/product"}],"about":[{"href":"https:\/\/dev6.erresse-shop.it\/es\/wp-json\/wp\/v2\/types\/product"}],"wp:featuredmedia":[{"embeddable":true,"href":"https:\/\/dev6.erresse-shop.it\/es\/wp-json\/wp\/v2\/media\/6365045"}],"wp:attachment":[{"href":"https:\/\/dev6.erresse-shop.it\/es\/wp-json\/wp\/v2\/media?parent=1880186"}],"wp:term":[{"taxonomy":"product_cat","embeddable":true,"href":"https:\/\/dev6.erresse-shop.it\/es\/wp-json\/wp\/v2\/product_cat?post=1880186"},{"taxonomy":"product_tag","embeddable":true,"href":"https:\/\/dev6.erresse-shop.it\/es\/wp-json\/wp\/v2\/product_tag?post=1880186"}],"curies":[{"name":"wp","href":"https:\/\/api.w.org\/{rel}","templated":true}]}}