{"id":1880142,"date":"2026-04-12T10:05:11","date_gmt":"2026-04-12T08:05:11","guid":{"rendered":"https:\/\/dev6.erresse-shop.it\/shop\/sin%20categor\u00eda\/jura-maquina-de-cafe-ena-8-touch-full-nordic-blanco-incluyendo-2-kg-de-cafe\/"},"modified":"2025-07-04T22:43:37","modified_gmt":"2025-07-04T20:43:37","slug":"jura-maquina-de-cafe-ena-8-touch-full-nordic-blanco-incluyendo-2-kg-de-cafe","status":"publish","type":"product","link":"https:\/\/dev6.erresse-shop.it\/es\/shop\/pequenos-electrodomesticos\/maquinas-de-cafe\/automatico\/jura-maquina-de-cafe-ena-8-touch-full-nordic-blanco-incluyendo-2-kg-de-cafe\/","title":{"rendered":"JURA M\u00e1quina de caf\u00e9 ENA 8 Touch Full Nordic Blanco &#8211; incluyendo 2 kg de caf\u00e9"},"content":{"rendered":"<p>Compacta, elegante, sencilla \u2013 reci\u00e9n molido, sin c\u00e1psula<br \/>\nLa nueva m\u00e1quina autom\u00e1tica de tazas con caracter\u00edsticas superlativas: compacta, sencilla, elegante \u2013 imprescindible para los estetas y todos los amantes del caf\u00e9. La ENA 8 conquista con especialidades de caf\u00e9 reci\u00e9n molido, no con c\u00e1psulas. Gracias a la variedad disponible con s\u00f3lo pulsar un bot\u00f3n, satisface plenamente incluso a los paladares m\u00e1s exigentes.<\/p>\n<p>Elegante<br \/>\nEl dep\u00f3sito de agua circular es lo m\u00e1s destacado del dise\u00f1o. Su estructura y forma cil\u00edndrica se inspiran en las preciosas garrafas de cristal.<\/p>\n<p>Sencillo<br \/>\nLa pantalla TFT de 2,8\u2033 situada en la parte frontal y los paneles de control claramente definidos garantizan la m\u00e1xima facilidad de uso.<\/p>\n<p>Reci\u00e9n molido, no en c\u00e1psulas<br \/>\nPuede elegir entre diez especialidades diferentes con s\u00f3lo pulsar un bot\u00f3n. Gracias a la primera unidad de erogaci\u00f3n compacta VC (Vacuum-Clean), el caf\u00e9 siempre fluye hacia la taza en condiciones ideales. El proceso de extracci\u00f3n por pulsos (P.E.P.\u00ae) optimiza el aroma de especialidades cortas como el ristretto y el espresso. La tecnolog\u00eda de microespuma prepara una espuma de leche suave y delicada para el cappuccino &amp; Co.<\/p>\n<p>Compacta<br \/>\nCon s\u00f3lo 27,1 cm de ancho, 32,3 cm de alto y 44,5 cm de fondo, la m\u00e1quina autom\u00e1tica para una taza cabe f\u00e1cilmente en cualquier sitio.<\/p>\n<p>CARACTER\u00cdSTICAS:<br \/>\nN\u00famero de especialidades 10: Ristretto, Espresso, Espresso doble, Espresso macchiato, Cappuccino, Flat white, Latte macchiato, Porci\u00f3n de espuma de leche, Agua caliente<br \/>\nCompatible con J.O.E.\u00ae.<br \/>\nPantalla: pantalla en color de 2,8\u2033 con botones<br \/>\nCantidad de agua para el caf\u00e9 programable individualmente<br \/>\nIntensidad del caf\u00e9 programable individualmente: 10 niveles<br \/>\nCantidad de leche\/espuma programable individualmente<br \/>\nTemperatura de preparaci\u00f3n programable individualmente: 3 niveles<br \/>\nTemperatura del agua caliente programable individualmente: 3 niveles<br \/>\nModo de ahorro de energ\u00eda (E.S.M.\u00a9)<br \/>\nInterruptor de energ\u00eda cero o interruptor de red<br \/>\nHora de desconexi\u00f3n programable<\/p>\n<p>ESPECIFICACIONES:<br \/>\nProceso de extracci\u00f3n pulsada (P.E.P.\u00ae)<br \/>\nTecnolog\u00eda de dispensaci\u00f3n 3D<br \/>\nFunci\u00f3n One-Touch<br \/>\nGrupo de preparaci\u00f3n de capacidad variable: 6-10g<br \/>\nMolinillo de caf\u00e9: molinillo multigrado Aroma G3<br \/>\nBomba de alto rendimiento, 15 bar: 1<br \/>\nSistema de calentamiento Thermoblock: 1<br \/>\nSistema de fluido: 1<br \/>\nSistema de leche \/ espumador de leche reemplazable: HP1\/CX1<br \/>\nCompartimento para caf\u00e9 molido<br \/>\nTapa de protecci\u00f3n de aroma<br \/>\nSistema de agua inteligente (I.W.S.)<br \/>\nCartucho de filtro: CLARIS Smart<br \/>\nPrograma integrado de enjuague, limpieza y descalcificaci\u00f3n<br \/>\nBandeja de recogida de agua controlada<br \/>\nJURA Hygiene: certificado T\u00dcV<br \/>\nIluminaci\u00f3n de la taza<\/p>\n<p>DETALLES:<br \/>\nDispensador combinado ajustable en altura\/anchura: 68-138mm<br \/>\nDispensador de agua caliente regulable en altura: 68-138mm<br \/>\nCapacidad del dep\u00f3sito de agua: 1,1 L<br \/>\nCapacidad del recipiente de caf\u00e9 en grano: 125 g<br \/>\nContenedor de posos de caf\u00e9 (porciones): 10<br \/>\nLongitud del cable: 1,1 m<br \/>\nTensi\u00f3n \/ consumo: 230 V ~\/ 1450 W<br \/>\nIntensidad de corriente: 10 A<br \/>\nConsumo en espera: 0 W<\/p>\n<p>Pa\u00eds fabricante: Made in Portugal<br \/>\nA\u00f1o del modelo: 2018<\/p>\n","protected":false},"excerpt":{"rendered":"<p>Compacta, elegante, sencilla \u2013 reci\u00e9n molido, sin c\u00e1psula La nueva m\u00e1quina autom\u00e1tica de tazas con caracter\u00edsticas superlativas: compacta, sencilla, elegante \u2013 imprescindible para los estetas y todos los amantes del caf\u00e9. La ENA 8 conquista con especialidades de caf\u00e9 reci\u00e9n molido, no con c\u00e1psulas. Gracias a la variedad disponible con s\u00f3lo pulsar un bot\u00f3n, satisface [&hellip;]<\/p>\n","protected":false},"featured_media":6364890,"template":"","meta":{"_acf_changed":false},"product_cat":[11968,11955,11947],"product_tag":[],"class_list":{"0":"post-1880142","1":"product","2":"type-product","3":"status-publish","4":"has-post-thumbnail","6":"product_cat-automatico","7":"product_cat-maquinas-de-cafe","8":"product_cat-pequenos-electrodomesticos","10":"first","11":"instock","12":"sale","13":"taxable","14":"shipping-taxable","15":"purchasable","16":"product-type-simple","swatches":"rey-swatches","show_selected":"","stretch_labels":"rey-swatches--stretch-labels"},"acf":[],"yoast_head":"<!-- This site is optimized with the Yoast SEO plugin v25.4 - https:\/\/yoast.com\/wordpress\/plugins\/seo\/ -->\n<title>JURA M\u00e1quina de caf\u00e9 ENA 8 Touch Full Nordic Blanco &#8211; incluyendo 2 kg de caf\u00e9 - dev6 Erresse<\/title>\n<meta name=\"description\" content=\"Compacta, elegante, sencilla \u2013 reci\u00e9n molido, sin c\u00e1psula La nueva m\u00e1quina autom\u00e1tica de tazas con caracter\u00edsticas superlativas: compacta, sencilla,\" \/>\n<meta name=\"robots\" content=\"noindex, follow, max-snippet:-1, max-image-preview:large, max-video-preview:-1\" \/>\n<meta property=\"og:locale\" content=\"es_ES\" \/>\n<meta property=\"og:type\" content=\"article\" \/>\n<meta property=\"og:title\" content=\"JURA M\u00e1quina de caf\u00e9 ENA 8 Touch Full Nordic Blanco &#8211; incluyendo 2 kg de caf\u00e9 - dev6 Erresse\" \/>\n<meta property=\"og:description\" content=\"Compacta, elegante, sencilla \u2013 reci\u00e9n molido, sin c\u00e1psula La nueva m\u00e1quina autom\u00e1tica de tazas con caracter\u00edsticas superlativas: compacta, sencilla,\" \/>\n<meta property=\"og:url\" content=\"https:\/\/dev6.erresse-shop.it\/es\/shop\/pequenos-electrodomesticos\/maquinas-de-cafe\/automatico\/jura-maquina-de-cafe-ena-8-touch-full-nordic-blanco-incluyendo-2-kg-de-cafe\/\" \/>\n<meta property=\"og:site_name\" content=\"dev6 Erresse\" \/>\n<meta property=\"og:image\" content=\"https:\/\/interpim.erresse-shop.it\/wp-content\/uploads\/2024\/01\/JURA-Macchina-Da-Caffe\u0300-ENA-8-Nordic-Bianco-inclusi-2-kg-di-caffe\u0300-2.jpg\/jura-macchina-da-caffe-cc-80-ena-8-nordic-bianco-inclusi-2-kg-di-caffe-cc-80-2.jpg\" \/><meta property=\"og:image\" content=\"https:\/\/interpim.erresse-shop.it\/wp-content\/uploads\/2024\/01\/JURA-Macchina-Da-Caffe\u0300-ENA-8-Nordic-Bianco-inclusi-2-kg-di-caffe\u0300-2.jpg\/jura-macchina-da-caffe-cc-80-ena-8-nordic-bianco-inclusi-2-kg-di-caffe-cc-80-2.jpg\" \/>\n\t<meta property=\"og:image:width\" content=\"1024\" \/>\n\t<meta property=\"og:image:height\" content=\"1024\" \/>\n\t<meta property=\"og:image:type\" content=\"image\/jpeg\" \/>\n<meta name=\"twitter:card\" content=\"summary_large_image\" \/>\n<meta name=\"twitter:image\" content=\"https:\/\/interpim.erresse-shop.it\/wp-content\/uploads\/2024\/01\/JURA-Macchina-Da-Caffe\u0300-ENA-8-Nordic-Bianco-inclusi-2-kg-di-caffe\u0300-2.jpg\/jura-macchina-da-caffe-cc-80-ena-8-nordic-bianco-inclusi-2-kg-di-caffe-cc-80-2.jpg\" \/>\n<script type=\"application\/ld+json\" class=\"yoast-schema-graph\">{\"@context\":\"https:\/\/schema.org\",\"@graph\":[{\"@type\":\"WebPage\",\"@id\":\"https:\/\/dev6.erresse-shop.it\/es\/shop\/pequenos-electrodomesticos\/maquinas-de-cafe\/automatico\/jura-maquina-de-cafe-ena-8-touch-full-nordic-blanco-incluyendo-2-kg-de-cafe\/\",\"url\":\"https:\/\/dev6.erresse-shop.it\/es\/shop\/pequenos-electrodomesticos\/maquinas-de-cafe\/automatico\/jura-maquina-de-cafe-ena-8-touch-full-nordic-blanco-incluyendo-2-kg-de-cafe\/\",\"name\":\"JURA M\u00e1quina de caf\u00e9 ENA 8 Touch Full Nordic Blanco &#8211; incluyendo 2 kg de caf\u00e9 - dev6 Erresse\",\"isPartOf\":{\"@id\":\"https:\/\/dev6.erresse-shop.it\/#website\"},\"primaryImageOfPage\":{\"@id\":\"https:\/\/dev6.erresse-shop.it\/es\/shop\/pequenos-electrodomesticos\/maquinas-de-cafe\/automatico\/jura-maquina-de-cafe-ena-8-touch-full-nordic-blanco-incluyendo-2-kg-de-cafe\/#primaryimage\"},\"image\":{\"@id\":\"https:\/\/dev6.erresse-shop.it\/es\/shop\/pequenos-electrodomesticos\/maquinas-de-cafe\/automatico\/jura-maquina-de-cafe-ena-8-touch-full-nordic-blanco-incluyendo-2-kg-de-cafe\/#primaryimage\"},\"thumbnailUrl\":\"https:\/\/i0.wp.com\/interpim.erresse-shop.it\/wp-content\/uploads\/2024\/01\/JURA-Macchina-Da-Caffe\u0300-ENA-8-Nordic-Bianco-inclusi-2-kg-di-caffe\u0300-2.jpg\/jura-macchina-da-caffe-cc-80-ena-8-nordic-bianco-inclusi-2-kg-di-caffe-cc-80-2.jpg?ssl=1\",\"datePublished\":\"2026-04-12T08:05:11+00:00\",\"description\":\"Compacta, elegante, sencilla \u2013 reci\u00e9n molido, sin c\u00e1psula La nueva m\u00e1quina autom\u00e1tica de tazas con caracter\u00edsticas superlativas: compacta, sencilla,\",\"breadcrumb\":{\"@id\":\"https:\/\/dev6.erresse-shop.it\/es\/shop\/pequenos-electrodomesticos\/maquinas-de-cafe\/automatico\/jura-maquina-de-cafe-ena-8-touch-full-nordic-blanco-incluyendo-2-kg-de-cafe\/#breadcrumb\"},\"inLanguage\":\"es\",\"potentialAction\":[{\"@type\":\"ReadAction\",\"target\":[\"https:\/\/dev6.erresse-shop.it\/es\/shop\/pequenos-electrodomesticos\/maquinas-de-cafe\/automatico\/jura-maquina-de-cafe-ena-8-touch-full-nordic-blanco-incluyendo-2-kg-de-cafe\/\"]}]},{\"@type\":\"ImageObject\",\"inLanguage\":\"es\",\"@id\":\"https:\/\/dev6.erresse-shop.it\/es\/shop\/pequenos-electrodomesticos\/maquinas-de-cafe\/automatico\/jura-maquina-de-cafe-ena-8-touch-full-nordic-blanco-incluyendo-2-kg-de-cafe\/#primaryimage\",\"url\":\"https:\/\/i0.wp.com\/interpim.erresse-shop.it\/wp-content\/uploads\/2024\/01\/JURA-Macchina-Da-Caffe\u0300-ENA-8-Nordic-Bianco-inclusi-2-kg-di-caffe\u0300-2.jpg\/jura-macchina-da-caffe-cc-80-ena-8-nordic-bianco-inclusi-2-kg-di-caffe-cc-80-2.jpg?ssl=1\",\"contentUrl\":\"https:\/\/i0.wp.com\/interpim.erresse-shop.it\/wp-content\/uploads\/2024\/01\/JURA-Macchina-Da-Caffe\u0300-ENA-8-Nordic-Bianco-inclusi-2-kg-di-caffe\u0300-2.jpg\/jura-macchina-da-caffe-cc-80-ena-8-nordic-bianco-inclusi-2-kg-di-caffe-cc-80-2.jpg?ssl=1\"},{\"@type\":\"BreadcrumbList\",\"@id\":\"https:\/\/dev6.erresse-shop.it\/es\/shop\/pequenos-electrodomesticos\/maquinas-de-cafe\/automatico\/jura-maquina-de-cafe-ena-8-touch-full-nordic-blanco-incluyendo-2-kg-de-cafe\/#breadcrumb\",\"itemListElement\":[{\"@type\":\"ListItem\",\"position\":1,\"name\":\"Home\",\"item\":\"https:\/\/dev6.erresse-shop.it\/\"},{\"@type\":\"ListItem\",\"position\":2,\"name\":\"Tienda\",\"item\":\"https:\/\/dev6.erresse-shop.it\/shop\/\"},{\"@type\":\"ListItem\",\"position\":3,\"name\":\"JURA M\u00e1quina de caf\u00e9 ENA 8 Touch Full Nordic Blanco &#8211; incluyendo 2 kg de caf\u00e9\"}]},{\"@type\":\"WebSite\",\"@id\":\"https:\/\/dev6.erresse-shop.it\/#website\",\"url\":\"https:\/\/dev6.erresse-shop.it\/\",\"name\":\"Erresse Shop\",\"description\":\"\",\"publisher\":{\"@id\":\"https:\/\/dev6.erresse-shop.it\/#organization\"},\"potentialAction\":[{\"@type\":\"SearchAction\",\"target\":{\"@type\":\"EntryPoint\",\"urlTemplate\":\"https:\/\/dev6.erresse-shop.it\/?s={search_term_string}\"},\"query-input\":{\"@type\":\"PropertyValueSpecification\",\"valueRequired\":true,\"valueName\":\"search_term_string\"}}],\"inLanguage\":\"es\"},{\"@type\":\"Organization\",\"@id\":\"https:\/\/dev6.erresse-shop.it\/#organization\",\"name\":\"Erresse Shop\",\"url\":\"https:\/\/dev6.erresse-shop.it\/\",\"logo\":{\"@type\":\"ImageObject\",\"inLanguage\":\"es\",\"@id\":\"https:\/\/dev6.erresse-shop.it\/#\/schema\/logo\/image\/\",\"url\":\"https:\/\/dev6.erresse-shop.it\/wp-content\/uploads\/2025\/01\/LOGO-ERRESSE-CLASSICO.svg\",\"contentUrl\":\"https:\/\/dev6.erresse-shop.it\/wp-content\/uploads\/2025\/01\/LOGO-ERRESSE-CLASSICO.svg\",\"caption\":\"Erresse Shop\"},\"image\":{\"@id\":\"https:\/\/dev6.erresse-shop.it\/#\/schema\/logo\/image\/\"}}]}<\/script>\n<!-- \/ Yoast SEO plugin. -->","yoast_head_json":{"title":"JURA M\u00e1quina de caf\u00e9 ENA 8 Touch Full Nordic Blanco &#8211; incluyendo 2 kg de caf\u00e9 - dev6 Erresse","description":"Compacta, elegante, sencilla \u2013 reci\u00e9n molido, sin c\u00e1psula La nueva m\u00e1quina autom\u00e1tica de tazas con caracter\u00edsticas superlativas: compacta, sencilla,","robots":{"index":"noindex","follow":"follow","max-snippet":"max-snippet:-1","max-image-preview":"max-image-preview:large","max-video-preview":"max-video-preview:-1"},"og_locale":"es_ES","og_type":"article","og_title":"JURA M\u00e1quina de caf\u00e9 ENA 8 Touch Full Nordic Blanco &#8211; incluyendo 2 kg de caf\u00e9 - dev6 Erresse","og_description":"Compacta, elegante, sencilla \u2013 reci\u00e9n molido, sin c\u00e1psula La nueva m\u00e1quina autom\u00e1tica de tazas con caracter\u00edsticas superlativas: compacta, sencilla,","og_url":"https:\/\/dev6.erresse-shop.it\/es\/shop\/pequenos-electrodomesticos\/maquinas-de-cafe\/automatico\/jura-maquina-de-cafe-ena-8-touch-full-nordic-blanco-incluyendo-2-kg-de-cafe\/","og_site_name":"dev6 Erresse","og_image":[{"url":"https:\/\/interpim.erresse-shop.it\/wp-content\/uploads\/2024\/01\/JURA-Macchina-Da-Caffe\u0300-ENA-8-Nordic-Bianco-inclusi-2-kg-di-caffe\u0300-2.jpg\/jura-macchina-da-caffe-cc-80-ena-8-nordic-bianco-inclusi-2-kg-di-caffe-cc-80-2.jpg","type":"","width":"","height":""},{"url":"https:\/\/interpim.erresse-shop.it\/wp-content\/uploads\/2024\/01\/JURA-Macchina-Da-Caffe\u0300-ENA-8-Nordic-Bianco-inclusi-2-kg-di-caffe\u0300-2.jpg\/jura-macchina-da-caffe-cc-80-ena-8-nordic-bianco-inclusi-2-kg-di-caffe-cc-80-2.jpg","width":1024,"height":1024,"type":"image\/jpeg"}],"twitter_card":"summary_large_image","twitter_image":"https:\/\/interpim.erresse-shop.it\/wp-content\/uploads\/2024\/01\/JURA-Macchina-Da-Caffe\u0300-ENA-8-Nordic-Bianco-inclusi-2-kg-di-caffe\u0300-2.jpg\/jura-macchina-da-caffe-cc-80-ena-8-nordic-bianco-inclusi-2-kg-di-caffe-cc-80-2.jpg","schema":{"@context":"https:\/\/schema.org","@graph":[{"@type":"WebPage","@id":"https:\/\/dev6.erresse-shop.it\/es\/shop\/pequenos-electrodomesticos\/maquinas-de-cafe\/automatico\/jura-maquina-de-cafe-ena-8-touch-full-nordic-blanco-incluyendo-2-kg-de-cafe\/","url":"https:\/\/dev6.erresse-shop.it\/es\/shop\/pequenos-electrodomesticos\/maquinas-de-cafe\/automatico\/jura-maquina-de-cafe-ena-8-touch-full-nordic-blanco-incluyendo-2-kg-de-cafe\/","name":"JURA M\u00e1quina de caf\u00e9 ENA 8 Touch Full Nordic Blanco &#8211; incluyendo 2 kg de caf\u00e9 - dev6 Erresse","isPartOf":{"@id":"https:\/\/dev6.erresse-shop.it\/#website"},"primaryImageOfPage":{"@id":"https:\/\/dev6.erresse-shop.it\/es\/shop\/pequenos-electrodomesticos\/maquinas-de-cafe\/automatico\/jura-maquina-de-cafe-ena-8-touch-full-nordic-blanco-incluyendo-2-kg-de-cafe\/#primaryimage"},"image":{"@id":"https:\/\/dev6.erresse-shop.it\/es\/shop\/pequenos-electrodomesticos\/maquinas-de-cafe\/automatico\/jura-maquina-de-cafe-ena-8-touch-full-nordic-blanco-incluyendo-2-kg-de-cafe\/#primaryimage"},"thumbnailUrl":"https:\/\/i0.wp.com\/interpim.erresse-shop.it\/wp-content\/uploads\/2024\/01\/JURA-Macchina-Da-Caffe\u0300-ENA-8-Nordic-Bianco-inclusi-2-kg-di-caffe\u0300-2.jpg\/jura-macchina-da-caffe-cc-80-ena-8-nordic-bianco-inclusi-2-kg-di-caffe-cc-80-2.jpg?ssl=1","datePublished":"2026-04-12T08:05:11+00:00","description":"Compacta, elegante, sencilla \u2013 reci\u00e9n molido, sin c\u00e1psula La nueva m\u00e1quina autom\u00e1tica de tazas con caracter\u00edsticas superlativas: compacta, sencilla,","breadcrumb":{"@id":"https:\/\/dev6.erresse-shop.it\/es\/shop\/pequenos-electrodomesticos\/maquinas-de-cafe\/automatico\/jura-maquina-de-cafe-ena-8-touch-full-nordic-blanco-incluyendo-2-kg-de-cafe\/#breadcrumb"},"inLanguage":"es","potentialAction":[{"@type":"ReadAction","target":["https:\/\/dev6.erresse-shop.it\/es\/shop\/pequenos-electrodomesticos\/maquinas-de-cafe\/automatico\/jura-maquina-de-cafe-ena-8-touch-full-nordic-blanco-incluyendo-2-kg-de-cafe\/"]}]},{"@type":"ImageObject","inLanguage":"es","@id":"https:\/\/dev6.erresse-shop.it\/es\/shop\/pequenos-electrodomesticos\/maquinas-de-cafe\/automatico\/jura-maquina-de-cafe-ena-8-touch-full-nordic-blanco-incluyendo-2-kg-de-cafe\/#primaryimage","url":"https:\/\/i0.wp.com\/interpim.erresse-shop.it\/wp-content\/uploads\/2024\/01\/JURA-Macchina-Da-Caffe\u0300-ENA-8-Nordic-Bianco-inclusi-2-kg-di-caffe\u0300-2.jpg\/jura-macchina-da-caffe-cc-80-ena-8-nordic-bianco-inclusi-2-kg-di-caffe-cc-80-2.jpg?ssl=1","contentUrl":"https:\/\/i0.wp.com\/interpim.erresse-shop.it\/wp-content\/uploads\/2024\/01\/JURA-Macchina-Da-Caffe\u0300-ENA-8-Nordic-Bianco-inclusi-2-kg-di-caffe\u0300-2.jpg\/jura-macchina-da-caffe-cc-80-ena-8-nordic-bianco-inclusi-2-kg-di-caffe-cc-80-2.jpg?ssl=1"},{"@type":"BreadcrumbList","@id":"https:\/\/dev6.erresse-shop.it\/es\/shop\/pequenos-electrodomesticos\/maquinas-de-cafe\/automatico\/jura-maquina-de-cafe-ena-8-touch-full-nordic-blanco-incluyendo-2-kg-de-cafe\/#breadcrumb","itemListElement":[{"@type":"ListItem","position":1,"name":"Home","item":"https:\/\/dev6.erresse-shop.it\/"},{"@type":"ListItem","position":2,"name":"Tienda","item":"https:\/\/dev6.erresse-shop.it\/shop\/"},{"@type":"ListItem","position":3,"name":"JURA M\u00e1quina de caf\u00e9 ENA 8 Touch Full Nordic Blanco &#8211; incluyendo 2 kg de caf\u00e9"}]},{"@type":"WebSite","@id":"https:\/\/dev6.erresse-shop.it\/#website","url":"https:\/\/dev6.erresse-shop.it\/","name":"Erresse Shop","description":"","publisher":{"@id":"https:\/\/dev6.erresse-shop.it\/#organization"},"potentialAction":[{"@type":"SearchAction","target":{"@type":"EntryPoint","urlTemplate":"https:\/\/dev6.erresse-shop.it\/?s={search_term_string}"},"query-input":{"@type":"PropertyValueSpecification","valueRequired":true,"valueName":"search_term_string"}}],"inLanguage":"es"},{"@type":"Organization","@id":"https:\/\/dev6.erresse-shop.it\/#organization","name":"Erresse Shop","url":"https:\/\/dev6.erresse-shop.it\/","logo":{"@type":"ImageObject","inLanguage":"es","@id":"https:\/\/dev6.erresse-shop.it\/#\/schema\/logo\/image\/","url":"https:\/\/dev6.erresse-shop.it\/wp-content\/uploads\/2025\/01\/LOGO-ERRESSE-CLASSICO.svg","contentUrl":"https:\/\/dev6.erresse-shop.it\/wp-content\/uploads\/2025\/01\/LOGO-ERRESSE-CLASSICO.svg","caption":"Erresse Shop"},"image":{"@id":"https:\/\/dev6.erresse-shop.it\/#\/schema\/logo\/image\/"}}]}},"df_price":899.61,"df_sale_price":899.61,"df_regular_price":1029,"df_image_link":"https:\/\/i0.wp.com\/interpim.erresse-shop.it\/wp-content\/uploads\/2024\/01\/JURA-Macchina-Da-Caffe\u0300-ENA-8-Nordic-Bianco-inclusi-2-kg-di-caffe\u0300-2.jpg\/jura-macchina-da-caffe-cc-80-ena-8-nordic-bianco-inclusi-2-kg-di-caffe-cc-80-2.jpg?resize=300,300&ssl=1","fifu_image_url":"https:\/\/interpim.erresse-shop.it\/wp-content\/uploads\/2024\/01\/JURA-Macchina-Da-Caffe\u0300-ENA-8-Nordic-Bianco-inclusi-2-kg-di-caffe\u0300-2.jpg\/jura-macchina-da-caffe-cc-80-ena-8-nordic-bianco-inclusi-2-kg-di-caffe-cc-80-2.jpg","_links":{"self":[{"href":"https:\/\/dev6.erresse-shop.it\/es\/wp-json\/wp\/v2\/product\/1880142","targetHints":{"allow":["GET"]}}],"collection":[{"href":"https:\/\/dev6.erresse-shop.it\/es\/wp-json\/wp\/v2\/product"}],"about":[{"href":"https:\/\/dev6.erresse-shop.it\/es\/wp-json\/wp\/v2\/types\/product"}],"wp:featuredmedia":[{"embeddable":true,"href":"https:\/\/dev6.erresse-shop.it\/es\/wp-json\/wp\/v2\/media\/6364890"}],"wp:attachment":[{"href":"https:\/\/dev6.erresse-shop.it\/es\/wp-json\/wp\/v2\/media?parent=1880142"}],"wp:term":[{"taxonomy":"product_cat","embeddable":true,"href":"https:\/\/dev6.erresse-shop.it\/es\/wp-json\/wp\/v2\/product_cat?post=1880142"},{"taxonomy":"product_tag","embeddable":true,"href":"https:\/\/dev6.erresse-shop.it\/es\/wp-json\/wp\/v2\/product_tag?post=1880142"}],"curies":[{"name":"wp","href":"https:\/\/api.w.org\/{rel}","templated":true}]}}