{"id":1880140,"date":"2026-04-12T10:05:11","date_gmt":"2026-04-12T08:05:11","guid":{"rendered":"https:\/\/dev6.erresse-shop.it\/shop\/sin%20categor\u00eda\/zwilling-enfinigy-tostadora-de-4-rebanadas-negro-con-calentador\/"},"modified":"2025-07-04T22:43:33","modified_gmt":"2025-07-04T20:43:33","slug":"zwilling-enfinigy-tostadora-de-4-rebanadas-negro-con-calentador","status":"publish","type":"product","link":"https:\/\/dev6.erresse-shop.it\/es\/shop\/pequenos-electrodomesticos\/tostadoras\/zwilling-enfinigy-tostadora-de-4-rebanadas-negro-con-calentador\/","title":{"rendered":"ZWILLING Enfinigy Tostadora de 4 Rebanadas Negro con Calentador"},"content":{"rendered":"<p>Un tostador para satisfacer su antojo de tostadas. El tostador ZWILLING con compartimentos largos para cuatro rebanadas de pan est\u00e1ndar o dos largas presume de un dise\u00f1o moderno y garantiza siempre un tostado uniforme del pan, incluso despu\u00e9s de varias operaciones de tostado. Para ello, acorta autom\u00e1ticamente el tiempo de tostado hasta conseguir el dorado deseado. Los cuatro elementos calefactores independientes del tostador de 1800 vatios doran uniformemente ambos lados de cada rebanada de pan. Adem\u00e1s, cada tostada tiene un exterior crujiente con un coraz\u00f3n suave: una aut\u00e9ntica tostada ZWILLING. Una vez listas, las tostadas no saltan de la tostadora, sino que se deslizan suavemente. La funci\u00f3n soft-lift garantiza un suave deslizamiento hacia arriba de las tostadas est\u00e1ndar o largas y de los bagels. Adem\u00e1s, la funci\u00f3n extra-lift integrada le permite sacar del tostador incluso las rebanadas m\u00e1s peque\u00f1as con facilidad. Se acabaron las tostadas quemadas: este tostador se apaga autom\u00e1ticamente cuando se alcanza el tiempo de tostado preestablecido. Incluso con los ajustes m\u00e1s altos, nunca se le quemar\u00e1n las tostadas. El bot\u00f3n de parada permite detener el tostado en cualquier momento. Las migas caen en la bandeja de tostado f\u00e1cil de retirar. Siete ajustes de tostado y tres programas autom\u00e1ticos ofrecen una gran flexibilidad para satisfacer siempre su antojo de tostadas. La funci\u00f3n de recalentamiento le permite recalentar tostadas fr\u00edas. La funci\u00f3n de descongelaci\u00f3n permite tostar pan reci\u00e9n sacado del congelador. La funci\u00f3n para panecillos con centrado de rebanadas le permite obtener resultados de tostado ideales: crujiente por fuera y tostado por dentro. Con el calentador de s\u00e1ndwiches extra\u00edble puede calentar o tostar dos s\u00e1ndwiches adicionales. Adem\u00e1s, este accesorio cuenta con rejillas sim\u00e9tricas que lo hacen ideal para servir sus tostadas.<\/p>\n<p>Tostador de compartimento largo para cuatro rebanadas est\u00e1ndar o dos rebanadas de pan largas<br \/>\nAjusta autom\u00e1ticamente el tiempo de tostado para un dorado uniforme, incluso cuando se tuesta repetidamente<br \/>\nTres funciones: descongelar, recalentar, panecillo<br \/>\nElevaci\u00f3n suave para facilitar la extracci\u00f3n de las tostadas<br \/>\nFunci\u00f3n de seguridad con desconexi\u00f3n autom\u00e1tica que evita las tostadas quemadas<br \/>\nBandeja recogemigas extra\u00edble<br \/>\nCuatro unidades de calentamiento independientes para un tostado uniforme<\/p>\n<p>Color: negro<br \/>\nMaterial: acero inoxidable<br \/>\nVoltaje: 220-240 V<br \/>\nFrecuencia: 50\/60 Hz<br \/>\nEnrollador de cable integrado: S\u00ed<br \/>\nPotencia de entrada: 1.800 W<\/p>\n<p>CALENTADOR DE BANCO INCLUIDO EN EL PAQUETE<\/p>\n<p>No se vende fuera de Europa<\/p>\n","protected":false},"excerpt":{"rendered":"<p>Un tostador para satisfacer su antojo de tostadas. El tostador ZWILLING con compartimentos largos para cuatro rebanadas de pan est\u00e1ndar o dos largas presume de un dise\u00f1o moderno y garantiza siempre un tostado uniforme del pan, incluso despu\u00e9s de varias operaciones de tostado. Para ello, acorta autom\u00e1ticamente el tiempo de tostado hasta conseguir el dorado [&hellip;]<\/p>\n","protected":false},"featured_media":6364875,"template":"","meta":{"_acf_changed":false},"product_cat":[11947,11960],"product_tag":[],"class_list":{"0":"post-1880140","1":"product","2":"type-product","3":"status-publish","4":"has-post-thumbnail","6":"product_cat-pequenos-electrodomesticos","7":"product_cat-tostadoras","9":"first","10":"instock","11":"sale","12":"taxable","13":"shipping-taxable","14":"purchasable","15":"product-type-simple","swatches":"rey-swatches","show_selected":"","stretch_labels":"rey-swatches--stretch-labels"},"acf":[],"yoast_head":"<!-- This site is optimized with the Yoast SEO plugin v25.4 - https:\/\/yoast.com\/wordpress\/plugins\/seo\/ -->\n<title>ZWILLING Enfinigy Tostadora de 4 Rebanadas Negro con Calentador - dev6 Erresse<\/title>\n<meta name=\"description\" content=\"Un tostador para satisfacer su antojo de tostadas. El tostador ZWILLING con compartimentos largos para cuatro rebanadas de pan est\u00e1ndar o dos largas\" \/>\n<meta name=\"robots\" content=\"noindex, follow, max-snippet:-1, max-image-preview:large, max-video-preview:-1\" \/>\n<meta property=\"og:locale\" content=\"es_ES\" \/>\n<meta property=\"og:type\" content=\"article\" \/>\n<meta property=\"og:title\" content=\"ZWILLING Enfinigy Tostadora de 4 Rebanadas Negro con Calentador - dev6 Erresse\" \/>\n<meta property=\"og:description\" content=\"Un tostador para satisfacer su antojo de tostadas. El tostador ZWILLING con compartimentos largos para cuatro rebanadas de pan est\u00e1ndar o dos largas\" \/>\n<meta property=\"og:url\" content=\"https:\/\/dev6.erresse-shop.it\/es\/shop\/pequenos-electrodomesticos\/tostadoras\/zwilling-enfinigy-tostadora-de-4-rebanadas-negro-con-calentador\/\" \/>\n<meta property=\"og:site_name\" content=\"dev6 Erresse\" \/>\n<meta property=\"og:image\" content=\"https:\/\/interpim.erresse-shop.it\/img-catalogo\/zwilling\/zwilling-enfinigy-tostapane-4-fette-nero-con-scaldapanini.jpg\" \/><meta property=\"og:image\" content=\"https:\/\/interpim.erresse-shop.it\/img-catalogo\/zwilling\/zwilling-enfinigy-tostapane-4-fette-nero-con-scaldapanini.jpg\" \/>\n\t<meta property=\"og:image:width\" content=\"1024\" \/>\n\t<meta property=\"og:image:height\" content=\"1024\" \/>\n\t<meta property=\"og:image:type\" content=\"image\/jpeg\" \/>\n<meta name=\"twitter:card\" content=\"summary_large_image\" \/>\n<meta name=\"twitter:image\" content=\"https:\/\/interpim.erresse-shop.it\/img-catalogo\/zwilling\/zwilling-enfinigy-tostapane-4-fette-nero-con-scaldapanini.jpg\" \/>\n<script type=\"application\/ld+json\" class=\"yoast-schema-graph\">{\"@context\":\"https:\/\/schema.org\",\"@graph\":[{\"@type\":\"WebPage\",\"@id\":\"https:\/\/dev6.erresse-shop.it\/es\/shop\/pequenos-electrodomesticos\/tostadoras\/zwilling-enfinigy-tostadora-de-4-rebanadas-negro-con-calentador\/\",\"url\":\"https:\/\/dev6.erresse-shop.it\/es\/shop\/pequenos-electrodomesticos\/tostadoras\/zwilling-enfinigy-tostadora-de-4-rebanadas-negro-con-calentador\/\",\"name\":\"ZWILLING Enfinigy Tostadora de 4 Rebanadas Negro con Calentador - dev6 Erresse\",\"isPartOf\":{\"@id\":\"https:\/\/dev6.erresse-shop.it\/#website\"},\"primaryImageOfPage\":{\"@id\":\"https:\/\/dev6.erresse-shop.it\/es\/shop\/pequenos-electrodomesticos\/tostadoras\/zwilling-enfinigy-tostadora-de-4-rebanadas-negro-con-calentador\/#primaryimage\"},\"image\":{\"@id\":\"https:\/\/dev6.erresse-shop.it\/es\/shop\/pequenos-electrodomesticos\/tostadoras\/zwilling-enfinigy-tostadora-de-4-rebanadas-negro-con-calentador\/#primaryimage\"},\"thumbnailUrl\":\"https:\/\/i2.wp.com\/interpim.erresse-shop.it\/img-catalogo\/zwilling\/zwilling-enfinigy-tostapane-4-fette-nero-con-scaldapanini.jpg?ssl=1\",\"datePublished\":\"2026-04-12T08:05:11+00:00\",\"description\":\"Un tostador para satisfacer su antojo de tostadas. El tostador ZWILLING con compartimentos largos para cuatro rebanadas de pan est\u00e1ndar o dos largas\",\"breadcrumb\":{\"@id\":\"https:\/\/dev6.erresse-shop.it\/es\/shop\/pequenos-electrodomesticos\/tostadoras\/zwilling-enfinigy-tostadora-de-4-rebanadas-negro-con-calentador\/#breadcrumb\"},\"inLanguage\":\"es\",\"potentialAction\":[{\"@type\":\"ReadAction\",\"target\":[\"https:\/\/dev6.erresse-shop.it\/es\/shop\/pequenos-electrodomesticos\/tostadoras\/zwilling-enfinigy-tostadora-de-4-rebanadas-negro-con-calentador\/\"]}]},{\"@type\":\"ImageObject\",\"inLanguage\":\"es\",\"@id\":\"https:\/\/dev6.erresse-shop.it\/es\/shop\/pequenos-electrodomesticos\/tostadoras\/zwilling-enfinigy-tostadora-de-4-rebanadas-negro-con-calentador\/#primaryimage\",\"url\":\"https:\/\/i2.wp.com\/interpim.erresse-shop.it\/img-catalogo\/zwilling\/zwilling-enfinigy-tostapane-4-fette-nero-con-scaldapanini.jpg?ssl=1\",\"contentUrl\":\"https:\/\/i2.wp.com\/interpim.erresse-shop.it\/img-catalogo\/zwilling\/zwilling-enfinigy-tostapane-4-fette-nero-con-scaldapanini.jpg?ssl=1\"},{\"@type\":\"BreadcrumbList\",\"@id\":\"https:\/\/dev6.erresse-shop.it\/es\/shop\/pequenos-electrodomesticos\/tostadoras\/zwilling-enfinigy-tostadora-de-4-rebanadas-negro-con-calentador\/#breadcrumb\",\"itemListElement\":[{\"@type\":\"ListItem\",\"position\":1,\"name\":\"Home\",\"item\":\"https:\/\/dev6.erresse-shop.it\/\"},{\"@type\":\"ListItem\",\"position\":2,\"name\":\"Tienda\",\"item\":\"https:\/\/dev6.erresse-shop.it\/shop\/\"},{\"@type\":\"ListItem\",\"position\":3,\"name\":\"ZWILLING Enfinigy Tostadora de 4 Rebanadas Negro con Calentador\"}]},{\"@type\":\"WebSite\",\"@id\":\"https:\/\/dev6.erresse-shop.it\/#website\",\"url\":\"https:\/\/dev6.erresse-shop.it\/\",\"name\":\"Erresse Shop\",\"description\":\"\",\"publisher\":{\"@id\":\"https:\/\/dev6.erresse-shop.it\/#organization\"},\"potentialAction\":[{\"@type\":\"SearchAction\",\"target\":{\"@type\":\"EntryPoint\",\"urlTemplate\":\"https:\/\/dev6.erresse-shop.it\/?s={search_term_string}\"},\"query-input\":{\"@type\":\"PropertyValueSpecification\",\"valueRequired\":true,\"valueName\":\"search_term_string\"}}],\"inLanguage\":\"es\"},{\"@type\":\"Organization\",\"@id\":\"https:\/\/dev6.erresse-shop.it\/#organization\",\"name\":\"Erresse Shop\",\"url\":\"https:\/\/dev6.erresse-shop.it\/\",\"logo\":{\"@type\":\"ImageObject\",\"inLanguage\":\"es\",\"@id\":\"https:\/\/dev6.erresse-shop.it\/#\/schema\/logo\/image\/\",\"url\":\"https:\/\/dev6.erresse-shop.it\/wp-content\/uploads\/2025\/01\/LOGO-ERRESSE-CLASSICO.svg\",\"contentUrl\":\"https:\/\/dev6.erresse-shop.it\/wp-content\/uploads\/2025\/01\/LOGO-ERRESSE-CLASSICO.svg\",\"caption\":\"Erresse Shop\"},\"image\":{\"@id\":\"https:\/\/dev6.erresse-shop.it\/#\/schema\/logo\/image\/\"}}]}<\/script>\n<!-- \/ Yoast SEO plugin. -->","yoast_head_json":{"title":"ZWILLING Enfinigy Tostadora de 4 Rebanadas Negro con Calentador - dev6 Erresse","description":"Un tostador para satisfacer su antojo de tostadas. El tostador ZWILLING con compartimentos largos para cuatro rebanadas de pan est\u00e1ndar o dos largas","robots":{"index":"noindex","follow":"follow","max-snippet":"max-snippet:-1","max-image-preview":"max-image-preview:large","max-video-preview":"max-video-preview:-1"},"og_locale":"es_ES","og_type":"article","og_title":"ZWILLING Enfinigy Tostadora de 4 Rebanadas Negro con Calentador - dev6 Erresse","og_description":"Un tostador para satisfacer su antojo de tostadas. El tostador ZWILLING con compartimentos largos para cuatro rebanadas de pan est\u00e1ndar o dos largas","og_url":"https:\/\/dev6.erresse-shop.it\/es\/shop\/pequenos-electrodomesticos\/tostadoras\/zwilling-enfinigy-tostadora-de-4-rebanadas-negro-con-calentador\/","og_site_name":"dev6 Erresse","og_image":[{"url":"https:\/\/interpim.erresse-shop.it\/img-catalogo\/zwilling\/zwilling-enfinigy-tostapane-4-fette-nero-con-scaldapanini.jpg","type":"","width":"","height":""},{"url":"https:\/\/interpim.erresse-shop.it\/img-catalogo\/zwilling\/zwilling-enfinigy-tostapane-4-fette-nero-con-scaldapanini.jpg","width":1024,"height":1024,"type":"image\/jpeg"}],"twitter_card":"summary_large_image","twitter_image":"https:\/\/interpim.erresse-shop.it\/img-catalogo\/zwilling\/zwilling-enfinigy-tostapane-4-fette-nero-con-scaldapanini.jpg","schema":{"@context":"https:\/\/schema.org","@graph":[{"@type":"WebPage","@id":"https:\/\/dev6.erresse-shop.it\/es\/shop\/pequenos-electrodomesticos\/tostadoras\/zwilling-enfinigy-tostadora-de-4-rebanadas-negro-con-calentador\/","url":"https:\/\/dev6.erresse-shop.it\/es\/shop\/pequenos-electrodomesticos\/tostadoras\/zwilling-enfinigy-tostadora-de-4-rebanadas-negro-con-calentador\/","name":"ZWILLING Enfinigy Tostadora de 4 Rebanadas Negro con Calentador - dev6 Erresse","isPartOf":{"@id":"https:\/\/dev6.erresse-shop.it\/#website"},"primaryImageOfPage":{"@id":"https:\/\/dev6.erresse-shop.it\/es\/shop\/pequenos-electrodomesticos\/tostadoras\/zwilling-enfinigy-tostadora-de-4-rebanadas-negro-con-calentador\/#primaryimage"},"image":{"@id":"https:\/\/dev6.erresse-shop.it\/es\/shop\/pequenos-electrodomesticos\/tostadoras\/zwilling-enfinigy-tostadora-de-4-rebanadas-negro-con-calentador\/#primaryimage"},"thumbnailUrl":"https:\/\/i2.wp.com\/interpim.erresse-shop.it\/img-catalogo\/zwilling\/zwilling-enfinigy-tostapane-4-fette-nero-con-scaldapanini.jpg?ssl=1","datePublished":"2026-04-12T08:05:11+00:00","description":"Un tostador para satisfacer su antojo de tostadas. El tostador ZWILLING con compartimentos largos para cuatro rebanadas de pan est\u00e1ndar o dos largas","breadcrumb":{"@id":"https:\/\/dev6.erresse-shop.it\/es\/shop\/pequenos-electrodomesticos\/tostadoras\/zwilling-enfinigy-tostadora-de-4-rebanadas-negro-con-calentador\/#breadcrumb"},"inLanguage":"es","potentialAction":[{"@type":"ReadAction","target":["https:\/\/dev6.erresse-shop.it\/es\/shop\/pequenos-electrodomesticos\/tostadoras\/zwilling-enfinigy-tostadora-de-4-rebanadas-negro-con-calentador\/"]}]},{"@type":"ImageObject","inLanguage":"es","@id":"https:\/\/dev6.erresse-shop.it\/es\/shop\/pequenos-electrodomesticos\/tostadoras\/zwilling-enfinigy-tostadora-de-4-rebanadas-negro-con-calentador\/#primaryimage","url":"https:\/\/i2.wp.com\/interpim.erresse-shop.it\/img-catalogo\/zwilling\/zwilling-enfinigy-tostapane-4-fette-nero-con-scaldapanini.jpg?ssl=1","contentUrl":"https:\/\/i2.wp.com\/interpim.erresse-shop.it\/img-catalogo\/zwilling\/zwilling-enfinigy-tostapane-4-fette-nero-con-scaldapanini.jpg?ssl=1"},{"@type":"BreadcrumbList","@id":"https:\/\/dev6.erresse-shop.it\/es\/shop\/pequenos-electrodomesticos\/tostadoras\/zwilling-enfinigy-tostadora-de-4-rebanadas-negro-con-calentador\/#breadcrumb","itemListElement":[{"@type":"ListItem","position":1,"name":"Home","item":"https:\/\/dev6.erresse-shop.it\/"},{"@type":"ListItem","position":2,"name":"Tienda","item":"https:\/\/dev6.erresse-shop.it\/shop\/"},{"@type":"ListItem","position":3,"name":"ZWILLING Enfinigy Tostadora de 4 Rebanadas Negro con Calentador"}]},{"@type":"WebSite","@id":"https:\/\/dev6.erresse-shop.it\/#website","url":"https:\/\/dev6.erresse-shop.it\/","name":"Erresse Shop","description":"","publisher":{"@id":"https:\/\/dev6.erresse-shop.it\/#organization"},"potentialAction":[{"@type":"SearchAction","target":{"@type":"EntryPoint","urlTemplate":"https:\/\/dev6.erresse-shop.it\/?s={search_term_string}"},"query-input":{"@type":"PropertyValueSpecification","valueRequired":true,"valueName":"search_term_string"}}],"inLanguage":"es"},{"@type":"Organization","@id":"https:\/\/dev6.erresse-shop.it\/#organization","name":"Erresse Shop","url":"https:\/\/dev6.erresse-shop.it\/","logo":{"@type":"ImageObject","inLanguage":"es","@id":"https:\/\/dev6.erresse-shop.it\/#\/schema\/logo\/image\/","url":"https:\/\/dev6.erresse-shop.it\/wp-content\/uploads\/2025\/01\/LOGO-ERRESSE-CLASSICO.svg","contentUrl":"https:\/\/dev6.erresse-shop.it\/wp-content\/uploads\/2025\/01\/LOGO-ERRESSE-CLASSICO.svg","caption":"Erresse Shop"},"image":{"@id":"https:\/\/dev6.erresse-shop.it\/#\/schema\/logo\/image\/"}}]}},"df_price":119,"df_sale_price":119,"df_regular_price":139.95,"df_image_link":"https:\/\/i2.wp.com\/interpim.erresse-shop.it\/img-catalogo\/zwilling\/zwilling-enfinigy-tostapane-4-fette-nero-con-scaldapanini.jpg?resize=300,300&ssl=1","fifu_image_url":"https:\/\/interpim.erresse-shop.it\/img-catalogo\/zwilling\/zwilling-enfinigy-tostapane-4-fette-nero-con-scaldapanini.jpg","_links":{"self":[{"href":"https:\/\/dev6.erresse-shop.it\/es\/wp-json\/wp\/v2\/product\/1880140","targetHints":{"allow":["GET"]}}],"collection":[{"href":"https:\/\/dev6.erresse-shop.it\/es\/wp-json\/wp\/v2\/product"}],"about":[{"href":"https:\/\/dev6.erresse-shop.it\/es\/wp-json\/wp\/v2\/types\/product"}],"wp:featuredmedia":[{"embeddable":true,"href":"https:\/\/dev6.erresse-shop.it\/es\/wp-json\/wp\/v2\/media\/6364875"}],"wp:attachment":[{"href":"https:\/\/dev6.erresse-shop.it\/es\/wp-json\/wp\/v2\/media?parent=1880140"}],"wp:term":[{"taxonomy":"product_cat","embeddable":true,"href":"https:\/\/dev6.erresse-shop.it\/es\/wp-json\/wp\/v2\/product_cat?post=1880140"},{"taxonomy":"product_tag","embeddable":true,"href":"https:\/\/dev6.erresse-shop.it\/es\/wp-json\/wp\/v2\/product_tag?post=1880140"}],"curies":[{"name":"wp","href":"https:\/\/api.w.org\/{rel}","templated":true}]}}