{"id":1880112,"date":"2026-04-12T10:03:35","date_gmt":"2026-04-12T08:03:35","guid":{"rendered":"https:\/\/dev6.erresse-shop.it\/shop\/sin%20categor\u00eda\/zafferano-poldina-pro-lampara-de-mesa-rojo-hoja-oro-craquele\/"},"modified":"2025-09-14T08:37:49","modified_gmt":"2025-09-14T06:37:49","slug":"zafferano-poldina-pro-lampara-de-mesa-rojo-hoja-oro-craquele","status":"publish","type":"product","link":"https:\/\/dev6.erresse-shop.it\/es\/shop\/mobiliario\/lamparas\/zafferano-poldina-pro-lampara-de-mesa-rojo-hoja-oro-craquele\/","title":{"rendered":"ZAFFERANO Poldina PRO L\u00e1mpara de Mesa Rojo Hoja Oro Craquel\u00e9"},"content":{"rendered":"<p>L\u00e1mpara de sobremesa recargable, incluida la base de carga de contacto, con cuerpo de aluminio pintado, difusor de policarbonato y fuente de luz led.<\/p>\n<p>Se enciende, se apaga y se apaga gracias a un bot\u00f3n t\u00e1ctil en el difusor y est\u00e1 equipado con la funci\u00f3n de selecci\u00f3n de la temperatura de color de la luz (2200K-2700K-3000K).<\/p>\n<p>Grado de protecci\u00f3n IP65.<\/p>\n<p>La duraci\u00f3n de la bater\u00eda est\u00e1 garantizada durante al menos 12 horas.<\/p>\n<p>Las l\u00e1mparas con acabado de hoja de oro, plata y cobre no son adecuadas para uso en exteriores.<\/p>\n<p>Como resultado de la t\u00e9cnica empleada en el procesamiento de la hoja met\u00e1lica, el aspecto final de las l\u00e1mparas puede ser diferente. Cualquier discrepancia atestigua el valor y la singularidad de cada l\u00e1mpara y no debe considerarse como imperfecci\u00f3n.<\/p>\n<p>DIMENSIONES<br \/>\nAltura: 380 mm<br \/>\nDi\u00e1metro: 110 mm<\/p>\n","protected":false},"excerpt":{"rendered":"<p>L\u00e1mpara de sobremesa recargable, incluida la base de carga de contacto, con cuerpo de aluminio pintado, difusor de policarbonato y fuente de luz led. Se enciende, se apaga y se apaga gracias a un bot\u00f3n t\u00e1ctil en el difusor y est\u00e1 equipado con la funci\u00f3n de selecci\u00f3n de la temperatura de color de la luz [&hellip;]<\/p>\n","protected":false},"featured_media":6364788,"template":"","meta":{"_acf_changed":false},"product_cat":[11666,11911,11882],"product_tag":[],"class_list":{"0":"post-1880112","1":"product","2":"type-product","3":"status-publish","4":"has-post-thumbnail","6":"product_cat-arredamento-casa","7":"product_cat-lamparas","8":"product_cat-mobiliario","10":"first","11":"instock","12":"sale","13":"taxable","14":"shipping-taxable","15":"purchasable","16":"product-type-simple","swatches":"rey-swatches","show_selected":"","stretch_labels":"rey-swatches--stretch-labels"},"acf":[],"yoast_head":"<!-- This site is optimized with the Yoast SEO plugin v25.4 - https:\/\/yoast.com\/wordpress\/plugins\/seo\/ -->\n<title>ZAFFERANO Poldina PRO L\u00e1mpara de Mesa Rojo Hoja Oro Craquel\u00e9 - dev6 Erresse<\/title>\n<meta name=\"description\" content=\"L\u00e1mpara de sobremesa recargable, incluida la base de carga de contacto, con cuerpo de aluminio pintado, difusor de policarbonato y fuente de luz led. Se\" \/>\n<meta name=\"robots\" content=\"noindex, follow, max-snippet:-1, max-image-preview:large, max-video-preview:-1\" \/>\n<meta property=\"og:locale\" content=\"es_ES\" \/>\n<meta property=\"og:type\" content=\"article\" \/>\n<meta property=\"og:title\" content=\"ZAFFERANO Poldina PRO L\u00e1mpara de Mesa Rojo Hoja Oro Craquel\u00e9 - dev6 Erresse\" \/>\n<meta property=\"og:description\" content=\"L\u00e1mpara de sobremesa recargable, incluida la base de carga de contacto, con cuerpo de aluminio pintado, difusor de policarbonato y fuente de luz led. Se\" \/>\n<meta property=\"og:url\" content=\"https:\/\/dev6.erresse-shop.it\/es\/shop\/mobiliario\/lamparas\/zafferano-poldina-pro-lampara-de-mesa-rojo-hoja-oro-craquele\/\" \/>\n<meta property=\"og:site_name\" content=\"dev6 Erresse\" \/>\n<meta property=\"og:image\" content=\"https:\/\/interpim.erresse-shop.it\/img-catalogo\/zafferano\/zafferano-rosso-oro.jpg\" \/><meta property=\"og:image\" content=\"https:\/\/interpim.erresse-shop.it\/img-catalogo\/zafferano\/zafferano-rosso-oro.jpg\" \/>\n\t<meta property=\"og:image:width\" content=\"1024\" \/>\n\t<meta property=\"og:image:height\" content=\"1024\" \/>\n\t<meta property=\"og:image:type\" content=\"image\/jpeg\" \/>\n<meta name=\"twitter:card\" content=\"summary_large_image\" \/>\n<meta name=\"twitter:image\" content=\"https:\/\/interpim.erresse-shop.it\/img-catalogo\/zafferano\/zafferano-rosso-oro.jpg\" \/>\n<script type=\"application\/ld+json\" class=\"yoast-schema-graph\">{\"@context\":\"https:\/\/schema.org\",\"@graph\":[{\"@type\":\"WebPage\",\"@id\":\"https:\/\/dev6.erresse-shop.it\/es\/shop\/mobiliario\/lamparas\/zafferano-poldina-pro-lampara-de-mesa-rojo-hoja-oro-craquele\/\",\"url\":\"https:\/\/dev6.erresse-shop.it\/es\/shop\/mobiliario\/lamparas\/zafferano-poldina-pro-lampara-de-mesa-rojo-hoja-oro-craquele\/\",\"name\":\"ZAFFERANO Poldina PRO L\u00e1mpara de Mesa Rojo Hoja Oro Craquel\u00e9 - dev6 Erresse\",\"isPartOf\":{\"@id\":\"https:\/\/dev6.erresse-shop.it\/#website\"},\"primaryImageOfPage\":{\"@id\":\"https:\/\/dev6.erresse-shop.it\/es\/shop\/mobiliario\/lamparas\/zafferano-poldina-pro-lampara-de-mesa-rojo-hoja-oro-craquele\/#primaryimage\"},\"image\":{\"@id\":\"https:\/\/dev6.erresse-shop.it\/es\/shop\/mobiliario\/lamparas\/zafferano-poldina-pro-lampara-de-mesa-rojo-hoja-oro-craquele\/#primaryimage\"},\"thumbnailUrl\":\"https:\/\/i0.wp.com\/interpim.erresse-shop.it\/img-catalogo\/zafferano\/zafferano-rosso-oro.jpg?ssl=1\",\"datePublished\":\"2026-04-12T08:03:35+00:00\",\"description\":\"L\u00e1mpara de sobremesa recargable, incluida la base de carga de contacto, con cuerpo de aluminio pintado, difusor de policarbonato y fuente de luz led. Se\",\"breadcrumb\":{\"@id\":\"https:\/\/dev6.erresse-shop.it\/es\/shop\/mobiliario\/lamparas\/zafferano-poldina-pro-lampara-de-mesa-rojo-hoja-oro-craquele\/#breadcrumb\"},\"inLanguage\":\"es\",\"potentialAction\":[{\"@type\":\"ReadAction\",\"target\":[\"https:\/\/dev6.erresse-shop.it\/es\/shop\/mobiliario\/lamparas\/zafferano-poldina-pro-lampara-de-mesa-rojo-hoja-oro-craquele\/\"]}]},{\"@type\":\"ImageObject\",\"inLanguage\":\"es\",\"@id\":\"https:\/\/dev6.erresse-shop.it\/es\/shop\/mobiliario\/lamparas\/zafferano-poldina-pro-lampara-de-mesa-rojo-hoja-oro-craquele\/#primaryimage\",\"url\":\"https:\/\/i0.wp.com\/interpim.erresse-shop.it\/img-catalogo\/zafferano\/zafferano-rosso-oro.jpg?ssl=1\",\"contentUrl\":\"https:\/\/i0.wp.com\/interpim.erresse-shop.it\/img-catalogo\/zafferano\/zafferano-rosso-oro.jpg?ssl=1\"},{\"@type\":\"BreadcrumbList\",\"@id\":\"https:\/\/dev6.erresse-shop.it\/es\/shop\/mobiliario\/lamparas\/zafferano-poldina-pro-lampara-de-mesa-rojo-hoja-oro-craquele\/#breadcrumb\",\"itemListElement\":[{\"@type\":\"ListItem\",\"position\":1,\"name\":\"Home\",\"item\":\"https:\/\/dev6.erresse-shop.it\/\"},{\"@type\":\"ListItem\",\"position\":2,\"name\":\"Tienda\",\"item\":\"https:\/\/dev6.erresse-shop.it\/shop\/\"},{\"@type\":\"ListItem\",\"position\":3,\"name\":\"ZAFFERANO Poldina PRO L\u00e1mpara de Mesa Rojo Hoja Oro Craquel\u00e9\"}]},{\"@type\":\"WebSite\",\"@id\":\"https:\/\/dev6.erresse-shop.it\/#website\",\"url\":\"https:\/\/dev6.erresse-shop.it\/\",\"name\":\"Erresse Shop\",\"description\":\"\",\"publisher\":{\"@id\":\"https:\/\/dev6.erresse-shop.it\/#organization\"},\"potentialAction\":[{\"@type\":\"SearchAction\",\"target\":{\"@type\":\"EntryPoint\",\"urlTemplate\":\"https:\/\/dev6.erresse-shop.it\/?s={search_term_string}\"},\"query-input\":{\"@type\":\"PropertyValueSpecification\",\"valueRequired\":true,\"valueName\":\"search_term_string\"}}],\"inLanguage\":\"es\"},{\"@type\":\"Organization\",\"@id\":\"https:\/\/dev6.erresse-shop.it\/#organization\",\"name\":\"Erresse Shop\",\"url\":\"https:\/\/dev6.erresse-shop.it\/\",\"logo\":{\"@type\":\"ImageObject\",\"inLanguage\":\"es\",\"@id\":\"https:\/\/dev6.erresse-shop.it\/#\/schema\/logo\/image\/\",\"url\":\"https:\/\/dev6.erresse-shop.it\/wp-content\/uploads\/2025\/01\/LOGO-ERRESSE-CLASSICO.svg\",\"contentUrl\":\"https:\/\/dev6.erresse-shop.it\/wp-content\/uploads\/2025\/01\/LOGO-ERRESSE-CLASSICO.svg\",\"caption\":\"Erresse Shop\"},\"image\":{\"@id\":\"https:\/\/dev6.erresse-shop.it\/#\/schema\/logo\/image\/\"}}]}<\/script>\n<!-- \/ Yoast SEO plugin. -->","yoast_head_json":{"title":"ZAFFERANO Poldina PRO L\u00e1mpara de Mesa Rojo Hoja Oro Craquel\u00e9 - dev6 Erresse","description":"L\u00e1mpara de sobremesa recargable, incluida la base de carga de contacto, con cuerpo de aluminio pintado, difusor de policarbonato y fuente de luz led. Se","robots":{"index":"noindex","follow":"follow","max-snippet":"max-snippet:-1","max-image-preview":"max-image-preview:large","max-video-preview":"max-video-preview:-1"},"og_locale":"es_ES","og_type":"article","og_title":"ZAFFERANO Poldina PRO L\u00e1mpara de Mesa Rojo Hoja Oro Craquel\u00e9 - dev6 Erresse","og_description":"L\u00e1mpara de sobremesa recargable, incluida la base de carga de contacto, con cuerpo de aluminio pintado, difusor de policarbonato y fuente de luz led. Se","og_url":"https:\/\/dev6.erresse-shop.it\/es\/shop\/mobiliario\/lamparas\/zafferano-poldina-pro-lampara-de-mesa-rojo-hoja-oro-craquele\/","og_site_name":"dev6 Erresse","og_image":[{"url":"https:\/\/interpim.erresse-shop.it\/img-catalogo\/zafferano\/zafferano-rosso-oro.jpg","type":"","width":"","height":""},{"url":"https:\/\/interpim.erresse-shop.it\/img-catalogo\/zafferano\/zafferano-rosso-oro.jpg","width":1024,"height":1024,"type":"image\/jpeg"}],"twitter_card":"summary_large_image","twitter_image":"https:\/\/interpim.erresse-shop.it\/img-catalogo\/zafferano\/zafferano-rosso-oro.jpg","schema":{"@context":"https:\/\/schema.org","@graph":[{"@type":"WebPage","@id":"https:\/\/dev6.erresse-shop.it\/es\/shop\/mobiliario\/lamparas\/zafferano-poldina-pro-lampara-de-mesa-rojo-hoja-oro-craquele\/","url":"https:\/\/dev6.erresse-shop.it\/es\/shop\/mobiliario\/lamparas\/zafferano-poldina-pro-lampara-de-mesa-rojo-hoja-oro-craquele\/","name":"ZAFFERANO Poldina PRO L\u00e1mpara de Mesa Rojo Hoja Oro Craquel\u00e9 - dev6 Erresse","isPartOf":{"@id":"https:\/\/dev6.erresse-shop.it\/#website"},"primaryImageOfPage":{"@id":"https:\/\/dev6.erresse-shop.it\/es\/shop\/mobiliario\/lamparas\/zafferano-poldina-pro-lampara-de-mesa-rojo-hoja-oro-craquele\/#primaryimage"},"image":{"@id":"https:\/\/dev6.erresse-shop.it\/es\/shop\/mobiliario\/lamparas\/zafferano-poldina-pro-lampara-de-mesa-rojo-hoja-oro-craquele\/#primaryimage"},"thumbnailUrl":"https:\/\/i0.wp.com\/interpim.erresse-shop.it\/img-catalogo\/zafferano\/zafferano-rosso-oro.jpg?ssl=1","datePublished":"2026-04-12T08:03:35+00:00","description":"L\u00e1mpara de sobremesa recargable, incluida la base de carga de contacto, con cuerpo de aluminio pintado, difusor de policarbonato y fuente de luz led. Se","breadcrumb":{"@id":"https:\/\/dev6.erresse-shop.it\/es\/shop\/mobiliario\/lamparas\/zafferano-poldina-pro-lampara-de-mesa-rojo-hoja-oro-craquele\/#breadcrumb"},"inLanguage":"es","potentialAction":[{"@type":"ReadAction","target":["https:\/\/dev6.erresse-shop.it\/es\/shop\/mobiliario\/lamparas\/zafferano-poldina-pro-lampara-de-mesa-rojo-hoja-oro-craquele\/"]}]},{"@type":"ImageObject","inLanguage":"es","@id":"https:\/\/dev6.erresse-shop.it\/es\/shop\/mobiliario\/lamparas\/zafferano-poldina-pro-lampara-de-mesa-rojo-hoja-oro-craquele\/#primaryimage","url":"https:\/\/i0.wp.com\/interpim.erresse-shop.it\/img-catalogo\/zafferano\/zafferano-rosso-oro.jpg?ssl=1","contentUrl":"https:\/\/i0.wp.com\/interpim.erresse-shop.it\/img-catalogo\/zafferano\/zafferano-rosso-oro.jpg?ssl=1"},{"@type":"BreadcrumbList","@id":"https:\/\/dev6.erresse-shop.it\/es\/shop\/mobiliario\/lamparas\/zafferano-poldina-pro-lampara-de-mesa-rojo-hoja-oro-craquele\/#breadcrumb","itemListElement":[{"@type":"ListItem","position":1,"name":"Home","item":"https:\/\/dev6.erresse-shop.it\/"},{"@type":"ListItem","position":2,"name":"Tienda","item":"https:\/\/dev6.erresse-shop.it\/shop\/"},{"@type":"ListItem","position":3,"name":"ZAFFERANO Poldina PRO L\u00e1mpara de Mesa Rojo Hoja Oro Craquel\u00e9"}]},{"@type":"WebSite","@id":"https:\/\/dev6.erresse-shop.it\/#website","url":"https:\/\/dev6.erresse-shop.it\/","name":"Erresse Shop","description":"","publisher":{"@id":"https:\/\/dev6.erresse-shop.it\/#organization"},"potentialAction":[{"@type":"SearchAction","target":{"@type":"EntryPoint","urlTemplate":"https:\/\/dev6.erresse-shop.it\/?s={search_term_string}"},"query-input":{"@type":"PropertyValueSpecification","valueRequired":true,"valueName":"search_term_string"}}],"inLanguage":"es"},{"@type":"Organization","@id":"https:\/\/dev6.erresse-shop.it\/#organization","name":"Erresse Shop","url":"https:\/\/dev6.erresse-shop.it\/","logo":{"@type":"ImageObject","inLanguage":"es","@id":"https:\/\/dev6.erresse-shop.it\/#\/schema\/logo\/image\/","url":"https:\/\/dev6.erresse-shop.it\/wp-content\/uploads\/2025\/01\/LOGO-ERRESSE-CLASSICO.svg","contentUrl":"https:\/\/dev6.erresse-shop.it\/wp-content\/uploads\/2025\/01\/LOGO-ERRESSE-CLASSICO.svg","caption":"Erresse Shop"},"image":{"@id":"https:\/\/dev6.erresse-shop.it\/#\/schema\/logo\/image\/"}}]}},"df_price":199,"df_sale_price":199,"df_regular_price":262,"df_image_link":"https:\/\/i0.wp.com\/interpim.erresse-shop.it\/img-catalogo\/zafferano\/zafferano-rosso-oro.jpg?resize=300,300&ssl=1","fifu_image_url":"https:\/\/interpim.erresse-shop.it\/img-catalogo\/zafferano\/zafferano-rosso-oro.jpg","_links":{"self":[{"href":"https:\/\/dev6.erresse-shop.it\/es\/wp-json\/wp\/v2\/product\/1880112","targetHints":{"allow":["GET"]}}],"collection":[{"href":"https:\/\/dev6.erresse-shop.it\/es\/wp-json\/wp\/v2\/product"}],"about":[{"href":"https:\/\/dev6.erresse-shop.it\/es\/wp-json\/wp\/v2\/types\/product"}],"wp:featuredmedia":[{"embeddable":true,"href":"https:\/\/dev6.erresse-shop.it\/es\/wp-json\/wp\/v2\/media\/6364788"}],"wp:attachment":[{"href":"https:\/\/dev6.erresse-shop.it\/es\/wp-json\/wp\/v2\/media?parent=1880112"}],"wp:term":[{"taxonomy":"product_cat","embeddable":true,"href":"https:\/\/dev6.erresse-shop.it\/es\/wp-json\/wp\/v2\/product_cat?post=1880112"},{"taxonomy":"product_tag","embeddable":true,"href":"https:\/\/dev6.erresse-shop.it\/es\/wp-json\/wp\/v2\/product_tag?post=1880112"}],"curies":[{"name":"wp","href":"https:\/\/api.w.org\/{rel}","templated":true}]}}