{"id":1880096,"date":"2026-04-12T10:03:35","date_gmt":"2026-04-12T08:03:35","guid":{"rendered":"https:\/\/dev6.erresse-shop.it\/shop\/sin%20categor\u00eda\/jura-maquina-de-cafe-d6-piano-blanco-incluyendo-2-kg-de-cafe\/"},"modified":"2025-07-04T22:42:12","modified_gmt":"2025-07-04T20:42:12","slug":"jura-maquina-de-cafe-d6-piano-blanco-incluyendo-2-kg-de-cafe","status":"publish","type":"product","link":"https:\/\/dev6.erresse-shop.it\/es\/shop\/pequenos-electrodomesticos\/maquinas-de-cafe\/automatico\/jura-maquina-de-cafe-d6-piano-blanco-incluyendo-2-kg-de-cafe\/","title":{"rendered":"JURA M\u00e1quina de caf\u00e9 D6 Piano blanco &#8211; incluyendo 2 Kg de caf\u00e9"},"content":{"rendered":"<p>La \u00faltima generaci\u00f3n de la exitosa m\u00e1quina autom\u00e1tica de caf\u00e9 de JURA se caracteriza por su dise\u00f1o reinterpretado y sus caracter\u00edsticas exclusivas hasta ahora para el segmento premium.<\/p>\n<p>El Professional Aroma Grinder garantiza un resultado de molienda ideal, los procesos de infusi\u00f3n de vanguardia permiten que los aromas se liberen en toda su intensidad y la espuma de leche suave y delicada corona sabiamente las especialidades de tendencia. El innovador E8 es capaz de preparar 17 especialidades diferentes \u2013 desde espresso arom\u00e1tico hasta cortado de moda. Incluso las especialidades largas y ligeras, como el caf\u00e9 Barista y el largo Barista, no tienen nada que envidiar a las creaciones de los mejores bares. Un nuevo sistema de fluidos permite la preparaci\u00f3n estrictamente seg\u00fan la tradici\u00f3n. Aquellos que prefieren un sabor a\u00fan m\u00e1s intenso, pueden hacer capuchino, blanco plano y caf\u00e9 con leche con leche activando la funci\u00f3n adicional Extra Shot.<\/p>\n<p>Gracias al perfeccionamiento del fluid system, la limpieza del sistema de leche se realiza autom\u00e1ticamente con la pulsaci\u00f3n de un bot\u00f3n, una funci\u00f3n adicional de la E8 hasta ahora reservada a las l\u00edneas top de JURA. La E8 tambi\u00e9n se caracteriza por un manejo a\u00fan m\u00e1s intuitivo y la m\u00e1xima comodidad de uso.<\/p>\n<p>Calidad del caf\u00e9 de primera clase<br \/>\nEl Professional Aroma Grinder proporciona un 12,2%* m\u00e1s de aroma y una calidad de molienda alta y constante, lo que permite que los aromas se desprendan en toda su intensidad durante toda la vida \u00fatil del molinillo de caf\u00e9. El proceso de extracci\u00f3n pulsada (P.E.P.\u00ae) permite la preparaci\u00f3n de especialidades cortas con un sabor pleno y garantiza un precalentamiento inteligente para una temperatura \u00f3ptima desde la primera taza.<\/p>\n<p>M\u00e1xima comodidad de uso<br \/>\nUna pantalla a color de 2,8\u2033, seis botones y una filosof\u00eda de uso completamente nueva garantizan un f\u00e1cil manejo. La configuraci\u00f3n del producto y su colocaci\u00f3n individual en la pantalla se pueden adaptar a su gusto, y los nombres de los productos se pueden mostrar u ocultar. Toda la informaci\u00f3n relevante para la m\u00e1quina autom\u00e1tica y las instrucciones de mantenimiento se muestran claramente en la cabina a trav\u00e9s de la pantalla.<\/p>\n<p>Limpieza del sistema de leche One-Touch<br \/>\nLa sofisticada funci\u00f3n de limpieza del sistema de leche se activa autom\u00e1ticamente con solo pulsar un bot\u00f3n y se realiza con gran rapidez. La bandeja de agua se caracteriza por la m\u00e1xima ergonom\u00eda: se puede quitar c\u00f3modamente con una mano y su estructura evita que el agua se desborde.<\/p>\n<p>Dise\u00f1o armonioso<br \/>\nEl caracter\u00edstico dise\u00f1o de las m\u00e1quinas autom\u00e1ticas para especialidades de caf\u00e9 de JURA se caracteriza por sus l\u00edneas sobrias y armoniosas. Los materiales seleccionados y la cuidadosa mano de obra enfatizan la calidad premium de la moderna E8. Ya su forma es expresi\u00f3n de calidad, funcionalidad y durabilidad, y su dise\u00f1o se perfecciona magistralmente con detalles como el dep\u00f3sito de agua con ranuras y el preciado estante apoya tazas cromadas.<\/p>\n<p>Especificaciones t\u00e9cnicas<\/p>\n<p>Dispensador de caf\u00e9 ajustable en altura\/ancho 65 \u2013 111 mm \/ \u2013<br \/>\nDispensador de capuchino ajustable en altura 107 \u2013 153 mm<br \/>\nDispensador de agua caliente ajustable en altura 65 \u2013 111 mm<br \/>\nCapacidad del tanque de agua 1.9 l<br \/>\nCapacidad del recipiente de granos de caf\u00e9 280 g<br \/>\nEnvase de los posos de caf\u00e9 (porciones) 16<br \/>\nLongitud del cable 1.1 m<br \/>\nVoltaje\/ absorci\u00f3n 230 V ~ \/ 1450 W<br \/>\nIntensidad de corriente 10 A<br \/>\nAbsorci\u00f3n en modo de espera 0 W<br \/>\nPeso 9.6 kg<br \/>\nDimensiones (L A P) 28 35.1 44.6 cm<br \/>\nN\u00famero de art\u00edculo, c\u00f3digo de producto 15353, Plan White (EB)<br \/>\nC\u00f3digo EAN 7610917153534<\/p>\n<p>Pa\u00eds fabricante hecho en Portugal<br \/>\nA\u00f1o del modelo 2020<\/p>\n","protected":false},"excerpt":{"rendered":"<p>La \u00faltima generaci\u00f3n de la exitosa m\u00e1quina autom\u00e1tica de caf\u00e9 de JURA se caracteriza por su dise\u00f1o reinterpretado y sus caracter\u00edsticas exclusivas hasta ahora para el segmento premium. El Professional Aroma Grinder garantiza un resultado de molienda ideal, los procesos de infusi\u00f3n de vanguardia permiten que los aromas se liberen en toda su intensidad y [&hellip;]<\/p>\n","protected":false},"featured_media":6364738,"template":"","meta":{"_acf_changed":false},"product_cat":[11968,11955,11947],"product_tag":[],"class_list":{"0":"post-1880096","1":"product","2":"type-product","3":"status-publish","4":"has-post-thumbnail","6":"product_cat-automatico","7":"product_cat-maquinas-de-cafe","8":"product_cat-pequenos-electrodomesticos","10":"first","11":"instock","12":"sale","13":"taxable","14":"shipping-taxable","15":"purchasable","16":"product-type-simple","swatches":"rey-swatches","show_selected":"","stretch_labels":"rey-swatches--stretch-labels"},"acf":[],"yoast_head":"<!-- This site is optimized with the Yoast SEO plugin v25.4 - https:\/\/yoast.com\/wordpress\/plugins\/seo\/ -->\n<title>JURA M\u00e1quina de caf\u00e9 D6 Piano blanco &#8211; incluyendo 2 Kg de caf\u00e9 - dev6 Erresse<\/title>\n<meta name=\"description\" content=\"La \u00faltima generaci\u00f3n de la exitosa m\u00e1quina autom\u00e1tica de caf\u00e9 de JURA se caracteriza por su dise\u00f1o reinterpretado y sus caracter\u00edsticas exclusivas hasta\" \/>\n<meta name=\"robots\" content=\"noindex, follow, max-snippet:-1, max-image-preview:large, max-video-preview:-1\" \/>\n<meta property=\"og:locale\" content=\"es_ES\" \/>\n<meta property=\"og:type\" content=\"article\" \/>\n<meta property=\"og:title\" content=\"JURA M\u00e1quina de caf\u00e9 D6 Piano blanco &#8211; incluyendo 2 Kg de caf\u00e9 - dev6 Erresse\" \/>\n<meta property=\"og:description\" content=\"La \u00faltima generaci\u00f3n de la exitosa m\u00e1quina autom\u00e1tica de caf\u00e9 de JURA se caracteriza por su dise\u00f1o reinterpretado y sus caracter\u00edsticas exclusivas hasta\" \/>\n<meta property=\"og:url\" content=\"https:\/\/dev6.erresse-shop.it\/es\/shop\/pequenos-electrodomesticos\/maquinas-de-cafe\/automatico\/jura-maquina-de-cafe-d6-piano-blanco-incluyendo-2-kg-de-cafe\/\" \/>\n<meta property=\"og:site_name\" content=\"dev6 Erresse\" \/>\n<meta property=\"og:image\" content=\"https:\/\/interpim.erresse-shop.it\/Import\/Prodotti\/e8-1.jpg\" \/><meta property=\"og:image\" content=\"https:\/\/interpim.erresse-shop.it\/Import\/Prodotti\/e8-1.jpg\" \/>\n\t<meta property=\"og:image:width\" content=\"1024\" \/>\n\t<meta property=\"og:image:height\" content=\"1024\" \/>\n\t<meta property=\"og:image:type\" content=\"image\/jpeg\" \/>\n<meta name=\"twitter:card\" content=\"summary_large_image\" \/>\n<meta name=\"twitter:image\" content=\"https:\/\/interpim.erresse-shop.it\/Import\/Prodotti\/e8-1.jpg\" \/>\n<script type=\"application\/ld+json\" class=\"yoast-schema-graph\">{\"@context\":\"https:\/\/schema.org\",\"@graph\":[{\"@type\":\"WebPage\",\"@id\":\"https:\/\/dev6.erresse-shop.it\/es\/shop\/pequenos-electrodomesticos\/maquinas-de-cafe\/automatico\/jura-maquina-de-cafe-d6-piano-blanco-incluyendo-2-kg-de-cafe\/\",\"url\":\"https:\/\/dev6.erresse-shop.it\/es\/shop\/pequenos-electrodomesticos\/maquinas-de-cafe\/automatico\/jura-maquina-de-cafe-d6-piano-blanco-incluyendo-2-kg-de-cafe\/\",\"name\":\"JURA M\u00e1quina de caf\u00e9 D6 Piano blanco &#8211; incluyendo 2 Kg de caf\u00e9 - dev6 Erresse\",\"isPartOf\":{\"@id\":\"https:\/\/dev6.erresse-shop.it\/#website\"},\"primaryImageOfPage\":{\"@id\":\"https:\/\/dev6.erresse-shop.it\/es\/shop\/pequenos-electrodomesticos\/maquinas-de-cafe\/automatico\/jura-maquina-de-cafe-d6-piano-blanco-incluyendo-2-kg-de-cafe\/#primaryimage\"},\"image\":{\"@id\":\"https:\/\/dev6.erresse-shop.it\/es\/shop\/pequenos-electrodomesticos\/maquinas-de-cafe\/automatico\/jura-maquina-de-cafe-d6-piano-blanco-incluyendo-2-kg-de-cafe\/#primaryimage\"},\"thumbnailUrl\":\"https:\/\/i2.wp.com\/interpim.erresse-shop.it\/Import\/Prodotti\/e8-1.jpg?ssl=1\",\"datePublished\":\"2026-04-12T08:03:35+00:00\",\"description\":\"La \u00faltima generaci\u00f3n de la exitosa m\u00e1quina autom\u00e1tica de caf\u00e9 de JURA se caracteriza por su dise\u00f1o reinterpretado y sus caracter\u00edsticas exclusivas hasta\",\"breadcrumb\":{\"@id\":\"https:\/\/dev6.erresse-shop.it\/es\/shop\/pequenos-electrodomesticos\/maquinas-de-cafe\/automatico\/jura-maquina-de-cafe-d6-piano-blanco-incluyendo-2-kg-de-cafe\/#breadcrumb\"},\"inLanguage\":\"es\",\"potentialAction\":[{\"@type\":\"ReadAction\",\"target\":[\"https:\/\/dev6.erresse-shop.it\/es\/shop\/pequenos-electrodomesticos\/maquinas-de-cafe\/automatico\/jura-maquina-de-cafe-d6-piano-blanco-incluyendo-2-kg-de-cafe\/\"]}]},{\"@type\":\"ImageObject\",\"inLanguage\":\"es\",\"@id\":\"https:\/\/dev6.erresse-shop.it\/es\/shop\/pequenos-electrodomesticos\/maquinas-de-cafe\/automatico\/jura-maquina-de-cafe-d6-piano-blanco-incluyendo-2-kg-de-cafe\/#primaryimage\",\"url\":\"https:\/\/i2.wp.com\/interpim.erresse-shop.it\/Import\/Prodotti\/e8-1.jpg?ssl=1\",\"contentUrl\":\"https:\/\/i2.wp.com\/interpim.erresse-shop.it\/Import\/Prodotti\/e8-1.jpg?ssl=1\"},{\"@type\":\"BreadcrumbList\",\"@id\":\"https:\/\/dev6.erresse-shop.it\/es\/shop\/pequenos-electrodomesticos\/maquinas-de-cafe\/automatico\/jura-maquina-de-cafe-d6-piano-blanco-incluyendo-2-kg-de-cafe\/#breadcrumb\",\"itemListElement\":[{\"@type\":\"ListItem\",\"position\":1,\"name\":\"Home\",\"item\":\"https:\/\/dev6.erresse-shop.it\/\"},{\"@type\":\"ListItem\",\"position\":2,\"name\":\"Tienda\",\"item\":\"https:\/\/dev6.erresse-shop.it\/shop\/\"},{\"@type\":\"ListItem\",\"position\":3,\"name\":\"JURA M\u00e1quina de caf\u00e9 D6 Piano blanco &#8211; incluyendo 2 Kg de caf\u00e9\"}]},{\"@type\":\"WebSite\",\"@id\":\"https:\/\/dev6.erresse-shop.it\/#website\",\"url\":\"https:\/\/dev6.erresse-shop.it\/\",\"name\":\"Erresse Shop\",\"description\":\"\",\"publisher\":{\"@id\":\"https:\/\/dev6.erresse-shop.it\/#organization\"},\"potentialAction\":[{\"@type\":\"SearchAction\",\"target\":{\"@type\":\"EntryPoint\",\"urlTemplate\":\"https:\/\/dev6.erresse-shop.it\/?s={search_term_string}\"},\"query-input\":{\"@type\":\"PropertyValueSpecification\",\"valueRequired\":true,\"valueName\":\"search_term_string\"}}],\"inLanguage\":\"es\"},{\"@type\":\"Organization\",\"@id\":\"https:\/\/dev6.erresse-shop.it\/#organization\",\"name\":\"Erresse Shop\",\"url\":\"https:\/\/dev6.erresse-shop.it\/\",\"logo\":{\"@type\":\"ImageObject\",\"inLanguage\":\"es\",\"@id\":\"https:\/\/dev6.erresse-shop.it\/#\/schema\/logo\/image\/\",\"url\":\"https:\/\/dev6.erresse-shop.it\/wp-content\/uploads\/2025\/01\/LOGO-ERRESSE-CLASSICO.svg\",\"contentUrl\":\"https:\/\/dev6.erresse-shop.it\/wp-content\/uploads\/2025\/01\/LOGO-ERRESSE-CLASSICO.svg\",\"caption\":\"Erresse Shop\"},\"image\":{\"@id\":\"https:\/\/dev6.erresse-shop.it\/#\/schema\/logo\/image\/\"}}]}<\/script>\n<!-- \/ Yoast SEO plugin. -->","yoast_head_json":{"title":"JURA M\u00e1quina de caf\u00e9 D6 Piano blanco &#8211; incluyendo 2 Kg de caf\u00e9 - dev6 Erresse","description":"La \u00faltima generaci\u00f3n de la exitosa m\u00e1quina autom\u00e1tica de caf\u00e9 de JURA se caracteriza por su dise\u00f1o reinterpretado y sus caracter\u00edsticas exclusivas hasta","robots":{"index":"noindex","follow":"follow","max-snippet":"max-snippet:-1","max-image-preview":"max-image-preview:large","max-video-preview":"max-video-preview:-1"},"og_locale":"es_ES","og_type":"article","og_title":"JURA M\u00e1quina de caf\u00e9 D6 Piano blanco &#8211; incluyendo 2 Kg de caf\u00e9 - dev6 Erresse","og_description":"La \u00faltima generaci\u00f3n de la exitosa m\u00e1quina autom\u00e1tica de caf\u00e9 de JURA se caracteriza por su dise\u00f1o reinterpretado y sus caracter\u00edsticas exclusivas hasta","og_url":"https:\/\/dev6.erresse-shop.it\/es\/shop\/pequenos-electrodomesticos\/maquinas-de-cafe\/automatico\/jura-maquina-de-cafe-d6-piano-blanco-incluyendo-2-kg-de-cafe\/","og_site_name":"dev6 Erresse","og_image":[{"url":"https:\/\/interpim.erresse-shop.it\/Import\/Prodotti\/e8-1.jpg","type":"","width":"","height":""},{"url":"https:\/\/interpim.erresse-shop.it\/Import\/Prodotti\/e8-1.jpg","width":1024,"height":1024,"type":"image\/jpeg"}],"twitter_card":"summary_large_image","twitter_image":"https:\/\/interpim.erresse-shop.it\/Import\/Prodotti\/e8-1.jpg","schema":{"@context":"https:\/\/schema.org","@graph":[{"@type":"WebPage","@id":"https:\/\/dev6.erresse-shop.it\/es\/shop\/pequenos-electrodomesticos\/maquinas-de-cafe\/automatico\/jura-maquina-de-cafe-d6-piano-blanco-incluyendo-2-kg-de-cafe\/","url":"https:\/\/dev6.erresse-shop.it\/es\/shop\/pequenos-electrodomesticos\/maquinas-de-cafe\/automatico\/jura-maquina-de-cafe-d6-piano-blanco-incluyendo-2-kg-de-cafe\/","name":"JURA M\u00e1quina de caf\u00e9 D6 Piano blanco &#8211; incluyendo 2 Kg de caf\u00e9 - dev6 Erresse","isPartOf":{"@id":"https:\/\/dev6.erresse-shop.it\/#website"},"primaryImageOfPage":{"@id":"https:\/\/dev6.erresse-shop.it\/es\/shop\/pequenos-electrodomesticos\/maquinas-de-cafe\/automatico\/jura-maquina-de-cafe-d6-piano-blanco-incluyendo-2-kg-de-cafe\/#primaryimage"},"image":{"@id":"https:\/\/dev6.erresse-shop.it\/es\/shop\/pequenos-electrodomesticos\/maquinas-de-cafe\/automatico\/jura-maquina-de-cafe-d6-piano-blanco-incluyendo-2-kg-de-cafe\/#primaryimage"},"thumbnailUrl":"https:\/\/i2.wp.com\/interpim.erresse-shop.it\/Import\/Prodotti\/e8-1.jpg?ssl=1","datePublished":"2026-04-12T08:03:35+00:00","description":"La \u00faltima generaci\u00f3n de la exitosa m\u00e1quina autom\u00e1tica de caf\u00e9 de JURA se caracteriza por su dise\u00f1o reinterpretado y sus caracter\u00edsticas exclusivas hasta","breadcrumb":{"@id":"https:\/\/dev6.erresse-shop.it\/es\/shop\/pequenos-electrodomesticos\/maquinas-de-cafe\/automatico\/jura-maquina-de-cafe-d6-piano-blanco-incluyendo-2-kg-de-cafe\/#breadcrumb"},"inLanguage":"es","potentialAction":[{"@type":"ReadAction","target":["https:\/\/dev6.erresse-shop.it\/es\/shop\/pequenos-electrodomesticos\/maquinas-de-cafe\/automatico\/jura-maquina-de-cafe-d6-piano-blanco-incluyendo-2-kg-de-cafe\/"]}]},{"@type":"ImageObject","inLanguage":"es","@id":"https:\/\/dev6.erresse-shop.it\/es\/shop\/pequenos-electrodomesticos\/maquinas-de-cafe\/automatico\/jura-maquina-de-cafe-d6-piano-blanco-incluyendo-2-kg-de-cafe\/#primaryimage","url":"https:\/\/i2.wp.com\/interpim.erresse-shop.it\/Import\/Prodotti\/e8-1.jpg?ssl=1","contentUrl":"https:\/\/i2.wp.com\/interpim.erresse-shop.it\/Import\/Prodotti\/e8-1.jpg?ssl=1"},{"@type":"BreadcrumbList","@id":"https:\/\/dev6.erresse-shop.it\/es\/shop\/pequenos-electrodomesticos\/maquinas-de-cafe\/automatico\/jura-maquina-de-cafe-d6-piano-blanco-incluyendo-2-kg-de-cafe\/#breadcrumb","itemListElement":[{"@type":"ListItem","position":1,"name":"Home","item":"https:\/\/dev6.erresse-shop.it\/"},{"@type":"ListItem","position":2,"name":"Tienda","item":"https:\/\/dev6.erresse-shop.it\/shop\/"},{"@type":"ListItem","position":3,"name":"JURA M\u00e1quina de caf\u00e9 D6 Piano blanco &#8211; incluyendo 2 Kg de caf\u00e9"}]},{"@type":"WebSite","@id":"https:\/\/dev6.erresse-shop.it\/#website","url":"https:\/\/dev6.erresse-shop.it\/","name":"Erresse Shop","description":"","publisher":{"@id":"https:\/\/dev6.erresse-shop.it\/#organization"},"potentialAction":[{"@type":"SearchAction","target":{"@type":"EntryPoint","urlTemplate":"https:\/\/dev6.erresse-shop.it\/?s={search_term_string}"},"query-input":{"@type":"PropertyValueSpecification","valueRequired":true,"valueName":"search_term_string"}}],"inLanguage":"es"},{"@type":"Organization","@id":"https:\/\/dev6.erresse-shop.it\/#organization","name":"Erresse Shop","url":"https:\/\/dev6.erresse-shop.it\/","logo":{"@type":"ImageObject","inLanguage":"es","@id":"https:\/\/dev6.erresse-shop.it\/#\/schema\/logo\/image\/","url":"https:\/\/dev6.erresse-shop.it\/wp-content\/uploads\/2025\/01\/LOGO-ERRESSE-CLASSICO.svg","contentUrl":"https:\/\/dev6.erresse-shop.it\/wp-content\/uploads\/2025\/01\/LOGO-ERRESSE-CLASSICO.svg","caption":"Erresse Shop"},"image":{"@id":"https:\/\/dev6.erresse-shop.it\/#\/schema\/logo\/image\/"}}]}},"df_price":1259.28,"df_sale_price":1259.28,"df_regular_price":1449,"df_image_link":"https:\/\/i2.wp.com\/interpim.erresse-shop.it\/Import\/Prodotti\/e8-1.jpg?resize=300,300&ssl=1","fifu_image_url":"https:\/\/interpim.erresse-shop.it\/Import\/Prodotti\/e8-1.jpg","_links":{"self":[{"href":"https:\/\/dev6.erresse-shop.it\/es\/wp-json\/wp\/v2\/product\/1880096","targetHints":{"allow":["GET"]}}],"collection":[{"href":"https:\/\/dev6.erresse-shop.it\/es\/wp-json\/wp\/v2\/product"}],"about":[{"href":"https:\/\/dev6.erresse-shop.it\/es\/wp-json\/wp\/v2\/types\/product"}],"wp:featuredmedia":[{"embeddable":true,"href":"https:\/\/dev6.erresse-shop.it\/es\/wp-json\/wp\/v2\/media\/6364738"}],"wp:attachment":[{"href":"https:\/\/dev6.erresse-shop.it\/es\/wp-json\/wp\/v2\/media?parent=1880096"}],"wp:term":[{"taxonomy":"product_cat","embeddable":true,"href":"https:\/\/dev6.erresse-shop.it\/es\/wp-json\/wp\/v2\/product_cat?post=1880096"},{"taxonomy":"product_tag","embeddable":true,"href":"https:\/\/dev6.erresse-shop.it\/es\/wp-json\/wp\/v2\/product_tag?post=1880096"}],"curies":[{"name":"wp","href":"https:\/\/api.w.org\/{rel}","templated":true}]}}