{"id":1880086,"date":"2026-04-12T10:03:35","date_gmt":"2026-04-12T08:03:35","guid":{"rendered":"https:\/\/dev6.erresse-shop.it\/shop\/sin%20categor\u00eda\/cookut-grahamen-el-mejor-vaso-del-mundo\/"},"modified":"2025-09-14T08:37:25","modified_gmt":"2025-09-14T06:37:25","slug":"cookut-grahamen-el-mejor-vaso-del-mundo","status":"publish","type":"product","link":"https:\/\/dev6.erresse-shop.it\/es\/shop\/tabla\/vasos\/cookut-grahamen-el-mejor-vaso-del-mundo\/","title":{"rendered":"COOKUT Grahamen El Mejor Vaso Del Mundo"},"content":{"rendered":"<p>\u00a1GRAHAM, la mejor copa de cata del mundo!<\/p>\n<p>Revela la finura, la riqueza y la complejidad de tus destilados de car\u00e1cter<\/p>\n<p>Soplado a boca y recomendado por los principales expertos en licores, el vaso GRAHAM ha sido dise\u00f1ado para ofrecer la mejor experiencia de degustaci\u00f3n gracias a su forma \u00fanica y a la bola de m\u00e1rmol enfriada.<\/p>\n<p>Un vaso dise\u00f1ado para el placer de la degustaci\u00f3n, que se adapta a la mano y permite que la bola de m\u00e1rmol se mueva en c\u00edrculo alrededor de una c\u00fapula central.<\/p>\n<p>Concentraci\u00f3n de aromas y aireaci\u00f3n del etanol<\/p>\n<p>La rotaci\u00f3n regular de la bola de m\u00e1rmol alrededor de la c\u00fapula central del vaso pone en movimiento el aguardiente, liberando la m\u00e1xima cantidad de aromas. Estos aromas sutiles se concentran en el coraz\u00f3n del vaso de tulip\u00e1n, mientras que el etanol m\u00e1s vol\u00e1til se escapa r\u00e1pidamente. Se descubren notas olfativas que quedar\u00edan ocultas en otro vaso.<\/p>\n<p>Refrescante sin la diluci\u00f3n<\/p>\n<p>La bola de m\u00e1rmol, colocada de antemano en un lugar fr\u00edo, mantiene el aguardiente a una temperatura ideal y homog\u00e9nenenea, sin agregar agua. Esto le permite disfrutar de su destilado en su forma m\u00e1s pura.<\/p>\n<p>Experiencia multisensorial<\/p>\n<p>La mano imprime a la bola de m\u00e1rmol un movimiento constante, combinado con un sonido relajante y el espect\u00e1culo de la onda del aguardiente que rueda alrededor de la b\u00f3veda central. Junto con el olor y el sabor del aguardiente, todos los sentidos participan en una nueva experiencia de degustaci\u00f3n.<\/p>\n<p>Apto para todo tipo de bebidas alcoh\u00f3licas<\/p>\n<p>El vaso GRAHAM revela la riqueza y complejidad de todos los destilados: whisky, co\u00f1ac, Armagnac, ron, vodka.<\/p>\n","protected":false},"excerpt":{"rendered":"<p>\u00a1GRAHAM, la mejor copa de cata del mundo! Revela la finura, la riqueza y la complejidad de tus destilados de car\u00e1cter Soplado a boca y recomendado por los principales expertos en licores, el vaso GRAHAM ha sido dise\u00f1ado para ofrecer la mejor experiencia de degustaci\u00f3n gracias a su forma \u00fanica y a la bola de [&hellip;]<\/p>\n","protected":false},"featured_media":6364695,"template":"","meta":{"_acf_changed":false},"product_cat":[11887,11671,11901],"product_tag":[],"class_list":{"0":"post-1880086","1":"product","2":"type-product","3":"status-publish","4":"has-post-thumbnail","6":"product_cat-tabla","7":"product_cat-tavola","8":"product_cat-vasos","10":"first","11":"instock","12":"sale","13":"taxable","14":"shipping-taxable","15":"purchasable","16":"product-type-simple","swatches":"rey-swatches","show_selected":"","stretch_labels":"rey-swatches--stretch-labels"},"acf":[],"yoast_head":"<!-- This site is optimized with the Yoast SEO plugin v25.4 - https:\/\/yoast.com\/wordpress\/plugins\/seo\/ -->\n<title>COOKUT Grahamen El Mejor Vaso Del Mundo - dev6 Erresse<\/title>\n<meta name=\"description\" content=\"\u00a1GRAHAM, la mejor copa de cata del mundo! Revela la finura, la riqueza y la complejidad de tus destilados de car\u00e1cter Soplado a boca y recomendado por los\" \/>\n<meta name=\"robots\" content=\"noindex, follow, max-snippet:-1, max-image-preview:large, max-video-preview:-1\" \/>\n<meta property=\"og:locale\" content=\"es_ES\" \/>\n<meta property=\"og:type\" content=\"article\" \/>\n<meta property=\"og:title\" content=\"COOKUT Grahamen El Mejor Vaso Del Mundo - dev6 Erresse\" \/>\n<meta property=\"og:description\" content=\"\u00a1GRAHAM, la mejor copa de cata del mundo! Revela la finura, la riqueza y la complejidad de tus destilados de car\u00e1cter Soplado a boca y recomendado por los\" \/>\n<meta property=\"og:url\" content=\"https:\/\/dev6.erresse-shop.it\/es\/shop\/tabla\/vasos\/cookut-grahamen-el-mejor-vaso-del-mundo\/\" \/>\n<meta property=\"og:site_name\" content=\"dev6 Erresse\" \/>\n<meta property=\"og:image\" content=\"https:\/\/interpim.erresse-shop.it\/Import\/Prodotti\/cookut-grahamen.jpg\" \/><meta property=\"og:image\" content=\"https:\/\/interpim.erresse-shop.it\/Import\/Prodotti\/cookut-grahamen.jpg\" \/>\n\t<meta property=\"og:image:width\" content=\"1024\" \/>\n\t<meta property=\"og:image:height\" content=\"1024\" \/>\n\t<meta property=\"og:image:type\" content=\"image\/jpeg\" \/>\n<meta name=\"twitter:card\" content=\"summary_large_image\" \/>\n<meta name=\"twitter:image\" content=\"https:\/\/interpim.erresse-shop.it\/Import\/Prodotti\/cookut-grahamen.jpg\" \/>\n<script type=\"application\/ld+json\" class=\"yoast-schema-graph\">{\"@context\":\"https:\/\/schema.org\",\"@graph\":[{\"@type\":\"WebPage\",\"@id\":\"https:\/\/dev6.erresse-shop.it\/es\/shop\/tabla\/vasos\/cookut-grahamen-el-mejor-vaso-del-mundo\/\",\"url\":\"https:\/\/dev6.erresse-shop.it\/es\/shop\/tabla\/vasos\/cookut-grahamen-el-mejor-vaso-del-mundo\/\",\"name\":\"COOKUT Grahamen El Mejor Vaso Del Mundo - dev6 Erresse\",\"isPartOf\":{\"@id\":\"https:\/\/dev6.erresse-shop.it\/#website\"},\"primaryImageOfPage\":{\"@id\":\"https:\/\/dev6.erresse-shop.it\/es\/shop\/tabla\/vasos\/cookut-grahamen-el-mejor-vaso-del-mundo\/#primaryimage\"},\"image\":{\"@id\":\"https:\/\/dev6.erresse-shop.it\/es\/shop\/tabla\/vasos\/cookut-grahamen-el-mejor-vaso-del-mundo\/#primaryimage\"},\"thumbnailUrl\":\"https:\/\/i1.wp.com\/interpim.erresse-shop.it\/Import\/Prodotti\/cookut-grahamen.jpg?ssl=1\",\"datePublished\":\"2026-04-12T08:03:35+00:00\",\"description\":\"\u00a1GRAHAM, la mejor copa de cata del mundo! Revela la finura, la riqueza y la complejidad de tus destilados de car\u00e1cter Soplado a boca y recomendado por los\",\"breadcrumb\":{\"@id\":\"https:\/\/dev6.erresse-shop.it\/es\/shop\/tabla\/vasos\/cookut-grahamen-el-mejor-vaso-del-mundo\/#breadcrumb\"},\"inLanguage\":\"es\",\"potentialAction\":[{\"@type\":\"ReadAction\",\"target\":[\"https:\/\/dev6.erresse-shop.it\/es\/shop\/tabla\/vasos\/cookut-grahamen-el-mejor-vaso-del-mundo\/\"]}]},{\"@type\":\"ImageObject\",\"inLanguage\":\"es\",\"@id\":\"https:\/\/dev6.erresse-shop.it\/es\/shop\/tabla\/vasos\/cookut-grahamen-el-mejor-vaso-del-mundo\/#primaryimage\",\"url\":\"https:\/\/i1.wp.com\/interpim.erresse-shop.it\/Import\/Prodotti\/cookut-grahamen.jpg?ssl=1\",\"contentUrl\":\"https:\/\/i1.wp.com\/interpim.erresse-shop.it\/Import\/Prodotti\/cookut-grahamen.jpg?ssl=1\"},{\"@type\":\"BreadcrumbList\",\"@id\":\"https:\/\/dev6.erresse-shop.it\/es\/shop\/tabla\/vasos\/cookut-grahamen-el-mejor-vaso-del-mundo\/#breadcrumb\",\"itemListElement\":[{\"@type\":\"ListItem\",\"position\":1,\"name\":\"Home\",\"item\":\"https:\/\/dev6.erresse-shop.it\/\"},{\"@type\":\"ListItem\",\"position\":2,\"name\":\"Tienda\",\"item\":\"https:\/\/dev6.erresse-shop.it\/shop\/\"},{\"@type\":\"ListItem\",\"position\":3,\"name\":\"COOKUT Grahamen El Mejor Vaso Del Mundo\"}]},{\"@type\":\"WebSite\",\"@id\":\"https:\/\/dev6.erresse-shop.it\/#website\",\"url\":\"https:\/\/dev6.erresse-shop.it\/\",\"name\":\"Erresse Shop\",\"description\":\"\",\"publisher\":{\"@id\":\"https:\/\/dev6.erresse-shop.it\/#organization\"},\"potentialAction\":[{\"@type\":\"SearchAction\",\"target\":{\"@type\":\"EntryPoint\",\"urlTemplate\":\"https:\/\/dev6.erresse-shop.it\/?s={search_term_string}\"},\"query-input\":{\"@type\":\"PropertyValueSpecification\",\"valueRequired\":true,\"valueName\":\"search_term_string\"}}],\"inLanguage\":\"es\"},{\"@type\":\"Organization\",\"@id\":\"https:\/\/dev6.erresse-shop.it\/#organization\",\"name\":\"Erresse Shop\",\"url\":\"https:\/\/dev6.erresse-shop.it\/\",\"logo\":{\"@type\":\"ImageObject\",\"inLanguage\":\"es\",\"@id\":\"https:\/\/dev6.erresse-shop.it\/#\/schema\/logo\/image\/\",\"url\":\"https:\/\/dev6.erresse-shop.it\/wp-content\/uploads\/2025\/01\/LOGO-ERRESSE-CLASSICO.svg\",\"contentUrl\":\"https:\/\/dev6.erresse-shop.it\/wp-content\/uploads\/2025\/01\/LOGO-ERRESSE-CLASSICO.svg\",\"caption\":\"Erresse Shop\"},\"image\":{\"@id\":\"https:\/\/dev6.erresse-shop.it\/#\/schema\/logo\/image\/\"}}]}<\/script>\n<!-- \/ Yoast SEO plugin. -->","yoast_head_json":{"title":"COOKUT Grahamen El Mejor Vaso Del Mundo - dev6 Erresse","description":"\u00a1GRAHAM, la mejor copa de cata del mundo! Revela la finura, la riqueza y la complejidad de tus destilados de car\u00e1cter Soplado a boca y recomendado por los","robots":{"index":"noindex","follow":"follow","max-snippet":"max-snippet:-1","max-image-preview":"max-image-preview:large","max-video-preview":"max-video-preview:-1"},"og_locale":"es_ES","og_type":"article","og_title":"COOKUT Grahamen El Mejor Vaso Del Mundo - dev6 Erresse","og_description":"\u00a1GRAHAM, la mejor copa de cata del mundo! Revela la finura, la riqueza y la complejidad de tus destilados de car\u00e1cter Soplado a boca y recomendado por los","og_url":"https:\/\/dev6.erresse-shop.it\/es\/shop\/tabla\/vasos\/cookut-grahamen-el-mejor-vaso-del-mundo\/","og_site_name":"dev6 Erresse","og_image":[{"url":"https:\/\/interpim.erresse-shop.it\/Import\/Prodotti\/cookut-grahamen.jpg","type":"","width":"","height":""},{"url":"https:\/\/interpim.erresse-shop.it\/Import\/Prodotti\/cookut-grahamen.jpg","width":1024,"height":1024,"type":"image\/jpeg"}],"twitter_card":"summary_large_image","twitter_image":"https:\/\/interpim.erresse-shop.it\/Import\/Prodotti\/cookut-grahamen.jpg","schema":{"@context":"https:\/\/schema.org","@graph":[{"@type":"WebPage","@id":"https:\/\/dev6.erresse-shop.it\/es\/shop\/tabla\/vasos\/cookut-grahamen-el-mejor-vaso-del-mundo\/","url":"https:\/\/dev6.erresse-shop.it\/es\/shop\/tabla\/vasos\/cookut-grahamen-el-mejor-vaso-del-mundo\/","name":"COOKUT Grahamen El Mejor Vaso Del Mundo - dev6 Erresse","isPartOf":{"@id":"https:\/\/dev6.erresse-shop.it\/#website"},"primaryImageOfPage":{"@id":"https:\/\/dev6.erresse-shop.it\/es\/shop\/tabla\/vasos\/cookut-grahamen-el-mejor-vaso-del-mundo\/#primaryimage"},"image":{"@id":"https:\/\/dev6.erresse-shop.it\/es\/shop\/tabla\/vasos\/cookut-grahamen-el-mejor-vaso-del-mundo\/#primaryimage"},"thumbnailUrl":"https:\/\/i1.wp.com\/interpim.erresse-shop.it\/Import\/Prodotti\/cookut-grahamen.jpg?ssl=1","datePublished":"2026-04-12T08:03:35+00:00","description":"\u00a1GRAHAM, la mejor copa de cata del mundo! Revela la finura, la riqueza y la complejidad de tus destilados de car\u00e1cter Soplado a boca y recomendado por los","breadcrumb":{"@id":"https:\/\/dev6.erresse-shop.it\/es\/shop\/tabla\/vasos\/cookut-grahamen-el-mejor-vaso-del-mundo\/#breadcrumb"},"inLanguage":"es","potentialAction":[{"@type":"ReadAction","target":["https:\/\/dev6.erresse-shop.it\/es\/shop\/tabla\/vasos\/cookut-grahamen-el-mejor-vaso-del-mundo\/"]}]},{"@type":"ImageObject","inLanguage":"es","@id":"https:\/\/dev6.erresse-shop.it\/es\/shop\/tabla\/vasos\/cookut-grahamen-el-mejor-vaso-del-mundo\/#primaryimage","url":"https:\/\/i1.wp.com\/interpim.erresse-shop.it\/Import\/Prodotti\/cookut-grahamen.jpg?ssl=1","contentUrl":"https:\/\/i1.wp.com\/interpim.erresse-shop.it\/Import\/Prodotti\/cookut-grahamen.jpg?ssl=1"},{"@type":"BreadcrumbList","@id":"https:\/\/dev6.erresse-shop.it\/es\/shop\/tabla\/vasos\/cookut-grahamen-el-mejor-vaso-del-mundo\/#breadcrumb","itemListElement":[{"@type":"ListItem","position":1,"name":"Home","item":"https:\/\/dev6.erresse-shop.it\/"},{"@type":"ListItem","position":2,"name":"Tienda","item":"https:\/\/dev6.erresse-shop.it\/shop\/"},{"@type":"ListItem","position":3,"name":"COOKUT Grahamen El Mejor Vaso Del Mundo"}]},{"@type":"WebSite","@id":"https:\/\/dev6.erresse-shop.it\/#website","url":"https:\/\/dev6.erresse-shop.it\/","name":"Erresse Shop","description":"","publisher":{"@id":"https:\/\/dev6.erresse-shop.it\/#organization"},"potentialAction":[{"@type":"SearchAction","target":{"@type":"EntryPoint","urlTemplate":"https:\/\/dev6.erresse-shop.it\/?s={search_term_string}"},"query-input":{"@type":"PropertyValueSpecification","valueRequired":true,"valueName":"search_term_string"}}],"inLanguage":"es"},{"@type":"Organization","@id":"https:\/\/dev6.erresse-shop.it\/#organization","name":"Erresse Shop","url":"https:\/\/dev6.erresse-shop.it\/","logo":{"@type":"ImageObject","inLanguage":"es","@id":"https:\/\/dev6.erresse-shop.it\/#\/schema\/logo\/image\/","url":"https:\/\/dev6.erresse-shop.it\/wp-content\/uploads\/2025\/01\/LOGO-ERRESSE-CLASSICO.svg","contentUrl":"https:\/\/dev6.erresse-shop.it\/wp-content\/uploads\/2025\/01\/LOGO-ERRESSE-CLASSICO.svg","caption":"Erresse Shop"},"image":{"@id":"https:\/\/dev6.erresse-shop.it\/#\/schema\/logo\/image\/"}}]}},"df_price":34.95,"df_sale_price":34.95,"df_regular_price":39,"df_image_link":"https:\/\/i1.wp.com\/interpim.erresse-shop.it\/Import\/Prodotti\/cookut-grahamen.jpg?resize=300,300&ssl=1","fifu_image_url":"https:\/\/interpim.erresse-shop.it\/Import\/Prodotti\/cookut-grahamen.jpg","_links":{"self":[{"href":"https:\/\/dev6.erresse-shop.it\/es\/wp-json\/wp\/v2\/product\/1880086","targetHints":{"allow":["GET"]}}],"collection":[{"href":"https:\/\/dev6.erresse-shop.it\/es\/wp-json\/wp\/v2\/product"}],"about":[{"href":"https:\/\/dev6.erresse-shop.it\/es\/wp-json\/wp\/v2\/types\/product"}],"wp:featuredmedia":[{"embeddable":true,"href":"https:\/\/dev6.erresse-shop.it\/es\/wp-json\/wp\/v2\/media\/6364695"}],"wp:attachment":[{"href":"https:\/\/dev6.erresse-shop.it\/es\/wp-json\/wp\/v2\/media?parent=1880086"}],"wp:term":[{"taxonomy":"product_cat","embeddable":true,"href":"https:\/\/dev6.erresse-shop.it\/es\/wp-json\/wp\/v2\/product_cat?post=1880086"},{"taxonomy":"product_tag","embeddable":true,"href":"https:\/\/dev6.erresse-shop.it\/es\/wp-json\/wp\/v2\/product_tag?post=1880086"}],"curies":[{"name":"wp","href":"https:\/\/api.w.org\/{rel}","templated":true}]}}