{"id":1880080,"date":"2026-04-12T14:49:36","date_gmt":"2026-04-12T12:49:36","guid":{"rendered":"https:\/\/dev6.erresse-shop.it\/shop\/sin%20categor\u00eda\/cookut-caja-mojitos-cuchara-recetas-y-pajitas\/"},"modified":"2025-09-14T11:00:00","modified_gmt":"2025-09-14T09:00:00","slug":"cookut-caja-mojitos-cuchara-recetas-y-pajitas","status":"publish","type":"product","link":"https:\/\/dev6.erresse-shop.it\/es\/shop\/cocina\/accesorios\/cookut-caja-mojitos-cuchara-recetas-y-pajitas\/","title":{"rendered":"COOKUT Caja Mojitos Cuchara Recetas y Pajitas"},"content":{"rendered":"<p>La \u00fanica herramienta 4 en 1 del mundo, con pajitas de vidrio y un libro de cocina mojitos perfectamente equilibrado.<\/p>\n<p>Prepara tus mojitos con una herramienta 4 en 1<\/p>\n<p>La herramienta We Are Mojito se compone de un medidor de ron y az\u00facar morena, un martillo para hielo picado, una mano de mortero y una prensa de c\u00edtricos. Exprimir el lim\u00f3n, picar la menta, verter el jarabe y el ron perfectamente dosificado, picar los cubitos de hielo y a\u00f1adir un poco de agua con gas. \u00a1Y eso es todo!<\/p>\n<p>\u00a1No m\u00e1s mojitos mal mezclados!<\/p>\n<p>Los mojitos caseros a menudo est\u00e1n mal dosificados, con muy poco o demasiado az\u00facar o alcohol\u2026 Con el medidor incorporado en el passaerdure, \u00a1el mojito es imposible de preparar y siempre est\u00e1 perfectamente equilibrado!<\/p>\n<p>Un material ecol\u00f3gico<\/p>\n<p>El pasante We Are Mojito est\u00e1 hecho de madera 100% natural. Adem\u00e1s de ser est\u00e9ticamente agradable y altamente funcional, es perfectamente reciclable \u2013 \u00a1y eso nos gusta!<\/p>\n<p>Caja de regalo: 14 recetas incluidas y 2 pajitas de vidrio<\/p>\n<p>Pajitas de vidrio reutilizables a prueba de golpes<\/p>\n<p>Sorprende a tus amigos con recetas de mojitos innovadoras y originales. Hemos pensado en ti incluyendo nuestras recetas favoritas en la caja de regalo.<\/p>\n","protected":false},"excerpt":{"rendered":"<p>La \u00fanica herramienta 4 en 1 del mundo, con pajitas de vidrio y un libro de cocina mojitos perfectamente equilibrado. Prepara tus mojitos con una herramienta 4 en 1 La herramienta We Are Mojito se compone de un medidor de ron y az\u00facar morena, un martillo para hielo picado, una mano de mortero y una [&hellip;]<\/p>\n","protected":false},"featured_media":6381398,"template":"","meta":{"_acf_changed":false},"product_cat":[11949,11733,11884,11668],"product_tag":[],"class_list":{"0":"post-1880080","1":"product","2":"type-product","3":"status-publish","4":"has-post-thumbnail","6":"product_cat-accesorios","7":"product_cat-accessori-cucina","8":"product_cat-cocina","9":"product_cat-cucina","11":"first","12":"instock","13":"sale","14":"taxable","15":"shipping-taxable","16":"purchasable","17":"product-type-simple","swatches":"rey-swatches","show_selected":"","stretch_labels":"rey-swatches--stretch-labels"},"acf":[],"yoast_head":"<!-- This site is optimized with the Yoast SEO plugin v25.4 - https:\/\/yoast.com\/wordpress\/plugins\/seo\/ -->\n<title>COOKUT Caja Mojitos Cuchara Recetas y Pajitas - dev6 Erresse<\/title>\n<meta name=\"description\" content=\"La \u00fanica herramienta 4 en 1 del mundo, con pajitas de vidrio y un libro de cocina mojitos perfectamente equilibrado. Prepara tus mojitos con una\" \/>\n<meta name=\"robots\" content=\"noindex, follow, max-snippet:-1, max-image-preview:large, max-video-preview:-1\" \/>\n<meta property=\"og:locale\" content=\"es_ES\" \/>\n<meta property=\"og:type\" content=\"article\" \/>\n<meta property=\"og:title\" content=\"COOKUT Caja Mojitos Cuchara Recetas y Pajitas - dev6 Erresse\" \/>\n<meta property=\"og:description\" content=\"La \u00fanica herramienta 4 en 1 del mundo, con pajitas de vidrio y un libro de cocina mojitos perfectamente equilibrado. Prepara tus mojitos con una\" \/>\n<meta property=\"og:url\" content=\"https:\/\/dev6.erresse-shop.it\/es\/shop\/cocina\/accesorios\/cookut-caja-mojitos-cuchara-recetas-y-pajitas\/\" \/>\n<meta property=\"og:site_name\" content=\"dev6 Erresse\" \/>\n<meta property=\"og:image\" content=\"https:\/\/interpim.erresse-shop.it\/wp-content\/uploads\/2023\/12\/COOKUT-Cofanetto-Mojitos-Misurino-Ricette-e-Cannucce.jpg\/cookut-cofanetto-mojitos-misurino-ricette-e-cannucce.jpg\" \/><meta property=\"og:image\" content=\"https:\/\/interpim.erresse-shop.it\/wp-content\/uploads\/2023\/12\/COOKUT-Cofanetto-Mojitos-Misurino-Ricette-e-Cannucce.jpg\/cookut-cofanetto-mojitos-misurino-ricette-e-cannucce.jpg\" \/>\n\t<meta property=\"og:image:width\" content=\"1024\" \/>\n\t<meta property=\"og:image:height\" content=\"1024\" \/>\n\t<meta property=\"og:image:type\" content=\"image\/jpeg\" \/>\n<meta name=\"twitter:card\" content=\"summary_large_image\" \/>\n<meta name=\"twitter:image\" content=\"https:\/\/interpim.erresse-shop.it\/wp-content\/uploads\/2023\/12\/COOKUT-Cofanetto-Mojitos-Misurino-Ricette-e-Cannucce.jpg\/cookut-cofanetto-mojitos-misurino-ricette-e-cannucce.jpg\" \/>\n<script type=\"application\/ld+json\" class=\"yoast-schema-graph\">{\"@context\":\"https:\/\/schema.org\",\"@graph\":[{\"@type\":\"WebPage\",\"@id\":\"https:\/\/dev6.erresse-shop.it\/es\/shop\/cocina\/accesorios\/cookut-caja-mojitos-cuchara-recetas-y-pajitas\/\",\"url\":\"https:\/\/dev6.erresse-shop.it\/es\/shop\/cocina\/accesorios\/cookut-caja-mojitos-cuchara-recetas-y-pajitas\/\",\"name\":\"COOKUT Caja Mojitos Cuchara Recetas y Pajitas - dev6 Erresse\",\"isPartOf\":{\"@id\":\"https:\/\/dev6.erresse-shop.it\/#website\"},\"primaryImageOfPage\":{\"@id\":\"https:\/\/dev6.erresse-shop.it\/es\/shop\/cocina\/accesorios\/cookut-caja-mojitos-cuchara-recetas-y-pajitas\/#primaryimage\"},\"image\":{\"@id\":\"https:\/\/dev6.erresse-shop.it\/es\/shop\/cocina\/accesorios\/cookut-caja-mojitos-cuchara-recetas-y-pajitas\/#primaryimage\"},\"thumbnailUrl\":\"https:\/\/i0.wp.com\/interpim.erresse-shop.it\/wp-content\/uploads\/2023\/12\/COOKUT-Cofanetto-Mojitos-Misurino-Ricette-e-Cannucce.jpg\/cookut-cofanetto-mojitos-misurino-ricette-e-cannucce.jpg?ssl=1\",\"datePublished\":\"2026-04-12T12:49:36+00:00\",\"description\":\"La \u00fanica herramienta 4 en 1 del mundo, con pajitas de vidrio y un libro de cocina mojitos perfectamente equilibrado. Prepara tus mojitos con una\",\"breadcrumb\":{\"@id\":\"https:\/\/dev6.erresse-shop.it\/es\/shop\/cocina\/accesorios\/cookut-caja-mojitos-cuchara-recetas-y-pajitas\/#breadcrumb\"},\"inLanguage\":\"es\",\"potentialAction\":[{\"@type\":\"ReadAction\",\"target\":[\"https:\/\/dev6.erresse-shop.it\/es\/shop\/cocina\/accesorios\/cookut-caja-mojitos-cuchara-recetas-y-pajitas\/\"]}]},{\"@type\":\"ImageObject\",\"inLanguage\":\"es\",\"@id\":\"https:\/\/dev6.erresse-shop.it\/es\/shop\/cocina\/accesorios\/cookut-caja-mojitos-cuchara-recetas-y-pajitas\/#primaryimage\",\"url\":\"https:\/\/i0.wp.com\/interpim.erresse-shop.it\/wp-content\/uploads\/2023\/12\/COOKUT-Cofanetto-Mojitos-Misurino-Ricette-e-Cannucce.jpg\/cookut-cofanetto-mojitos-misurino-ricette-e-cannucce.jpg?ssl=1\",\"contentUrl\":\"https:\/\/i0.wp.com\/interpim.erresse-shop.it\/wp-content\/uploads\/2023\/12\/COOKUT-Cofanetto-Mojitos-Misurino-Ricette-e-Cannucce.jpg\/cookut-cofanetto-mojitos-misurino-ricette-e-cannucce.jpg?ssl=1\"},{\"@type\":\"BreadcrumbList\",\"@id\":\"https:\/\/dev6.erresse-shop.it\/es\/shop\/cocina\/accesorios\/cookut-caja-mojitos-cuchara-recetas-y-pajitas\/#breadcrumb\",\"itemListElement\":[{\"@type\":\"ListItem\",\"position\":1,\"name\":\"Home\",\"item\":\"https:\/\/dev6.erresse-shop.it\/\"},{\"@type\":\"ListItem\",\"position\":2,\"name\":\"Tienda\",\"item\":\"https:\/\/dev6.erresse-shop.it\/shop\/\"},{\"@type\":\"ListItem\",\"position\":3,\"name\":\"COOKUT Caja Mojitos Cuchara Recetas y Pajitas\"}]},{\"@type\":\"WebSite\",\"@id\":\"https:\/\/dev6.erresse-shop.it\/#website\",\"url\":\"https:\/\/dev6.erresse-shop.it\/\",\"name\":\"Erresse Shop\",\"description\":\"\",\"publisher\":{\"@id\":\"https:\/\/dev6.erresse-shop.it\/#organization\"},\"potentialAction\":[{\"@type\":\"SearchAction\",\"target\":{\"@type\":\"EntryPoint\",\"urlTemplate\":\"https:\/\/dev6.erresse-shop.it\/?s={search_term_string}\"},\"query-input\":{\"@type\":\"PropertyValueSpecification\",\"valueRequired\":true,\"valueName\":\"search_term_string\"}}],\"inLanguage\":\"es\"},{\"@type\":\"Organization\",\"@id\":\"https:\/\/dev6.erresse-shop.it\/#organization\",\"name\":\"Erresse Shop\",\"url\":\"https:\/\/dev6.erresse-shop.it\/\",\"logo\":{\"@type\":\"ImageObject\",\"inLanguage\":\"es\",\"@id\":\"https:\/\/dev6.erresse-shop.it\/#\/schema\/logo\/image\/\",\"url\":\"https:\/\/dev6.erresse-shop.it\/wp-content\/uploads\/2025\/01\/LOGO-ERRESSE-CLASSICO.svg\",\"contentUrl\":\"https:\/\/dev6.erresse-shop.it\/wp-content\/uploads\/2025\/01\/LOGO-ERRESSE-CLASSICO.svg\",\"caption\":\"Erresse Shop\"},\"image\":{\"@id\":\"https:\/\/dev6.erresse-shop.it\/#\/schema\/logo\/image\/\"}}]}<\/script>\n<!-- \/ Yoast SEO plugin. -->","yoast_head_json":{"title":"COOKUT Caja Mojitos Cuchara Recetas y Pajitas - dev6 Erresse","description":"La \u00fanica herramienta 4 en 1 del mundo, con pajitas de vidrio y un libro de cocina mojitos perfectamente equilibrado. Prepara tus mojitos con una","robots":{"index":"noindex","follow":"follow","max-snippet":"max-snippet:-1","max-image-preview":"max-image-preview:large","max-video-preview":"max-video-preview:-1"},"og_locale":"es_ES","og_type":"article","og_title":"COOKUT Caja Mojitos Cuchara Recetas y Pajitas - dev6 Erresse","og_description":"La \u00fanica herramienta 4 en 1 del mundo, con pajitas de vidrio y un libro de cocina mojitos perfectamente equilibrado. Prepara tus mojitos con una","og_url":"https:\/\/dev6.erresse-shop.it\/es\/shop\/cocina\/accesorios\/cookut-caja-mojitos-cuchara-recetas-y-pajitas\/","og_site_name":"dev6 Erresse","og_image":[{"url":"https:\/\/interpim.erresse-shop.it\/wp-content\/uploads\/2023\/12\/COOKUT-Cofanetto-Mojitos-Misurino-Ricette-e-Cannucce.jpg\/cookut-cofanetto-mojitos-misurino-ricette-e-cannucce.jpg","type":"","width":"","height":""},{"url":"https:\/\/interpim.erresse-shop.it\/wp-content\/uploads\/2023\/12\/COOKUT-Cofanetto-Mojitos-Misurino-Ricette-e-Cannucce.jpg\/cookut-cofanetto-mojitos-misurino-ricette-e-cannucce.jpg","width":1024,"height":1024,"type":"image\/jpeg"}],"twitter_card":"summary_large_image","twitter_image":"https:\/\/interpim.erresse-shop.it\/wp-content\/uploads\/2023\/12\/COOKUT-Cofanetto-Mojitos-Misurino-Ricette-e-Cannucce.jpg\/cookut-cofanetto-mojitos-misurino-ricette-e-cannucce.jpg","schema":{"@context":"https:\/\/schema.org","@graph":[{"@type":"WebPage","@id":"https:\/\/dev6.erresse-shop.it\/es\/shop\/cocina\/accesorios\/cookut-caja-mojitos-cuchara-recetas-y-pajitas\/","url":"https:\/\/dev6.erresse-shop.it\/es\/shop\/cocina\/accesorios\/cookut-caja-mojitos-cuchara-recetas-y-pajitas\/","name":"COOKUT Caja Mojitos Cuchara Recetas y Pajitas - dev6 Erresse","isPartOf":{"@id":"https:\/\/dev6.erresse-shop.it\/#website"},"primaryImageOfPage":{"@id":"https:\/\/dev6.erresse-shop.it\/es\/shop\/cocina\/accesorios\/cookut-caja-mojitos-cuchara-recetas-y-pajitas\/#primaryimage"},"image":{"@id":"https:\/\/dev6.erresse-shop.it\/es\/shop\/cocina\/accesorios\/cookut-caja-mojitos-cuchara-recetas-y-pajitas\/#primaryimage"},"thumbnailUrl":"https:\/\/i0.wp.com\/interpim.erresse-shop.it\/wp-content\/uploads\/2023\/12\/COOKUT-Cofanetto-Mojitos-Misurino-Ricette-e-Cannucce.jpg\/cookut-cofanetto-mojitos-misurino-ricette-e-cannucce.jpg?ssl=1","datePublished":"2026-04-12T12:49:36+00:00","description":"La \u00fanica herramienta 4 en 1 del mundo, con pajitas de vidrio y un libro de cocina mojitos perfectamente equilibrado. Prepara tus mojitos con una","breadcrumb":{"@id":"https:\/\/dev6.erresse-shop.it\/es\/shop\/cocina\/accesorios\/cookut-caja-mojitos-cuchara-recetas-y-pajitas\/#breadcrumb"},"inLanguage":"es","potentialAction":[{"@type":"ReadAction","target":["https:\/\/dev6.erresse-shop.it\/es\/shop\/cocina\/accesorios\/cookut-caja-mojitos-cuchara-recetas-y-pajitas\/"]}]},{"@type":"ImageObject","inLanguage":"es","@id":"https:\/\/dev6.erresse-shop.it\/es\/shop\/cocina\/accesorios\/cookut-caja-mojitos-cuchara-recetas-y-pajitas\/#primaryimage","url":"https:\/\/i0.wp.com\/interpim.erresse-shop.it\/wp-content\/uploads\/2023\/12\/COOKUT-Cofanetto-Mojitos-Misurino-Ricette-e-Cannucce.jpg\/cookut-cofanetto-mojitos-misurino-ricette-e-cannucce.jpg?ssl=1","contentUrl":"https:\/\/i0.wp.com\/interpim.erresse-shop.it\/wp-content\/uploads\/2023\/12\/COOKUT-Cofanetto-Mojitos-Misurino-Ricette-e-Cannucce.jpg\/cookut-cofanetto-mojitos-misurino-ricette-e-cannucce.jpg?ssl=1"},{"@type":"BreadcrumbList","@id":"https:\/\/dev6.erresse-shop.it\/es\/shop\/cocina\/accesorios\/cookut-caja-mojitos-cuchara-recetas-y-pajitas\/#breadcrumb","itemListElement":[{"@type":"ListItem","position":1,"name":"Home","item":"https:\/\/dev6.erresse-shop.it\/"},{"@type":"ListItem","position":2,"name":"Tienda","item":"https:\/\/dev6.erresse-shop.it\/shop\/"},{"@type":"ListItem","position":3,"name":"COOKUT Caja Mojitos Cuchara Recetas y Pajitas"}]},{"@type":"WebSite","@id":"https:\/\/dev6.erresse-shop.it\/#website","url":"https:\/\/dev6.erresse-shop.it\/","name":"Erresse Shop","description":"","publisher":{"@id":"https:\/\/dev6.erresse-shop.it\/#organization"},"potentialAction":[{"@type":"SearchAction","target":{"@type":"EntryPoint","urlTemplate":"https:\/\/dev6.erresse-shop.it\/?s={search_term_string}"},"query-input":{"@type":"PropertyValueSpecification","valueRequired":true,"valueName":"search_term_string"}}],"inLanguage":"es"},{"@type":"Organization","@id":"https:\/\/dev6.erresse-shop.it\/#organization","name":"Erresse Shop","url":"https:\/\/dev6.erresse-shop.it\/","logo":{"@type":"ImageObject","inLanguage":"es","@id":"https:\/\/dev6.erresse-shop.it\/#\/schema\/logo\/image\/","url":"https:\/\/dev6.erresse-shop.it\/wp-content\/uploads\/2025\/01\/LOGO-ERRESSE-CLASSICO.svg","contentUrl":"https:\/\/dev6.erresse-shop.it\/wp-content\/uploads\/2025\/01\/LOGO-ERRESSE-CLASSICO.svg","caption":"Erresse Shop"},"image":{"@id":"https:\/\/dev6.erresse-shop.it\/#\/schema\/logo\/image\/"}}]}},"df_price":29.9,"df_sale_price":29.9,"df_regular_price":32.9,"df_image_link":"https:\/\/i0.wp.com\/interpim.erresse-shop.it\/wp-content\/uploads\/2023\/12\/COOKUT-Cofanetto-Mojitos-Misurino-Ricette-e-Cannucce.jpg\/cookut-cofanetto-mojitos-misurino-ricette-e-cannucce.jpg?resize=300,300&ssl=1","fifu_image_url":"https:\/\/interpim.erresse-shop.it\/wp-content\/uploads\/2023\/12\/COOKUT-Cofanetto-Mojitos-Misurino-Ricette-e-Cannucce.jpg\/cookut-cofanetto-mojitos-misurino-ricette-e-cannucce.jpg","_links":{"self":[{"href":"https:\/\/dev6.erresse-shop.it\/es\/wp-json\/wp\/v2\/product\/1880080","targetHints":{"allow":["GET"]}}],"collection":[{"href":"https:\/\/dev6.erresse-shop.it\/es\/wp-json\/wp\/v2\/product"}],"about":[{"href":"https:\/\/dev6.erresse-shop.it\/es\/wp-json\/wp\/v2\/types\/product"}],"wp:featuredmedia":[{"embeddable":true,"href":"https:\/\/dev6.erresse-shop.it\/es\/wp-json\/wp\/v2\/media\/6381398"}],"wp:attachment":[{"href":"https:\/\/dev6.erresse-shop.it\/es\/wp-json\/wp\/v2\/media?parent=1880080"}],"wp:term":[{"taxonomy":"product_cat","embeddable":true,"href":"https:\/\/dev6.erresse-shop.it\/es\/wp-json\/wp\/v2\/product_cat?post=1880080"},{"taxonomy":"product_tag","embeddable":true,"href":"https:\/\/dev6.erresse-shop.it\/es\/wp-json\/wp\/v2\/product_tag?post=1880080"}],"curies":[{"name":"wp","href":"https:\/\/api.w.org\/{rel}","templated":true}]}}