{"id":1880076,"date":"2026-04-12T14:49:36","date_gmt":"2026-04-12T12:49:36","guid":{"rendered":"https:\/\/dev6.erresse-shop.it\/shop\/sin%20categor\u00eda\/cookut-shaker-para-crepes-waffles-y-panqueques\/"},"modified":"2025-09-14T10:59:54","modified_gmt":"2025-09-14T08:59:54","slug":"cookut-shaker-para-crepes-waffles-y-panqueques","status":"publish","type":"product","link":"https:\/\/dev6.erresse-shop.it\/es\/shop\/cocina\/accesorios\/cookut-shaker-para-crepes-waffles-y-panqueques\/","title":{"rendered":"COOKUT Shaker Para Crepes, Waffles y Panqueques"},"content":{"rendered":"<p>La coctelera para panqueques y crepes es tu nuevo aliado en la cocina para preparar r\u00e1pidamente tus panes favoritos, para disfrutarlos como postre o como merienda.<\/p>\n<p>Como se usa: no hay necesidad de robot, b\u00e1scula, batidor o cuchar\u00f3n, simplemente siga las cantidades de ingredientes indicadas en el frasco de vidrio de 80 cl para leche, harina y huevos. Agita durante unos segundos y tendr\u00e1s una masa sin grumos, lista para ser vertida en la sart\u00e9n. La coctelera tambi\u00e9n es perfecta para guardar la masa restante en el refrigerador y usarla al d\u00eda siguiente. Materiales: vidrio, metal, PP En el paquete: vaso graduado de vidrio, tapa con pico, filtro anti-grumos, espiral met\u00e1lica anti-grumos Tama\u00f1o de la unidad (cm): 22 x 9 Limpieza: lavavajillas<\/p>\n<p>Apto para el lavavajillas.<\/p>\n","protected":false},"excerpt":{"rendered":"<p>La coctelera para panqueques y crepes es tu nuevo aliado en la cocina para preparar r\u00e1pidamente tus panes favoritos, para disfrutarlos como postre o como merienda. Como se usa: no hay necesidad de robot, b\u00e1scula, batidor o cuchar\u00f3n, simplemente siga las cantidades de ingredientes indicadas en el frasco de vidrio de 80 cl para leche, [&hellip;]<\/p>\n","protected":false},"featured_media":6381383,"template":"","meta":{"_acf_changed":false},"product_cat":[11949,11733,11884,11668],"product_tag":[],"class_list":{"0":"post-1880076","1":"product","2":"type-product","3":"status-publish","4":"has-post-thumbnail","6":"product_cat-accesorios","7":"product_cat-accessori-cucina","8":"product_cat-cocina","9":"product_cat-cucina","11":"first","12":"instock","13":"taxable","14":"shipping-taxable","15":"purchasable","16":"product-type-simple","swatches":"rey-swatches","show_selected":"","stretch_labels":"rey-swatches--stretch-labels"},"acf":[],"yoast_head":"<!-- This site is optimized with the Yoast SEO plugin v25.4 - https:\/\/yoast.com\/wordpress\/plugins\/seo\/ -->\n<title>COOKUT Shaker Para Crepes, Waffles y Panqueques - dev6 Erresse<\/title>\n<meta name=\"description\" content=\"La coctelera para panqueques y crepes es tu nuevo aliado en la cocina para preparar r\u00e1pidamente tus panes favoritos, para disfrutarlos como postre o como\" \/>\n<meta name=\"robots\" content=\"noindex, follow, max-snippet:-1, max-image-preview:large, max-video-preview:-1\" \/>\n<meta property=\"og:locale\" content=\"es_ES\" \/>\n<meta property=\"og:type\" content=\"article\" \/>\n<meta property=\"og:title\" content=\"COOKUT Shaker Para Crepes, Waffles y Panqueques - dev6 Erresse\" \/>\n<meta property=\"og:description\" content=\"La coctelera para panqueques y crepes es tu nuevo aliado en la cocina para preparar r\u00e1pidamente tus panes favoritos, para disfrutarlos como postre o como\" \/>\n<meta property=\"og:url\" content=\"https:\/\/dev6.erresse-shop.it\/es\/shop\/cocina\/accesorios\/cookut-shaker-para-crepes-waffles-y-panqueques\/\" \/>\n<meta property=\"og:site_name\" content=\"dev6 Erresse\" \/>\n<meta property=\"og:image\" content=\"https:\/\/interpim.erresse-shop.it\/Import\/Prodotti\/cookut-shaker-crepes1.jpg\" \/><meta property=\"og:image\" content=\"https:\/\/interpim.erresse-shop.it\/Import\/Prodotti\/cookut-shaker-crepes1.jpg\" \/>\n\t<meta property=\"og:image:width\" content=\"1024\" \/>\n\t<meta property=\"og:image:height\" content=\"1024\" \/>\n\t<meta property=\"og:image:type\" content=\"image\/jpeg\" \/>\n<meta name=\"twitter:card\" content=\"summary_large_image\" \/>\n<meta name=\"twitter:image\" content=\"https:\/\/interpim.erresse-shop.it\/Import\/Prodotti\/cookut-shaker-crepes1.jpg\" \/>\n<script type=\"application\/ld+json\" class=\"yoast-schema-graph\">{\"@context\":\"https:\/\/schema.org\",\"@graph\":[{\"@type\":\"WebPage\",\"@id\":\"https:\/\/dev6.erresse-shop.it\/es\/shop\/cocina\/accesorios\/cookut-shaker-para-crepes-waffles-y-panqueques\/\",\"url\":\"https:\/\/dev6.erresse-shop.it\/es\/shop\/cocina\/accesorios\/cookut-shaker-para-crepes-waffles-y-panqueques\/\",\"name\":\"COOKUT Shaker Para Crepes, Waffles y Panqueques - dev6 Erresse\",\"isPartOf\":{\"@id\":\"https:\/\/dev6.erresse-shop.it\/#website\"},\"primaryImageOfPage\":{\"@id\":\"https:\/\/dev6.erresse-shop.it\/es\/shop\/cocina\/accesorios\/cookut-shaker-para-crepes-waffles-y-panqueques\/#primaryimage\"},\"image\":{\"@id\":\"https:\/\/dev6.erresse-shop.it\/es\/shop\/cocina\/accesorios\/cookut-shaker-para-crepes-waffles-y-panqueques\/#primaryimage\"},\"thumbnailUrl\":\"https:\/\/i2.wp.com\/interpim.erresse-shop.it\/Import\/Prodotti\/cookut-shaker-crepes1.jpg?ssl=1\",\"datePublished\":\"2026-04-12T12:49:36+00:00\",\"description\":\"La coctelera para panqueques y crepes es tu nuevo aliado en la cocina para preparar r\u00e1pidamente tus panes favoritos, para disfrutarlos como postre o como\",\"breadcrumb\":{\"@id\":\"https:\/\/dev6.erresse-shop.it\/es\/shop\/cocina\/accesorios\/cookut-shaker-para-crepes-waffles-y-panqueques\/#breadcrumb\"},\"inLanguage\":\"es\",\"potentialAction\":[{\"@type\":\"ReadAction\",\"target\":[\"https:\/\/dev6.erresse-shop.it\/es\/shop\/cocina\/accesorios\/cookut-shaker-para-crepes-waffles-y-panqueques\/\"]}]},{\"@type\":\"ImageObject\",\"inLanguage\":\"es\",\"@id\":\"https:\/\/dev6.erresse-shop.it\/es\/shop\/cocina\/accesorios\/cookut-shaker-para-crepes-waffles-y-panqueques\/#primaryimage\",\"url\":\"https:\/\/i2.wp.com\/interpim.erresse-shop.it\/Import\/Prodotti\/cookut-shaker-crepes1.jpg?ssl=1\",\"contentUrl\":\"https:\/\/i2.wp.com\/interpim.erresse-shop.it\/Import\/Prodotti\/cookut-shaker-crepes1.jpg?ssl=1\"},{\"@type\":\"BreadcrumbList\",\"@id\":\"https:\/\/dev6.erresse-shop.it\/es\/shop\/cocina\/accesorios\/cookut-shaker-para-crepes-waffles-y-panqueques\/#breadcrumb\",\"itemListElement\":[{\"@type\":\"ListItem\",\"position\":1,\"name\":\"Home\",\"item\":\"https:\/\/dev6.erresse-shop.it\/\"},{\"@type\":\"ListItem\",\"position\":2,\"name\":\"Tienda\",\"item\":\"https:\/\/dev6.erresse-shop.it\/shop\/\"},{\"@type\":\"ListItem\",\"position\":3,\"name\":\"COOKUT Shaker Para Crepes, Waffles y Panqueques\"}]},{\"@type\":\"WebSite\",\"@id\":\"https:\/\/dev6.erresse-shop.it\/#website\",\"url\":\"https:\/\/dev6.erresse-shop.it\/\",\"name\":\"Erresse Shop\",\"description\":\"\",\"publisher\":{\"@id\":\"https:\/\/dev6.erresse-shop.it\/#organization\"},\"potentialAction\":[{\"@type\":\"SearchAction\",\"target\":{\"@type\":\"EntryPoint\",\"urlTemplate\":\"https:\/\/dev6.erresse-shop.it\/?s={search_term_string}\"},\"query-input\":{\"@type\":\"PropertyValueSpecification\",\"valueRequired\":true,\"valueName\":\"search_term_string\"}}],\"inLanguage\":\"es\"},{\"@type\":\"Organization\",\"@id\":\"https:\/\/dev6.erresse-shop.it\/#organization\",\"name\":\"Erresse Shop\",\"url\":\"https:\/\/dev6.erresse-shop.it\/\",\"logo\":{\"@type\":\"ImageObject\",\"inLanguage\":\"es\",\"@id\":\"https:\/\/dev6.erresse-shop.it\/#\/schema\/logo\/image\/\",\"url\":\"https:\/\/dev6.erresse-shop.it\/wp-content\/uploads\/2025\/01\/LOGO-ERRESSE-CLASSICO.svg\",\"contentUrl\":\"https:\/\/dev6.erresse-shop.it\/wp-content\/uploads\/2025\/01\/LOGO-ERRESSE-CLASSICO.svg\",\"caption\":\"Erresse Shop\"},\"image\":{\"@id\":\"https:\/\/dev6.erresse-shop.it\/#\/schema\/logo\/image\/\"}}]}<\/script>\n<!-- \/ Yoast SEO plugin. -->","yoast_head_json":{"title":"COOKUT Shaker Para Crepes, Waffles y Panqueques - dev6 Erresse","description":"La coctelera para panqueques y crepes es tu nuevo aliado en la cocina para preparar r\u00e1pidamente tus panes favoritos, para disfrutarlos como postre o como","robots":{"index":"noindex","follow":"follow","max-snippet":"max-snippet:-1","max-image-preview":"max-image-preview:large","max-video-preview":"max-video-preview:-1"},"og_locale":"es_ES","og_type":"article","og_title":"COOKUT Shaker Para Crepes, Waffles y Panqueques - dev6 Erresse","og_description":"La coctelera para panqueques y crepes es tu nuevo aliado en la cocina para preparar r\u00e1pidamente tus panes favoritos, para disfrutarlos como postre o como","og_url":"https:\/\/dev6.erresse-shop.it\/es\/shop\/cocina\/accesorios\/cookut-shaker-para-crepes-waffles-y-panqueques\/","og_site_name":"dev6 Erresse","og_image":[{"url":"https:\/\/interpim.erresse-shop.it\/Import\/Prodotti\/cookut-shaker-crepes1.jpg","type":"","width":"","height":""},{"url":"https:\/\/interpim.erresse-shop.it\/Import\/Prodotti\/cookut-shaker-crepes1.jpg","width":1024,"height":1024,"type":"image\/jpeg"}],"twitter_card":"summary_large_image","twitter_image":"https:\/\/interpim.erresse-shop.it\/Import\/Prodotti\/cookut-shaker-crepes1.jpg","schema":{"@context":"https:\/\/schema.org","@graph":[{"@type":"WebPage","@id":"https:\/\/dev6.erresse-shop.it\/es\/shop\/cocina\/accesorios\/cookut-shaker-para-crepes-waffles-y-panqueques\/","url":"https:\/\/dev6.erresse-shop.it\/es\/shop\/cocina\/accesorios\/cookut-shaker-para-crepes-waffles-y-panqueques\/","name":"COOKUT Shaker Para Crepes, Waffles y Panqueques - dev6 Erresse","isPartOf":{"@id":"https:\/\/dev6.erresse-shop.it\/#website"},"primaryImageOfPage":{"@id":"https:\/\/dev6.erresse-shop.it\/es\/shop\/cocina\/accesorios\/cookut-shaker-para-crepes-waffles-y-panqueques\/#primaryimage"},"image":{"@id":"https:\/\/dev6.erresse-shop.it\/es\/shop\/cocina\/accesorios\/cookut-shaker-para-crepes-waffles-y-panqueques\/#primaryimage"},"thumbnailUrl":"https:\/\/i2.wp.com\/interpim.erresse-shop.it\/Import\/Prodotti\/cookut-shaker-crepes1.jpg?ssl=1","datePublished":"2026-04-12T12:49:36+00:00","description":"La coctelera para panqueques y crepes es tu nuevo aliado en la cocina para preparar r\u00e1pidamente tus panes favoritos, para disfrutarlos como postre o como","breadcrumb":{"@id":"https:\/\/dev6.erresse-shop.it\/es\/shop\/cocina\/accesorios\/cookut-shaker-para-crepes-waffles-y-panqueques\/#breadcrumb"},"inLanguage":"es","potentialAction":[{"@type":"ReadAction","target":["https:\/\/dev6.erresse-shop.it\/es\/shop\/cocina\/accesorios\/cookut-shaker-para-crepes-waffles-y-panqueques\/"]}]},{"@type":"ImageObject","inLanguage":"es","@id":"https:\/\/dev6.erresse-shop.it\/es\/shop\/cocina\/accesorios\/cookut-shaker-para-crepes-waffles-y-panqueques\/#primaryimage","url":"https:\/\/i2.wp.com\/interpim.erresse-shop.it\/Import\/Prodotti\/cookut-shaker-crepes1.jpg?ssl=1","contentUrl":"https:\/\/i2.wp.com\/interpim.erresse-shop.it\/Import\/Prodotti\/cookut-shaker-crepes1.jpg?ssl=1"},{"@type":"BreadcrumbList","@id":"https:\/\/dev6.erresse-shop.it\/es\/shop\/cocina\/accesorios\/cookut-shaker-para-crepes-waffles-y-panqueques\/#breadcrumb","itemListElement":[{"@type":"ListItem","position":1,"name":"Home","item":"https:\/\/dev6.erresse-shop.it\/"},{"@type":"ListItem","position":2,"name":"Tienda","item":"https:\/\/dev6.erresse-shop.it\/shop\/"},{"@type":"ListItem","position":3,"name":"COOKUT Shaker Para Crepes, Waffles y Panqueques"}]},{"@type":"WebSite","@id":"https:\/\/dev6.erresse-shop.it\/#website","url":"https:\/\/dev6.erresse-shop.it\/","name":"Erresse Shop","description":"","publisher":{"@id":"https:\/\/dev6.erresse-shop.it\/#organization"},"potentialAction":[{"@type":"SearchAction","target":{"@type":"EntryPoint","urlTemplate":"https:\/\/dev6.erresse-shop.it\/?s={search_term_string}"},"query-input":{"@type":"PropertyValueSpecification","valueRequired":true,"valueName":"search_term_string"}}],"inLanguage":"es"},{"@type":"Organization","@id":"https:\/\/dev6.erresse-shop.it\/#organization","name":"Erresse Shop","url":"https:\/\/dev6.erresse-shop.it\/","logo":{"@type":"ImageObject","inLanguage":"es","@id":"https:\/\/dev6.erresse-shop.it\/#\/schema\/logo\/image\/","url":"https:\/\/dev6.erresse-shop.it\/wp-content\/uploads\/2025\/01\/LOGO-ERRESSE-CLASSICO.svg","contentUrl":"https:\/\/dev6.erresse-shop.it\/wp-content\/uploads\/2025\/01\/LOGO-ERRESSE-CLASSICO.svg","caption":"Erresse Shop"},"image":{"@id":"https:\/\/dev6.erresse-shop.it\/#\/schema\/logo\/image\/"}}]}},"df_price":23,"df_sale_price":"","df_regular_price":23,"df_image_link":"https:\/\/i2.wp.com\/interpim.erresse-shop.it\/Import\/Prodotti\/cookut-shaker-crepes1.jpg?resize=300,300&ssl=1","fifu_image_url":"https:\/\/interpim.erresse-shop.it\/Import\/Prodotti\/cookut-shaker-crepes1.jpg","_links":{"self":[{"href":"https:\/\/dev6.erresse-shop.it\/es\/wp-json\/wp\/v2\/product\/1880076","targetHints":{"allow":["GET"]}}],"collection":[{"href":"https:\/\/dev6.erresse-shop.it\/es\/wp-json\/wp\/v2\/product"}],"about":[{"href":"https:\/\/dev6.erresse-shop.it\/es\/wp-json\/wp\/v2\/types\/product"}],"wp:featuredmedia":[{"embeddable":true,"href":"https:\/\/dev6.erresse-shop.it\/es\/wp-json\/wp\/v2\/media\/6381383"}],"wp:attachment":[{"href":"https:\/\/dev6.erresse-shop.it\/es\/wp-json\/wp\/v2\/media?parent=1880076"}],"wp:term":[{"taxonomy":"product_cat","embeddable":true,"href":"https:\/\/dev6.erresse-shop.it\/es\/wp-json\/wp\/v2\/product_cat?post=1880076"},{"taxonomy":"product_tag","embeddable":true,"href":"https:\/\/dev6.erresse-shop.it\/es\/wp-json\/wp\/v2\/product_tag?post=1880076"}],"curies":[{"name":"wp","href":"https:\/\/api.w.org\/{rel}","templated":true}]}}