{"id":1880022,"date":"2026-04-04T09:57:59","date_gmt":"2026-04-04T07:57:59","guid":{"rendered":"https:\/\/dev6.erresse-shop.it\/shop\/sin%20categor\u00eda\/seletti-toiletpaper-alfombra-de-bano-shit-face\/"},"modified":"2025-07-04T22:40:06","modified_gmt":"2025-07-04T20:40:06","slug":"seletti-toiletpaper-alfombra-de-bano-shit-face","status":"publish","type":"product","link":"https:\/\/dev6.erresse-shop.it\/es\/shop\/mobiliario\/articulos-de-decoracion\/seletti-toiletpaper-alfombra-de-bano-shit-face\/","title":{"rendered":"SELETTI Toiletpaper Alfombra de Ba\u00f1o Shit Face"},"content":{"rendered":"<p>Serie de alfombras decoradas con algunas de las im\u00e1genes m\u00e1s irreverentes de TOILETPAPER.<\/p>\n<p>Mat<\/p>\n<p>Dise\u00f1o: Toiletaper<br \/>\nMaterial: Poli\u00e9ster, frente hecho 100% de pl\u00e1stico reciclado<br \/>\nMedidas: cm 60.00 x 90.00 \u2248 | IN 23,6 x 35,43.00 \u2248<\/p>\n","protected":false},"excerpt":{"rendered":"<p>Serie de alfombras decoradas con algunas de las im\u00e1genes m\u00e1s irreverentes de TOILETPAPER. Mat Dise\u00f1o: Toiletaper Material: Poli\u00e9ster, frente hecho 100% de pl\u00e1stico reciclado Medidas: cm 60.00 x 90.00 \u2248 | IN 23,6 x 35,43.00 \u2248<\/p>\n","protected":false},"featured_media":6281281,"template":"","meta":{"_acf_changed":false},"product_cat":[11666,11913,11882],"product_tag":[],"class_list":{"0":"post-1880022","1":"product","2":"type-product","3":"status-publish","4":"has-post-thumbnail","6":"product_cat-arredamento-casa","7":"product_cat-articulos-de-decoracion","8":"product_cat-mobiliario","10":"first","11":"instock","12":"taxable","13":"shipping-taxable","14":"product-type-simple","swatches":"rey-swatches","show_selected":"","stretch_labels":"rey-swatches--stretch-labels"},"acf":[],"yoast_head":"<!-- This site is optimized with the Yoast SEO plugin v25.4 - https:\/\/yoast.com\/wordpress\/plugins\/seo\/ -->\n<title>SELETTI Toiletpaper Alfombra de Ba\u00f1o Shit Face - dev6 Erresse<\/title>\n<meta name=\"description\" content=\"Serie de alfombras decoradas con algunas de las im\u00e1genes m\u00e1s irreverentes de TOILETPAPER. Mat Dise\u00f1o: Toiletaper Material: Poli\u00e9ster, frente hecho 100% de\" \/>\n<meta name=\"robots\" content=\"noindex, follow, max-snippet:-1, max-image-preview:large, max-video-preview:-1\" \/>\n<meta property=\"og:locale\" content=\"es_ES\" \/>\n<meta property=\"og:type\" content=\"article\" \/>\n<meta property=\"og:title\" content=\"SELETTI Toiletpaper Alfombra de Ba\u00f1o Shit Face - dev6 Erresse\" \/>\n<meta property=\"og:description\" content=\"Serie de alfombras decoradas con algunas de las im\u00e1genes m\u00e1s irreverentes de TOILETPAPER. Mat Dise\u00f1o: Toiletaper Material: Poli\u00e9ster, frente hecho 100% de\" \/>\n<meta property=\"og:url\" content=\"https:\/\/dev6.erresse-shop.it\/es\/shop\/mobiliario\/articulos-de-decoracion\/seletti-toiletpaper-alfombra-de-bano-shit-face\/\" \/>\n<meta property=\"og:site_name\" content=\"dev6 Erresse\" \/>\n<meta property=\"og:image\" content=\"https:\/\/interpim.erresse-shop.it\/wp-content\/uploads\/2023\/11\/SELETTI-Toiletpaper-Tappeto-Bagno-Shit-Face.jpg\/seletti-toiletpaper-tappeto-bagno-shit-face.jpg\" \/><meta property=\"og:image\" content=\"https:\/\/interpim.erresse-shop.it\/wp-content\/uploads\/2023\/11\/SELETTI-Toiletpaper-Tappeto-Bagno-Shit-Face.jpg\/seletti-toiletpaper-tappeto-bagno-shit-face.jpg\" \/>\n\t<meta property=\"og:image:width\" content=\"1024\" \/>\n\t<meta property=\"og:image:height\" content=\"1024\" \/>\n\t<meta property=\"og:image:type\" content=\"image\/jpeg\" \/>\n<meta name=\"twitter:card\" content=\"summary_large_image\" \/>\n<meta name=\"twitter:image\" content=\"https:\/\/interpim.erresse-shop.it\/wp-content\/uploads\/2023\/11\/SELETTI-Toiletpaper-Tappeto-Bagno-Shit-Face.jpg\/seletti-toiletpaper-tappeto-bagno-shit-face.jpg\" \/>\n<script type=\"application\/ld+json\" class=\"yoast-schema-graph\">{\"@context\":\"https:\/\/schema.org\",\"@graph\":[{\"@type\":\"WebPage\",\"@id\":\"https:\/\/dev6.erresse-shop.it\/es\/shop\/mobiliario\/articulos-de-decoracion\/seletti-toiletpaper-alfombra-de-bano-shit-face\/\",\"url\":\"https:\/\/dev6.erresse-shop.it\/es\/shop\/mobiliario\/articulos-de-decoracion\/seletti-toiletpaper-alfombra-de-bano-shit-face\/\",\"name\":\"SELETTI Toiletpaper Alfombra de Ba\u00f1o Shit Face - dev6 Erresse\",\"isPartOf\":{\"@id\":\"https:\/\/dev6.erresse-shop.it\/#website\"},\"primaryImageOfPage\":{\"@id\":\"https:\/\/dev6.erresse-shop.it\/es\/shop\/mobiliario\/articulos-de-decoracion\/seletti-toiletpaper-alfombra-de-bano-shit-face\/#primaryimage\"},\"image\":{\"@id\":\"https:\/\/dev6.erresse-shop.it\/es\/shop\/mobiliario\/articulos-de-decoracion\/seletti-toiletpaper-alfombra-de-bano-shit-face\/#primaryimage\"},\"thumbnailUrl\":\"https:\/\/i2.wp.com\/interpim.erresse-shop.it\/wp-content\/uploads\/2023\/11\/SELETTI-Toiletpaper-Tappeto-Bagno-Shit-Face.jpg\/seletti-toiletpaper-tappeto-bagno-shit-face.jpg?ssl=1\",\"datePublished\":\"2026-04-04T07:57:59+00:00\",\"description\":\"Serie de alfombras decoradas con algunas de las im\u00e1genes m\u00e1s irreverentes de TOILETPAPER. Mat Dise\u00f1o: Toiletaper Material: Poli\u00e9ster, frente hecho 100% de\",\"breadcrumb\":{\"@id\":\"https:\/\/dev6.erresse-shop.it\/es\/shop\/mobiliario\/articulos-de-decoracion\/seletti-toiletpaper-alfombra-de-bano-shit-face\/#breadcrumb\"},\"inLanguage\":\"es\",\"potentialAction\":[{\"@type\":\"ReadAction\",\"target\":[\"https:\/\/dev6.erresse-shop.it\/es\/shop\/mobiliario\/articulos-de-decoracion\/seletti-toiletpaper-alfombra-de-bano-shit-face\/\"]}]},{\"@type\":\"ImageObject\",\"inLanguage\":\"es\",\"@id\":\"https:\/\/dev6.erresse-shop.it\/es\/shop\/mobiliario\/articulos-de-decoracion\/seletti-toiletpaper-alfombra-de-bano-shit-face\/#primaryimage\",\"url\":\"https:\/\/i2.wp.com\/interpim.erresse-shop.it\/wp-content\/uploads\/2023\/11\/SELETTI-Toiletpaper-Tappeto-Bagno-Shit-Face.jpg\/seletti-toiletpaper-tappeto-bagno-shit-face.jpg?ssl=1\",\"contentUrl\":\"https:\/\/i2.wp.com\/interpim.erresse-shop.it\/wp-content\/uploads\/2023\/11\/SELETTI-Toiletpaper-Tappeto-Bagno-Shit-Face.jpg\/seletti-toiletpaper-tappeto-bagno-shit-face.jpg?ssl=1\"},{\"@type\":\"BreadcrumbList\",\"@id\":\"https:\/\/dev6.erresse-shop.it\/es\/shop\/mobiliario\/articulos-de-decoracion\/seletti-toiletpaper-alfombra-de-bano-shit-face\/#breadcrumb\",\"itemListElement\":[{\"@type\":\"ListItem\",\"position\":1,\"name\":\"Home\",\"item\":\"https:\/\/dev6.erresse-shop.it\/\"},{\"@type\":\"ListItem\",\"position\":2,\"name\":\"Tienda\",\"item\":\"https:\/\/dev6.erresse-shop.it\/shop\/\"},{\"@type\":\"ListItem\",\"position\":3,\"name\":\"SELETTI Toiletpaper Alfombra de Ba\u00f1o Shit Face\"}]},{\"@type\":\"WebSite\",\"@id\":\"https:\/\/dev6.erresse-shop.it\/#website\",\"url\":\"https:\/\/dev6.erresse-shop.it\/\",\"name\":\"Erresse Shop\",\"description\":\"\",\"publisher\":{\"@id\":\"https:\/\/dev6.erresse-shop.it\/#organization\"},\"potentialAction\":[{\"@type\":\"SearchAction\",\"target\":{\"@type\":\"EntryPoint\",\"urlTemplate\":\"https:\/\/dev6.erresse-shop.it\/?s={search_term_string}\"},\"query-input\":{\"@type\":\"PropertyValueSpecification\",\"valueRequired\":true,\"valueName\":\"search_term_string\"}}],\"inLanguage\":\"es\"},{\"@type\":\"Organization\",\"@id\":\"https:\/\/dev6.erresse-shop.it\/#organization\",\"name\":\"Erresse Shop\",\"url\":\"https:\/\/dev6.erresse-shop.it\/\",\"logo\":{\"@type\":\"ImageObject\",\"inLanguage\":\"es\",\"@id\":\"https:\/\/dev6.erresse-shop.it\/#\/schema\/logo\/image\/\",\"url\":\"https:\/\/dev6.erresse-shop.it\/wp-content\/uploads\/2025\/01\/LOGO-ERRESSE-CLASSICO.svg\",\"contentUrl\":\"https:\/\/dev6.erresse-shop.it\/wp-content\/uploads\/2025\/01\/LOGO-ERRESSE-CLASSICO.svg\",\"caption\":\"Erresse Shop\"},\"image\":{\"@id\":\"https:\/\/dev6.erresse-shop.it\/#\/schema\/logo\/image\/\"}}]}<\/script>\n<!-- \/ Yoast SEO plugin. -->","yoast_head_json":{"title":"SELETTI Toiletpaper Alfombra de Ba\u00f1o Shit Face - dev6 Erresse","description":"Serie de alfombras decoradas con algunas de las im\u00e1genes m\u00e1s irreverentes de TOILETPAPER. Mat Dise\u00f1o: Toiletaper Material: Poli\u00e9ster, frente hecho 100% de","robots":{"index":"noindex","follow":"follow","max-snippet":"max-snippet:-1","max-image-preview":"max-image-preview:large","max-video-preview":"max-video-preview:-1"},"og_locale":"es_ES","og_type":"article","og_title":"SELETTI Toiletpaper Alfombra de Ba\u00f1o Shit Face - dev6 Erresse","og_description":"Serie de alfombras decoradas con algunas de las im\u00e1genes m\u00e1s irreverentes de TOILETPAPER. Mat Dise\u00f1o: Toiletaper Material: Poli\u00e9ster, frente hecho 100% de","og_url":"https:\/\/dev6.erresse-shop.it\/es\/shop\/mobiliario\/articulos-de-decoracion\/seletti-toiletpaper-alfombra-de-bano-shit-face\/","og_site_name":"dev6 Erresse","og_image":[{"url":"https:\/\/interpim.erresse-shop.it\/wp-content\/uploads\/2023\/11\/SELETTI-Toiletpaper-Tappeto-Bagno-Shit-Face.jpg\/seletti-toiletpaper-tappeto-bagno-shit-face.jpg","type":"","width":"","height":""},{"url":"https:\/\/interpim.erresse-shop.it\/wp-content\/uploads\/2023\/11\/SELETTI-Toiletpaper-Tappeto-Bagno-Shit-Face.jpg\/seletti-toiletpaper-tappeto-bagno-shit-face.jpg","width":1024,"height":1024,"type":"image\/jpeg"}],"twitter_card":"summary_large_image","twitter_image":"https:\/\/interpim.erresse-shop.it\/wp-content\/uploads\/2023\/11\/SELETTI-Toiletpaper-Tappeto-Bagno-Shit-Face.jpg\/seletti-toiletpaper-tappeto-bagno-shit-face.jpg","schema":{"@context":"https:\/\/schema.org","@graph":[{"@type":"WebPage","@id":"https:\/\/dev6.erresse-shop.it\/es\/shop\/mobiliario\/articulos-de-decoracion\/seletti-toiletpaper-alfombra-de-bano-shit-face\/","url":"https:\/\/dev6.erresse-shop.it\/es\/shop\/mobiliario\/articulos-de-decoracion\/seletti-toiletpaper-alfombra-de-bano-shit-face\/","name":"SELETTI Toiletpaper Alfombra de Ba\u00f1o Shit Face - dev6 Erresse","isPartOf":{"@id":"https:\/\/dev6.erresse-shop.it\/#website"},"primaryImageOfPage":{"@id":"https:\/\/dev6.erresse-shop.it\/es\/shop\/mobiliario\/articulos-de-decoracion\/seletti-toiletpaper-alfombra-de-bano-shit-face\/#primaryimage"},"image":{"@id":"https:\/\/dev6.erresse-shop.it\/es\/shop\/mobiliario\/articulos-de-decoracion\/seletti-toiletpaper-alfombra-de-bano-shit-face\/#primaryimage"},"thumbnailUrl":"https:\/\/i2.wp.com\/interpim.erresse-shop.it\/wp-content\/uploads\/2023\/11\/SELETTI-Toiletpaper-Tappeto-Bagno-Shit-Face.jpg\/seletti-toiletpaper-tappeto-bagno-shit-face.jpg?ssl=1","datePublished":"2026-04-04T07:57:59+00:00","description":"Serie de alfombras decoradas con algunas de las im\u00e1genes m\u00e1s irreverentes de TOILETPAPER. Mat Dise\u00f1o: Toiletaper Material: Poli\u00e9ster, frente hecho 100% de","breadcrumb":{"@id":"https:\/\/dev6.erresse-shop.it\/es\/shop\/mobiliario\/articulos-de-decoracion\/seletti-toiletpaper-alfombra-de-bano-shit-face\/#breadcrumb"},"inLanguage":"es","potentialAction":[{"@type":"ReadAction","target":["https:\/\/dev6.erresse-shop.it\/es\/shop\/mobiliario\/articulos-de-decoracion\/seletti-toiletpaper-alfombra-de-bano-shit-face\/"]}]},{"@type":"ImageObject","inLanguage":"es","@id":"https:\/\/dev6.erresse-shop.it\/es\/shop\/mobiliario\/articulos-de-decoracion\/seletti-toiletpaper-alfombra-de-bano-shit-face\/#primaryimage","url":"https:\/\/i2.wp.com\/interpim.erresse-shop.it\/wp-content\/uploads\/2023\/11\/SELETTI-Toiletpaper-Tappeto-Bagno-Shit-Face.jpg\/seletti-toiletpaper-tappeto-bagno-shit-face.jpg?ssl=1","contentUrl":"https:\/\/i2.wp.com\/interpim.erresse-shop.it\/wp-content\/uploads\/2023\/11\/SELETTI-Toiletpaper-Tappeto-Bagno-Shit-Face.jpg\/seletti-toiletpaper-tappeto-bagno-shit-face.jpg?ssl=1"},{"@type":"BreadcrumbList","@id":"https:\/\/dev6.erresse-shop.it\/es\/shop\/mobiliario\/articulos-de-decoracion\/seletti-toiletpaper-alfombra-de-bano-shit-face\/#breadcrumb","itemListElement":[{"@type":"ListItem","position":1,"name":"Home","item":"https:\/\/dev6.erresse-shop.it\/"},{"@type":"ListItem","position":2,"name":"Tienda","item":"https:\/\/dev6.erresse-shop.it\/shop\/"},{"@type":"ListItem","position":3,"name":"SELETTI Toiletpaper Alfombra de Ba\u00f1o Shit Face"}]},{"@type":"WebSite","@id":"https:\/\/dev6.erresse-shop.it\/#website","url":"https:\/\/dev6.erresse-shop.it\/","name":"Erresse Shop","description":"","publisher":{"@id":"https:\/\/dev6.erresse-shop.it\/#organization"},"potentialAction":[{"@type":"SearchAction","target":{"@type":"EntryPoint","urlTemplate":"https:\/\/dev6.erresse-shop.it\/?s={search_term_string}"},"query-input":{"@type":"PropertyValueSpecification","valueRequired":true,"valueName":"search_term_string"}}],"inLanguage":"es"},{"@type":"Organization","@id":"https:\/\/dev6.erresse-shop.it\/#organization","name":"Erresse Shop","url":"https:\/\/dev6.erresse-shop.it\/","logo":{"@type":"ImageObject","inLanguage":"es","@id":"https:\/\/dev6.erresse-shop.it\/#\/schema\/logo\/image\/","url":"https:\/\/dev6.erresse-shop.it\/wp-content\/uploads\/2025\/01\/LOGO-ERRESSE-CLASSICO.svg","contentUrl":"https:\/\/dev6.erresse-shop.it\/wp-content\/uploads\/2025\/01\/LOGO-ERRESSE-CLASSICO.svg","caption":"Erresse Shop"},"image":{"@id":"https:\/\/dev6.erresse-shop.it\/#\/schema\/logo\/image\/"}}]}},"df_price":"","df_sale_price":"","df_regular_price":"","df_image_link":"https:\/\/i2.wp.com\/interpim.erresse-shop.it\/wp-content\/uploads\/2023\/11\/SELETTI-Toiletpaper-Tappeto-Bagno-Shit-Face.jpg\/seletti-toiletpaper-tappeto-bagno-shit-face.jpg?resize=300,300&ssl=1","fifu_image_url":"https:\/\/interpim.erresse-shop.it\/wp-content\/uploads\/2023\/11\/SELETTI-Toiletpaper-Tappeto-Bagno-Shit-Face.jpg\/seletti-toiletpaper-tappeto-bagno-shit-face.jpg","_links":{"self":[{"href":"https:\/\/dev6.erresse-shop.it\/es\/wp-json\/wp\/v2\/product\/1880022","targetHints":{"allow":["GET"]}}],"collection":[{"href":"https:\/\/dev6.erresse-shop.it\/es\/wp-json\/wp\/v2\/product"}],"about":[{"href":"https:\/\/dev6.erresse-shop.it\/es\/wp-json\/wp\/v2\/types\/product"}],"wp:featuredmedia":[{"embeddable":true,"href":"https:\/\/dev6.erresse-shop.it\/es\/wp-json\/wp\/v2\/media\/6281281"}],"wp:attachment":[{"href":"https:\/\/dev6.erresse-shop.it\/es\/wp-json\/wp\/v2\/media?parent=1880022"}],"wp:term":[{"taxonomy":"product_cat","embeddable":true,"href":"https:\/\/dev6.erresse-shop.it\/es\/wp-json\/wp\/v2\/product_cat?post=1880022"},{"taxonomy":"product_tag","embeddable":true,"href":"https:\/\/dev6.erresse-shop.it\/es\/wp-json\/wp\/v2\/product_tag?post=1880022"}],"curies":[{"name":"wp","href":"https:\/\/api.w.org\/{rel}","templated":true}]}}