{"id":1879998,"date":"2026-04-12T10:00:23","date_gmt":"2026-04-12T08:00:23","guid":{"rendered":"https:\/\/dev6.erresse-shop.it\/shop\/sin%20categor\u00eda\/bissell-crosswave-x7-plus-cordless-pet-select\/"},"modified":"2025-07-04T22:39:36","modified_gmt":"2025-07-04T20:39:36","slug":"bissell-crosswave-x7-plus-cordless-pet-select","status":"publish","type":"product","link":"https:\/\/dev6.erresse-shop.it\/es\/shop\/pequenos-electrodomesticos\/aspiradoras\/bissell-crosswave-x7-plus-cordless-pet-select\/","title":{"rendered":"BISSELL Crosswave X7 Plus Cordless Pet Select"},"content":{"rendered":"<p>CrossWave X7 Plus Cordless Pet Select es ideal para hogares con amigos de cuatro patas. Potente y ligero, este aparato es la soluci\u00f3n perfecta para todas sus necesidades de limpieza: desde la aspiraci\u00f3n r\u00e1pida hasta la limpieza en profundidad. El motor digital es duradero, de alto rendimiento y con sus 45.000 rpm ofrece una potente succi\u00f3n y hasta 30 minutos de autonom\u00eda.<\/p>\n<p>Con la limpieza en h\u00famedo, aspira y lava simult\u00e1neamente suelos duros y alfombras sellados, combinando los pasos de limpieza y ahorr\u00e1ndole tiempo. A diferencia del uso de mopa y cubo, la tecnolog\u00eda de doble dep\u00f3sito mantiene el agua limpia separada del agua sucia. Con CrossWave X7 Plus Cordless Pet Select siempre lava sus suelos con agua limpia. Tres modos de limpieza diferentes incorporados: Suelo Duro, Alfombra y TURBO PET\u2122. El nuevo modo TURBO PET\u2122 mejora su rendimiento de limpieza, especialmente para eliminar los residuos que dejan las mascotas y la suciedad diaria m\u00e1s resistente. La nueva soluci\u00f3n limpiadora natural multisuperficies para mascotas elimina los olores y deja tu hogar con un aroma fresco. Cuando hayas terminado de limpiar los suelos, el ciclo de autolimpieza no solo limpia el cepillo giratorio, sino tambi\u00e9n el interior de la m\u00e1quina, para que puedas evitar lavarla.<\/p>\n<p>Tambi\u00e9n puede utilizar CrossWave X7 Plus Cordless Pet Select para la aspiraci\u00f3n ocasional. Gracias a su potente succi\u00f3n, el aparato recoger\u00e1 f\u00e1cilmente el pelo de las mascotas y los residuos secos de los suelos duros. Tambi\u00e9n cuenta con luces LED para iluminar el pelo de mascota, la suciedad y los residuos al limpiar a lo largo de los z\u00f3calos y en las esquinas. Este dispositivo no s\u00f3lo limpia la suciedad de las mascotas, \u00a1tambi\u00e9n ayuda a salvarlas! BISSELL\u00ae se enorgullece de apoyar a la BISSELL Pet Foundation\u00ae y su misi\u00f3n de ayudar a las mascotas sin hogar. Al comprar un producto BISSELL\u00ae, usted tambi\u00e9n est\u00e1 ayudando a salvar animales. Estamos orgullosos de dise\u00f1ar productos que no s\u00f3lo ayudan a eliminar la suciedad y los olores de las mascotas, sino que tambi\u00e9n ayudan a encontrarles un hogar.<\/p>\n<p>Tipos de suelo: Moquetas y alfombras, Suelos duros, Baldosas, Suelos de madera, Multisuperficies<br \/>\nN\u00famero de ajustes de limpieza: 3 (alfombras, suelos duros, modo TURBO PET\u2122)<br \/>\nSin cable: s\u00ed<br \/>\nCapacidad del dep\u00f3sito de agua: 600 ml<br \/>\nDep\u00f3sito de agua sucia: 385 ml<br \/>\nFiltro: S\u00ed<br \/>\nFiltros lavables: s\u00ed<br \/>\nPotencia: 25 W<br \/>\nVatios de aire: 61 AW<br \/>\nTiempo de carga: 4 h<br \/>\nDuraci\u00f3n de la bater\u00eda: 30 min<br \/>\nCiclo de limpieza autom\u00e1tico: s\u00ed<br \/>\nPeso: 4,54 kg<br \/>\nAutoportante: s\u00ed<br \/>\nNivel sonoro: 75 dB<br \/>\nBater\u00eda: 25 V de iones de litio<br \/>\nDep\u00f3sito de agua extra\u00edble: S\u00ed<br \/>\nCepillo extra\u00edble: s\u00ed<\/p>\n","protected":false},"excerpt":{"rendered":"<p>CrossWave X7 Plus Cordless Pet Select es ideal para hogares con amigos de cuatro patas. Potente y ligero, este aparato es la soluci\u00f3n perfecta para todas sus necesidades de limpieza: desde la aspiraci\u00f3n r\u00e1pida hasta la limpieza en profundidad. El motor digital es duradero, de alto rendimiento y con sus 45.000 rpm ofrece una potente [&hellip;]<\/p>\n","protected":false},"featured_media":6364486,"template":"","meta":{"_acf_changed":false},"product_cat":[11967,11947],"product_tag":[],"class_list":{"0":"post-1879998","1":"product","2":"type-product","3":"status-publish","4":"has-post-thumbnail","6":"product_cat-aspiradoras","7":"product_cat-pequenos-electrodomesticos","9":"first","10":"instock","11":"taxable","12":"shipping-taxable","13":"product-type-simple","swatches":"rey-swatches","show_selected":"","stretch_labels":"rey-swatches--stretch-labels"},"acf":[],"yoast_head":"<!-- This site is optimized with the Yoast SEO plugin v25.4 - https:\/\/yoast.com\/wordpress\/plugins\/seo\/ -->\n<title>BISSELL Crosswave X7 Plus Cordless Pet Select - dev6 Erresse<\/title>\n<meta name=\"description\" content=\"CrossWave X7 Plus Cordless Pet Select es ideal para hogares con amigos de cuatro patas. Potente y ligero, este aparato es la soluci\u00f3n perfecta para todas\" \/>\n<meta name=\"robots\" content=\"noindex, follow, max-snippet:-1, max-image-preview:large, max-video-preview:-1\" \/>\n<meta property=\"og:locale\" content=\"es_ES\" \/>\n<meta property=\"og:type\" content=\"article\" \/>\n<meta property=\"og:title\" content=\"BISSELL Crosswave X7 Plus Cordless Pet Select - dev6 Erresse\" \/>\n<meta property=\"og:description\" content=\"CrossWave X7 Plus Cordless Pet Select es ideal para hogares con amigos de cuatro patas. Potente y ligero, este aparato es la soluci\u00f3n perfecta para todas\" \/>\n<meta property=\"og:url\" content=\"https:\/\/dev6.erresse-shop.it\/es\/shop\/pequenos-electrodomesticos\/aspiradoras\/bissell-crosswave-x7-plus-cordless-pet-select\/\" \/>\n<meta property=\"og:site_name\" content=\"dev6 Erresse\" \/>\n<meta property=\"og:image\" content=\"https:\/\/interpim.erresse-shop.it\/Import\/Prodotti\/bissell-crosswave-x7-plus-cordless-pet-select.jpg\" \/><meta property=\"og:image\" content=\"https:\/\/interpim.erresse-shop.it\/Import\/Prodotti\/bissell-crosswave-x7-plus-cordless-pet-select.jpg\" \/>\n\t<meta property=\"og:image:width\" content=\"1024\" \/>\n\t<meta property=\"og:image:height\" content=\"1024\" \/>\n\t<meta property=\"og:image:type\" content=\"image\/jpeg\" \/>\n<meta name=\"twitter:card\" content=\"summary_large_image\" \/>\n<meta name=\"twitter:image\" content=\"https:\/\/interpim.erresse-shop.it\/Import\/Prodotti\/bissell-crosswave-x7-plus-cordless-pet-select.jpg\" \/>\n<script type=\"application\/ld+json\" class=\"yoast-schema-graph\">{\"@context\":\"https:\/\/schema.org\",\"@graph\":[{\"@type\":\"WebPage\",\"@id\":\"https:\/\/dev6.erresse-shop.it\/es\/shop\/pequenos-electrodomesticos\/aspiradoras\/bissell-crosswave-x7-plus-cordless-pet-select\/\",\"url\":\"https:\/\/dev6.erresse-shop.it\/es\/shop\/pequenos-electrodomesticos\/aspiradoras\/bissell-crosswave-x7-plus-cordless-pet-select\/\",\"name\":\"BISSELL Crosswave X7 Plus Cordless Pet Select - dev6 Erresse\",\"isPartOf\":{\"@id\":\"https:\/\/dev6.erresse-shop.it\/#website\"},\"primaryImageOfPage\":{\"@id\":\"https:\/\/dev6.erresse-shop.it\/es\/shop\/pequenos-electrodomesticos\/aspiradoras\/bissell-crosswave-x7-plus-cordless-pet-select\/#primaryimage\"},\"image\":{\"@id\":\"https:\/\/dev6.erresse-shop.it\/es\/shop\/pequenos-electrodomesticos\/aspiradoras\/bissell-crosswave-x7-plus-cordless-pet-select\/#primaryimage\"},\"thumbnailUrl\":\"https:\/\/i3.wp.com\/interpim.erresse-shop.it\/Import\/Prodotti\/bissell-crosswave-x7-plus-cordless-pet-select.jpg?ssl=1\",\"datePublished\":\"2026-04-12T08:00:23+00:00\",\"description\":\"CrossWave X7 Plus Cordless Pet Select es ideal para hogares con amigos de cuatro patas. Potente y ligero, este aparato es la soluci\u00f3n perfecta para todas\",\"breadcrumb\":{\"@id\":\"https:\/\/dev6.erresse-shop.it\/es\/shop\/pequenos-electrodomesticos\/aspiradoras\/bissell-crosswave-x7-plus-cordless-pet-select\/#breadcrumb\"},\"inLanguage\":\"es\",\"potentialAction\":[{\"@type\":\"ReadAction\",\"target\":[\"https:\/\/dev6.erresse-shop.it\/es\/shop\/pequenos-electrodomesticos\/aspiradoras\/bissell-crosswave-x7-plus-cordless-pet-select\/\"]}]},{\"@type\":\"ImageObject\",\"inLanguage\":\"es\",\"@id\":\"https:\/\/dev6.erresse-shop.it\/es\/shop\/pequenos-electrodomesticos\/aspiradoras\/bissell-crosswave-x7-plus-cordless-pet-select\/#primaryimage\",\"url\":\"https:\/\/i3.wp.com\/interpim.erresse-shop.it\/Import\/Prodotti\/bissell-crosswave-x7-plus-cordless-pet-select.jpg?ssl=1\",\"contentUrl\":\"https:\/\/i3.wp.com\/interpim.erresse-shop.it\/Import\/Prodotti\/bissell-crosswave-x7-plus-cordless-pet-select.jpg?ssl=1\"},{\"@type\":\"BreadcrumbList\",\"@id\":\"https:\/\/dev6.erresse-shop.it\/es\/shop\/pequenos-electrodomesticos\/aspiradoras\/bissell-crosswave-x7-plus-cordless-pet-select\/#breadcrumb\",\"itemListElement\":[{\"@type\":\"ListItem\",\"position\":1,\"name\":\"Home\",\"item\":\"https:\/\/dev6.erresse-shop.it\/\"},{\"@type\":\"ListItem\",\"position\":2,\"name\":\"Tienda\",\"item\":\"https:\/\/dev6.erresse-shop.it\/shop\/\"},{\"@type\":\"ListItem\",\"position\":3,\"name\":\"BISSELL Crosswave X7 Plus Cordless Pet Select\"}]},{\"@type\":\"WebSite\",\"@id\":\"https:\/\/dev6.erresse-shop.it\/#website\",\"url\":\"https:\/\/dev6.erresse-shop.it\/\",\"name\":\"Erresse Shop\",\"description\":\"\",\"publisher\":{\"@id\":\"https:\/\/dev6.erresse-shop.it\/#organization\"},\"potentialAction\":[{\"@type\":\"SearchAction\",\"target\":{\"@type\":\"EntryPoint\",\"urlTemplate\":\"https:\/\/dev6.erresse-shop.it\/?s={search_term_string}\"},\"query-input\":{\"@type\":\"PropertyValueSpecification\",\"valueRequired\":true,\"valueName\":\"search_term_string\"}}],\"inLanguage\":\"es\"},{\"@type\":\"Organization\",\"@id\":\"https:\/\/dev6.erresse-shop.it\/#organization\",\"name\":\"Erresse Shop\",\"url\":\"https:\/\/dev6.erresse-shop.it\/\",\"logo\":{\"@type\":\"ImageObject\",\"inLanguage\":\"es\",\"@id\":\"https:\/\/dev6.erresse-shop.it\/#\/schema\/logo\/image\/\",\"url\":\"https:\/\/dev6.erresse-shop.it\/wp-content\/uploads\/2025\/01\/LOGO-ERRESSE-CLASSICO.svg\",\"contentUrl\":\"https:\/\/dev6.erresse-shop.it\/wp-content\/uploads\/2025\/01\/LOGO-ERRESSE-CLASSICO.svg\",\"caption\":\"Erresse Shop\"},\"image\":{\"@id\":\"https:\/\/dev6.erresse-shop.it\/#\/schema\/logo\/image\/\"}}]}<\/script>\n<!-- \/ Yoast SEO plugin. -->","yoast_head_json":{"title":"BISSELL Crosswave X7 Plus Cordless Pet Select - dev6 Erresse","description":"CrossWave X7 Plus Cordless Pet Select es ideal para hogares con amigos de cuatro patas. Potente y ligero, este aparato es la soluci\u00f3n perfecta para todas","robots":{"index":"noindex","follow":"follow","max-snippet":"max-snippet:-1","max-image-preview":"max-image-preview:large","max-video-preview":"max-video-preview:-1"},"og_locale":"es_ES","og_type":"article","og_title":"BISSELL Crosswave X7 Plus Cordless Pet Select - dev6 Erresse","og_description":"CrossWave X7 Plus Cordless Pet Select es ideal para hogares con amigos de cuatro patas. Potente y ligero, este aparato es la soluci\u00f3n perfecta para todas","og_url":"https:\/\/dev6.erresse-shop.it\/es\/shop\/pequenos-electrodomesticos\/aspiradoras\/bissell-crosswave-x7-plus-cordless-pet-select\/","og_site_name":"dev6 Erresse","og_image":[{"url":"https:\/\/interpim.erresse-shop.it\/Import\/Prodotti\/bissell-crosswave-x7-plus-cordless-pet-select.jpg","type":"","width":"","height":""},{"url":"https:\/\/interpim.erresse-shop.it\/Import\/Prodotti\/bissell-crosswave-x7-plus-cordless-pet-select.jpg","width":1024,"height":1024,"type":"image\/jpeg"}],"twitter_card":"summary_large_image","twitter_image":"https:\/\/interpim.erresse-shop.it\/Import\/Prodotti\/bissell-crosswave-x7-plus-cordless-pet-select.jpg","schema":{"@context":"https:\/\/schema.org","@graph":[{"@type":"WebPage","@id":"https:\/\/dev6.erresse-shop.it\/es\/shop\/pequenos-electrodomesticos\/aspiradoras\/bissell-crosswave-x7-plus-cordless-pet-select\/","url":"https:\/\/dev6.erresse-shop.it\/es\/shop\/pequenos-electrodomesticos\/aspiradoras\/bissell-crosswave-x7-plus-cordless-pet-select\/","name":"BISSELL Crosswave X7 Plus Cordless Pet Select - dev6 Erresse","isPartOf":{"@id":"https:\/\/dev6.erresse-shop.it\/#website"},"primaryImageOfPage":{"@id":"https:\/\/dev6.erresse-shop.it\/es\/shop\/pequenos-electrodomesticos\/aspiradoras\/bissell-crosswave-x7-plus-cordless-pet-select\/#primaryimage"},"image":{"@id":"https:\/\/dev6.erresse-shop.it\/es\/shop\/pequenos-electrodomesticos\/aspiradoras\/bissell-crosswave-x7-plus-cordless-pet-select\/#primaryimage"},"thumbnailUrl":"https:\/\/i3.wp.com\/interpim.erresse-shop.it\/Import\/Prodotti\/bissell-crosswave-x7-plus-cordless-pet-select.jpg?ssl=1","datePublished":"2026-04-12T08:00:23+00:00","description":"CrossWave X7 Plus Cordless Pet Select es ideal para hogares con amigos de cuatro patas. Potente y ligero, este aparato es la soluci\u00f3n perfecta para todas","breadcrumb":{"@id":"https:\/\/dev6.erresse-shop.it\/es\/shop\/pequenos-electrodomesticos\/aspiradoras\/bissell-crosswave-x7-plus-cordless-pet-select\/#breadcrumb"},"inLanguage":"es","potentialAction":[{"@type":"ReadAction","target":["https:\/\/dev6.erresse-shop.it\/es\/shop\/pequenos-electrodomesticos\/aspiradoras\/bissell-crosswave-x7-plus-cordless-pet-select\/"]}]},{"@type":"ImageObject","inLanguage":"es","@id":"https:\/\/dev6.erresse-shop.it\/es\/shop\/pequenos-electrodomesticos\/aspiradoras\/bissell-crosswave-x7-plus-cordless-pet-select\/#primaryimage","url":"https:\/\/i3.wp.com\/interpim.erresse-shop.it\/Import\/Prodotti\/bissell-crosswave-x7-plus-cordless-pet-select.jpg?ssl=1","contentUrl":"https:\/\/i3.wp.com\/interpim.erresse-shop.it\/Import\/Prodotti\/bissell-crosswave-x7-plus-cordless-pet-select.jpg?ssl=1"},{"@type":"BreadcrumbList","@id":"https:\/\/dev6.erresse-shop.it\/es\/shop\/pequenos-electrodomesticos\/aspiradoras\/bissell-crosswave-x7-plus-cordless-pet-select\/#breadcrumb","itemListElement":[{"@type":"ListItem","position":1,"name":"Home","item":"https:\/\/dev6.erresse-shop.it\/"},{"@type":"ListItem","position":2,"name":"Tienda","item":"https:\/\/dev6.erresse-shop.it\/shop\/"},{"@type":"ListItem","position":3,"name":"BISSELL Crosswave X7 Plus Cordless Pet Select"}]},{"@type":"WebSite","@id":"https:\/\/dev6.erresse-shop.it\/#website","url":"https:\/\/dev6.erresse-shop.it\/","name":"Erresse Shop","description":"","publisher":{"@id":"https:\/\/dev6.erresse-shop.it\/#organization"},"potentialAction":[{"@type":"SearchAction","target":{"@type":"EntryPoint","urlTemplate":"https:\/\/dev6.erresse-shop.it\/?s={search_term_string}"},"query-input":{"@type":"PropertyValueSpecification","valueRequired":true,"valueName":"search_term_string"}}],"inLanguage":"es"},{"@type":"Organization","@id":"https:\/\/dev6.erresse-shop.it\/#organization","name":"Erresse Shop","url":"https:\/\/dev6.erresse-shop.it\/","logo":{"@type":"ImageObject","inLanguage":"es","@id":"https:\/\/dev6.erresse-shop.it\/#\/schema\/logo\/image\/","url":"https:\/\/dev6.erresse-shop.it\/wp-content\/uploads\/2025\/01\/LOGO-ERRESSE-CLASSICO.svg","contentUrl":"https:\/\/dev6.erresse-shop.it\/wp-content\/uploads\/2025\/01\/LOGO-ERRESSE-CLASSICO.svg","caption":"Erresse Shop"},"image":{"@id":"https:\/\/dev6.erresse-shop.it\/#\/schema\/logo\/image\/"}}]}},"df_price":"","df_sale_price":"","df_regular_price":"","df_image_link":"https:\/\/i3.wp.com\/interpim.erresse-shop.it\/Import\/Prodotti\/bissell-crosswave-x7-plus-cordless-pet-select.jpg?resize=300,300&ssl=1","fifu_image_url":"https:\/\/interpim.erresse-shop.it\/Import\/Prodotti\/bissell-crosswave-x7-plus-cordless-pet-select.jpg","_links":{"self":[{"href":"https:\/\/dev6.erresse-shop.it\/es\/wp-json\/wp\/v2\/product\/1879998","targetHints":{"allow":["GET"]}}],"collection":[{"href":"https:\/\/dev6.erresse-shop.it\/es\/wp-json\/wp\/v2\/product"}],"about":[{"href":"https:\/\/dev6.erresse-shop.it\/es\/wp-json\/wp\/v2\/types\/product"}],"wp:featuredmedia":[{"embeddable":true,"href":"https:\/\/dev6.erresse-shop.it\/es\/wp-json\/wp\/v2\/media\/6364486"}],"wp:attachment":[{"href":"https:\/\/dev6.erresse-shop.it\/es\/wp-json\/wp\/v2\/media?parent=1879998"}],"wp:term":[{"taxonomy":"product_cat","embeddable":true,"href":"https:\/\/dev6.erresse-shop.it\/es\/wp-json\/wp\/v2\/product_cat?post=1879998"},{"taxonomy":"product_tag","embeddable":true,"href":"https:\/\/dev6.erresse-shop.it\/es\/wp-json\/wp\/v2\/product_tag?post=1879998"}],"curies":[{"name":"wp","href":"https:\/\/api.w.org\/{rel}","templated":true}]}}