{"id":1879972,"date":"2026-04-04T09:56:20","date_gmt":"2026-04-04T07:56:20","guid":{"rendered":"https:\/\/dev6.erresse-shop.it\/shop\/sin%20categor\u00eda\/guzzini-feeling-juego-de-cubiertos-24-piezas-azul-mediterraneo\/"},"modified":"2025-07-04T22:38:46","modified_gmt":"2025-07-04T20:38:46","slug":"guzzini-feeling-juego-de-cubiertos-24-piezas-azul-mediterraneo","status":"publish","type":"product","link":"https:\/\/dev6.erresse-shop.it\/es\/shop\/tabla\/cubiertos\/guzzini-feeling-juego-de-cubiertos-24-piezas-azul-mediterraneo\/","title":{"rendered":"GUZZINI Feeling Juego de Cubiertos 24 piezas Azul Mediterr\u00e1neo"},"content":{"rendered":"<p>La combinaci\u00f3n perfecta de acero y pl\u00e1stico est\u00e1 representada en este juego de cubiertos. El acero inoxidable, de la m\u00e1s alta calidad, recorre toda la longitud de los cubiertos en cuyo mango se aplican los preciosos elementos de pl\u00e1stico bicolor. Est\u00e1 dise\u00f1ado para soportar miles de lavados en el lavavajillas y garantiza la m\u00e1xima higiene del material.<\/p>\n<p>Dimensiones: 11,5 x 18,5 x h25,5 cm<br \/>\nMaterial: ABS, SAN, ACERO INOXIDABLE AISI 304 (18\/10), ACERO INOXIDABLE AISI 420 (CUCHILLO)<br \/>\nDise\u00f1ador: Robin Levien<br \/>\nFabricados en Italia<\/p>\n","protected":false},"excerpt":{"rendered":"<p>La combinaci\u00f3n perfecta de acero y pl\u00e1stico est\u00e1 representada en este juego de cubiertos. El acero inoxidable, de la m\u00e1s alta calidad, recorre toda la longitud de los cubiertos en cuyo mango se aplican los preciosos elementos de pl\u00e1stico bicolor. Est\u00e1 dise\u00f1ado para soportar miles de lavados en el lavavajillas y garantiza la m\u00e1xima higiene [&hellip;]<\/p>\n","protected":false},"featured_media":6281120,"template":"","meta":{"_acf_changed":false},"product_cat":[11888,11887,11671],"product_tag":[],"class_list":{"0":"post-1879972","1":"product","2":"type-product","3":"status-publish","4":"has-post-thumbnail","6":"product_cat-cubiertos","7":"product_cat-tabla","8":"product_cat-tavola","10":"first","11":"instock","12":"taxable","13":"shipping-taxable","14":"product-type-simple","swatches":"rey-swatches","show_selected":"","stretch_labels":"rey-swatches--stretch-labels"},"acf":[],"yoast_head":"<!-- This site is optimized with the Yoast SEO plugin v25.4 - https:\/\/yoast.com\/wordpress\/plugins\/seo\/ -->\n<title>GUZZINI Feeling Juego de Cubiertos 24 piezas Azul Mediterr\u00e1neo - dev6 Erresse<\/title>\n<meta name=\"description\" content=\"La combinaci\u00f3n perfecta de acero y pl\u00e1stico est\u00e1 representada en este juego de cubiertos. El acero inoxidable, de la m\u00e1s alta calidad, recorre toda la\" \/>\n<meta name=\"robots\" content=\"noindex, follow, max-snippet:-1, max-image-preview:large, max-video-preview:-1\" \/>\n<meta property=\"og:locale\" content=\"es_ES\" \/>\n<meta property=\"og:type\" content=\"article\" \/>\n<meta property=\"og:title\" content=\"GUZZINI Feeling Juego de Cubiertos 24 piezas Azul Mediterr\u00e1neo - dev6 Erresse\" \/>\n<meta property=\"og:description\" content=\"La combinaci\u00f3n perfecta de acero y pl\u00e1stico est\u00e1 representada en este juego de cubiertos. El acero inoxidable, de la m\u00e1s alta calidad, recorre toda la\" \/>\n<meta property=\"og:url\" content=\"https:\/\/dev6.erresse-shop.it\/es\/shop\/tabla\/cubiertos\/guzzini-feeling-juego-de-cubiertos-24-piezas-azul-mediterraneo\/\" \/>\n<meta property=\"og:site_name\" content=\"dev6 Erresse\" \/>\n<meta property=\"og:image\" content=\"https:\/\/interpim.erresse-shop.it\/Import\/Prodotti\/guzzini-feeling-set-posate-24-pezzi-blu-mediterraneo.jpg\" \/><meta property=\"og:image\" content=\"https:\/\/interpim.erresse-shop.it\/Import\/Prodotti\/guzzini-feeling-set-posate-24-pezzi-blu-mediterraneo.jpg\" \/>\n\t<meta property=\"og:image:width\" content=\"1024\" \/>\n\t<meta property=\"og:image:height\" content=\"1024\" \/>\n\t<meta property=\"og:image:type\" content=\"image\/jpeg\" \/>\n<meta name=\"twitter:card\" content=\"summary_large_image\" \/>\n<meta name=\"twitter:image\" content=\"https:\/\/interpim.erresse-shop.it\/Import\/Prodotti\/guzzini-feeling-set-posate-24-pezzi-blu-mediterraneo.jpg\" \/>\n<script type=\"application\/ld+json\" class=\"yoast-schema-graph\">{\"@context\":\"https:\/\/schema.org\",\"@graph\":[{\"@type\":\"WebPage\",\"@id\":\"https:\/\/dev6.erresse-shop.it\/es\/shop\/tabla\/cubiertos\/guzzini-feeling-juego-de-cubiertos-24-piezas-azul-mediterraneo\/\",\"url\":\"https:\/\/dev6.erresse-shop.it\/es\/shop\/tabla\/cubiertos\/guzzini-feeling-juego-de-cubiertos-24-piezas-azul-mediterraneo\/\",\"name\":\"GUZZINI Feeling Juego de Cubiertos 24 piezas Azul Mediterr\u00e1neo - dev6 Erresse\",\"isPartOf\":{\"@id\":\"https:\/\/dev6.erresse-shop.it\/#website\"},\"primaryImageOfPage\":{\"@id\":\"https:\/\/dev6.erresse-shop.it\/es\/shop\/tabla\/cubiertos\/guzzini-feeling-juego-de-cubiertos-24-piezas-azul-mediterraneo\/#primaryimage\"},\"image\":{\"@id\":\"https:\/\/dev6.erresse-shop.it\/es\/shop\/tabla\/cubiertos\/guzzini-feeling-juego-de-cubiertos-24-piezas-azul-mediterraneo\/#primaryimage\"},\"thumbnailUrl\":\"https:\/\/i1.wp.com\/interpim.erresse-shop.it\/Import\/Prodotti\/guzzini-feeling-set-posate-24-pezzi-blu-mediterraneo.jpg?ssl=1\",\"datePublished\":\"2026-04-04T07:56:20+00:00\",\"description\":\"La combinaci\u00f3n perfecta de acero y pl\u00e1stico est\u00e1 representada en este juego de cubiertos. El acero inoxidable, de la m\u00e1s alta calidad, recorre toda la\",\"breadcrumb\":{\"@id\":\"https:\/\/dev6.erresse-shop.it\/es\/shop\/tabla\/cubiertos\/guzzini-feeling-juego-de-cubiertos-24-piezas-azul-mediterraneo\/#breadcrumb\"},\"inLanguage\":\"es\",\"potentialAction\":[{\"@type\":\"ReadAction\",\"target\":[\"https:\/\/dev6.erresse-shop.it\/es\/shop\/tabla\/cubiertos\/guzzini-feeling-juego-de-cubiertos-24-piezas-azul-mediterraneo\/\"]}]},{\"@type\":\"ImageObject\",\"inLanguage\":\"es\",\"@id\":\"https:\/\/dev6.erresse-shop.it\/es\/shop\/tabla\/cubiertos\/guzzini-feeling-juego-de-cubiertos-24-piezas-azul-mediterraneo\/#primaryimage\",\"url\":\"https:\/\/i1.wp.com\/interpim.erresse-shop.it\/Import\/Prodotti\/guzzini-feeling-set-posate-24-pezzi-blu-mediterraneo.jpg?ssl=1\",\"contentUrl\":\"https:\/\/i1.wp.com\/interpim.erresse-shop.it\/Import\/Prodotti\/guzzini-feeling-set-posate-24-pezzi-blu-mediterraneo.jpg?ssl=1\"},{\"@type\":\"BreadcrumbList\",\"@id\":\"https:\/\/dev6.erresse-shop.it\/es\/shop\/tabla\/cubiertos\/guzzini-feeling-juego-de-cubiertos-24-piezas-azul-mediterraneo\/#breadcrumb\",\"itemListElement\":[{\"@type\":\"ListItem\",\"position\":1,\"name\":\"Home\",\"item\":\"https:\/\/dev6.erresse-shop.it\/\"},{\"@type\":\"ListItem\",\"position\":2,\"name\":\"Tienda\",\"item\":\"https:\/\/dev6.erresse-shop.it\/shop\/\"},{\"@type\":\"ListItem\",\"position\":3,\"name\":\"GUZZINI Feeling Juego de Cubiertos 24 piezas Azul Mediterr\u00e1neo\"}]},{\"@type\":\"WebSite\",\"@id\":\"https:\/\/dev6.erresse-shop.it\/#website\",\"url\":\"https:\/\/dev6.erresse-shop.it\/\",\"name\":\"Erresse Shop\",\"description\":\"\",\"publisher\":{\"@id\":\"https:\/\/dev6.erresse-shop.it\/#organization\"},\"potentialAction\":[{\"@type\":\"SearchAction\",\"target\":{\"@type\":\"EntryPoint\",\"urlTemplate\":\"https:\/\/dev6.erresse-shop.it\/?s={search_term_string}\"},\"query-input\":{\"@type\":\"PropertyValueSpecification\",\"valueRequired\":true,\"valueName\":\"search_term_string\"}}],\"inLanguage\":\"es\"},{\"@type\":\"Organization\",\"@id\":\"https:\/\/dev6.erresse-shop.it\/#organization\",\"name\":\"Erresse Shop\",\"url\":\"https:\/\/dev6.erresse-shop.it\/\",\"logo\":{\"@type\":\"ImageObject\",\"inLanguage\":\"es\",\"@id\":\"https:\/\/dev6.erresse-shop.it\/#\/schema\/logo\/image\/\",\"url\":\"https:\/\/dev6.erresse-shop.it\/wp-content\/uploads\/2025\/01\/LOGO-ERRESSE-CLASSICO.svg\",\"contentUrl\":\"https:\/\/dev6.erresse-shop.it\/wp-content\/uploads\/2025\/01\/LOGO-ERRESSE-CLASSICO.svg\",\"caption\":\"Erresse Shop\"},\"image\":{\"@id\":\"https:\/\/dev6.erresse-shop.it\/#\/schema\/logo\/image\/\"}}]}<\/script>\n<!-- \/ Yoast SEO plugin. -->","yoast_head_json":{"title":"GUZZINI Feeling Juego de Cubiertos 24 piezas Azul Mediterr\u00e1neo - dev6 Erresse","description":"La combinaci\u00f3n perfecta de acero y pl\u00e1stico est\u00e1 representada en este juego de cubiertos. El acero inoxidable, de la m\u00e1s alta calidad, recorre toda la","robots":{"index":"noindex","follow":"follow","max-snippet":"max-snippet:-1","max-image-preview":"max-image-preview:large","max-video-preview":"max-video-preview:-1"},"og_locale":"es_ES","og_type":"article","og_title":"GUZZINI Feeling Juego de Cubiertos 24 piezas Azul Mediterr\u00e1neo - dev6 Erresse","og_description":"La combinaci\u00f3n perfecta de acero y pl\u00e1stico est\u00e1 representada en este juego de cubiertos. El acero inoxidable, de la m\u00e1s alta calidad, recorre toda la","og_url":"https:\/\/dev6.erresse-shop.it\/es\/shop\/tabla\/cubiertos\/guzzini-feeling-juego-de-cubiertos-24-piezas-azul-mediterraneo\/","og_site_name":"dev6 Erresse","og_image":[{"url":"https:\/\/interpim.erresse-shop.it\/Import\/Prodotti\/guzzini-feeling-set-posate-24-pezzi-blu-mediterraneo.jpg","type":"","width":"","height":""},{"url":"https:\/\/interpim.erresse-shop.it\/Import\/Prodotti\/guzzini-feeling-set-posate-24-pezzi-blu-mediterraneo.jpg","width":1024,"height":1024,"type":"image\/jpeg"}],"twitter_card":"summary_large_image","twitter_image":"https:\/\/interpim.erresse-shop.it\/Import\/Prodotti\/guzzini-feeling-set-posate-24-pezzi-blu-mediterraneo.jpg","schema":{"@context":"https:\/\/schema.org","@graph":[{"@type":"WebPage","@id":"https:\/\/dev6.erresse-shop.it\/es\/shop\/tabla\/cubiertos\/guzzini-feeling-juego-de-cubiertos-24-piezas-azul-mediterraneo\/","url":"https:\/\/dev6.erresse-shop.it\/es\/shop\/tabla\/cubiertos\/guzzini-feeling-juego-de-cubiertos-24-piezas-azul-mediterraneo\/","name":"GUZZINI Feeling Juego de Cubiertos 24 piezas Azul Mediterr\u00e1neo - dev6 Erresse","isPartOf":{"@id":"https:\/\/dev6.erresse-shop.it\/#website"},"primaryImageOfPage":{"@id":"https:\/\/dev6.erresse-shop.it\/es\/shop\/tabla\/cubiertos\/guzzini-feeling-juego-de-cubiertos-24-piezas-azul-mediterraneo\/#primaryimage"},"image":{"@id":"https:\/\/dev6.erresse-shop.it\/es\/shop\/tabla\/cubiertos\/guzzini-feeling-juego-de-cubiertos-24-piezas-azul-mediterraneo\/#primaryimage"},"thumbnailUrl":"https:\/\/i1.wp.com\/interpim.erresse-shop.it\/Import\/Prodotti\/guzzini-feeling-set-posate-24-pezzi-blu-mediterraneo.jpg?ssl=1","datePublished":"2026-04-04T07:56:20+00:00","description":"La combinaci\u00f3n perfecta de acero y pl\u00e1stico est\u00e1 representada en este juego de cubiertos. El acero inoxidable, de la m\u00e1s alta calidad, recorre toda la","breadcrumb":{"@id":"https:\/\/dev6.erresse-shop.it\/es\/shop\/tabla\/cubiertos\/guzzini-feeling-juego-de-cubiertos-24-piezas-azul-mediterraneo\/#breadcrumb"},"inLanguage":"es","potentialAction":[{"@type":"ReadAction","target":["https:\/\/dev6.erresse-shop.it\/es\/shop\/tabla\/cubiertos\/guzzini-feeling-juego-de-cubiertos-24-piezas-azul-mediterraneo\/"]}]},{"@type":"ImageObject","inLanguage":"es","@id":"https:\/\/dev6.erresse-shop.it\/es\/shop\/tabla\/cubiertos\/guzzini-feeling-juego-de-cubiertos-24-piezas-azul-mediterraneo\/#primaryimage","url":"https:\/\/i1.wp.com\/interpim.erresse-shop.it\/Import\/Prodotti\/guzzini-feeling-set-posate-24-pezzi-blu-mediterraneo.jpg?ssl=1","contentUrl":"https:\/\/i1.wp.com\/interpim.erresse-shop.it\/Import\/Prodotti\/guzzini-feeling-set-posate-24-pezzi-blu-mediterraneo.jpg?ssl=1"},{"@type":"BreadcrumbList","@id":"https:\/\/dev6.erresse-shop.it\/es\/shop\/tabla\/cubiertos\/guzzini-feeling-juego-de-cubiertos-24-piezas-azul-mediterraneo\/#breadcrumb","itemListElement":[{"@type":"ListItem","position":1,"name":"Home","item":"https:\/\/dev6.erresse-shop.it\/"},{"@type":"ListItem","position":2,"name":"Tienda","item":"https:\/\/dev6.erresse-shop.it\/shop\/"},{"@type":"ListItem","position":3,"name":"GUZZINI Feeling Juego de Cubiertos 24 piezas Azul Mediterr\u00e1neo"}]},{"@type":"WebSite","@id":"https:\/\/dev6.erresse-shop.it\/#website","url":"https:\/\/dev6.erresse-shop.it\/","name":"Erresse Shop","description":"","publisher":{"@id":"https:\/\/dev6.erresse-shop.it\/#organization"},"potentialAction":[{"@type":"SearchAction","target":{"@type":"EntryPoint","urlTemplate":"https:\/\/dev6.erresse-shop.it\/?s={search_term_string}"},"query-input":{"@type":"PropertyValueSpecification","valueRequired":true,"valueName":"search_term_string"}}],"inLanguage":"es"},{"@type":"Organization","@id":"https:\/\/dev6.erresse-shop.it\/#organization","name":"Erresse Shop","url":"https:\/\/dev6.erresse-shop.it\/","logo":{"@type":"ImageObject","inLanguage":"es","@id":"https:\/\/dev6.erresse-shop.it\/#\/schema\/logo\/image\/","url":"https:\/\/dev6.erresse-shop.it\/wp-content\/uploads\/2025\/01\/LOGO-ERRESSE-CLASSICO.svg","contentUrl":"https:\/\/dev6.erresse-shop.it\/wp-content\/uploads\/2025\/01\/LOGO-ERRESSE-CLASSICO.svg","caption":"Erresse Shop"},"image":{"@id":"https:\/\/dev6.erresse-shop.it\/#\/schema\/logo\/image\/"}}]}},"df_price":"","df_sale_price":"","df_regular_price":"","df_image_link":"https:\/\/i1.wp.com\/interpim.erresse-shop.it\/Import\/Prodotti\/guzzini-feeling-set-posate-24-pezzi-blu-mediterraneo.jpg?resize=300,300&ssl=1","fifu_image_url":"https:\/\/interpim.erresse-shop.it\/Import\/Prodotti\/guzzini-feeling-set-posate-24-pezzi-blu-mediterraneo.jpg","_links":{"self":[{"href":"https:\/\/dev6.erresse-shop.it\/es\/wp-json\/wp\/v2\/product\/1879972","targetHints":{"allow":["GET"]}}],"collection":[{"href":"https:\/\/dev6.erresse-shop.it\/es\/wp-json\/wp\/v2\/product"}],"about":[{"href":"https:\/\/dev6.erresse-shop.it\/es\/wp-json\/wp\/v2\/types\/product"}],"wp:featuredmedia":[{"embeddable":true,"href":"https:\/\/dev6.erresse-shop.it\/es\/wp-json\/wp\/v2\/media\/6281120"}],"wp:attachment":[{"href":"https:\/\/dev6.erresse-shop.it\/es\/wp-json\/wp\/v2\/media?parent=1879972"}],"wp:term":[{"taxonomy":"product_cat","embeddable":true,"href":"https:\/\/dev6.erresse-shop.it\/es\/wp-json\/wp\/v2\/product_cat?post=1879972"},{"taxonomy":"product_tag","embeddable":true,"href":"https:\/\/dev6.erresse-shop.it\/es\/wp-json\/wp\/v2\/product_tag?post=1879972"}],"curies":[{"name":"wp","href":"https:\/\/api.w.org\/{rel}","templated":true}]}}