{"id":1879950,"date":"2026-04-04T09:56:20","date_gmt":"2026-04-04T07:56:20","guid":{"rendered":"https:\/\/dev6.erresse-shop.it\/shop\/sin%20categor\u00eda\/leonardo-milano-jarron-14-cm-blanco\/"},"modified":"2025-07-04T22:38:05","modified_gmt":"2025-07-04T20:38:05","slug":"leonardo-milano-jarron-14-cm-blanco","status":"publish","type":"product","link":"https:\/\/dev6.erresse-shop.it\/es\/shop\/mobiliario\/jarrones\/leonardo-milano-jarron-14-cm-blanco\/","title":{"rendered":"LEONARDO Milano Jarr\u00f3n 14 cm Blanco"},"content":{"rendered":"<p>Crea un oasis de bienestar desde tu casa: con el jarr\u00f3n hecho a mano de la serie MILANO no hay nada m\u00e1s f\u00e1cil. D\u00e9jate llevar en un mundo moderno por este jarr\u00f3n, caracterizado por un hermoso tono gris que subraya su aspecto moderno y refinado. Mostrar su mirada a las cosas hermosas con este jarr\u00f3n Leonardo hecho a mano. Con cada producto hecho a mano se obtiene una pieza \u00fanica. Armonioso, moderno y con estilo, Leonardo te inspira en el dise\u00f1o de tu casa \u2013 juega con tu creatividad y crea un ambiente fant\u00e1stico e individual. Decoraci\u00f3n para enamorarse, no lo pienses demasiado. Compra hoy y haz que tu decoraci\u00f3n sea a\u00fan m\u00e1s variada: con el jarr\u00f3n gris.<\/p>\n<p>Detalles:<\/p>\n<p>Material: vidrio<\/p>\n<p>Pa\u00eds de fabricaci\u00f3n: Europa<\/p>\n","protected":false},"excerpt":{"rendered":"<p>Crea un oasis de bienestar desde tu casa: con el jarr\u00f3n hecho a mano de la serie MILANO no hay nada m\u00e1s f\u00e1cil. D\u00e9jate llevar en un mundo moderno por este jarr\u00f3n, caracterizado por un hermoso tono gris que subraya su aspecto moderno y refinado. Mostrar su mirada a las cosas hermosas con este jarr\u00f3n [&hellip;]<\/p>\n","protected":false},"featured_media":6281077,"template":"","meta":{"_acf_changed":false},"product_cat":[11666,11910,11882],"product_tag":[],"class_list":{"0":"post-1879950","1":"product","2":"type-product","3":"status-publish","4":"has-post-thumbnail","6":"product_cat-arredamento-casa","7":"product_cat-jarrones","8":"product_cat-mobiliario","10":"first","11":"instock","12":"taxable","13":"shipping-taxable","14":"product-type-simple","swatches":"rey-swatches","show_selected":"","stretch_labels":"rey-swatches--stretch-labels"},"acf":[],"yoast_head":"<!-- This site is optimized with the Yoast SEO plugin v25.4 - https:\/\/yoast.com\/wordpress\/plugins\/seo\/ -->\n<title>LEONARDO Milano Jarr\u00f3n 14 cm Blanco - dev6 Erresse<\/title>\n<meta name=\"description\" content=\"Crea un oasis de bienestar desde tu casa: con el jarr\u00f3n hecho a mano de la serie MILANO no hay nada m\u00e1s f\u00e1cil. D\u00e9jate llevar en un mundo moderno por este\" \/>\n<meta name=\"robots\" content=\"noindex, follow, max-snippet:-1, max-image-preview:large, max-video-preview:-1\" \/>\n<meta property=\"og:locale\" content=\"es_ES\" \/>\n<meta property=\"og:type\" content=\"article\" \/>\n<meta property=\"og:title\" content=\"LEONARDO Milano Jarr\u00f3n 14 cm Blanco - dev6 Erresse\" \/>\n<meta property=\"og:description\" content=\"Crea un oasis de bienestar desde tu casa: con el jarr\u00f3n hecho a mano de la serie MILANO no hay nada m\u00e1s f\u00e1cil. D\u00e9jate llevar en un mundo moderno por este\" \/>\n<meta property=\"og:url\" content=\"https:\/\/dev6.erresse-shop.it\/es\/shop\/mobiliario\/jarrones\/leonardo-milano-jarron-14-cm-blanco\/\" \/>\n<meta property=\"og:site_name\" content=\"dev6 Erresse\" \/>\n<meta property=\"og:image\" content=\"https:\/\/interpim.erresse-shop.it\/Import\/Prodotti\/leonardo-milano-14-cm-bianco.jpg\" \/><meta property=\"og:image\" content=\"https:\/\/interpim.erresse-shop.it\/Import\/Prodotti\/leonardo-milano-14-cm-bianco.jpg\" \/>\n\t<meta property=\"og:image:width\" content=\"1024\" \/>\n\t<meta property=\"og:image:height\" content=\"1024\" \/>\n\t<meta property=\"og:image:type\" content=\"image\/jpeg\" \/>\n<meta name=\"twitter:card\" content=\"summary_large_image\" \/>\n<meta name=\"twitter:image\" content=\"https:\/\/interpim.erresse-shop.it\/Import\/Prodotti\/leonardo-milano-14-cm-bianco.jpg\" \/>\n<script type=\"application\/ld+json\" class=\"yoast-schema-graph\">{\"@context\":\"https:\/\/schema.org\",\"@graph\":[{\"@type\":\"WebPage\",\"@id\":\"https:\/\/dev6.erresse-shop.it\/es\/shop\/mobiliario\/jarrones\/leonardo-milano-jarron-14-cm-blanco\/\",\"url\":\"https:\/\/dev6.erresse-shop.it\/es\/shop\/mobiliario\/jarrones\/leonardo-milano-jarron-14-cm-blanco\/\",\"name\":\"LEONARDO Milano Jarr\u00f3n 14 cm Blanco - dev6 Erresse\",\"isPartOf\":{\"@id\":\"https:\/\/dev6.erresse-shop.it\/#website\"},\"primaryImageOfPage\":{\"@id\":\"https:\/\/dev6.erresse-shop.it\/es\/shop\/mobiliario\/jarrones\/leonardo-milano-jarron-14-cm-blanco\/#primaryimage\"},\"image\":{\"@id\":\"https:\/\/dev6.erresse-shop.it\/es\/shop\/mobiliario\/jarrones\/leonardo-milano-jarron-14-cm-blanco\/#primaryimage\"},\"thumbnailUrl\":\"https:\/\/i0.wp.com\/interpim.erresse-shop.it\/Import\/Prodotti\/leonardo-milano-14-cm-bianco.jpg?ssl=1\",\"datePublished\":\"2026-04-04T07:56:20+00:00\",\"description\":\"Crea un oasis de bienestar desde tu casa: con el jarr\u00f3n hecho a mano de la serie MILANO no hay nada m\u00e1s f\u00e1cil. D\u00e9jate llevar en un mundo moderno por este\",\"breadcrumb\":{\"@id\":\"https:\/\/dev6.erresse-shop.it\/es\/shop\/mobiliario\/jarrones\/leonardo-milano-jarron-14-cm-blanco\/#breadcrumb\"},\"inLanguage\":\"es\",\"potentialAction\":[{\"@type\":\"ReadAction\",\"target\":[\"https:\/\/dev6.erresse-shop.it\/es\/shop\/mobiliario\/jarrones\/leonardo-milano-jarron-14-cm-blanco\/\"]}]},{\"@type\":\"ImageObject\",\"inLanguage\":\"es\",\"@id\":\"https:\/\/dev6.erresse-shop.it\/es\/shop\/mobiliario\/jarrones\/leonardo-milano-jarron-14-cm-blanco\/#primaryimage\",\"url\":\"https:\/\/i0.wp.com\/interpim.erresse-shop.it\/Import\/Prodotti\/leonardo-milano-14-cm-bianco.jpg?ssl=1\",\"contentUrl\":\"https:\/\/i0.wp.com\/interpim.erresse-shop.it\/Import\/Prodotti\/leonardo-milano-14-cm-bianco.jpg?ssl=1\"},{\"@type\":\"BreadcrumbList\",\"@id\":\"https:\/\/dev6.erresse-shop.it\/es\/shop\/mobiliario\/jarrones\/leonardo-milano-jarron-14-cm-blanco\/#breadcrumb\",\"itemListElement\":[{\"@type\":\"ListItem\",\"position\":1,\"name\":\"Home\",\"item\":\"https:\/\/dev6.erresse-shop.it\/\"},{\"@type\":\"ListItem\",\"position\":2,\"name\":\"Tienda\",\"item\":\"https:\/\/dev6.erresse-shop.it\/shop\/\"},{\"@type\":\"ListItem\",\"position\":3,\"name\":\"LEONARDO Milano Jarr\u00f3n 14 cm Blanco\"}]},{\"@type\":\"WebSite\",\"@id\":\"https:\/\/dev6.erresse-shop.it\/#website\",\"url\":\"https:\/\/dev6.erresse-shop.it\/\",\"name\":\"Erresse Shop\",\"description\":\"\",\"publisher\":{\"@id\":\"https:\/\/dev6.erresse-shop.it\/#organization\"},\"potentialAction\":[{\"@type\":\"SearchAction\",\"target\":{\"@type\":\"EntryPoint\",\"urlTemplate\":\"https:\/\/dev6.erresse-shop.it\/?s={search_term_string}\"},\"query-input\":{\"@type\":\"PropertyValueSpecification\",\"valueRequired\":true,\"valueName\":\"search_term_string\"}}],\"inLanguage\":\"es\"},{\"@type\":\"Organization\",\"@id\":\"https:\/\/dev6.erresse-shop.it\/#organization\",\"name\":\"Erresse Shop\",\"url\":\"https:\/\/dev6.erresse-shop.it\/\",\"logo\":{\"@type\":\"ImageObject\",\"inLanguage\":\"es\",\"@id\":\"https:\/\/dev6.erresse-shop.it\/#\/schema\/logo\/image\/\",\"url\":\"https:\/\/dev6.erresse-shop.it\/wp-content\/uploads\/2025\/01\/LOGO-ERRESSE-CLASSICO.svg\",\"contentUrl\":\"https:\/\/dev6.erresse-shop.it\/wp-content\/uploads\/2025\/01\/LOGO-ERRESSE-CLASSICO.svg\",\"caption\":\"Erresse Shop\"},\"image\":{\"@id\":\"https:\/\/dev6.erresse-shop.it\/#\/schema\/logo\/image\/\"}}]}<\/script>\n<!-- \/ Yoast SEO plugin. -->","yoast_head_json":{"title":"LEONARDO Milano Jarr\u00f3n 14 cm Blanco - dev6 Erresse","description":"Crea un oasis de bienestar desde tu casa: con el jarr\u00f3n hecho a mano de la serie MILANO no hay nada m\u00e1s f\u00e1cil. D\u00e9jate llevar en un mundo moderno por este","robots":{"index":"noindex","follow":"follow","max-snippet":"max-snippet:-1","max-image-preview":"max-image-preview:large","max-video-preview":"max-video-preview:-1"},"og_locale":"es_ES","og_type":"article","og_title":"LEONARDO Milano Jarr\u00f3n 14 cm Blanco - dev6 Erresse","og_description":"Crea un oasis de bienestar desde tu casa: con el jarr\u00f3n hecho a mano de la serie MILANO no hay nada m\u00e1s f\u00e1cil. D\u00e9jate llevar en un mundo moderno por este","og_url":"https:\/\/dev6.erresse-shop.it\/es\/shop\/mobiliario\/jarrones\/leonardo-milano-jarron-14-cm-blanco\/","og_site_name":"dev6 Erresse","og_image":[{"url":"https:\/\/interpim.erresse-shop.it\/Import\/Prodotti\/leonardo-milano-14-cm-bianco.jpg","type":"","width":"","height":""},{"url":"https:\/\/interpim.erresse-shop.it\/Import\/Prodotti\/leonardo-milano-14-cm-bianco.jpg","width":1024,"height":1024,"type":"image\/jpeg"}],"twitter_card":"summary_large_image","twitter_image":"https:\/\/interpim.erresse-shop.it\/Import\/Prodotti\/leonardo-milano-14-cm-bianco.jpg","schema":{"@context":"https:\/\/schema.org","@graph":[{"@type":"WebPage","@id":"https:\/\/dev6.erresse-shop.it\/es\/shop\/mobiliario\/jarrones\/leonardo-milano-jarron-14-cm-blanco\/","url":"https:\/\/dev6.erresse-shop.it\/es\/shop\/mobiliario\/jarrones\/leonardo-milano-jarron-14-cm-blanco\/","name":"LEONARDO Milano Jarr\u00f3n 14 cm Blanco - dev6 Erresse","isPartOf":{"@id":"https:\/\/dev6.erresse-shop.it\/#website"},"primaryImageOfPage":{"@id":"https:\/\/dev6.erresse-shop.it\/es\/shop\/mobiliario\/jarrones\/leonardo-milano-jarron-14-cm-blanco\/#primaryimage"},"image":{"@id":"https:\/\/dev6.erresse-shop.it\/es\/shop\/mobiliario\/jarrones\/leonardo-milano-jarron-14-cm-blanco\/#primaryimage"},"thumbnailUrl":"https:\/\/i0.wp.com\/interpim.erresse-shop.it\/Import\/Prodotti\/leonardo-milano-14-cm-bianco.jpg?ssl=1","datePublished":"2026-04-04T07:56:20+00:00","description":"Crea un oasis de bienestar desde tu casa: con el jarr\u00f3n hecho a mano de la serie MILANO no hay nada m\u00e1s f\u00e1cil. D\u00e9jate llevar en un mundo moderno por este","breadcrumb":{"@id":"https:\/\/dev6.erresse-shop.it\/es\/shop\/mobiliario\/jarrones\/leonardo-milano-jarron-14-cm-blanco\/#breadcrumb"},"inLanguage":"es","potentialAction":[{"@type":"ReadAction","target":["https:\/\/dev6.erresse-shop.it\/es\/shop\/mobiliario\/jarrones\/leonardo-milano-jarron-14-cm-blanco\/"]}]},{"@type":"ImageObject","inLanguage":"es","@id":"https:\/\/dev6.erresse-shop.it\/es\/shop\/mobiliario\/jarrones\/leonardo-milano-jarron-14-cm-blanco\/#primaryimage","url":"https:\/\/i0.wp.com\/interpim.erresse-shop.it\/Import\/Prodotti\/leonardo-milano-14-cm-bianco.jpg?ssl=1","contentUrl":"https:\/\/i0.wp.com\/interpim.erresse-shop.it\/Import\/Prodotti\/leonardo-milano-14-cm-bianco.jpg?ssl=1"},{"@type":"BreadcrumbList","@id":"https:\/\/dev6.erresse-shop.it\/es\/shop\/mobiliario\/jarrones\/leonardo-milano-jarron-14-cm-blanco\/#breadcrumb","itemListElement":[{"@type":"ListItem","position":1,"name":"Home","item":"https:\/\/dev6.erresse-shop.it\/"},{"@type":"ListItem","position":2,"name":"Tienda","item":"https:\/\/dev6.erresse-shop.it\/shop\/"},{"@type":"ListItem","position":3,"name":"LEONARDO Milano Jarr\u00f3n 14 cm Blanco"}]},{"@type":"WebSite","@id":"https:\/\/dev6.erresse-shop.it\/#website","url":"https:\/\/dev6.erresse-shop.it\/","name":"Erresse Shop","description":"","publisher":{"@id":"https:\/\/dev6.erresse-shop.it\/#organization"},"potentialAction":[{"@type":"SearchAction","target":{"@type":"EntryPoint","urlTemplate":"https:\/\/dev6.erresse-shop.it\/?s={search_term_string}"},"query-input":{"@type":"PropertyValueSpecification","valueRequired":true,"valueName":"search_term_string"}}],"inLanguage":"es"},{"@type":"Organization","@id":"https:\/\/dev6.erresse-shop.it\/#organization","name":"Erresse Shop","url":"https:\/\/dev6.erresse-shop.it\/","logo":{"@type":"ImageObject","inLanguage":"es","@id":"https:\/\/dev6.erresse-shop.it\/#\/schema\/logo\/image\/","url":"https:\/\/dev6.erresse-shop.it\/wp-content\/uploads\/2025\/01\/LOGO-ERRESSE-CLASSICO.svg","contentUrl":"https:\/\/dev6.erresse-shop.it\/wp-content\/uploads\/2025\/01\/LOGO-ERRESSE-CLASSICO.svg","caption":"Erresse Shop"},"image":{"@id":"https:\/\/dev6.erresse-shop.it\/#\/schema\/logo\/image\/"}}]}},"df_price":"","df_sale_price":"","df_regular_price":"","df_image_link":"https:\/\/i0.wp.com\/interpim.erresse-shop.it\/Import\/Prodotti\/leonardo-milano-14-cm-bianco.jpg?resize=300,300&ssl=1","fifu_image_url":"https:\/\/interpim.erresse-shop.it\/Import\/Prodotti\/leonardo-milano-14-cm-bianco.jpg","_links":{"self":[{"href":"https:\/\/dev6.erresse-shop.it\/es\/wp-json\/wp\/v2\/product\/1879950","targetHints":{"allow":["GET"]}}],"collection":[{"href":"https:\/\/dev6.erresse-shop.it\/es\/wp-json\/wp\/v2\/product"}],"about":[{"href":"https:\/\/dev6.erresse-shop.it\/es\/wp-json\/wp\/v2\/types\/product"}],"wp:featuredmedia":[{"embeddable":true,"href":"https:\/\/dev6.erresse-shop.it\/es\/wp-json\/wp\/v2\/media\/6281077"}],"wp:attachment":[{"href":"https:\/\/dev6.erresse-shop.it\/es\/wp-json\/wp\/v2\/media?parent=1879950"}],"wp:term":[{"taxonomy":"product_cat","embeddable":true,"href":"https:\/\/dev6.erresse-shop.it\/es\/wp-json\/wp\/v2\/product_cat?post=1879950"},{"taxonomy":"product_tag","embeddable":true,"href":"https:\/\/dev6.erresse-shop.it\/es\/wp-json\/wp\/v2\/product_tag?post=1879950"}],"curies":[{"name":"wp","href":"https:\/\/api.w.org\/{rel}","templated":true}]}}