{"id":1879934,"date":"2026-04-04T09:54:40","date_gmt":"2026-04-04T07:54:40","guid":{"rendered":"https:\/\/dev6.erresse-shop.it\/shop\/sin%20categor\u00eda\/guzzini-eco-packly-papelera-para-recogida-selectiva-amarillo\/"},"modified":"2025-09-14T08:34:39","modified_gmt":"2025-09-14T06:34:39","slug":"guzzini-eco-packly-papelera-para-recogida-selectiva-amarillo","status":"publish","type":"product","link":"https:\/\/dev6.erresse-shop.it\/es\/shop\/mobiliario\/cubos-de-basura\/guzzini-eco-packly-papelera-para-recogida-selectiva-amarillo\/","title":{"rendered":"GUZZINI Eco-Packly Papelera para Recogida Selectiva Amarillo"},"content":{"rendered":"<p>EcoPackly, el innovador cubo de basura que ahorra espacio gracias a su dise\u00f1o plegable, es ideal para la recogida selectiva de papel, pl\u00e1stico, vidrio y metal en casa. Cuando no se utiliza, puede plegarse c\u00f3modamente y guardarse en un espacio reducido. Tiene una capacidad de 25 litros y el dise\u00f1o del borde superior permite fijar y guardar la bolsa. Disponible en diferentes colores, es f\u00e1cil de limpiar y las dos c\u00f3modas asas permiten transportarla y vaciarla c\u00f3modamente. Est\u00e1 fabricada con pl\u00e1stico reciclado postconsumo y 100% reciclable y tiene un impacto medioambiental reducido incluso durante su transporte y almacenamiento gracias a su innovadora estructura plegable que reduce su volumen en un 80%.<\/p>\n<p>Detalle Color: Amarillo<br \/>\nDimensiones: 30x25xh45 cm (abierta) | 30x5xh45 cm (cerrada)<br \/>\nCapacidad: 25 litros<br \/>\nMaterial: 100% pl\u00e1stico reciclado<br \/>\nDise\u00f1ador: Roberto Giacomucci<\/p>\n","protected":false},"excerpt":{"rendered":"<p>EcoPackly, el innovador cubo de basura que ahorra espacio gracias a su dise\u00f1o plegable, es ideal para la recogida selectiva de papel, pl\u00e1stico, vidrio y metal en casa. Cuando no se utiliza, puede plegarse c\u00f3modamente y guardarse en un espacio reducido. Tiene una capacidad de 25 litros y el dise\u00f1o del borde superior permite fijar [&hellip;]<\/p>\n","protected":false},"featured_media":6281018,"template":"","meta":{"_acf_changed":false},"product_cat":[11666,11921,11882],"product_tag":[],"class_list":{"0":"post-1879934","1":"product","2":"type-product","3":"status-publish","4":"has-post-thumbnail","6":"product_cat-arredamento-casa","7":"product_cat-cubos-de-basura","8":"product_cat-mobiliario","10":"first","11":"instock","12":"taxable","13":"shipping-taxable","14":"purchasable","15":"product-type-simple","swatches":"rey-swatches","show_selected":"","stretch_labels":"rey-swatches--stretch-labels"},"acf":[],"yoast_head":"<!-- This site is optimized with the Yoast SEO plugin v25.4 - https:\/\/yoast.com\/wordpress\/plugins\/seo\/ -->\n<title>GUZZINI Eco-Packly Papelera para Recogida Selectiva Amarillo - dev6 Erresse<\/title>\n<meta name=\"description\" content=\"EcoPackly, el innovador cubo de basura que ahorra espacio gracias a su dise\u00f1o plegable, es ideal para la recogida selectiva de papel, pl\u00e1stico, vidrio y\" \/>\n<meta name=\"robots\" content=\"noindex, follow, max-snippet:-1, max-image-preview:large, max-video-preview:-1\" \/>\n<meta property=\"og:locale\" content=\"es_ES\" \/>\n<meta property=\"og:type\" content=\"article\" \/>\n<meta property=\"og:title\" content=\"GUZZINI Eco-Packly Papelera para Recogida Selectiva Amarillo - dev6 Erresse\" \/>\n<meta property=\"og:description\" content=\"EcoPackly, el innovador cubo de basura que ahorra espacio gracias a su dise\u00f1o plegable, es ideal para la recogida selectiva de papel, pl\u00e1stico, vidrio y\" \/>\n<meta property=\"og:url\" content=\"https:\/\/dev6.erresse-shop.it\/es\/shop\/mobiliario\/cubos-de-basura\/guzzini-eco-packly-papelera-para-recogida-selectiva-amarillo\/\" \/>\n<meta property=\"og:site_name\" content=\"dev6 Erresse\" \/>\n<meta property=\"og:image\" content=\"https:\/\/interpim.erresse-shop.it\/Import\/Prodotti\/guzzini-eco-packly-pattumiera-per-raccolta-differenziata-giallo.jpg\" \/><meta property=\"og:image\" content=\"https:\/\/interpim.erresse-shop.it\/Import\/Prodotti\/guzzini-eco-packly-pattumiera-per-raccolta-differenziata-giallo.jpg\" \/>\n\t<meta property=\"og:image:width\" content=\"1024\" \/>\n\t<meta property=\"og:image:height\" content=\"1024\" \/>\n\t<meta property=\"og:image:type\" content=\"image\/jpeg\" \/>\n<meta name=\"twitter:card\" content=\"summary_large_image\" \/>\n<meta name=\"twitter:image\" content=\"https:\/\/interpim.erresse-shop.it\/Import\/Prodotti\/guzzini-eco-packly-pattumiera-per-raccolta-differenziata-giallo.jpg\" \/>\n<script type=\"application\/ld+json\" class=\"yoast-schema-graph\">{\"@context\":\"https:\/\/schema.org\",\"@graph\":[{\"@type\":\"WebPage\",\"@id\":\"https:\/\/dev6.erresse-shop.it\/es\/shop\/mobiliario\/cubos-de-basura\/guzzini-eco-packly-papelera-para-recogida-selectiva-amarillo\/\",\"url\":\"https:\/\/dev6.erresse-shop.it\/es\/shop\/mobiliario\/cubos-de-basura\/guzzini-eco-packly-papelera-para-recogida-selectiva-amarillo\/\",\"name\":\"GUZZINI Eco-Packly Papelera para Recogida Selectiva Amarillo - dev6 Erresse\",\"isPartOf\":{\"@id\":\"https:\/\/dev6.erresse-shop.it\/#website\"},\"primaryImageOfPage\":{\"@id\":\"https:\/\/dev6.erresse-shop.it\/es\/shop\/mobiliario\/cubos-de-basura\/guzzini-eco-packly-papelera-para-recogida-selectiva-amarillo\/#primaryimage\"},\"image\":{\"@id\":\"https:\/\/dev6.erresse-shop.it\/es\/shop\/mobiliario\/cubos-de-basura\/guzzini-eco-packly-papelera-para-recogida-selectiva-amarillo\/#primaryimage\"},\"thumbnailUrl\":\"https:\/\/i3.wp.com\/interpim.erresse-shop.it\/Import\/Prodotti\/guzzini-eco-packly-pattumiera-per-raccolta-differenziata-giallo.jpg?ssl=1\",\"datePublished\":\"2026-04-04T07:54:40+00:00\",\"description\":\"EcoPackly, el innovador cubo de basura que ahorra espacio gracias a su dise\u00f1o plegable, es ideal para la recogida selectiva de papel, pl\u00e1stico, vidrio y\",\"breadcrumb\":{\"@id\":\"https:\/\/dev6.erresse-shop.it\/es\/shop\/mobiliario\/cubos-de-basura\/guzzini-eco-packly-papelera-para-recogida-selectiva-amarillo\/#breadcrumb\"},\"inLanguage\":\"es\",\"potentialAction\":[{\"@type\":\"ReadAction\",\"target\":[\"https:\/\/dev6.erresse-shop.it\/es\/shop\/mobiliario\/cubos-de-basura\/guzzini-eco-packly-papelera-para-recogida-selectiva-amarillo\/\"]}]},{\"@type\":\"ImageObject\",\"inLanguage\":\"es\",\"@id\":\"https:\/\/dev6.erresse-shop.it\/es\/shop\/mobiliario\/cubos-de-basura\/guzzini-eco-packly-papelera-para-recogida-selectiva-amarillo\/#primaryimage\",\"url\":\"https:\/\/i3.wp.com\/interpim.erresse-shop.it\/Import\/Prodotti\/guzzini-eco-packly-pattumiera-per-raccolta-differenziata-giallo.jpg?ssl=1\",\"contentUrl\":\"https:\/\/i3.wp.com\/interpim.erresse-shop.it\/Import\/Prodotti\/guzzini-eco-packly-pattumiera-per-raccolta-differenziata-giallo.jpg?ssl=1\"},{\"@type\":\"BreadcrumbList\",\"@id\":\"https:\/\/dev6.erresse-shop.it\/es\/shop\/mobiliario\/cubos-de-basura\/guzzini-eco-packly-papelera-para-recogida-selectiva-amarillo\/#breadcrumb\",\"itemListElement\":[{\"@type\":\"ListItem\",\"position\":1,\"name\":\"Home\",\"item\":\"https:\/\/dev6.erresse-shop.it\/\"},{\"@type\":\"ListItem\",\"position\":2,\"name\":\"Tienda\",\"item\":\"https:\/\/dev6.erresse-shop.it\/shop\/\"},{\"@type\":\"ListItem\",\"position\":3,\"name\":\"GUZZINI Eco-Packly Papelera para Recogida Selectiva Amarillo\"}]},{\"@type\":\"WebSite\",\"@id\":\"https:\/\/dev6.erresse-shop.it\/#website\",\"url\":\"https:\/\/dev6.erresse-shop.it\/\",\"name\":\"Erresse Shop\",\"description\":\"\",\"publisher\":{\"@id\":\"https:\/\/dev6.erresse-shop.it\/#organization\"},\"potentialAction\":[{\"@type\":\"SearchAction\",\"target\":{\"@type\":\"EntryPoint\",\"urlTemplate\":\"https:\/\/dev6.erresse-shop.it\/?s={search_term_string}\"},\"query-input\":{\"@type\":\"PropertyValueSpecification\",\"valueRequired\":true,\"valueName\":\"search_term_string\"}}],\"inLanguage\":\"es\"},{\"@type\":\"Organization\",\"@id\":\"https:\/\/dev6.erresse-shop.it\/#organization\",\"name\":\"Erresse Shop\",\"url\":\"https:\/\/dev6.erresse-shop.it\/\",\"logo\":{\"@type\":\"ImageObject\",\"inLanguage\":\"es\",\"@id\":\"https:\/\/dev6.erresse-shop.it\/#\/schema\/logo\/image\/\",\"url\":\"https:\/\/dev6.erresse-shop.it\/wp-content\/uploads\/2025\/01\/LOGO-ERRESSE-CLASSICO.svg\",\"contentUrl\":\"https:\/\/dev6.erresse-shop.it\/wp-content\/uploads\/2025\/01\/LOGO-ERRESSE-CLASSICO.svg\",\"caption\":\"Erresse Shop\"},\"image\":{\"@id\":\"https:\/\/dev6.erresse-shop.it\/#\/schema\/logo\/image\/\"}}]}<\/script>\n<!-- \/ Yoast SEO plugin. -->","yoast_head_json":{"title":"GUZZINI Eco-Packly Papelera para Recogida Selectiva Amarillo - dev6 Erresse","description":"EcoPackly, el innovador cubo de basura que ahorra espacio gracias a su dise\u00f1o plegable, es ideal para la recogida selectiva de papel, pl\u00e1stico, vidrio y","robots":{"index":"noindex","follow":"follow","max-snippet":"max-snippet:-1","max-image-preview":"max-image-preview:large","max-video-preview":"max-video-preview:-1"},"og_locale":"es_ES","og_type":"article","og_title":"GUZZINI Eco-Packly Papelera para Recogida Selectiva Amarillo - dev6 Erresse","og_description":"EcoPackly, el innovador cubo de basura que ahorra espacio gracias a su dise\u00f1o plegable, es ideal para la recogida selectiva de papel, pl\u00e1stico, vidrio y","og_url":"https:\/\/dev6.erresse-shop.it\/es\/shop\/mobiliario\/cubos-de-basura\/guzzini-eco-packly-papelera-para-recogida-selectiva-amarillo\/","og_site_name":"dev6 Erresse","og_image":[{"url":"https:\/\/interpim.erresse-shop.it\/Import\/Prodotti\/guzzini-eco-packly-pattumiera-per-raccolta-differenziata-giallo.jpg","type":"","width":"","height":""},{"url":"https:\/\/interpim.erresse-shop.it\/Import\/Prodotti\/guzzini-eco-packly-pattumiera-per-raccolta-differenziata-giallo.jpg","width":1024,"height":1024,"type":"image\/jpeg"}],"twitter_card":"summary_large_image","twitter_image":"https:\/\/interpim.erresse-shop.it\/Import\/Prodotti\/guzzini-eco-packly-pattumiera-per-raccolta-differenziata-giallo.jpg","schema":{"@context":"https:\/\/schema.org","@graph":[{"@type":"WebPage","@id":"https:\/\/dev6.erresse-shop.it\/es\/shop\/mobiliario\/cubos-de-basura\/guzzini-eco-packly-papelera-para-recogida-selectiva-amarillo\/","url":"https:\/\/dev6.erresse-shop.it\/es\/shop\/mobiliario\/cubos-de-basura\/guzzini-eco-packly-papelera-para-recogida-selectiva-amarillo\/","name":"GUZZINI Eco-Packly Papelera para Recogida Selectiva Amarillo - dev6 Erresse","isPartOf":{"@id":"https:\/\/dev6.erresse-shop.it\/#website"},"primaryImageOfPage":{"@id":"https:\/\/dev6.erresse-shop.it\/es\/shop\/mobiliario\/cubos-de-basura\/guzzini-eco-packly-papelera-para-recogida-selectiva-amarillo\/#primaryimage"},"image":{"@id":"https:\/\/dev6.erresse-shop.it\/es\/shop\/mobiliario\/cubos-de-basura\/guzzini-eco-packly-papelera-para-recogida-selectiva-amarillo\/#primaryimage"},"thumbnailUrl":"https:\/\/i3.wp.com\/interpim.erresse-shop.it\/Import\/Prodotti\/guzzini-eco-packly-pattumiera-per-raccolta-differenziata-giallo.jpg?ssl=1","datePublished":"2026-04-04T07:54:40+00:00","description":"EcoPackly, el innovador cubo de basura que ahorra espacio gracias a su dise\u00f1o plegable, es ideal para la recogida selectiva de papel, pl\u00e1stico, vidrio y","breadcrumb":{"@id":"https:\/\/dev6.erresse-shop.it\/es\/shop\/mobiliario\/cubos-de-basura\/guzzini-eco-packly-papelera-para-recogida-selectiva-amarillo\/#breadcrumb"},"inLanguage":"es","potentialAction":[{"@type":"ReadAction","target":["https:\/\/dev6.erresse-shop.it\/es\/shop\/mobiliario\/cubos-de-basura\/guzzini-eco-packly-papelera-para-recogida-selectiva-amarillo\/"]}]},{"@type":"ImageObject","inLanguage":"es","@id":"https:\/\/dev6.erresse-shop.it\/es\/shop\/mobiliario\/cubos-de-basura\/guzzini-eco-packly-papelera-para-recogida-selectiva-amarillo\/#primaryimage","url":"https:\/\/i3.wp.com\/interpim.erresse-shop.it\/Import\/Prodotti\/guzzini-eco-packly-pattumiera-per-raccolta-differenziata-giallo.jpg?ssl=1","contentUrl":"https:\/\/i3.wp.com\/interpim.erresse-shop.it\/Import\/Prodotti\/guzzini-eco-packly-pattumiera-per-raccolta-differenziata-giallo.jpg?ssl=1"},{"@type":"BreadcrumbList","@id":"https:\/\/dev6.erresse-shop.it\/es\/shop\/mobiliario\/cubos-de-basura\/guzzini-eco-packly-papelera-para-recogida-selectiva-amarillo\/#breadcrumb","itemListElement":[{"@type":"ListItem","position":1,"name":"Home","item":"https:\/\/dev6.erresse-shop.it\/"},{"@type":"ListItem","position":2,"name":"Tienda","item":"https:\/\/dev6.erresse-shop.it\/shop\/"},{"@type":"ListItem","position":3,"name":"GUZZINI Eco-Packly Papelera para Recogida Selectiva Amarillo"}]},{"@type":"WebSite","@id":"https:\/\/dev6.erresse-shop.it\/#website","url":"https:\/\/dev6.erresse-shop.it\/","name":"Erresse Shop","description":"","publisher":{"@id":"https:\/\/dev6.erresse-shop.it\/#organization"},"potentialAction":[{"@type":"SearchAction","target":{"@type":"EntryPoint","urlTemplate":"https:\/\/dev6.erresse-shop.it\/?s={search_term_string}"},"query-input":{"@type":"PropertyValueSpecification","valueRequired":true,"valueName":"search_term_string"}}],"inLanguage":"es"},{"@type":"Organization","@id":"https:\/\/dev6.erresse-shop.it\/#organization","name":"Erresse Shop","url":"https:\/\/dev6.erresse-shop.it\/","logo":{"@type":"ImageObject","inLanguage":"es","@id":"https:\/\/dev6.erresse-shop.it\/#\/schema\/logo\/image\/","url":"https:\/\/dev6.erresse-shop.it\/wp-content\/uploads\/2025\/01\/LOGO-ERRESSE-CLASSICO.svg","contentUrl":"https:\/\/dev6.erresse-shop.it\/wp-content\/uploads\/2025\/01\/LOGO-ERRESSE-CLASSICO.svg","caption":"Erresse Shop"},"image":{"@id":"https:\/\/dev6.erresse-shop.it\/#\/schema\/logo\/image\/"}}]}},"df_price":24.9,"df_sale_price":"","df_regular_price":24.9,"df_image_link":"https:\/\/i3.wp.com\/interpim.erresse-shop.it\/Import\/Prodotti\/guzzini-eco-packly-pattumiera-per-raccolta-differenziata-giallo.jpg?resize=300,300&ssl=1","fifu_image_url":"https:\/\/interpim.erresse-shop.it\/Import\/Prodotti\/guzzini-eco-packly-pattumiera-per-raccolta-differenziata-giallo.jpg","_links":{"self":[{"href":"https:\/\/dev6.erresse-shop.it\/es\/wp-json\/wp\/v2\/product\/1879934","targetHints":{"allow":["GET"]}}],"collection":[{"href":"https:\/\/dev6.erresse-shop.it\/es\/wp-json\/wp\/v2\/product"}],"about":[{"href":"https:\/\/dev6.erresse-shop.it\/es\/wp-json\/wp\/v2\/types\/product"}],"wp:featuredmedia":[{"embeddable":true,"href":"https:\/\/dev6.erresse-shop.it\/es\/wp-json\/wp\/v2\/media\/6281018"}],"wp:attachment":[{"href":"https:\/\/dev6.erresse-shop.it\/es\/wp-json\/wp\/v2\/media?parent=1879934"}],"wp:term":[{"taxonomy":"product_cat","embeddable":true,"href":"https:\/\/dev6.erresse-shop.it\/es\/wp-json\/wp\/v2\/product_cat?post=1879934"},{"taxonomy":"product_tag","embeddable":true,"href":"https:\/\/dev6.erresse-shop.it\/es\/wp-json\/wp\/v2\/product_tag?post=1879934"}],"curies":[{"name":"wp","href":"https:\/\/api.w.org\/{rel}","templated":true}]}}