{"id":1879926,"date":"2026-04-12T09:57:03","date_gmt":"2026-04-12T07:57:03","guid":{"rendered":"https:\/\/dev6.erresse-shop.it\/shop\/sin%20categor\u00eda\/guzzini-tierra-jarra-con-tapa-arcilla\/"},"modified":"2025-09-14T08:34:25","modified_gmt":"2025-09-14T06:34:25","slug":"guzzini-tierra-jarra-con-tapa-arcilla","status":"publish","type":"product","link":"https:\/\/dev6.erresse-shop.it\/es\/shop\/tabla\/jarras-garaffas-botellas\/guzzini-tierra-jarra-con-tapa-arcilla\/","title":{"rendered":"GUZZINI Tierra Jarra con Tapa Arcilla"},"content":{"rendered":"<p>Una jarra de forma elegante con una pr\u00e1ctica tapa que protege el contenido, especialmente cuando est\u00e1 al aire libre. La rejilla incorporada permite verter el l\u00edquido sin derramar cubitos de hielo ni trozos de<\/p>\n<p>Detalle del color: Arcilla<br \/>\nDimensiones: 18,7 x 13,4 x h26,9 cm \u2013 1800cc<br \/>\nMaterial: Pl\u00e1stico reciclado<br \/>\nDise\u00f1ador: Pio&amp;Tito Toso<br \/>\nFabricado en Italia<\/p>\n","protected":false},"excerpt":{"rendered":"<p>Una jarra de forma elegante con una pr\u00e1ctica tapa que protege el contenido, especialmente cuando est\u00e1 al aire libre. La rejilla incorporada permite verter el l\u00edquido sin derramar cubitos de hielo ni trozos de Detalle del color: Arcilla Dimensiones: 18,7 x 13,4 x h26,9 cm \u2013 1800cc Material: Pl\u00e1stico reciclado Dise\u00f1ador: Pio&amp;Tito Toso Fabricado en [&hellip;]<\/p>\n","protected":false},"featured_media":6364260,"template":"","meta":{"_acf_changed":false},"product_cat":[11899,11887,11671],"product_tag":[],"class_list":{"0":"post-1879926","1":"product","2":"type-product","3":"status-publish","4":"has-post-thumbnail","6":"product_cat-jarras-garaffas-botellas","7":"product_cat-tabla","8":"product_cat-tavola","10":"first","11":"instock","12":"taxable","13":"shipping-taxable","14":"purchasable","15":"product-type-simple","swatches":"rey-swatches","show_selected":"","stretch_labels":"rey-swatches--stretch-labels"},"acf":[],"yoast_head":"<!-- This site is optimized with the Yoast SEO plugin v25.4 - https:\/\/yoast.com\/wordpress\/plugins\/seo\/ -->\n<title>GUZZINI Tierra Jarra con Tapa Arcilla - dev6 Erresse<\/title>\n<meta name=\"description\" content=\"Una jarra de forma elegante con una pr\u00e1ctica tapa que protege el contenido, especialmente cuando est\u00e1 al aire libre. La rejilla incorporada permite verter\" \/>\n<meta name=\"robots\" content=\"noindex, follow, max-snippet:-1, max-image-preview:large, max-video-preview:-1\" \/>\n<meta property=\"og:locale\" content=\"es_ES\" \/>\n<meta property=\"og:type\" content=\"article\" \/>\n<meta property=\"og:title\" content=\"GUZZINI Tierra Jarra con Tapa Arcilla - dev6 Erresse\" \/>\n<meta property=\"og:description\" content=\"Una jarra de forma elegante con una pr\u00e1ctica tapa que protege el contenido, especialmente cuando est\u00e1 al aire libre. La rejilla incorporada permite verter\" \/>\n<meta property=\"og:url\" content=\"https:\/\/dev6.erresse-shop.it\/es\/shop\/tabla\/jarras-garaffas-botellas\/guzzini-tierra-jarra-con-tapa-arcilla\/\" \/>\n<meta property=\"og:site_name\" content=\"dev6 Erresse\" \/>\n<meta property=\"og:image\" content=\"https:\/\/interpim.erresse-shop.it\/Import\/Prodotti\/guzzini-tierra-caraffa-con-coperchio.jpg\" \/><meta property=\"og:image\" content=\"https:\/\/interpim.erresse-shop.it\/Import\/Prodotti\/guzzini-tierra-caraffa-con-coperchio.jpg\" \/>\n\t<meta property=\"og:image:width\" content=\"1024\" \/>\n\t<meta property=\"og:image:height\" content=\"1024\" \/>\n\t<meta property=\"og:image:type\" content=\"image\/jpeg\" \/>\n<meta name=\"twitter:card\" content=\"summary_large_image\" \/>\n<meta name=\"twitter:image\" content=\"https:\/\/interpim.erresse-shop.it\/Import\/Prodotti\/guzzini-tierra-caraffa-con-coperchio.jpg\" \/>\n<script type=\"application\/ld+json\" class=\"yoast-schema-graph\">{\"@context\":\"https:\/\/schema.org\",\"@graph\":[{\"@type\":\"WebPage\",\"@id\":\"https:\/\/dev6.erresse-shop.it\/es\/shop\/tabla\/jarras-garaffas-botellas\/guzzini-tierra-jarra-con-tapa-arcilla\/\",\"url\":\"https:\/\/dev6.erresse-shop.it\/es\/shop\/tabla\/jarras-garaffas-botellas\/guzzini-tierra-jarra-con-tapa-arcilla\/\",\"name\":\"GUZZINI Tierra Jarra con Tapa Arcilla - dev6 Erresse\",\"isPartOf\":{\"@id\":\"https:\/\/dev6.erresse-shop.it\/#website\"},\"primaryImageOfPage\":{\"@id\":\"https:\/\/dev6.erresse-shop.it\/es\/shop\/tabla\/jarras-garaffas-botellas\/guzzini-tierra-jarra-con-tapa-arcilla\/#primaryimage\"},\"image\":{\"@id\":\"https:\/\/dev6.erresse-shop.it\/es\/shop\/tabla\/jarras-garaffas-botellas\/guzzini-tierra-jarra-con-tapa-arcilla\/#primaryimage\"},\"thumbnailUrl\":\"https:\/\/i1.wp.com\/interpim.erresse-shop.it\/Import\/Prodotti\/guzzini-tierra-caraffa-con-coperchio.jpg?ssl=1\",\"datePublished\":\"2026-04-12T07:57:03+00:00\",\"description\":\"Una jarra de forma elegante con una pr\u00e1ctica tapa que protege el contenido, especialmente cuando est\u00e1 al aire libre. La rejilla incorporada permite verter\",\"breadcrumb\":{\"@id\":\"https:\/\/dev6.erresse-shop.it\/es\/shop\/tabla\/jarras-garaffas-botellas\/guzzini-tierra-jarra-con-tapa-arcilla\/#breadcrumb\"},\"inLanguage\":\"es\",\"potentialAction\":[{\"@type\":\"ReadAction\",\"target\":[\"https:\/\/dev6.erresse-shop.it\/es\/shop\/tabla\/jarras-garaffas-botellas\/guzzini-tierra-jarra-con-tapa-arcilla\/\"]}]},{\"@type\":\"ImageObject\",\"inLanguage\":\"es\",\"@id\":\"https:\/\/dev6.erresse-shop.it\/es\/shop\/tabla\/jarras-garaffas-botellas\/guzzini-tierra-jarra-con-tapa-arcilla\/#primaryimage\",\"url\":\"https:\/\/i1.wp.com\/interpim.erresse-shop.it\/Import\/Prodotti\/guzzini-tierra-caraffa-con-coperchio.jpg?ssl=1\",\"contentUrl\":\"https:\/\/i1.wp.com\/interpim.erresse-shop.it\/Import\/Prodotti\/guzzini-tierra-caraffa-con-coperchio.jpg?ssl=1\"},{\"@type\":\"BreadcrumbList\",\"@id\":\"https:\/\/dev6.erresse-shop.it\/es\/shop\/tabla\/jarras-garaffas-botellas\/guzzini-tierra-jarra-con-tapa-arcilla\/#breadcrumb\",\"itemListElement\":[{\"@type\":\"ListItem\",\"position\":1,\"name\":\"Home\",\"item\":\"https:\/\/dev6.erresse-shop.it\/\"},{\"@type\":\"ListItem\",\"position\":2,\"name\":\"Tienda\",\"item\":\"https:\/\/dev6.erresse-shop.it\/shop\/\"},{\"@type\":\"ListItem\",\"position\":3,\"name\":\"GUZZINI Tierra Jarra con Tapa Arcilla\"}]},{\"@type\":\"WebSite\",\"@id\":\"https:\/\/dev6.erresse-shop.it\/#website\",\"url\":\"https:\/\/dev6.erresse-shop.it\/\",\"name\":\"Erresse Shop\",\"description\":\"\",\"publisher\":{\"@id\":\"https:\/\/dev6.erresse-shop.it\/#organization\"},\"potentialAction\":[{\"@type\":\"SearchAction\",\"target\":{\"@type\":\"EntryPoint\",\"urlTemplate\":\"https:\/\/dev6.erresse-shop.it\/?s={search_term_string}\"},\"query-input\":{\"@type\":\"PropertyValueSpecification\",\"valueRequired\":true,\"valueName\":\"search_term_string\"}}],\"inLanguage\":\"es\"},{\"@type\":\"Organization\",\"@id\":\"https:\/\/dev6.erresse-shop.it\/#organization\",\"name\":\"Erresse Shop\",\"url\":\"https:\/\/dev6.erresse-shop.it\/\",\"logo\":{\"@type\":\"ImageObject\",\"inLanguage\":\"es\",\"@id\":\"https:\/\/dev6.erresse-shop.it\/#\/schema\/logo\/image\/\",\"url\":\"https:\/\/dev6.erresse-shop.it\/wp-content\/uploads\/2025\/01\/LOGO-ERRESSE-CLASSICO.svg\",\"contentUrl\":\"https:\/\/dev6.erresse-shop.it\/wp-content\/uploads\/2025\/01\/LOGO-ERRESSE-CLASSICO.svg\",\"caption\":\"Erresse Shop\"},\"image\":{\"@id\":\"https:\/\/dev6.erresse-shop.it\/#\/schema\/logo\/image\/\"}}]}<\/script>\n<!-- \/ Yoast SEO plugin. -->","yoast_head_json":{"title":"GUZZINI Tierra Jarra con Tapa Arcilla - dev6 Erresse","description":"Una jarra de forma elegante con una pr\u00e1ctica tapa que protege el contenido, especialmente cuando est\u00e1 al aire libre. La rejilla incorporada permite verter","robots":{"index":"noindex","follow":"follow","max-snippet":"max-snippet:-1","max-image-preview":"max-image-preview:large","max-video-preview":"max-video-preview:-1"},"og_locale":"es_ES","og_type":"article","og_title":"GUZZINI Tierra Jarra con Tapa Arcilla - dev6 Erresse","og_description":"Una jarra de forma elegante con una pr\u00e1ctica tapa que protege el contenido, especialmente cuando est\u00e1 al aire libre. La rejilla incorporada permite verter","og_url":"https:\/\/dev6.erresse-shop.it\/es\/shop\/tabla\/jarras-garaffas-botellas\/guzzini-tierra-jarra-con-tapa-arcilla\/","og_site_name":"dev6 Erresse","og_image":[{"url":"https:\/\/interpim.erresse-shop.it\/Import\/Prodotti\/guzzini-tierra-caraffa-con-coperchio.jpg","type":"","width":"","height":""},{"url":"https:\/\/interpim.erresse-shop.it\/Import\/Prodotti\/guzzini-tierra-caraffa-con-coperchio.jpg","width":1024,"height":1024,"type":"image\/jpeg"}],"twitter_card":"summary_large_image","twitter_image":"https:\/\/interpim.erresse-shop.it\/Import\/Prodotti\/guzzini-tierra-caraffa-con-coperchio.jpg","schema":{"@context":"https:\/\/schema.org","@graph":[{"@type":"WebPage","@id":"https:\/\/dev6.erresse-shop.it\/es\/shop\/tabla\/jarras-garaffas-botellas\/guzzini-tierra-jarra-con-tapa-arcilla\/","url":"https:\/\/dev6.erresse-shop.it\/es\/shop\/tabla\/jarras-garaffas-botellas\/guzzini-tierra-jarra-con-tapa-arcilla\/","name":"GUZZINI Tierra Jarra con Tapa Arcilla - dev6 Erresse","isPartOf":{"@id":"https:\/\/dev6.erresse-shop.it\/#website"},"primaryImageOfPage":{"@id":"https:\/\/dev6.erresse-shop.it\/es\/shop\/tabla\/jarras-garaffas-botellas\/guzzini-tierra-jarra-con-tapa-arcilla\/#primaryimage"},"image":{"@id":"https:\/\/dev6.erresse-shop.it\/es\/shop\/tabla\/jarras-garaffas-botellas\/guzzini-tierra-jarra-con-tapa-arcilla\/#primaryimage"},"thumbnailUrl":"https:\/\/i1.wp.com\/interpim.erresse-shop.it\/Import\/Prodotti\/guzzini-tierra-caraffa-con-coperchio.jpg?ssl=1","datePublished":"2026-04-12T07:57:03+00:00","description":"Una jarra de forma elegante con una pr\u00e1ctica tapa que protege el contenido, especialmente cuando est\u00e1 al aire libre. La rejilla incorporada permite verter","breadcrumb":{"@id":"https:\/\/dev6.erresse-shop.it\/es\/shop\/tabla\/jarras-garaffas-botellas\/guzzini-tierra-jarra-con-tapa-arcilla\/#breadcrumb"},"inLanguage":"es","potentialAction":[{"@type":"ReadAction","target":["https:\/\/dev6.erresse-shop.it\/es\/shop\/tabla\/jarras-garaffas-botellas\/guzzini-tierra-jarra-con-tapa-arcilla\/"]}]},{"@type":"ImageObject","inLanguage":"es","@id":"https:\/\/dev6.erresse-shop.it\/es\/shop\/tabla\/jarras-garaffas-botellas\/guzzini-tierra-jarra-con-tapa-arcilla\/#primaryimage","url":"https:\/\/i1.wp.com\/interpim.erresse-shop.it\/Import\/Prodotti\/guzzini-tierra-caraffa-con-coperchio.jpg?ssl=1","contentUrl":"https:\/\/i1.wp.com\/interpim.erresse-shop.it\/Import\/Prodotti\/guzzini-tierra-caraffa-con-coperchio.jpg?ssl=1"},{"@type":"BreadcrumbList","@id":"https:\/\/dev6.erresse-shop.it\/es\/shop\/tabla\/jarras-garaffas-botellas\/guzzini-tierra-jarra-con-tapa-arcilla\/#breadcrumb","itemListElement":[{"@type":"ListItem","position":1,"name":"Home","item":"https:\/\/dev6.erresse-shop.it\/"},{"@type":"ListItem","position":2,"name":"Tienda","item":"https:\/\/dev6.erresse-shop.it\/shop\/"},{"@type":"ListItem","position":3,"name":"GUZZINI Tierra Jarra con Tapa Arcilla"}]},{"@type":"WebSite","@id":"https:\/\/dev6.erresse-shop.it\/#website","url":"https:\/\/dev6.erresse-shop.it\/","name":"Erresse Shop","description":"","publisher":{"@id":"https:\/\/dev6.erresse-shop.it\/#organization"},"potentialAction":[{"@type":"SearchAction","target":{"@type":"EntryPoint","urlTemplate":"https:\/\/dev6.erresse-shop.it\/?s={search_term_string}"},"query-input":{"@type":"PropertyValueSpecification","valueRequired":true,"valueName":"search_term_string"}}],"inLanguage":"es"},{"@type":"Organization","@id":"https:\/\/dev6.erresse-shop.it\/#organization","name":"Erresse Shop","url":"https:\/\/dev6.erresse-shop.it\/","logo":{"@type":"ImageObject","inLanguage":"es","@id":"https:\/\/dev6.erresse-shop.it\/#\/schema\/logo\/image\/","url":"https:\/\/dev6.erresse-shop.it\/wp-content\/uploads\/2025\/01\/LOGO-ERRESSE-CLASSICO.svg","contentUrl":"https:\/\/dev6.erresse-shop.it\/wp-content\/uploads\/2025\/01\/LOGO-ERRESSE-CLASSICO.svg","caption":"Erresse Shop"},"image":{"@id":"https:\/\/dev6.erresse-shop.it\/#\/schema\/logo\/image\/"}}]}},"df_price":26,"df_sale_price":"","df_regular_price":26,"df_image_link":"https:\/\/i1.wp.com\/interpim.erresse-shop.it\/Import\/Prodotti\/guzzini-tierra-caraffa-con-coperchio.jpg?resize=300,300&ssl=1","fifu_image_url":"https:\/\/interpim.erresse-shop.it\/Import\/Prodotti\/guzzini-tierra-caraffa-con-coperchio.jpg","_links":{"self":[{"href":"https:\/\/dev6.erresse-shop.it\/es\/wp-json\/wp\/v2\/product\/1879926","targetHints":{"allow":["GET"]}}],"collection":[{"href":"https:\/\/dev6.erresse-shop.it\/es\/wp-json\/wp\/v2\/product"}],"about":[{"href":"https:\/\/dev6.erresse-shop.it\/es\/wp-json\/wp\/v2\/types\/product"}],"wp:featuredmedia":[{"embeddable":true,"href":"https:\/\/dev6.erresse-shop.it\/es\/wp-json\/wp\/v2\/media\/6364260"}],"wp:attachment":[{"href":"https:\/\/dev6.erresse-shop.it\/es\/wp-json\/wp\/v2\/media?parent=1879926"}],"wp:term":[{"taxonomy":"product_cat","embeddable":true,"href":"https:\/\/dev6.erresse-shop.it\/es\/wp-json\/wp\/v2\/product_cat?post=1879926"},{"taxonomy":"product_tag","embeddable":true,"href":"https:\/\/dev6.erresse-shop.it\/es\/wp-json\/wp\/v2\/product_tag?post=1879926"}],"curies":[{"name":"wp","href":"https:\/\/api.w.org\/{rel}","templated":true}]}}