{"id":1879900,"date":"2026-04-12T09:55:22","date_gmt":"2026-04-12T07:55:22","guid":{"rendered":"https:\/\/dev6.erresse-shop.it\/shop\/sin%20categor\u00eda\/joseph-joseph-tota-cesto-de-la-ropa-60-litri-verde\/"},"modified":"2025-07-04T22:36:23","modified_gmt":"2025-07-04T20:36:23","slug":"joseph-joseph-tota-cesto-de-la-ropa-60-litri-verde","status":"publish","type":"product","link":"https:\/\/dev6.erresse-shop.it\/es\/shop\/mobiliario\/cuarto-de-bano\/joseph-joseph-tota-cesto-de-la-ropa-60-litri-verde\/","title":{"rendered":"JOSEPH JOSEPH Tota Cesto de la ropa 60 litri Verde"},"content":{"rendered":"<p>Joseph Joseph, l\u00edder mundial en la fabricaci\u00f3n de art\u00edculos de cocina y hogar. Fundada en 2003, Joseph Joseph fusiona un dise\u00f1o innovador con un estilo moderno. El uso del color caracteriza inequ\u00edvocamente a los productos y su cuidado dise\u00f1o los hace absolutamente funcionales y pr\u00e1cticos.<\/p>\n<p>Caracter\u00edsticas:<br \/>\nReduzca las tareas de lavander\u00eda separando las prendas claras de las oscuras o de color, gracias a los dos compartimentos de este elegante cesto de la ropa.<br \/>\nDos compartimentos de 30 litros para separar f\u00e1cilmente los tejidos<br \/>\nBolsas de lona desmontables con asas f\u00e1ciles de transportar<br \/>\nEl asa en el fondo de las bolsas facilita el vaciado<br \/>\nRetorno r\u00e1pido: las bolsas se devuelven autom\u00e1ticamente a la cesta<br \/>\nPerfecto para dormitorios, ba\u00f1os o lavander\u00edas<br \/>\nSe suministra embalado con instrucciones completas de montaje<\/p>\n<p>Precauciones y uso<br \/>\nBolsas de lona lavables a m\u00e1quina, compruebe la etiqueta del art\u00edculo, retire el forro de pl\u00e1stico antes de lavarlo<br \/>\nExterior de tela, se recomienda lavar a mano<br \/>\nTapa, dobladillo y marco: limpiar con un pa\u00f1o h\u00famedo<br \/>\nEvite sentarse o colocar objetos pesados en la cesta<br \/>\nMantenga la cesta fuera del alcance de los ni\u00f1os<br \/>\nEl usuario debe realizar el montaje<\/p>\n<p>Dimensiones:<br \/>\nH71 x W39.5 x D39.5 cm (H28 x W15\u00be x D15\u00be pulgadas)<br \/>\nComposici\u00f3n del tejido<br \/>\nBolsa de lona \u2013 100% algod\u00f3n<br \/>\nExterior \u2013 100% poli\u00e9ster<\/p>\n","protected":false},"excerpt":{"rendered":"<p>Joseph Joseph, l\u00edder mundial en la fabricaci\u00f3n de art\u00edculos de cocina y hogar. Fundada en 2003, Joseph Joseph fusiona un dise\u00f1o innovador con un estilo moderno. El uso del color caracteriza inequ\u00edvocamente a los productos y su cuidado dise\u00f1o los hace absolutamente funcionales y pr\u00e1cticos. Caracter\u00edsticas: Reduzca las tareas de lavander\u00eda separando las prendas claras [&hellip;]<\/p>\n","protected":false},"featured_media":6364129,"template":"","meta":{"_acf_changed":false},"product_cat":[11966,11882],"product_tag":[],"class_list":{"0":"post-1879900","1":"product","2":"type-product","3":"status-publish","4":"has-post-thumbnail","6":"product_cat-cuarto-de-bano","7":"product_cat-mobiliario","9":"first","10":"instock","11":"sale","12":"taxable","13":"shipping-taxable","14":"purchasable","15":"product-type-simple","swatches":"rey-swatches","show_selected":"","stretch_labels":"rey-swatches--stretch-labels"},"acf":[],"yoast_head":"<!-- This site is optimized with the Yoast SEO plugin v25.4 - https:\/\/yoast.com\/wordpress\/plugins\/seo\/ -->\n<title>JOSEPH JOSEPH Tota Cesto de la ropa 60 litri Verde - dev6 Erresse<\/title>\n<meta name=\"description\" content=\"Joseph Joseph, l\u00edder mundial en la fabricaci\u00f3n de art\u00edculos de cocina y hogar. Fundada en 2003, Joseph Joseph fusiona un dise\u00f1o innovador con un estilo\" \/>\n<meta name=\"robots\" content=\"noindex, follow, max-snippet:-1, max-image-preview:large, max-video-preview:-1\" \/>\n<meta property=\"og:locale\" content=\"es_ES\" \/>\n<meta property=\"og:type\" content=\"article\" \/>\n<meta property=\"og:title\" content=\"JOSEPH JOSEPH Tota Cesto de la ropa 60 litri Verde - dev6 Erresse\" \/>\n<meta property=\"og:description\" content=\"Joseph Joseph, l\u00edder mundial en la fabricaci\u00f3n de art\u00edculos de cocina y hogar. Fundada en 2003, Joseph Joseph fusiona un dise\u00f1o innovador con un estilo\" \/>\n<meta property=\"og:url\" content=\"https:\/\/dev6.erresse-shop.it\/es\/shop\/mobiliario\/cuarto-de-bano\/joseph-joseph-tota-cesto-de-la-ropa-60-litri-verde\/\" \/>\n<meta property=\"og:site_name\" content=\"dev6 Erresse\" \/>\n<meta property=\"og:image\" content=\"https:\/\/interpim.erresse-shop.it\/Import\/Prodotti\/joseph-joseph-tota-cesto-da-biancheria-60-litri-verde-1.jpg\" \/><meta property=\"og:image\" content=\"https:\/\/interpim.erresse-shop.it\/Import\/Prodotti\/joseph-joseph-tota-cesto-da-biancheria-60-litri-verde-1.jpg\" \/>\n\t<meta property=\"og:image:width\" content=\"1024\" \/>\n\t<meta property=\"og:image:height\" content=\"1024\" \/>\n\t<meta property=\"og:image:type\" content=\"image\/jpeg\" \/>\n<meta name=\"twitter:card\" content=\"summary_large_image\" \/>\n<meta name=\"twitter:image\" content=\"https:\/\/interpim.erresse-shop.it\/Import\/Prodotti\/joseph-joseph-tota-cesto-da-biancheria-60-litri-verde-1.jpg\" \/>\n<script type=\"application\/ld+json\" class=\"yoast-schema-graph\">{\"@context\":\"https:\/\/schema.org\",\"@graph\":[{\"@type\":\"WebPage\",\"@id\":\"https:\/\/dev6.erresse-shop.it\/es\/shop\/mobiliario\/cuarto-de-bano\/joseph-joseph-tota-cesto-de-la-ropa-60-litri-verde\/\",\"url\":\"https:\/\/dev6.erresse-shop.it\/es\/shop\/mobiliario\/cuarto-de-bano\/joseph-joseph-tota-cesto-de-la-ropa-60-litri-verde\/\",\"name\":\"JOSEPH JOSEPH Tota Cesto de la ropa 60 litri Verde - dev6 Erresse\",\"isPartOf\":{\"@id\":\"https:\/\/dev6.erresse-shop.it\/#website\"},\"primaryImageOfPage\":{\"@id\":\"https:\/\/dev6.erresse-shop.it\/es\/shop\/mobiliario\/cuarto-de-bano\/joseph-joseph-tota-cesto-de-la-ropa-60-litri-verde\/#primaryimage\"},\"image\":{\"@id\":\"https:\/\/dev6.erresse-shop.it\/es\/shop\/mobiliario\/cuarto-de-bano\/joseph-joseph-tota-cesto-de-la-ropa-60-litri-verde\/#primaryimage\"},\"thumbnailUrl\":\"https:\/\/i0.wp.com\/interpim.erresse-shop.it\/Import\/Prodotti\/joseph-joseph-tota-cesto-da-biancheria-60-litri-verde-1.jpg?ssl=1\",\"datePublished\":\"2026-04-12T07:55:22+00:00\",\"description\":\"Joseph Joseph, l\u00edder mundial en la fabricaci\u00f3n de art\u00edculos de cocina y hogar. Fundada en 2003, Joseph Joseph fusiona un dise\u00f1o innovador con un estilo\",\"breadcrumb\":{\"@id\":\"https:\/\/dev6.erresse-shop.it\/es\/shop\/mobiliario\/cuarto-de-bano\/joseph-joseph-tota-cesto-de-la-ropa-60-litri-verde\/#breadcrumb\"},\"inLanguage\":\"es\",\"potentialAction\":[{\"@type\":\"ReadAction\",\"target\":[\"https:\/\/dev6.erresse-shop.it\/es\/shop\/mobiliario\/cuarto-de-bano\/joseph-joseph-tota-cesto-de-la-ropa-60-litri-verde\/\"]}]},{\"@type\":\"ImageObject\",\"inLanguage\":\"es\",\"@id\":\"https:\/\/dev6.erresse-shop.it\/es\/shop\/mobiliario\/cuarto-de-bano\/joseph-joseph-tota-cesto-de-la-ropa-60-litri-verde\/#primaryimage\",\"url\":\"https:\/\/i0.wp.com\/interpim.erresse-shop.it\/Import\/Prodotti\/joseph-joseph-tota-cesto-da-biancheria-60-litri-verde-1.jpg?ssl=1\",\"contentUrl\":\"https:\/\/i0.wp.com\/interpim.erresse-shop.it\/Import\/Prodotti\/joseph-joseph-tota-cesto-da-biancheria-60-litri-verde-1.jpg?ssl=1\"},{\"@type\":\"BreadcrumbList\",\"@id\":\"https:\/\/dev6.erresse-shop.it\/es\/shop\/mobiliario\/cuarto-de-bano\/joseph-joseph-tota-cesto-de-la-ropa-60-litri-verde\/#breadcrumb\",\"itemListElement\":[{\"@type\":\"ListItem\",\"position\":1,\"name\":\"Home\",\"item\":\"https:\/\/dev6.erresse-shop.it\/\"},{\"@type\":\"ListItem\",\"position\":2,\"name\":\"Tienda\",\"item\":\"https:\/\/dev6.erresse-shop.it\/shop\/\"},{\"@type\":\"ListItem\",\"position\":3,\"name\":\"JOSEPH JOSEPH Tota Cesto de la ropa 60 litri Verde\"}]},{\"@type\":\"WebSite\",\"@id\":\"https:\/\/dev6.erresse-shop.it\/#website\",\"url\":\"https:\/\/dev6.erresse-shop.it\/\",\"name\":\"Erresse Shop\",\"description\":\"\",\"publisher\":{\"@id\":\"https:\/\/dev6.erresse-shop.it\/#organization\"},\"potentialAction\":[{\"@type\":\"SearchAction\",\"target\":{\"@type\":\"EntryPoint\",\"urlTemplate\":\"https:\/\/dev6.erresse-shop.it\/?s={search_term_string}\"},\"query-input\":{\"@type\":\"PropertyValueSpecification\",\"valueRequired\":true,\"valueName\":\"search_term_string\"}}],\"inLanguage\":\"es\"},{\"@type\":\"Organization\",\"@id\":\"https:\/\/dev6.erresse-shop.it\/#organization\",\"name\":\"Erresse Shop\",\"url\":\"https:\/\/dev6.erresse-shop.it\/\",\"logo\":{\"@type\":\"ImageObject\",\"inLanguage\":\"es\",\"@id\":\"https:\/\/dev6.erresse-shop.it\/#\/schema\/logo\/image\/\",\"url\":\"https:\/\/dev6.erresse-shop.it\/wp-content\/uploads\/2025\/01\/LOGO-ERRESSE-CLASSICO.svg\",\"contentUrl\":\"https:\/\/dev6.erresse-shop.it\/wp-content\/uploads\/2025\/01\/LOGO-ERRESSE-CLASSICO.svg\",\"caption\":\"Erresse Shop\"},\"image\":{\"@id\":\"https:\/\/dev6.erresse-shop.it\/#\/schema\/logo\/image\/\"}}]}<\/script>\n<!-- \/ Yoast SEO plugin. -->","yoast_head_json":{"title":"JOSEPH JOSEPH Tota Cesto de la ropa 60 litri Verde - dev6 Erresse","description":"Joseph Joseph, l\u00edder mundial en la fabricaci\u00f3n de art\u00edculos de cocina y hogar. Fundada en 2003, Joseph Joseph fusiona un dise\u00f1o innovador con un estilo","robots":{"index":"noindex","follow":"follow","max-snippet":"max-snippet:-1","max-image-preview":"max-image-preview:large","max-video-preview":"max-video-preview:-1"},"og_locale":"es_ES","og_type":"article","og_title":"JOSEPH JOSEPH Tota Cesto de la ropa 60 litri Verde - dev6 Erresse","og_description":"Joseph Joseph, l\u00edder mundial en la fabricaci\u00f3n de art\u00edculos de cocina y hogar. Fundada en 2003, Joseph Joseph fusiona un dise\u00f1o innovador con un estilo","og_url":"https:\/\/dev6.erresse-shop.it\/es\/shop\/mobiliario\/cuarto-de-bano\/joseph-joseph-tota-cesto-de-la-ropa-60-litri-verde\/","og_site_name":"dev6 Erresse","og_image":[{"url":"https:\/\/interpim.erresse-shop.it\/Import\/Prodotti\/joseph-joseph-tota-cesto-da-biancheria-60-litri-verde-1.jpg","type":"","width":"","height":""},{"url":"https:\/\/interpim.erresse-shop.it\/Import\/Prodotti\/joseph-joseph-tota-cesto-da-biancheria-60-litri-verde-1.jpg","width":1024,"height":1024,"type":"image\/jpeg"}],"twitter_card":"summary_large_image","twitter_image":"https:\/\/interpim.erresse-shop.it\/Import\/Prodotti\/joseph-joseph-tota-cesto-da-biancheria-60-litri-verde-1.jpg","schema":{"@context":"https:\/\/schema.org","@graph":[{"@type":"WebPage","@id":"https:\/\/dev6.erresse-shop.it\/es\/shop\/mobiliario\/cuarto-de-bano\/joseph-joseph-tota-cesto-de-la-ropa-60-litri-verde\/","url":"https:\/\/dev6.erresse-shop.it\/es\/shop\/mobiliario\/cuarto-de-bano\/joseph-joseph-tota-cesto-de-la-ropa-60-litri-verde\/","name":"JOSEPH JOSEPH Tota Cesto de la ropa 60 litri Verde - dev6 Erresse","isPartOf":{"@id":"https:\/\/dev6.erresse-shop.it\/#website"},"primaryImageOfPage":{"@id":"https:\/\/dev6.erresse-shop.it\/es\/shop\/mobiliario\/cuarto-de-bano\/joseph-joseph-tota-cesto-de-la-ropa-60-litri-verde\/#primaryimage"},"image":{"@id":"https:\/\/dev6.erresse-shop.it\/es\/shop\/mobiliario\/cuarto-de-bano\/joseph-joseph-tota-cesto-de-la-ropa-60-litri-verde\/#primaryimage"},"thumbnailUrl":"https:\/\/i0.wp.com\/interpim.erresse-shop.it\/Import\/Prodotti\/joseph-joseph-tota-cesto-da-biancheria-60-litri-verde-1.jpg?ssl=1","datePublished":"2026-04-12T07:55:22+00:00","description":"Joseph Joseph, l\u00edder mundial en la fabricaci\u00f3n de art\u00edculos de cocina y hogar. Fundada en 2003, Joseph Joseph fusiona un dise\u00f1o innovador con un estilo","breadcrumb":{"@id":"https:\/\/dev6.erresse-shop.it\/es\/shop\/mobiliario\/cuarto-de-bano\/joseph-joseph-tota-cesto-de-la-ropa-60-litri-verde\/#breadcrumb"},"inLanguage":"es","potentialAction":[{"@type":"ReadAction","target":["https:\/\/dev6.erresse-shop.it\/es\/shop\/mobiliario\/cuarto-de-bano\/joseph-joseph-tota-cesto-de-la-ropa-60-litri-verde\/"]}]},{"@type":"ImageObject","inLanguage":"es","@id":"https:\/\/dev6.erresse-shop.it\/es\/shop\/mobiliario\/cuarto-de-bano\/joseph-joseph-tota-cesto-de-la-ropa-60-litri-verde\/#primaryimage","url":"https:\/\/i0.wp.com\/interpim.erresse-shop.it\/Import\/Prodotti\/joseph-joseph-tota-cesto-da-biancheria-60-litri-verde-1.jpg?ssl=1","contentUrl":"https:\/\/i0.wp.com\/interpim.erresse-shop.it\/Import\/Prodotti\/joseph-joseph-tota-cesto-da-biancheria-60-litri-verde-1.jpg?ssl=1"},{"@type":"BreadcrumbList","@id":"https:\/\/dev6.erresse-shop.it\/es\/shop\/mobiliario\/cuarto-de-bano\/joseph-joseph-tota-cesto-de-la-ropa-60-litri-verde\/#breadcrumb","itemListElement":[{"@type":"ListItem","position":1,"name":"Home","item":"https:\/\/dev6.erresse-shop.it\/"},{"@type":"ListItem","position":2,"name":"Tienda","item":"https:\/\/dev6.erresse-shop.it\/shop\/"},{"@type":"ListItem","position":3,"name":"JOSEPH JOSEPH Tota Cesto de la ropa 60 litri Verde"}]},{"@type":"WebSite","@id":"https:\/\/dev6.erresse-shop.it\/#website","url":"https:\/\/dev6.erresse-shop.it\/","name":"Erresse Shop","description":"","publisher":{"@id":"https:\/\/dev6.erresse-shop.it\/#organization"},"potentialAction":[{"@type":"SearchAction","target":{"@type":"EntryPoint","urlTemplate":"https:\/\/dev6.erresse-shop.it\/?s={search_term_string}"},"query-input":{"@type":"PropertyValueSpecification","valueRequired":true,"valueName":"search_term_string"}}],"inLanguage":"es"},{"@type":"Organization","@id":"https:\/\/dev6.erresse-shop.it\/#organization","name":"Erresse Shop","url":"https:\/\/dev6.erresse-shop.it\/","logo":{"@type":"ImageObject","inLanguage":"es","@id":"https:\/\/dev6.erresse-shop.it\/#\/schema\/logo\/image\/","url":"https:\/\/dev6.erresse-shop.it\/wp-content\/uploads\/2025\/01\/LOGO-ERRESSE-CLASSICO.svg","contentUrl":"https:\/\/dev6.erresse-shop.it\/wp-content\/uploads\/2025\/01\/LOGO-ERRESSE-CLASSICO.svg","caption":"Erresse Shop"},"image":{"@id":"https:\/\/dev6.erresse-shop.it\/#\/schema\/logo\/image\/"}}]}},"df_price":89,"df_sale_price":89,"df_regular_price":99.99,"df_image_link":"https:\/\/i0.wp.com\/interpim.erresse-shop.it\/Import\/Prodotti\/joseph-joseph-tota-cesto-da-biancheria-60-litri-verde-1.jpg?resize=300,300&ssl=1","fifu_image_url":"https:\/\/interpim.erresse-shop.it\/Import\/Prodotti\/joseph-joseph-tota-cesto-da-biancheria-60-litri-verde-1.jpg","_links":{"self":[{"href":"https:\/\/dev6.erresse-shop.it\/es\/wp-json\/wp\/v2\/product\/1879900","targetHints":{"allow":["GET"]}}],"collection":[{"href":"https:\/\/dev6.erresse-shop.it\/es\/wp-json\/wp\/v2\/product"}],"about":[{"href":"https:\/\/dev6.erresse-shop.it\/es\/wp-json\/wp\/v2\/types\/product"}],"wp:featuredmedia":[{"embeddable":true,"href":"https:\/\/dev6.erresse-shop.it\/es\/wp-json\/wp\/v2\/media\/6364129"}],"wp:attachment":[{"href":"https:\/\/dev6.erresse-shop.it\/es\/wp-json\/wp\/v2\/media?parent=1879900"}],"wp:term":[{"taxonomy":"product_cat","embeddable":true,"href":"https:\/\/dev6.erresse-shop.it\/es\/wp-json\/wp\/v2\/product_cat?post=1879900"},{"taxonomy":"product_tag","embeddable":true,"href":"https:\/\/dev6.erresse-shop.it\/es\/wp-json\/wp\/v2\/product_tag?post=1879900"}],"curies":[{"name":"wp","href":"https:\/\/api.w.org\/{rel}","templated":true}]}}