{"id":1879868,"date":"2026-04-04T09:53:01","date_gmt":"2026-04-04T07:53:01","guid":{"rendered":"https:\/\/dev6.erresse-shop.it\/shop\/sin%20categor\u00eda\/le-creuset-cocotte-redonda-de-hierro-fundido-evolution-26-cm-nectar\/"},"modified":"2025-09-14T08:33:05","modified_gmt":"2025-09-14T06:33:05","slug":"le-creuset-cocotte-redonda-de-hierro-fundido-evolution-26-cm-nectar","status":"publish","type":"product","link":"https:\/\/dev6.erresse-shop.it\/es\/shop\/sartenes-y-ollas\/marmitas-y-cocottes\/le-creuset-cocotte-redonda-de-hierro-fundido-evolution-26-cm-nectar\/","title":{"rendered":"LE CREUSET Cocotte Redonda de Hierro Fundido Evolution 26 cm Nectar"},"content":{"rendered":"<p class=\"mb-3\" style=\"text-align: justify;\">LA REINA DE LA COCINA<br \/>\nDesde hace casi un siglo enamora a cocineros y chefs de todo el mundo: es la cocotte Le Creuset, un aut\u00e9ntico cl\u00e1sico. Perfectamente construido para hacer de cada una de tus recetas una obra maestra de sabor, ser\u00e1 tu aliado inseparable para preparar guisos, asados, sopas y guisos, pero tambi\u00e9n para cocinar al horno.<\/p>\n<p style=\"text-align: justify;\">La cocotte redonda Le Creuset Evolution es indispensable en todas las cocinas para poder preparar platos sabrosos y saludables. Gracias a su versatilidad, la cocotte redonda Le Creuset se convertir\u00e1 en tu aliada del d\u00eda a d\u00eda para cocinar verduras, risottos, salsas, pan y mil recetas m\u00e1s para sorprender a todos tus invitados.<br \/>\nEl hierro fundido esmaltado, al ser un excelente conductor del calor, es uno de los mejores materiales para utilizar en la cocina. Adem\u00e1s, el fondo, las paredes y la tapa tienen el mismo espesor, lo que garantiza una absorci\u00f3n y distribuci\u00f3n uniforme del calor, sin crear zonas sobrecalentadas. El resultado es que la comida no se quema ni queda cruda por dentro. Adem\u00e1s, no pierden l\u00edquidos durante la cocci\u00f3n, lo que les permite conservar sus nutrientes y vitaminas.<\/p>\n<p style=\"text-align: justify;\">Generaci\u00f3n tras generaci\u00f3n, la cocotte Le Creuset de hierro fundido esmaltado se ha convertido en sin\u00f3nimo de buena cocina y gran calidad, llevando la cocina saludable a la altura de lo m\u00e1s refinado a las mesas y cocinas de todo el mundo. las recetas del mundo.<\/p>\n<p style=\"text-align: justify;\">Propiedades de las cocottes de hierro fundido esmaltado:<\/p>\n<p style=\"text-align: justify;\">\u2013 Distribuci\u00f3n uniforme del calor sin sobrecalentamiento de \u00e1reas.<br \/>\n\u2013 Excelente retenci\u00f3n del calor.<br \/>\n\u2013 Pomo de acero inoxidable resistente a cualquier temperatura.<br \/>\n\u2013 Asas dise\u00f1adas para un excelente agarre.<br \/>\n\u2013 Superficie interna y externa vitrificada. No absorbe humedad, sabor ni olor de los alimentos.<br \/>\n\u2013 Recomendado por los mejores chefs y bloggers para hacer pan al horno.<br \/>\n\u2013 F\u00e1cil limpieza.<br \/>\n\u2013 Durabilidad excepcional.<\/p>\n<p>Material: hierro fundido vitrificado<br \/>\nFabricado en: Francia<br \/>\nGarant\u00eda: de por vida<\/p>\n<p>Capacidad: 5,3 L<\/p>\n<p>Fuente de calor:<\/p>\n<p>Horno<br \/>\nHorno modo grill<br \/>\nCocina el\u00e9ctrica<br \/>\nVidrio cer\u00e1mico<br \/>\nEncimera de gas<br \/>\nPlaca de inducci\u00f3n<\/p>\n<p>Limpieza y cuidado:<\/p>\n<p>Espera a que el producto se enfr\u00ede antes de comenzar a limpiarlo.<br \/>\nLimpie los restos de la base y los lados del producto. Si hay comida atascada, llene el producto con agua tibia y jab\u00f3n y d\u00e9jelo en remojo durante 15 a 20 minutos antes de lavarlo como de costumbre.<br \/>\nNo utilizar limpiadores abrasivos ni esponjas o cepillos met\u00e1licos, abrasivos o muy r\u00edgidos en ninguna de las superficies.<br \/>\nSecar bien despu\u00e9s del lavado y guardar en un lugar seco.<\/p>\n","protected":false},"excerpt":{"rendered":"<p>LA REINA DE LA COCINA Desde hace casi un siglo enamora a cocineros y chefs de todo el mundo: es la cocotte Le Creuset, un aut\u00e9ntico cl\u00e1sico. Perfectamente construido para hacer de cada una de tus recetas una obra maestra de sabor, ser\u00e1 tu aliado inseparable para preparar guisos, asados, sopas y guisos, pero tambi\u00e9n [&hellip;]<\/p>\n","protected":false},"featured_media":6280625,"template":"","meta":{"_acf_changed":false},"product_cat":[11892,11667,11883],"product_tag":[],"class_list":{"0":"post-1879868","1":"product","2":"type-product","3":"status-publish","4":"has-post-thumbnail","6":"product_cat-marmitas-y-cocottes","7":"product_cat-padelle-pentole","8":"product_cat-sartenes-y-ollas","10":"first","11":"instock","12":"sale","13":"taxable","14":"shipping-taxable","15":"purchasable","16":"product-type-simple","swatches":"rey-swatches","show_selected":"","stretch_labels":"rey-swatches--stretch-labels"},"acf":[],"yoast_head":"<!-- This site is optimized with the Yoast SEO plugin v25.4 - https:\/\/yoast.com\/wordpress\/plugins\/seo\/ -->\n<title>LE CREUSET Cocotte Redonda de Hierro Fundido Evolution 26 cm Nectar - dev6 Erresse<\/title>\n<meta name=\"description\" content=\"LA REINA DE LA COCINA Desde hace casi un siglo enamora a cocineros y chefs de todo el mundo: es la cocotte Le Creuset, un aut\u00e9ntico cl\u00e1sico. Perfectamente\" \/>\n<meta name=\"robots\" content=\"noindex, follow, max-snippet:-1, max-image-preview:large, max-video-preview:-1\" \/>\n<meta property=\"og:locale\" content=\"es_ES\" \/>\n<meta property=\"og:type\" content=\"article\" \/>\n<meta property=\"og:title\" content=\"LE CREUSET Cocotte Redonda de Hierro Fundido Evolution 26 cm Nectar - dev6 Erresse\" \/>\n<meta property=\"og:description\" content=\"LA REINA DE LA COCINA Desde hace casi un siglo enamora a cocineros y chefs de todo el mundo: es la cocotte Le Creuset, un aut\u00e9ntico cl\u00e1sico. Perfectamente\" \/>\n<meta property=\"og:url\" content=\"https:\/\/dev6.erresse-shop.it\/es\/shop\/sartenes-y-ollas\/marmitas-y-cocottes\/le-creuset-cocotte-redonda-de-hierro-fundido-evolution-26-cm-nectar\/\" \/>\n<meta property=\"og:site_name\" content=\"dev6 Erresse\" \/>\n<meta property=\"og:image\" content=\"https:\/\/interpim.erresse-shop.it\/Import\/Prodotti\/le-creuset-cocotte-rotonda-evolution-in-ghisa-20-cm-nectar.jpg\" \/><meta property=\"og:image\" content=\"https:\/\/interpim.erresse-shop.it\/Import\/Prodotti\/le-creuset-cocotte-rotonda-evolution-in-ghisa-20-cm-nectar.jpg\" \/>\n\t<meta property=\"og:image:width\" content=\"1024\" \/>\n\t<meta property=\"og:image:height\" content=\"1024\" \/>\n\t<meta property=\"og:image:type\" content=\"image\/jpeg\" \/>\n<meta name=\"twitter:card\" content=\"summary_large_image\" \/>\n<meta name=\"twitter:image\" content=\"https:\/\/interpim.erresse-shop.it\/Import\/Prodotti\/le-creuset-cocotte-rotonda-evolution-in-ghisa-20-cm-nectar.jpg\" \/>\n<script type=\"application\/ld+json\" class=\"yoast-schema-graph\">{\"@context\":\"https:\/\/schema.org\",\"@graph\":[{\"@type\":\"WebPage\",\"@id\":\"https:\/\/dev6.erresse-shop.it\/es\/shop\/sartenes-y-ollas\/marmitas-y-cocottes\/le-creuset-cocotte-redonda-de-hierro-fundido-evolution-26-cm-nectar\/\",\"url\":\"https:\/\/dev6.erresse-shop.it\/es\/shop\/sartenes-y-ollas\/marmitas-y-cocottes\/le-creuset-cocotte-redonda-de-hierro-fundido-evolution-26-cm-nectar\/\",\"name\":\"LE CREUSET Cocotte Redonda de Hierro Fundido Evolution 26 cm Nectar - dev6 Erresse\",\"isPartOf\":{\"@id\":\"https:\/\/dev6.erresse-shop.it\/#website\"},\"primaryImageOfPage\":{\"@id\":\"https:\/\/dev6.erresse-shop.it\/es\/shop\/sartenes-y-ollas\/marmitas-y-cocottes\/le-creuset-cocotte-redonda-de-hierro-fundido-evolution-26-cm-nectar\/#primaryimage\"},\"image\":{\"@id\":\"https:\/\/dev6.erresse-shop.it\/es\/shop\/sartenes-y-ollas\/marmitas-y-cocottes\/le-creuset-cocotte-redonda-de-hierro-fundido-evolution-26-cm-nectar\/#primaryimage\"},\"thumbnailUrl\":\"https:\/\/i2.wp.com\/interpim.erresse-shop.it\/Import\/Prodotti\/le-creuset-cocotte-rotonda-evolution-in-ghisa-20-cm-nectar.jpg?ssl=1\",\"datePublished\":\"2026-04-04T07:53:01+00:00\",\"description\":\"LA REINA DE LA COCINA Desde hace casi un siglo enamora a cocineros y chefs de todo el mundo: es la cocotte Le Creuset, un aut\u00e9ntico cl\u00e1sico. Perfectamente\",\"breadcrumb\":{\"@id\":\"https:\/\/dev6.erresse-shop.it\/es\/shop\/sartenes-y-ollas\/marmitas-y-cocottes\/le-creuset-cocotte-redonda-de-hierro-fundido-evolution-26-cm-nectar\/#breadcrumb\"},\"inLanguage\":\"es\",\"potentialAction\":[{\"@type\":\"ReadAction\",\"target\":[\"https:\/\/dev6.erresse-shop.it\/es\/shop\/sartenes-y-ollas\/marmitas-y-cocottes\/le-creuset-cocotte-redonda-de-hierro-fundido-evolution-26-cm-nectar\/\"]}]},{\"@type\":\"ImageObject\",\"inLanguage\":\"es\",\"@id\":\"https:\/\/dev6.erresse-shop.it\/es\/shop\/sartenes-y-ollas\/marmitas-y-cocottes\/le-creuset-cocotte-redonda-de-hierro-fundido-evolution-26-cm-nectar\/#primaryimage\",\"url\":\"https:\/\/i2.wp.com\/interpim.erresse-shop.it\/Import\/Prodotti\/le-creuset-cocotte-rotonda-evolution-in-ghisa-20-cm-nectar.jpg?ssl=1\",\"contentUrl\":\"https:\/\/i2.wp.com\/interpim.erresse-shop.it\/Import\/Prodotti\/le-creuset-cocotte-rotonda-evolution-in-ghisa-20-cm-nectar.jpg?ssl=1\"},{\"@type\":\"BreadcrumbList\",\"@id\":\"https:\/\/dev6.erresse-shop.it\/es\/shop\/sartenes-y-ollas\/marmitas-y-cocottes\/le-creuset-cocotte-redonda-de-hierro-fundido-evolution-26-cm-nectar\/#breadcrumb\",\"itemListElement\":[{\"@type\":\"ListItem\",\"position\":1,\"name\":\"Home\",\"item\":\"https:\/\/dev6.erresse-shop.it\/\"},{\"@type\":\"ListItem\",\"position\":2,\"name\":\"Tienda\",\"item\":\"https:\/\/dev6.erresse-shop.it\/shop\/\"},{\"@type\":\"ListItem\",\"position\":3,\"name\":\"LE CREUSET Cocotte Redonda de Hierro Fundido Evolution 26 cm Nectar\"}]},{\"@type\":\"WebSite\",\"@id\":\"https:\/\/dev6.erresse-shop.it\/#website\",\"url\":\"https:\/\/dev6.erresse-shop.it\/\",\"name\":\"Erresse Shop\",\"description\":\"\",\"publisher\":{\"@id\":\"https:\/\/dev6.erresse-shop.it\/#organization\"},\"potentialAction\":[{\"@type\":\"SearchAction\",\"target\":{\"@type\":\"EntryPoint\",\"urlTemplate\":\"https:\/\/dev6.erresse-shop.it\/?s={search_term_string}\"},\"query-input\":{\"@type\":\"PropertyValueSpecification\",\"valueRequired\":true,\"valueName\":\"search_term_string\"}}],\"inLanguage\":\"es\"},{\"@type\":\"Organization\",\"@id\":\"https:\/\/dev6.erresse-shop.it\/#organization\",\"name\":\"Erresse Shop\",\"url\":\"https:\/\/dev6.erresse-shop.it\/\",\"logo\":{\"@type\":\"ImageObject\",\"inLanguage\":\"es\",\"@id\":\"https:\/\/dev6.erresse-shop.it\/#\/schema\/logo\/image\/\",\"url\":\"https:\/\/dev6.erresse-shop.it\/wp-content\/uploads\/2025\/01\/LOGO-ERRESSE-CLASSICO.svg\",\"contentUrl\":\"https:\/\/dev6.erresse-shop.it\/wp-content\/uploads\/2025\/01\/LOGO-ERRESSE-CLASSICO.svg\",\"caption\":\"Erresse Shop\"},\"image\":{\"@id\":\"https:\/\/dev6.erresse-shop.it\/#\/schema\/logo\/image\/\"}}]}<\/script>\n<!-- \/ Yoast SEO plugin. -->","yoast_head_json":{"title":"LE CREUSET Cocotte Redonda de Hierro Fundido Evolution 26 cm Nectar - dev6 Erresse","description":"LA REINA DE LA COCINA Desde hace casi un siglo enamora a cocineros y chefs de todo el mundo: es la cocotte Le Creuset, un aut\u00e9ntico cl\u00e1sico. Perfectamente","robots":{"index":"noindex","follow":"follow","max-snippet":"max-snippet:-1","max-image-preview":"max-image-preview:large","max-video-preview":"max-video-preview:-1"},"og_locale":"es_ES","og_type":"article","og_title":"LE CREUSET Cocotte Redonda de Hierro Fundido Evolution 26 cm Nectar - dev6 Erresse","og_description":"LA REINA DE LA COCINA Desde hace casi un siglo enamora a cocineros y chefs de todo el mundo: es la cocotte Le Creuset, un aut\u00e9ntico cl\u00e1sico. Perfectamente","og_url":"https:\/\/dev6.erresse-shop.it\/es\/shop\/sartenes-y-ollas\/marmitas-y-cocottes\/le-creuset-cocotte-redonda-de-hierro-fundido-evolution-26-cm-nectar\/","og_site_name":"dev6 Erresse","og_image":[{"url":"https:\/\/interpim.erresse-shop.it\/Import\/Prodotti\/le-creuset-cocotte-rotonda-evolution-in-ghisa-20-cm-nectar.jpg","type":"","width":"","height":""},{"url":"https:\/\/interpim.erresse-shop.it\/Import\/Prodotti\/le-creuset-cocotte-rotonda-evolution-in-ghisa-20-cm-nectar.jpg","width":1024,"height":1024,"type":"image\/jpeg"}],"twitter_card":"summary_large_image","twitter_image":"https:\/\/interpim.erresse-shop.it\/Import\/Prodotti\/le-creuset-cocotte-rotonda-evolution-in-ghisa-20-cm-nectar.jpg","schema":{"@context":"https:\/\/schema.org","@graph":[{"@type":"WebPage","@id":"https:\/\/dev6.erresse-shop.it\/es\/shop\/sartenes-y-ollas\/marmitas-y-cocottes\/le-creuset-cocotte-redonda-de-hierro-fundido-evolution-26-cm-nectar\/","url":"https:\/\/dev6.erresse-shop.it\/es\/shop\/sartenes-y-ollas\/marmitas-y-cocottes\/le-creuset-cocotte-redonda-de-hierro-fundido-evolution-26-cm-nectar\/","name":"LE CREUSET Cocotte Redonda de Hierro Fundido Evolution 26 cm Nectar - dev6 Erresse","isPartOf":{"@id":"https:\/\/dev6.erresse-shop.it\/#website"},"primaryImageOfPage":{"@id":"https:\/\/dev6.erresse-shop.it\/es\/shop\/sartenes-y-ollas\/marmitas-y-cocottes\/le-creuset-cocotte-redonda-de-hierro-fundido-evolution-26-cm-nectar\/#primaryimage"},"image":{"@id":"https:\/\/dev6.erresse-shop.it\/es\/shop\/sartenes-y-ollas\/marmitas-y-cocottes\/le-creuset-cocotte-redonda-de-hierro-fundido-evolution-26-cm-nectar\/#primaryimage"},"thumbnailUrl":"https:\/\/i2.wp.com\/interpim.erresse-shop.it\/Import\/Prodotti\/le-creuset-cocotte-rotonda-evolution-in-ghisa-20-cm-nectar.jpg?ssl=1","datePublished":"2026-04-04T07:53:01+00:00","description":"LA REINA DE LA COCINA Desde hace casi un siglo enamora a cocineros y chefs de todo el mundo: es la cocotte Le Creuset, un aut\u00e9ntico cl\u00e1sico. Perfectamente","breadcrumb":{"@id":"https:\/\/dev6.erresse-shop.it\/es\/shop\/sartenes-y-ollas\/marmitas-y-cocottes\/le-creuset-cocotte-redonda-de-hierro-fundido-evolution-26-cm-nectar\/#breadcrumb"},"inLanguage":"es","potentialAction":[{"@type":"ReadAction","target":["https:\/\/dev6.erresse-shop.it\/es\/shop\/sartenes-y-ollas\/marmitas-y-cocottes\/le-creuset-cocotte-redonda-de-hierro-fundido-evolution-26-cm-nectar\/"]}]},{"@type":"ImageObject","inLanguage":"es","@id":"https:\/\/dev6.erresse-shop.it\/es\/shop\/sartenes-y-ollas\/marmitas-y-cocottes\/le-creuset-cocotte-redonda-de-hierro-fundido-evolution-26-cm-nectar\/#primaryimage","url":"https:\/\/i2.wp.com\/interpim.erresse-shop.it\/Import\/Prodotti\/le-creuset-cocotte-rotonda-evolution-in-ghisa-20-cm-nectar.jpg?ssl=1","contentUrl":"https:\/\/i2.wp.com\/interpim.erresse-shop.it\/Import\/Prodotti\/le-creuset-cocotte-rotonda-evolution-in-ghisa-20-cm-nectar.jpg?ssl=1"},{"@type":"BreadcrumbList","@id":"https:\/\/dev6.erresse-shop.it\/es\/shop\/sartenes-y-ollas\/marmitas-y-cocottes\/le-creuset-cocotte-redonda-de-hierro-fundido-evolution-26-cm-nectar\/#breadcrumb","itemListElement":[{"@type":"ListItem","position":1,"name":"Home","item":"https:\/\/dev6.erresse-shop.it\/"},{"@type":"ListItem","position":2,"name":"Tienda","item":"https:\/\/dev6.erresse-shop.it\/shop\/"},{"@type":"ListItem","position":3,"name":"LE CREUSET Cocotte Redonda de Hierro Fundido Evolution 26 cm Nectar"}]},{"@type":"WebSite","@id":"https:\/\/dev6.erresse-shop.it\/#website","url":"https:\/\/dev6.erresse-shop.it\/","name":"Erresse Shop","description":"","publisher":{"@id":"https:\/\/dev6.erresse-shop.it\/#organization"},"potentialAction":[{"@type":"SearchAction","target":{"@type":"EntryPoint","urlTemplate":"https:\/\/dev6.erresse-shop.it\/?s={search_term_string}"},"query-input":{"@type":"PropertyValueSpecification","valueRequired":true,"valueName":"search_term_string"}}],"inLanguage":"es"},{"@type":"Organization","@id":"https:\/\/dev6.erresse-shop.it\/#organization","name":"Erresse Shop","url":"https:\/\/dev6.erresse-shop.it\/","logo":{"@type":"ImageObject","inLanguage":"es","@id":"https:\/\/dev6.erresse-shop.it\/#\/schema\/logo\/image\/","url":"https:\/\/dev6.erresse-shop.it\/wp-content\/uploads\/2025\/01\/LOGO-ERRESSE-CLASSICO.svg","contentUrl":"https:\/\/dev6.erresse-shop.it\/wp-content\/uploads\/2025\/01\/LOGO-ERRESSE-CLASSICO.svg","caption":"Erresse Shop"},"image":{"@id":"https:\/\/dev6.erresse-shop.it\/#\/schema\/logo\/image\/"}}]}},"df_price":259.95,"df_sale_price":259.95,"df_regular_price":379,"df_image_link":"https:\/\/i2.wp.com\/interpim.erresse-shop.it\/Import\/Prodotti\/le-creuset-cocotte-rotonda-evolution-in-ghisa-20-cm-nectar.jpg?resize=300,300&ssl=1","fifu_image_url":"https:\/\/interpim.erresse-shop.it\/Import\/Prodotti\/le-creuset-cocotte-rotonda-evolution-in-ghisa-20-cm-nectar.jpg","_links":{"self":[{"href":"https:\/\/dev6.erresse-shop.it\/es\/wp-json\/wp\/v2\/product\/1879868","targetHints":{"allow":["GET"]}}],"collection":[{"href":"https:\/\/dev6.erresse-shop.it\/es\/wp-json\/wp\/v2\/product"}],"about":[{"href":"https:\/\/dev6.erresse-shop.it\/es\/wp-json\/wp\/v2\/types\/product"}],"wp:featuredmedia":[{"embeddable":true,"href":"https:\/\/dev6.erresse-shop.it\/es\/wp-json\/wp\/v2\/media\/6280625"}],"wp:attachment":[{"href":"https:\/\/dev6.erresse-shop.it\/es\/wp-json\/wp\/v2\/media?parent=1879868"}],"wp:term":[{"taxonomy":"product_cat","embeddable":true,"href":"https:\/\/dev6.erresse-shop.it\/es\/wp-json\/wp\/v2\/product_cat?post=1879868"},{"taxonomy":"product_tag","embeddable":true,"href":"https:\/\/dev6.erresse-shop.it\/es\/wp-json\/wp\/v2\/product_tag?post=1879868"}],"curies":[{"name":"wp","href":"https:\/\/api.w.org\/{rel}","templated":true}]}}