{"id":1879816,"date":"2026-04-12T09:52:06","date_gmt":"2026-04-12T07:52:06","guid":{"rendered":"https:\/\/dev6.erresse-shop.it\/shop\/sin%20categor\u00eda\/villeroy-boch-winter-bakery-delight-caja-grande-para-pasteles\/"},"modified":"2025-07-04T22:33:38","modified_gmt":"2025-07-04T20:33:38","slug":"villeroy-boch-winter-bakery-delight-caja-grande-para-pasteles","status":"publish","type":"product","link":"https:\/\/dev6.erresse-shop.it\/es\/shop\/tabla\/bandejas\/villeroy-boch-winter-bakery-delight-caja-grande-para-pasteles\/","title":{"rendered":"VILLEROY &#038; BOCH Winter Bakery Delight Caja Grande para Pasteles"},"content":{"rendered":"<p>Caja para pasteles, galletas, etc.<\/p>\n<p>Winter Bakery Delight te hace desear estrellas de canela, ponche de huevo y manzanas asadas. La porcelana decorada festivamente hace juego con los adornos luminosos de Adviento y los meses de invierno. Para los m\u00e1s golosos, est\u00e1 la gran caja de reposter\u00eda navide\u00f1a. Dentro puedes esconder deliciosas galletas caseras que se conservar\u00e1n durante mucho tiempo. Haz felices a tus seres queridos.<\/p>\n<p>Material: Porcelana de primera calidad<br \/>\nApto para lavavajillas: No<br \/>\nApto para microondas: S\u00ed<\/p>\n","protected":false},"excerpt":{"rendered":"<p>Caja para pasteles, galletas, etc. Winter Bakery Delight te hace desear estrellas de canela, ponche de huevo y manzanas asadas. La porcelana decorada festivamente hace juego con los adornos luminosos de Adviento y los meses de invierno. Para los m\u00e1s golosos, est\u00e1 la gran caja de reposter\u00eda navide\u00f1a. Dentro puedes esconder deliciosas galletas caseras que [&hellip;]<\/p>\n","protected":false},"featured_media":6363688,"template":"","meta":{"_acf_changed":false},"product_cat":[11896,11721,11937,11887],"product_tag":[],"class_list":{"0":"post-1879816","1":"product","2":"type-product","3":"status-publish","4":"has-post-thumbnail","6":"product_cat-bandejas","7":"product_cat-piatti-portata","8":"product_cat-platos-para-servir","9":"product_cat-tabla","11":"first","12":"instock","13":"taxable","14":"shipping-taxable","15":"purchasable","16":"product-type-simple","swatches":"rey-swatches","show_selected":"","stretch_labels":"rey-swatches--stretch-labels"},"acf":[],"yoast_head":"<!-- This site is optimized with the Yoast SEO plugin v25.4 - https:\/\/yoast.com\/wordpress\/plugins\/seo\/ -->\n<title>VILLEROY &#038; BOCH Winter Bakery Delight Caja Grande para Pasteles - dev6 Erresse<\/title>\n<meta name=\"description\" content=\"Caja para pasteles, galletas, etc. Winter Bakery Delight te hace desear estrellas de canela, ponche de huevo y manzanas asadas. La porcelana decorada\" \/>\n<meta name=\"robots\" content=\"noindex, follow, max-snippet:-1, max-image-preview:large, max-video-preview:-1\" \/>\n<meta property=\"og:locale\" content=\"es_ES\" \/>\n<meta property=\"og:type\" content=\"article\" \/>\n<meta property=\"og:title\" content=\"VILLEROY &#038; BOCH Winter Bakery Delight Caja Grande para Pasteles - dev6 Erresse\" \/>\n<meta property=\"og:description\" content=\"Caja para pasteles, galletas, etc. Winter Bakery Delight te hace desear estrellas de canela, ponche de huevo y manzanas asadas. La porcelana decorada\" \/>\n<meta property=\"og:url\" content=\"https:\/\/dev6.erresse-shop.it\/es\/shop\/tabla\/bandejas\/villeroy-boch-winter-bakery-delight-caja-grande-para-pasteles\/\" \/>\n<meta property=\"og:site_name\" content=\"dev6 Erresse\" \/>\n<meta property=\"og:image\" content=\"https:\/\/interpim.erresse-shop.it\/img-catalogo\/villeroy\/villeroy-boch-winter-bakery-delight-scatola-per-pasticcini-grande-1.jpg\" \/><meta property=\"og:image\" content=\"https:\/\/interpim.erresse-shop.it\/img-catalogo\/villeroy\/villeroy-boch-winter-bakery-delight-scatola-per-pasticcini-grande-1.jpg\" \/>\n\t<meta property=\"og:image:width\" content=\"1024\" \/>\n\t<meta property=\"og:image:height\" content=\"1024\" \/>\n\t<meta property=\"og:image:type\" content=\"image\/jpeg\" \/>\n<meta name=\"twitter:card\" content=\"summary_large_image\" \/>\n<meta name=\"twitter:image\" content=\"https:\/\/interpim.erresse-shop.it\/img-catalogo\/villeroy\/villeroy-boch-winter-bakery-delight-scatola-per-pasticcini-grande-1.jpg\" \/>\n<script type=\"application\/ld+json\" class=\"yoast-schema-graph\">{\"@context\":\"https:\/\/schema.org\",\"@graph\":[{\"@type\":\"WebPage\",\"@id\":\"https:\/\/dev6.erresse-shop.it\/es\/shop\/tabla\/bandejas\/villeroy-boch-winter-bakery-delight-caja-grande-para-pasteles\/\",\"url\":\"https:\/\/dev6.erresse-shop.it\/es\/shop\/tabla\/bandejas\/villeroy-boch-winter-bakery-delight-caja-grande-para-pasteles\/\",\"name\":\"VILLEROY &#038; BOCH Winter Bakery Delight Caja Grande para Pasteles - dev6 Erresse\",\"isPartOf\":{\"@id\":\"https:\/\/dev6.erresse-shop.it\/#website\"},\"primaryImageOfPage\":{\"@id\":\"https:\/\/dev6.erresse-shop.it\/es\/shop\/tabla\/bandejas\/villeroy-boch-winter-bakery-delight-caja-grande-para-pasteles\/#primaryimage\"},\"image\":{\"@id\":\"https:\/\/dev6.erresse-shop.it\/es\/shop\/tabla\/bandejas\/villeroy-boch-winter-bakery-delight-caja-grande-para-pasteles\/#primaryimage\"},\"thumbnailUrl\":\"https:\/\/i3.wp.com\/interpim.erresse-shop.it\/img-catalogo\/villeroy\/villeroy-boch-winter-bakery-delight-scatola-per-pasticcini-grande-1.jpg?ssl=1\",\"datePublished\":\"2026-04-12T07:52:06+00:00\",\"description\":\"Caja para pasteles, galletas, etc. Winter Bakery Delight te hace desear estrellas de canela, ponche de huevo y manzanas asadas. La porcelana decorada\",\"breadcrumb\":{\"@id\":\"https:\/\/dev6.erresse-shop.it\/es\/shop\/tabla\/bandejas\/villeroy-boch-winter-bakery-delight-caja-grande-para-pasteles\/#breadcrumb\"},\"inLanguage\":\"es\",\"potentialAction\":[{\"@type\":\"ReadAction\",\"target\":[\"https:\/\/dev6.erresse-shop.it\/es\/shop\/tabla\/bandejas\/villeroy-boch-winter-bakery-delight-caja-grande-para-pasteles\/\"]}]},{\"@type\":\"ImageObject\",\"inLanguage\":\"es\",\"@id\":\"https:\/\/dev6.erresse-shop.it\/es\/shop\/tabla\/bandejas\/villeroy-boch-winter-bakery-delight-caja-grande-para-pasteles\/#primaryimage\",\"url\":\"https:\/\/i3.wp.com\/interpim.erresse-shop.it\/img-catalogo\/villeroy\/villeroy-boch-winter-bakery-delight-scatola-per-pasticcini-grande-1.jpg?ssl=1\",\"contentUrl\":\"https:\/\/i3.wp.com\/interpim.erresse-shop.it\/img-catalogo\/villeroy\/villeroy-boch-winter-bakery-delight-scatola-per-pasticcini-grande-1.jpg?ssl=1\"},{\"@type\":\"BreadcrumbList\",\"@id\":\"https:\/\/dev6.erresse-shop.it\/es\/shop\/tabla\/bandejas\/villeroy-boch-winter-bakery-delight-caja-grande-para-pasteles\/#breadcrumb\",\"itemListElement\":[{\"@type\":\"ListItem\",\"position\":1,\"name\":\"Home\",\"item\":\"https:\/\/dev6.erresse-shop.it\/\"},{\"@type\":\"ListItem\",\"position\":2,\"name\":\"Tienda\",\"item\":\"https:\/\/dev6.erresse-shop.it\/shop\/\"},{\"@type\":\"ListItem\",\"position\":3,\"name\":\"VILLEROY &#038; BOCH Winter Bakery Delight Caja Grande para Pasteles\"}]},{\"@type\":\"WebSite\",\"@id\":\"https:\/\/dev6.erresse-shop.it\/#website\",\"url\":\"https:\/\/dev6.erresse-shop.it\/\",\"name\":\"Erresse Shop\",\"description\":\"\",\"publisher\":{\"@id\":\"https:\/\/dev6.erresse-shop.it\/#organization\"},\"potentialAction\":[{\"@type\":\"SearchAction\",\"target\":{\"@type\":\"EntryPoint\",\"urlTemplate\":\"https:\/\/dev6.erresse-shop.it\/?s={search_term_string}\"},\"query-input\":{\"@type\":\"PropertyValueSpecification\",\"valueRequired\":true,\"valueName\":\"search_term_string\"}}],\"inLanguage\":\"es\"},{\"@type\":\"Organization\",\"@id\":\"https:\/\/dev6.erresse-shop.it\/#organization\",\"name\":\"Erresse Shop\",\"url\":\"https:\/\/dev6.erresse-shop.it\/\",\"logo\":{\"@type\":\"ImageObject\",\"inLanguage\":\"es\",\"@id\":\"https:\/\/dev6.erresse-shop.it\/#\/schema\/logo\/image\/\",\"url\":\"https:\/\/dev6.erresse-shop.it\/wp-content\/uploads\/2025\/01\/LOGO-ERRESSE-CLASSICO.svg\",\"contentUrl\":\"https:\/\/dev6.erresse-shop.it\/wp-content\/uploads\/2025\/01\/LOGO-ERRESSE-CLASSICO.svg\",\"caption\":\"Erresse Shop\"},\"image\":{\"@id\":\"https:\/\/dev6.erresse-shop.it\/#\/schema\/logo\/image\/\"}}]}<\/script>\n<!-- \/ Yoast SEO plugin. -->","yoast_head_json":{"title":"VILLEROY &#038; BOCH Winter Bakery Delight Caja Grande para Pasteles - dev6 Erresse","description":"Caja para pasteles, galletas, etc. Winter Bakery Delight te hace desear estrellas de canela, ponche de huevo y manzanas asadas. La porcelana decorada","robots":{"index":"noindex","follow":"follow","max-snippet":"max-snippet:-1","max-image-preview":"max-image-preview:large","max-video-preview":"max-video-preview:-1"},"og_locale":"es_ES","og_type":"article","og_title":"VILLEROY &#038; BOCH Winter Bakery Delight Caja Grande para Pasteles - dev6 Erresse","og_description":"Caja para pasteles, galletas, etc. Winter Bakery Delight te hace desear estrellas de canela, ponche de huevo y manzanas asadas. La porcelana decorada","og_url":"https:\/\/dev6.erresse-shop.it\/es\/shop\/tabla\/bandejas\/villeroy-boch-winter-bakery-delight-caja-grande-para-pasteles\/","og_site_name":"dev6 Erresse","og_image":[{"url":"https:\/\/interpim.erresse-shop.it\/img-catalogo\/villeroy\/villeroy-boch-winter-bakery-delight-scatola-per-pasticcini-grande-1.jpg","type":"","width":"","height":""},{"url":"https:\/\/interpim.erresse-shop.it\/img-catalogo\/villeroy\/villeroy-boch-winter-bakery-delight-scatola-per-pasticcini-grande-1.jpg","width":1024,"height":1024,"type":"image\/jpeg"}],"twitter_card":"summary_large_image","twitter_image":"https:\/\/interpim.erresse-shop.it\/img-catalogo\/villeroy\/villeroy-boch-winter-bakery-delight-scatola-per-pasticcini-grande-1.jpg","schema":{"@context":"https:\/\/schema.org","@graph":[{"@type":"WebPage","@id":"https:\/\/dev6.erresse-shop.it\/es\/shop\/tabla\/bandejas\/villeroy-boch-winter-bakery-delight-caja-grande-para-pasteles\/","url":"https:\/\/dev6.erresse-shop.it\/es\/shop\/tabla\/bandejas\/villeroy-boch-winter-bakery-delight-caja-grande-para-pasteles\/","name":"VILLEROY &#038; BOCH Winter Bakery Delight Caja Grande para Pasteles - dev6 Erresse","isPartOf":{"@id":"https:\/\/dev6.erresse-shop.it\/#website"},"primaryImageOfPage":{"@id":"https:\/\/dev6.erresse-shop.it\/es\/shop\/tabla\/bandejas\/villeroy-boch-winter-bakery-delight-caja-grande-para-pasteles\/#primaryimage"},"image":{"@id":"https:\/\/dev6.erresse-shop.it\/es\/shop\/tabla\/bandejas\/villeroy-boch-winter-bakery-delight-caja-grande-para-pasteles\/#primaryimage"},"thumbnailUrl":"https:\/\/i3.wp.com\/interpim.erresse-shop.it\/img-catalogo\/villeroy\/villeroy-boch-winter-bakery-delight-scatola-per-pasticcini-grande-1.jpg?ssl=1","datePublished":"2026-04-12T07:52:06+00:00","description":"Caja para pasteles, galletas, etc. Winter Bakery Delight te hace desear estrellas de canela, ponche de huevo y manzanas asadas. La porcelana decorada","breadcrumb":{"@id":"https:\/\/dev6.erresse-shop.it\/es\/shop\/tabla\/bandejas\/villeroy-boch-winter-bakery-delight-caja-grande-para-pasteles\/#breadcrumb"},"inLanguage":"es","potentialAction":[{"@type":"ReadAction","target":["https:\/\/dev6.erresse-shop.it\/es\/shop\/tabla\/bandejas\/villeroy-boch-winter-bakery-delight-caja-grande-para-pasteles\/"]}]},{"@type":"ImageObject","inLanguage":"es","@id":"https:\/\/dev6.erresse-shop.it\/es\/shop\/tabla\/bandejas\/villeroy-boch-winter-bakery-delight-caja-grande-para-pasteles\/#primaryimage","url":"https:\/\/i3.wp.com\/interpim.erresse-shop.it\/img-catalogo\/villeroy\/villeroy-boch-winter-bakery-delight-scatola-per-pasticcini-grande-1.jpg?ssl=1","contentUrl":"https:\/\/i3.wp.com\/interpim.erresse-shop.it\/img-catalogo\/villeroy\/villeroy-boch-winter-bakery-delight-scatola-per-pasticcini-grande-1.jpg?ssl=1"},{"@type":"BreadcrumbList","@id":"https:\/\/dev6.erresse-shop.it\/es\/shop\/tabla\/bandejas\/villeroy-boch-winter-bakery-delight-caja-grande-para-pasteles\/#breadcrumb","itemListElement":[{"@type":"ListItem","position":1,"name":"Home","item":"https:\/\/dev6.erresse-shop.it\/"},{"@type":"ListItem","position":2,"name":"Tienda","item":"https:\/\/dev6.erresse-shop.it\/shop\/"},{"@type":"ListItem","position":3,"name":"VILLEROY &#038; BOCH Winter Bakery Delight Caja Grande para Pasteles"}]},{"@type":"WebSite","@id":"https:\/\/dev6.erresse-shop.it\/#website","url":"https:\/\/dev6.erresse-shop.it\/","name":"Erresse Shop","description":"","publisher":{"@id":"https:\/\/dev6.erresse-shop.it\/#organization"},"potentialAction":[{"@type":"SearchAction","target":{"@type":"EntryPoint","urlTemplate":"https:\/\/dev6.erresse-shop.it\/?s={search_term_string}"},"query-input":{"@type":"PropertyValueSpecification","valueRequired":true,"valueName":"search_term_string"}}],"inLanguage":"es"},{"@type":"Organization","@id":"https:\/\/dev6.erresse-shop.it\/#organization","name":"Erresse Shop","url":"https:\/\/dev6.erresse-shop.it\/","logo":{"@type":"ImageObject","inLanguage":"es","@id":"https:\/\/dev6.erresse-shop.it\/#\/schema\/logo\/image\/","url":"https:\/\/dev6.erresse-shop.it\/wp-content\/uploads\/2025\/01\/LOGO-ERRESSE-CLASSICO.svg","contentUrl":"https:\/\/dev6.erresse-shop.it\/wp-content\/uploads\/2025\/01\/LOGO-ERRESSE-CLASSICO.svg","caption":"Erresse Shop"},"image":{"@id":"https:\/\/dev6.erresse-shop.it\/#\/schema\/logo\/image\/"}}]}},"df_price":69.9,"df_sale_price":"","df_regular_price":69.9,"df_image_link":"https:\/\/i3.wp.com\/interpim.erresse-shop.it\/img-catalogo\/villeroy\/villeroy-boch-winter-bakery-delight-scatola-per-pasticcini-grande-1.jpg?resize=300,300&ssl=1","fifu_image_url":"https:\/\/interpim.erresse-shop.it\/img-catalogo\/villeroy\/villeroy-boch-winter-bakery-delight-scatola-per-pasticcini-grande-1.jpg","_links":{"self":[{"href":"https:\/\/dev6.erresse-shop.it\/es\/wp-json\/wp\/v2\/product\/1879816","targetHints":{"allow":["GET"]}}],"collection":[{"href":"https:\/\/dev6.erresse-shop.it\/es\/wp-json\/wp\/v2\/product"}],"about":[{"href":"https:\/\/dev6.erresse-shop.it\/es\/wp-json\/wp\/v2\/types\/product"}],"wp:featuredmedia":[{"embeddable":true,"href":"https:\/\/dev6.erresse-shop.it\/es\/wp-json\/wp\/v2\/media\/6363688"}],"wp:attachment":[{"href":"https:\/\/dev6.erresse-shop.it\/es\/wp-json\/wp\/v2\/media?parent=1879816"}],"wp:term":[{"taxonomy":"product_cat","embeddable":true,"href":"https:\/\/dev6.erresse-shop.it\/es\/wp-json\/wp\/v2\/product_cat?post=1879816"},{"taxonomy":"product_tag","embeddable":true,"href":"https:\/\/dev6.erresse-shop.it\/es\/wp-json\/wp\/v2\/product_tag?post=1879816"}],"curies":[{"name":"wp","href":"https:\/\/api.w.org\/{rel}","templated":true}]}}