{"id":1879802,"date":"2026-04-12T09:52:06","date_gmt":"2026-04-12T07:52:06","guid":{"rendered":"https:\/\/dev6.erresse-shop.it\/shop\/sin%20categor\u00eda\/villeroy-boch-christmas-toys-caballo-balancin\/"},"modified":"2025-09-14T08:31:51","modified_gmt":"2025-09-14T06:31:51","slug":"villeroy-boch-christmas-toys-caballo-balancin","status":"publish","type":"product","link":"https:\/\/dev6.erresse-shop.it\/es\/shop\/mobiliario\/articulos-de-decoracion\/villeroy-boch-christmas-toys-caballo-balancin\/","title":{"rendered":"VILLEROY &#038; BOCH Christmas Toys Caballo Balanc\u00edn"},"content":{"rendered":"<p>Portavelas navide\u00f1o de porcelana con aspecto de caballo balanc\u00edn<\/p>\n<p>La colecci\u00f3n Christmas Toys se compone de numerosas piezas \u00fanicas de porcelana que, con sus dise\u00f1os especiales, evocan recuerdos de la infancia y dan al hogar un aspecto navide\u00f1o. Decoraci\u00f3n navide\u00f1a con una mezcla de motivos coloridos: el caballito balanc\u00edn Christmas Toys, h\u00e1bilmente decorado, sirve de nost\u00e1lgico portavelas para velas de palo y har\u00e1 que su hogar resplandezca festivamente. El objeto decorativo no se balancea. Compra ahora un portavelas de caballo balanc\u00edn.<\/p>\n<p>Material: porcelana de primera calidad<\/p>\n","protected":false},"excerpt":{"rendered":"<p>Portavelas navide\u00f1o de porcelana con aspecto de caballo balanc\u00edn La colecci\u00f3n Christmas Toys se compone de numerosas piezas \u00fanicas de porcelana que, con sus dise\u00f1os especiales, evocan recuerdos de la infancia y dan al hogar un aspecto navide\u00f1o. Decoraci\u00f3n navide\u00f1a con una mezcla de motivos coloridos: el caballito balanc\u00edn Christmas Toys, h\u00e1bilmente decorado, sirve de [&hellip;]<\/p>\n","protected":false},"featured_media":6363645,"template":"","meta":{"_acf_changed":false},"product_cat":[11666,11913,11882],"product_tag":[],"class_list":{"0":"post-1879802","1":"product","2":"type-product","3":"status-publish","4":"has-post-thumbnail","6":"product_cat-arredamento-casa","7":"product_cat-articulos-de-decoracion","8":"product_cat-mobiliario","10":"first","11":"instock","12":"taxable","13":"shipping-taxable","14":"purchasable","15":"product-type-simple","swatches":"rey-swatches","show_selected":"","stretch_labels":"rey-swatches--stretch-labels"},"acf":[],"yoast_head":"<!-- This site is optimized with the Yoast SEO plugin v25.4 - https:\/\/yoast.com\/wordpress\/plugins\/seo\/ -->\n<title>VILLEROY &#038; BOCH Christmas Toys Caballo Balanc\u00edn - dev6 Erresse<\/title>\n<meta name=\"description\" content=\"Portavelas navide\u00f1o de porcelana con aspecto de caballo balanc\u00edn La colecci\u00f3n Christmas Toys se compone de numerosas piezas \u00fanicas de porcelana que, con\" \/>\n<meta name=\"robots\" content=\"noindex, follow, max-snippet:-1, max-image-preview:large, max-video-preview:-1\" \/>\n<meta property=\"og:locale\" content=\"es_ES\" \/>\n<meta property=\"og:type\" content=\"article\" \/>\n<meta property=\"og:title\" content=\"VILLEROY &#038; BOCH Christmas Toys Caballo Balanc\u00edn - dev6 Erresse\" \/>\n<meta property=\"og:description\" content=\"Portavelas navide\u00f1o de porcelana con aspecto de caballo balanc\u00edn La colecci\u00f3n Christmas Toys se compone de numerosas piezas \u00fanicas de porcelana que, con\" \/>\n<meta property=\"og:url\" content=\"https:\/\/dev6.erresse-shop.it\/es\/shop\/mobiliario\/articulos-de-decoracion\/villeroy-boch-christmas-toys-caballo-balancin\/\" \/>\n<meta property=\"og:site_name\" content=\"dev6 Erresse\" \/>\n<meta property=\"og:image\" content=\"https:\/\/interpim.erresse-shop.it\/img-catalogo\/villeroy\/villeroy-boch-christmas-toys-cavallo-a-dondolo.jpg\" \/><meta property=\"og:image\" content=\"https:\/\/interpim.erresse-shop.it\/img-catalogo\/villeroy\/villeroy-boch-christmas-toys-cavallo-a-dondolo.jpg\" \/>\n\t<meta property=\"og:image:width\" content=\"1024\" \/>\n\t<meta property=\"og:image:height\" content=\"1024\" \/>\n\t<meta property=\"og:image:type\" content=\"image\/jpeg\" \/>\n<meta name=\"twitter:card\" content=\"summary_large_image\" \/>\n<meta name=\"twitter:image\" content=\"https:\/\/interpim.erresse-shop.it\/img-catalogo\/villeroy\/villeroy-boch-christmas-toys-cavallo-a-dondolo.jpg\" \/>\n<script type=\"application\/ld+json\" class=\"yoast-schema-graph\">{\"@context\":\"https:\/\/schema.org\",\"@graph\":[{\"@type\":\"WebPage\",\"@id\":\"https:\/\/dev6.erresse-shop.it\/es\/shop\/mobiliario\/articulos-de-decoracion\/villeroy-boch-christmas-toys-caballo-balancin\/\",\"url\":\"https:\/\/dev6.erresse-shop.it\/es\/shop\/mobiliario\/articulos-de-decoracion\/villeroy-boch-christmas-toys-caballo-balancin\/\",\"name\":\"VILLEROY &#038; BOCH Christmas Toys Caballo Balanc\u00edn - dev6 Erresse\",\"isPartOf\":{\"@id\":\"https:\/\/dev6.erresse-shop.it\/#website\"},\"primaryImageOfPage\":{\"@id\":\"https:\/\/dev6.erresse-shop.it\/es\/shop\/mobiliario\/articulos-de-decoracion\/villeroy-boch-christmas-toys-caballo-balancin\/#primaryimage\"},\"image\":{\"@id\":\"https:\/\/dev6.erresse-shop.it\/es\/shop\/mobiliario\/articulos-de-decoracion\/villeroy-boch-christmas-toys-caballo-balancin\/#primaryimage\"},\"thumbnailUrl\":\"https:\/\/i3.wp.com\/interpim.erresse-shop.it\/img-catalogo\/villeroy\/villeroy-boch-christmas-toys-cavallo-a-dondolo.jpg?ssl=1\",\"datePublished\":\"2026-04-12T07:52:06+00:00\",\"description\":\"Portavelas navide\u00f1o de porcelana con aspecto de caballo balanc\u00edn La colecci\u00f3n Christmas Toys se compone de numerosas piezas \u00fanicas de porcelana que, con\",\"breadcrumb\":{\"@id\":\"https:\/\/dev6.erresse-shop.it\/es\/shop\/mobiliario\/articulos-de-decoracion\/villeroy-boch-christmas-toys-caballo-balancin\/#breadcrumb\"},\"inLanguage\":\"es\",\"potentialAction\":[{\"@type\":\"ReadAction\",\"target\":[\"https:\/\/dev6.erresse-shop.it\/es\/shop\/mobiliario\/articulos-de-decoracion\/villeroy-boch-christmas-toys-caballo-balancin\/\"]}]},{\"@type\":\"ImageObject\",\"inLanguage\":\"es\",\"@id\":\"https:\/\/dev6.erresse-shop.it\/es\/shop\/mobiliario\/articulos-de-decoracion\/villeroy-boch-christmas-toys-caballo-balancin\/#primaryimage\",\"url\":\"https:\/\/i3.wp.com\/interpim.erresse-shop.it\/img-catalogo\/villeroy\/villeroy-boch-christmas-toys-cavallo-a-dondolo.jpg?ssl=1\",\"contentUrl\":\"https:\/\/i3.wp.com\/interpim.erresse-shop.it\/img-catalogo\/villeroy\/villeroy-boch-christmas-toys-cavallo-a-dondolo.jpg?ssl=1\"},{\"@type\":\"BreadcrumbList\",\"@id\":\"https:\/\/dev6.erresse-shop.it\/es\/shop\/mobiliario\/articulos-de-decoracion\/villeroy-boch-christmas-toys-caballo-balancin\/#breadcrumb\",\"itemListElement\":[{\"@type\":\"ListItem\",\"position\":1,\"name\":\"Home\",\"item\":\"https:\/\/dev6.erresse-shop.it\/\"},{\"@type\":\"ListItem\",\"position\":2,\"name\":\"Tienda\",\"item\":\"https:\/\/dev6.erresse-shop.it\/shop\/\"},{\"@type\":\"ListItem\",\"position\":3,\"name\":\"VILLEROY &#038; BOCH Christmas Toys Caballo Balanc\u00edn\"}]},{\"@type\":\"WebSite\",\"@id\":\"https:\/\/dev6.erresse-shop.it\/#website\",\"url\":\"https:\/\/dev6.erresse-shop.it\/\",\"name\":\"Erresse Shop\",\"description\":\"\",\"publisher\":{\"@id\":\"https:\/\/dev6.erresse-shop.it\/#organization\"},\"potentialAction\":[{\"@type\":\"SearchAction\",\"target\":{\"@type\":\"EntryPoint\",\"urlTemplate\":\"https:\/\/dev6.erresse-shop.it\/?s={search_term_string}\"},\"query-input\":{\"@type\":\"PropertyValueSpecification\",\"valueRequired\":true,\"valueName\":\"search_term_string\"}}],\"inLanguage\":\"es\"},{\"@type\":\"Organization\",\"@id\":\"https:\/\/dev6.erresse-shop.it\/#organization\",\"name\":\"Erresse Shop\",\"url\":\"https:\/\/dev6.erresse-shop.it\/\",\"logo\":{\"@type\":\"ImageObject\",\"inLanguage\":\"es\",\"@id\":\"https:\/\/dev6.erresse-shop.it\/#\/schema\/logo\/image\/\",\"url\":\"https:\/\/dev6.erresse-shop.it\/wp-content\/uploads\/2025\/01\/LOGO-ERRESSE-CLASSICO.svg\",\"contentUrl\":\"https:\/\/dev6.erresse-shop.it\/wp-content\/uploads\/2025\/01\/LOGO-ERRESSE-CLASSICO.svg\",\"caption\":\"Erresse Shop\"},\"image\":{\"@id\":\"https:\/\/dev6.erresse-shop.it\/#\/schema\/logo\/image\/\"}}]}<\/script>\n<!-- \/ Yoast SEO plugin. -->","yoast_head_json":{"title":"VILLEROY &#038; BOCH Christmas Toys Caballo Balanc\u00edn - dev6 Erresse","description":"Portavelas navide\u00f1o de porcelana con aspecto de caballo balanc\u00edn La colecci\u00f3n Christmas Toys se compone de numerosas piezas \u00fanicas de porcelana que, con","robots":{"index":"noindex","follow":"follow","max-snippet":"max-snippet:-1","max-image-preview":"max-image-preview:large","max-video-preview":"max-video-preview:-1"},"og_locale":"es_ES","og_type":"article","og_title":"VILLEROY &#038; BOCH Christmas Toys Caballo Balanc\u00edn - dev6 Erresse","og_description":"Portavelas navide\u00f1o de porcelana con aspecto de caballo balanc\u00edn La colecci\u00f3n Christmas Toys se compone de numerosas piezas \u00fanicas de porcelana que, con","og_url":"https:\/\/dev6.erresse-shop.it\/es\/shop\/mobiliario\/articulos-de-decoracion\/villeroy-boch-christmas-toys-caballo-balancin\/","og_site_name":"dev6 Erresse","og_image":[{"url":"https:\/\/interpim.erresse-shop.it\/img-catalogo\/villeroy\/villeroy-boch-christmas-toys-cavallo-a-dondolo.jpg","type":"","width":"","height":""},{"url":"https:\/\/interpim.erresse-shop.it\/img-catalogo\/villeroy\/villeroy-boch-christmas-toys-cavallo-a-dondolo.jpg","width":1024,"height":1024,"type":"image\/jpeg"}],"twitter_card":"summary_large_image","twitter_image":"https:\/\/interpim.erresse-shop.it\/img-catalogo\/villeroy\/villeroy-boch-christmas-toys-cavallo-a-dondolo.jpg","schema":{"@context":"https:\/\/schema.org","@graph":[{"@type":"WebPage","@id":"https:\/\/dev6.erresse-shop.it\/es\/shop\/mobiliario\/articulos-de-decoracion\/villeroy-boch-christmas-toys-caballo-balancin\/","url":"https:\/\/dev6.erresse-shop.it\/es\/shop\/mobiliario\/articulos-de-decoracion\/villeroy-boch-christmas-toys-caballo-balancin\/","name":"VILLEROY &#038; BOCH Christmas Toys Caballo Balanc\u00edn - dev6 Erresse","isPartOf":{"@id":"https:\/\/dev6.erresse-shop.it\/#website"},"primaryImageOfPage":{"@id":"https:\/\/dev6.erresse-shop.it\/es\/shop\/mobiliario\/articulos-de-decoracion\/villeroy-boch-christmas-toys-caballo-balancin\/#primaryimage"},"image":{"@id":"https:\/\/dev6.erresse-shop.it\/es\/shop\/mobiliario\/articulos-de-decoracion\/villeroy-boch-christmas-toys-caballo-balancin\/#primaryimage"},"thumbnailUrl":"https:\/\/i3.wp.com\/interpim.erresse-shop.it\/img-catalogo\/villeroy\/villeroy-boch-christmas-toys-cavallo-a-dondolo.jpg?ssl=1","datePublished":"2026-04-12T07:52:06+00:00","description":"Portavelas navide\u00f1o de porcelana con aspecto de caballo balanc\u00edn La colecci\u00f3n Christmas Toys se compone de numerosas piezas \u00fanicas de porcelana que, con","breadcrumb":{"@id":"https:\/\/dev6.erresse-shop.it\/es\/shop\/mobiliario\/articulos-de-decoracion\/villeroy-boch-christmas-toys-caballo-balancin\/#breadcrumb"},"inLanguage":"es","potentialAction":[{"@type":"ReadAction","target":["https:\/\/dev6.erresse-shop.it\/es\/shop\/mobiliario\/articulos-de-decoracion\/villeroy-boch-christmas-toys-caballo-balancin\/"]}]},{"@type":"ImageObject","inLanguage":"es","@id":"https:\/\/dev6.erresse-shop.it\/es\/shop\/mobiliario\/articulos-de-decoracion\/villeroy-boch-christmas-toys-caballo-balancin\/#primaryimage","url":"https:\/\/i3.wp.com\/interpim.erresse-shop.it\/img-catalogo\/villeroy\/villeroy-boch-christmas-toys-cavallo-a-dondolo.jpg?ssl=1","contentUrl":"https:\/\/i3.wp.com\/interpim.erresse-shop.it\/img-catalogo\/villeroy\/villeroy-boch-christmas-toys-cavallo-a-dondolo.jpg?ssl=1"},{"@type":"BreadcrumbList","@id":"https:\/\/dev6.erresse-shop.it\/es\/shop\/mobiliario\/articulos-de-decoracion\/villeroy-boch-christmas-toys-caballo-balancin\/#breadcrumb","itemListElement":[{"@type":"ListItem","position":1,"name":"Home","item":"https:\/\/dev6.erresse-shop.it\/"},{"@type":"ListItem","position":2,"name":"Tienda","item":"https:\/\/dev6.erresse-shop.it\/shop\/"},{"@type":"ListItem","position":3,"name":"VILLEROY &#038; BOCH Christmas Toys Caballo Balanc\u00edn"}]},{"@type":"WebSite","@id":"https:\/\/dev6.erresse-shop.it\/#website","url":"https:\/\/dev6.erresse-shop.it\/","name":"Erresse Shop","description":"","publisher":{"@id":"https:\/\/dev6.erresse-shop.it\/#organization"},"potentialAction":[{"@type":"SearchAction","target":{"@type":"EntryPoint","urlTemplate":"https:\/\/dev6.erresse-shop.it\/?s={search_term_string}"},"query-input":{"@type":"PropertyValueSpecification","valueRequired":true,"valueName":"search_term_string"}}],"inLanguage":"es"},{"@type":"Organization","@id":"https:\/\/dev6.erresse-shop.it\/#organization","name":"Erresse Shop","url":"https:\/\/dev6.erresse-shop.it\/","logo":{"@type":"ImageObject","inLanguage":"es","@id":"https:\/\/dev6.erresse-shop.it\/#\/schema\/logo\/image\/","url":"https:\/\/dev6.erresse-shop.it\/wp-content\/uploads\/2025\/01\/LOGO-ERRESSE-CLASSICO.svg","contentUrl":"https:\/\/dev6.erresse-shop.it\/wp-content\/uploads\/2025\/01\/LOGO-ERRESSE-CLASSICO.svg","caption":"Erresse Shop"},"image":{"@id":"https:\/\/dev6.erresse-shop.it\/#\/schema\/logo\/image\/"}}]}},"df_price":49.9,"df_sale_price":"","df_regular_price":49.9,"df_image_link":"https:\/\/i3.wp.com\/interpim.erresse-shop.it\/img-catalogo\/villeroy\/villeroy-boch-christmas-toys-cavallo-a-dondolo.jpg?resize=300,300&ssl=1","fifu_image_url":"https:\/\/interpim.erresse-shop.it\/img-catalogo\/villeroy\/villeroy-boch-christmas-toys-cavallo-a-dondolo.jpg","_links":{"self":[{"href":"https:\/\/dev6.erresse-shop.it\/es\/wp-json\/wp\/v2\/product\/1879802","targetHints":{"allow":["GET"]}}],"collection":[{"href":"https:\/\/dev6.erresse-shop.it\/es\/wp-json\/wp\/v2\/product"}],"about":[{"href":"https:\/\/dev6.erresse-shop.it\/es\/wp-json\/wp\/v2\/types\/product"}],"wp:featuredmedia":[{"embeddable":true,"href":"https:\/\/dev6.erresse-shop.it\/es\/wp-json\/wp\/v2\/media\/6363645"}],"wp:attachment":[{"href":"https:\/\/dev6.erresse-shop.it\/es\/wp-json\/wp\/v2\/media?parent=1879802"}],"wp:term":[{"taxonomy":"product_cat","embeddable":true,"href":"https:\/\/dev6.erresse-shop.it\/es\/wp-json\/wp\/v2\/product_cat?post=1879802"},{"taxonomy":"product_tag","embeddable":true,"href":"https:\/\/dev6.erresse-shop.it\/es\/wp-json\/wp\/v2\/product_tag?post=1879802"}],"curies":[{"name":"wp","href":"https:\/\/api.w.org\/{rel}","templated":true}]}}