{"id":1879796,"date":"2026-04-10T10:30:38","date_gmt":"2026-04-10T08:30:38","guid":{"rendered":"https:\/\/dev6.erresse-shop.it\/shop\/sin%20categor\u00eda\/villeroy-boch-christmas-toys-trineo-nostalgia\/"},"modified":"2025-09-14T08:31:47","modified_gmt":"2025-09-14T06:31:47","slug":"villeroy-boch-christmas-toys-trineo-nostalgia","status":"publish","type":"product","link":"https:\/\/dev6.erresse-shop.it\/es\/shop\/mobiliario\/articulos-de-decoracion\/villeroy-boch-christmas-toys-trineo-nostalgia\/","title":{"rendered":"VILLEROY &#038; BOCH Christmas Toys Trineo Nostalgia"},"content":{"rendered":"<p>Wundersch\u00f6ne Weihnachtsdekoration<\/p>\n<p>Die Kollektion Christmas Toys vereint nostalgische Momente und modernes Design in einer wundersch\u00f6nen und festlichen Welt mit Weihnachtsm\u00e4rkten, Schneem\u00e4nnern und Weihnachtsm\u00e4nnern. Ideal als Erg\u00e4nzung f\u00fcr Ihr festlich geschm\u00fccktes Zuhause, zum Sammeln und Kombinieren und zum Verschenken. Der Weihnachtsmann hat bereits die Rentiere angebracht und Platz f\u00fcr eine Kerze in seinem Schlitten gelassen. Verschenken Sie fr\u00f6hliche und festliche Accessoires an sich selbst oder an Ihre Lieben.<\/p>\n<p>Material: Porzellan<br \/>\nAbmessungen: 35 x 14 x 17 cm<\/p>\n","protected":false},"excerpt":{"rendered":"<p>Wundersch\u00f6ne Weihnachtsdekoration Die Kollektion Christmas Toys vereint nostalgische Momente und modernes Design in einer wundersch\u00f6nen und festlichen Welt mit Weihnachtsm\u00e4rkten, Schneem\u00e4nnern und Weihnachtsm\u00e4nnern. Ideal als Erg\u00e4nzung f\u00fcr Ihr festlich geschm\u00fccktes Zuhause, zum Sammeln und Kombinieren und zum Verschenken. Der Weihnachtsmann hat bereits die Rentiere angebracht und Platz f\u00fcr eine Kerze in seinem Schlitten gelassen. Verschenken [&hellip;]<\/p>\n","protected":false},"featured_media":6321987,"template":"","meta":{"_acf_changed":false},"product_cat":[11666,11913,11882],"product_tag":[],"class_list":{"0":"post-1879796","1":"product","2":"type-product","3":"status-publish","4":"has-post-thumbnail","6":"product_cat-arredamento-casa","7":"product_cat-articulos-de-decoracion","8":"product_cat-mobiliario","10":"first","11":"instock","12":"sale","13":"taxable","14":"shipping-taxable","15":"purchasable","16":"product-type-simple","swatches":"rey-swatches","show_selected":"","stretch_labels":"rey-swatches--stretch-labels"},"acf":[],"yoast_head":"<!-- This site is optimized with the Yoast SEO plugin v25.4 - https:\/\/yoast.com\/wordpress\/plugins\/seo\/ -->\n<title>VILLEROY &#038; BOCH Christmas Toys Trineo Nostalgia - dev6 Erresse<\/title>\n<meta name=\"description\" content=\"Wundersch\u00f6ne Weihnachtsdekoration Die Kollektion Christmas Toys vereint nostalgische Momente und modernes Design in einer wundersch\u00f6nen und festlichen\" \/>\n<meta name=\"robots\" content=\"noindex, follow, max-snippet:-1, max-image-preview:large, max-video-preview:-1\" \/>\n<meta property=\"og:locale\" content=\"es_ES\" \/>\n<meta property=\"og:type\" content=\"article\" \/>\n<meta property=\"og:title\" content=\"VILLEROY &#038; BOCH Christmas Toys Trineo Nostalgia - dev6 Erresse\" \/>\n<meta property=\"og:description\" content=\"Wundersch\u00f6ne Weihnachtsdekoration Die Kollektion Christmas Toys vereint nostalgische Momente und modernes Design in einer wundersch\u00f6nen und festlichen\" \/>\n<meta property=\"og:url\" content=\"https:\/\/dev6.erresse-shop.it\/es\/shop\/mobiliario\/articulos-de-decoracion\/villeroy-boch-christmas-toys-trineo-nostalgia\/\" \/>\n<meta property=\"og:site_name\" content=\"dev6 Erresse\" \/>\n<meta property=\"og:image\" content=\"https:\/\/interpim.erresse-shop.it\/img-catalogo\/villeroy\/villeroy-boch-christmas-toys-slitta-nostalgia.jpg\" \/><meta property=\"og:image\" content=\"https:\/\/interpim.erresse-shop.it\/img-catalogo\/villeroy\/villeroy-boch-christmas-toys-slitta-nostalgia.jpg\" \/>\n\t<meta property=\"og:image:width\" content=\"1024\" \/>\n\t<meta property=\"og:image:height\" content=\"1024\" \/>\n\t<meta property=\"og:image:type\" content=\"image\/jpeg\" \/>\n<meta name=\"twitter:card\" content=\"summary_large_image\" \/>\n<meta name=\"twitter:image\" content=\"https:\/\/interpim.erresse-shop.it\/img-catalogo\/villeroy\/villeroy-boch-christmas-toys-slitta-nostalgia.jpg\" \/>\n<script type=\"application\/ld+json\" class=\"yoast-schema-graph\">{\"@context\":\"https:\/\/schema.org\",\"@graph\":[{\"@type\":\"WebPage\",\"@id\":\"https:\/\/dev6.erresse-shop.it\/es\/shop\/mobiliario\/articulos-de-decoracion\/villeroy-boch-christmas-toys-trineo-nostalgia\/\",\"url\":\"https:\/\/dev6.erresse-shop.it\/es\/shop\/mobiliario\/articulos-de-decoracion\/villeroy-boch-christmas-toys-trineo-nostalgia\/\",\"name\":\"VILLEROY &#038; BOCH Christmas Toys Trineo Nostalgia - dev6 Erresse\",\"isPartOf\":{\"@id\":\"https:\/\/dev6.erresse-shop.it\/#website\"},\"primaryImageOfPage\":{\"@id\":\"https:\/\/dev6.erresse-shop.it\/es\/shop\/mobiliario\/articulos-de-decoracion\/villeroy-boch-christmas-toys-trineo-nostalgia\/#primaryimage\"},\"image\":{\"@id\":\"https:\/\/dev6.erresse-shop.it\/es\/shop\/mobiliario\/articulos-de-decoracion\/villeroy-boch-christmas-toys-trineo-nostalgia\/#primaryimage\"},\"thumbnailUrl\":\"https:\/\/i2.wp.com\/interpim.erresse-shop.it\/img-catalogo\/villeroy\/villeroy-boch-christmas-toys-slitta-nostalgia.jpg?ssl=1\",\"datePublished\":\"2026-04-10T08:30:38+00:00\",\"description\":\"Wundersch\u00f6ne Weihnachtsdekoration Die Kollektion Christmas Toys vereint nostalgische Momente und modernes Design in einer wundersch\u00f6nen und festlichen\",\"breadcrumb\":{\"@id\":\"https:\/\/dev6.erresse-shop.it\/es\/shop\/mobiliario\/articulos-de-decoracion\/villeroy-boch-christmas-toys-trineo-nostalgia\/#breadcrumb\"},\"inLanguage\":\"es\",\"potentialAction\":[{\"@type\":\"ReadAction\",\"target\":[\"https:\/\/dev6.erresse-shop.it\/es\/shop\/mobiliario\/articulos-de-decoracion\/villeroy-boch-christmas-toys-trineo-nostalgia\/\"]}]},{\"@type\":\"ImageObject\",\"inLanguage\":\"es\",\"@id\":\"https:\/\/dev6.erresse-shop.it\/es\/shop\/mobiliario\/articulos-de-decoracion\/villeroy-boch-christmas-toys-trineo-nostalgia\/#primaryimage\",\"url\":\"https:\/\/i2.wp.com\/interpim.erresse-shop.it\/img-catalogo\/villeroy\/villeroy-boch-christmas-toys-slitta-nostalgia.jpg?ssl=1\",\"contentUrl\":\"https:\/\/i2.wp.com\/interpim.erresse-shop.it\/img-catalogo\/villeroy\/villeroy-boch-christmas-toys-slitta-nostalgia.jpg?ssl=1\"},{\"@type\":\"BreadcrumbList\",\"@id\":\"https:\/\/dev6.erresse-shop.it\/es\/shop\/mobiliario\/articulos-de-decoracion\/villeroy-boch-christmas-toys-trineo-nostalgia\/#breadcrumb\",\"itemListElement\":[{\"@type\":\"ListItem\",\"position\":1,\"name\":\"Home\",\"item\":\"https:\/\/dev6.erresse-shop.it\/\"},{\"@type\":\"ListItem\",\"position\":2,\"name\":\"Tienda\",\"item\":\"https:\/\/dev6.erresse-shop.it\/shop\/\"},{\"@type\":\"ListItem\",\"position\":3,\"name\":\"VILLEROY &#038; BOCH Christmas Toys Trineo Nostalgia\"}]},{\"@type\":\"WebSite\",\"@id\":\"https:\/\/dev6.erresse-shop.it\/#website\",\"url\":\"https:\/\/dev6.erresse-shop.it\/\",\"name\":\"Erresse Shop\",\"description\":\"\",\"publisher\":{\"@id\":\"https:\/\/dev6.erresse-shop.it\/#organization\"},\"potentialAction\":[{\"@type\":\"SearchAction\",\"target\":{\"@type\":\"EntryPoint\",\"urlTemplate\":\"https:\/\/dev6.erresse-shop.it\/?s={search_term_string}\"},\"query-input\":{\"@type\":\"PropertyValueSpecification\",\"valueRequired\":true,\"valueName\":\"search_term_string\"}}],\"inLanguage\":\"es\"},{\"@type\":\"Organization\",\"@id\":\"https:\/\/dev6.erresse-shop.it\/#organization\",\"name\":\"Erresse Shop\",\"url\":\"https:\/\/dev6.erresse-shop.it\/\",\"logo\":{\"@type\":\"ImageObject\",\"inLanguage\":\"es\",\"@id\":\"https:\/\/dev6.erresse-shop.it\/#\/schema\/logo\/image\/\",\"url\":\"https:\/\/dev6.erresse-shop.it\/wp-content\/uploads\/2025\/01\/LOGO-ERRESSE-CLASSICO.svg\",\"contentUrl\":\"https:\/\/dev6.erresse-shop.it\/wp-content\/uploads\/2025\/01\/LOGO-ERRESSE-CLASSICO.svg\",\"caption\":\"Erresse Shop\"},\"image\":{\"@id\":\"https:\/\/dev6.erresse-shop.it\/#\/schema\/logo\/image\/\"}}]}<\/script>\n<!-- \/ Yoast SEO plugin. -->","yoast_head_json":{"title":"VILLEROY &#038; BOCH Christmas Toys Trineo Nostalgia - dev6 Erresse","description":"Wundersch\u00f6ne Weihnachtsdekoration Die Kollektion Christmas Toys vereint nostalgische Momente und modernes Design in einer wundersch\u00f6nen und festlichen","robots":{"index":"noindex","follow":"follow","max-snippet":"max-snippet:-1","max-image-preview":"max-image-preview:large","max-video-preview":"max-video-preview:-1"},"og_locale":"es_ES","og_type":"article","og_title":"VILLEROY &#038; BOCH Christmas Toys Trineo Nostalgia - dev6 Erresse","og_description":"Wundersch\u00f6ne Weihnachtsdekoration Die Kollektion Christmas Toys vereint nostalgische Momente und modernes Design in einer wundersch\u00f6nen und festlichen","og_url":"https:\/\/dev6.erresse-shop.it\/es\/shop\/mobiliario\/articulos-de-decoracion\/villeroy-boch-christmas-toys-trineo-nostalgia\/","og_site_name":"dev6 Erresse","og_image":[{"url":"https:\/\/interpim.erresse-shop.it\/img-catalogo\/villeroy\/villeroy-boch-christmas-toys-slitta-nostalgia.jpg","type":"","width":"","height":""},{"url":"https:\/\/interpim.erresse-shop.it\/img-catalogo\/villeroy\/villeroy-boch-christmas-toys-slitta-nostalgia.jpg","width":1024,"height":1024,"type":"image\/jpeg"}],"twitter_card":"summary_large_image","twitter_image":"https:\/\/interpim.erresse-shop.it\/img-catalogo\/villeroy\/villeroy-boch-christmas-toys-slitta-nostalgia.jpg","schema":{"@context":"https:\/\/schema.org","@graph":[{"@type":"WebPage","@id":"https:\/\/dev6.erresse-shop.it\/es\/shop\/mobiliario\/articulos-de-decoracion\/villeroy-boch-christmas-toys-trineo-nostalgia\/","url":"https:\/\/dev6.erresse-shop.it\/es\/shop\/mobiliario\/articulos-de-decoracion\/villeroy-boch-christmas-toys-trineo-nostalgia\/","name":"VILLEROY &#038; BOCH Christmas Toys Trineo Nostalgia - dev6 Erresse","isPartOf":{"@id":"https:\/\/dev6.erresse-shop.it\/#website"},"primaryImageOfPage":{"@id":"https:\/\/dev6.erresse-shop.it\/es\/shop\/mobiliario\/articulos-de-decoracion\/villeroy-boch-christmas-toys-trineo-nostalgia\/#primaryimage"},"image":{"@id":"https:\/\/dev6.erresse-shop.it\/es\/shop\/mobiliario\/articulos-de-decoracion\/villeroy-boch-christmas-toys-trineo-nostalgia\/#primaryimage"},"thumbnailUrl":"https:\/\/i2.wp.com\/interpim.erresse-shop.it\/img-catalogo\/villeroy\/villeroy-boch-christmas-toys-slitta-nostalgia.jpg?ssl=1","datePublished":"2026-04-10T08:30:38+00:00","description":"Wundersch\u00f6ne Weihnachtsdekoration Die Kollektion Christmas Toys vereint nostalgische Momente und modernes Design in einer wundersch\u00f6nen und festlichen","breadcrumb":{"@id":"https:\/\/dev6.erresse-shop.it\/es\/shop\/mobiliario\/articulos-de-decoracion\/villeroy-boch-christmas-toys-trineo-nostalgia\/#breadcrumb"},"inLanguage":"es","potentialAction":[{"@type":"ReadAction","target":["https:\/\/dev6.erresse-shop.it\/es\/shop\/mobiliario\/articulos-de-decoracion\/villeroy-boch-christmas-toys-trineo-nostalgia\/"]}]},{"@type":"ImageObject","inLanguage":"es","@id":"https:\/\/dev6.erresse-shop.it\/es\/shop\/mobiliario\/articulos-de-decoracion\/villeroy-boch-christmas-toys-trineo-nostalgia\/#primaryimage","url":"https:\/\/i2.wp.com\/interpim.erresse-shop.it\/img-catalogo\/villeroy\/villeroy-boch-christmas-toys-slitta-nostalgia.jpg?ssl=1","contentUrl":"https:\/\/i2.wp.com\/interpim.erresse-shop.it\/img-catalogo\/villeroy\/villeroy-boch-christmas-toys-slitta-nostalgia.jpg?ssl=1"},{"@type":"BreadcrumbList","@id":"https:\/\/dev6.erresse-shop.it\/es\/shop\/mobiliario\/articulos-de-decoracion\/villeroy-boch-christmas-toys-trineo-nostalgia\/#breadcrumb","itemListElement":[{"@type":"ListItem","position":1,"name":"Home","item":"https:\/\/dev6.erresse-shop.it\/"},{"@type":"ListItem","position":2,"name":"Tienda","item":"https:\/\/dev6.erresse-shop.it\/shop\/"},{"@type":"ListItem","position":3,"name":"VILLEROY &#038; BOCH Christmas Toys Trineo Nostalgia"}]},{"@type":"WebSite","@id":"https:\/\/dev6.erresse-shop.it\/#website","url":"https:\/\/dev6.erresse-shop.it\/","name":"Erresse Shop","description":"","publisher":{"@id":"https:\/\/dev6.erresse-shop.it\/#organization"},"potentialAction":[{"@type":"SearchAction","target":{"@type":"EntryPoint","urlTemplate":"https:\/\/dev6.erresse-shop.it\/?s={search_term_string}"},"query-input":{"@type":"PropertyValueSpecification","valueRequired":true,"valueName":"search_term_string"}}],"inLanguage":"es"},{"@type":"Organization","@id":"https:\/\/dev6.erresse-shop.it\/#organization","name":"Erresse Shop","url":"https:\/\/dev6.erresse-shop.it\/","logo":{"@type":"ImageObject","inLanguage":"es","@id":"https:\/\/dev6.erresse-shop.it\/#\/schema\/logo\/image\/","url":"https:\/\/dev6.erresse-shop.it\/wp-content\/uploads\/2025\/01\/LOGO-ERRESSE-CLASSICO.svg","contentUrl":"https:\/\/dev6.erresse-shop.it\/wp-content\/uploads\/2025\/01\/LOGO-ERRESSE-CLASSICO.svg","caption":"Erresse Shop"},"image":{"@id":"https:\/\/dev6.erresse-shop.it\/#\/schema\/logo\/image\/"}}]}},"df_price":119,"df_sale_price":119,"df_regular_price":149,"df_image_link":"https:\/\/i2.wp.com\/interpim.erresse-shop.it\/img-catalogo\/villeroy\/villeroy-boch-christmas-toys-slitta-nostalgia.jpg?resize=300,300&ssl=1","fifu_image_url":"https:\/\/interpim.erresse-shop.it\/img-catalogo\/villeroy\/villeroy-boch-christmas-toys-slitta-nostalgia.jpg","_links":{"self":[{"href":"https:\/\/dev6.erresse-shop.it\/es\/wp-json\/wp\/v2\/product\/1879796","targetHints":{"allow":["GET"]}}],"collection":[{"href":"https:\/\/dev6.erresse-shop.it\/es\/wp-json\/wp\/v2\/product"}],"about":[{"href":"https:\/\/dev6.erresse-shop.it\/es\/wp-json\/wp\/v2\/types\/product"}],"wp:featuredmedia":[{"embeddable":true,"href":"https:\/\/dev6.erresse-shop.it\/es\/wp-json\/wp\/v2\/media\/6321987"}],"wp:attachment":[{"href":"https:\/\/dev6.erresse-shop.it\/es\/wp-json\/wp\/v2\/media?parent=1879796"}],"wp:term":[{"taxonomy":"product_cat","embeddable":true,"href":"https:\/\/dev6.erresse-shop.it\/es\/wp-json\/wp\/v2\/product_cat?post=1879796"},{"taxonomy":"product_tag","embeddable":true,"href":"https:\/\/dev6.erresse-shop.it\/es\/wp-json\/wp\/v2\/product_tag?post=1879796"}],"curies":[{"name":"wp","href":"https:\/\/api.w.org\/{rel}","templated":true}]}}