{"id":1879794,"date":"2026-04-12T09:52:06","date_gmt":"2026-04-12T07:52:06","guid":{"rendered":"https:\/\/dev6.erresse-shop.it\/shop\/sin%20categor\u00eda\/zwilling-cube-box-vacuum-set-5-piezas-m-plastico\/"},"modified":"2025-09-14T08:31:43","modified_gmt":"2025-09-14T06:31:43","slug":"zwilling-cube-box-vacuum-set-5-piezas-m-plastico","status":"publish","type":"product","link":"https:\/\/dev6.erresse-shop.it\/es\/shop\/cocina\/cuchillos\/accesorios-es\/zwilling-cube-box-vacuum-set-5-piezas-m-plastico\/","title":{"rendered":"ZWILLING Cube Box Vacuum Set 5 piezas M Pl\u00e1stico"},"content":{"rendered":"<p>RECIPIENTES PEQUE\u00d1OS, GRAN FRESCURA<\/p>\n<p>Modular, apilable y ahorra espacio<br \/>\nAlimentos frescos durante m\u00e1s tiempo gracias a la funci\u00f3n de vac\u00edo<br \/>\nCompatible con la bomba de vac\u00edo ZWILLING FRESH &amp; SAVE<br \/>\nLa tapa herm\u00e9tica protege contra las plagas<br \/>\nControla tus alimentos con la app ZWILLING<\/p>\n<p>Una nueva forma de organizar la cocina. Adi\u00f3s al caos en la cocina. \u00a1Bienvenidos alimentos m\u00e1s frescos! Con el ZWILLING FRESH &amp; SAVE CUBE, la comida podrida y el desorden en la cocina son s\u00f3lo un recuerdo lejano. El revolucionario sistema de frescura con el que podr\u00e1s mejorar tu cocina con m\u00e1s dise\u00f1o, m\u00e1s control y, sobre todo, m\u00e1s frescura. Primera ventaja: la tapa herm\u00e9tica. Que protege los alimentos de la humedad y las plagas. Adem\u00e1s, todos los recipientes son compatibles con la bomba de vac\u00edo ZWILLING FRESH&amp;SAVE, lo que significa que puedes eliminar el aire con s\u00f3lo pulsar un bot\u00f3n, para que tus alimentos se mantengan frescos durante m\u00e1s tiempo y conserven su sabor y su textura crujiente. Ahora todo lo que tienes que hacer es controlar esa frescura. Gracias a su dise\u00f1o en forma de cristal, siempre podr\u00e1 ver el contenido y la cantidad que hay dentro de los recipientes. Y si tiene muchas existencias, las etiquetas NFC regrabables le ayudan a controlar los niveles de llenado y la vida \u00fatil de los alimentos. Solo tienes que pegar la etiqueta en el recipiente o colocarla en la v\u00e1lvula con el posicionador de etiquetas y escanearla con tu smartphone: as\u00ed se abre la app de ZWILLING y puedes hacer un seguimiento de tus ingredientes.<\/p>\n<p>Un innovador sistema de organizaci\u00f3n de la cocina que ahorra espacio con recipientes modulares, estables y apilables<br \/>\nLa bomba de vac\u00edo ZWILLING FRESH &amp; SAVE mantiene sus provisiones frescas durante m\u00e1s tiempo, reduciendo as\u00ed el desperdicio de alimentos.<br \/>\nLa tapa herm\u00e9tica protege los alimentos de la humedad y las plagas<br \/>\nDise\u00f1o minimalista de alta calidad en material transparente similar al vidrio<br \/>\nLos recipientes, fabricados en material similar al vidrio, son duraderos y aptos para el lavavajillas, por lo que son f\u00e1ciles de limpiar.<br \/>\nOrganiza de forma \u00f3ptima los alimentos almacenados para mejorar la trazabilidad y reducir el desperdicio de alimentos. Solo tienes que pegar las etiquetas NFC a los recipientes, escanearlas con tu smartphone y conectarlos a la app de ZWILLING.<br \/>\nCon inserto 4 en 1 para una perfecta medici\u00f3n de los alimentos. Incluye cuchara medidora con 3 tama\u00f1os: cucharadita (15 ml), cucharadita (5 ml) y punta de cuchillo.<br \/>\nDimensiones: Recipiente M: 7,6 x 21,4 x 10,7 cm\/capacidad: 700 ml, recipiente 2M: 15,2 x 21,4 x 10,7 cm\/capacidad: 1,8 l<\/p>\n<p>CARACTER\u00cdSTICAS<\/p>\n<p>Color: blanco transparente<br \/>\nResistencia al calor: 90,00 \u00baC<br \/>\nResistencia al fr\u00edo: -10,00 \u00baC<br \/>\nMaterial: pl\u00e1stico<br \/>\nN\u00famero de piezas: 5<\/p>\n","protected":false},"excerpt":{"rendered":"<p>RECIPIENTES PEQUE\u00d1OS, GRAN FRESCURA Modular, apilable y ahorra espacio Alimentos frescos durante m\u00e1s tiempo gracias a la funci\u00f3n de vac\u00edo Compatible con la bomba de vac\u00edo ZWILLING FRESH &amp; SAVE La tapa herm\u00e9tica protege contra las plagas Controla tus alimentos con la app ZWILLING Una nueva forma de organizar la cocina. Adi\u00f3s al caos en [&hellip;]<\/p>\n","protected":false},"featured_media":6363604,"template":"","meta":{"_acf_changed":false},"product_cat":[11891,11884,11668,11987],"product_tag":[],"class_list":{"0":"post-1879794","1":"product","2":"type-product","3":"status-publish","4":"has-post-thumbnail","6":"product_cat-accesorios-es","7":"product_cat-cocina","8":"product_cat-cucina","9":"product_cat-vacio","11":"first","12":"instock","13":"sale","14":"taxable","15":"shipping-taxable","16":"purchasable","17":"product-type-simple","swatches":"rey-swatches","show_selected":"","stretch_labels":"rey-swatches--stretch-labels"},"acf":[],"yoast_head":"<!-- This site is optimized with the Yoast SEO plugin v25.4 - https:\/\/yoast.com\/wordpress\/plugins\/seo\/ -->\n<title>ZWILLING Cube Box Vacuum Set 5 piezas M Pl\u00e1stico - dev6 Erresse<\/title>\n<meta name=\"description\" content=\"RECIPIENTES PEQUE\u00d1OS, GRAN FRESCURA Modular, apilable y ahorra espacio Alimentos frescos durante m\u00e1s tiempo gracias a la funci\u00f3n de vac\u00edo Compatible con\" \/>\n<meta name=\"robots\" content=\"noindex, follow, max-snippet:-1, max-image-preview:large, max-video-preview:-1\" \/>\n<meta property=\"og:locale\" content=\"es_ES\" \/>\n<meta property=\"og:type\" content=\"article\" \/>\n<meta property=\"og:title\" content=\"ZWILLING Cube Box Vacuum Set 5 piezas M Pl\u00e1stico - dev6 Erresse\" \/>\n<meta property=\"og:description\" content=\"RECIPIENTES PEQUE\u00d1OS, GRAN FRESCURA Modular, apilable y ahorra espacio Alimentos frescos durante m\u00e1s tiempo gracias a la funci\u00f3n de vac\u00edo Compatible con\" \/>\n<meta property=\"og:url\" content=\"https:\/\/dev6.erresse-shop.it\/es\/shop\/cocina\/cuchillos\/accesorios-es\/zwilling-cube-box-vacuum-set-5-piezas-m-plastico\/\" \/>\n<meta property=\"og:site_name\" content=\"dev6 Erresse\" \/>\n<meta property=\"og:image\" content=\"https:\/\/interpim.erresse-shop.it\/img-catalogo\/zwilling\/zwilling-cube-box-sottovuoto-set-5-pezzi-m-plastica.jpg\" \/><meta property=\"og:image\" content=\"https:\/\/interpim.erresse-shop.it\/img-catalogo\/zwilling\/zwilling-cube-box-sottovuoto-set-5-pezzi-m-plastica.jpg\" \/>\n\t<meta property=\"og:image:width\" content=\"1024\" \/>\n\t<meta property=\"og:image:height\" content=\"1024\" \/>\n\t<meta property=\"og:image:type\" content=\"image\/jpeg\" \/>\n<meta name=\"twitter:card\" content=\"summary_large_image\" \/>\n<meta name=\"twitter:image\" content=\"https:\/\/interpim.erresse-shop.it\/img-catalogo\/zwilling\/zwilling-cube-box-sottovuoto-set-5-pezzi-m-plastica.jpg\" \/>\n<script type=\"application\/ld+json\" class=\"yoast-schema-graph\">{\"@context\":\"https:\/\/schema.org\",\"@graph\":[{\"@type\":\"WebPage\",\"@id\":\"https:\/\/dev6.erresse-shop.it\/es\/shop\/cocina\/cuchillos\/accesorios-es\/zwilling-cube-box-vacuum-set-5-piezas-m-plastico\/\",\"url\":\"https:\/\/dev6.erresse-shop.it\/es\/shop\/cocina\/cuchillos\/accesorios-es\/zwilling-cube-box-vacuum-set-5-piezas-m-plastico\/\",\"name\":\"ZWILLING Cube Box Vacuum Set 5 piezas M Pl\u00e1stico - dev6 Erresse\",\"isPartOf\":{\"@id\":\"https:\/\/dev6.erresse-shop.it\/#website\"},\"primaryImageOfPage\":{\"@id\":\"https:\/\/dev6.erresse-shop.it\/es\/shop\/cocina\/cuchillos\/accesorios-es\/zwilling-cube-box-vacuum-set-5-piezas-m-plastico\/#primaryimage\"},\"image\":{\"@id\":\"https:\/\/dev6.erresse-shop.it\/es\/shop\/cocina\/cuchillos\/accesorios-es\/zwilling-cube-box-vacuum-set-5-piezas-m-plastico\/#primaryimage\"},\"thumbnailUrl\":\"https:\/\/i1.wp.com\/interpim.erresse-shop.it\/img-catalogo\/zwilling\/zwilling-cube-box-sottovuoto-set-5-pezzi-m-plastica.jpg?ssl=1\",\"datePublished\":\"2026-04-12T07:52:06+00:00\",\"description\":\"RECIPIENTES PEQUE\u00d1OS, GRAN FRESCURA Modular, apilable y ahorra espacio Alimentos frescos durante m\u00e1s tiempo gracias a la funci\u00f3n de vac\u00edo Compatible con\",\"breadcrumb\":{\"@id\":\"https:\/\/dev6.erresse-shop.it\/es\/shop\/cocina\/cuchillos\/accesorios-es\/zwilling-cube-box-vacuum-set-5-piezas-m-plastico\/#breadcrumb\"},\"inLanguage\":\"es\",\"potentialAction\":[{\"@type\":\"ReadAction\",\"target\":[\"https:\/\/dev6.erresse-shop.it\/es\/shop\/cocina\/cuchillos\/accesorios-es\/zwilling-cube-box-vacuum-set-5-piezas-m-plastico\/\"]}]},{\"@type\":\"ImageObject\",\"inLanguage\":\"es\",\"@id\":\"https:\/\/dev6.erresse-shop.it\/es\/shop\/cocina\/cuchillos\/accesorios-es\/zwilling-cube-box-vacuum-set-5-piezas-m-plastico\/#primaryimage\",\"url\":\"https:\/\/i1.wp.com\/interpim.erresse-shop.it\/img-catalogo\/zwilling\/zwilling-cube-box-sottovuoto-set-5-pezzi-m-plastica.jpg?ssl=1\",\"contentUrl\":\"https:\/\/i1.wp.com\/interpim.erresse-shop.it\/img-catalogo\/zwilling\/zwilling-cube-box-sottovuoto-set-5-pezzi-m-plastica.jpg?ssl=1\"},{\"@type\":\"BreadcrumbList\",\"@id\":\"https:\/\/dev6.erresse-shop.it\/es\/shop\/cocina\/cuchillos\/accesorios-es\/zwilling-cube-box-vacuum-set-5-piezas-m-plastico\/#breadcrumb\",\"itemListElement\":[{\"@type\":\"ListItem\",\"position\":1,\"name\":\"Home\",\"item\":\"https:\/\/dev6.erresse-shop.it\/\"},{\"@type\":\"ListItem\",\"position\":2,\"name\":\"Tienda\",\"item\":\"https:\/\/dev6.erresse-shop.it\/shop\/\"},{\"@type\":\"ListItem\",\"position\":3,\"name\":\"ZWILLING Cube Box Vacuum Set 5 piezas M Pl\u00e1stico\"}]},{\"@type\":\"WebSite\",\"@id\":\"https:\/\/dev6.erresse-shop.it\/#website\",\"url\":\"https:\/\/dev6.erresse-shop.it\/\",\"name\":\"Erresse Shop\",\"description\":\"\",\"publisher\":{\"@id\":\"https:\/\/dev6.erresse-shop.it\/#organization\"},\"potentialAction\":[{\"@type\":\"SearchAction\",\"target\":{\"@type\":\"EntryPoint\",\"urlTemplate\":\"https:\/\/dev6.erresse-shop.it\/?s={search_term_string}\"},\"query-input\":{\"@type\":\"PropertyValueSpecification\",\"valueRequired\":true,\"valueName\":\"search_term_string\"}}],\"inLanguage\":\"es\"},{\"@type\":\"Organization\",\"@id\":\"https:\/\/dev6.erresse-shop.it\/#organization\",\"name\":\"Erresse Shop\",\"url\":\"https:\/\/dev6.erresse-shop.it\/\",\"logo\":{\"@type\":\"ImageObject\",\"inLanguage\":\"es\",\"@id\":\"https:\/\/dev6.erresse-shop.it\/#\/schema\/logo\/image\/\",\"url\":\"https:\/\/dev6.erresse-shop.it\/wp-content\/uploads\/2025\/01\/LOGO-ERRESSE-CLASSICO.svg\",\"contentUrl\":\"https:\/\/dev6.erresse-shop.it\/wp-content\/uploads\/2025\/01\/LOGO-ERRESSE-CLASSICO.svg\",\"caption\":\"Erresse Shop\"},\"image\":{\"@id\":\"https:\/\/dev6.erresse-shop.it\/#\/schema\/logo\/image\/\"}}]}<\/script>\n<!-- \/ Yoast SEO plugin. -->","yoast_head_json":{"title":"ZWILLING Cube Box Vacuum Set 5 piezas M Pl\u00e1stico - dev6 Erresse","description":"RECIPIENTES PEQUE\u00d1OS, GRAN FRESCURA Modular, apilable y ahorra espacio Alimentos frescos durante m\u00e1s tiempo gracias a la funci\u00f3n de vac\u00edo Compatible con","robots":{"index":"noindex","follow":"follow","max-snippet":"max-snippet:-1","max-image-preview":"max-image-preview:large","max-video-preview":"max-video-preview:-1"},"og_locale":"es_ES","og_type":"article","og_title":"ZWILLING Cube Box Vacuum Set 5 piezas M Pl\u00e1stico - dev6 Erresse","og_description":"RECIPIENTES PEQUE\u00d1OS, GRAN FRESCURA Modular, apilable y ahorra espacio Alimentos frescos durante m\u00e1s tiempo gracias a la funci\u00f3n de vac\u00edo Compatible con","og_url":"https:\/\/dev6.erresse-shop.it\/es\/shop\/cocina\/cuchillos\/accesorios-es\/zwilling-cube-box-vacuum-set-5-piezas-m-plastico\/","og_site_name":"dev6 Erresse","og_image":[{"url":"https:\/\/interpim.erresse-shop.it\/img-catalogo\/zwilling\/zwilling-cube-box-sottovuoto-set-5-pezzi-m-plastica.jpg","type":"","width":"","height":""},{"url":"https:\/\/interpim.erresse-shop.it\/img-catalogo\/zwilling\/zwilling-cube-box-sottovuoto-set-5-pezzi-m-plastica.jpg","width":1024,"height":1024,"type":"image\/jpeg"}],"twitter_card":"summary_large_image","twitter_image":"https:\/\/interpim.erresse-shop.it\/img-catalogo\/zwilling\/zwilling-cube-box-sottovuoto-set-5-pezzi-m-plastica.jpg","schema":{"@context":"https:\/\/schema.org","@graph":[{"@type":"WebPage","@id":"https:\/\/dev6.erresse-shop.it\/es\/shop\/cocina\/cuchillos\/accesorios-es\/zwilling-cube-box-vacuum-set-5-piezas-m-plastico\/","url":"https:\/\/dev6.erresse-shop.it\/es\/shop\/cocina\/cuchillos\/accesorios-es\/zwilling-cube-box-vacuum-set-5-piezas-m-plastico\/","name":"ZWILLING Cube Box Vacuum Set 5 piezas M Pl\u00e1stico - dev6 Erresse","isPartOf":{"@id":"https:\/\/dev6.erresse-shop.it\/#website"},"primaryImageOfPage":{"@id":"https:\/\/dev6.erresse-shop.it\/es\/shop\/cocina\/cuchillos\/accesorios-es\/zwilling-cube-box-vacuum-set-5-piezas-m-plastico\/#primaryimage"},"image":{"@id":"https:\/\/dev6.erresse-shop.it\/es\/shop\/cocina\/cuchillos\/accesorios-es\/zwilling-cube-box-vacuum-set-5-piezas-m-plastico\/#primaryimage"},"thumbnailUrl":"https:\/\/i1.wp.com\/interpim.erresse-shop.it\/img-catalogo\/zwilling\/zwilling-cube-box-sottovuoto-set-5-pezzi-m-plastica.jpg?ssl=1","datePublished":"2026-04-12T07:52:06+00:00","description":"RECIPIENTES PEQUE\u00d1OS, GRAN FRESCURA Modular, apilable y ahorra espacio Alimentos frescos durante m\u00e1s tiempo gracias a la funci\u00f3n de vac\u00edo Compatible con","breadcrumb":{"@id":"https:\/\/dev6.erresse-shop.it\/es\/shop\/cocina\/cuchillos\/accesorios-es\/zwilling-cube-box-vacuum-set-5-piezas-m-plastico\/#breadcrumb"},"inLanguage":"es","potentialAction":[{"@type":"ReadAction","target":["https:\/\/dev6.erresse-shop.it\/es\/shop\/cocina\/cuchillos\/accesorios-es\/zwilling-cube-box-vacuum-set-5-piezas-m-plastico\/"]}]},{"@type":"ImageObject","inLanguage":"es","@id":"https:\/\/dev6.erresse-shop.it\/es\/shop\/cocina\/cuchillos\/accesorios-es\/zwilling-cube-box-vacuum-set-5-piezas-m-plastico\/#primaryimage","url":"https:\/\/i1.wp.com\/interpim.erresse-shop.it\/img-catalogo\/zwilling\/zwilling-cube-box-sottovuoto-set-5-pezzi-m-plastica.jpg?ssl=1","contentUrl":"https:\/\/i1.wp.com\/interpim.erresse-shop.it\/img-catalogo\/zwilling\/zwilling-cube-box-sottovuoto-set-5-pezzi-m-plastica.jpg?ssl=1"},{"@type":"BreadcrumbList","@id":"https:\/\/dev6.erresse-shop.it\/es\/shop\/cocina\/cuchillos\/accesorios-es\/zwilling-cube-box-vacuum-set-5-piezas-m-plastico\/#breadcrumb","itemListElement":[{"@type":"ListItem","position":1,"name":"Home","item":"https:\/\/dev6.erresse-shop.it\/"},{"@type":"ListItem","position":2,"name":"Tienda","item":"https:\/\/dev6.erresse-shop.it\/shop\/"},{"@type":"ListItem","position":3,"name":"ZWILLING Cube Box Vacuum Set 5 piezas M Pl\u00e1stico"}]},{"@type":"WebSite","@id":"https:\/\/dev6.erresse-shop.it\/#website","url":"https:\/\/dev6.erresse-shop.it\/","name":"Erresse Shop","description":"","publisher":{"@id":"https:\/\/dev6.erresse-shop.it\/#organization"},"potentialAction":[{"@type":"SearchAction","target":{"@type":"EntryPoint","urlTemplate":"https:\/\/dev6.erresse-shop.it\/?s={search_term_string}"},"query-input":{"@type":"PropertyValueSpecification","valueRequired":true,"valueName":"search_term_string"}}],"inLanguage":"es"},{"@type":"Organization","@id":"https:\/\/dev6.erresse-shop.it\/#organization","name":"Erresse Shop","url":"https:\/\/dev6.erresse-shop.it\/","logo":{"@type":"ImageObject","inLanguage":"es","@id":"https:\/\/dev6.erresse-shop.it\/#\/schema\/logo\/image\/","url":"https:\/\/dev6.erresse-shop.it\/wp-content\/uploads\/2025\/01\/LOGO-ERRESSE-CLASSICO.svg","contentUrl":"https:\/\/dev6.erresse-shop.it\/wp-content\/uploads\/2025\/01\/LOGO-ERRESSE-CLASSICO.svg","caption":"Erresse Shop"},"image":{"@id":"https:\/\/dev6.erresse-shop.it\/#\/schema\/logo\/image\/"}}]}},"df_price":79,"df_sale_price":79,"df_regular_price":99.9,"df_image_link":"https:\/\/i1.wp.com\/interpim.erresse-shop.it\/img-catalogo\/zwilling\/zwilling-cube-box-sottovuoto-set-5-pezzi-m-plastica.jpg?resize=300,300&ssl=1","fifu_image_url":"https:\/\/interpim.erresse-shop.it\/img-catalogo\/zwilling\/zwilling-cube-box-sottovuoto-set-5-pezzi-m-plastica.jpg","_links":{"self":[{"href":"https:\/\/dev6.erresse-shop.it\/es\/wp-json\/wp\/v2\/product\/1879794","targetHints":{"allow":["GET"]}}],"collection":[{"href":"https:\/\/dev6.erresse-shop.it\/es\/wp-json\/wp\/v2\/product"}],"about":[{"href":"https:\/\/dev6.erresse-shop.it\/es\/wp-json\/wp\/v2\/types\/product"}],"wp:featuredmedia":[{"embeddable":true,"href":"https:\/\/dev6.erresse-shop.it\/es\/wp-json\/wp\/v2\/media\/6363604"}],"wp:attachment":[{"href":"https:\/\/dev6.erresse-shop.it\/es\/wp-json\/wp\/v2\/media?parent=1879794"}],"wp:term":[{"taxonomy":"product_cat","embeddable":true,"href":"https:\/\/dev6.erresse-shop.it\/es\/wp-json\/wp\/v2\/product_cat?post=1879794"},{"taxonomy":"product_tag","embeddable":true,"href":"https:\/\/dev6.erresse-shop.it\/es\/wp-json\/wp\/v2\/product_tag?post=1879794"}],"curies":[{"name":"wp","href":"https:\/\/api.w.org\/{rel}","templated":true}]}}