{"id":1879790,"date":"2026-04-12T09:52:06","date_gmt":"2026-04-12T07:52:06","guid":{"rendered":"https:\/\/dev6.erresse-shop.it\/shop\/sin%20categor\u00eda\/sage-the-barista-touch-impress\/"},"modified":"2025-07-04T22:32:55","modified_gmt":"2025-07-04T20:32:55","slug":"sage-the-barista-touch-impress","status":"publish","type":"product","link":"https:\/\/dev6.erresse-shop.it\/es\/shop\/pequenos-electrodomesticos\/maquinas-de-cafe\/automatico\/sage-the-barista-touch-impress\/","title":{"rendered":"SAGE The Barista Touch Impress"},"content":{"rendered":"<p>DESPLAZAR. SELECCIONAR. SORPRENDER.<\/p>\n<p>Disfruta de la gu\u00eda del barista paso a paso con un solo toque. Con la funci\u00f3n de retroalimentaci\u00f3n en tiempo real, la Barista Touch\u2122 Impress te gu\u00eda a trav\u00e9s del sistema Impress\u2122 Puck, la extracci\u00f3n precisa y la espuma autom\u00e1tica con microburbujas. Gracias al sistema de calentamiento ThermoJet\u00ae, listo en 3 segundos, el caf\u00e9 pasa del grano a la taza m\u00e1s r\u00e1pido que nunca.<\/p>\n<p>EL SISTEMA IMPRESS\u2122 PUCK<\/p>\n<p>Dosificaci\u00f3n inteligente con carga central del caf\u00e9 molido, prensado asistido, giro profesional de 7\u00b0 y presi\u00f3n precisa de 10 kg: la mezcla perfecta para crear la dosis ideal.<\/p>\n<p>Dosificaci\u00f3n inteligente: La innovadora soluci\u00f3n de dosificaci\u00f3n y prensado aprende sobre la marcha, calculando y ajustando autom\u00e1ticamente la dosis de caf\u00e9 en funci\u00f3n de los resultados del \u00faltimo molido y prensado.<br \/>\nDosificaci\u00f3n precisa: Si necesita a\u00f1adir o quitar caf\u00e9 a su dosis, la dosificaci\u00f3n precisa corrige autom\u00e1ticamente la siguiente dosis bas\u00e1ndose en el resultado anterior, para que siempre obtenga una dosis perfecta.<br \/>\nPrensado asistido: El prensado asistido ofrece un giro profesional de 7\u00b0 y una presi\u00f3n de 10 kg para conseguir un disco perfectamente limpio, como lo har\u00eda un aut\u00e9ntico barista.<\/p>\n<p>Gu\u00eda del barista<\/p>\n<p>Gracias a la gu\u00eda paso a paso con informaci\u00f3n en tiempo real, la m\u00e1quina le ayudar\u00e1 en cada paso del proceso: molido, prensado, extracci\u00f3n, hasta el batido de la sedosa y aterciopelada espuma de leche. Resultados \u00f3ptimos en todo momento.<br \/>\nBasta con deslizar el dedo y elegir entre 8 preajustes de caf\u00e9 favoritos o personalizar hasta 8 bebidas.<\/p>\n<p>Auto MilQ\u2122 para leche de vaca y otras leches vegetales<\/p>\n<p>Auto MilQ\u2122 es ahora a\u00fan m\u00e1s inteligente, con ajustes calibrados para espumar leche de avena, almendra, soja y vaca y conseguir la sedosa y aterciopelada espuma de microburbujas esencial para el arte latte.<br \/>\nCalibraci\u00f3n del tiempo de inyecci\u00f3n de aire y de la temperatura en funci\u00f3n del tipo de leche elegido.<\/p>\n<p>Molido de precisi\u00f3n<\/p>\n<p>la Barista Touch\u2122 Impress ofrece una amplia gama de selecci\u00f3n con 30 ajustes de molido. Esto le permite ajustar con precisi\u00f3n el tama\u00f1o de molido para lograr la extracci\u00f3n y el sabor deseados.<\/p>\n<p>Sistema de calentamiento de precisi\u00f3n<\/p>\n<p>El sistema de calentamiento ThermoJet\u00ae con control PID ofrece un caf\u00e9 de gran sabor con un control digital preciso de la temperatura, la velocidad de infusi\u00f3n y el tiempo de contacto.<\/p>\n<p>Accesorios:<\/p>\n<p>Portafiltro de acero inoxidable de 54 mm<br \/>\nJarra de leche de acero inoxidable de 480 ml<br \/>\nCestas de filtro de pared simple y doble para 1 y 2 tazas<br \/>\nFiltro de agua con soporte<br \/>\nTest de dureza del agua<br \/>\nHerramienta de dosificaci\u00f3n de precisi\u00f3n la Razor\u2122<br \/>\nPastillas de limpieza<br \/>\nAccesorio de limpieza con varilla de vapor<br \/>\nDisco de limpieza<br \/>\nCepillo de limpieza<br \/>\nPolvo desincrustante<\/p>\n<p>Ajustes:<\/p>\n<p>Dosificaci\u00f3n autom\u00e1tica\/manual<br \/>\nExtracciones para 1 y 2 tazas<br \/>\n8 preajustes de caf\u00e9 favoritos: Flat white, Caffellatte, Cappuccino, Espresso, Long Black, Babyccino, Chocolate caliente y T\u00e9<br \/>\nCree, guarde y cambie el nombre de hasta 8 bebidas personalizables<\/p>\n<p>Dimensiones (AnxPrxAl): 41,7 cm x 35,8 cm (incluida el asa de presi\u00f3n) \/ 33,3 cm (cuerpo principal) x 34,3 cm<\/p>\n<p>Capacidad: Portavasos de 340 g, dep\u00f3sito de agua de 2 litros<\/p>\n<p>Materiales de construcci\u00f3n: Acero inoxidable<\/p>\n<p>Tensi\u00f3n: 220-240 V<\/p>\n<p>Alimentaci\u00f3n: 1430-1700 W<\/p>\n<p>Sistema de calentamiento: Sistema de calentamiento ThermoJet<\/p>\n<p>Espumado de leche: Espumado autom\u00e1tico de leche con Auto MilQ\u2122Ajustes para alternativas a la leche: Leche de vaca, almendra, avena y soja<\/p>\n<p>Molinillo de caf\u00e9 integrado: Molinillos de precisi\u00f3n europeos Baratza<\/p>\n<p>Interfaz: Pantalla t\u00e1ctil<\/p>\n<p>Prensado: Sistema Impress\u2122 Puck Prensado asistido con giro profesional de 7 grados<\/p>\n<p>Ajustes de molido: 30 ajustes de molido de precisi\u00f3n<\/p>\n<p>\u00a0<\/p>\n<p>No se vende fuera de Europa<\/p>\n","protected":false},"excerpt":{"rendered":"<p>DESPLAZAR. SELECCIONAR. SORPRENDER. Disfruta de la gu\u00eda del barista paso a paso con un solo toque. Con la funci\u00f3n de retroalimentaci\u00f3n en tiempo real, la Barista Touch\u2122 Impress te gu\u00eda a trav\u00e9s del sistema Impress\u2122 Puck, la extracci\u00f3n precisa y la espuma autom\u00e1tica con microburbujas. Gracias al sistema de calentamiento ThermoJet\u00ae, listo en 3 segundos, [&hellip;]<\/p>\n","protected":false},"featured_media":6363544,"template":"","meta":{"_acf_changed":false},"product_cat":[11968,11955,11947],"product_tag":[],"class_list":{"0":"post-1879790","1":"product","2":"type-product","3":"status-publish","4":"has-post-thumbnail","6":"product_cat-automatico","7":"product_cat-maquinas-de-cafe","8":"product_cat-pequenos-electrodomesticos","10":"first","11":"instock","12":"sale","13":"taxable","14":"shipping-taxable","15":"purchasable","16":"product-type-simple","swatches":"rey-swatches","show_selected":"","stretch_labels":"rey-swatches--stretch-labels"},"acf":[],"yoast_head":"<!-- This site is optimized with the Yoast SEO plugin v25.4 - https:\/\/yoast.com\/wordpress\/plugins\/seo\/ -->\n<title>SAGE The Barista Touch Impress - dev6 Erresse<\/title>\n<meta name=\"description\" content=\"DESPLAZAR. SELECCIONAR. SORPRENDER. Disfruta de la gu\u00eda del barista paso a paso con un solo toque. Con la funci\u00f3n de retroalimentaci\u00f3n en tiempo real, la\" \/>\n<meta name=\"robots\" content=\"noindex, follow, max-snippet:-1, max-image-preview:large, max-video-preview:-1\" \/>\n<meta property=\"og:locale\" content=\"es_ES\" \/>\n<meta property=\"og:type\" content=\"article\" \/>\n<meta property=\"og:title\" content=\"SAGE The Barista Touch Impress - dev6 Erresse\" \/>\n<meta property=\"og:description\" content=\"DESPLAZAR. SELECCIONAR. SORPRENDER. Disfruta de la gu\u00eda del barista paso a paso con un solo toque. Con la funci\u00f3n de retroalimentaci\u00f3n en tiempo real, la\" \/>\n<meta property=\"og:url\" content=\"https:\/\/dev6.erresse-shop.it\/es\/shop\/pequenos-electrodomesticos\/maquinas-de-cafe\/automatico\/sage-the-barista-touch-impress\/\" \/>\n<meta property=\"og:site_name\" content=\"dev6 Erresse\" \/>\n<meta property=\"og:image\" content=\"https:\/\/interpim.erresse-shop.it\/img-catalogo\/sage\/sage-the-barista-touch-impress.jpg\" \/><meta property=\"og:image\" content=\"https:\/\/interpim.erresse-shop.it\/img-catalogo\/sage\/sage-the-barista-touch-impress.jpg\" \/>\n\t<meta property=\"og:image:width\" content=\"1024\" \/>\n\t<meta property=\"og:image:height\" content=\"1024\" \/>\n\t<meta property=\"og:image:type\" content=\"image\/jpeg\" \/>\n<meta name=\"twitter:card\" content=\"summary_large_image\" \/>\n<meta name=\"twitter:image\" content=\"https:\/\/interpim.erresse-shop.it\/img-catalogo\/sage\/sage-the-barista-touch-impress.jpg\" \/>\n<script type=\"application\/ld+json\" class=\"yoast-schema-graph\">{\"@context\":\"https:\/\/schema.org\",\"@graph\":[{\"@type\":\"WebPage\",\"@id\":\"https:\/\/dev6.erresse-shop.it\/es\/shop\/pequenos-electrodomesticos\/maquinas-de-cafe\/automatico\/sage-the-barista-touch-impress\/\",\"url\":\"https:\/\/dev6.erresse-shop.it\/es\/shop\/pequenos-electrodomesticos\/maquinas-de-cafe\/automatico\/sage-the-barista-touch-impress\/\",\"name\":\"SAGE The Barista Touch Impress - dev6 Erresse\",\"isPartOf\":{\"@id\":\"https:\/\/dev6.erresse-shop.it\/#website\"},\"primaryImageOfPage\":{\"@id\":\"https:\/\/dev6.erresse-shop.it\/es\/shop\/pequenos-electrodomesticos\/maquinas-de-cafe\/automatico\/sage-the-barista-touch-impress\/#primaryimage\"},\"image\":{\"@id\":\"https:\/\/dev6.erresse-shop.it\/es\/shop\/pequenos-electrodomesticos\/maquinas-de-cafe\/automatico\/sage-the-barista-touch-impress\/#primaryimage\"},\"thumbnailUrl\":\"https:\/\/i2.wp.com\/interpim.erresse-shop.it\/img-catalogo\/sage\/sage-the-barista-touch-impress.jpg?ssl=1\",\"datePublished\":\"2026-04-12T07:52:06+00:00\",\"description\":\"DESPLAZAR. SELECCIONAR. SORPRENDER. Disfruta de la gu\u00eda del barista paso a paso con un solo toque. Con la funci\u00f3n de retroalimentaci\u00f3n en tiempo real, la\",\"breadcrumb\":{\"@id\":\"https:\/\/dev6.erresse-shop.it\/es\/shop\/pequenos-electrodomesticos\/maquinas-de-cafe\/automatico\/sage-the-barista-touch-impress\/#breadcrumb\"},\"inLanguage\":\"es\",\"potentialAction\":[{\"@type\":\"ReadAction\",\"target\":[\"https:\/\/dev6.erresse-shop.it\/es\/shop\/pequenos-electrodomesticos\/maquinas-de-cafe\/automatico\/sage-the-barista-touch-impress\/\"]}]},{\"@type\":\"ImageObject\",\"inLanguage\":\"es\",\"@id\":\"https:\/\/dev6.erresse-shop.it\/es\/shop\/pequenos-electrodomesticos\/maquinas-de-cafe\/automatico\/sage-the-barista-touch-impress\/#primaryimage\",\"url\":\"https:\/\/i2.wp.com\/interpim.erresse-shop.it\/img-catalogo\/sage\/sage-the-barista-touch-impress.jpg?ssl=1\",\"contentUrl\":\"https:\/\/i2.wp.com\/interpim.erresse-shop.it\/img-catalogo\/sage\/sage-the-barista-touch-impress.jpg?ssl=1\"},{\"@type\":\"BreadcrumbList\",\"@id\":\"https:\/\/dev6.erresse-shop.it\/es\/shop\/pequenos-electrodomesticos\/maquinas-de-cafe\/automatico\/sage-the-barista-touch-impress\/#breadcrumb\",\"itemListElement\":[{\"@type\":\"ListItem\",\"position\":1,\"name\":\"Home\",\"item\":\"https:\/\/dev6.erresse-shop.it\/\"},{\"@type\":\"ListItem\",\"position\":2,\"name\":\"Tienda\",\"item\":\"https:\/\/dev6.erresse-shop.it\/shop\/\"},{\"@type\":\"ListItem\",\"position\":3,\"name\":\"SAGE The Barista Touch Impress\"}]},{\"@type\":\"WebSite\",\"@id\":\"https:\/\/dev6.erresse-shop.it\/#website\",\"url\":\"https:\/\/dev6.erresse-shop.it\/\",\"name\":\"Erresse Shop\",\"description\":\"\",\"publisher\":{\"@id\":\"https:\/\/dev6.erresse-shop.it\/#organization\"},\"potentialAction\":[{\"@type\":\"SearchAction\",\"target\":{\"@type\":\"EntryPoint\",\"urlTemplate\":\"https:\/\/dev6.erresse-shop.it\/?s={search_term_string}\"},\"query-input\":{\"@type\":\"PropertyValueSpecification\",\"valueRequired\":true,\"valueName\":\"search_term_string\"}}],\"inLanguage\":\"es\"},{\"@type\":\"Organization\",\"@id\":\"https:\/\/dev6.erresse-shop.it\/#organization\",\"name\":\"Erresse Shop\",\"url\":\"https:\/\/dev6.erresse-shop.it\/\",\"logo\":{\"@type\":\"ImageObject\",\"inLanguage\":\"es\",\"@id\":\"https:\/\/dev6.erresse-shop.it\/#\/schema\/logo\/image\/\",\"url\":\"https:\/\/dev6.erresse-shop.it\/wp-content\/uploads\/2025\/01\/LOGO-ERRESSE-CLASSICO.svg\",\"contentUrl\":\"https:\/\/dev6.erresse-shop.it\/wp-content\/uploads\/2025\/01\/LOGO-ERRESSE-CLASSICO.svg\",\"caption\":\"Erresse Shop\"},\"image\":{\"@id\":\"https:\/\/dev6.erresse-shop.it\/#\/schema\/logo\/image\/\"}}]}<\/script>\n<!-- \/ Yoast SEO plugin. -->","yoast_head_json":{"title":"SAGE The Barista Touch Impress - dev6 Erresse","description":"DESPLAZAR. SELECCIONAR. SORPRENDER. Disfruta de la gu\u00eda del barista paso a paso con un solo toque. Con la funci\u00f3n de retroalimentaci\u00f3n en tiempo real, la","robots":{"index":"noindex","follow":"follow","max-snippet":"max-snippet:-1","max-image-preview":"max-image-preview:large","max-video-preview":"max-video-preview:-1"},"og_locale":"es_ES","og_type":"article","og_title":"SAGE The Barista Touch Impress - dev6 Erresse","og_description":"DESPLAZAR. SELECCIONAR. SORPRENDER. Disfruta de la gu\u00eda del barista paso a paso con un solo toque. Con la funci\u00f3n de retroalimentaci\u00f3n en tiempo real, la","og_url":"https:\/\/dev6.erresse-shop.it\/es\/shop\/pequenos-electrodomesticos\/maquinas-de-cafe\/automatico\/sage-the-barista-touch-impress\/","og_site_name":"dev6 Erresse","og_image":[{"url":"https:\/\/interpim.erresse-shop.it\/img-catalogo\/sage\/sage-the-barista-touch-impress.jpg","type":"","width":"","height":""},{"url":"https:\/\/interpim.erresse-shop.it\/img-catalogo\/sage\/sage-the-barista-touch-impress.jpg","width":1024,"height":1024,"type":"image\/jpeg"}],"twitter_card":"summary_large_image","twitter_image":"https:\/\/interpim.erresse-shop.it\/img-catalogo\/sage\/sage-the-barista-touch-impress.jpg","schema":{"@context":"https:\/\/schema.org","@graph":[{"@type":"WebPage","@id":"https:\/\/dev6.erresse-shop.it\/es\/shop\/pequenos-electrodomesticos\/maquinas-de-cafe\/automatico\/sage-the-barista-touch-impress\/","url":"https:\/\/dev6.erresse-shop.it\/es\/shop\/pequenos-electrodomesticos\/maquinas-de-cafe\/automatico\/sage-the-barista-touch-impress\/","name":"SAGE The Barista Touch Impress - dev6 Erresse","isPartOf":{"@id":"https:\/\/dev6.erresse-shop.it\/#website"},"primaryImageOfPage":{"@id":"https:\/\/dev6.erresse-shop.it\/es\/shop\/pequenos-electrodomesticos\/maquinas-de-cafe\/automatico\/sage-the-barista-touch-impress\/#primaryimage"},"image":{"@id":"https:\/\/dev6.erresse-shop.it\/es\/shop\/pequenos-electrodomesticos\/maquinas-de-cafe\/automatico\/sage-the-barista-touch-impress\/#primaryimage"},"thumbnailUrl":"https:\/\/i2.wp.com\/interpim.erresse-shop.it\/img-catalogo\/sage\/sage-the-barista-touch-impress.jpg?ssl=1","datePublished":"2026-04-12T07:52:06+00:00","description":"DESPLAZAR. SELECCIONAR. SORPRENDER. Disfruta de la gu\u00eda del barista paso a paso con un solo toque. Con la funci\u00f3n de retroalimentaci\u00f3n en tiempo real, la","breadcrumb":{"@id":"https:\/\/dev6.erresse-shop.it\/es\/shop\/pequenos-electrodomesticos\/maquinas-de-cafe\/automatico\/sage-the-barista-touch-impress\/#breadcrumb"},"inLanguage":"es","potentialAction":[{"@type":"ReadAction","target":["https:\/\/dev6.erresse-shop.it\/es\/shop\/pequenos-electrodomesticos\/maquinas-de-cafe\/automatico\/sage-the-barista-touch-impress\/"]}]},{"@type":"ImageObject","inLanguage":"es","@id":"https:\/\/dev6.erresse-shop.it\/es\/shop\/pequenos-electrodomesticos\/maquinas-de-cafe\/automatico\/sage-the-barista-touch-impress\/#primaryimage","url":"https:\/\/i2.wp.com\/interpim.erresse-shop.it\/img-catalogo\/sage\/sage-the-barista-touch-impress.jpg?ssl=1","contentUrl":"https:\/\/i2.wp.com\/interpim.erresse-shop.it\/img-catalogo\/sage\/sage-the-barista-touch-impress.jpg?ssl=1"},{"@type":"BreadcrumbList","@id":"https:\/\/dev6.erresse-shop.it\/es\/shop\/pequenos-electrodomesticos\/maquinas-de-cafe\/automatico\/sage-the-barista-touch-impress\/#breadcrumb","itemListElement":[{"@type":"ListItem","position":1,"name":"Home","item":"https:\/\/dev6.erresse-shop.it\/"},{"@type":"ListItem","position":2,"name":"Tienda","item":"https:\/\/dev6.erresse-shop.it\/shop\/"},{"@type":"ListItem","position":3,"name":"SAGE The Barista Touch Impress"}]},{"@type":"WebSite","@id":"https:\/\/dev6.erresse-shop.it\/#website","url":"https:\/\/dev6.erresse-shop.it\/","name":"Erresse Shop","description":"","publisher":{"@id":"https:\/\/dev6.erresse-shop.it\/#organization"},"potentialAction":[{"@type":"SearchAction","target":{"@type":"EntryPoint","urlTemplate":"https:\/\/dev6.erresse-shop.it\/?s={search_term_string}"},"query-input":{"@type":"PropertyValueSpecification","valueRequired":true,"valueName":"search_term_string"}}],"inLanguage":"es"},{"@type":"Organization","@id":"https:\/\/dev6.erresse-shop.it\/#organization","name":"Erresse Shop","url":"https:\/\/dev6.erresse-shop.it\/","logo":{"@type":"ImageObject","inLanguage":"es","@id":"https:\/\/dev6.erresse-shop.it\/#\/schema\/logo\/image\/","url":"https:\/\/dev6.erresse-shop.it\/wp-content\/uploads\/2025\/01\/LOGO-ERRESSE-CLASSICO.svg","contentUrl":"https:\/\/dev6.erresse-shop.it\/wp-content\/uploads\/2025\/01\/LOGO-ERRESSE-CLASSICO.svg","caption":"Erresse Shop"},"image":{"@id":"https:\/\/dev6.erresse-shop.it\/#\/schema\/logo\/image\/"}}]}},"df_price":1049.95,"df_sale_price":1049.95,"df_regular_price":1299.9,"df_image_link":"https:\/\/i2.wp.com\/interpim.erresse-shop.it\/img-catalogo\/sage\/sage-the-barista-touch-impress.jpg?resize=300,300&ssl=1","fifu_image_url":"https:\/\/interpim.erresse-shop.it\/img-catalogo\/sage\/sage-the-barista-touch-impress.jpg","_links":{"self":[{"href":"https:\/\/dev6.erresse-shop.it\/es\/wp-json\/wp\/v2\/product\/1879790","targetHints":{"allow":["GET"]}}],"collection":[{"href":"https:\/\/dev6.erresse-shop.it\/es\/wp-json\/wp\/v2\/product"}],"about":[{"href":"https:\/\/dev6.erresse-shop.it\/es\/wp-json\/wp\/v2\/types\/product"}],"wp:featuredmedia":[{"embeddable":true,"href":"https:\/\/dev6.erresse-shop.it\/es\/wp-json\/wp\/v2\/media\/6363544"}],"wp:attachment":[{"href":"https:\/\/dev6.erresse-shop.it\/es\/wp-json\/wp\/v2\/media?parent=1879790"}],"wp:term":[{"taxonomy":"product_cat","embeddable":true,"href":"https:\/\/dev6.erresse-shop.it\/es\/wp-json\/wp\/v2\/product_cat?post=1879790"},{"taxonomy":"product_tag","embeddable":true,"href":"https:\/\/dev6.erresse-shop.it\/es\/wp-json\/wp\/v2\/product_tag?post=1879790"}],"curies":[{"name":"wp","href":"https:\/\/api.w.org\/{rel}","templated":true}]}}