{"id":1879730,"date":"2026-04-04T09:46:36","date_gmt":"2026-04-04T07:46:36","guid":{"rendered":"https:\/\/dev6.erresse-shop.it\/shop\/sin%20categor\u00eda\/illy-cafe-en-grano-tostado-classic-250-gr\/"},"modified":"2025-07-04T22:31:04","modified_gmt":"2025-07-04T20:31:04","slug":"illy-cafe-en-grano-tostado-classic-250-gr","status":"publish","type":"product","link":"https:\/\/dev6.erresse-shop.it\/es\/shop\/cafe-es\/granos-de-cafe\/illy-cafe-en-grano-tostado-classic-250-gr\/","title":{"rendered":"ILLY Caf\u00e9 en Grano Tostado Classic 250 gr"},"content":{"rendered":"<p>NOTAS AROM\u00c1TICAS<\/p>\n<p>El sabor CLASSICO de la exclusiva mezcla illy 100% Ar\u00e1bica expresa delicadas notas de caramelo, azahar y jazm\u00edn, con un regusto dulce. Para los que prefieren una taza de caf\u00e9 con un sabor suave y aterciopelado.<\/p>\n<p>1 lata 250 gr<\/p>\n","protected":false},"excerpt":{"rendered":"<p>NOTAS AROM\u00c1TICAS El sabor CLASSICO de la exclusiva mezcla illy 100% Ar\u00e1bica expresa delicadas notas de caramelo, azahar y jazm\u00edn, con un regusto dulce. Para los que prefieren una taza de caf\u00e9 con un sabor suave y aterciopelado. 1 lata 250 gr<\/p>\n","protected":false},"featured_media":6280061,"template":"","meta":{"_acf_changed":false},"product_cat":[11930,11939],"product_tag":[],"class_list":{"0":"post-1879730","1":"product","2":"type-product","3":"status-publish","4":"has-post-thumbnail","6":"product_cat-cafe-es","7":"product_cat-granos-de-cafe","9":"first","10":"instock","11":"taxable","12":"shipping-taxable","13":"purchasable","14":"product-type-simple","swatches":"rey-swatches","show_selected":"","stretch_labels":"rey-swatches--stretch-labels"},"acf":[],"yoast_head":"<!-- This site is optimized with the Yoast SEO plugin v25.4 - https:\/\/yoast.com\/wordpress\/plugins\/seo\/ -->\n<title>ILLY Caf\u00e9 en Grano Tostado Classic 250 gr - dev6 Erresse<\/title>\n<meta name=\"description\" content=\"NOTAS AROM\u00c1TICAS El sabor CLASSICO de la exclusiva mezcla illy 100% Ar\u00e1bica expresa delicadas notas de caramelo, azahar y jazm\u00edn, con un regusto dulce.\" \/>\n<meta name=\"robots\" content=\"noindex, follow, max-snippet:-1, max-image-preview:large, max-video-preview:-1\" \/>\n<meta property=\"og:locale\" content=\"es_ES\" \/>\n<meta property=\"og:type\" content=\"article\" \/>\n<meta property=\"og:title\" content=\"ILLY Caf\u00e9 en Grano Tostado Classic 250 gr - dev6 Erresse\" \/>\n<meta property=\"og:description\" content=\"NOTAS AROM\u00c1TICAS El sabor CLASSICO de la exclusiva mezcla illy 100% Ar\u00e1bica expresa delicadas notas de caramelo, azahar y jazm\u00edn, con un regusto dulce.\" \/>\n<meta property=\"og:url\" content=\"https:\/\/dev6.erresse-shop.it\/es\/shop\/cafe-es\/granos-de-cafe\/illy-cafe-en-grano-tostado-classic-250-gr\/\" \/>\n<meta property=\"og:site_name\" content=\"dev6 Erresse\" \/>\n<meta property=\"og:image\" content=\"https:\/\/interpim.erresse-shop.it\/wp-content\/uploads\/2023\/09\/ILLY-Caffe\u0300-in-Grani-Tostato-Classico-250-gr.jpg\/illy-caffe-cc-80-in-grani-tostato-classico-250-gr.jpg\" \/><meta property=\"og:image\" content=\"https:\/\/interpim.erresse-shop.it\/wp-content\/uploads\/2023\/09\/ILLY-Caffe\u0300-in-Grani-Tostato-Classico-250-gr.jpg\/illy-caffe-cc-80-in-grani-tostato-classico-250-gr.jpg\" \/>\n\t<meta property=\"og:image:width\" content=\"1024\" \/>\n\t<meta property=\"og:image:height\" content=\"1024\" \/>\n\t<meta property=\"og:image:type\" content=\"image\/jpeg\" \/>\n<meta name=\"twitter:card\" content=\"summary_large_image\" \/>\n<meta name=\"twitter:image\" content=\"https:\/\/interpim.erresse-shop.it\/wp-content\/uploads\/2023\/09\/ILLY-Caffe\u0300-in-Grani-Tostato-Classico-250-gr.jpg\/illy-caffe-cc-80-in-grani-tostato-classico-250-gr.jpg\" \/>\n<script type=\"application\/ld+json\" class=\"yoast-schema-graph\">{\"@context\":\"https:\/\/schema.org\",\"@graph\":[{\"@type\":\"WebPage\",\"@id\":\"https:\/\/dev6.erresse-shop.it\/es\/shop\/cafe-es\/granos-de-cafe\/illy-cafe-en-grano-tostado-classic-250-gr\/\",\"url\":\"https:\/\/dev6.erresse-shop.it\/es\/shop\/cafe-es\/granos-de-cafe\/illy-cafe-en-grano-tostado-classic-250-gr\/\",\"name\":\"ILLY Caf\u00e9 en Grano Tostado Classic 250 gr - dev6 Erresse\",\"isPartOf\":{\"@id\":\"https:\/\/dev6.erresse-shop.it\/#website\"},\"primaryImageOfPage\":{\"@id\":\"https:\/\/dev6.erresse-shop.it\/es\/shop\/cafe-es\/granos-de-cafe\/illy-cafe-en-grano-tostado-classic-250-gr\/#primaryimage\"},\"image\":{\"@id\":\"https:\/\/dev6.erresse-shop.it\/es\/shop\/cafe-es\/granos-de-cafe\/illy-cafe-en-grano-tostado-classic-250-gr\/#primaryimage\"},\"thumbnailUrl\":\"https:\/\/i3.wp.com\/interpim.erresse-shop.it\/wp-content\/uploads\/2023\/09\/ILLY-Caffe\u0300-in-Grani-Tostato-Classico-250-gr.jpg\/illy-caffe-cc-80-in-grani-tostato-classico-250-gr.jpg?ssl=1\",\"datePublished\":\"2026-04-04T07:46:36+00:00\",\"description\":\"NOTAS AROM\u00c1TICAS El sabor CLASSICO de la exclusiva mezcla illy 100% Ar\u00e1bica expresa delicadas notas de caramelo, azahar y jazm\u00edn, con un regusto dulce.\",\"breadcrumb\":{\"@id\":\"https:\/\/dev6.erresse-shop.it\/es\/shop\/cafe-es\/granos-de-cafe\/illy-cafe-en-grano-tostado-classic-250-gr\/#breadcrumb\"},\"inLanguage\":\"es\",\"potentialAction\":[{\"@type\":\"ReadAction\",\"target\":[\"https:\/\/dev6.erresse-shop.it\/es\/shop\/cafe-es\/granos-de-cafe\/illy-cafe-en-grano-tostado-classic-250-gr\/\"]}]},{\"@type\":\"ImageObject\",\"inLanguage\":\"es\",\"@id\":\"https:\/\/dev6.erresse-shop.it\/es\/shop\/cafe-es\/granos-de-cafe\/illy-cafe-en-grano-tostado-classic-250-gr\/#primaryimage\",\"url\":\"https:\/\/i3.wp.com\/interpim.erresse-shop.it\/wp-content\/uploads\/2023\/09\/ILLY-Caffe\u0300-in-Grani-Tostato-Classico-250-gr.jpg\/illy-caffe-cc-80-in-grani-tostato-classico-250-gr.jpg?ssl=1\",\"contentUrl\":\"https:\/\/i3.wp.com\/interpim.erresse-shop.it\/wp-content\/uploads\/2023\/09\/ILLY-Caffe\u0300-in-Grani-Tostato-Classico-250-gr.jpg\/illy-caffe-cc-80-in-grani-tostato-classico-250-gr.jpg?ssl=1\"},{\"@type\":\"BreadcrumbList\",\"@id\":\"https:\/\/dev6.erresse-shop.it\/es\/shop\/cafe-es\/granos-de-cafe\/illy-cafe-en-grano-tostado-classic-250-gr\/#breadcrumb\",\"itemListElement\":[{\"@type\":\"ListItem\",\"position\":1,\"name\":\"Home\",\"item\":\"https:\/\/dev6.erresse-shop.it\/\"},{\"@type\":\"ListItem\",\"position\":2,\"name\":\"Tienda\",\"item\":\"https:\/\/dev6.erresse-shop.it\/shop\/\"},{\"@type\":\"ListItem\",\"position\":3,\"name\":\"ILLY Caf\u00e9 en Grano Tostado Classic 250 gr\"}]},{\"@type\":\"WebSite\",\"@id\":\"https:\/\/dev6.erresse-shop.it\/#website\",\"url\":\"https:\/\/dev6.erresse-shop.it\/\",\"name\":\"Erresse Shop\",\"description\":\"\",\"publisher\":{\"@id\":\"https:\/\/dev6.erresse-shop.it\/#organization\"},\"potentialAction\":[{\"@type\":\"SearchAction\",\"target\":{\"@type\":\"EntryPoint\",\"urlTemplate\":\"https:\/\/dev6.erresse-shop.it\/?s={search_term_string}\"},\"query-input\":{\"@type\":\"PropertyValueSpecification\",\"valueRequired\":true,\"valueName\":\"search_term_string\"}}],\"inLanguage\":\"es\"},{\"@type\":\"Organization\",\"@id\":\"https:\/\/dev6.erresse-shop.it\/#organization\",\"name\":\"Erresse Shop\",\"url\":\"https:\/\/dev6.erresse-shop.it\/\",\"logo\":{\"@type\":\"ImageObject\",\"inLanguage\":\"es\",\"@id\":\"https:\/\/dev6.erresse-shop.it\/#\/schema\/logo\/image\/\",\"url\":\"https:\/\/dev6.erresse-shop.it\/wp-content\/uploads\/2025\/01\/LOGO-ERRESSE-CLASSICO.svg\",\"contentUrl\":\"https:\/\/dev6.erresse-shop.it\/wp-content\/uploads\/2025\/01\/LOGO-ERRESSE-CLASSICO.svg\",\"caption\":\"Erresse Shop\"},\"image\":{\"@id\":\"https:\/\/dev6.erresse-shop.it\/#\/schema\/logo\/image\/\"}}]}<\/script>\n<!-- \/ Yoast SEO plugin. -->","yoast_head_json":{"title":"ILLY Caf\u00e9 en Grano Tostado Classic 250 gr - dev6 Erresse","description":"NOTAS AROM\u00c1TICAS El sabor CLASSICO de la exclusiva mezcla illy 100% Ar\u00e1bica expresa delicadas notas de caramelo, azahar y jazm\u00edn, con un regusto dulce.","robots":{"index":"noindex","follow":"follow","max-snippet":"max-snippet:-1","max-image-preview":"max-image-preview:large","max-video-preview":"max-video-preview:-1"},"og_locale":"es_ES","og_type":"article","og_title":"ILLY Caf\u00e9 en Grano Tostado Classic 250 gr - dev6 Erresse","og_description":"NOTAS AROM\u00c1TICAS El sabor CLASSICO de la exclusiva mezcla illy 100% Ar\u00e1bica expresa delicadas notas de caramelo, azahar y jazm\u00edn, con un regusto dulce.","og_url":"https:\/\/dev6.erresse-shop.it\/es\/shop\/cafe-es\/granos-de-cafe\/illy-cafe-en-grano-tostado-classic-250-gr\/","og_site_name":"dev6 Erresse","og_image":[{"url":"https:\/\/interpim.erresse-shop.it\/wp-content\/uploads\/2023\/09\/ILLY-Caffe\u0300-in-Grani-Tostato-Classico-250-gr.jpg\/illy-caffe-cc-80-in-grani-tostato-classico-250-gr.jpg","type":"","width":"","height":""},{"url":"https:\/\/interpim.erresse-shop.it\/wp-content\/uploads\/2023\/09\/ILLY-Caffe\u0300-in-Grani-Tostato-Classico-250-gr.jpg\/illy-caffe-cc-80-in-grani-tostato-classico-250-gr.jpg","width":1024,"height":1024,"type":"image\/jpeg"}],"twitter_card":"summary_large_image","twitter_image":"https:\/\/interpim.erresse-shop.it\/wp-content\/uploads\/2023\/09\/ILLY-Caffe\u0300-in-Grani-Tostato-Classico-250-gr.jpg\/illy-caffe-cc-80-in-grani-tostato-classico-250-gr.jpg","schema":{"@context":"https:\/\/schema.org","@graph":[{"@type":"WebPage","@id":"https:\/\/dev6.erresse-shop.it\/es\/shop\/cafe-es\/granos-de-cafe\/illy-cafe-en-grano-tostado-classic-250-gr\/","url":"https:\/\/dev6.erresse-shop.it\/es\/shop\/cafe-es\/granos-de-cafe\/illy-cafe-en-grano-tostado-classic-250-gr\/","name":"ILLY Caf\u00e9 en Grano Tostado Classic 250 gr - dev6 Erresse","isPartOf":{"@id":"https:\/\/dev6.erresse-shop.it\/#website"},"primaryImageOfPage":{"@id":"https:\/\/dev6.erresse-shop.it\/es\/shop\/cafe-es\/granos-de-cafe\/illy-cafe-en-grano-tostado-classic-250-gr\/#primaryimage"},"image":{"@id":"https:\/\/dev6.erresse-shop.it\/es\/shop\/cafe-es\/granos-de-cafe\/illy-cafe-en-grano-tostado-classic-250-gr\/#primaryimage"},"thumbnailUrl":"https:\/\/i3.wp.com\/interpim.erresse-shop.it\/wp-content\/uploads\/2023\/09\/ILLY-Caffe\u0300-in-Grani-Tostato-Classico-250-gr.jpg\/illy-caffe-cc-80-in-grani-tostato-classico-250-gr.jpg?ssl=1","datePublished":"2026-04-04T07:46:36+00:00","description":"NOTAS AROM\u00c1TICAS El sabor CLASSICO de la exclusiva mezcla illy 100% Ar\u00e1bica expresa delicadas notas de caramelo, azahar y jazm\u00edn, con un regusto dulce.","breadcrumb":{"@id":"https:\/\/dev6.erresse-shop.it\/es\/shop\/cafe-es\/granos-de-cafe\/illy-cafe-en-grano-tostado-classic-250-gr\/#breadcrumb"},"inLanguage":"es","potentialAction":[{"@type":"ReadAction","target":["https:\/\/dev6.erresse-shop.it\/es\/shop\/cafe-es\/granos-de-cafe\/illy-cafe-en-grano-tostado-classic-250-gr\/"]}]},{"@type":"ImageObject","inLanguage":"es","@id":"https:\/\/dev6.erresse-shop.it\/es\/shop\/cafe-es\/granos-de-cafe\/illy-cafe-en-grano-tostado-classic-250-gr\/#primaryimage","url":"https:\/\/i3.wp.com\/interpim.erresse-shop.it\/wp-content\/uploads\/2023\/09\/ILLY-Caffe\u0300-in-Grani-Tostato-Classico-250-gr.jpg\/illy-caffe-cc-80-in-grani-tostato-classico-250-gr.jpg?ssl=1","contentUrl":"https:\/\/i3.wp.com\/interpim.erresse-shop.it\/wp-content\/uploads\/2023\/09\/ILLY-Caffe\u0300-in-Grani-Tostato-Classico-250-gr.jpg\/illy-caffe-cc-80-in-grani-tostato-classico-250-gr.jpg?ssl=1"},{"@type":"BreadcrumbList","@id":"https:\/\/dev6.erresse-shop.it\/es\/shop\/cafe-es\/granos-de-cafe\/illy-cafe-en-grano-tostado-classic-250-gr\/#breadcrumb","itemListElement":[{"@type":"ListItem","position":1,"name":"Home","item":"https:\/\/dev6.erresse-shop.it\/"},{"@type":"ListItem","position":2,"name":"Tienda","item":"https:\/\/dev6.erresse-shop.it\/shop\/"},{"@type":"ListItem","position":3,"name":"ILLY Caf\u00e9 en Grano Tostado Classic 250 gr"}]},{"@type":"WebSite","@id":"https:\/\/dev6.erresse-shop.it\/#website","url":"https:\/\/dev6.erresse-shop.it\/","name":"Erresse Shop","description":"","publisher":{"@id":"https:\/\/dev6.erresse-shop.it\/#organization"},"potentialAction":[{"@type":"SearchAction","target":{"@type":"EntryPoint","urlTemplate":"https:\/\/dev6.erresse-shop.it\/?s={search_term_string}"},"query-input":{"@type":"PropertyValueSpecification","valueRequired":true,"valueName":"search_term_string"}}],"inLanguage":"es"},{"@type":"Organization","@id":"https:\/\/dev6.erresse-shop.it\/#organization","name":"Erresse Shop","url":"https:\/\/dev6.erresse-shop.it\/","logo":{"@type":"ImageObject","inLanguage":"es","@id":"https:\/\/dev6.erresse-shop.it\/#\/schema\/logo\/image\/","url":"https:\/\/dev6.erresse-shop.it\/wp-content\/uploads\/2025\/01\/LOGO-ERRESSE-CLASSICO.svg","contentUrl":"https:\/\/dev6.erresse-shop.it\/wp-content\/uploads\/2025\/01\/LOGO-ERRESSE-CLASSICO.svg","caption":"Erresse Shop"},"image":{"@id":"https:\/\/dev6.erresse-shop.it\/#\/schema\/logo\/image\/"}}]}},"df_price":7.95,"df_sale_price":"","df_regular_price":7.95,"df_image_link":"https:\/\/i3.wp.com\/interpim.erresse-shop.it\/wp-content\/uploads\/2023\/09\/ILLY-Caffe\u0300-in-Grani-Tostato-Classico-250-gr.jpg\/illy-caffe-cc-80-in-grani-tostato-classico-250-gr.jpg?resize=300,300&ssl=1","fifu_image_url":"https:\/\/interpim.erresse-shop.it\/wp-content\/uploads\/2023\/09\/ILLY-Caffe\u0300-in-Grani-Tostato-Classico-250-gr.jpg\/illy-caffe-cc-80-in-grani-tostato-classico-250-gr.jpg","_links":{"self":[{"href":"https:\/\/dev6.erresse-shop.it\/es\/wp-json\/wp\/v2\/product\/1879730","targetHints":{"allow":["GET"]}}],"collection":[{"href":"https:\/\/dev6.erresse-shop.it\/es\/wp-json\/wp\/v2\/product"}],"about":[{"href":"https:\/\/dev6.erresse-shop.it\/es\/wp-json\/wp\/v2\/types\/product"}],"wp:featuredmedia":[{"embeddable":true,"href":"https:\/\/dev6.erresse-shop.it\/es\/wp-json\/wp\/v2\/media\/6280061"}],"wp:attachment":[{"href":"https:\/\/dev6.erresse-shop.it\/es\/wp-json\/wp\/v2\/media?parent=1879730"}],"wp:term":[{"taxonomy":"product_cat","embeddable":true,"href":"https:\/\/dev6.erresse-shop.it\/es\/wp-json\/wp\/v2\/product_cat?post=1879730"},{"taxonomy":"product_tag","embeddable":true,"href":"https:\/\/dev6.erresse-shop.it\/es\/wp-json\/wp\/v2\/product_tag?post=1879730"}],"curies":[{"name":"wp","href":"https:\/\/api.w.org\/{rel}","templated":true}]}}