{"id":1879642,"date":"2026-04-10T10:24:23","date_gmt":"2026-04-10T08:24:23","guid":{"rendered":"https:\/\/dev6.erresse-shop.it\/shop\/sin%20categor\u00eda\/smeg-cafetera-espresso-manual-con-molinillo-de-cafe-negro\/"},"modified":"2025-07-19T04:19:50","modified_gmt":"2025-07-19T02:19:50","slug":"smeg-cafetera-espresso-manual-con-molinillo-de-cafe-negro","status":"publish","type":"product","link":"https:\/\/dev6.erresse-shop.it\/es\/shop\/pequenos-electrodomesticos\/maquinas-de-cafe\/manual-es\/smeg-cafetera-espresso-manual-con-molinillo-de-cafe-negro\/","title":{"rendered":"SMEG Cafetera Espresso Manual con Molinillo de Caf\u00e9 Negro"},"content":{"rendered":"<p>SMEG serie 50s<\/p>\n<p>Objetos de encuentro simb\u00f3licos, iconos que transforman el espacio que ocupan, los nuevos peque\u00f1os de la l\u00ednea Anni \u201950s, dise\u00f1ados en colaboraci\u00f3n con Matteo Bazzicalupo y Raffaella Mangiarotti de deepdesign, evocan otros tiempos y dan forma a lugares cotidianos, invirtiendo lo que ya existe o ha existido con un nuevo significado, como sucede en el arte y la memoria.<br \/>\nProductos de formas redondeadas y compactas, son protagonistas de la cocina, pensados para quienes desean vivir una experiencia de chef, pero no s\u00f3lo. Para quienes les gusta rodearse de objetos con un fuerte car\u00e1cter est\u00e9tico sin perder de vista las prestaciones de alta calidad.<\/p>\n<p>Cafetera espresso manual con molinillo de caf\u00e9 integrado: la experiencia de preparar caf\u00e9 y leche como en el bar.<\/p>\n<p>Molinillo de caf\u00e9 integrado: el aut\u00e9ntico aroma del caf\u00e9 reci\u00e9n molido.<br \/>\nSistema de calentamiento con doble termobloque: preparaci\u00f3n de caf\u00e9 y vapor siempre a punto sin tiempo de espera.<br \/>\nM\u00e1quina de caf\u00e9 dise\u00f1ada para la preparaci\u00f3n perfecta del aut\u00e9ntico espresso italiano, con funciones de espresso simple y doble<br \/>\nPotencia de la bomba de 20 bares: para una extracci\u00f3n siempre correcta del espresso<\/p>\n<p>Ritual Barista<\/p>\n<p>Vivir la Experiencia Barista es posible con la cafetera EGF03 de Smeg: un concentrado de tecnolog\u00edas que contribuyen a la preparaci\u00f3n de un caf\u00e9 \u00f3ptimo.<br \/>\nPara un molido uniforme, el molinillo de caf\u00e9 integrado est\u00e1 equipado con muelas c\u00f3nicas de acero inoxidable que le permiten ajustar el molido a un nivel superfino. Gracias al portafiltro de 58 mm de di\u00e1metro y a la varilla de vapor profesional con dos niveles de vapor, podr\u00e1 preparar el caf\u00e9 y la leche como un aut\u00e9ntico barista. Mientras que el man\u00f3metro le permite comprobar que la extracci\u00f3n se ha realizado de forma \u00f3ptima seg\u00fan los par\u00e1metros del espresso.<\/p>\n<p>Thermoblock<\/p>\n<p>El doble sistema de calentamiento Thermoblock, uno dedicado al circuito del caf\u00e9 y otro al circuito de la leche, garantiza que la funci\u00f3n de vapor est\u00e9 siempre lista despu\u00e9s de la preparaci\u00f3n del caf\u00e9, evitando as\u00ed los tiempos de espera para la espuma de leche.<\/p>\n<p>Ajustes<\/p>\n<p>La nueva cafetera espresso le permite personalizar sus bebidas para adaptarse a todos los gustos: el men\u00fa dual le permite elegir entre dos opciones de molido preestablecidas, para preparar un espresso simple o doble, y dos opciones de infusi\u00f3n, para preparar una o dos tazas de caf\u00e9.<\/p>\n<p>Desde el men\u00fa de ajustes puede seleccionar su perfil de preinfusi\u00f3n preferido entre 4 perfiles diferentes (preinfusi\u00f3n corta, est\u00e1ndar, larga y progresiva) y entre 4 niveles de temperatura de extracci\u00f3n, para hacer del momento del caf\u00e9 un verdadero ritual.<\/p>\n<p>Accesorios profesionales<\/p>\n<p>Completan la experiencia del caf\u00e9 para entendidos los accesorios incluidos: los filtros no presurizados y presurizados, la jarra de leche y diversos accesorios para la limpieza y el mantenimiento de la m\u00e1quina.<\/p>\n<p>EST\u00c9TICA<br \/>\nColor: Negro<br \/>\nAcabado: Pulido<br \/>\nEst\u00e9tica: Estilo a\u00f1os 50<br \/>\nMaterial del cuerpo: Aluminio fundido a presi\u00f3n<br \/>\nMaterial de la base: Pl\u00e1stico<br \/>\nMaterial del dep\u00f3sito: SAN<br \/>\nMaterial del molinillo: Acero inoxidable<br \/>\nMaterial del recipiente de granos: SAN<br \/>\nMaterial de la tapa del recipiente de granos: SAN y TPE<br \/>\nMaterial del calentador de tazas: Acero inoxidable<br \/>\nMaterial de la palanca de vapor\/agua caliente: aleaci\u00f3n de zinc<br \/>\nMaterial de la unidad de infusi\u00f3n: Acero inoxidable<br \/>\nMaterial del portafiltro: Acero inoxidable<br \/>\nColor del brazo del portafiltro: Gris<br \/>\nMaterial del brazo portafiltro: Pl\u00e1stico<br \/>\nMaterial de la rejilla del portafiltro: Acero inoxidable<br \/>\nMaterial de la prensa de leche: Acero inoxidable<br \/>\nMaterial de la jarra de leche: Acero inoxidable<br \/>\nMaterial de la varilla de vapor\/agua caliente: Acero inoxidable<br \/>\nMaterial de la bandeja recogegotas: Aluminio fundido a presi\u00f3n<\/p>\n<p>FUNCIONES<br \/>\nFunci\u00f3n de caf\u00e9 individual: S\u00ed<br \/>\nFunci\u00f3n doble caf\u00e9: S\u00ed<br \/>\nLongitud de caf\u00e9 ajustable: S\u00ed<br \/>\nAjuste de agua programable: suave\/medio\/duro\/muy duro<br \/>\nAviso de descalcificaci\u00f3n: S\u00ed<br \/>\nAviso de dep\u00f3sito de agua vac\u00edo\/faltante: S\u00ed<br \/>\nFunci\u00f3n de espera ajustable: S\u00ed<br \/>\nEspera programable: 10 min\/30 min\/40 min\/60 min<br \/>\nAjuste del perfil de preinfusi\u00f3n: Preinfusi\u00f3n corta \/ est\u00e1ndar \/ larga \/ progresiva<br \/>\nIntensidad del vapor: 2 niveles<br \/>\nAjustes de temperatura de extracci\u00f3n del caf\u00e9: baja \/ media \/ \u00f3ptima \/ alta<br \/>\nNiveles de molienda: Superfino \/ Fino \/ Medio<br \/>\nMolido para caf\u00e9 individual: S\u00ed<br \/>\nMolido para caf\u00e9 doble: S\u00ed<br \/>\nCantidad de molido ajustable: S\u00ed<\/p>\n<p>COMANDOS<br \/>\nTipo de mandos: Botones, Palanca<br \/>\nMaterial de los botones: Pl\u00e1stico<br \/>\nColor de los botones: Plata<br \/>\nN\u00famero de botones: 4<br \/>\nModo de ajuste de la molienda: Rotaci\u00f3n del recipiente de granos<br \/>\nModo de activaci\u00f3n del vapor: Palanca<br \/>\nMaterial del portafiltro: Pl\u00e1stico<\/p>\n<p>CARACTER\u00cdSTICAS T\u00c9CNICAS<br \/>\nSistema de calefacci\u00f3n: Doble Thermoblock<br \/>\nPresi\u00f3n de la bomba: 15 bar<br \/>\nSalida de caf\u00e9: Doble<br \/>\nTipo de muela: C\u00f3nica<br \/>\nMolinillo superior extra\u00edble: S\u00ed<br \/>\nCapacidad del dep\u00f3sito de agua: 2,4 l<br \/>\nDep\u00f3sito de agua extra\u00edble: S\u00ed<br \/>\nBandeja recogegotas extra\u00edble: S\u00ed<br \/>\nMan\u00f3metro: S\u00ed<br \/>\nCalentador de tazas: Pasivo<br \/>\nDi\u00e1metro del portafiltro: 58 mm<br \/>\nPresi\u00f3n de la bomba del circuito de caf\u00e9: 20 bar<br \/>\nContenedor de granos con sistema Twist &amp; Lock: S\u00ed<br \/>\nRecipiente de caf\u00e9 en grano extra\u00edble: S\u00ed<br \/>\nVarilla de vapor profesional: S\u00ed<br \/>\nCapacidad del recipiente de granos: 250 g<br \/>\nBase antideslizante: S\u00ed<\/p>\n<p>ESPECIFICACIONES EL\u00c9CTRICAS<br \/>\nVoltaje: 220-240V<br \/>\nFrecuencia: 50\/60 Hz<br \/>\nLongitud del cable: 1 m<\/p>\n<p>No se vende fuera de Europa<\/p>\n","protected":false},"excerpt":{"rendered":"<p>SMEG serie 50s Objetos de encuentro simb\u00f3licos, iconos que transforman el espacio que ocupan, los nuevos peque\u00f1os de la l\u00ednea Anni \u201950s, dise\u00f1ados en colaboraci\u00f3n con Matteo Bazzicalupo y Raffaella Mangiarotti de deepdesign, evocan otros tiempos y dan forma a lugares cotidianos, invirtiendo lo que ya existe o ha existido con un nuevo significado, como [&hellip;]<\/p>\n","protected":false},"featured_media":6321323,"template":"","meta":{"_acf_changed":false},"product_cat":[11982,11955,11947],"product_tag":[],"class_list":{"0":"post-1879642","1":"product","2":"type-product","3":"status-publish","4":"has-post-thumbnail","6":"product_cat-manual-es","7":"product_cat-maquinas-de-cafe","8":"product_cat-pequenos-electrodomesticos","10":"first","11":"instock","12":"sale","13":"taxable","14":"shipping-taxable","15":"purchasable","16":"product-type-simple","swatches":"rey-swatches","show_selected":"","stretch_labels":"rey-swatches--stretch-labels"},"acf":[],"yoast_head":"<!-- This site is optimized with the Yoast SEO plugin v25.4 - https:\/\/yoast.com\/wordpress\/plugins\/seo\/ -->\n<title>SMEG Cafetera Espresso Manual con Molinillo de Caf\u00e9 Negro - dev6 Erresse<\/title>\n<meta name=\"description\" content=\"SMEG serie 50s Objetos de encuentro simb\u00f3licos, iconos que transforman el espacio que ocupan, los nuevos peque\u00f1os de la l\u00ednea Anni \u201950s, dise\u00f1ados en\" \/>\n<meta name=\"robots\" content=\"noindex, follow, max-snippet:-1, max-image-preview:large, max-video-preview:-1\" \/>\n<meta property=\"og:locale\" content=\"es_ES\" \/>\n<meta property=\"og:type\" content=\"article\" \/>\n<meta property=\"og:title\" content=\"SMEG Cafetera Espresso Manual con Molinillo de Caf\u00e9 Negro - dev6 Erresse\" \/>\n<meta property=\"og:description\" content=\"SMEG serie 50s Objetos de encuentro simb\u00f3licos, iconos que transforman el espacio que ocupan, los nuevos peque\u00f1os de la l\u00ednea Anni \u201950s, dise\u00f1ados en\" \/>\n<meta property=\"og:url\" content=\"https:\/\/dev6.erresse-shop.it\/es\/shop\/pequenos-electrodomesticos\/maquinas-de-cafe\/manual-es\/smeg-cafetera-espresso-manual-con-molinillo-de-cafe-negro\/\" \/>\n<meta property=\"og:site_name\" content=\"dev6 Erresse\" \/>\n<meta property=\"og:image\" content=\"https:\/\/interpim.erresse-shop.it\/wp-content\/uploads\/2023\/07\/SMEG-Macchina-da-Caffe\u0300-Espresso-Manuale-Nero.jpg\/smeg-macchina-da-caffe-cc-80-espresso-manuale-nero.jpg\" \/><meta property=\"og:image\" content=\"https:\/\/interpim.erresse-shop.it\/wp-content\/uploads\/2023\/07\/SMEG-Macchina-da-Caffe\u0300-Espresso-Manuale-Nero.jpg\/smeg-macchina-da-caffe-cc-80-espresso-manuale-nero.jpg\" \/>\n\t<meta property=\"og:image:width\" content=\"1024\" \/>\n\t<meta property=\"og:image:height\" content=\"1024\" \/>\n\t<meta property=\"og:image:type\" content=\"image\/jpeg\" \/>\n<meta name=\"twitter:card\" content=\"summary_large_image\" \/>\n<meta name=\"twitter:image\" content=\"https:\/\/interpim.erresse-shop.it\/wp-content\/uploads\/2023\/07\/SMEG-Macchina-da-Caffe\u0300-Espresso-Manuale-Nero.jpg\/smeg-macchina-da-caffe-cc-80-espresso-manuale-nero.jpg\" \/>\n<script type=\"application\/ld+json\" class=\"yoast-schema-graph\">{\"@context\":\"https:\/\/schema.org\",\"@graph\":[{\"@type\":\"WebPage\",\"@id\":\"https:\/\/dev6.erresse-shop.it\/es\/shop\/pequenos-electrodomesticos\/maquinas-de-cafe\/manual-es\/smeg-cafetera-espresso-manual-con-molinillo-de-cafe-negro\/\",\"url\":\"https:\/\/dev6.erresse-shop.it\/es\/shop\/pequenos-electrodomesticos\/maquinas-de-cafe\/manual-es\/smeg-cafetera-espresso-manual-con-molinillo-de-cafe-negro\/\",\"name\":\"SMEG Cafetera Espresso Manual con Molinillo de Caf\u00e9 Negro - dev6 Erresse\",\"isPartOf\":{\"@id\":\"https:\/\/dev6.erresse-shop.it\/#website\"},\"primaryImageOfPage\":{\"@id\":\"https:\/\/dev6.erresse-shop.it\/es\/shop\/pequenos-electrodomesticos\/maquinas-de-cafe\/manual-es\/smeg-cafetera-espresso-manual-con-molinillo-de-cafe-negro\/#primaryimage\"},\"image\":{\"@id\":\"https:\/\/dev6.erresse-shop.it\/es\/shop\/pequenos-electrodomesticos\/maquinas-de-cafe\/manual-es\/smeg-cafetera-espresso-manual-con-molinillo-de-cafe-negro\/#primaryimage\"},\"thumbnailUrl\":\"https:\/\/i3.wp.com\/interpim.erresse-shop.it\/wp-content\/uploads\/2023\/07\/SMEG-Macchina-da-Caffe\u0300-Espresso-Manuale-Nero.jpg\/smeg-macchina-da-caffe-cc-80-espresso-manuale-nero.jpg?ssl=1\",\"datePublished\":\"2026-04-10T08:24:23+00:00\",\"description\":\"SMEG serie 50s Objetos de encuentro simb\u00f3licos, iconos que transforman el espacio que ocupan, los nuevos peque\u00f1os de la l\u00ednea Anni \u201950s, dise\u00f1ados en\",\"breadcrumb\":{\"@id\":\"https:\/\/dev6.erresse-shop.it\/es\/shop\/pequenos-electrodomesticos\/maquinas-de-cafe\/manual-es\/smeg-cafetera-espresso-manual-con-molinillo-de-cafe-negro\/#breadcrumb\"},\"inLanguage\":\"es\",\"potentialAction\":[{\"@type\":\"ReadAction\",\"target\":[\"https:\/\/dev6.erresse-shop.it\/es\/shop\/pequenos-electrodomesticos\/maquinas-de-cafe\/manual-es\/smeg-cafetera-espresso-manual-con-molinillo-de-cafe-negro\/\"]}]},{\"@type\":\"ImageObject\",\"inLanguage\":\"es\",\"@id\":\"https:\/\/dev6.erresse-shop.it\/es\/shop\/pequenos-electrodomesticos\/maquinas-de-cafe\/manual-es\/smeg-cafetera-espresso-manual-con-molinillo-de-cafe-negro\/#primaryimage\",\"url\":\"https:\/\/i3.wp.com\/interpim.erresse-shop.it\/wp-content\/uploads\/2023\/07\/SMEG-Macchina-da-Caffe\u0300-Espresso-Manuale-Nero.jpg\/smeg-macchina-da-caffe-cc-80-espresso-manuale-nero.jpg?ssl=1\",\"contentUrl\":\"https:\/\/i3.wp.com\/interpim.erresse-shop.it\/wp-content\/uploads\/2023\/07\/SMEG-Macchina-da-Caffe\u0300-Espresso-Manuale-Nero.jpg\/smeg-macchina-da-caffe-cc-80-espresso-manuale-nero.jpg?ssl=1\"},{\"@type\":\"BreadcrumbList\",\"@id\":\"https:\/\/dev6.erresse-shop.it\/es\/shop\/pequenos-electrodomesticos\/maquinas-de-cafe\/manual-es\/smeg-cafetera-espresso-manual-con-molinillo-de-cafe-negro\/#breadcrumb\",\"itemListElement\":[{\"@type\":\"ListItem\",\"position\":1,\"name\":\"Home\",\"item\":\"https:\/\/dev6.erresse-shop.it\/\"},{\"@type\":\"ListItem\",\"position\":2,\"name\":\"Tienda\",\"item\":\"https:\/\/dev6.erresse-shop.it\/shop\/\"},{\"@type\":\"ListItem\",\"position\":3,\"name\":\"SMEG Cafetera Espresso Manual con Molinillo de Caf\u00e9 Negro\"}]},{\"@type\":\"WebSite\",\"@id\":\"https:\/\/dev6.erresse-shop.it\/#website\",\"url\":\"https:\/\/dev6.erresse-shop.it\/\",\"name\":\"Erresse Shop\",\"description\":\"\",\"publisher\":{\"@id\":\"https:\/\/dev6.erresse-shop.it\/#organization\"},\"potentialAction\":[{\"@type\":\"SearchAction\",\"target\":{\"@type\":\"EntryPoint\",\"urlTemplate\":\"https:\/\/dev6.erresse-shop.it\/?s={search_term_string}\"},\"query-input\":{\"@type\":\"PropertyValueSpecification\",\"valueRequired\":true,\"valueName\":\"search_term_string\"}}],\"inLanguage\":\"es\"},{\"@type\":\"Organization\",\"@id\":\"https:\/\/dev6.erresse-shop.it\/#organization\",\"name\":\"Erresse Shop\",\"url\":\"https:\/\/dev6.erresse-shop.it\/\",\"logo\":{\"@type\":\"ImageObject\",\"inLanguage\":\"es\",\"@id\":\"https:\/\/dev6.erresse-shop.it\/#\/schema\/logo\/image\/\",\"url\":\"https:\/\/dev6.erresse-shop.it\/wp-content\/uploads\/2025\/01\/LOGO-ERRESSE-CLASSICO.svg\",\"contentUrl\":\"https:\/\/dev6.erresse-shop.it\/wp-content\/uploads\/2025\/01\/LOGO-ERRESSE-CLASSICO.svg\",\"caption\":\"Erresse Shop\"},\"image\":{\"@id\":\"https:\/\/dev6.erresse-shop.it\/#\/schema\/logo\/image\/\"}}]}<\/script>\n<!-- \/ Yoast SEO plugin. -->","yoast_head_json":{"title":"SMEG Cafetera Espresso Manual con Molinillo de Caf\u00e9 Negro - dev6 Erresse","description":"SMEG serie 50s Objetos de encuentro simb\u00f3licos, iconos que transforman el espacio que ocupan, los nuevos peque\u00f1os de la l\u00ednea Anni \u201950s, dise\u00f1ados en","robots":{"index":"noindex","follow":"follow","max-snippet":"max-snippet:-1","max-image-preview":"max-image-preview:large","max-video-preview":"max-video-preview:-1"},"og_locale":"es_ES","og_type":"article","og_title":"SMEG Cafetera Espresso Manual con Molinillo de Caf\u00e9 Negro - dev6 Erresse","og_description":"SMEG serie 50s Objetos de encuentro simb\u00f3licos, iconos que transforman el espacio que ocupan, los nuevos peque\u00f1os de la l\u00ednea Anni \u201950s, dise\u00f1ados en","og_url":"https:\/\/dev6.erresse-shop.it\/es\/shop\/pequenos-electrodomesticos\/maquinas-de-cafe\/manual-es\/smeg-cafetera-espresso-manual-con-molinillo-de-cafe-negro\/","og_site_name":"dev6 Erresse","og_image":[{"url":"https:\/\/interpim.erresse-shop.it\/wp-content\/uploads\/2023\/07\/SMEG-Macchina-da-Caffe\u0300-Espresso-Manuale-Nero.jpg\/smeg-macchina-da-caffe-cc-80-espresso-manuale-nero.jpg","type":"","width":"","height":""},{"url":"https:\/\/interpim.erresse-shop.it\/wp-content\/uploads\/2023\/07\/SMEG-Macchina-da-Caffe\u0300-Espresso-Manuale-Nero.jpg\/smeg-macchina-da-caffe-cc-80-espresso-manuale-nero.jpg","width":1024,"height":1024,"type":"image\/jpeg"}],"twitter_card":"summary_large_image","twitter_image":"https:\/\/interpim.erresse-shop.it\/wp-content\/uploads\/2023\/07\/SMEG-Macchina-da-Caffe\u0300-Espresso-Manuale-Nero.jpg\/smeg-macchina-da-caffe-cc-80-espresso-manuale-nero.jpg","schema":{"@context":"https:\/\/schema.org","@graph":[{"@type":"WebPage","@id":"https:\/\/dev6.erresse-shop.it\/es\/shop\/pequenos-electrodomesticos\/maquinas-de-cafe\/manual-es\/smeg-cafetera-espresso-manual-con-molinillo-de-cafe-negro\/","url":"https:\/\/dev6.erresse-shop.it\/es\/shop\/pequenos-electrodomesticos\/maquinas-de-cafe\/manual-es\/smeg-cafetera-espresso-manual-con-molinillo-de-cafe-negro\/","name":"SMEG Cafetera Espresso Manual con Molinillo de Caf\u00e9 Negro - dev6 Erresse","isPartOf":{"@id":"https:\/\/dev6.erresse-shop.it\/#website"},"primaryImageOfPage":{"@id":"https:\/\/dev6.erresse-shop.it\/es\/shop\/pequenos-electrodomesticos\/maquinas-de-cafe\/manual-es\/smeg-cafetera-espresso-manual-con-molinillo-de-cafe-negro\/#primaryimage"},"image":{"@id":"https:\/\/dev6.erresse-shop.it\/es\/shop\/pequenos-electrodomesticos\/maquinas-de-cafe\/manual-es\/smeg-cafetera-espresso-manual-con-molinillo-de-cafe-negro\/#primaryimage"},"thumbnailUrl":"https:\/\/i3.wp.com\/interpim.erresse-shop.it\/wp-content\/uploads\/2023\/07\/SMEG-Macchina-da-Caffe\u0300-Espresso-Manuale-Nero.jpg\/smeg-macchina-da-caffe-cc-80-espresso-manuale-nero.jpg?ssl=1","datePublished":"2026-04-10T08:24:23+00:00","description":"SMEG serie 50s Objetos de encuentro simb\u00f3licos, iconos que transforman el espacio que ocupan, los nuevos peque\u00f1os de la l\u00ednea Anni \u201950s, dise\u00f1ados en","breadcrumb":{"@id":"https:\/\/dev6.erresse-shop.it\/es\/shop\/pequenos-electrodomesticos\/maquinas-de-cafe\/manual-es\/smeg-cafetera-espresso-manual-con-molinillo-de-cafe-negro\/#breadcrumb"},"inLanguage":"es","potentialAction":[{"@type":"ReadAction","target":["https:\/\/dev6.erresse-shop.it\/es\/shop\/pequenos-electrodomesticos\/maquinas-de-cafe\/manual-es\/smeg-cafetera-espresso-manual-con-molinillo-de-cafe-negro\/"]}]},{"@type":"ImageObject","inLanguage":"es","@id":"https:\/\/dev6.erresse-shop.it\/es\/shop\/pequenos-electrodomesticos\/maquinas-de-cafe\/manual-es\/smeg-cafetera-espresso-manual-con-molinillo-de-cafe-negro\/#primaryimage","url":"https:\/\/i3.wp.com\/interpim.erresse-shop.it\/wp-content\/uploads\/2023\/07\/SMEG-Macchina-da-Caffe\u0300-Espresso-Manuale-Nero.jpg\/smeg-macchina-da-caffe-cc-80-espresso-manuale-nero.jpg?ssl=1","contentUrl":"https:\/\/i3.wp.com\/interpim.erresse-shop.it\/wp-content\/uploads\/2023\/07\/SMEG-Macchina-da-Caffe\u0300-Espresso-Manuale-Nero.jpg\/smeg-macchina-da-caffe-cc-80-espresso-manuale-nero.jpg?ssl=1"},{"@type":"BreadcrumbList","@id":"https:\/\/dev6.erresse-shop.it\/es\/shop\/pequenos-electrodomesticos\/maquinas-de-cafe\/manual-es\/smeg-cafetera-espresso-manual-con-molinillo-de-cafe-negro\/#breadcrumb","itemListElement":[{"@type":"ListItem","position":1,"name":"Home","item":"https:\/\/dev6.erresse-shop.it\/"},{"@type":"ListItem","position":2,"name":"Tienda","item":"https:\/\/dev6.erresse-shop.it\/shop\/"},{"@type":"ListItem","position":3,"name":"SMEG Cafetera Espresso Manual con Molinillo de Caf\u00e9 Negro"}]},{"@type":"WebSite","@id":"https:\/\/dev6.erresse-shop.it\/#website","url":"https:\/\/dev6.erresse-shop.it\/","name":"Erresse Shop","description":"","publisher":{"@id":"https:\/\/dev6.erresse-shop.it\/#organization"},"potentialAction":[{"@type":"SearchAction","target":{"@type":"EntryPoint","urlTemplate":"https:\/\/dev6.erresse-shop.it\/?s={search_term_string}"},"query-input":{"@type":"PropertyValueSpecification","valueRequired":true,"valueName":"search_term_string"}}],"inLanguage":"es"},{"@type":"Organization","@id":"https:\/\/dev6.erresse-shop.it\/#organization","name":"Erresse Shop","url":"https:\/\/dev6.erresse-shop.it\/","logo":{"@type":"ImageObject","inLanguage":"es","@id":"https:\/\/dev6.erresse-shop.it\/#\/schema\/logo\/image\/","url":"https:\/\/dev6.erresse-shop.it\/wp-content\/uploads\/2025\/01\/LOGO-ERRESSE-CLASSICO.svg","contentUrl":"https:\/\/dev6.erresse-shop.it\/wp-content\/uploads\/2025\/01\/LOGO-ERRESSE-CLASSICO.svg","caption":"Erresse Shop"},"image":{"@id":"https:\/\/dev6.erresse-shop.it\/#\/schema\/logo\/image\/"}}]}},"df_price":769,"df_sale_price":769,"df_regular_price":869,"df_image_link":"https:\/\/i3.wp.com\/interpim.erresse-shop.it\/wp-content\/uploads\/2023\/07\/SMEG-Macchina-da-Caffe\u0300-Espresso-Manuale-Nero.jpg\/smeg-macchina-da-caffe-cc-80-espresso-manuale-nero.jpg?resize=300,300&ssl=1","fifu_image_url":"https:\/\/interpim.erresse-shop.it\/wp-content\/uploads\/2023\/07\/SMEG-Macchina-da-Caffe\u0300-Espresso-Manuale-Nero.jpg\/smeg-macchina-da-caffe-cc-80-espresso-manuale-nero.jpg","_links":{"self":[{"href":"https:\/\/dev6.erresse-shop.it\/es\/wp-json\/wp\/v2\/product\/1879642","targetHints":{"allow":["GET"]}}],"collection":[{"href":"https:\/\/dev6.erresse-shop.it\/es\/wp-json\/wp\/v2\/product"}],"about":[{"href":"https:\/\/dev6.erresse-shop.it\/es\/wp-json\/wp\/v2\/types\/product"}],"wp:featuredmedia":[{"embeddable":true,"href":"https:\/\/dev6.erresse-shop.it\/es\/wp-json\/wp\/v2\/media\/6321323"}],"wp:attachment":[{"href":"https:\/\/dev6.erresse-shop.it\/es\/wp-json\/wp\/v2\/media?parent=1879642"}],"wp:term":[{"taxonomy":"product_cat","embeddable":true,"href":"https:\/\/dev6.erresse-shop.it\/es\/wp-json\/wp\/v2\/product_cat?post=1879642"},{"taxonomy":"product_tag","embeddable":true,"href":"https:\/\/dev6.erresse-shop.it\/es\/wp-json\/wp\/v2\/product_tag?post=1879642"}],"curies":[{"name":"wp","href":"https:\/\/api.w.org\/{rel}","templated":true}]}}