{"id":1879638,"date":"2026-04-12T09:45:44","date_gmt":"2026-04-12T07:45:44","guid":{"rendered":"https:\/\/dev6.erresse-shop.it\/shop\/sin%20categor\u00eda\/zwilling-hervidor-electrico-enfinigy-1-l-negro\/"},"modified":"2025-07-04T22:28:46","modified_gmt":"2025-07-04T20:28:46","slug":"zwilling-hervidor-electrico-enfinigy-1-l-negro","status":"publish","type":"product","link":"https:\/\/dev6.erresse-shop.it\/es\/shop\/pequenos-electrodomesticos\/hervidores-electricos\/zwilling-hervidor-electrico-enfinigy-1-l-negro\/","title":{"rendered":"ZWILLING Hervidor El\u00e9ctrico Enfinigy 1 L Negro"},"content":{"rendered":"<p>\u00a1Peque\u00f1o pero impresionante! El hervidor el\u00e9ctrico de 1 litro ZWILLING ENGINIGY impresiona por su tecnolog\u00eda y dise\u00f1o. Dise\u00f1ado en Mil\u00e1n por el equipo de dise\u00f1adores Matteo Thun &amp; Antonio Rodriguez, impresiona por su forma moderna y distintiva y se integra perfectamente con los dem\u00e1s productos ZWILLING ENFINIGY. Es peque\u00f1o y ocupa poco espacio. Este aparato de cocina de 1.850 vatios tiene doble pared: la interior es de acero inoxidable, mientras que la exterior es de pl\u00e1stico de alta calidad. De este modo, el agua del interior se mantiene caliente durante m\u00e1s tiempo, mientras que el exterior del hervidor el\u00e9ctrico se mantiene fr\u00edo. Adem\u00e1s, el agua no entra en contacto con el pl\u00e1stico.El hervidor el\u00e9ctrico tiene una base robusta y pr\u00e1ctica de 360 grados con apagado autom\u00e1tico para un uso f\u00e1cil y muy seguro. Apto tanto para usuarios diestros como zurdos.<\/p>\n<p>Caracter\u00edsticas<br \/>\n\u2013 Color: negro<br \/>\n\u2013 Material: pl\u00e1stico<br \/>\n\u2013 Tensi\u00f3n: 220-240 V<br \/>\n\u2013 Frecuencia: 50\/60 Hz<br \/>\n\u2013 Enrollador de cable integrado: S\u00ed<br \/>\n\u2013 Potencia absorbida: 1.850 W<\/p>\n<p>Tama\u00f1o<br \/>\n\u2013 Peso neto: 1 kg<br \/>\n\u2013 Capacidad: 1 l<br \/>\n\u2013 Longitud del producto: 13,50 cm<br \/>\n\u2013 Anchura del producto: 13,50 cm<br \/>\n\u2013 Altura del producto: 21 cm<\/p>\n<p>No a la venta fuera de Europa<\/p>\n","protected":false},"excerpt":{"rendered":"<p>\u00a1Peque\u00f1o pero impresionante! El hervidor el\u00e9ctrico de 1 litro ZWILLING ENGINIGY impresiona por su tecnolog\u00eda y dise\u00f1o. Dise\u00f1ado en Mil\u00e1n por el equipo de dise\u00f1adores Matteo Thun &amp; Antonio Rodriguez, impresiona por su forma moderna y distintiva y se integra perfectamente con los dem\u00e1s productos ZWILLING ENFINIGY. Es peque\u00f1o y ocupa poco espacio. Este aparato [&hellip;]<\/p>\n","protected":false},"featured_media":6362919,"template":"","meta":{"_acf_changed":false},"product_cat":[11950,11947],"product_tag":[],"class_list":{"0":"post-1879638","1":"product","2":"type-product","3":"status-publish","4":"has-post-thumbnail","6":"product_cat-hervidores-electricos","7":"product_cat-pequenos-electrodomesticos","9":"first","10":"instock","11":"sale","12":"taxable","13":"shipping-taxable","14":"purchasable","15":"product-type-simple","swatches":"rey-swatches","show_selected":"","stretch_labels":"rey-swatches--stretch-labels"},"acf":[],"yoast_head":"<!-- This site is optimized with the Yoast SEO plugin v25.4 - https:\/\/yoast.com\/wordpress\/plugins\/seo\/ -->\n<title>ZWILLING Hervidor El\u00e9ctrico Enfinigy 1 L Negro - dev6 Erresse<\/title>\n<meta name=\"description\" content=\"\u00a1Peque\u00f1o pero impresionante! El hervidor el\u00e9ctrico de 1 litro ZWILLING ENGINIGY impresiona por su tecnolog\u00eda y dise\u00f1o. Dise\u00f1ado en Mil\u00e1n por el equipo de\" \/>\n<meta name=\"robots\" content=\"noindex, follow, max-snippet:-1, max-image-preview:large, max-video-preview:-1\" \/>\n<meta property=\"og:locale\" content=\"es_ES\" \/>\n<meta property=\"og:type\" content=\"article\" \/>\n<meta property=\"og:title\" content=\"ZWILLING Hervidor El\u00e9ctrico Enfinigy 1 L Negro - dev6 Erresse\" \/>\n<meta property=\"og:description\" content=\"\u00a1Peque\u00f1o pero impresionante! El hervidor el\u00e9ctrico de 1 litro ZWILLING ENGINIGY impresiona por su tecnolog\u00eda y dise\u00f1o. Dise\u00f1ado en Mil\u00e1n por el equipo de\" \/>\n<meta property=\"og:url\" content=\"https:\/\/dev6.erresse-shop.it\/es\/shop\/pequenos-electrodomesticos\/hervidores-electricos\/zwilling-hervidor-electrico-enfinigy-1-l-negro\/\" \/>\n<meta property=\"og:site_name\" content=\"dev6 Erresse\" \/>\n<meta property=\"og:image\" content=\"https:\/\/interpim.erresse-shop.it\/img-catalogo\/zwilling\/zwilling-enfinigy-bollitore-elettrico-1-l-nero.jpg\" \/><meta property=\"og:image\" content=\"https:\/\/interpim.erresse-shop.it\/img-catalogo\/zwilling\/zwilling-enfinigy-bollitore-elettrico-1-l-nero.jpg\" \/>\n\t<meta property=\"og:image:width\" content=\"1024\" \/>\n\t<meta property=\"og:image:height\" content=\"1024\" \/>\n\t<meta property=\"og:image:type\" content=\"image\/jpeg\" \/>\n<meta name=\"twitter:card\" content=\"summary_large_image\" \/>\n<meta name=\"twitter:image\" content=\"https:\/\/interpim.erresse-shop.it\/img-catalogo\/zwilling\/zwilling-enfinigy-bollitore-elettrico-1-l-nero.jpg\" \/>\n<script type=\"application\/ld+json\" class=\"yoast-schema-graph\">{\"@context\":\"https:\/\/schema.org\",\"@graph\":[{\"@type\":\"WebPage\",\"@id\":\"https:\/\/dev6.erresse-shop.it\/es\/shop\/pequenos-electrodomesticos\/hervidores-electricos\/zwilling-hervidor-electrico-enfinigy-1-l-negro\/\",\"url\":\"https:\/\/dev6.erresse-shop.it\/es\/shop\/pequenos-electrodomesticos\/hervidores-electricos\/zwilling-hervidor-electrico-enfinigy-1-l-negro\/\",\"name\":\"ZWILLING Hervidor El\u00e9ctrico Enfinigy 1 L Negro - dev6 Erresse\",\"isPartOf\":{\"@id\":\"https:\/\/dev6.erresse-shop.it\/#website\"},\"primaryImageOfPage\":{\"@id\":\"https:\/\/dev6.erresse-shop.it\/es\/shop\/pequenos-electrodomesticos\/hervidores-electricos\/zwilling-hervidor-electrico-enfinigy-1-l-negro\/#primaryimage\"},\"image\":{\"@id\":\"https:\/\/dev6.erresse-shop.it\/es\/shop\/pequenos-electrodomesticos\/hervidores-electricos\/zwilling-hervidor-electrico-enfinigy-1-l-negro\/#primaryimage\"},\"thumbnailUrl\":\"https:\/\/i3.wp.com\/interpim.erresse-shop.it\/img-catalogo\/zwilling\/zwilling-enfinigy-bollitore-elettrico-1-l-nero.jpg?ssl=1\",\"datePublished\":\"2026-04-12T07:45:44+00:00\",\"description\":\"\u00a1Peque\u00f1o pero impresionante! El hervidor el\u00e9ctrico de 1 litro ZWILLING ENGINIGY impresiona por su tecnolog\u00eda y dise\u00f1o. Dise\u00f1ado en Mil\u00e1n por el equipo de\",\"breadcrumb\":{\"@id\":\"https:\/\/dev6.erresse-shop.it\/es\/shop\/pequenos-electrodomesticos\/hervidores-electricos\/zwilling-hervidor-electrico-enfinigy-1-l-negro\/#breadcrumb\"},\"inLanguage\":\"es\",\"potentialAction\":[{\"@type\":\"ReadAction\",\"target\":[\"https:\/\/dev6.erresse-shop.it\/es\/shop\/pequenos-electrodomesticos\/hervidores-electricos\/zwilling-hervidor-electrico-enfinigy-1-l-negro\/\"]}]},{\"@type\":\"ImageObject\",\"inLanguage\":\"es\",\"@id\":\"https:\/\/dev6.erresse-shop.it\/es\/shop\/pequenos-electrodomesticos\/hervidores-electricos\/zwilling-hervidor-electrico-enfinigy-1-l-negro\/#primaryimage\",\"url\":\"https:\/\/i3.wp.com\/interpim.erresse-shop.it\/img-catalogo\/zwilling\/zwilling-enfinigy-bollitore-elettrico-1-l-nero.jpg?ssl=1\",\"contentUrl\":\"https:\/\/i3.wp.com\/interpim.erresse-shop.it\/img-catalogo\/zwilling\/zwilling-enfinigy-bollitore-elettrico-1-l-nero.jpg?ssl=1\"},{\"@type\":\"BreadcrumbList\",\"@id\":\"https:\/\/dev6.erresse-shop.it\/es\/shop\/pequenos-electrodomesticos\/hervidores-electricos\/zwilling-hervidor-electrico-enfinigy-1-l-negro\/#breadcrumb\",\"itemListElement\":[{\"@type\":\"ListItem\",\"position\":1,\"name\":\"Home\",\"item\":\"https:\/\/dev6.erresse-shop.it\/\"},{\"@type\":\"ListItem\",\"position\":2,\"name\":\"Tienda\",\"item\":\"https:\/\/dev6.erresse-shop.it\/shop\/\"},{\"@type\":\"ListItem\",\"position\":3,\"name\":\"ZWILLING Hervidor El\u00e9ctrico Enfinigy 1 L Negro\"}]},{\"@type\":\"WebSite\",\"@id\":\"https:\/\/dev6.erresse-shop.it\/#website\",\"url\":\"https:\/\/dev6.erresse-shop.it\/\",\"name\":\"Erresse Shop\",\"description\":\"\",\"publisher\":{\"@id\":\"https:\/\/dev6.erresse-shop.it\/#organization\"},\"potentialAction\":[{\"@type\":\"SearchAction\",\"target\":{\"@type\":\"EntryPoint\",\"urlTemplate\":\"https:\/\/dev6.erresse-shop.it\/?s={search_term_string}\"},\"query-input\":{\"@type\":\"PropertyValueSpecification\",\"valueRequired\":true,\"valueName\":\"search_term_string\"}}],\"inLanguage\":\"es\"},{\"@type\":\"Organization\",\"@id\":\"https:\/\/dev6.erresse-shop.it\/#organization\",\"name\":\"Erresse Shop\",\"url\":\"https:\/\/dev6.erresse-shop.it\/\",\"logo\":{\"@type\":\"ImageObject\",\"inLanguage\":\"es\",\"@id\":\"https:\/\/dev6.erresse-shop.it\/#\/schema\/logo\/image\/\",\"url\":\"https:\/\/dev6.erresse-shop.it\/wp-content\/uploads\/2025\/01\/LOGO-ERRESSE-CLASSICO.svg\",\"contentUrl\":\"https:\/\/dev6.erresse-shop.it\/wp-content\/uploads\/2025\/01\/LOGO-ERRESSE-CLASSICO.svg\",\"caption\":\"Erresse Shop\"},\"image\":{\"@id\":\"https:\/\/dev6.erresse-shop.it\/#\/schema\/logo\/image\/\"}}]}<\/script>\n<!-- \/ Yoast SEO plugin. -->","yoast_head_json":{"title":"ZWILLING Hervidor El\u00e9ctrico Enfinigy 1 L Negro - dev6 Erresse","description":"\u00a1Peque\u00f1o pero impresionante! El hervidor el\u00e9ctrico de 1 litro ZWILLING ENGINIGY impresiona por su tecnolog\u00eda y dise\u00f1o. Dise\u00f1ado en Mil\u00e1n por el equipo de","robots":{"index":"noindex","follow":"follow","max-snippet":"max-snippet:-1","max-image-preview":"max-image-preview:large","max-video-preview":"max-video-preview:-1"},"og_locale":"es_ES","og_type":"article","og_title":"ZWILLING Hervidor El\u00e9ctrico Enfinigy 1 L Negro - dev6 Erresse","og_description":"\u00a1Peque\u00f1o pero impresionante! El hervidor el\u00e9ctrico de 1 litro ZWILLING ENGINIGY impresiona por su tecnolog\u00eda y dise\u00f1o. Dise\u00f1ado en Mil\u00e1n por el equipo de","og_url":"https:\/\/dev6.erresse-shop.it\/es\/shop\/pequenos-electrodomesticos\/hervidores-electricos\/zwilling-hervidor-electrico-enfinigy-1-l-negro\/","og_site_name":"dev6 Erresse","og_image":[{"url":"https:\/\/interpim.erresse-shop.it\/img-catalogo\/zwilling\/zwilling-enfinigy-bollitore-elettrico-1-l-nero.jpg","type":"","width":"","height":""},{"url":"https:\/\/interpim.erresse-shop.it\/img-catalogo\/zwilling\/zwilling-enfinigy-bollitore-elettrico-1-l-nero.jpg","width":1024,"height":1024,"type":"image\/jpeg"}],"twitter_card":"summary_large_image","twitter_image":"https:\/\/interpim.erresse-shop.it\/img-catalogo\/zwilling\/zwilling-enfinigy-bollitore-elettrico-1-l-nero.jpg","schema":{"@context":"https:\/\/schema.org","@graph":[{"@type":"WebPage","@id":"https:\/\/dev6.erresse-shop.it\/es\/shop\/pequenos-electrodomesticos\/hervidores-electricos\/zwilling-hervidor-electrico-enfinigy-1-l-negro\/","url":"https:\/\/dev6.erresse-shop.it\/es\/shop\/pequenos-electrodomesticos\/hervidores-electricos\/zwilling-hervidor-electrico-enfinigy-1-l-negro\/","name":"ZWILLING Hervidor El\u00e9ctrico Enfinigy 1 L Negro - dev6 Erresse","isPartOf":{"@id":"https:\/\/dev6.erresse-shop.it\/#website"},"primaryImageOfPage":{"@id":"https:\/\/dev6.erresse-shop.it\/es\/shop\/pequenos-electrodomesticos\/hervidores-electricos\/zwilling-hervidor-electrico-enfinigy-1-l-negro\/#primaryimage"},"image":{"@id":"https:\/\/dev6.erresse-shop.it\/es\/shop\/pequenos-electrodomesticos\/hervidores-electricos\/zwilling-hervidor-electrico-enfinigy-1-l-negro\/#primaryimage"},"thumbnailUrl":"https:\/\/i3.wp.com\/interpim.erresse-shop.it\/img-catalogo\/zwilling\/zwilling-enfinigy-bollitore-elettrico-1-l-nero.jpg?ssl=1","datePublished":"2026-04-12T07:45:44+00:00","description":"\u00a1Peque\u00f1o pero impresionante! El hervidor el\u00e9ctrico de 1 litro ZWILLING ENGINIGY impresiona por su tecnolog\u00eda y dise\u00f1o. Dise\u00f1ado en Mil\u00e1n por el equipo de","breadcrumb":{"@id":"https:\/\/dev6.erresse-shop.it\/es\/shop\/pequenos-electrodomesticos\/hervidores-electricos\/zwilling-hervidor-electrico-enfinigy-1-l-negro\/#breadcrumb"},"inLanguage":"es","potentialAction":[{"@type":"ReadAction","target":["https:\/\/dev6.erresse-shop.it\/es\/shop\/pequenos-electrodomesticos\/hervidores-electricos\/zwilling-hervidor-electrico-enfinigy-1-l-negro\/"]}]},{"@type":"ImageObject","inLanguage":"es","@id":"https:\/\/dev6.erresse-shop.it\/es\/shop\/pequenos-electrodomesticos\/hervidores-electricos\/zwilling-hervidor-electrico-enfinigy-1-l-negro\/#primaryimage","url":"https:\/\/i3.wp.com\/interpim.erresse-shop.it\/img-catalogo\/zwilling\/zwilling-enfinigy-bollitore-elettrico-1-l-nero.jpg?ssl=1","contentUrl":"https:\/\/i3.wp.com\/interpim.erresse-shop.it\/img-catalogo\/zwilling\/zwilling-enfinigy-bollitore-elettrico-1-l-nero.jpg?ssl=1"},{"@type":"BreadcrumbList","@id":"https:\/\/dev6.erresse-shop.it\/es\/shop\/pequenos-electrodomesticos\/hervidores-electricos\/zwilling-hervidor-electrico-enfinigy-1-l-negro\/#breadcrumb","itemListElement":[{"@type":"ListItem","position":1,"name":"Home","item":"https:\/\/dev6.erresse-shop.it\/"},{"@type":"ListItem","position":2,"name":"Tienda","item":"https:\/\/dev6.erresse-shop.it\/shop\/"},{"@type":"ListItem","position":3,"name":"ZWILLING Hervidor El\u00e9ctrico Enfinigy 1 L Negro"}]},{"@type":"WebSite","@id":"https:\/\/dev6.erresse-shop.it\/#website","url":"https:\/\/dev6.erresse-shop.it\/","name":"Erresse Shop","description":"","publisher":{"@id":"https:\/\/dev6.erresse-shop.it\/#organization"},"potentialAction":[{"@type":"SearchAction","target":{"@type":"EntryPoint","urlTemplate":"https:\/\/dev6.erresse-shop.it\/?s={search_term_string}"},"query-input":{"@type":"PropertyValueSpecification","valueRequired":true,"valueName":"search_term_string"}}],"inLanguage":"es"},{"@type":"Organization","@id":"https:\/\/dev6.erresse-shop.it\/#organization","name":"Erresse Shop","url":"https:\/\/dev6.erresse-shop.it\/","logo":{"@type":"ImageObject","inLanguage":"es","@id":"https:\/\/dev6.erresse-shop.it\/#\/schema\/logo\/image\/","url":"https:\/\/dev6.erresse-shop.it\/wp-content\/uploads\/2025\/01\/LOGO-ERRESSE-CLASSICO.svg","contentUrl":"https:\/\/dev6.erresse-shop.it\/wp-content\/uploads\/2025\/01\/LOGO-ERRESSE-CLASSICO.svg","caption":"Erresse Shop"},"image":{"@id":"https:\/\/dev6.erresse-shop.it\/#\/schema\/logo\/image\/"}}]}},"df_price":69,"df_sale_price":69,"df_regular_price":69.95,"df_image_link":"https:\/\/i3.wp.com\/interpim.erresse-shop.it\/img-catalogo\/zwilling\/zwilling-enfinigy-bollitore-elettrico-1-l-nero.jpg?resize=300,300&ssl=1","fifu_image_url":"https:\/\/interpim.erresse-shop.it\/img-catalogo\/zwilling\/zwilling-enfinigy-bollitore-elettrico-1-l-nero.jpg","_links":{"self":[{"href":"https:\/\/dev6.erresse-shop.it\/es\/wp-json\/wp\/v2\/product\/1879638","targetHints":{"allow":["GET"]}}],"collection":[{"href":"https:\/\/dev6.erresse-shop.it\/es\/wp-json\/wp\/v2\/product"}],"about":[{"href":"https:\/\/dev6.erresse-shop.it\/es\/wp-json\/wp\/v2\/types\/product"}],"wp:featuredmedia":[{"embeddable":true,"href":"https:\/\/dev6.erresse-shop.it\/es\/wp-json\/wp\/v2\/media\/6362919"}],"wp:attachment":[{"href":"https:\/\/dev6.erresse-shop.it\/es\/wp-json\/wp\/v2\/media?parent=1879638"}],"wp:term":[{"taxonomy":"product_cat","embeddable":true,"href":"https:\/\/dev6.erresse-shop.it\/es\/wp-json\/wp\/v2\/product_cat?post=1879638"},{"taxonomy":"product_tag","embeddable":true,"href":"https:\/\/dev6.erresse-shop.it\/es\/wp-json\/wp\/v2\/product_tag?post=1879638"}],"curies":[{"name":"wp","href":"https:\/\/api.w.org\/{rel}","templated":true}]}}