{"id":1879632,"date":"2026-04-12T09:45:44","date_gmt":"2026-04-12T07:45:44","guid":{"rendered":"https:\/\/dev6.erresse-shop.it\/shop\/sin%20categor\u00eda\/kitchenaid-mezcladora-planetaria-mini-33-l-rojo-imperial\/"},"modified":"2025-09-14T08:28:07","modified_gmt":"2025-09-14T06:28:07","slug":"kitchenaid-mezcladora-planetaria-mini-33-l-rojo-imperial","status":"publish","type":"product","link":"https:\/\/dev6.erresse-shop.it\/es\/shop\/pequenos-electrodomesticos\/amasadores\/kitchenaid-mezcladora-planetaria-mini-33-l-rojo-imperial\/","title":{"rendered":"KITCHENAID Mezcladora Planetaria Mini 3,3 L Rojo Imperial"},"content":{"rendered":"<p>Mini planetario para deliciosos platos caseros<\/p>\n<p>La KitchenAid de 3,3 L puede ser peque\u00f1a, pero viene con 100 a\u00f1os de experiencia. Tiene el mismo dise\u00f1o redondeado ic\u00f3nico, durabilidad y versatilidad que han hecho de KitchenAid la MARCA DE PLANETARIAS N\u00daMERO 1 DEL MUNDO. Tanto si est\u00e1 haciendo galletas, pur\u00e9 de patatas, pastel de carne o pan, nunca le defraudar\u00e1.<\/p>\n<p>Esta Mini Batidora Planetaria puede ser la soluci\u00f3n perfecta. Una bonita versi\u00f3n del modelo de 4,8 L de capacidad, es igual de vers\u00e1til y duradera, pero un 25% m\u00e1s ligera y un 20% m\u00e1s peque\u00f1a. Batir, batir, mezclar, picar, amasar o hacer pur\u00e9: la KitchenAid de 3,3 L hace todo esto y mucho m\u00e1s.<\/p>\n<p>Movimiento planetario y velocidad de precisi\u00f3n<\/p>\n<p>La batidora planetaria KitchenAid fue el primer robot de cocina con \u201cmovimiento planetario\u201d. \u00bfQu\u00e9 significa esto? Significa que el eje de la batidora gira en una direcci\u00f3n y los accesorios en la otra, alcanzando al menos 69 puntos de contacto en el bol. El elevado n\u00famero de puntos de contacto significa que el movimiento superpuesto del eje batidor empuja los ingredientes hacia el centro, sin dejar ning\u00fan ingrediente fuera.<\/p>\n<p>Esta minibatidora planetaria KitchenAid tiene 10 velocidades para ofrecerle la precisi\u00f3n que necesita para el trabajo que tiene entre manos. S\u00f3lo tiene que mover la palanca de control de velocidad y dejar que la batidora planetaria se encargue de todo. Ya sea mezclar masas para tortitas, amasar pan, montar nata o desmenuzar pollo. Seleccione la velocidad 1 para mezclar suavemente, las velocidades hasta 6 para batir y mezclar, y la velocidad 10 para batir r\u00e1pidamente.<\/p>\n<p>\u00bfQu\u00e9 porciones admite?<\/p>\n<p>La batidora planetaria KitchenAid de 3,3 L es ideal para cantidades peque\u00f1as y medianas. Gracias a su resistente bol de acero inoxidable, puede mezclar hasta 60 galletas. \u00a1Hay para todos!<\/p>\n<p>Disfrute del lado m\u00e1s ligero de la vida<\/p>\n<p>M\u00e1s compacta y ligera que otros modelos, la mini batidora planetaria KitchenAid ocupa menos espacio en la encimera y es m\u00e1s f\u00e1cil de transportar y guardar.<br \/>\nEl dise\u00f1o del cabezal reclinable de esta batidora planetaria hace que sea a\u00fan m\u00e1s f\u00e1cil de montar. S\u00f3lo tiene que fijar el bol en su sitio, insertar el batidor de su elecci\u00f3n y bajar el cabezal. A continuaci\u00f3n, deslice la palanca de velocidad para comenzar.<br \/>\nLa limpieza tambi\u00e9n es sencilla. Cuando termine, puede meter el bol, el batidor plano y el gancho amasador en el lavavajillas y lavar el batidor con agua tibia y jab\u00f3n. Nada m\u00e1s sencillo.<\/p>\n<p>Especificaciones t\u00e9cnicas:<\/p>\n<p>Tensi\u00f3n: 220-240 V<br \/>\nPotencia: 250 W<br \/>\nFrecuencia: 50\/60 Hz<br \/>\nLongitud del cable: 120 cm<\/p>\n<p>Dise\u00f1o con cabezal reclinable<br \/>\nMovimiento planetario y 10 velocidades<br \/>\n3 accesorios de mezcla<br \/>\nRobusto cuerpo de metal fundido a presi\u00f3n<br \/>\n5 a\u00f1os de garant\u00eda<\/p>\n","protected":false},"excerpt":{"rendered":"<p>Mini planetario para deliciosos platos caseros La KitchenAid de 3,3 L puede ser peque\u00f1a, pero viene con 100 a\u00f1os de experiencia. Tiene el mismo dise\u00f1o redondeado ic\u00f3nico, durabilidad y versatilidad que han hecho de KitchenAid la MARCA DE PLANETARIAS N\u00daMERO 1 DEL MUNDO. Tanto si est\u00e1 haciendo galletas, pur\u00e9 de patatas, pastel de carne o [&hellip;]<\/p>\n","protected":false},"featured_media":6362876,"template":"","meta":{"_acf_changed":false},"product_cat":[11980,11947],"product_tag":[],"class_list":{"0":"post-1879632","1":"product","2":"type-product","3":"status-publish","4":"has-post-thumbnail","6":"product_cat-amasadores","7":"product_cat-pequenos-electrodomesticos","9":"first","10":"instock","11":"sale","12":"taxable","13":"shipping-taxable","14":"purchasable","15":"product-type-simple","swatches":"rey-swatches","show_selected":"","stretch_labels":"rey-swatches--stretch-labels"},"acf":[],"yoast_head":"<!-- This site is optimized with the Yoast SEO plugin v25.4 - https:\/\/yoast.com\/wordpress\/plugins\/seo\/ -->\n<title>KITCHENAID Mezcladora Planetaria Mini 3,3 L Rojo Imperial - dev6 Erresse<\/title>\n<meta name=\"description\" content=\"Mini planetario para deliciosos platos caseros La KitchenAid de 3,3 L puede ser peque\u00f1a, pero viene con 100 a\u00f1os de experiencia. Tiene el mismo dise\u00f1o\" \/>\n<meta name=\"robots\" content=\"noindex, follow, max-snippet:-1, max-image-preview:large, max-video-preview:-1\" \/>\n<meta property=\"og:locale\" content=\"es_ES\" \/>\n<meta property=\"og:type\" content=\"article\" \/>\n<meta property=\"og:title\" content=\"KITCHENAID Mezcladora Planetaria Mini 3,3 L Rojo Imperial - dev6 Erresse\" \/>\n<meta property=\"og:description\" content=\"Mini planetario para deliciosos platos caseros La KitchenAid de 3,3 L puede ser peque\u00f1a, pero viene con 100 a\u00f1os de experiencia. Tiene el mismo dise\u00f1o\" \/>\n<meta property=\"og:url\" content=\"https:\/\/dev6.erresse-shop.it\/es\/shop\/pequenos-electrodomesticos\/amasadores\/kitchenaid-mezcladora-planetaria-mini-33-l-rojo-imperial\/\" \/>\n<meta property=\"og:site_name\" content=\"dev6 Erresse\" \/>\n<meta property=\"og:image\" content=\"https:\/\/interpim.erresse-shop.it\/Import\/Prodotti\/kitchenaid-planetaria-mini-33-l-rosso-imperiale.jpg\" \/><meta property=\"og:image\" content=\"https:\/\/interpim.erresse-shop.it\/Import\/Prodotti\/kitchenaid-planetaria-mini-33-l-rosso-imperiale.jpg\" \/>\n\t<meta property=\"og:image:width\" content=\"1024\" \/>\n\t<meta property=\"og:image:height\" content=\"1024\" \/>\n\t<meta property=\"og:image:type\" content=\"image\/jpeg\" \/>\n<meta name=\"twitter:card\" content=\"summary_large_image\" \/>\n<meta name=\"twitter:image\" content=\"https:\/\/interpim.erresse-shop.it\/Import\/Prodotti\/kitchenaid-planetaria-mini-33-l-rosso-imperiale.jpg\" \/>\n<script type=\"application\/ld+json\" class=\"yoast-schema-graph\">{\"@context\":\"https:\/\/schema.org\",\"@graph\":[{\"@type\":\"WebPage\",\"@id\":\"https:\/\/dev6.erresse-shop.it\/es\/shop\/pequenos-electrodomesticos\/amasadores\/kitchenaid-mezcladora-planetaria-mini-33-l-rojo-imperial\/\",\"url\":\"https:\/\/dev6.erresse-shop.it\/es\/shop\/pequenos-electrodomesticos\/amasadores\/kitchenaid-mezcladora-planetaria-mini-33-l-rojo-imperial\/\",\"name\":\"KITCHENAID Mezcladora Planetaria Mini 3,3 L Rojo Imperial - dev6 Erresse\",\"isPartOf\":{\"@id\":\"https:\/\/dev6.erresse-shop.it\/#website\"},\"primaryImageOfPage\":{\"@id\":\"https:\/\/dev6.erresse-shop.it\/es\/shop\/pequenos-electrodomesticos\/amasadores\/kitchenaid-mezcladora-planetaria-mini-33-l-rojo-imperial\/#primaryimage\"},\"image\":{\"@id\":\"https:\/\/dev6.erresse-shop.it\/es\/shop\/pequenos-electrodomesticos\/amasadores\/kitchenaid-mezcladora-planetaria-mini-33-l-rojo-imperial\/#primaryimage\"},\"thumbnailUrl\":\"https:\/\/i0.wp.com\/interpim.erresse-shop.it\/Import\/Prodotti\/kitchenaid-planetaria-mini-33-l-rosso-imperiale.jpg?ssl=1\",\"datePublished\":\"2026-04-12T07:45:44+00:00\",\"description\":\"Mini planetario para deliciosos platos caseros La KitchenAid de 3,3 L puede ser peque\u00f1a, pero viene con 100 a\u00f1os de experiencia. Tiene el mismo dise\u00f1o\",\"breadcrumb\":{\"@id\":\"https:\/\/dev6.erresse-shop.it\/es\/shop\/pequenos-electrodomesticos\/amasadores\/kitchenaid-mezcladora-planetaria-mini-33-l-rojo-imperial\/#breadcrumb\"},\"inLanguage\":\"es\",\"potentialAction\":[{\"@type\":\"ReadAction\",\"target\":[\"https:\/\/dev6.erresse-shop.it\/es\/shop\/pequenos-electrodomesticos\/amasadores\/kitchenaid-mezcladora-planetaria-mini-33-l-rojo-imperial\/\"]}]},{\"@type\":\"ImageObject\",\"inLanguage\":\"es\",\"@id\":\"https:\/\/dev6.erresse-shop.it\/es\/shop\/pequenos-electrodomesticos\/amasadores\/kitchenaid-mezcladora-planetaria-mini-33-l-rojo-imperial\/#primaryimage\",\"url\":\"https:\/\/i0.wp.com\/interpim.erresse-shop.it\/Import\/Prodotti\/kitchenaid-planetaria-mini-33-l-rosso-imperiale.jpg?ssl=1\",\"contentUrl\":\"https:\/\/i0.wp.com\/interpim.erresse-shop.it\/Import\/Prodotti\/kitchenaid-planetaria-mini-33-l-rosso-imperiale.jpg?ssl=1\"},{\"@type\":\"BreadcrumbList\",\"@id\":\"https:\/\/dev6.erresse-shop.it\/es\/shop\/pequenos-electrodomesticos\/amasadores\/kitchenaid-mezcladora-planetaria-mini-33-l-rojo-imperial\/#breadcrumb\",\"itemListElement\":[{\"@type\":\"ListItem\",\"position\":1,\"name\":\"Home\",\"item\":\"https:\/\/dev6.erresse-shop.it\/\"},{\"@type\":\"ListItem\",\"position\":2,\"name\":\"Tienda\",\"item\":\"https:\/\/dev6.erresse-shop.it\/shop\/\"},{\"@type\":\"ListItem\",\"position\":3,\"name\":\"KITCHENAID Mezcladora Planetaria Mini 3,3 L Rojo Imperial\"}]},{\"@type\":\"WebSite\",\"@id\":\"https:\/\/dev6.erresse-shop.it\/#website\",\"url\":\"https:\/\/dev6.erresse-shop.it\/\",\"name\":\"Erresse Shop\",\"description\":\"\",\"publisher\":{\"@id\":\"https:\/\/dev6.erresse-shop.it\/#organization\"},\"potentialAction\":[{\"@type\":\"SearchAction\",\"target\":{\"@type\":\"EntryPoint\",\"urlTemplate\":\"https:\/\/dev6.erresse-shop.it\/?s={search_term_string}\"},\"query-input\":{\"@type\":\"PropertyValueSpecification\",\"valueRequired\":true,\"valueName\":\"search_term_string\"}}],\"inLanguage\":\"es\"},{\"@type\":\"Organization\",\"@id\":\"https:\/\/dev6.erresse-shop.it\/#organization\",\"name\":\"Erresse Shop\",\"url\":\"https:\/\/dev6.erresse-shop.it\/\",\"logo\":{\"@type\":\"ImageObject\",\"inLanguage\":\"es\",\"@id\":\"https:\/\/dev6.erresse-shop.it\/#\/schema\/logo\/image\/\",\"url\":\"https:\/\/dev6.erresse-shop.it\/wp-content\/uploads\/2025\/01\/LOGO-ERRESSE-CLASSICO.svg\",\"contentUrl\":\"https:\/\/dev6.erresse-shop.it\/wp-content\/uploads\/2025\/01\/LOGO-ERRESSE-CLASSICO.svg\",\"caption\":\"Erresse Shop\"},\"image\":{\"@id\":\"https:\/\/dev6.erresse-shop.it\/#\/schema\/logo\/image\/\"}}]}<\/script>\n<!-- \/ Yoast SEO plugin. -->","yoast_head_json":{"title":"KITCHENAID Mezcladora Planetaria Mini 3,3 L Rojo Imperial - dev6 Erresse","description":"Mini planetario para deliciosos platos caseros La KitchenAid de 3,3 L puede ser peque\u00f1a, pero viene con 100 a\u00f1os de experiencia. Tiene el mismo dise\u00f1o","robots":{"index":"noindex","follow":"follow","max-snippet":"max-snippet:-1","max-image-preview":"max-image-preview:large","max-video-preview":"max-video-preview:-1"},"og_locale":"es_ES","og_type":"article","og_title":"KITCHENAID Mezcladora Planetaria Mini 3,3 L Rojo Imperial - dev6 Erresse","og_description":"Mini planetario para deliciosos platos caseros La KitchenAid de 3,3 L puede ser peque\u00f1a, pero viene con 100 a\u00f1os de experiencia. Tiene el mismo dise\u00f1o","og_url":"https:\/\/dev6.erresse-shop.it\/es\/shop\/pequenos-electrodomesticos\/amasadores\/kitchenaid-mezcladora-planetaria-mini-33-l-rojo-imperial\/","og_site_name":"dev6 Erresse","og_image":[{"url":"https:\/\/interpim.erresse-shop.it\/Import\/Prodotti\/kitchenaid-planetaria-mini-33-l-rosso-imperiale.jpg","type":"","width":"","height":""},{"url":"https:\/\/interpim.erresse-shop.it\/Import\/Prodotti\/kitchenaid-planetaria-mini-33-l-rosso-imperiale.jpg","width":1024,"height":1024,"type":"image\/jpeg"}],"twitter_card":"summary_large_image","twitter_image":"https:\/\/interpim.erresse-shop.it\/Import\/Prodotti\/kitchenaid-planetaria-mini-33-l-rosso-imperiale.jpg","schema":{"@context":"https:\/\/schema.org","@graph":[{"@type":"WebPage","@id":"https:\/\/dev6.erresse-shop.it\/es\/shop\/pequenos-electrodomesticos\/amasadores\/kitchenaid-mezcladora-planetaria-mini-33-l-rojo-imperial\/","url":"https:\/\/dev6.erresse-shop.it\/es\/shop\/pequenos-electrodomesticos\/amasadores\/kitchenaid-mezcladora-planetaria-mini-33-l-rojo-imperial\/","name":"KITCHENAID Mezcladora Planetaria Mini 3,3 L Rojo Imperial - dev6 Erresse","isPartOf":{"@id":"https:\/\/dev6.erresse-shop.it\/#website"},"primaryImageOfPage":{"@id":"https:\/\/dev6.erresse-shop.it\/es\/shop\/pequenos-electrodomesticos\/amasadores\/kitchenaid-mezcladora-planetaria-mini-33-l-rojo-imperial\/#primaryimage"},"image":{"@id":"https:\/\/dev6.erresse-shop.it\/es\/shop\/pequenos-electrodomesticos\/amasadores\/kitchenaid-mezcladora-planetaria-mini-33-l-rojo-imperial\/#primaryimage"},"thumbnailUrl":"https:\/\/i0.wp.com\/interpim.erresse-shop.it\/Import\/Prodotti\/kitchenaid-planetaria-mini-33-l-rosso-imperiale.jpg?ssl=1","datePublished":"2026-04-12T07:45:44+00:00","description":"Mini planetario para deliciosos platos caseros La KitchenAid de 3,3 L puede ser peque\u00f1a, pero viene con 100 a\u00f1os de experiencia. Tiene el mismo dise\u00f1o","breadcrumb":{"@id":"https:\/\/dev6.erresse-shop.it\/es\/shop\/pequenos-electrodomesticos\/amasadores\/kitchenaid-mezcladora-planetaria-mini-33-l-rojo-imperial\/#breadcrumb"},"inLanguage":"es","potentialAction":[{"@type":"ReadAction","target":["https:\/\/dev6.erresse-shop.it\/es\/shop\/pequenos-electrodomesticos\/amasadores\/kitchenaid-mezcladora-planetaria-mini-33-l-rojo-imperial\/"]}]},{"@type":"ImageObject","inLanguage":"es","@id":"https:\/\/dev6.erresse-shop.it\/es\/shop\/pequenos-electrodomesticos\/amasadores\/kitchenaid-mezcladora-planetaria-mini-33-l-rojo-imperial\/#primaryimage","url":"https:\/\/i0.wp.com\/interpim.erresse-shop.it\/Import\/Prodotti\/kitchenaid-planetaria-mini-33-l-rosso-imperiale.jpg?ssl=1","contentUrl":"https:\/\/i0.wp.com\/interpim.erresse-shop.it\/Import\/Prodotti\/kitchenaid-planetaria-mini-33-l-rosso-imperiale.jpg?ssl=1"},{"@type":"BreadcrumbList","@id":"https:\/\/dev6.erresse-shop.it\/es\/shop\/pequenos-electrodomesticos\/amasadores\/kitchenaid-mezcladora-planetaria-mini-33-l-rojo-imperial\/#breadcrumb","itemListElement":[{"@type":"ListItem","position":1,"name":"Home","item":"https:\/\/dev6.erresse-shop.it\/"},{"@type":"ListItem","position":2,"name":"Tienda","item":"https:\/\/dev6.erresse-shop.it\/shop\/"},{"@type":"ListItem","position":3,"name":"KITCHENAID Mezcladora Planetaria Mini 3,3 L Rojo Imperial"}]},{"@type":"WebSite","@id":"https:\/\/dev6.erresse-shop.it\/#website","url":"https:\/\/dev6.erresse-shop.it\/","name":"Erresse Shop","description":"","publisher":{"@id":"https:\/\/dev6.erresse-shop.it\/#organization"},"potentialAction":[{"@type":"SearchAction","target":{"@type":"EntryPoint","urlTemplate":"https:\/\/dev6.erresse-shop.it\/?s={search_term_string}"},"query-input":{"@type":"PropertyValueSpecification","valueRequired":true,"valueName":"search_term_string"}}],"inLanguage":"es"},{"@type":"Organization","@id":"https:\/\/dev6.erresse-shop.it\/#organization","name":"Erresse Shop","url":"https:\/\/dev6.erresse-shop.it\/","logo":{"@type":"ImageObject","inLanguage":"es","@id":"https:\/\/dev6.erresse-shop.it\/#\/schema\/logo\/image\/","url":"https:\/\/dev6.erresse-shop.it\/wp-content\/uploads\/2025\/01\/LOGO-ERRESSE-CLASSICO.svg","contentUrl":"https:\/\/dev6.erresse-shop.it\/wp-content\/uploads\/2025\/01\/LOGO-ERRESSE-CLASSICO.svg","caption":"Erresse Shop"},"image":{"@id":"https:\/\/dev6.erresse-shop.it\/#\/schema\/logo\/image\/"}}]}},"df_price":449.95,"df_sale_price":449.95,"df_regular_price":599.9,"df_image_link":"https:\/\/i0.wp.com\/interpim.erresse-shop.it\/Import\/Prodotti\/kitchenaid-planetaria-mini-33-l-rosso-imperiale.jpg?resize=300,300&ssl=1","fifu_image_url":"https:\/\/interpim.erresse-shop.it\/Import\/Prodotti\/kitchenaid-planetaria-mini-33-l-rosso-imperiale.jpg","_links":{"self":[{"href":"https:\/\/dev6.erresse-shop.it\/es\/wp-json\/wp\/v2\/product\/1879632","targetHints":{"allow":["GET"]}}],"collection":[{"href":"https:\/\/dev6.erresse-shop.it\/es\/wp-json\/wp\/v2\/product"}],"about":[{"href":"https:\/\/dev6.erresse-shop.it\/es\/wp-json\/wp\/v2\/types\/product"}],"wp:featuredmedia":[{"embeddable":true,"href":"https:\/\/dev6.erresse-shop.it\/es\/wp-json\/wp\/v2\/media\/6362876"}],"wp:attachment":[{"href":"https:\/\/dev6.erresse-shop.it\/es\/wp-json\/wp\/v2\/media?parent=1879632"}],"wp:term":[{"taxonomy":"product_cat","embeddable":true,"href":"https:\/\/dev6.erresse-shop.it\/es\/wp-json\/wp\/v2\/product_cat?post=1879632"},{"taxonomy":"product_tag","embeddable":true,"href":"https:\/\/dev6.erresse-shop.it\/es\/wp-json\/wp\/v2\/product_tag?post=1879632"}],"curies":[{"name":"wp","href":"https:\/\/api.w.org\/{rel}","templated":true}]}}