{"id":1879614,"date":"2026-04-04T09:41:57","date_gmt":"2026-04-04T07:41:57","guid":{"rendered":"https:\/\/dev6.erresse-shop.it\/shop\/sin%20categor\u00eda\/illy-cafetera-de-capsulas-e-s-e-negro\/"},"modified":"2025-09-14T08:27:53","modified_gmt":"2025-09-14T06:27:53","slug":"illy-cafetera-de-capsulas-e-s-e-negro","status":"publish","type":"product","link":"https:\/\/dev6.erresse-shop.it\/es\/shop\/pequenos-electrodomesticos\/maquinas-de-cafe\/capsulas\/illy-cafetera-de-capsulas-e-s-e-negro\/","title":{"rendered":"ILLY Cafetera de C\u00e1psulas E.S.E. Negro"},"content":{"rendered":"<p>Nueva c\u00e1psula compostable certificada E.S.E.<br \/>\nLas monodosis compostables certificadas, que pueden desecharse en la recogida de residuos org\u00e1nicos (consulte con las autoridades locales los m\u00e9todos actuales de recogida selectiva de residuos), son perfectas para preparar su espresso illy favorito de forma pr\u00e1ctica sin renunciar al sabor y la frescura. Las c\u00e1psulas de caf\u00e9 illy en papel de filtro se pueden utilizar con todas las cafeteras ESE<\/p>\n<p>La vaina E.S.E. (Easy Serving Espresso) es muy \u201cabierta\u201d: no s\u00f3lo puede utilizarla con las cafeteras de vaina illy, sino tambi\u00e9n con todas las dem\u00e1s cafeteras de vaina. La vaina no es m\u00e1s que caf\u00e9 molido, ya correctamente dosificado y prensado, contenido entre 2 hojas de papel de filtro<\/p>\n<p>La cafetera de c\u00e1psulas E.S.E. est\u00e1 optimizada para cumplir el est\u00e1ndar de calidad illy en la taza desde el primer caf\u00e9. Los dos botones de preparaci\u00f3n permiten elegir entre caf\u00e9 espresso y caf\u00e9 largo. La experiencia de uso es f\u00e1cil e intuitiva: la c\u00e1psula se introduce por la parte superior y se expulsa en la bandeja para c\u00e1psulas. Su forma compacta maximiza la practicidad.<\/p>\n<p>Caracter\u00edsticas:<br \/>\n\u2013 Garant\u00eda: 2 a\u00f1os<br \/>\n\u2013 Dos alturas para la rejilla portavasos<br \/>\n\u2013 Puesta en espera autom\u00e1tica cuando no se utiliza<\/p>\n<p>Especificaciones t\u00e9cnicas:<br \/>\n\u2013 Capacidad del dep\u00f3sito: 1 L<br \/>\n\u2013 Dimensiones (cm): 11 x 32 x 26<br \/>\n\u2013 Tensi\u00f3n: 230 V, cable de 1 m de longitud<br \/>\n\u2013 Potencia: modelo 626 850w \/ modelo 627 1250w<br \/>\n\u2013 Presi\u00f3n de la bomba: 20 bar<\/p>\n","protected":false},"excerpt":{"rendered":"<p>Nueva c\u00e1psula compostable certificada E.S.E. Las monodosis compostables certificadas, que pueden desecharse en la recogida de residuos org\u00e1nicos (consulte con las autoridades locales los m\u00e9todos actuales de recogida selectiva de residuos), son perfectas para preparar su espresso illy favorito de forma pr\u00e1ctica sin renunciar al sabor y la frescura. Las c\u00e1psulas de caf\u00e9 illy en [&hellip;]<\/p>\n","protected":false},"featured_media":6279495,"template":"","meta":{"_acf_changed":false},"product_cat":[11973,11955,11947],"product_tag":[],"class_list":{"0":"post-1879614","1":"product","2":"type-product","3":"status-publish","4":"has-post-thumbnail","6":"product_cat-capsulas","7":"product_cat-maquinas-de-cafe","8":"product_cat-pequenos-electrodomesticos","10":"first","11":"instock","12":"sale","13":"taxable","14":"shipping-taxable","15":"purchasable","16":"product-type-simple","swatches":"rey-swatches","show_selected":"","stretch_labels":"rey-swatches--stretch-labels"},"acf":[],"yoast_head":"<!-- This site is optimized with the Yoast SEO plugin v25.4 - https:\/\/yoast.com\/wordpress\/plugins\/seo\/ -->\n<title>ILLY Cafetera de C\u00e1psulas E.S.E. Negro - dev6 Erresse<\/title>\n<meta name=\"description\" content=\"Nueva c\u00e1psula compostable certificada E.S.E. Las monodosis compostables certificadas, que pueden desecharse en la recogida de residuos org\u00e1nicos (consulte\" \/>\n<meta name=\"robots\" content=\"noindex, follow, max-snippet:-1, max-image-preview:large, max-video-preview:-1\" \/>\n<meta property=\"og:locale\" content=\"es_ES\" \/>\n<meta property=\"og:type\" content=\"article\" \/>\n<meta property=\"og:title\" content=\"ILLY Cafetera de C\u00e1psulas E.S.E. Negro - dev6 Erresse\" \/>\n<meta property=\"og:description\" content=\"Nueva c\u00e1psula compostable certificada E.S.E. Las monodosis compostables certificadas, que pueden desecharse en la recogida de residuos org\u00e1nicos (consulte\" \/>\n<meta property=\"og:url\" content=\"https:\/\/dev6.erresse-shop.it\/es\/shop\/pequenos-electrodomesticos\/maquinas-de-cafe\/capsulas\/illy-cafetera-de-capsulas-e-s-e-negro\/\" \/>\n<meta property=\"og:site_name\" content=\"dev6 Erresse\" \/>\n<meta property=\"og:image\" content=\"https:\/\/interpim.erresse-shop.it\/wp-content\/uploads\/2023\/06\/ILLY-Macchina-da-Caffe\u0300-a-Cialde-E.S.E.-Nero.jpg\/illy-macchina-da-caffe-cc-80-a-cialde-e.s.e.-nero.jpg\" \/><meta property=\"og:image\" content=\"https:\/\/interpim.erresse-shop.it\/wp-content\/uploads\/2023\/06\/ILLY-Macchina-da-Caffe\u0300-a-Cialde-E.S.E.-Nero.jpg\/illy-macchina-da-caffe-cc-80-a-cialde-e.s.e.-nero.jpg\" \/>\n\t<meta property=\"og:image:width\" content=\"1024\" \/>\n\t<meta property=\"og:image:height\" content=\"1024\" \/>\n\t<meta property=\"og:image:type\" content=\"image\/jpeg\" \/>\n<meta name=\"twitter:card\" content=\"summary_large_image\" \/>\n<meta name=\"twitter:image\" content=\"https:\/\/interpim.erresse-shop.it\/wp-content\/uploads\/2023\/06\/ILLY-Macchina-da-Caffe\u0300-a-Cialde-E.S.E.-Nero.jpg\/illy-macchina-da-caffe-cc-80-a-cialde-e.s.e.-nero.jpg\" \/>\n<script type=\"application\/ld+json\" class=\"yoast-schema-graph\">{\"@context\":\"https:\/\/schema.org\",\"@graph\":[{\"@type\":\"WebPage\",\"@id\":\"https:\/\/dev6.erresse-shop.it\/es\/shop\/pequenos-electrodomesticos\/maquinas-de-cafe\/capsulas\/illy-cafetera-de-capsulas-e-s-e-negro\/\",\"url\":\"https:\/\/dev6.erresse-shop.it\/es\/shop\/pequenos-electrodomesticos\/maquinas-de-cafe\/capsulas\/illy-cafetera-de-capsulas-e-s-e-negro\/\",\"name\":\"ILLY Cafetera de C\u00e1psulas E.S.E. Negro - dev6 Erresse\",\"isPartOf\":{\"@id\":\"https:\/\/dev6.erresse-shop.it\/#website\"},\"primaryImageOfPage\":{\"@id\":\"https:\/\/dev6.erresse-shop.it\/es\/shop\/pequenos-electrodomesticos\/maquinas-de-cafe\/capsulas\/illy-cafetera-de-capsulas-e-s-e-negro\/#primaryimage\"},\"image\":{\"@id\":\"https:\/\/dev6.erresse-shop.it\/es\/shop\/pequenos-electrodomesticos\/maquinas-de-cafe\/capsulas\/illy-cafetera-de-capsulas-e-s-e-negro\/#primaryimage\"},\"thumbnailUrl\":\"https:\/\/i1.wp.com\/interpim.erresse-shop.it\/wp-content\/uploads\/2023\/06\/ILLY-Macchina-da-Caffe\u0300-a-Cialde-E.S.E.-Nero.jpg\/illy-macchina-da-caffe-cc-80-a-cialde-e.s.e.-nero.jpg?ssl=1\",\"datePublished\":\"2026-04-04T07:41:57+00:00\",\"description\":\"Nueva c\u00e1psula compostable certificada E.S.E. Las monodosis compostables certificadas, que pueden desecharse en la recogida de residuos org\u00e1nicos (consulte\",\"breadcrumb\":{\"@id\":\"https:\/\/dev6.erresse-shop.it\/es\/shop\/pequenos-electrodomesticos\/maquinas-de-cafe\/capsulas\/illy-cafetera-de-capsulas-e-s-e-negro\/#breadcrumb\"},\"inLanguage\":\"es\",\"potentialAction\":[{\"@type\":\"ReadAction\",\"target\":[\"https:\/\/dev6.erresse-shop.it\/es\/shop\/pequenos-electrodomesticos\/maquinas-de-cafe\/capsulas\/illy-cafetera-de-capsulas-e-s-e-negro\/\"]}]},{\"@type\":\"ImageObject\",\"inLanguage\":\"es\",\"@id\":\"https:\/\/dev6.erresse-shop.it\/es\/shop\/pequenos-electrodomesticos\/maquinas-de-cafe\/capsulas\/illy-cafetera-de-capsulas-e-s-e-negro\/#primaryimage\",\"url\":\"https:\/\/i1.wp.com\/interpim.erresse-shop.it\/wp-content\/uploads\/2023\/06\/ILLY-Macchina-da-Caffe\u0300-a-Cialde-E.S.E.-Nero.jpg\/illy-macchina-da-caffe-cc-80-a-cialde-e.s.e.-nero.jpg?ssl=1\",\"contentUrl\":\"https:\/\/i1.wp.com\/interpim.erresse-shop.it\/wp-content\/uploads\/2023\/06\/ILLY-Macchina-da-Caffe\u0300-a-Cialde-E.S.E.-Nero.jpg\/illy-macchina-da-caffe-cc-80-a-cialde-e.s.e.-nero.jpg?ssl=1\"},{\"@type\":\"BreadcrumbList\",\"@id\":\"https:\/\/dev6.erresse-shop.it\/es\/shop\/pequenos-electrodomesticos\/maquinas-de-cafe\/capsulas\/illy-cafetera-de-capsulas-e-s-e-negro\/#breadcrumb\",\"itemListElement\":[{\"@type\":\"ListItem\",\"position\":1,\"name\":\"Home\",\"item\":\"https:\/\/dev6.erresse-shop.it\/\"},{\"@type\":\"ListItem\",\"position\":2,\"name\":\"Tienda\",\"item\":\"https:\/\/dev6.erresse-shop.it\/shop\/\"},{\"@type\":\"ListItem\",\"position\":3,\"name\":\"ILLY Cafetera de C\u00e1psulas E.S.E. Negro\"}]},{\"@type\":\"WebSite\",\"@id\":\"https:\/\/dev6.erresse-shop.it\/#website\",\"url\":\"https:\/\/dev6.erresse-shop.it\/\",\"name\":\"Erresse Shop\",\"description\":\"\",\"publisher\":{\"@id\":\"https:\/\/dev6.erresse-shop.it\/#organization\"},\"potentialAction\":[{\"@type\":\"SearchAction\",\"target\":{\"@type\":\"EntryPoint\",\"urlTemplate\":\"https:\/\/dev6.erresse-shop.it\/?s={search_term_string}\"},\"query-input\":{\"@type\":\"PropertyValueSpecification\",\"valueRequired\":true,\"valueName\":\"search_term_string\"}}],\"inLanguage\":\"es\"},{\"@type\":\"Organization\",\"@id\":\"https:\/\/dev6.erresse-shop.it\/#organization\",\"name\":\"Erresse Shop\",\"url\":\"https:\/\/dev6.erresse-shop.it\/\",\"logo\":{\"@type\":\"ImageObject\",\"inLanguage\":\"es\",\"@id\":\"https:\/\/dev6.erresse-shop.it\/#\/schema\/logo\/image\/\",\"url\":\"https:\/\/dev6.erresse-shop.it\/wp-content\/uploads\/2025\/01\/LOGO-ERRESSE-CLASSICO.svg\",\"contentUrl\":\"https:\/\/dev6.erresse-shop.it\/wp-content\/uploads\/2025\/01\/LOGO-ERRESSE-CLASSICO.svg\",\"caption\":\"Erresse Shop\"},\"image\":{\"@id\":\"https:\/\/dev6.erresse-shop.it\/#\/schema\/logo\/image\/\"}}]}<\/script>\n<!-- \/ Yoast SEO plugin. -->","yoast_head_json":{"title":"ILLY Cafetera de C\u00e1psulas E.S.E. Negro - dev6 Erresse","description":"Nueva c\u00e1psula compostable certificada E.S.E. Las monodosis compostables certificadas, que pueden desecharse en la recogida de residuos org\u00e1nicos (consulte","robots":{"index":"noindex","follow":"follow","max-snippet":"max-snippet:-1","max-image-preview":"max-image-preview:large","max-video-preview":"max-video-preview:-1"},"og_locale":"es_ES","og_type":"article","og_title":"ILLY Cafetera de C\u00e1psulas E.S.E. Negro - dev6 Erresse","og_description":"Nueva c\u00e1psula compostable certificada E.S.E. Las monodosis compostables certificadas, que pueden desecharse en la recogida de residuos org\u00e1nicos (consulte","og_url":"https:\/\/dev6.erresse-shop.it\/es\/shop\/pequenos-electrodomesticos\/maquinas-de-cafe\/capsulas\/illy-cafetera-de-capsulas-e-s-e-negro\/","og_site_name":"dev6 Erresse","og_image":[{"url":"https:\/\/interpim.erresse-shop.it\/wp-content\/uploads\/2023\/06\/ILLY-Macchina-da-Caffe\u0300-a-Cialde-E.S.E.-Nero.jpg\/illy-macchina-da-caffe-cc-80-a-cialde-e.s.e.-nero.jpg","type":"","width":"","height":""},{"url":"https:\/\/interpim.erresse-shop.it\/wp-content\/uploads\/2023\/06\/ILLY-Macchina-da-Caffe\u0300-a-Cialde-E.S.E.-Nero.jpg\/illy-macchina-da-caffe-cc-80-a-cialde-e.s.e.-nero.jpg","width":1024,"height":1024,"type":"image\/jpeg"}],"twitter_card":"summary_large_image","twitter_image":"https:\/\/interpim.erresse-shop.it\/wp-content\/uploads\/2023\/06\/ILLY-Macchina-da-Caffe\u0300-a-Cialde-E.S.E.-Nero.jpg\/illy-macchina-da-caffe-cc-80-a-cialde-e.s.e.-nero.jpg","schema":{"@context":"https:\/\/schema.org","@graph":[{"@type":"WebPage","@id":"https:\/\/dev6.erresse-shop.it\/es\/shop\/pequenos-electrodomesticos\/maquinas-de-cafe\/capsulas\/illy-cafetera-de-capsulas-e-s-e-negro\/","url":"https:\/\/dev6.erresse-shop.it\/es\/shop\/pequenos-electrodomesticos\/maquinas-de-cafe\/capsulas\/illy-cafetera-de-capsulas-e-s-e-negro\/","name":"ILLY Cafetera de C\u00e1psulas E.S.E. Negro - dev6 Erresse","isPartOf":{"@id":"https:\/\/dev6.erresse-shop.it\/#website"},"primaryImageOfPage":{"@id":"https:\/\/dev6.erresse-shop.it\/es\/shop\/pequenos-electrodomesticos\/maquinas-de-cafe\/capsulas\/illy-cafetera-de-capsulas-e-s-e-negro\/#primaryimage"},"image":{"@id":"https:\/\/dev6.erresse-shop.it\/es\/shop\/pequenos-electrodomesticos\/maquinas-de-cafe\/capsulas\/illy-cafetera-de-capsulas-e-s-e-negro\/#primaryimage"},"thumbnailUrl":"https:\/\/i1.wp.com\/interpim.erresse-shop.it\/wp-content\/uploads\/2023\/06\/ILLY-Macchina-da-Caffe\u0300-a-Cialde-E.S.E.-Nero.jpg\/illy-macchina-da-caffe-cc-80-a-cialde-e.s.e.-nero.jpg?ssl=1","datePublished":"2026-04-04T07:41:57+00:00","description":"Nueva c\u00e1psula compostable certificada E.S.E. Las monodosis compostables certificadas, que pueden desecharse en la recogida de residuos org\u00e1nicos (consulte","breadcrumb":{"@id":"https:\/\/dev6.erresse-shop.it\/es\/shop\/pequenos-electrodomesticos\/maquinas-de-cafe\/capsulas\/illy-cafetera-de-capsulas-e-s-e-negro\/#breadcrumb"},"inLanguage":"es","potentialAction":[{"@type":"ReadAction","target":["https:\/\/dev6.erresse-shop.it\/es\/shop\/pequenos-electrodomesticos\/maquinas-de-cafe\/capsulas\/illy-cafetera-de-capsulas-e-s-e-negro\/"]}]},{"@type":"ImageObject","inLanguage":"es","@id":"https:\/\/dev6.erresse-shop.it\/es\/shop\/pequenos-electrodomesticos\/maquinas-de-cafe\/capsulas\/illy-cafetera-de-capsulas-e-s-e-negro\/#primaryimage","url":"https:\/\/i1.wp.com\/interpim.erresse-shop.it\/wp-content\/uploads\/2023\/06\/ILLY-Macchina-da-Caffe\u0300-a-Cialde-E.S.E.-Nero.jpg\/illy-macchina-da-caffe-cc-80-a-cialde-e.s.e.-nero.jpg?ssl=1","contentUrl":"https:\/\/i1.wp.com\/interpim.erresse-shop.it\/wp-content\/uploads\/2023\/06\/ILLY-Macchina-da-Caffe\u0300-a-Cialde-E.S.E.-Nero.jpg\/illy-macchina-da-caffe-cc-80-a-cialde-e.s.e.-nero.jpg?ssl=1"},{"@type":"BreadcrumbList","@id":"https:\/\/dev6.erresse-shop.it\/es\/shop\/pequenos-electrodomesticos\/maquinas-de-cafe\/capsulas\/illy-cafetera-de-capsulas-e-s-e-negro\/#breadcrumb","itemListElement":[{"@type":"ListItem","position":1,"name":"Home","item":"https:\/\/dev6.erresse-shop.it\/"},{"@type":"ListItem","position":2,"name":"Tienda","item":"https:\/\/dev6.erresse-shop.it\/shop\/"},{"@type":"ListItem","position":3,"name":"ILLY Cafetera de C\u00e1psulas E.S.E. Negro"}]},{"@type":"WebSite","@id":"https:\/\/dev6.erresse-shop.it\/#website","url":"https:\/\/dev6.erresse-shop.it\/","name":"Erresse Shop","description":"","publisher":{"@id":"https:\/\/dev6.erresse-shop.it\/#organization"},"potentialAction":[{"@type":"SearchAction","target":{"@type":"EntryPoint","urlTemplate":"https:\/\/dev6.erresse-shop.it\/?s={search_term_string}"},"query-input":{"@type":"PropertyValueSpecification","valueRequired":true,"valueName":"search_term_string"}}],"inLanguage":"es"},{"@type":"Organization","@id":"https:\/\/dev6.erresse-shop.it\/#organization","name":"Erresse Shop","url":"https:\/\/dev6.erresse-shop.it\/","logo":{"@type":"ImageObject","inLanguage":"es","@id":"https:\/\/dev6.erresse-shop.it\/#\/schema\/logo\/image\/","url":"https:\/\/dev6.erresse-shop.it\/wp-content\/uploads\/2025\/01\/LOGO-ERRESSE-CLASSICO.svg","contentUrl":"https:\/\/dev6.erresse-shop.it\/wp-content\/uploads\/2025\/01\/LOGO-ERRESSE-CLASSICO.svg","caption":"Erresse Shop"},"image":{"@id":"https:\/\/dev6.erresse-shop.it\/#\/schema\/logo\/image\/"}}]}},"df_price":119.95,"df_sale_price":119.95,"df_regular_price":129,"df_image_link":"https:\/\/i1.wp.com\/interpim.erresse-shop.it\/wp-content\/uploads\/2023\/06\/ILLY-Macchina-da-Caffe\u0300-a-Cialde-E.S.E.-Nero.jpg\/illy-macchina-da-caffe-cc-80-a-cialde-e.s.e.-nero.jpg?resize=300,300&ssl=1","fifu_image_url":"https:\/\/interpim.erresse-shop.it\/wp-content\/uploads\/2023\/06\/ILLY-Macchina-da-Caffe\u0300-a-Cialde-E.S.E.-Nero.jpg\/illy-macchina-da-caffe-cc-80-a-cialde-e.s.e.-nero.jpg","_links":{"self":[{"href":"https:\/\/dev6.erresse-shop.it\/es\/wp-json\/wp\/v2\/product\/1879614","targetHints":{"allow":["GET"]}}],"collection":[{"href":"https:\/\/dev6.erresse-shop.it\/es\/wp-json\/wp\/v2\/product"}],"about":[{"href":"https:\/\/dev6.erresse-shop.it\/es\/wp-json\/wp\/v2\/types\/product"}],"wp:featuredmedia":[{"embeddable":true,"href":"https:\/\/dev6.erresse-shop.it\/es\/wp-json\/wp\/v2\/media\/6279495"}],"wp:attachment":[{"href":"https:\/\/dev6.erresse-shop.it\/es\/wp-json\/wp\/v2\/media?parent=1879614"}],"wp:term":[{"taxonomy":"product_cat","embeddable":true,"href":"https:\/\/dev6.erresse-shop.it\/es\/wp-json\/wp\/v2\/product_cat?post=1879614"},{"taxonomy":"product_tag","embeddable":true,"href":"https:\/\/dev6.erresse-shop.it\/es\/wp-json\/wp\/v2\/product_tag?post=1879614"}],"curies":[{"name":"wp","href":"https:\/\/api.w.org\/{rel}","templated":true}]}}