{"id":1879604,"date":"2026-04-12T09:43:58","date_gmt":"2026-04-12T07:43:58","guid":{"rendered":"https:\/\/dev6.erresse-shop.it\/shop\/sin%20categor\u00eda\/la-pavoni-maquina-de-cafe-botticelli-dual-boiler\/"},"modified":"2025-07-19T04:19:44","modified_gmt":"2025-07-19T02:19:44","slug":"la-pavoni-maquina-de-cafe-botticelli-dual-boiler","status":"publish","type":"product","link":"https:\/\/dev6.erresse-shop.it\/es\/shop\/pequenos-electrodomesticos\/maquinas-de-cafe\/manual-es\/la-pavoni-maquina-de-cafe-botticelli-dual-boiler\/","title":{"rendered":"LA PAVONI M\u00e1quina de Caf\u00e9 Botticelli Dual Boiler"},"content":{"rendered":"<p>El modelo Botticelli Dual Boiler es una cafetera espresso y cappuccino equipada con el dispositivo de control de temperatura PID.<\/p>\n<p>Estabilidad de temperatura mejorada con la caldera de caf\u00e9 independiente controlada por PID.<\/p>\n<p>Mejora del suministro de vapor y agua caliente con la caldera independiente controlada por PID.<\/p>\n<p>La bomba el\u00e9ctrica rotativa profesional con posibilidad de uso con dep\u00f3sito o conexi\u00f3n a la red de agua completan las avanzadas caracter\u00edsticas t\u00e9cnicas de este modelo.<\/p>\n<p>Todas las m\u00e1quinas semiprofesionales La Pavoni 230V est\u00e1n certificadas por:<\/p>\n<\/p>\n<p>Carrocer\u00eda de acero inoxidable pulido (AISI 304)<br \/>\nGrupo moldeado de lat\u00f3n cromado con c\u00e1mara de infusi\u00f3n de caf\u00e9 con v\u00e1lvula<br \/>\nSistema de doble caldera para un excelente rendimiento del caf\u00e9 y del vapor\/agua caliente<br \/>\nCaldera de caf\u00e9: 0,6 lt (1000W \u2013 220-240Vac) \u2013 (850W \u2013 120Vac)<br \/>\nCaldera de servicio: 1,8 lt (1300W \u2013 220-240Vac) \u2013 (850W \u2013 120Vac)<br \/>\nCapacidad del dep\u00f3sito de agua: 2,9 litros. Posibilidad de conexi\u00f3n a la red de agua mediante manguera de acero inoxidable a trav\u00e9s de interruptor<br \/>\nControl electr\u00f3nico del nivel del dep\u00f3sito de agua<br \/>\nControl electr\u00f3nico de autonivelaci\u00f3n<br \/>\nControl electr\u00f3nico del nivel de agua de la caldera<br \/>\nDispositivo antivac\u00edo<br \/>\nVarilla de vapor antiquemaduras<br \/>\nVarilla de agua caliente antiquemaduras<br \/>\nMan\u00f3metro para el control de la presi\u00f3n de la caldera<br \/>\nMan\u00f3metro para el control de la presi\u00f3n de la bomba<br \/>\nSistema Pid<br \/>\nTermostato de seguridad<br \/>\nAnchura, Profundidad, Altura 300 x 430 x 425 mm.<br \/>\nTensi\u00f3n de alimentaci\u00f3n 220-240 voltios 50 Hz \u2013 120 voltios 60 Hz<br \/>\nConsumo 2400 W \u2013 220-240 Volt 50Hz \u2013 1800 W \u2013 120 Volt 60Hz<\/p>\n<p>No se vende fuera de Europa<\/p>\n","protected":false},"excerpt":{"rendered":"<p>El modelo Botticelli Dual Boiler es una cafetera espresso y cappuccino equipada con el dispositivo de control de temperatura PID. Estabilidad de temperatura mejorada con la caldera de caf\u00e9 independiente controlada por PID. Mejora del suministro de vapor y agua caliente con la caldera independiente controlada por PID. La bomba el\u00e9ctrica rotativa profesional con posibilidad [&hellip;]<\/p>\n","protected":false},"featured_media":6362698,"template":"","meta":{"_acf_changed":false},"product_cat":[11982,11955,11947],"product_tag":[],"class_list":{"0":"post-1879604","1":"product","2":"type-product","3":"status-publish","4":"has-post-thumbnail","6":"product_cat-manual-es","7":"product_cat-maquinas-de-cafe","8":"product_cat-pequenos-electrodomesticos","10":"first","11":"instock","12":"sale","13":"taxable","14":"shipping-taxable","15":"purchasable","16":"product-type-simple","swatches":"rey-swatches","show_selected":"","stretch_labels":"rey-swatches--stretch-labels"},"acf":[],"yoast_head":"<!-- This site is optimized with the Yoast SEO plugin v25.4 - https:\/\/yoast.com\/wordpress\/plugins\/seo\/ -->\n<title>LA PAVONI M\u00e1quina de Caf\u00e9 Botticelli Dual Boiler - dev6 Erresse<\/title>\n<meta name=\"description\" content=\"El modelo Botticelli Dual Boiler es una cafetera espresso y cappuccino equipada con el dispositivo de control de temperatura PID. Estabilidad de\" \/>\n<meta name=\"robots\" content=\"noindex, follow, max-snippet:-1, max-image-preview:large, max-video-preview:-1\" \/>\n<meta property=\"og:locale\" content=\"es_ES\" \/>\n<meta property=\"og:type\" content=\"article\" \/>\n<meta property=\"og:title\" content=\"LA PAVONI M\u00e1quina de Caf\u00e9 Botticelli Dual Boiler - dev6 Erresse\" \/>\n<meta property=\"og:description\" content=\"El modelo Botticelli Dual Boiler es una cafetera espresso y cappuccino equipada con el dispositivo de control de temperatura PID. Estabilidad de\" \/>\n<meta property=\"og:url\" content=\"https:\/\/dev6.erresse-shop.it\/es\/shop\/pequenos-electrodomesticos\/maquinas-de-cafe\/manual-es\/la-pavoni-maquina-de-cafe-botticelli-dual-boiler\/\" \/>\n<meta property=\"og:site_name\" content=\"dev6 Erresse\" \/>\n<meta property=\"og:image\" content=\"https:\/\/interpim.erresse-shop.it\/wp-content\/uploads\/2023\/06\/LA-PAVONI-Macchina-da-Caffe\u0300-Botticelli-Dual-Boiler.jpg\/la-pavoni-macchina-da-caffe-cc-80-botticelli-dual-boiler.jpg\" \/><meta property=\"og:image\" content=\"https:\/\/interpim.erresse-shop.it\/wp-content\/uploads\/2023\/06\/LA-PAVONI-Macchina-da-Caffe\u0300-Botticelli-Dual-Boiler.jpg\/la-pavoni-macchina-da-caffe-cc-80-botticelli-dual-boiler.jpg\" \/>\n\t<meta property=\"og:image:width\" content=\"1024\" \/>\n\t<meta property=\"og:image:height\" content=\"1024\" \/>\n\t<meta property=\"og:image:type\" content=\"image\/jpeg\" \/>\n<meta name=\"twitter:card\" content=\"summary_large_image\" \/>\n<meta name=\"twitter:image\" content=\"https:\/\/interpim.erresse-shop.it\/wp-content\/uploads\/2023\/06\/LA-PAVONI-Macchina-da-Caffe\u0300-Botticelli-Dual-Boiler.jpg\/la-pavoni-macchina-da-caffe-cc-80-botticelli-dual-boiler.jpg\" \/>\n<script type=\"application\/ld+json\" class=\"yoast-schema-graph\">{\"@context\":\"https:\/\/schema.org\",\"@graph\":[{\"@type\":\"WebPage\",\"@id\":\"https:\/\/dev6.erresse-shop.it\/es\/shop\/pequenos-electrodomesticos\/maquinas-de-cafe\/manual-es\/la-pavoni-maquina-de-cafe-botticelli-dual-boiler\/\",\"url\":\"https:\/\/dev6.erresse-shop.it\/es\/shop\/pequenos-electrodomesticos\/maquinas-de-cafe\/manual-es\/la-pavoni-maquina-de-cafe-botticelli-dual-boiler\/\",\"name\":\"LA PAVONI M\u00e1quina de Caf\u00e9 Botticelli Dual Boiler - dev6 Erresse\",\"isPartOf\":{\"@id\":\"https:\/\/dev6.erresse-shop.it\/#website\"},\"primaryImageOfPage\":{\"@id\":\"https:\/\/dev6.erresse-shop.it\/es\/shop\/pequenos-electrodomesticos\/maquinas-de-cafe\/manual-es\/la-pavoni-maquina-de-cafe-botticelli-dual-boiler\/#primaryimage\"},\"image\":{\"@id\":\"https:\/\/dev6.erresse-shop.it\/es\/shop\/pequenos-electrodomesticos\/maquinas-de-cafe\/manual-es\/la-pavoni-maquina-de-cafe-botticelli-dual-boiler\/#primaryimage\"},\"thumbnailUrl\":\"https:\/\/i2.wp.com\/interpim.erresse-shop.it\/wp-content\/uploads\/2023\/06\/LA-PAVONI-Macchina-da-Caffe\u0300-Botticelli-Dual-Boiler.jpg\/la-pavoni-macchina-da-caffe-cc-80-botticelli-dual-boiler.jpg?ssl=1\",\"datePublished\":\"2026-04-12T07:43:58+00:00\",\"description\":\"El modelo Botticelli Dual Boiler es una cafetera espresso y cappuccino equipada con el dispositivo de control de temperatura PID. Estabilidad de\",\"breadcrumb\":{\"@id\":\"https:\/\/dev6.erresse-shop.it\/es\/shop\/pequenos-electrodomesticos\/maquinas-de-cafe\/manual-es\/la-pavoni-maquina-de-cafe-botticelli-dual-boiler\/#breadcrumb\"},\"inLanguage\":\"es\",\"potentialAction\":[{\"@type\":\"ReadAction\",\"target\":[\"https:\/\/dev6.erresse-shop.it\/es\/shop\/pequenos-electrodomesticos\/maquinas-de-cafe\/manual-es\/la-pavoni-maquina-de-cafe-botticelli-dual-boiler\/\"]}]},{\"@type\":\"ImageObject\",\"inLanguage\":\"es\",\"@id\":\"https:\/\/dev6.erresse-shop.it\/es\/shop\/pequenos-electrodomesticos\/maquinas-de-cafe\/manual-es\/la-pavoni-maquina-de-cafe-botticelli-dual-boiler\/#primaryimage\",\"url\":\"https:\/\/i2.wp.com\/interpim.erresse-shop.it\/wp-content\/uploads\/2023\/06\/LA-PAVONI-Macchina-da-Caffe\u0300-Botticelli-Dual-Boiler.jpg\/la-pavoni-macchina-da-caffe-cc-80-botticelli-dual-boiler.jpg?ssl=1\",\"contentUrl\":\"https:\/\/i2.wp.com\/interpim.erresse-shop.it\/wp-content\/uploads\/2023\/06\/LA-PAVONI-Macchina-da-Caffe\u0300-Botticelli-Dual-Boiler.jpg\/la-pavoni-macchina-da-caffe-cc-80-botticelli-dual-boiler.jpg?ssl=1\"},{\"@type\":\"BreadcrumbList\",\"@id\":\"https:\/\/dev6.erresse-shop.it\/es\/shop\/pequenos-electrodomesticos\/maquinas-de-cafe\/manual-es\/la-pavoni-maquina-de-cafe-botticelli-dual-boiler\/#breadcrumb\",\"itemListElement\":[{\"@type\":\"ListItem\",\"position\":1,\"name\":\"Home\",\"item\":\"https:\/\/dev6.erresse-shop.it\/\"},{\"@type\":\"ListItem\",\"position\":2,\"name\":\"Tienda\",\"item\":\"https:\/\/dev6.erresse-shop.it\/shop\/\"},{\"@type\":\"ListItem\",\"position\":3,\"name\":\"LA PAVONI M\u00e1quina de Caf\u00e9 Botticelli Dual Boiler\"}]},{\"@type\":\"WebSite\",\"@id\":\"https:\/\/dev6.erresse-shop.it\/#website\",\"url\":\"https:\/\/dev6.erresse-shop.it\/\",\"name\":\"Erresse Shop\",\"description\":\"\",\"publisher\":{\"@id\":\"https:\/\/dev6.erresse-shop.it\/#organization\"},\"potentialAction\":[{\"@type\":\"SearchAction\",\"target\":{\"@type\":\"EntryPoint\",\"urlTemplate\":\"https:\/\/dev6.erresse-shop.it\/?s={search_term_string}\"},\"query-input\":{\"@type\":\"PropertyValueSpecification\",\"valueRequired\":true,\"valueName\":\"search_term_string\"}}],\"inLanguage\":\"es\"},{\"@type\":\"Organization\",\"@id\":\"https:\/\/dev6.erresse-shop.it\/#organization\",\"name\":\"Erresse Shop\",\"url\":\"https:\/\/dev6.erresse-shop.it\/\",\"logo\":{\"@type\":\"ImageObject\",\"inLanguage\":\"es\",\"@id\":\"https:\/\/dev6.erresse-shop.it\/#\/schema\/logo\/image\/\",\"url\":\"https:\/\/dev6.erresse-shop.it\/wp-content\/uploads\/2025\/01\/LOGO-ERRESSE-CLASSICO.svg\",\"contentUrl\":\"https:\/\/dev6.erresse-shop.it\/wp-content\/uploads\/2025\/01\/LOGO-ERRESSE-CLASSICO.svg\",\"caption\":\"Erresse Shop\"},\"image\":{\"@id\":\"https:\/\/dev6.erresse-shop.it\/#\/schema\/logo\/image\/\"}}]}<\/script>\n<!-- \/ Yoast SEO plugin. -->","yoast_head_json":{"title":"LA PAVONI M\u00e1quina de Caf\u00e9 Botticelli Dual Boiler - dev6 Erresse","description":"El modelo Botticelli Dual Boiler es una cafetera espresso y cappuccino equipada con el dispositivo de control de temperatura PID. Estabilidad de","robots":{"index":"noindex","follow":"follow","max-snippet":"max-snippet:-1","max-image-preview":"max-image-preview:large","max-video-preview":"max-video-preview:-1"},"og_locale":"es_ES","og_type":"article","og_title":"LA PAVONI M\u00e1quina de Caf\u00e9 Botticelli Dual Boiler - dev6 Erresse","og_description":"El modelo Botticelli Dual Boiler es una cafetera espresso y cappuccino equipada con el dispositivo de control de temperatura PID. Estabilidad de","og_url":"https:\/\/dev6.erresse-shop.it\/es\/shop\/pequenos-electrodomesticos\/maquinas-de-cafe\/manual-es\/la-pavoni-maquina-de-cafe-botticelli-dual-boiler\/","og_site_name":"dev6 Erresse","og_image":[{"url":"https:\/\/interpim.erresse-shop.it\/wp-content\/uploads\/2023\/06\/LA-PAVONI-Macchina-da-Caffe\u0300-Botticelli-Dual-Boiler.jpg\/la-pavoni-macchina-da-caffe-cc-80-botticelli-dual-boiler.jpg","type":"","width":"","height":""},{"url":"https:\/\/interpim.erresse-shop.it\/wp-content\/uploads\/2023\/06\/LA-PAVONI-Macchina-da-Caffe\u0300-Botticelli-Dual-Boiler.jpg\/la-pavoni-macchina-da-caffe-cc-80-botticelli-dual-boiler.jpg","width":1024,"height":1024,"type":"image\/jpeg"}],"twitter_card":"summary_large_image","twitter_image":"https:\/\/interpim.erresse-shop.it\/wp-content\/uploads\/2023\/06\/LA-PAVONI-Macchina-da-Caffe\u0300-Botticelli-Dual-Boiler.jpg\/la-pavoni-macchina-da-caffe-cc-80-botticelli-dual-boiler.jpg","schema":{"@context":"https:\/\/schema.org","@graph":[{"@type":"WebPage","@id":"https:\/\/dev6.erresse-shop.it\/es\/shop\/pequenos-electrodomesticos\/maquinas-de-cafe\/manual-es\/la-pavoni-maquina-de-cafe-botticelli-dual-boiler\/","url":"https:\/\/dev6.erresse-shop.it\/es\/shop\/pequenos-electrodomesticos\/maquinas-de-cafe\/manual-es\/la-pavoni-maquina-de-cafe-botticelli-dual-boiler\/","name":"LA PAVONI M\u00e1quina de Caf\u00e9 Botticelli Dual Boiler - dev6 Erresse","isPartOf":{"@id":"https:\/\/dev6.erresse-shop.it\/#website"},"primaryImageOfPage":{"@id":"https:\/\/dev6.erresse-shop.it\/es\/shop\/pequenos-electrodomesticos\/maquinas-de-cafe\/manual-es\/la-pavoni-maquina-de-cafe-botticelli-dual-boiler\/#primaryimage"},"image":{"@id":"https:\/\/dev6.erresse-shop.it\/es\/shop\/pequenos-electrodomesticos\/maquinas-de-cafe\/manual-es\/la-pavoni-maquina-de-cafe-botticelli-dual-boiler\/#primaryimage"},"thumbnailUrl":"https:\/\/i2.wp.com\/interpim.erresse-shop.it\/wp-content\/uploads\/2023\/06\/LA-PAVONI-Macchina-da-Caffe\u0300-Botticelli-Dual-Boiler.jpg\/la-pavoni-macchina-da-caffe-cc-80-botticelli-dual-boiler.jpg?ssl=1","datePublished":"2026-04-12T07:43:58+00:00","description":"El modelo Botticelli Dual Boiler es una cafetera espresso y cappuccino equipada con el dispositivo de control de temperatura PID. Estabilidad de","breadcrumb":{"@id":"https:\/\/dev6.erresse-shop.it\/es\/shop\/pequenos-electrodomesticos\/maquinas-de-cafe\/manual-es\/la-pavoni-maquina-de-cafe-botticelli-dual-boiler\/#breadcrumb"},"inLanguage":"es","potentialAction":[{"@type":"ReadAction","target":["https:\/\/dev6.erresse-shop.it\/es\/shop\/pequenos-electrodomesticos\/maquinas-de-cafe\/manual-es\/la-pavoni-maquina-de-cafe-botticelli-dual-boiler\/"]}]},{"@type":"ImageObject","inLanguage":"es","@id":"https:\/\/dev6.erresse-shop.it\/es\/shop\/pequenos-electrodomesticos\/maquinas-de-cafe\/manual-es\/la-pavoni-maquina-de-cafe-botticelli-dual-boiler\/#primaryimage","url":"https:\/\/i2.wp.com\/interpim.erresse-shop.it\/wp-content\/uploads\/2023\/06\/LA-PAVONI-Macchina-da-Caffe\u0300-Botticelli-Dual-Boiler.jpg\/la-pavoni-macchina-da-caffe-cc-80-botticelli-dual-boiler.jpg?ssl=1","contentUrl":"https:\/\/i2.wp.com\/interpim.erresse-shop.it\/wp-content\/uploads\/2023\/06\/LA-PAVONI-Macchina-da-Caffe\u0300-Botticelli-Dual-Boiler.jpg\/la-pavoni-macchina-da-caffe-cc-80-botticelli-dual-boiler.jpg?ssl=1"},{"@type":"BreadcrumbList","@id":"https:\/\/dev6.erresse-shop.it\/es\/shop\/pequenos-electrodomesticos\/maquinas-de-cafe\/manual-es\/la-pavoni-maquina-de-cafe-botticelli-dual-boiler\/#breadcrumb","itemListElement":[{"@type":"ListItem","position":1,"name":"Home","item":"https:\/\/dev6.erresse-shop.it\/"},{"@type":"ListItem","position":2,"name":"Tienda","item":"https:\/\/dev6.erresse-shop.it\/shop\/"},{"@type":"ListItem","position":3,"name":"LA PAVONI M\u00e1quina de Caf\u00e9 Botticelli Dual Boiler"}]},{"@type":"WebSite","@id":"https:\/\/dev6.erresse-shop.it\/#website","url":"https:\/\/dev6.erresse-shop.it\/","name":"Erresse Shop","description":"","publisher":{"@id":"https:\/\/dev6.erresse-shop.it\/#organization"},"potentialAction":[{"@type":"SearchAction","target":{"@type":"EntryPoint","urlTemplate":"https:\/\/dev6.erresse-shop.it\/?s={search_term_string}"},"query-input":{"@type":"PropertyValueSpecification","valueRequired":true,"valueName":"search_term_string"}}],"inLanguage":"es"},{"@type":"Organization","@id":"https:\/\/dev6.erresse-shop.it\/#organization","name":"Erresse Shop","url":"https:\/\/dev6.erresse-shop.it\/","logo":{"@type":"ImageObject","inLanguage":"es","@id":"https:\/\/dev6.erresse-shop.it\/#\/schema\/logo\/image\/","url":"https:\/\/dev6.erresse-shop.it\/wp-content\/uploads\/2025\/01\/LOGO-ERRESSE-CLASSICO.svg","contentUrl":"https:\/\/dev6.erresse-shop.it\/wp-content\/uploads\/2025\/01\/LOGO-ERRESSE-CLASSICO.svg","caption":"Erresse Shop"},"image":{"@id":"https:\/\/dev6.erresse-shop.it\/#\/schema\/logo\/image\/"}}]}},"df_price":1990.95,"df_sale_price":1990.95,"df_regular_price":2399,"df_image_link":"https:\/\/i2.wp.com\/interpim.erresse-shop.it\/wp-content\/uploads\/2023\/06\/LA-PAVONI-Macchina-da-Caffe\u0300-Botticelli-Dual-Boiler.jpg\/la-pavoni-macchina-da-caffe-cc-80-botticelli-dual-boiler.jpg?resize=300,300&ssl=1","fifu_image_url":"https:\/\/interpim.erresse-shop.it\/wp-content\/uploads\/2023\/06\/LA-PAVONI-Macchina-da-Caffe\u0300-Botticelli-Dual-Boiler.jpg\/la-pavoni-macchina-da-caffe-cc-80-botticelli-dual-boiler.jpg","_links":{"self":[{"href":"https:\/\/dev6.erresse-shop.it\/es\/wp-json\/wp\/v2\/product\/1879604","targetHints":{"allow":["GET"]}}],"collection":[{"href":"https:\/\/dev6.erresse-shop.it\/es\/wp-json\/wp\/v2\/product"}],"about":[{"href":"https:\/\/dev6.erresse-shop.it\/es\/wp-json\/wp\/v2\/types\/product"}],"wp:featuredmedia":[{"embeddable":true,"href":"https:\/\/dev6.erresse-shop.it\/es\/wp-json\/wp\/v2\/media\/6362698"}],"wp:attachment":[{"href":"https:\/\/dev6.erresse-shop.it\/es\/wp-json\/wp\/v2\/media?parent=1879604"}],"wp:term":[{"taxonomy":"product_cat","embeddable":true,"href":"https:\/\/dev6.erresse-shop.it\/es\/wp-json\/wp\/v2\/product_cat?post=1879604"},{"taxonomy":"product_tag","embeddable":true,"href":"https:\/\/dev6.erresse-shop.it\/es\/wp-json\/wp\/v2\/product_tag?post=1879604"}],"curies":[{"name":"wp","href":"https:\/\/api.w.org\/{rel}","templated":true}]}}