{"id":1879580,"date":"2026-04-12T09:43:58","date_gmt":"2026-04-12T07:43:58","guid":{"rendered":"https:\/\/dev6.erresse-shop.it\/shop\/sin%20categor\u00eda\/mr-wattson-lampara-de-mesa-led-negro-mate\/"},"modified":"2025-09-14T08:27:13","modified_gmt":"2025-09-14T06:27:13","slug":"mr-wattson-lampara-de-mesa-led-negro-mate","status":"publish","type":"product","link":"https:\/\/dev6.erresse-shop.it\/es\/shop\/mobiliario\/lamparas\/mr-wattson-lampara-de-mesa-led-negro-mate\/","title":{"rendered":"MR. WATTSON L\u00e1mpara de Mesa LED Negro Mate"},"content":{"rendered":"<p>Mr Wattson es una l\u00e1mpara de mesa LED de dise\u00f1o rayado, fabricada por la empresa danesa Piffany Copenhagen. Moderna y flexible, la estructura es de madera de fresno artesanal y aleaci\u00f3n met\u00e1lica.<\/p>\n<p>El casquillo de la l\u00e1mpara est\u00e1 inspirado en los faros de la Vespa de 1946. Esta ic\u00f3nica y divertida l\u00e1mpara dispone de articulaciones que permiten cambiar su forma y posici\u00f3n.<\/p>\n<p>La pantalla se puede ajustar hasta 120 grados y la estructura es flexible, como un divertido robot.<\/p>\n<p>Especificaciones:<\/p>\n<p>El cable mide 2,2 m y est\u00e1 recubierto de tela marr\u00f3n.<br \/>\nEquipado con interruptor y enchufe europeo.<br \/>\nDimensiones (AxPxH): 15,5 x 27,6 x 18-40 cm<br \/>\nLED de 2,5 vatios<br \/>\n2 a\u00f1os de garant\u00eda<\/p>\n","protected":false},"excerpt":{"rendered":"<p>Mr Wattson es una l\u00e1mpara de mesa LED de dise\u00f1o rayado, fabricada por la empresa danesa Piffany Copenhagen. Moderna y flexible, la estructura es de madera de fresno artesanal y aleaci\u00f3n met\u00e1lica. El casquillo de la l\u00e1mpara est\u00e1 inspirado en los faros de la Vespa de 1946. Esta ic\u00f3nica y divertida l\u00e1mpara dispone de articulaciones [&hellip;]<\/p>\n","protected":false},"featured_media":6362552,"template":"","meta":{"_acf_changed":false},"product_cat":[11666,11911,11882],"product_tag":[],"class_list":{"0":"post-1879580","1":"product","2":"type-product","3":"status-publish","4":"has-post-thumbnail","6":"product_cat-arredamento-casa","7":"product_cat-lamparas","8":"product_cat-mobiliario","10":"first","11":"instock","12":"sale","13":"taxable","14":"shipping-taxable","15":"purchasable","16":"product-type-simple","swatches":"rey-swatches","show_selected":"","stretch_labels":"rey-swatches--stretch-labels"},"acf":[],"yoast_head":"<!-- This site is optimized with the Yoast SEO plugin v25.4 - https:\/\/yoast.com\/wordpress\/plugins\/seo\/ -->\n<title>MR. WATTSON L\u00e1mpara de Mesa LED Negro Mate - dev6 Erresse<\/title>\n<meta name=\"description\" content=\"Mr Wattson es una l\u00e1mpara de mesa LED de dise\u00f1o rayado, fabricada por la empresa danesa Piffany Copenhagen. Moderna y flexible, la estructura es de madera\" \/>\n<meta name=\"robots\" content=\"noindex, follow, max-snippet:-1, max-image-preview:large, max-video-preview:-1\" \/>\n<meta property=\"og:locale\" content=\"es_ES\" \/>\n<meta property=\"og:type\" content=\"article\" \/>\n<meta property=\"og:title\" content=\"MR. WATTSON L\u00e1mpara de Mesa LED Negro Mate - dev6 Erresse\" \/>\n<meta property=\"og:description\" content=\"Mr Wattson es una l\u00e1mpara de mesa LED de dise\u00f1o rayado, fabricada por la empresa danesa Piffany Copenhagen. Moderna y flexible, la estructura es de madera\" \/>\n<meta property=\"og:url\" content=\"https:\/\/dev6.erresse-shop.it\/es\/shop\/mobiliario\/lamparas\/mr-wattson-lampara-de-mesa-led-negro-mate\/\" \/>\n<meta property=\"og:site_name\" content=\"dev6 Erresse\" \/>\n<meta property=\"og:image\" content=\"https:\/\/interpim.erresse-shop.it\/img-catalogo\/mr-wattson\/mr.-wattson-lampada-led-da-tavolo-matt-black.jpg\" \/><meta property=\"og:image\" content=\"https:\/\/interpim.erresse-shop.it\/img-catalogo\/mr-wattson\/mr.-wattson-lampada-led-da-tavolo-matt-black.jpg\" \/>\n\t<meta property=\"og:image:width\" content=\"1024\" \/>\n\t<meta property=\"og:image:height\" content=\"1024\" \/>\n\t<meta property=\"og:image:type\" content=\"image\/jpeg\" \/>\n<meta name=\"twitter:card\" content=\"summary_large_image\" \/>\n<meta name=\"twitter:image\" content=\"https:\/\/interpim.erresse-shop.it\/img-catalogo\/mr-wattson\/mr.-wattson-lampada-led-da-tavolo-matt-black.jpg\" \/>\n<script type=\"application\/ld+json\" class=\"yoast-schema-graph\">{\"@context\":\"https:\/\/schema.org\",\"@graph\":[{\"@type\":\"WebPage\",\"@id\":\"https:\/\/dev6.erresse-shop.it\/es\/shop\/mobiliario\/lamparas\/mr-wattson-lampara-de-mesa-led-negro-mate\/\",\"url\":\"https:\/\/dev6.erresse-shop.it\/es\/shop\/mobiliario\/lamparas\/mr-wattson-lampara-de-mesa-led-negro-mate\/\",\"name\":\"MR. WATTSON L\u00e1mpara de Mesa LED Negro Mate - dev6 Erresse\",\"isPartOf\":{\"@id\":\"https:\/\/dev6.erresse-shop.it\/#website\"},\"primaryImageOfPage\":{\"@id\":\"https:\/\/dev6.erresse-shop.it\/es\/shop\/mobiliario\/lamparas\/mr-wattson-lampara-de-mesa-led-negro-mate\/#primaryimage\"},\"image\":{\"@id\":\"https:\/\/dev6.erresse-shop.it\/es\/shop\/mobiliario\/lamparas\/mr-wattson-lampara-de-mesa-led-negro-mate\/#primaryimage\"},\"thumbnailUrl\":\"https:\/\/i2.wp.com\/interpim.erresse-shop.it\/img-catalogo\/mr-wattson\/mr.-wattson-lampada-led-da-tavolo-matt-black.jpg?ssl=1\",\"datePublished\":\"2026-04-12T07:43:58+00:00\",\"description\":\"Mr Wattson es una l\u00e1mpara de mesa LED de dise\u00f1o rayado, fabricada por la empresa danesa Piffany Copenhagen. Moderna y flexible, la estructura es de madera\",\"breadcrumb\":{\"@id\":\"https:\/\/dev6.erresse-shop.it\/es\/shop\/mobiliario\/lamparas\/mr-wattson-lampara-de-mesa-led-negro-mate\/#breadcrumb\"},\"inLanguage\":\"es\",\"potentialAction\":[{\"@type\":\"ReadAction\",\"target\":[\"https:\/\/dev6.erresse-shop.it\/es\/shop\/mobiliario\/lamparas\/mr-wattson-lampara-de-mesa-led-negro-mate\/\"]}]},{\"@type\":\"ImageObject\",\"inLanguage\":\"es\",\"@id\":\"https:\/\/dev6.erresse-shop.it\/es\/shop\/mobiliario\/lamparas\/mr-wattson-lampara-de-mesa-led-negro-mate\/#primaryimage\",\"url\":\"https:\/\/i2.wp.com\/interpim.erresse-shop.it\/img-catalogo\/mr-wattson\/mr.-wattson-lampada-led-da-tavolo-matt-black.jpg?ssl=1\",\"contentUrl\":\"https:\/\/i2.wp.com\/interpim.erresse-shop.it\/img-catalogo\/mr-wattson\/mr.-wattson-lampada-led-da-tavolo-matt-black.jpg?ssl=1\"},{\"@type\":\"BreadcrumbList\",\"@id\":\"https:\/\/dev6.erresse-shop.it\/es\/shop\/mobiliario\/lamparas\/mr-wattson-lampara-de-mesa-led-negro-mate\/#breadcrumb\",\"itemListElement\":[{\"@type\":\"ListItem\",\"position\":1,\"name\":\"Home\",\"item\":\"https:\/\/dev6.erresse-shop.it\/\"},{\"@type\":\"ListItem\",\"position\":2,\"name\":\"Tienda\",\"item\":\"https:\/\/dev6.erresse-shop.it\/shop\/\"},{\"@type\":\"ListItem\",\"position\":3,\"name\":\"MR. WATTSON L\u00e1mpara de Mesa LED Negro Mate\"}]},{\"@type\":\"WebSite\",\"@id\":\"https:\/\/dev6.erresse-shop.it\/#website\",\"url\":\"https:\/\/dev6.erresse-shop.it\/\",\"name\":\"Erresse Shop\",\"description\":\"\",\"publisher\":{\"@id\":\"https:\/\/dev6.erresse-shop.it\/#organization\"},\"potentialAction\":[{\"@type\":\"SearchAction\",\"target\":{\"@type\":\"EntryPoint\",\"urlTemplate\":\"https:\/\/dev6.erresse-shop.it\/?s={search_term_string}\"},\"query-input\":{\"@type\":\"PropertyValueSpecification\",\"valueRequired\":true,\"valueName\":\"search_term_string\"}}],\"inLanguage\":\"es\"},{\"@type\":\"Organization\",\"@id\":\"https:\/\/dev6.erresse-shop.it\/#organization\",\"name\":\"Erresse Shop\",\"url\":\"https:\/\/dev6.erresse-shop.it\/\",\"logo\":{\"@type\":\"ImageObject\",\"inLanguage\":\"es\",\"@id\":\"https:\/\/dev6.erresse-shop.it\/#\/schema\/logo\/image\/\",\"url\":\"https:\/\/dev6.erresse-shop.it\/wp-content\/uploads\/2025\/01\/LOGO-ERRESSE-CLASSICO.svg\",\"contentUrl\":\"https:\/\/dev6.erresse-shop.it\/wp-content\/uploads\/2025\/01\/LOGO-ERRESSE-CLASSICO.svg\",\"caption\":\"Erresse Shop\"},\"image\":{\"@id\":\"https:\/\/dev6.erresse-shop.it\/#\/schema\/logo\/image\/\"}}]}<\/script>\n<!-- \/ Yoast SEO plugin. -->","yoast_head_json":{"title":"MR. WATTSON L\u00e1mpara de Mesa LED Negro Mate - dev6 Erresse","description":"Mr Wattson es una l\u00e1mpara de mesa LED de dise\u00f1o rayado, fabricada por la empresa danesa Piffany Copenhagen. Moderna y flexible, la estructura es de madera","robots":{"index":"noindex","follow":"follow","max-snippet":"max-snippet:-1","max-image-preview":"max-image-preview:large","max-video-preview":"max-video-preview:-1"},"og_locale":"es_ES","og_type":"article","og_title":"MR. WATTSON L\u00e1mpara de Mesa LED Negro Mate - dev6 Erresse","og_description":"Mr Wattson es una l\u00e1mpara de mesa LED de dise\u00f1o rayado, fabricada por la empresa danesa Piffany Copenhagen. Moderna y flexible, la estructura es de madera","og_url":"https:\/\/dev6.erresse-shop.it\/es\/shop\/mobiliario\/lamparas\/mr-wattson-lampara-de-mesa-led-negro-mate\/","og_site_name":"dev6 Erresse","og_image":[{"url":"https:\/\/interpim.erresse-shop.it\/img-catalogo\/mr-wattson\/mr.-wattson-lampada-led-da-tavolo-matt-black.jpg","type":"","width":"","height":""},{"url":"https:\/\/interpim.erresse-shop.it\/img-catalogo\/mr-wattson\/mr.-wattson-lampada-led-da-tavolo-matt-black.jpg","width":1024,"height":1024,"type":"image\/jpeg"}],"twitter_card":"summary_large_image","twitter_image":"https:\/\/interpim.erresse-shop.it\/img-catalogo\/mr-wattson\/mr.-wattson-lampada-led-da-tavolo-matt-black.jpg","schema":{"@context":"https:\/\/schema.org","@graph":[{"@type":"WebPage","@id":"https:\/\/dev6.erresse-shop.it\/es\/shop\/mobiliario\/lamparas\/mr-wattson-lampara-de-mesa-led-negro-mate\/","url":"https:\/\/dev6.erresse-shop.it\/es\/shop\/mobiliario\/lamparas\/mr-wattson-lampara-de-mesa-led-negro-mate\/","name":"MR. WATTSON L\u00e1mpara de Mesa LED Negro Mate - dev6 Erresse","isPartOf":{"@id":"https:\/\/dev6.erresse-shop.it\/#website"},"primaryImageOfPage":{"@id":"https:\/\/dev6.erresse-shop.it\/es\/shop\/mobiliario\/lamparas\/mr-wattson-lampara-de-mesa-led-negro-mate\/#primaryimage"},"image":{"@id":"https:\/\/dev6.erresse-shop.it\/es\/shop\/mobiliario\/lamparas\/mr-wattson-lampara-de-mesa-led-negro-mate\/#primaryimage"},"thumbnailUrl":"https:\/\/i2.wp.com\/interpim.erresse-shop.it\/img-catalogo\/mr-wattson\/mr.-wattson-lampada-led-da-tavolo-matt-black.jpg?ssl=1","datePublished":"2026-04-12T07:43:58+00:00","description":"Mr Wattson es una l\u00e1mpara de mesa LED de dise\u00f1o rayado, fabricada por la empresa danesa Piffany Copenhagen. Moderna y flexible, la estructura es de madera","breadcrumb":{"@id":"https:\/\/dev6.erresse-shop.it\/es\/shop\/mobiliario\/lamparas\/mr-wattson-lampara-de-mesa-led-negro-mate\/#breadcrumb"},"inLanguage":"es","potentialAction":[{"@type":"ReadAction","target":["https:\/\/dev6.erresse-shop.it\/es\/shop\/mobiliario\/lamparas\/mr-wattson-lampara-de-mesa-led-negro-mate\/"]}]},{"@type":"ImageObject","inLanguage":"es","@id":"https:\/\/dev6.erresse-shop.it\/es\/shop\/mobiliario\/lamparas\/mr-wattson-lampara-de-mesa-led-negro-mate\/#primaryimage","url":"https:\/\/i2.wp.com\/interpim.erresse-shop.it\/img-catalogo\/mr-wattson\/mr.-wattson-lampada-led-da-tavolo-matt-black.jpg?ssl=1","contentUrl":"https:\/\/i2.wp.com\/interpim.erresse-shop.it\/img-catalogo\/mr-wattson\/mr.-wattson-lampada-led-da-tavolo-matt-black.jpg?ssl=1"},{"@type":"BreadcrumbList","@id":"https:\/\/dev6.erresse-shop.it\/es\/shop\/mobiliario\/lamparas\/mr-wattson-lampara-de-mesa-led-negro-mate\/#breadcrumb","itemListElement":[{"@type":"ListItem","position":1,"name":"Home","item":"https:\/\/dev6.erresse-shop.it\/"},{"@type":"ListItem","position":2,"name":"Tienda","item":"https:\/\/dev6.erresse-shop.it\/shop\/"},{"@type":"ListItem","position":3,"name":"MR. WATTSON L\u00e1mpara de Mesa LED Negro Mate"}]},{"@type":"WebSite","@id":"https:\/\/dev6.erresse-shop.it\/#website","url":"https:\/\/dev6.erresse-shop.it\/","name":"Erresse Shop","description":"","publisher":{"@id":"https:\/\/dev6.erresse-shop.it\/#organization"},"potentialAction":[{"@type":"SearchAction","target":{"@type":"EntryPoint","urlTemplate":"https:\/\/dev6.erresse-shop.it\/?s={search_term_string}"},"query-input":{"@type":"PropertyValueSpecification","valueRequired":true,"valueName":"search_term_string"}}],"inLanguage":"es"},{"@type":"Organization","@id":"https:\/\/dev6.erresse-shop.it\/#organization","name":"Erresse Shop","url":"https:\/\/dev6.erresse-shop.it\/","logo":{"@type":"ImageObject","inLanguage":"es","@id":"https:\/\/dev6.erresse-shop.it\/#\/schema\/logo\/image\/","url":"https:\/\/dev6.erresse-shop.it\/wp-content\/uploads\/2025\/01\/LOGO-ERRESSE-CLASSICO.svg","contentUrl":"https:\/\/dev6.erresse-shop.it\/wp-content\/uploads\/2025\/01\/LOGO-ERRESSE-CLASSICO.svg","caption":"Erresse Shop"},"image":{"@id":"https:\/\/dev6.erresse-shop.it\/#\/schema\/logo\/image\/"}}]}},"df_price":109,"df_sale_price":109,"df_regular_price":159,"df_image_link":"https:\/\/i2.wp.com\/interpim.erresse-shop.it\/img-catalogo\/mr-wattson\/mr.-wattson-lampada-led-da-tavolo-matt-black.jpg?resize=300,300&ssl=1","fifu_image_url":"https:\/\/interpim.erresse-shop.it\/img-catalogo\/mr-wattson\/mr.-wattson-lampada-led-da-tavolo-matt-black.jpg","_links":{"self":[{"href":"https:\/\/dev6.erresse-shop.it\/es\/wp-json\/wp\/v2\/product\/1879580","targetHints":{"allow":["GET"]}}],"collection":[{"href":"https:\/\/dev6.erresse-shop.it\/es\/wp-json\/wp\/v2\/product"}],"about":[{"href":"https:\/\/dev6.erresse-shop.it\/es\/wp-json\/wp\/v2\/types\/product"}],"wp:featuredmedia":[{"embeddable":true,"href":"https:\/\/dev6.erresse-shop.it\/es\/wp-json\/wp\/v2\/media\/6362552"}],"wp:attachment":[{"href":"https:\/\/dev6.erresse-shop.it\/es\/wp-json\/wp\/v2\/media?parent=1879580"}],"wp:term":[{"taxonomy":"product_cat","embeddable":true,"href":"https:\/\/dev6.erresse-shop.it\/es\/wp-json\/wp\/v2\/product_cat?post=1879580"},{"taxonomy":"product_tag","embeddable":true,"href":"https:\/\/dev6.erresse-shop.it\/es\/wp-json\/wp\/v2\/product_tag?post=1879580"}],"curies":[{"name":"wp","href":"https:\/\/api.w.org\/{rel}","templated":true}]}}