{"id":1879526,"date":"2026-04-12T09:41:00","date_gmt":"2026-04-12T07:41:00","guid":{"rendered":"https:\/\/dev6.erresse-shop.it\/shop\/sin%20categor\u00eda\/miyabi-5000-mcd-shotoh-13-cm\/"},"modified":"2025-09-14T08:25:46","modified_gmt":"2025-09-14T06:25:46","slug":"miyabi-5000-mcd-shotoh-13-cm","status":"publish","type":"product","link":"https:\/\/dev6.erresse-shop.it\/es\/shop\/cocina\/cuchillos\/cuchillos-de-cocina\/miyabi-5000-mcd-shotoh-13-cm\/","title":{"rendered":"MIYABI 5000 MCD Shotoh 13 cm"},"content":{"rendered":"<p>El cuchillo SHOTOH de Miyabi es una herramienta de corte peque\u00f1a pero fina y \u00fanica. Con una longitud de 13 cm, esta hoja extrafina y resistente es ideal para cortar, pelar o limpiar frutas o verduras. El exclusivo afilado sim\u00e9trico Honbazuke de la hoja le confiere un car\u00e1cter \u00fanico. Esto se ve reforzado por el perfil t\u00edpicamente japon\u00e9s de la hoja, caracterizado por un filo sim\u00e9trico con un \u00e1ngulo de 19 grados. El n\u00facleo de la hoja est\u00e1 hecho de acero en polvo con microcarbono MC63, envuelto en 100 capas de dos tipos diferentes de acero inoxidable, que crean el t\u00edpico patr\u00f3n floral damasquinado en la hoja. Este dise\u00f1o convierte al cuchillo en una obra de arte \u00fanica. La hoja de CRYODUR\u00ae ha sido endurecida a -196 grados Celsius en un proceso especialmente desarrollado para alcanzar una dureza notable de aproximadamente 63 Rockwell, haciendo que el cuchillo sea flexible y robusto y garantizando una excelente retenci\u00f3n del filo. El mango de abedul Masur en un delicado color marr\u00f3n claro ofrece un agradable contraste con el brillo del acero. El veteado y la estructura son \u00fanicos en cada cuchillo, y cada pieza se convierte en un llamativo complemento en la cocina. El mango tiene una forma tradicional en D y est\u00e1 bien equilibrado, proporcionando un excelente control durante el trabajo. El cuchillo SHOTOH MIYABI serie 5000MCD es la herramienta perfecta para los mejores trabajos de corte.<\/p>\n<p>N\u00facleo de la hoja de acero en polvo con microcarbono MC63 incrustado en 100 capas de acero para una dureza excepcional de aproximadamente 63 Rockwell (unidad est\u00e1ndar internacional de medida de la dureza) y una excepcional retenci\u00f3n del filo.<br \/>\nLas hojas CRYODUR\u00ae endurecidas al hielo proporcionan una excepcional retenci\u00f3n del filo, una extraordinaria resistencia a la corrosi\u00f3n y una excelente flexibilidad de la hoja.<br \/>\nAut\u00e9ntico perfil de hoja japon\u00e9s<br \/>\nLa hoja sim\u00e9trica con filo Honbazuke ultra afilado garantiza un filo incre\u00edble.<br \/>\nMango tradicional en \u201cD\u201d de abedul Masur para un equilibrio perfecto, un control \u00f3ptimo y un corte incansable.<br \/>\nMango tradicional japon\u00e9s de abedul de Karelia (Masur)<br \/>\nPerfil y tal\u00f3n redondeados<br \/>\nHecho a mano en Seki, Jap\u00f3n<\/p>\n<p>CARACTER\u00cdSTICAS<\/p>\n<p>Color: Marr\u00f3n<br \/>\nMaterial: MC63<br \/>\nTipo de mango: espiga oculta<br \/>\nTipo de borde: liso<br \/>\nAcabado del filo: afilado Honbazuke<br \/>\nM\u00e9todo de producci\u00f3n: soldado<br \/>\nDureza de la hoja (HRC): 63 HRC<br \/>\nColor del mango: marr\u00f3n<br \/>\nMaterial del mango: abedul<\/p>\n<p>DIMENSIONES<\/p>\n<p>Peso neto: 0,07 kg<br \/>\nLongitud del producto: 24,00 cm<br \/>\nAnchura del producto: 1,70 cm<br \/>\nAltura del producto: 3,20 cm<br \/>\nLongitud de la hoja: 12,70 cm<br \/>\nLongitud del mango: 11,00 cm<br \/>\nAnchura del mango: 1,70 cm<br \/>\nAncho de la hoja: 0,10 cm<br \/>\nEspesor de la hoja: 0,10 cm<\/p>\n","protected":false},"excerpt":{"rendered":"<p>El cuchillo SHOTOH de Miyabi es una herramienta de corte peque\u00f1a pero fina y \u00fanica. Con una longitud de 13 cm, esta hoja extrafina y resistente es ideal para cortar, pelar o limpiar frutas o verduras. El exclusivo afilado sim\u00e9trico Honbazuke de la hoja le confiere un car\u00e1cter \u00fanico. Esto se ve reforzado por el [&hellip;]<\/p>\n","protected":false},"featured_media":6362351,"template":"","meta":{"_acf_changed":false},"product_cat":[11889],"product_tag":[],"class_list":{"0":"post-1879526","1":"product","2":"type-product","3":"status-publish","4":"has-post-thumbnail","6":"product_cat-cuchillos-de-cocina","8":"first","9":"instock","10":"sale","11":"taxable","12":"shipping-taxable","13":"purchasable","14":"product-type-simple","swatches":"rey-swatches","show_selected":"","stretch_labels":"rey-swatches--stretch-labels"},"acf":[],"yoast_head":"<!-- This site is optimized with the Yoast SEO plugin v25.4 - https:\/\/yoast.com\/wordpress\/plugins\/seo\/ -->\n<title>MIYABI 5000 MCD Shotoh 13 cm - dev6 Erresse<\/title>\n<meta name=\"description\" content=\"El cuchillo SHOTOH de Miyabi es una herramienta de corte peque\u00f1a pero fina y \u00fanica. Con una longitud de 13 cm, esta hoja extrafina y resistente es ideal\" \/>\n<meta name=\"robots\" content=\"noindex, follow, max-snippet:-1, max-image-preview:large, max-video-preview:-1\" \/>\n<meta property=\"og:locale\" content=\"es_ES\" \/>\n<meta property=\"og:type\" content=\"article\" \/>\n<meta property=\"og:title\" content=\"MIYABI 5000 MCD Shotoh 13 cm - dev6 Erresse\" \/>\n<meta property=\"og:description\" content=\"El cuchillo SHOTOH de Miyabi es una herramienta de corte peque\u00f1a pero fina y \u00fanica. Con una longitud de 13 cm, esta hoja extrafina y resistente es ideal\" \/>\n<meta property=\"og:url\" content=\"https:\/\/dev6.erresse-shop.it\/es\/shop\/cocina\/cuchillos\/cuchillos-de-cocina\/miyabi-5000-mcd-shotoh-13-cm\/\" \/>\n<meta property=\"og:site_name\" content=\"dev6 Erresse\" \/>\n<meta property=\"og:image\" content=\"https:\/\/interpim.erresse-shop.it\/Import\/Prodotti\/miyabi-5000-mcd-shotoh-13-cm.jpg\" \/><meta property=\"og:image\" content=\"https:\/\/interpim.erresse-shop.it\/Import\/Prodotti\/miyabi-5000-mcd-shotoh-13-cm.jpg\" \/>\n\t<meta property=\"og:image:width\" content=\"1024\" \/>\n\t<meta property=\"og:image:height\" content=\"1024\" \/>\n\t<meta property=\"og:image:type\" content=\"image\/jpeg\" \/>\n<meta name=\"twitter:card\" content=\"summary_large_image\" \/>\n<meta name=\"twitter:image\" content=\"https:\/\/interpim.erresse-shop.it\/Import\/Prodotti\/miyabi-5000-mcd-shotoh-13-cm.jpg\" \/>\n<script type=\"application\/ld+json\" class=\"yoast-schema-graph\">{\"@context\":\"https:\/\/schema.org\",\"@graph\":[{\"@type\":\"WebPage\",\"@id\":\"https:\/\/dev6.erresse-shop.it\/es\/shop\/cocina\/cuchillos\/cuchillos-de-cocina\/miyabi-5000-mcd-shotoh-13-cm\/\",\"url\":\"https:\/\/dev6.erresse-shop.it\/es\/shop\/cocina\/cuchillos\/cuchillos-de-cocina\/miyabi-5000-mcd-shotoh-13-cm\/\",\"name\":\"MIYABI 5000 MCD Shotoh 13 cm - dev6 Erresse\",\"isPartOf\":{\"@id\":\"https:\/\/dev6.erresse-shop.it\/#website\"},\"primaryImageOfPage\":{\"@id\":\"https:\/\/dev6.erresse-shop.it\/es\/shop\/cocina\/cuchillos\/cuchillos-de-cocina\/miyabi-5000-mcd-shotoh-13-cm\/#primaryimage\"},\"image\":{\"@id\":\"https:\/\/dev6.erresse-shop.it\/es\/shop\/cocina\/cuchillos\/cuchillos-de-cocina\/miyabi-5000-mcd-shotoh-13-cm\/#primaryimage\"},\"thumbnailUrl\":\"https:\/\/i3.wp.com\/interpim.erresse-shop.it\/Import\/Prodotti\/miyabi-5000-mcd-shotoh-13-cm.jpg?ssl=1\",\"datePublished\":\"2026-04-12T07:41:00+00:00\",\"description\":\"El cuchillo SHOTOH de Miyabi es una herramienta de corte peque\u00f1a pero fina y \u00fanica. Con una longitud de 13 cm, esta hoja extrafina y resistente es ideal\",\"breadcrumb\":{\"@id\":\"https:\/\/dev6.erresse-shop.it\/es\/shop\/cocina\/cuchillos\/cuchillos-de-cocina\/miyabi-5000-mcd-shotoh-13-cm\/#breadcrumb\"},\"inLanguage\":\"es\",\"potentialAction\":[{\"@type\":\"ReadAction\",\"target\":[\"https:\/\/dev6.erresse-shop.it\/es\/shop\/cocina\/cuchillos\/cuchillos-de-cocina\/miyabi-5000-mcd-shotoh-13-cm\/\"]}]},{\"@type\":\"ImageObject\",\"inLanguage\":\"es\",\"@id\":\"https:\/\/dev6.erresse-shop.it\/es\/shop\/cocina\/cuchillos\/cuchillos-de-cocina\/miyabi-5000-mcd-shotoh-13-cm\/#primaryimage\",\"url\":\"https:\/\/i3.wp.com\/interpim.erresse-shop.it\/Import\/Prodotti\/miyabi-5000-mcd-shotoh-13-cm.jpg?ssl=1\",\"contentUrl\":\"https:\/\/i3.wp.com\/interpim.erresse-shop.it\/Import\/Prodotti\/miyabi-5000-mcd-shotoh-13-cm.jpg?ssl=1\"},{\"@type\":\"BreadcrumbList\",\"@id\":\"https:\/\/dev6.erresse-shop.it\/es\/shop\/cocina\/cuchillos\/cuchillos-de-cocina\/miyabi-5000-mcd-shotoh-13-cm\/#breadcrumb\",\"itemListElement\":[{\"@type\":\"ListItem\",\"position\":1,\"name\":\"Home\",\"item\":\"https:\/\/dev6.erresse-shop.it\/\"},{\"@type\":\"ListItem\",\"position\":2,\"name\":\"Tienda\",\"item\":\"https:\/\/dev6.erresse-shop.it\/shop\/\"},{\"@type\":\"ListItem\",\"position\":3,\"name\":\"MIYABI 5000 MCD Shotoh 13 cm\"}]},{\"@type\":\"WebSite\",\"@id\":\"https:\/\/dev6.erresse-shop.it\/#website\",\"url\":\"https:\/\/dev6.erresse-shop.it\/\",\"name\":\"Erresse Shop\",\"description\":\"\",\"publisher\":{\"@id\":\"https:\/\/dev6.erresse-shop.it\/#organization\"},\"potentialAction\":[{\"@type\":\"SearchAction\",\"target\":{\"@type\":\"EntryPoint\",\"urlTemplate\":\"https:\/\/dev6.erresse-shop.it\/?s={search_term_string}\"},\"query-input\":{\"@type\":\"PropertyValueSpecification\",\"valueRequired\":true,\"valueName\":\"search_term_string\"}}],\"inLanguage\":\"es\"},{\"@type\":\"Organization\",\"@id\":\"https:\/\/dev6.erresse-shop.it\/#organization\",\"name\":\"Erresse Shop\",\"url\":\"https:\/\/dev6.erresse-shop.it\/\",\"logo\":{\"@type\":\"ImageObject\",\"inLanguage\":\"es\",\"@id\":\"https:\/\/dev6.erresse-shop.it\/#\/schema\/logo\/image\/\",\"url\":\"https:\/\/dev6.erresse-shop.it\/wp-content\/uploads\/2025\/01\/LOGO-ERRESSE-CLASSICO.svg\",\"contentUrl\":\"https:\/\/dev6.erresse-shop.it\/wp-content\/uploads\/2025\/01\/LOGO-ERRESSE-CLASSICO.svg\",\"caption\":\"Erresse Shop\"},\"image\":{\"@id\":\"https:\/\/dev6.erresse-shop.it\/#\/schema\/logo\/image\/\"}}]}<\/script>\n<!-- \/ Yoast SEO plugin. -->","yoast_head_json":{"title":"MIYABI 5000 MCD Shotoh 13 cm - dev6 Erresse","description":"El cuchillo SHOTOH de Miyabi es una herramienta de corte peque\u00f1a pero fina y \u00fanica. Con una longitud de 13 cm, esta hoja extrafina y resistente es ideal","robots":{"index":"noindex","follow":"follow","max-snippet":"max-snippet:-1","max-image-preview":"max-image-preview:large","max-video-preview":"max-video-preview:-1"},"og_locale":"es_ES","og_type":"article","og_title":"MIYABI 5000 MCD Shotoh 13 cm - dev6 Erresse","og_description":"El cuchillo SHOTOH de Miyabi es una herramienta de corte peque\u00f1a pero fina y \u00fanica. Con una longitud de 13 cm, esta hoja extrafina y resistente es ideal","og_url":"https:\/\/dev6.erresse-shop.it\/es\/shop\/cocina\/cuchillos\/cuchillos-de-cocina\/miyabi-5000-mcd-shotoh-13-cm\/","og_site_name":"dev6 Erresse","og_image":[{"url":"https:\/\/interpim.erresse-shop.it\/Import\/Prodotti\/miyabi-5000-mcd-shotoh-13-cm.jpg","type":"","width":"","height":""},{"url":"https:\/\/interpim.erresse-shop.it\/Import\/Prodotti\/miyabi-5000-mcd-shotoh-13-cm.jpg","width":1024,"height":1024,"type":"image\/jpeg"}],"twitter_card":"summary_large_image","twitter_image":"https:\/\/interpim.erresse-shop.it\/Import\/Prodotti\/miyabi-5000-mcd-shotoh-13-cm.jpg","schema":{"@context":"https:\/\/schema.org","@graph":[{"@type":"WebPage","@id":"https:\/\/dev6.erresse-shop.it\/es\/shop\/cocina\/cuchillos\/cuchillos-de-cocina\/miyabi-5000-mcd-shotoh-13-cm\/","url":"https:\/\/dev6.erresse-shop.it\/es\/shop\/cocina\/cuchillos\/cuchillos-de-cocina\/miyabi-5000-mcd-shotoh-13-cm\/","name":"MIYABI 5000 MCD Shotoh 13 cm - dev6 Erresse","isPartOf":{"@id":"https:\/\/dev6.erresse-shop.it\/#website"},"primaryImageOfPage":{"@id":"https:\/\/dev6.erresse-shop.it\/es\/shop\/cocina\/cuchillos\/cuchillos-de-cocina\/miyabi-5000-mcd-shotoh-13-cm\/#primaryimage"},"image":{"@id":"https:\/\/dev6.erresse-shop.it\/es\/shop\/cocina\/cuchillos\/cuchillos-de-cocina\/miyabi-5000-mcd-shotoh-13-cm\/#primaryimage"},"thumbnailUrl":"https:\/\/i3.wp.com\/interpim.erresse-shop.it\/Import\/Prodotti\/miyabi-5000-mcd-shotoh-13-cm.jpg?ssl=1","datePublished":"2026-04-12T07:41:00+00:00","description":"El cuchillo SHOTOH de Miyabi es una herramienta de corte peque\u00f1a pero fina y \u00fanica. Con una longitud de 13 cm, esta hoja extrafina y resistente es ideal","breadcrumb":{"@id":"https:\/\/dev6.erresse-shop.it\/es\/shop\/cocina\/cuchillos\/cuchillos-de-cocina\/miyabi-5000-mcd-shotoh-13-cm\/#breadcrumb"},"inLanguage":"es","potentialAction":[{"@type":"ReadAction","target":["https:\/\/dev6.erresse-shop.it\/es\/shop\/cocina\/cuchillos\/cuchillos-de-cocina\/miyabi-5000-mcd-shotoh-13-cm\/"]}]},{"@type":"ImageObject","inLanguage":"es","@id":"https:\/\/dev6.erresse-shop.it\/es\/shop\/cocina\/cuchillos\/cuchillos-de-cocina\/miyabi-5000-mcd-shotoh-13-cm\/#primaryimage","url":"https:\/\/i3.wp.com\/interpim.erresse-shop.it\/Import\/Prodotti\/miyabi-5000-mcd-shotoh-13-cm.jpg?ssl=1","contentUrl":"https:\/\/i3.wp.com\/interpim.erresse-shop.it\/Import\/Prodotti\/miyabi-5000-mcd-shotoh-13-cm.jpg?ssl=1"},{"@type":"BreadcrumbList","@id":"https:\/\/dev6.erresse-shop.it\/es\/shop\/cocina\/cuchillos\/cuchillos-de-cocina\/miyabi-5000-mcd-shotoh-13-cm\/#breadcrumb","itemListElement":[{"@type":"ListItem","position":1,"name":"Home","item":"https:\/\/dev6.erresse-shop.it\/"},{"@type":"ListItem","position":2,"name":"Tienda","item":"https:\/\/dev6.erresse-shop.it\/shop\/"},{"@type":"ListItem","position":3,"name":"MIYABI 5000 MCD Shotoh 13 cm"}]},{"@type":"WebSite","@id":"https:\/\/dev6.erresse-shop.it\/#website","url":"https:\/\/dev6.erresse-shop.it\/","name":"Erresse Shop","description":"","publisher":{"@id":"https:\/\/dev6.erresse-shop.it\/#organization"},"potentialAction":[{"@type":"SearchAction","target":{"@type":"EntryPoint","urlTemplate":"https:\/\/dev6.erresse-shop.it\/?s={search_term_string}"},"query-input":{"@type":"PropertyValueSpecification","valueRequired":true,"valueName":"search_term_string"}}],"inLanguage":"es"},{"@type":"Organization","@id":"https:\/\/dev6.erresse-shop.it\/#organization","name":"Erresse Shop","url":"https:\/\/dev6.erresse-shop.it\/","logo":{"@type":"ImageObject","inLanguage":"es","@id":"https:\/\/dev6.erresse-shop.it\/#\/schema\/logo\/image\/","url":"https:\/\/dev6.erresse-shop.it\/wp-content\/uploads\/2025\/01\/LOGO-ERRESSE-CLASSICO.svg","contentUrl":"https:\/\/dev6.erresse-shop.it\/wp-content\/uploads\/2025\/01\/LOGO-ERRESSE-CLASSICO.svg","caption":"Erresse Shop"},"image":{"@id":"https:\/\/dev6.erresse-shop.it\/#\/schema\/logo\/image\/"}}]}},"df_price":229,"df_sale_price":229,"df_regular_price":309,"df_image_link":"https:\/\/i3.wp.com\/interpim.erresse-shop.it\/Import\/Prodotti\/miyabi-5000-mcd-shotoh-13-cm.jpg?resize=300,300&ssl=1","fifu_image_url":"https:\/\/interpim.erresse-shop.it\/Import\/Prodotti\/miyabi-5000-mcd-shotoh-13-cm.jpg","_links":{"self":[{"href":"https:\/\/dev6.erresse-shop.it\/es\/wp-json\/wp\/v2\/product\/1879526","targetHints":{"allow":["GET"]}}],"collection":[{"href":"https:\/\/dev6.erresse-shop.it\/es\/wp-json\/wp\/v2\/product"}],"about":[{"href":"https:\/\/dev6.erresse-shop.it\/es\/wp-json\/wp\/v2\/types\/product"}],"wp:featuredmedia":[{"embeddable":true,"href":"https:\/\/dev6.erresse-shop.it\/es\/wp-json\/wp\/v2\/media\/6362351"}],"wp:attachment":[{"href":"https:\/\/dev6.erresse-shop.it\/es\/wp-json\/wp\/v2\/media?parent=1879526"}],"wp:term":[{"taxonomy":"product_cat","embeddable":true,"href":"https:\/\/dev6.erresse-shop.it\/es\/wp-json\/wp\/v2\/product_cat?post=1879526"},{"taxonomy":"product_tag","embeddable":true,"href":"https:\/\/dev6.erresse-shop.it\/es\/wp-json\/wp\/v2\/product_tag?post=1879526"}],"curies":[{"name":"wp","href":"https:\/\/api.w.org\/{rel}","templated":true}]}}