{"id":1879468,"date":"2026-04-12T09:39:33","date_gmt":"2026-04-12T07:39:33","guid":{"rendered":"https:\/\/dev6.erresse-shop.it\/shop\/sin%20categor\u00eda\/sambonet-bloom-espejo-de-acero-servicio-24-piezas-monobloc\/"},"modified":"2025-07-04T22:23:42","modified_gmt":"2025-07-04T20:23:42","slug":"sambonet-bloom-espejo-de-acero-servicio-24-piezas-monobloc","status":"publish","type":"product","link":"https:\/\/dev6.erresse-shop.it\/es\/shop\/tabla\/cubiertos\/sambonet-bloom-espejo-de-acero-servicio-24-piezas-monobloc\/","title":{"rendered":"SAMBONET Bloom Espejo de acero Servicio 24 Piezas Monobloc"},"content":{"rendered":"<p>Bloom<br \/>\nUna mesa que huele a primavera La nueva cuberter\u00eda Bloom aporta un deseo de sencillez y romanticismo a la puesta en escena. Su forma suave pero elegante a\u00f1ade un detalle de estilo que combina a la perfecci\u00f3n con cualquier servicio de mesa. Un servicio de mesa minimalista para una comida r\u00e1pida de diario, o un servicio de mesa sofisticado y chabby-chic para una velada de ensue\u00f1o. Con esta cuberter\u00eda Sambonet, la convivencia est\u00e1 lista\u2026 \u00a1para florecer!<\/p>\n<p>Cada cubierto es de acero inoxidable 18\/10, con un mango sencillo, sim\u00e9trico y robusto.<br \/>\nEstilo sencillo y formal, perfecto para la puesta en escena de ocasiones especiales o para dar un toque de ligereza a la mesa.<br \/>\nServicio completo para 6 personas. Incluye: 6 tenedores de mesa, 6 cucharas de mesa, 6 cuchillos de mesa y 6 cucharillas. Apto para lavavajillas.<\/p>\n<p>Ficha t\u00e9cnica<br \/>\nMarca: Sambonet<br \/>\nColecci\u00f3n: Bloom<br \/>\nMaterial: Acero inoxidable<br \/>\nN\u00famero de piezas del juego: 24<br \/>\nComposici\u00f3n del juego: 6 cucharas de mesa, 6 tenedores de mesa, 6 cuchillos de mesa, 6 cucharillas de t\u00e9<br \/>\nAdecuado para cu\u00e1ntas personas: 6<br \/>\nN\u00famero de art\u00edculo: 52668-81<br \/>\nA\u00f1o de introducci\u00f3n: 2023<br \/>\nApto para lavavajillas: Apto para lavavajillas<br \/>\nNotas t\u00e9cnicas: Cuchara de mesa 20,2 cm, Tenedor de mesa 20,2 cm, Cuchillo de mesa de una pieza 22,1 cm, Cuchara de t\u00e9 13,5 cm<\/p>\n<p>Informaci\u00f3n sobre cuidado y mantenimiento<br \/>\nANTES Y DESPU\u00c9S DE CADA USO: Lavar con detergentes adecuados evitando el cloro y los productos blanqueadores, aclarar y secar bien. A continuaci\u00f3n, gu\u00e1rdelos en un lugar seco. No utilizar esponjas o pa\u00f1os abrasivos. Eliminar inmediatamente los residuos de sal (NaCl), lim\u00f3n, vinagre, salsas a base de tomate, etc. Si se utiliza lavavajillas, aseg\u00farese de que el tratamiento incluye un secado y pulido perfectos y, si no, h\u00e1galo manualmente. Las hojas de los cuchillos son de acero inoxidable 420 martens\u00edtico endurecido, lo que garantiza la durabilidad del afilado, pero hace que el material sea m\u00e1s sensible a los ataques corrosivos. Es imprescindible que los cuchillos se limpien, laven y sequen correctamente inmediatamente despu\u00e9s de su uso.<\/p>\n","protected":false},"excerpt":{"rendered":"<p>Bloom Una mesa que huele a primavera La nueva cuberter\u00eda Bloom aporta un deseo de sencillez y romanticismo a la puesta en escena. Su forma suave pero elegante a\u00f1ade un detalle de estilo que combina a la perfecci\u00f3n con cualquier servicio de mesa. Un servicio de mesa minimalista para una comida r\u00e1pida de diario, o [&hellip;]<\/p>\n","protected":false},"featured_media":6362066,"template":"","meta":{"_acf_changed":false},"product_cat":[11888,11887,11671],"product_tag":[],"class_list":{"0":"post-1879468","1":"product","2":"type-product","3":"status-publish","4":"has-post-thumbnail","6":"product_cat-cubiertos","7":"product_cat-tabla","8":"product_cat-tavola","10":"first","11":"instock","12":"taxable","13":"shipping-taxable","14":"product-type-simple","swatches":"rey-swatches","show_selected":"","stretch_labels":"rey-swatches--stretch-labels"},"acf":[],"yoast_head":"<!-- This site is optimized with the Yoast SEO plugin v25.4 - https:\/\/yoast.com\/wordpress\/plugins\/seo\/ -->\n<title>SAMBONET Bloom Espejo de acero Servicio 24 Piezas Monobloc - dev6 Erresse<\/title>\n<meta name=\"description\" content=\"Bloom Una mesa que huele a primavera La nueva cuberter\u00eda Bloom aporta un deseo de sencillez y romanticismo a la puesta en escena. Su forma suave pero\" \/>\n<meta name=\"robots\" content=\"noindex, follow, max-snippet:-1, max-image-preview:large, max-video-preview:-1\" \/>\n<meta property=\"og:locale\" content=\"es_ES\" \/>\n<meta property=\"og:type\" content=\"article\" \/>\n<meta property=\"og:title\" content=\"SAMBONET Bloom Espejo de acero Servicio 24 Piezas Monobloc - dev6 Erresse\" \/>\n<meta property=\"og:description\" content=\"Bloom Una mesa que huele a primavera La nueva cuberter\u00eda Bloom aporta un deseo de sencillez y romanticismo a la puesta en escena. Su forma suave pero\" \/>\n<meta property=\"og:url\" content=\"https:\/\/dev6.erresse-shop.it\/es\/shop\/tabla\/cubiertos\/sambonet-bloom-espejo-de-acero-servicio-24-piezas-monobloc\/\" \/>\n<meta property=\"og:site_name\" content=\"dev6 Erresse\" \/>\n<meta property=\"og:image\" content=\"https:\/\/interpim.erresse-shop.it\/img-catalogo\/sambonet\/sambonet-bloom-antique-servizio-24-pezzi-monoblocco.jpg\" \/><meta property=\"og:image\" content=\"https:\/\/interpim.erresse-shop.it\/img-catalogo\/sambonet\/sambonet-bloom-antique-servizio-24-pezzi-monoblocco.jpg\" \/>\n\t<meta property=\"og:image:width\" content=\"1024\" \/>\n\t<meta property=\"og:image:height\" content=\"1024\" \/>\n\t<meta property=\"og:image:type\" content=\"image\/jpeg\" \/>\n<meta name=\"twitter:card\" content=\"summary_large_image\" \/>\n<meta name=\"twitter:image\" content=\"https:\/\/interpim.erresse-shop.it\/img-catalogo\/sambonet\/sambonet-bloom-antique-servizio-24-pezzi-monoblocco.jpg\" \/>\n<script type=\"application\/ld+json\" class=\"yoast-schema-graph\">{\"@context\":\"https:\/\/schema.org\",\"@graph\":[{\"@type\":\"WebPage\",\"@id\":\"https:\/\/dev6.erresse-shop.it\/es\/shop\/tabla\/cubiertos\/sambonet-bloom-espejo-de-acero-servicio-24-piezas-monobloc\/\",\"url\":\"https:\/\/dev6.erresse-shop.it\/es\/shop\/tabla\/cubiertos\/sambonet-bloom-espejo-de-acero-servicio-24-piezas-monobloc\/\",\"name\":\"SAMBONET Bloom Espejo de acero Servicio 24 Piezas Monobloc - dev6 Erresse\",\"isPartOf\":{\"@id\":\"https:\/\/dev6.erresse-shop.it\/#website\"},\"primaryImageOfPage\":{\"@id\":\"https:\/\/dev6.erresse-shop.it\/es\/shop\/tabla\/cubiertos\/sambonet-bloom-espejo-de-acero-servicio-24-piezas-monobloc\/#primaryimage\"},\"image\":{\"@id\":\"https:\/\/dev6.erresse-shop.it\/es\/shop\/tabla\/cubiertos\/sambonet-bloom-espejo-de-acero-servicio-24-piezas-monobloc\/#primaryimage\"},\"thumbnailUrl\":\"https:\/\/i0.wp.com\/interpim.erresse-shop.it\/img-catalogo\/sambonet\/sambonet-bloom-antique-servizio-24-pezzi-monoblocco.jpg?ssl=1\",\"datePublished\":\"2026-04-12T07:39:33+00:00\",\"description\":\"Bloom Una mesa que huele a primavera La nueva cuberter\u00eda Bloom aporta un deseo de sencillez y romanticismo a la puesta en escena. Su forma suave pero\",\"breadcrumb\":{\"@id\":\"https:\/\/dev6.erresse-shop.it\/es\/shop\/tabla\/cubiertos\/sambonet-bloom-espejo-de-acero-servicio-24-piezas-monobloc\/#breadcrumb\"},\"inLanguage\":\"es\",\"potentialAction\":[{\"@type\":\"ReadAction\",\"target\":[\"https:\/\/dev6.erresse-shop.it\/es\/shop\/tabla\/cubiertos\/sambonet-bloom-espejo-de-acero-servicio-24-piezas-monobloc\/\"]}]},{\"@type\":\"ImageObject\",\"inLanguage\":\"es\",\"@id\":\"https:\/\/dev6.erresse-shop.it\/es\/shop\/tabla\/cubiertos\/sambonet-bloom-espejo-de-acero-servicio-24-piezas-monobloc\/#primaryimage\",\"url\":\"https:\/\/i0.wp.com\/interpim.erresse-shop.it\/img-catalogo\/sambonet\/sambonet-bloom-antique-servizio-24-pezzi-monoblocco.jpg?ssl=1\",\"contentUrl\":\"https:\/\/i0.wp.com\/interpim.erresse-shop.it\/img-catalogo\/sambonet\/sambonet-bloom-antique-servizio-24-pezzi-monoblocco.jpg?ssl=1\"},{\"@type\":\"BreadcrumbList\",\"@id\":\"https:\/\/dev6.erresse-shop.it\/es\/shop\/tabla\/cubiertos\/sambonet-bloom-espejo-de-acero-servicio-24-piezas-monobloc\/#breadcrumb\",\"itemListElement\":[{\"@type\":\"ListItem\",\"position\":1,\"name\":\"Home\",\"item\":\"https:\/\/dev6.erresse-shop.it\/\"},{\"@type\":\"ListItem\",\"position\":2,\"name\":\"Tienda\",\"item\":\"https:\/\/dev6.erresse-shop.it\/shop\/\"},{\"@type\":\"ListItem\",\"position\":3,\"name\":\"SAMBONET Bloom Espejo de acero Servicio 24 Piezas Monobloc\"}]},{\"@type\":\"WebSite\",\"@id\":\"https:\/\/dev6.erresse-shop.it\/#website\",\"url\":\"https:\/\/dev6.erresse-shop.it\/\",\"name\":\"Erresse Shop\",\"description\":\"\",\"publisher\":{\"@id\":\"https:\/\/dev6.erresse-shop.it\/#organization\"},\"potentialAction\":[{\"@type\":\"SearchAction\",\"target\":{\"@type\":\"EntryPoint\",\"urlTemplate\":\"https:\/\/dev6.erresse-shop.it\/?s={search_term_string}\"},\"query-input\":{\"@type\":\"PropertyValueSpecification\",\"valueRequired\":true,\"valueName\":\"search_term_string\"}}],\"inLanguage\":\"es\"},{\"@type\":\"Organization\",\"@id\":\"https:\/\/dev6.erresse-shop.it\/#organization\",\"name\":\"Erresse Shop\",\"url\":\"https:\/\/dev6.erresse-shop.it\/\",\"logo\":{\"@type\":\"ImageObject\",\"inLanguage\":\"es\",\"@id\":\"https:\/\/dev6.erresse-shop.it\/#\/schema\/logo\/image\/\",\"url\":\"https:\/\/dev6.erresse-shop.it\/wp-content\/uploads\/2025\/01\/LOGO-ERRESSE-CLASSICO.svg\",\"contentUrl\":\"https:\/\/dev6.erresse-shop.it\/wp-content\/uploads\/2025\/01\/LOGO-ERRESSE-CLASSICO.svg\",\"caption\":\"Erresse Shop\"},\"image\":{\"@id\":\"https:\/\/dev6.erresse-shop.it\/#\/schema\/logo\/image\/\"}}]}<\/script>\n<!-- \/ Yoast SEO plugin. -->","yoast_head_json":{"title":"SAMBONET Bloom Espejo de acero Servicio 24 Piezas Monobloc - dev6 Erresse","description":"Bloom Una mesa que huele a primavera La nueva cuberter\u00eda Bloom aporta un deseo de sencillez y romanticismo a la puesta en escena. Su forma suave pero","robots":{"index":"noindex","follow":"follow","max-snippet":"max-snippet:-1","max-image-preview":"max-image-preview:large","max-video-preview":"max-video-preview:-1"},"og_locale":"es_ES","og_type":"article","og_title":"SAMBONET Bloom Espejo de acero Servicio 24 Piezas Monobloc - dev6 Erresse","og_description":"Bloom Una mesa que huele a primavera La nueva cuberter\u00eda Bloom aporta un deseo de sencillez y romanticismo a la puesta en escena. Su forma suave pero","og_url":"https:\/\/dev6.erresse-shop.it\/es\/shop\/tabla\/cubiertos\/sambonet-bloom-espejo-de-acero-servicio-24-piezas-monobloc\/","og_site_name":"dev6 Erresse","og_image":[{"url":"https:\/\/interpim.erresse-shop.it\/img-catalogo\/sambonet\/sambonet-bloom-antique-servizio-24-pezzi-monoblocco.jpg","type":"","width":"","height":""},{"url":"https:\/\/interpim.erresse-shop.it\/img-catalogo\/sambonet\/sambonet-bloom-antique-servizio-24-pezzi-monoblocco.jpg","width":1024,"height":1024,"type":"image\/jpeg"}],"twitter_card":"summary_large_image","twitter_image":"https:\/\/interpim.erresse-shop.it\/img-catalogo\/sambonet\/sambonet-bloom-antique-servizio-24-pezzi-monoblocco.jpg","schema":{"@context":"https:\/\/schema.org","@graph":[{"@type":"WebPage","@id":"https:\/\/dev6.erresse-shop.it\/es\/shop\/tabla\/cubiertos\/sambonet-bloom-espejo-de-acero-servicio-24-piezas-monobloc\/","url":"https:\/\/dev6.erresse-shop.it\/es\/shop\/tabla\/cubiertos\/sambonet-bloom-espejo-de-acero-servicio-24-piezas-monobloc\/","name":"SAMBONET Bloom Espejo de acero Servicio 24 Piezas Monobloc - dev6 Erresse","isPartOf":{"@id":"https:\/\/dev6.erresse-shop.it\/#website"},"primaryImageOfPage":{"@id":"https:\/\/dev6.erresse-shop.it\/es\/shop\/tabla\/cubiertos\/sambonet-bloom-espejo-de-acero-servicio-24-piezas-monobloc\/#primaryimage"},"image":{"@id":"https:\/\/dev6.erresse-shop.it\/es\/shop\/tabla\/cubiertos\/sambonet-bloom-espejo-de-acero-servicio-24-piezas-monobloc\/#primaryimage"},"thumbnailUrl":"https:\/\/i0.wp.com\/interpim.erresse-shop.it\/img-catalogo\/sambonet\/sambonet-bloom-antique-servizio-24-pezzi-monoblocco.jpg?ssl=1","datePublished":"2026-04-12T07:39:33+00:00","description":"Bloom Una mesa que huele a primavera La nueva cuberter\u00eda Bloom aporta un deseo de sencillez y romanticismo a la puesta en escena. Su forma suave pero","breadcrumb":{"@id":"https:\/\/dev6.erresse-shop.it\/es\/shop\/tabla\/cubiertos\/sambonet-bloom-espejo-de-acero-servicio-24-piezas-monobloc\/#breadcrumb"},"inLanguage":"es","potentialAction":[{"@type":"ReadAction","target":["https:\/\/dev6.erresse-shop.it\/es\/shop\/tabla\/cubiertos\/sambonet-bloom-espejo-de-acero-servicio-24-piezas-monobloc\/"]}]},{"@type":"ImageObject","inLanguage":"es","@id":"https:\/\/dev6.erresse-shop.it\/es\/shop\/tabla\/cubiertos\/sambonet-bloom-espejo-de-acero-servicio-24-piezas-monobloc\/#primaryimage","url":"https:\/\/i0.wp.com\/interpim.erresse-shop.it\/img-catalogo\/sambonet\/sambonet-bloom-antique-servizio-24-pezzi-monoblocco.jpg?ssl=1","contentUrl":"https:\/\/i0.wp.com\/interpim.erresse-shop.it\/img-catalogo\/sambonet\/sambonet-bloom-antique-servizio-24-pezzi-monoblocco.jpg?ssl=1"},{"@type":"BreadcrumbList","@id":"https:\/\/dev6.erresse-shop.it\/es\/shop\/tabla\/cubiertos\/sambonet-bloom-espejo-de-acero-servicio-24-piezas-monobloc\/#breadcrumb","itemListElement":[{"@type":"ListItem","position":1,"name":"Home","item":"https:\/\/dev6.erresse-shop.it\/"},{"@type":"ListItem","position":2,"name":"Tienda","item":"https:\/\/dev6.erresse-shop.it\/shop\/"},{"@type":"ListItem","position":3,"name":"SAMBONET Bloom Espejo de acero Servicio 24 Piezas Monobloc"}]},{"@type":"WebSite","@id":"https:\/\/dev6.erresse-shop.it\/#website","url":"https:\/\/dev6.erresse-shop.it\/","name":"Erresse Shop","description":"","publisher":{"@id":"https:\/\/dev6.erresse-shop.it\/#organization"},"potentialAction":[{"@type":"SearchAction","target":{"@type":"EntryPoint","urlTemplate":"https:\/\/dev6.erresse-shop.it\/?s={search_term_string}"},"query-input":{"@type":"PropertyValueSpecification","valueRequired":true,"valueName":"search_term_string"}}],"inLanguage":"es"},{"@type":"Organization","@id":"https:\/\/dev6.erresse-shop.it\/#organization","name":"Erresse Shop","url":"https:\/\/dev6.erresse-shop.it\/","logo":{"@type":"ImageObject","inLanguage":"es","@id":"https:\/\/dev6.erresse-shop.it\/#\/schema\/logo\/image\/","url":"https:\/\/dev6.erresse-shop.it\/wp-content\/uploads\/2025\/01\/LOGO-ERRESSE-CLASSICO.svg","contentUrl":"https:\/\/dev6.erresse-shop.it\/wp-content\/uploads\/2025\/01\/LOGO-ERRESSE-CLASSICO.svg","caption":"Erresse Shop"},"image":{"@id":"https:\/\/dev6.erresse-shop.it\/#\/schema\/logo\/image\/"}}]}},"df_price":"","df_sale_price":"","df_regular_price":"","df_image_link":"https:\/\/i0.wp.com\/interpim.erresse-shop.it\/img-catalogo\/sambonet\/sambonet-bloom-antique-servizio-24-pezzi-monoblocco.jpg?resize=300,300&ssl=1","fifu_image_url":"https:\/\/interpim.erresse-shop.it\/img-catalogo\/sambonet\/sambonet-bloom-antique-servizio-24-pezzi-monoblocco.jpg","_links":{"self":[{"href":"https:\/\/dev6.erresse-shop.it\/es\/wp-json\/wp\/v2\/product\/1879468","targetHints":{"allow":["GET"]}}],"collection":[{"href":"https:\/\/dev6.erresse-shop.it\/es\/wp-json\/wp\/v2\/product"}],"about":[{"href":"https:\/\/dev6.erresse-shop.it\/es\/wp-json\/wp\/v2\/types\/product"}],"wp:featuredmedia":[{"embeddable":true,"href":"https:\/\/dev6.erresse-shop.it\/es\/wp-json\/wp\/v2\/media\/6362066"}],"wp:attachment":[{"href":"https:\/\/dev6.erresse-shop.it\/es\/wp-json\/wp\/v2\/media?parent=1879468"}],"wp:term":[{"taxonomy":"product_cat","embeddable":true,"href":"https:\/\/dev6.erresse-shop.it\/es\/wp-json\/wp\/v2\/product_cat?post=1879468"},{"taxonomy":"product_tag","embeddable":true,"href":"https:\/\/dev6.erresse-shop.it\/es\/wp-json\/wp\/v2\/product_tag?post=1879468"}],"curies":[{"name":"wp","href":"https:\/\/api.w.org\/{rel}","templated":true}]}}