{"id":1879394,"date":"2026-04-12T09:36:36","date_gmt":"2026-04-12T07:36:36","guid":{"rendered":"https:\/\/dev6.erresse-shop.it\/shop\/sin%20categor\u00eda\/seletti-lampara-led-de-porcelana-mi-pequena-luna\/"},"modified":"2025-09-14T08:22:33","modified_gmt":"2025-09-14T06:22:33","slug":"seletti-lampara-led-de-porcelana-mi-pequena-luna","status":"publish","type":"product","link":"https:\/\/dev6.erresse-shop.it\/es\/shop\/mobiliario\/lamparas\/seletti-lampara-led-de-porcelana-mi-pequena-luna\/","title":{"rendered":"SELETTI L\u00e1mpara Led de Porcelana Mi peque\u00f1a Luna"},"content":{"rendered":"<p>Dise\u00f1ador: Marcantonio<br \/>\nMaterial: Porcelana<br \/>\nMedidas: 36.9x10x33<\/p>\n<p>Entrada AC 12 Volt<br \/>\nLed 2700 K<br \/>\nRegulable<\/p>\n","protected":false},"excerpt":{"rendered":"<p>Dise\u00f1ador: Marcantonio Material: Porcelana Medidas: 36.9x10x33 Entrada AC 12 Volt Led 2700 K Regulable<\/p>\n","protected":false},"featured_media":6361831,"template":"","meta":{"_acf_changed":false},"product_cat":[11666,11911,11882],"product_tag":[],"class_list":{"0":"post-1879394","1":"product","2":"type-product","3":"status-publish","4":"has-post-thumbnail","6":"product_cat-arredamento-casa","7":"product_cat-lamparas","8":"product_cat-mobiliario","10":"first","11":"outofstock","12":"sale","13":"taxable","14":"shipping-taxable","15":"purchasable","16":"product-type-simple","swatches":"rey-swatches","show_selected":"","stretch_labels":"rey-swatches--stretch-labels"},"acf":[],"yoast_head":"<!-- This site is optimized with the Yoast SEO plugin v25.4 - https:\/\/yoast.com\/wordpress\/plugins\/seo\/ -->\n<title>SELETTI L\u00e1mpara Led de Porcelana Mi peque\u00f1a Luna - dev6 Erresse<\/title>\n<meta name=\"description\" content=\"Dise\u00f1ador: Marcantonio Material: Porcelana Medidas: 36.9x10x33 Entrada AC 12 Volt Led 2700 K Regulable\" \/>\n<meta name=\"robots\" content=\"noindex, follow, max-snippet:-1, max-image-preview:large, max-video-preview:-1\" \/>\n<meta property=\"og:locale\" content=\"es_ES\" \/>\n<meta property=\"og:type\" content=\"article\" \/>\n<meta property=\"og:title\" content=\"SELETTI L\u00e1mpara Led de Porcelana Mi peque\u00f1a Luna - dev6 Erresse\" \/>\n<meta property=\"og:description\" content=\"Dise\u00f1ador: Marcantonio Material: Porcelana Medidas: 36.9x10x33 Entrada AC 12 Volt Led 2700 K Regulable\" \/>\n<meta property=\"og:url\" content=\"https:\/\/dev6.erresse-shop.it\/es\/shop\/mobiliario\/lamparas\/seletti-lampara-led-de-porcelana-mi-pequena-luna\/\" \/>\n<meta property=\"og:site_name\" content=\"dev6 Erresse\" \/>\n<meta property=\"og:image\" content=\"https:\/\/interpim.erresse-shop.it\/img-catalogo\/seletti\/seletti-lampada-led-in-porcellana-my-tiny-moon.jpg\" \/><meta property=\"og:image\" content=\"https:\/\/interpim.erresse-shop.it\/img-catalogo\/seletti\/seletti-lampada-led-in-porcellana-my-tiny-moon.jpg\" \/>\n\t<meta property=\"og:image:width\" content=\"1024\" \/>\n\t<meta property=\"og:image:height\" content=\"1024\" \/>\n\t<meta property=\"og:image:type\" content=\"image\/jpeg\" \/>\n<meta name=\"twitter:card\" content=\"summary_large_image\" \/>\n<meta name=\"twitter:image\" content=\"https:\/\/interpim.erresse-shop.it\/img-catalogo\/seletti\/seletti-lampada-led-in-porcellana-my-tiny-moon.jpg\" \/>\n<script type=\"application\/ld+json\" class=\"yoast-schema-graph\">{\"@context\":\"https:\/\/schema.org\",\"@graph\":[{\"@type\":\"WebPage\",\"@id\":\"https:\/\/dev6.erresse-shop.it\/es\/shop\/mobiliario\/lamparas\/seletti-lampara-led-de-porcelana-mi-pequena-luna\/\",\"url\":\"https:\/\/dev6.erresse-shop.it\/es\/shop\/mobiliario\/lamparas\/seletti-lampara-led-de-porcelana-mi-pequena-luna\/\",\"name\":\"SELETTI L\u00e1mpara Led de Porcelana Mi peque\u00f1a Luna - dev6 Erresse\",\"isPartOf\":{\"@id\":\"https:\/\/dev6.erresse-shop.it\/#website\"},\"primaryImageOfPage\":{\"@id\":\"https:\/\/dev6.erresse-shop.it\/es\/shop\/mobiliario\/lamparas\/seletti-lampara-led-de-porcelana-mi-pequena-luna\/#primaryimage\"},\"image\":{\"@id\":\"https:\/\/dev6.erresse-shop.it\/es\/shop\/mobiliario\/lamparas\/seletti-lampara-led-de-porcelana-mi-pequena-luna\/#primaryimage\"},\"thumbnailUrl\":\"https:\/\/i0.wp.com\/interpim.erresse-shop.it\/img-catalogo\/seletti\/seletti-lampada-led-in-porcellana-my-tiny-moon.jpg?ssl=1\",\"datePublished\":\"2026-04-12T07:36:36+00:00\",\"description\":\"Dise\u00f1ador: Marcantonio Material: Porcelana Medidas: 36.9x10x33 Entrada AC 12 Volt Led 2700 K Regulable\",\"breadcrumb\":{\"@id\":\"https:\/\/dev6.erresse-shop.it\/es\/shop\/mobiliario\/lamparas\/seletti-lampara-led-de-porcelana-mi-pequena-luna\/#breadcrumb\"},\"inLanguage\":\"es\",\"potentialAction\":[{\"@type\":\"ReadAction\",\"target\":[\"https:\/\/dev6.erresse-shop.it\/es\/shop\/mobiliario\/lamparas\/seletti-lampara-led-de-porcelana-mi-pequena-luna\/\"]}]},{\"@type\":\"ImageObject\",\"inLanguage\":\"es\",\"@id\":\"https:\/\/dev6.erresse-shop.it\/es\/shop\/mobiliario\/lamparas\/seletti-lampara-led-de-porcelana-mi-pequena-luna\/#primaryimage\",\"url\":\"https:\/\/i0.wp.com\/interpim.erresse-shop.it\/img-catalogo\/seletti\/seletti-lampada-led-in-porcellana-my-tiny-moon.jpg?ssl=1\",\"contentUrl\":\"https:\/\/i0.wp.com\/interpim.erresse-shop.it\/img-catalogo\/seletti\/seletti-lampada-led-in-porcellana-my-tiny-moon.jpg?ssl=1\"},{\"@type\":\"BreadcrumbList\",\"@id\":\"https:\/\/dev6.erresse-shop.it\/es\/shop\/mobiliario\/lamparas\/seletti-lampara-led-de-porcelana-mi-pequena-luna\/#breadcrumb\",\"itemListElement\":[{\"@type\":\"ListItem\",\"position\":1,\"name\":\"Home\",\"item\":\"https:\/\/dev6.erresse-shop.it\/\"},{\"@type\":\"ListItem\",\"position\":2,\"name\":\"Tienda\",\"item\":\"https:\/\/dev6.erresse-shop.it\/shop\/\"},{\"@type\":\"ListItem\",\"position\":3,\"name\":\"SELETTI L\u00e1mpara Led de Porcelana Mi peque\u00f1a Luna\"}]},{\"@type\":\"WebSite\",\"@id\":\"https:\/\/dev6.erresse-shop.it\/#website\",\"url\":\"https:\/\/dev6.erresse-shop.it\/\",\"name\":\"Erresse Shop\",\"description\":\"\",\"publisher\":{\"@id\":\"https:\/\/dev6.erresse-shop.it\/#organization\"},\"potentialAction\":[{\"@type\":\"SearchAction\",\"target\":{\"@type\":\"EntryPoint\",\"urlTemplate\":\"https:\/\/dev6.erresse-shop.it\/?s={search_term_string}\"},\"query-input\":{\"@type\":\"PropertyValueSpecification\",\"valueRequired\":true,\"valueName\":\"search_term_string\"}}],\"inLanguage\":\"es\"},{\"@type\":\"Organization\",\"@id\":\"https:\/\/dev6.erresse-shop.it\/#organization\",\"name\":\"Erresse Shop\",\"url\":\"https:\/\/dev6.erresse-shop.it\/\",\"logo\":{\"@type\":\"ImageObject\",\"inLanguage\":\"es\",\"@id\":\"https:\/\/dev6.erresse-shop.it\/#\/schema\/logo\/image\/\",\"url\":\"https:\/\/dev6.erresse-shop.it\/wp-content\/uploads\/2025\/01\/LOGO-ERRESSE-CLASSICO.svg\",\"contentUrl\":\"https:\/\/dev6.erresse-shop.it\/wp-content\/uploads\/2025\/01\/LOGO-ERRESSE-CLASSICO.svg\",\"caption\":\"Erresse Shop\"},\"image\":{\"@id\":\"https:\/\/dev6.erresse-shop.it\/#\/schema\/logo\/image\/\"}}]}<\/script>\n<!-- \/ Yoast SEO plugin. -->","yoast_head_json":{"title":"SELETTI L\u00e1mpara Led de Porcelana Mi peque\u00f1a Luna - dev6 Erresse","description":"Dise\u00f1ador: Marcantonio Material: Porcelana Medidas: 36.9x10x33 Entrada AC 12 Volt Led 2700 K Regulable","robots":{"index":"noindex","follow":"follow","max-snippet":"max-snippet:-1","max-image-preview":"max-image-preview:large","max-video-preview":"max-video-preview:-1"},"og_locale":"es_ES","og_type":"article","og_title":"SELETTI L\u00e1mpara Led de Porcelana Mi peque\u00f1a Luna - dev6 Erresse","og_description":"Dise\u00f1ador: Marcantonio Material: Porcelana Medidas: 36.9x10x33 Entrada AC 12 Volt Led 2700 K Regulable","og_url":"https:\/\/dev6.erresse-shop.it\/es\/shop\/mobiliario\/lamparas\/seletti-lampara-led-de-porcelana-mi-pequena-luna\/","og_site_name":"dev6 Erresse","og_image":[{"url":"https:\/\/interpim.erresse-shop.it\/img-catalogo\/seletti\/seletti-lampada-led-in-porcellana-my-tiny-moon.jpg","type":"","width":"","height":""},{"url":"https:\/\/interpim.erresse-shop.it\/img-catalogo\/seletti\/seletti-lampada-led-in-porcellana-my-tiny-moon.jpg","width":1024,"height":1024,"type":"image\/jpeg"}],"twitter_card":"summary_large_image","twitter_image":"https:\/\/interpim.erresse-shop.it\/img-catalogo\/seletti\/seletti-lampada-led-in-porcellana-my-tiny-moon.jpg","schema":{"@context":"https:\/\/schema.org","@graph":[{"@type":"WebPage","@id":"https:\/\/dev6.erresse-shop.it\/es\/shop\/mobiliario\/lamparas\/seletti-lampara-led-de-porcelana-mi-pequena-luna\/","url":"https:\/\/dev6.erresse-shop.it\/es\/shop\/mobiliario\/lamparas\/seletti-lampara-led-de-porcelana-mi-pequena-luna\/","name":"SELETTI L\u00e1mpara Led de Porcelana Mi peque\u00f1a Luna - dev6 Erresse","isPartOf":{"@id":"https:\/\/dev6.erresse-shop.it\/#website"},"primaryImageOfPage":{"@id":"https:\/\/dev6.erresse-shop.it\/es\/shop\/mobiliario\/lamparas\/seletti-lampara-led-de-porcelana-mi-pequena-luna\/#primaryimage"},"image":{"@id":"https:\/\/dev6.erresse-shop.it\/es\/shop\/mobiliario\/lamparas\/seletti-lampara-led-de-porcelana-mi-pequena-luna\/#primaryimage"},"thumbnailUrl":"https:\/\/i0.wp.com\/interpim.erresse-shop.it\/img-catalogo\/seletti\/seletti-lampada-led-in-porcellana-my-tiny-moon.jpg?ssl=1","datePublished":"2026-04-12T07:36:36+00:00","description":"Dise\u00f1ador: Marcantonio Material: Porcelana Medidas: 36.9x10x33 Entrada AC 12 Volt Led 2700 K Regulable","breadcrumb":{"@id":"https:\/\/dev6.erresse-shop.it\/es\/shop\/mobiliario\/lamparas\/seletti-lampara-led-de-porcelana-mi-pequena-luna\/#breadcrumb"},"inLanguage":"es","potentialAction":[{"@type":"ReadAction","target":["https:\/\/dev6.erresse-shop.it\/es\/shop\/mobiliario\/lamparas\/seletti-lampara-led-de-porcelana-mi-pequena-luna\/"]}]},{"@type":"ImageObject","inLanguage":"es","@id":"https:\/\/dev6.erresse-shop.it\/es\/shop\/mobiliario\/lamparas\/seletti-lampara-led-de-porcelana-mi-pequena-luna\/#primaryimage","url":"https:\/\/i0.wp.com\/interpim.erresse-shop.it\/img-catalogo\/seletti\/seletti-lampada-led-in-porcellana-my-tiny-moon.jpg?ssl=1","contentUrl":"https:\/\/i0.wp.com\/interpim.erresse-shop.it\/img-catalogo\/seletti\/seletti-lampada-led-in-porcellana-my-tiny-moon.jpg?ssl=1"},{"@type":"BreadcrumbList","@id":"https:\/\/dev6.erresse-shop.it\/es\/shop\/mobiliario\/lamparas\/seletti-lampara-led-de-porcelana-mi-pequena-luna\/#breadcrumb","itemListElement":[{"@type":"ListItem","position":1,"name":"Home","item":"https:\/\/dev6.erresse-shop.it\/"},{"@type":"ListItem","position":2,"name":"Tienda","item":"https:\/\/dev6.erresse-shop.it\/shop\/"},{"@type":"ListItem","position":3,"name":"SELETTI L\u00e1mpara Led de Porcelana Mi peque\u00f1a Luna"}]},{"@type":"WebSite","@id":"https:\/\/dev6.erresse-shop.it\/#website","url":"https:\/\/dev6.erresse-shop.it\/","name":"Erresse Shop","description":"","publisher":{"@id":"https:\/\/dev6.erresse-shop.it\/#organization"},"potentialAction":[{"@type":"SearchAction","target":{"@type":"EntryPoint","urlTemplate":"https:\/\/dev6.erresse-shop.it\/?s={search_term_string}"},"query-input":{"@type":"PropertyValueSpecification","valueRequired":true,"valueName":"search_term_string"}}],"inLanguage":"es"},{"@type":"Organization","@id":"https:\/\/dev6.erresse-shop.it\/#organization","name":"Erresse Shop","url":"https:\/\/dev6.erresse-shop.it\/","logo":{"@type":"ImageObject","inLanguage":"es","@id":"https:\/\/dev6.erresse-shop.it\/#\/schema\/logo\/image\/","url":"https:\/\/dev6.erresse-shop.it\/wp-content\/uploads\/2025\/01\/LOGO-ERRESSE-CLASSICO.svg","contentUrl":"https:\/\/dev6.erresse-shop.it\/wp-content\/uploads\/2025\/01\/LOGO-ERRESSE-CLASSICO.svg","caption":"Erresse Shop"},"image":{"@id":"https:\/\/dev6.erresse-shop.it\/#\/schema\/logo\/image\/"}}]}},"df_price":189,"df_sale_price":189,"df_regular_price":220,"df_image_link":"https:\/\/i0.wp.com\/interpim.erresse-shop.it\/img-catalogo\/seletti\/seletti-lampada-led-in-porcellana-my-tiny-moon.jpg?resize=300,300&ssl=1","fifu_image_url":"https:\/\/interpim.erresse-shop.it\/img-catalogo\/seletti\/seletti-lampada-led-in-porcellana-my-tiny-moon.jpg","_links":{"self":[{"href":"https:\/\/dev6.erresse-shop.it\/es\/wp-json\/wp\/v2\/product\/1879394","targetHints":{"allow":["GET"]}}],"collection":[{"href":"https:\/\/dev6.erresse-shop.it\/es\/wp-json\/wp\/v2\/product"}],"about":[{"href":"https:\/\/dev6.erresse-shop.it\/es\/wp-json\/wp\/v2\/types\/product"}],"wp:featuredmedia":[{"embeddable":true,"href":"https:\/\/dev6.erresse-shop.it\/es\/wp-json\/wp\/v2\/media\/6361831"}],"wp:attachment":[{"href":"https:\/\/dev6.erresse-shop.it\/es\/wp-json\/wp\/v2\/media?parent=1879394"}],"wp:term":[{"taxonomy":"product_cat","embeddable":true,"href":"https:\/\/dev6.erresse-shop.it\/es\/wp-json\/wp\/v2\/product_cat?post=1879394"},{"taxonomy":"product_tag","embeddable":true,"href":"https:\/\/dev6.erresse-shop.it\/es\/wp-json\/wp\/v2\/product_tag?post=1879394"}],"curies":[{"name":"wp","href":"https:\/\/api.w.org\/{rel}","templated":true}]}}