{"id":1879364,"date":"2026-04-12T09:35:04","date_gmt":"2026-04-12T07:35:04","guid":{"rendered":"https:\/\/dev6.erresse-shop.it\/shop\/sin%20categor\u00eda\/riedel-o-set-6-vasos-nuevo-mundo-pinot-noir\/"},"modified":"2025-09-14T08:21:50","modified_gmt":"2025-09-14T06:21:50","slug":"riedel-o-set-6-vasos-nuevo-mundo-pinot-noir","status":"publish","type":"product","link":"https:\/\/dev6.erresse-shop.it\/es\/shop\/tabla\/vasos\/riedel-o-set-6-vasos-nuevo-mundo-pinot-noir\/","title":{"rendered":"RIEDEL &#8220;O&#8221; Set 6 Vasos Nuevo Mundo Pinot Noir"},"content":{"rendered":"<p>La copa Nuevo Mundo Pinot Noir es perfecta para equilibrar la fragilidad y el car\u00e1cter de fruta fresca de los vinos del Nuevo Mundo, de cuerpo ligero.<br \/>\nFruto de la colaboraci\u00f3n con renombrados productores de Oreg\u00f3n, esta copa en forma de tulip\u00e1n con el borde ligeramente ensanchado realza la irresistible dulzura del vino, equilibra idealmente su acidez y modera el toque de alcohol, d\u00e1ndole una imagen perfecta.<\/p>\n<p>El vaso RIEDEL O, dise\u00f1ado en 2004, fue el primer vaso espec\u00edfico para vino de la historia. O es una reinterpretaci\u00f3n innovadora de la copa de vino informal, creada a partir de las formas distintivas de la serie Vinum de RIEDEL. Adem\u00e1s, el vaso O es apto para el lavavajillas: los ped\u00fanculos rotos son ya s\u00f3lo un recuerdo lejano.<\/p>\n<p>Fabricado a m\u00e1quina y apto para lavavajillas.<br \/>\nEl paquete contiene 6 piezas.<\/p>\n<p>Volumen: 760,0 cm<br \/>\nAltura: 124,0 mm<\/p>\n","protected":false},"excerpt":{"rendered":"<p>La copa Nuevo Mundo Pinot Noir es perfecta para equilibrar la fragilidad y el car\u00e1cter de fruta fresca de los vinos del Nuevo Mundo, de cuerpo ligero. Fruto de la colaboraci\u00f3n con renombrados productores de Oreg\u00f3n, esta copa en forma de tulip\u00e1n con el borde ligeramente ensanchado realza la irresistible dulzura del vino, equilibra idealmente [&hellip;]<\/p>\n","protected":false},"featured_media":6361744,"template":"","meta":{"_acf_changed":false},"product_cat":[11887,11671,11901],"product_tag":[],"class_list":{"0":"post-1879364","1":"product","2":"type-product","3":"status-publish","4":"has-post-thumbnail","6":"product_cat-tabla","7":"product_cat-tavola","8":"product_cat-vasos","10":"first","11":"outofstock","12":"sale","13":"taxable","14":"shipping-taxable","15":"purchasable","16":"product-type-simple","swatches":"rey-swatches","show_selected":"","stretch_labels":"rey-swatches--stretch-labels"},"acf":[],"yoast_head":"<!-- This site is optimized with the Yoast SEO plugin v25.4 - https:\/\/yoast.com\/wordpress\/plugins\/seo\/ -->\n<title>RIEDEL &#8220;O&#8221; Set 6 Vasos Nuevo Mundo Pinot Noir - dev6 Erresse<\/title>\n<meta name=\"description\" content=\"La copa Nuevo Mundo Pinot Noir es perfecta para equilibrar la fragilidad y el car\u00e1cter de fruta fresca de los vinos del Nuevo Mundo, de cuerpo ligero.\" \/>\n<meta name=\"robots\" content=\"noindex, follow, max-snippet:-1, max-image-preview:large, max-video-preview:-1\" \/>\n<meta property=\"og:locale\" content=\"es_ES\" \/>\n<meta property=\"og:type\" content=\"article\" \/>\n<meta property=\"og:title\" content=\"RIEDEL &#8220;O&#8221; Set 6 Vasos Nuevo Mundo Pinot Noir - dev6 Erresse\" \/>\n<meta property=\"og:description\" content=\"La copa Nuevo Mundo Pinot Noir es perfecta para equilibrar la fragilidad y el car\u00e1cter de fruta fresca de los vinos del Nuevo Mundo, de cuerpo ligero.\" \/>\n<meta property=\"og:url\" content=\"https:\/\/dev6.erresse-shop.it\/es\/shop\/tabla\/vasos\/riedel-o-set-6-vasos-nuevo-mundo-pinot-noir\/\" \/>\n<meta property=\"og:site_name\" content=\"dev6 Erresse\" \/>\n<meta property=\"og:image\" content=\"https:\/\/interpim.erresse-shop.it\/img-catalogo\/riedel\/riedel-o-set-6-bicchieri-nuovo-mondo-pinot-nero.jpg\" \/><meta property=\"og:image\" content=\"https:\/\/interpim.erresse-shop.it\/img-catalogo\/riedel\/riedel-o-set-6-bicchieri-nuovo-mondo-pinot-nero.jpg\" \/>\n\t<meta property=\"og:image:width\" content=\"1024\" \/>\n\t<meta property=\"og:image:height\" content=\"1024\" \/>\n\t<meta property=\"og:image:type\" content=\"image\/jpeg\" \/>\n<meta name=\"twitter:card\" content=\"summary_large_image\" \/>\n<meta name=\"twitter:image\" content=\"https:\/\/interpim.erresse-shop.it\/img-catalogo\/riedel\/riedel-o-set-6-bicchieri-nuovo-mondo-pinot-nero.jpg\" \/>\n<script type=\"application\/ld+json\" class=\"yoast-schema-graph\">{\"@context\":\"https:\/\/schema.org\",\"@graph\":[{\"@type\":\"WebPage\",\"@id\":\"https:\/\/dev6.erresse-shop.it\/es\/shop\/tabla\/vasos\/riedel-o-set-6-vasos-nuevo-mundo-pinot-noir\/\",\"url\":\"https:\/\/dev6.erresse-shop.it\/es\/shop\/tabla\/vasos\/riedel-o-set-6-vasos-nuevo-mundo-pinot-noir\/\",\"name\":\"RIEDEL &#8220;O&#8221; Set 6 Vasos Nuevo Mundo Pinot Noir - dev6 Erresse\",\"isPartOf\":{\"@id\":\"https:\/\/dev6.erresse-shop.it\/#website\"},\"primaryImageOfPage\":{\"@id\":\"https:\/\/dev6.erresse-shop.it\/es\/shop\/tabla\/vasos\/riedel-o-set-6-vasos-nuevo-mundo-pinot-noir\/#primaryimage\"},\"image\":{\"@id\":\"https:\/\/dev6.erresse-shop.it\/es\/shop\/tabla\/vasos\/riedel-o-set-6-vasos-nuevo-mundo-pinot-noir\/#primaryimage\"},\"thumbnailUrl\":\"https:\/\/i0.wp.com\/interpim.erresse-shop.it\/img-catalogo\/riedel\/riedel-o-set-6-bicchieri-nuovo-mondo-pinot-nero.jpg?ssl=1\",\"datePublished\":\"2026-04-12T07:35:04+00:00\",\"description\":\"La copa Nuevo Mundo Pinot Noir es perfecta para equilibrar la fragilidad y el car\u00e1cter de fruta fresca de los vinos del Nuevo Mundo, de cuerpo ligero.\",\"breadcrumb\":{\"@id\":\"https:\/\/dev6.erresse-shop.it\/es\/shop\/tabla\/vasos\/riedel-o-set-6-vasos-nuevo-mundo-pinot-noir\/#breadcrumb\"},\"inLanguage\":\"es\",\"potentialAction\":[{\"@type\":\"ReadAction\",\"target\":[\"https:\/\/dev6.erresse-shop.it\/es\/shop\/tabla\/vasos\/riedel-o-set-6-vasos-nuevo-mundo-pinot-noir\/\"]}]},{\"@type\":\"ImageObject\",\"inLanguage\":\"es\",\"@id\":\"https:\/\/dev6.erresse-shop.it\/es\/shop\/tabla\/vasos\/riedel-o-set-6-vasos-nuevo-mundo-pinot-noir\/#primaryimage\",\"url\":\"https:\/\/i0.wp.com\/interpim.erresse-shop.it\/img-catalogo\/riedel\/riedel-o-set-6-bicchieri-nuovo-mondo-pinot-nero.jpg?ssl=1\",\"contentUrl\":\"https:\/\/i0.wp.com\/interpim.erresse-shop.it\/img-catalogo\/riedel\/riedel-o-set-6-bicchieri-nuovo-mondo-pinot-nero.jpg?ssl=1\"},{\"@type\":\"BreadcrumbList\",\"@id\":\"https:\/\/dev6.erresse-shop.it\/es\/shop\/tabla\/vasos\/riedel-o-set-6-vasos-nuevo-mundo-pinot-noir\/#breadcrumb\",\"itemListElement\":[{\"@type\":\"ListItem\",\"position\":1,\"name\":\"Home\",\"item\":\"https:\/\/dev6.erresse-shop.it\/\"},{\"@type\":\"ListItem\",\"position\":2,\"name\":\"Tienda\",\"item\":\"https:\/\/dev6.erresse-shop.it\/shop\/\"},{\"@type\":\"ListItem\",\"position\":3,\"name\":\"RIEDEL &#8220;O&#8221; Set 6 Vasos Nuevo Mundo Pinot Noir\"}]},{\"@type\":\"WebSite\",\"@id\":\"https:\/\/dev6.erresse-shop.it\/#website\",\"url\":\"https:\/\/dev6.erresse-shop.it\/\",\"name\":\"Erresse Shop\",\"description\":\"\",\"publisher\":{\"@id\":\"https:\/\/dev6.erresse-shop.it\/#organization\"},\"potentialAction\":[{\"@type\":\"SearchAction\",\"target\":{\"@type\":\"EntryPoint\",\"urlTemplate\":\"https:\/\/dev6.erresse-shop.it\/?s={search_term_string}\"},\"query-input\":{\"@type\":\"PropertyValueSpecification\",\"valueRequired\":true,\"valueName\":\"search_term_string\"}}],\"inLanguage\":\"es\"},{\"@type\":\"Organization\",\"@id\":\"https:\/\/dev6.erresse-shop.it\/#organization\",\"name\":\"Erresse Shop\",\"url\":\"https:\/\/dev6.erresse-shop.it\/\",\"logo\":{\"@type\":\"ImageObject\",\"inLanguage\":\"es\",\"@id\":\"https:\/\/dev6.erresse-shop.it\/#\/schema\/logo\/image\/\",\"url\":\"https:\/\/dev6.erresse-shop.it\/wp-content\/uploads\/2025\/01\/LOGO-ERRESSE-CLASSICO.svg\",\"contentUrl\":\"https:\/\/dev6.erresse-shop.it\/wp-content\/uploads\/2025\/01\/LOGO-ERRESSE-CLASSICO.svg\",\"caption\":\"Erresse Shop\"},\"image\":{\"@id\":\"https:\/\/dev6.erresse-shop.it\/#\/schema\/logo\/image\/\"}}]}<\/script>\n<!-- \/ Yoast SEO plugin. -->","yoast_head_json":{"title":"RIEDEL &#8220;O&#8221; Set 6 Vasos Nuevo Mundo Pinot Noir - dev6 Erresse","description":"La copa Nuevo Mundo Pinot Noir es perfecta para equilibrar la fragilidad y el car\u00e1cter de fruta fresca de los vinos del Nuevo Mundo, de cuerpo ligero.","robots":{"index":"noindex","follow":"follow","max-snippet":"max-snippet:-1","max-image-preview":"max-image-preview:large","max-video-preview":"max-video-preview:-1"},"og_locale":"es_ES","og_type":"article","og_title":"RIEDEL &#8220;O&#8221; Set 6 Vasos Nuevo Mundo Pinot Noir - dev6 Erresse","og_description":"La copa Nuevo Mundo Pinot Noir es perfecta para equilibrar la fragilidad y el car\u00e1cter de fruta fresca de los vinos del Nuevo Mundo, de cuerpo ligero.","og_url":"https:\/\/dev6.erresse-shop.it\/es\/shop\/tabla\/vasos\/riedel-o-set-6-vasos-nuevo-mundo-pinot-noir\/","og_site_name":"dev6 Erresse","og_image":[{"url":"https:\/\/interpim.erresse-shop.it\/img-catalogo\/riedel\/riedel-o-set-6-bicchieri-nuovo-mondo-pinot-nero.jpg","type":"","width":"","height":""},{"url":"https:\/\/interpim.erresse-shop.it\/img-catalogo\/riedel\/riedel-o-set-6-bicchieri-nuovo-mondo-pinot-nero.jpg","width":1024,"height":1024,"type":"image\/jpeg"}],"twitter_card":"summary_large_image","twitter_image":"https:\/\/interpim.erresse-shop.it\/img-catalogo\/riedel\/riedel-o-set-6-bicchieri-nuovo-mondo-pinot-nero.jpg","schema":{"@context":"https:\/\/schema.org","@graph":[{"@type":"WebPage","@id":"https:\/\/dev6.erresse-shop.it\/es\/shop\/tabla\/vasos\/riedel-o-set-6-vasos-nuevo-mundo-pinot-noir\/","url":"https:\/\/dev6.erresse-shop.it\/es\/shop\/tabla\/vasos\/riedel-o-set-6-vasos-nuevo-mundo-pinot-noir\/","name":"RIEDEL &#8220;O&#8221; Set 6 Vasos Nuevo Mundo Pinot Noir - dev6 Erresse","isPartOf":{"@id":"https:\/\/dev6.erresse-shop.it\/#website"},"primaryImageOfPage":{"@id":"https:\/\/dev6.erresse-shop.it\/es\/shop\/tabla\/vasos\/riedel-o-set-6-vasos-nuevo-mundo-pinot-noir\/#primaryimage"},"image":{"@id":"https:\/\/dev6.erresse-shop.it\/es\/shop\/tabla\/vasos\/riedel-o-set-6-vasos-nuevo-mundo-pinot-noir\/#primaryimage"},"thumbnailUrl":"https:\/\/i0.wp.com\/interpim.erresse-shop.it\/img-catalogo\/riedel\/riedel-o-set-6-bicchieri-nuovo-mondo-pinot-nero.jpg?ssl=1","datePublished":"2026-04-12T07:35:04+00:00","description":"La copa Nuevo Mundo Pinot Noir es perfecta para equilibrar la fragilidad y el car\u00e1cter de fruta fresca de los vinos del Nuevo Mundo, de cuerpo ligero.","breadcrumb":{"@id":"https:\/\/dev6.erresse-shop.it\/es\/shop\/tabla\/vasos\/riedel-o-set-6-vasos-nuevo-mundo-pinot-noir\/#breadcrumb"},"inLanguage":"es","potentialAction":[{"@type":"ReadAction","target":["https:\/\/dev6.erresse-shop.it\/es\/shop\/tabla\/vasos\/riedel-o-set-6-vasos-nuevo-mundo-pinot-noir\/"]}]},{"@type":"ImageObject","inLanguage":"es","@id":"https:\/\/dev6.erresse-shop.it\/es\/shop\/tabla\/vasos\/riedel-o-set-6-vasos-nuevo-mundo-pinot-noir\/#primaryimage","url":"https:\/\/i0.wp.com\/interpim.erresse-shop.it\/img-catalogo\/riedel\/riedel-o-set-6-bicchieri-nuovo-mondo-pinot-nero.jpg?ssl=1","contentUrl":"https:\/\/i0.wp.com\/interpim.erresse-shop.it\/img-catalogo\/riedel\/riedel-o-set-6-bicchieri-nuovo-mondo-pinot-nero.jpg?ssl=1"},{"@type":"BreadcrumbList","@id":"https:\/\/dev6.erresse-shop.it\/es\/shop\/tabla\/vasos\/riedel-o-set-6-vasos-nuevo-mundo-pinot-noir\/#breadcrumb","itemListElement":[{"@type":"ListItem","position":1,"name":"Home","item":"https:\/\/dev6.erresse-shop.it\/"},{"@type":"ListItem","position":2,"name":"Tienda","item":"https:\/\/dev6.erresse-shop.it\/shop\/"},{"@type":"ListItem","position":3,"name":"RIEDEL &#8220;O&#8221; Set 6 Vasos Nuevo Mundo Pinot Noir"}]},{"@type":"WebSite","@id":"https:\/\/dev6.erresse-shop.it\/#website","url":"https:\/\/dev6.erresse-shop.it\/","name":"Erresse Shop","description":"","publisher":{"@id":"https:\/\/dev6.erresse-shop.it\/#organization"},"potentialAction":[{"@type":"SearchAction","target":{"@type":"EntryPoint","urlTemplate":"https:\/\/dev6.erresse-shop.it\/?s={search_term_string}"},"query-input":{"@type":"PropertyValueSpecification","valueRequired":true,"valueName":"search_term_string"}}],"inLanguage":"es"},{"@type":"Organization","@id":"https:\/\/dev6.erresse-shop.it\/#organization","name":"Erresse Shop","url":"https:\/\/dev6.erresse-shop.it\/","logo":{"@type":"ImageObject","inLanguage":"es","@id":"https:\/\/dev6.erresse-shop.it\/#\/schema\/logo\/image\/","url":"https:\/\/dev6.erresse-shop.it\/wp-content\/uploads\/2025\/01\/LOGO-ERRESSE-CLASSICO.svg","contentUrl":"https:\/\/dev6.erresse-shop.it\/wp-content\/uploads\/2025\/01\/LOGO-ERRESSE-CLASSICO.svg","caption":"Erresse Shop"},"image":{"@id":"https:\/\/dev6.erresse-shop.it\/#\/schema\/logo\/image\/"}}]}},"df_price":109.95,"df_sale_price":109.95,"df_regular_price":149.4,"df_image_link":"https:\/\/i0.wp.com\/interpim.erresse-shop.it\/img-catalogo\/riedel\/riedel-o-set-6-bicchieri-nuovo-mondo-pinot-nero.jpg?resize=300,300&ssl=1","fifu_image_url":"https:\/\/interpim.erresse-shop.it\/img-catalogo\/riedel\/riedel-o-set-6-bicchieri-nuovo-mondo-pinot-nero.jpg","_links":{"self":[{"href":"https:\/\/dev6.erresse-shop.it\/es\/wp-json\/wp\/v2\/product\/1879364","targetHints":{"allow":["GET"]}}],"collection":[{"href":"https:\/\/dev6.erresse-shop.it\/es\/wp-json\/wp\/v2\/product"}],"about":[{"href":"https:\/\/dev6.erresse-shop.it\/es\/wp-json\/wp\/v2\/types\/product"}],"wp:featuredmedia":[{"embeddable":true,"href":"https:\/\/dev6.erresse-shop.it\/es\/wp-json\/wp\/v2\/media\/6361744"}],"wp:attachment":[{"href":"https:\/\/dev6.erresse-shop.it\/es\/wp-json\/wp\/v2\/media?parent=1879364"}],"wp:term":[{"taxonomy":"product_cat","embeddable":true,"href":"https:\/\/dev6.erresse-shop.it\/es\/wp-json\/wp\/v2\/product_cat?post=1879364"},{"taxonomy":"product_tag","embeddable":true,"href":"https:\/\/dev6.erresse-shop.it\/es\/wp-json\/wp\/v2\/product_tag?post=1879364"}],"curies":[{"name":"wp","href":"https:\/\/api.w.org\/{rel}","templated":true}]}}