{"id":1879340,"date":"2026-04-04T09:33:08","date_gmt":"2026-04-04T07:33:08","guid":{"rendered":"https:\/\/dev6.erresse-shop.it\/shop\/sin%20categor\u00eda\/riedel-veritas-set-2-copas-de-chardonnay-barrique\/"},"modified":"2025-07-04T22:19:52","modified_gmt":"2025-07-04T20:19:52","slug":"riedel-veritas-set-2-copas-de-chardonnay-barrique","status":"publish","type":"product","link":"https:\/\/dev6.erresse-shop.it\/es\/shop\/tabla\/vino\/calices\/riedel-veritas-set-2-copas-de-chardonnay-barrique\/","title":{"rendered":"RIEDEL Veritas Set 2 Copas de Chardonnay Barrique"},"content":{"rendered":"<p>La revolucionaria serie RIEDEL Veritas debut\u00f3 en 2014, marcando una vez m\u00e1s la pauta en la producci\u00f3n de vidrio. Georg J. Riedel, perteneciente a la d\u00e9cima generaci\u00f3n de la familia, encarg\u00f3 a los expertos de renombre mundial de la marca la creaci\u00f3n de una serie que fuera impresionante en apariencia, un placer en la mano y competitiva en precio. Y lo han conseguido con creces, creando una colecci\u00f3n de copas de vino para el siglo XXI.<\/p>\n<p>La copa Chardonnay para vinos Chardonnay envejecidos en barrica es perfecta para realzar la intensidad de los vinos blancos con cuerpo y sus diferentes niveles de aromas. El gran tama\u00f1o del vaso, amplio y abierto, permite que el rico bouquet exprese su maravillosa variedad de aromas, resaltando la finura y minimizando el riesgo de que los vinos blancos m\u00e1s elaborados se vuelvan demasiado concentrados.<\/p>\n<p>Fabricada a m\u00e1quina y apta para lavavajillas.<br \/>\nEl paquete contiene 2 piezas.<\/p>\n<p>Volumen: 655,0 cm<br \/>\nAltura: 217,0 mm<\/p>\n","protected":false},"excerpt":{"rendered":"<p>La revolucionaria serie RIEDEL Veritas debut\u00f3 en 2014, marcando una vez m\u00e1s la pauta en la producci\u00f3n de vidrio. Georg J. Riedel, perteneciente a la d\u00e9cima generaci\u00f3n de la familia, encarg\u00f3 a los expertos de renombre mundial de la marca la creaci\u00f3n de una serie que fuera impresionante en apariencia, un placer en la mano [&hellip;]<\/p>\n","protected":false},"featured_media":6278313,"template":"","meta":{"_acf_changed":false},"product_cat":[11970,11961],"product_tag":[],"class_list":{"0":"post-1879340","1":"product","2":"type-product","3":"status-publish","4":"has-post-thumbnail","6":"product_cat-calices","7":"product_cat-vino","9":"first","10":"outofstock","11":"sale","12":"taxable","13":"shipping-taxable","14":"purchasable","15":"product-type-simple","swatches":"rey-swatches","show_selected":"","stretch_labels":"rey-swatches--stretch-labels"},"acf":[],"yoast_head":"<!-- This site is optimized with the Yoast SEO plugin v25.4 - https:\/\/yoast.com\/wordpress\/plugins\/seo\/ -->\n<title>RIEDEL Veritas Set 2 Copas de Chardonnay Barrique - dev6 Erresse<\/title>\n<meta name=\"description\" content=\"La revolucionaria serie RIEDEL Veritas debut\u00f3 en 2014, marcando una vez m\u00e1s la pauta en la producci\u00f3n de vidrio. Georg J. Riedel, perteneciente a la\" \/>\n<meta name=\"robots\" content=\"noindex, follow, max-snippet:-1, max-image-preview:large, max-video-preview:-1\" \/>\n<meta property=\"og:locale\" content=\"es_ES\" \/>\n<meta property=\"og:type\" content=\"article\" \/>\n<meta property=\"og:title\" content=\"RIEDEL Veritas Set 2 Copas de Chardonnay Barrique - dev6 Erresse\" \/>\n<meta property=\"og:description\" content=\"La revolucionaria serie RIEDEL Veritas debut\u00f3 en 2014, marcando una vez m\u00e1s la pauta en la producci\u00f3n de vidrio. Georg J. Riedel, perteneciente a la\" \/>\n<meta property=\"og:url\" content=\"https:\/\/dev6.erresse-shop.it\/es\/shop\/tabla\/vino\/calices\/riedel-veritas-set-2-copas-de-chardonnay-barrique\/\" \/>\n<meta property=\"og:site_name\" content=\"dev6 Erresse\" \/>\n<meta property=\"og:image\" content=\"https:\/\/interpim.erresse-shop.it\/img-catalogo\/riedel\/riedel-veritas-set-2-calici-chardonnay-barrique.jpg\" \/><meta property=\"og:image\" content=\"https:\/\/interpim.erresse-shop.it\/img-catalogo\/riedel\/riedel-veritas-set-2-calici-chardonnay-barrique.jpg\" \/>\n\t<meta property=\"og:image:width\" content=\"1024\" \/>\n\t<meta property=\"og:image:height\" content=\"1024\" \/>\n\t<meta property=\"og:image:type\" content=\"image\/jpeg\" \/>\n<meta name=\"twitter:card\" content=\"summary_large_image\" \/>\n<meta name=\"twitter:image\" content=\"https:\/\/interpim.erresse-shop.it\/img-catalogo\/riedel\/riedel-veritas-set-2-calici-chardonnay-barrique.jpg\" \/>\n<script type=\"application\/ld+json\" class=\"yoast-schema-graph\">{\"@context\":\"https:\/\/schema.org\",\"@graph\":[{\"@type\":\"WebPage\",\"@id\":\"https:\/\/dev6.erresse-shop.it\/es\/shop\/tabla\/vino\/calices\/riedel-veritas-set-2-copas-de-chardonnay-barrique\/\",\"url\":\"https:\/\/dev6.erresse-shop.it\/es\/shop\/tabla\/vino\/calices\/riedel-veritas-set-2-copas-de-chardonnay-barrique\/\",\"name\":\"RIEDEL Veritas Set 2 Copas de Chardonnay Barrique - dev6 Erresse\",\"isPartOf\":{\"@id\":\"https:\/\/dev6.erresse-shop.it\/#website\"},\"primaryImageOfPage\":{\"@id\":\"https:\/\/dev6.erresse-shop.it\/es\/shop\/tabla\/vino\/calices\/riedel-veritas-set-2-copas-de-chardonnay-barrique\/#primaryimage\"},\"image\":{\"@id\":\"https:\/\/dev6.erresse-shop.it\/es\/shop\/tabla\/vino\/calices\/riedel-veritas-set-2-copas-de-chardonnay-barrique\/#primaryimage\"},\"thumbnailUrl\":\"https:\/\/i1.wp.com\/interpim.erresse-shop.it\/img-catalogo\/riedel\/riedel-veritas-set-2-calici-chardonnay-barrique.jpg?ssl=1\",\"datePublished\":\"2026-04-04T07:33:08+00:00\",\"description\":\"La revolucionaria serie RIEDEL Veritas debut\u00f3 en 2014, marcando una vez m\u00e1s la pauta en la producci\u00f3n de vidrio. Georg J. Riedel, perteneciente a la\",\"breadcrumb\":{\"@id\":\"https:\/\/dev6.erresse-shop.it\/es\/shop\/tabla\/vino\/calices\/riedel-veritas-set-2-copas-de-chardonnay-barrique\/#breadcrumb\"},\"inLanguage\":\"es\",\"potentialAction\":[{\"@type\":\"ReadAction\",\"target\":[\"https:\/\/dev6.erresse-shop.it\/es\/shop\/tabla\/vino\/calices\/riedel-veritas-set-2-copas-de-chardonnay-barrique\/\"]}]},{\"@type\":\"ImageObject\",\"inLanguage\":\"es\",\"@id\":\"https:\/\/dev6.erresse-shop.it\/es\/shop\/tabla\/vino\/calices\/riedel-veritas-set-2-copas-de-chardonnay-barrique\/#primaryimage\",\"url\":\"https:\/\/i1.wp.com\/interpim.erresse-shop.it\/img-catalogo\/riedel\/riedel-veritas-set-2-calici-chardonnay-barrique.jpg?ssl=1\",\"contentUrl\":\"https:\/\/i1.wp.com\/interpim.erresse-shop.it\/img-catalogo\/riedel\/riedel-veritas-set-2-calici-chardonnay-barrique.jpg?ssl=1\"},{\"@type\":\"BreadcrumbList\",\"@id\":\"https:\/\/dev6.erresse-shop.it\/es\/shop\/tabla\/vino\/calices\/riedel-veritas-set-2-copas-de-chardonnay-barrique\/#breadcrumb\",\"itemListElement\":[{\"@type\":\"ListItem\",\"position\":1,\"name\":\"Home\",\"item\":\"https:\/\/dev6.erresse-shop.it\/\"},{\"@type\":\"ListItem\",\"position\":2,\"name\":\"Tienda\",\"item\":\"https:\/\/dev6.erresse-shop.it\/shop\/\"},{\"@type\":\"ListItem\",\"position\":3,\"name\":\"RIEDEL Veritas Set 2 Copas de Chardonnay Barrique\"}]},{\"@type\":\"WebSite\",\"@id\":\"https:\/\/dev6.erresse-shop.it\/#website\",\"url\":\"https:\/\/dev6.erresse-shop.it\/\",\"name\":\"Erresse Shop\",\"description\":\"\",\"publisher\":{\"@id\":\"https:\/\/dev6.erresse-shop.it\/#organization\"},\"potentialAction\":[{\"@type\":\"SearchAction\",\"target\":{\"@type\":\"EntryPoint\",\"urlTemplate\":\"https:\/\/dev6.erresse-shop.it\/?s={search_term_string}\"},\"query-input\":{\"@type\":\"PropertyValueSpecification\",\"valueRequired\":true,\"valueName\":\"search_term_string\"}}],\"inLanguage\":\"es\"},{\"@type\":\"Organization\",\"@id\":\"https:\/\/dev6.erresse-shop.it\/#organization\",\"name\":\"Erresse Shop\",\"url\":\"https:\/\/dev6.erresse-shop.it\/\",\"logo\":{\"@type\":\"ImageObject\",\"inLanguage\":\"es\",\"@id\":\"https:\/\/dev6.erresse-shop.it\/#\/schema\/logo\/image\/\",\"url\":\"https:\/\/dev6.erresse-shop.it\/wp-content\/uploads\/2025\/01\/LOGO-ERRESSE-CLASSICO.svg\",\"contentUrl\":\"https:\/\/dev6.erresse-shop.it\/wp-content\/uploads\/2025\/01\/LOGO-ERRESSE-CLASSICO.svg\",\"caption\":\"Erresse Shop\"},\"image\":{\"@id\":\"https:\/\/dev6.erresse-shop.it\/#\/schema\/logo\/image\/\"}}]}<\/script>\n<!-- \/ Yoast SEO plugin. -->","yoast_head_json":{"title":"RIEDEL Veritas Set 2 Copas de Chardonnay Barrique - dev6 Erresse","description":"La revolucionaria serie RIEDEL Veritas debut\u00f3 en 2014, marcando una vez m\u00e1s la pauta en la producci\u00f3n de vidrio. Georg J. Riedel, perteneciente a la","robots":{"index":"noindex","follow":"follow","max-snippet":"max-snippet:-1","max-image-preview":"max-image-preview:large","max-video-preview":"max-video-preview:-1"},"og_locale":"es_ES","og_type":"article","og_title":"RIEDEL Veritas Set 2 Copas de Chardonnay Barrique - dev6 Erresse","og_description":"La revolucionaria serie RIEDEL Veritas debut\u00f3 en 2014, marcando una vez m\u00e1s la pauta en la producci\u00f3n de vidrio. Georg J. Riedel, perteneciente a la","og_url":"https:\/\/dev6.erresse-shop.it\/es\/shop\/tabla\/vino\/calices\/riedel-veritas-set-2-copas-de-chardonnay-barrique\/","og_site_name":"dev6 Erresse","og_image":[{"url":"https:\/\/interpim.erresse-shop.it\/img-catalogo\/riedel\/riedel-veritas-set-2-calici-chardonnay-barrique.jpg","type":"","width":"","height":""},{"url":"https:\/\/interpim.erresse-shop.it\/img-catalogo\/riedel\/riedel-veritas-set-2-calici-chardonnay-barrique.jpg","width":1024,"height":1024,"type":"image\/jpeg"}],"twitter_card":"summary_large_image","twitter_image":"https:\/\/interpim.erresse-shop.it\/img-catalogo\/riedel\/riedel-veritas-set-2-calici-chardonnay-barrique.jpg","schema":{"@context":"https:\/\/schema.org","@graph":[{"@type":"WebPage","@id":"https:\/\/dev6.erresse-shop.it\/es\/shop\/tabla\/vino\/calices\/riedel-veritas-set-2-copas-de-chardonnay-barrique\/","url":"https:\/\/dev6.erresse-shop.it\/es\/shop\/tabla\/vino\/calices\/riedel-veritas-set-2-copas-de-chardonnay-barrique\/","name":"RIEDEL Veritas Set 2 Copas de Chardonnay Barrique - dev6 Erresse","isPartOf":{"@id":"https:\/\/dev6.erresse-shop.it\/#website"},"primaryImageOfPage":{"@id":"https:\/\/dev6.erresse-shop.it\/es\/shop\/tabla\/vino\/calices\/riedel-veritas-set-2-copas-de-chardonnay-barrique\/#primaryimage"},"image":{"@id":"https:\/\/dev6.erresse-shop.it\/es\/shop\/tabla\/vino\/calices\/riedel-veritas-set-2-copas-de-chardonnay-barrique\/#primaryimage"},"thumbnailUrl":"https:\/\/i1.wp.com\/interpim.erresse-shop.it\/img-catalogo\/riedel\/riedel-veritas-set-2-calici-chardonnay-barrique.jpg?ssl=1","datePublished":"2026-04-04T07:33:08+00:00","description":"La revolucionaria serie RIEDEL Veritas debut\u00f3 en 2014, marcando una vez m\u00e1s la pauta en la producci\u00f3n de vidrio. Georg J. Riedel, perteneciente a la","breadcrumb":{"@id":"https:\/\/dev6.erresse-shop.it\/es\/shop\/tabla\/vino\/calices\/riedel-veritas-set-2-copas-de-chardonnay-barrique\/#breadcrumb"},"inLanguage":"es","potentialAction":[{"@type":"ReadAction","target":["https:\/\/dev6.erresse-shop.it\/es\/shop\/tabla\/vino\/calices\/riedel-veritas-set-2-copas-de-chardonnay-barrique\/"]}]},{"@type":"ImageObject","inLanguage":"es","@id":"https:\/\/dev6.erresse-shop.it\/es\/shop\/tabla\/vino\/calices\/riedel-veritas-set-2-copas-de-chardonnay-barrique\/#primaryimage","url":"https:\/\/i1.wp.com\/interpim.erresse-shop.it\/img-catalogo\/riedel\/riedel-veritas-set-2-calici-chardonnay-barrique.jpg?ssl=1","contentUrl":"https:\/\/i1.wp.com\/interpim.erresse-shop.it\/img-catalogo\/riedel\/riedel-veritas-set-2-calici-chardonnay-barrique.jpg?ssl=1"},{"@type":"BreadcrumbList","@id":"https:\/\/dev6.erresse-shop.it\/es\/shop\/tabla\/vino\/calices\/riedel-veritas-set-2-copas-de-chardonnay-barrique\/#breadcrumb","itemListElement":[{"@type":"ListItem","position":1,"name":"Home","item":"https:\/\/dev6.erresse-shop.it\/"},{"@type":"ListItem","position":2,"name":"Tienda","item":"https:\/\/dev6.erresse-shop.it\/shop\/"},{"@type":"ListItem","position":3,"name":"RIEDEL Veritas Set 2 Copas de Chardonnay Barrique"}]},{"@type":"WebSite","@id":"https:\/\/dev6.erresse-shop.it\/#website","url":"https:\/\/dev6.erresse-shop.it\/","name":"Erresse Shop","description":"","publisher":{"@id":"https:\/\/dev6.erresse-shop.it\/#organization"},"potentialAction":[{"@type":"SearchAction","target":{"@type":"EntryPoint","urlTemplate":"https:\/\/dev6.erresse-shop.it\/?s={search_term_string}"},"query-input":{"@type":"PropertyValueSpecification","valueRequired":true,"valueName":"search_term_string"}}],"inLanguage":"es"},{"@type":"Organization","@id":"https:\/\/dev6.erresse-shop.it\/#organization","name":"Erresse Shop","url":"https:\/\/dev6.erresse-shop.it\/","logo":{"@type":"ImageObject","inLanguage":"es","@id":"https:\/\/dev6.erresse-shop.it\/#\/schema\/logo\/image\/","url":"https:\/\/dev6.erresse-shop.it\/wp-content\/uploads\/2025\/01\/LOGO-ERRESSE-CLASSICO.svg","contentUrl":"https:\/\/dev6.erresse-shop.it\/wp-content\/uploads\/2025\/01\/LOGO-ERRESSE-CLASSICO.svg","caption":"Erresse Shop"},"image":{"@id":"https:\/\/dev6.erresse-shop.it\/#\/schema\/logo\/image\/"}}]}},"df_price":54.95,"df_sale_price":54.95,"df_regular_price":59,"df_image_link":"https:\/\/i1.wp.com\/interpim.erresse-shop.it\/img-catalogo\/riedel\/riedel-veritas-set-2-calici-chardonnay-barrique.jpg?resize=300,300&ssl=1","fifu_image_url":"https:\/\/interpim.erresse-shop.it\/img-catalogo\/riedel\/riedel-veritas-set-2-calici-chardonnay-barrique.jpg","_links":{"self":[{"href":"https:\/\/dev6.erresse-shop.it\/es\/wp-json\/wp\/v2\/product\/1879340","targetHints":{"allow":["GET"]}}],"collection":[{"href":"https:\/\/dev6.erresse-shop.it\/es\/wp-json\/wp\/v2\/product"}],"about":[{"href":"https:\/\/dev6.erresse-shop.it\/es\/wp-json\/wp\/v2\/types\/product"}],"wp:featuredmedia":[{"embeddable":true,"href":"https:\/\/dev6.erresse-shop.it\/es\/wp-json\/wp\/v2\/media\/6278313"}],"wp:attachment":[{"href":"https:\/\/dev6.erresse-shop.it\/es\/wp-json\/wp\/v2\/media?parent=1879340"}],"wp:term":[{"taxonomy":"product_cat","embeddable":true,"href":"https:\/\/dev6.erresse-shop.it\/es\/wp-json\/wp\/v2\/product_cat?post=1879340"},{"taxonomy":"product_tag","embeddable":true,"href":"https:\/\/dev6.erresse-shop.it\/es\/wp-json\/wp\/v2\/product_tag?post=1879340"}],"curies":[{"name":"wp","href":"https:\/\/api.w.org\/{rel}","templated":true}]}}