{"id":1879316,"date":"2026-04-12T09:33:33","date_gmt":"2026-04-12T07:33:33","guid":{"rendered":"https:\/\/dev6.erresse-shop.it\/shop\/sin%20categor\u00eda\/riedel-black-tie-decantador\/"},"modified":"2025-09-14T08:21:07","modified_gmt":"2025-09-14T06:21:07","slug":"riedel-black-tie-decantador","status":"publish","type":"product","link":"https:\/\/dev6.erresse-shop.it\/es\/shop\/tabla\/vino\/decantadores\/riedel-black-tie-decantador\/","title":{"rendered":"RIEDEL Black Tie Decantador"},"content":{"rendered":"<p>RIEDEL ofrece una amplia gama de elegantes decantadores de vidrio soplado que se adaptan a todos los estilos de vida. Un decantador es un art\u00edculo imprescindible para cualquier amante del vino, y todos los decantadores RIEDEL est\u00e1n hechos de cristal fino para dar a los vinos de calidad el tratamiento que se merecen. Tanto los vinos a\u00f1ejos como los j\u00f3venes pueden beneficiarse de la decantaci\u00f3n, ya sea para eliminar sedimentos o para hacerlos m\u00e1s suaves y redondos.<\/p>\n<p>Cl\u00e1sico, curvado e indispensable para la degustaci\u00f3n del vino, el decantador Black Tie de RIEDEL convierte la decantaci\u00f3n en un placer.<\/p>\n<p>El decantador Black Tie est\u00e1 fabricado en vidrio soplado moldeado por los expertos de RIEDEL sin moldes, por lo que cada pieza es \u00fanica. Presenta una franja negra obtenida insertando una barra de cristal negro en el vidrio fundido antes de terminar de moldearlo; se asemeja a un smoking y se extiende con gracia de un extremo al otro.<\/p>\n<p>El vino se decanta verti\u00e9ndolo dentro y fuera de la abertura m\u00e1s grande, mientras que la m\u00e1s peque\u00f1a es puramente est\u00e9tica.<\/p>\n<p>Hecho a mano. Lavado exclusivamente a mano.<\/p>\n<p>Nuestros maestros vidrieros elaboran a mano cada art\u00edculo, de modo que cada pieza posee un car\u00e1cter \u00fanico. Debido a la naturaleza del proceso de fabricaci\u00f3n, puede haber peque\u00f1as diferencias en el tama\u00f1o y el peso de cada art\u00edculo, burbujas, imperfecciones o ligeras variaciones en la superficie.<\/p>\n<p>Volumen: 1955,0 ccm<br \/>\nAltura: 420,0 mm<\/p>\n","protected":false},"excerpt":{"rendered":"<p>RIEDEL ofrece una amplia gama de elegantes decantadores de vidrio soplado que se adaptan a todos los estilos de vida. Un decantador es un art\u00edculo imprescindible para cualquier amante del vino, y todos los decantadores RIEDEL est\u00e1n hechos de cristal fino para dar a los vinos de calidad el tratamiento que se merecen. Tanto los [&hellip;]<\/p>\n","protected":false},"featured_media":6361456,"template":"","meta":{"_acf_changed":false},"product_cat":[11975,11887,11961],"product_tag":[],"class_list":{"0":"post-1879316","1":"product","2":"type-product","3":"status-publish","4":"has-post-thumbnail","6":"product_cat-decantadores","7":"product_cat-tabla","8":"product_cat-vino","10":"first","11":"outofstock","12":"sale","13":"taxable","14":"shipping-taxable","15":"purchasable","16":"product-type-simple","swatches":"rey-swatches","show_selected":"","stretch_labels":"rey-swatches--stretch-labels"},"acf":[],"yoast_head":"<!-- This site is optimized with the Yoast SEO plugin v25.4 - https:\/\/yoast.com\/wordpress\/plugins\/seo\/ -->\n<title>RIEDEL Black Tie Decantador - dev6 Erresse<\/title>\n<meta name=\"description\" content=\"RIEDEL ofrece una amplia gama de elegantes decantadores de vidrio soplado que se adaptan a todos los estilos de vida. Un decantador es un art\u00edculo\" \/>\n<meta name=\"robots\" content=\"noindex, follow, max-snippet:-1, max-image-preview:large, max-video-preview:-1\" \/>\n<meta property=\"og:locale\" content=\"es_ES\" \/>\n<meta property=\"og:type\" content=\"article\" \/>\n<meta property=\"og:title\" content=\"RIEDEL Black Tie Decantador - dev6 Erresse\" \/>\n<meta property=\"og:description\" content=\"RIEDEL ofrece una amplia gama de elegantes decantadores de vidrio soplado que se adaptan a todos los estilos de vida. Un decantador es un art\u00edculo\" \/>\n<meta property=\"og:url\" content=\"https:\/\/dev6.erresse-shop.it\/es\/shop\/tabla\/vino\/decantadores\/riedel-black-tie-decantador\/\" \/>\n<meta property=\"og:site_name\" content=\"dev6 Erresse\" \/>\n<meta property=\"og:image\" content=\"https:\/\/interpim.erresse-shop.it\/Import\/Prodotti\/riedel-black-tie-decanter.jpg\" \/><meta property=\"og:image\" content=\"https:\/\/interpim.erresse-shop.it\/Import\/Prodotti\/riedel-black-tie-decanter.jpg\" \/>\n\t<meta property=\"og:image:width\" content=\"1024\" \/>\n\t<meta property=\"og:image:height\" content=\"1024\" \/>\n\t<meta property=\"og:image:type\" content=\"image\/jpeg\" \/>\n<meta name=\"twitter:card\" content=\"summary_large_image\" \/>\n<meta name=\"twitter:image\" content=\"https:\/\/interpim.erresse-shop.it\/Import\/Prodotti\/riedel-black-tie-decanter.jpg\" \/>\n<script type=\"application\/ld+json\" class=\"yoast-schema-graph\">{\"@context\":\"https:\/\/schema.org\",\"@graph\":[{\"@type\":\"WebPage\",\"@id\":\"https:\/\/dev6.erresse-shop.it\/es\/shop\/tabla\/vino\/decantadores\/riedel-black-tie-decantador\/\",\"url\":\"https:\/\/dev6.erresse-shop.it\/es\/shop\/tabla\/vino\/decantadores\/riedel-black-tie-decantador\/\",\"name\":\"RIEDEL Black Tie Decantador - dev6 Erresse\",\"isPartOf\":{\"@id\":\"https:\/\/dev6.erresse-shop.it\/#website\"},\"primaryImageOfPage\":{\"@id\":\"https:\/\/dev6.erresse-shop.it\/es\/shop\/tabla\/vino\/decantadores\/riedel-black-tie-decantador\/#primaryimage\"},\"image\":{\"@id\":\"https:\/\/dev6.erresse-shop.it\/es\/shop\/tabla\/vino\/decantadores\/riedel-black-tie-decantador\/#primaryimage\"},\"thumbnailUrl\":\"https:\/\/i1.wp.com\/interpim.erresse-shop.it\/Import\/Prodotti\/riedel-black-tie-decanter.jpg?ssl=1\",\"datePublished\":\"2026-04-12T07:33:33+00:00\",\"description\":\"RIEDEL ofrece una amplia gama de elegantes decantadores de vidrio soplado que se adaptan a todos los estilos de vida. Un decantador es un art\u00edculo\",\"breadcrumb\":{\"@id\":\"https:\/\/dev6.erresse-shop.it\/es\/shop\/tabla\/vino\/decantadores\/riedel-black-tie-decantador\/#breadcrumb\"},\"inLanguage\":\"es\",\"potentialAction\":[{\"@type\":\"ReadAction\",\"target\":[\"https:\/\/dev6.erresse-shop.it\/es\/shop\/tabla\/vino\/decantadores\/riedel-black-tie-decantador\/\"]}]},{\"@type\":\"ImageObject\",\"inLanguage\":\"es\",\"@id\":\"https:\/\/dev6.erresse-shop.it\/es\/shop\/tabla\/vino\/decantadores\/riedel-black-tie-decantador\/#primaryimage\",\"url\":\"https:\/\/i1.wp.com\/interpim.erresse-shop.it\/Import\/Prodotti\/riedel-black-tie-decanter.jpg?ssl=1\",\"contentUrl\":\"https:\/\/i1.wp.com\/interpim.erresse-shop.it\/Import\/Prodotti\/riedel-black-tie-decanter.jpg?ssl=1\"},{\"@type\":\"BreadcrumbList\",\"@id\":\"https:\/\/dev6.erresse-shop.it\/es\/shop\/tabla\/vino\/decantadores\/riedel-black-tie-decantador\/#breadcrumb\",\"itemListElement\":[{\"@type\":\"ListItem\",\"position\":1,\"name\":\"Home\",\"item\":\"https:\/\/dev6.erresse-shop.it\/\"},{\"@type\":\"ListItem\",\"position\":2,\"name\":\"Tienda\",\"item\":\"https:\/\/dev6.erresse-shop.it\/shop\/\"},{\"@type\":\"ListItem\",\"position\":3,\"name\":\"RIEDEL Black Tie Decantador\"}]},{\"@type\":\"WebSite\",\"@id\":\"https:\/\/dev6.erresse-shop.it\/#website\",\"url\":\"https:\/\/dev6.erresse-shop.it\/\",\"name\":\"Erresse Shop\",\"description\":\"\",\"publisher\":{\"@id\":\"https:\/\/dev6.erresse-shop.it\/#organization\"},\"potentialAction\":[{\"@type\":\"SearchAction\",\"target\":{\"@type\":\"EntryPoint\",\"urlTemplate\":\"https:\/\/dev6.erresse-shop.it\/?s={search_term_string}\"},\"query-input\":{\"@type\":\"PropertyValueSpecification\",\"valueRequired\":true,\"valueName\":\"search_term_string\"}}],\"inLanguage\":\"es\"},{\"@type\":\"Organization\",\"@id\":\"https:\/\/dev6.erresse-shop.it\/#organization\",\"name\":\"Erresse Shop\",\"url\":\"https:\/\/dev6.erresse-shop.it\/\",\"logo\":{\"@type\":\"ImageObject\",\"inLanguage\":\"es\",\"@id\":\"https:\/\/dev6.erresse-shop.it\/#\/schema\/logo\/image\/\",\"url\":\"https:\/\/dev6.erresse-shop.it\/wp-content\/uploads\/2025\/01\/LOGO-ERRESSE-CLASSICO.svg\",\"contentUrl\":\"https:\/\/dev6.erresse-shop.it\/wp-content\/uploads\/2025\/01\/LOGO-ERRESSE-CLASSICO.svg\",\"caption\":\"Erresse Shop\"},\"image\":{\"@id\":\"https:\/\/dev6.erresse-shop.it\/#\/schema\/logo\/image\/\"}}]}<\/script>\n<!-- \/ Yoast SEO plugin. -->","yoast_head_json":{"title":"RIEDEL Black Tie Decantador - dev6 Erresse","description":"RIEDEL ofrece una amplia gama de elegantes decantadores de vidrio soplado que se adaptan a todos los estilos de vida. Un decantador es un art\u00edculo","robots":{"index":"noindex","follow":"follow","max-snippet":"max-snippet:-1","max-image-preview":"max-image-preview:large","max-video-preview":"max-video-preview:-1"},"og_locale":"es_ES","og_type":"article","og_title":"RIEDEL Black Tie Decantador - dev6 Erresse","og_description":"RIEDEL ofrece una amplia gama de elegantes decantadores de vidrio soplado que se adaptan a todos los estilos de vida. Un decantador es un art\u00edculo","og_url":"https:\/\/dev6.erresse-shop.it\/es\/shop\/tabla\/vino\/decantadores\/riedel-black-tie-decantador\/","og_site_name":"dev6 Erresse","og_image":[{"url":"https:\/\/interpim.erresse-shop.it\/Import\/Prodotti\/riedel-black-tie-decanter.jpg","type":"","width":"","height":""},{"url":"https:\/\/interpim.erresse-shop.it\/Import\/Prodotti\/riedel-black-tie-decanter.jpg","width":1024,"height":1024,"type":"image\/jpeg"}],"twitter_card":"summary_large_image","twitter_image":"https:\/\/interpim.erresse-shop.it\/Import\/Prodotti\/riedel-black-tie-decanter.jpg","schema":{"@context":"https:\/\/schema.org","@graph":[{"@type":"WebPage","@id":"https:\/\/dev6.erresse-shop.it\/es\/shop\/tabla\/vino\/decantadores\/riedel-black-tie-decantador\/","url":"https:\/\/dev6.erresse-shop.it\/es\/shop\/tabla\/vino\/decantadores\/riedel-black-tie-decantador\/","name":"RIEDEL Black Tie Decantador - dev6 Erresse","isPartOf":{"@id":"https:\/\/dev6.erresse-shop.it\/#website"},"primaryImageOfPage":{"@id":"https:\/\/dev6.erresse-shop.it\/es\/shop\/tabla\/vino\/decantadores\/riedel-black-tie-decantador\/#primaryimage"},"image":{"@id":"https:\/\/dev6.erresse-shop.it\/es\/shop\/tabla\/vino\/decantadores\/riedel-black-tie-decantador\/#primaryimage"},"thumbnailUrl":"https:\/\/i1.wp.com\/interpim.erresse-shop.it\/Import\/Prodotti\/riedel-black-tie-decanter.jpg?ssl=1","datePublished":"2026-04-12T07:33:33+00:00","description":"RIEDEL ofrece una amplia gama de elegantes decantadores de vidrio soplado que se adaptan a todos los estilos de vida. Un decantador es un art\u00edculo","breadcrumb":{"@id":"https:\/\/dev6.erresse-shop.it\/es\/shop\/tabla\/vino\/decantadores\/riedel-black-tie-decantador\/#breadcrumb"},"inLanguage":"es","potentialAction":[{"@type":"ReadAction","target":["https:\/\/dev6.erresse-shop.it\/es\/shop\/tabla\/vino\/decantadores\/riedel-black-tie-decantador\/"]}]},{"@type":"ImageObject","inLanguage":"es","@id":"https:\/\/dev6.erresse-shop.it\/es\/shop\/tabla\/vino\/decantadores\/riedel-black-tie-decantador\/#primaryimage","url":"https:\/\/i1.wp.com\/interpim.erresse-shop.it\/Import\/Prodotti\/riedel-black-tie-decanter.jpg?ssl=1","contentUrl":"https:\/\/i1.wp.com\/interpim.erresse-shop.it\/Import\/Prodotti\/riedel-black-tie-decanter.jpg?ssl=1"},{"@type":"BreadcrumbList","@id":"https:\/\/dev6.erresse-shop.it\/es\/shop\/tabla\/vino\/decantadores\/riedel-black-tie-decantador\/#breadcrumb","itemListElement":[{"@type":"ListItem","position":1,"name":"Home","item":"https:\/\/dev6.erresse-shop.it\/"},{"@type":"ListItem","position":2,"name":"Tienda","item":"https:\/\/dev6.erresse-shop.it\/shop\/"},{"@type":"ListItem","position":3,"name":"RIEDEL Black Tie Decantador"}]},{"@type":"WebSite","@id":"https:\/\/dev6.erresse-shop.it\/#website","url":"https:\/\/dev6.erresse-shop.it\/","name":"Erresse Shop","description":"","publisher":{"@id":"https:\/\/dev6.erresse-shop.it\/#organization"},"potentialAction":[{"@type":"SearchAction","target":{"@type":"EntryPoint","urlTemplate":"https:\/\/dev6.erresse-shop.it\/?s={search_term_string}"},"query-input":{"@type":"PropertyValueSpecification","valueRequired":true,"valueName":"search_term_string"}}],"inLanguage":"es"},{"@type":"Organization","@id":"https:\/\/dev6.erresse-shop.it\/#organization","name":"Erresse Shop","url":"https:\/\/dev6.erresse-shop.it\/","logo":{"@type":"ImageObject","inLanguage":"es","@id":"https:\/\/dev6.erresse-shop.it\/#\/schema\/logo\/image\/","url":"https:\/\/dev6.erresse-shop.it\/wp-content\/uploads\/2025\/01\/LOGO-ERRESSE-CLASSICO.svg","contentUrl":"https:\/\/dev6.erresse-shop.it\/wp-content\/uploads\/2025\/01\/LOGO-ERRESSE-CLASSICO.svg","caption":"Erresse Shop"},"image":{"@id":"https:\/\/dev6.erresse-shop.it\/#\/schema\/logo\/image\/"}}]}},"df_price":299.95,"df_sale_price":299.95,"df_regular_price":375,"df_image_link":"https:\/\/i1.wp.com\/interpim.erresse-shop.it\/Import\/Prodotti\/riedel-black-tie-decanter.jpg?resize=300,300&ssl=1","fifu_image_url":"https:\/\/interpim.erresse-shop.it\/Import\/Prodotti\/riedel-black-tie-decanter.jpg","_links":{"self":[{"href":"https:\/\/dev6.erresse-shop.it\/es\/wp-json\/wp\/v2\/product\/1879316","targetHints":{"allow":["GET"]}}],"collection":[{"href":"https:\/\/dev6.erresse-shop.it\/es\/wp-json\/wp\/v2\/product"}],"about":[{"href":"https:\/\/dev6.erresse-shop.it\/es\/wp-json\/wp\/v2\/types\/product"}],"wp:featuredmedia":[{"embeddable":true,"href":"https:\/\/dev6.erresse-shop.it\/es\/wp-json\/wp\/v2\/media\/6361456"}],"wp:attachment":[{"href":"https:\/\/dev6.erresse-shop.it\/es\/wp-json\/wp\/v2\/media?parent=1879316"}],"wp:term":[{"taxonomy":"product_cat","embeddable":true,"href":"https:\/\/dev6.erresse-shop.it\/es\/wp-json\/wp\/v2\/product_cat?post=1879316"},{"taxonomy":"product_tag","embeddable":true,"href":"https:\/\/dev6.erresse-shop.it\/es\/wp-json\/wp\/v2\/product_tag?post=1879316"}],"curies":[{"name":"wp","href":"https:\/\/api.w.org\/{rel}","templated":true}]}}